{"id":6723,"date":"2021-08-12T17:56:19","date_gmt":"2021-08-12T17:56:19","guid":{"rendered":"https:\/\/bozita.com\/pl\/nagly-strach-psa\/"},"modified":"2022-09-29T07:12:37","modified_gmt":"2022-09-29T07:12:37","slug":"nagly-strach-psa","status":"publish","type":"page","link":"https:\/\/bozita.com\/pl\/zycie-z-psem\/rozwoj-psa\/nagly-strach-psa\/","title":{"rendered":"Czy tw\u00f3j pies nagle reaguje strachem?"},"content":{"rendered":"\t\t<section class=\"small-hero\">\n\t\t\t<div class=\"container\">\n\t\t\t\t<h1 class=\"small-hero-title\">CZY TW\u00d3J PIES NAGLE REAGUJE STRACHEM W CODZIENNYCH SYTUACJACH? BY\u0106 MO\u017bE WKROCZY\u0141 W OKRES L\u0118KLIWO\u015aCI<\/h1>\t\t\t<\/div>\n\t\t\t<\/div>\n\t\t<\/section>\n\t\n\n\t<div class=\"text-box-warp\">\n\t\t<div class=\"container\">\n\t\t\t<div class=\"text-content\">\n\t\t\t\t<p><strong>Je\u015bli Tw\u00f3j szczeniak w\u00a0wieku oko\u0142o 5 miesi\u0119cy nagle zaczyna ba\u0107 si\u0119 rzeczy, kt\u00f3re wcze\u015bniej zupe\u0142nie mu nie przeszkadza\u0142y, mo\u017ce by\u0107 to spowodowane wkroczeniem przez niego w\u00a0okres l\u0119kliwo\u015bci. Pojawia si\u0119 on wraz ze zbli\u017caj\u0105cym si\u0119 okresem dojrzewania i\u00a0osi\u0105gania dojrza\u0142o\u015bci p\u0142ciowej, cho\u0107 trwa nieco kr\u00f3cej. Odpowiednia wiedza pozwoli Ci przeprowadzi\u0107 swojego pupila przez ten trudny etap i\u00a0nauczy\u0107 go w\u0142a\u015bciwego zachowania w\u00a0przysz\u0142o\u015bci.<\/strong><\/p>\n<h2>POCZ\u0104TEK OKRESU L\u0118KLIWO\u015aCI U PS\u00d3W<\/h2>\n<p>Okres wzmo\u017conej strachliwo\u015bci pojawia si\u0119 u\u00a0ps\u00f3w w\u00a0wieku 5\u20137 miesi\u0119cy, na granicy etapu szczeni\u0119cego i\u00a0\u201enastoletniego\u201d \u2013 w\u00a0tym samym czasie co okres dojrzewania p\u0142ciowego. Rozpocz\u0119cie dojrzewania p\u0142ciowego wi\u0105\u017ce si\u0119 z\u00a0og\u00f3lnym chaosem w\u00a0m\u00f3zgu psiaka spowodowanym zmianami hormonalnymi (poziomy estrogenu i\u00a0testosteronu wzrastaj\u0105 i\u00a0ulegaj\u0105 wahaniom). Psy cz\u0119sto staj\u0105 si\u0119 mniej towarzyskie i\u00a0przyjmuj\u0105 wrog\u0105 postaw\u0119 wobec innych osobnik\u00f3w swojego gatunku.<\/p>\n<p><strong>Czytaj dalej<\/strong><\/p>\n<ul>\n<li><a href=\"https:\/\/bozita.com\/pl\/zycie-z-psem\/rozwoj-psa\/rozwoj-psa-od-okresu-szczeniecego-do-doroslosci\/\">Okres szczeni\u0119cy<\/a><\/li>\n<li><a href=\"https:\/\/bozita.com\/pl\/zycie-z-psem\/rozwoj-psa\/rozwoj-psa-od-okresu-szczeniecego-do-doroslosci\/\">Okres nastoletni u\u00a0psa<\/a><\/li>\n<\/ul>\n<h2>NAG\u0141Y STRACH PSA<\/h2>\n<p>Okres l\u0119kliwo\u015bci u\u00a0dorastaj\u0105cego psa mo\u017ce przejawia\u0107 si\u0119 nag\u0142ym i\u00a0niewyt\u0142umaczalnym strachem przed rzeczami i\u00a0zjawiskami, kt\u00f3re wcze\u015bniej nie stanowi\u0142y \u017cadnego problemu, takimi jak na przyk\u0142ad kosz na \u015bmieci czy szeleszcz\u0105ce li\u015bcie. Inne psy mog\u0105 wydawa\u0107 si\u0119 nagle zagro\u017ceniem dla ca\u0142ego stada. Mo\u017ce zdarzy\u0107 si\u0119, \u017ce pies przestanie Ci\u0119 s\u0142ucha\u0107 i\u00a0zacznie udawa\u0107, \u017ce nie s\u0142yszy wydawanych przez Ciebie komend.<\/p>\n<p>Istniej\u0105 teorie, wed\u0142ug kt\u00f3rych okres l\u0119kliwo\u015bci u\u00a0ps\u00f3w jest pozosta\u0142o\u015bci\u0105 z\u00a0czas\u00f3w, kiedy zwierz\u0119ta te \u017cy\u0142y dziko, w\u00a0stadach. Kiedy doros\u0142e samce udawa\u0142y si\u0119 na samodzielne wyprawy bez swojej watahy, musia\u0142y by\u0107 wyj\u0105tkowo czujne na niebezpiecze\u0144stwa. To instynkt, kt\u00f3ry do dzi\u015b obecny jest u\u00a0ps\u00f3w udomowionych.<\/p>\n<h2>ZAREAGUJ NA PSIE L\u0118KI W PRAWID\u0141OWY SPOS\u00d3B<\/h2>\n<p>\u015awiadomo\u015b\u0107 r\u00f3\u017cnych etap\u00f3w, przez jakie przechodzi pies od okresu szczeni\u0119cego do pe\u0142nej dojrza\u0142o\u015bci jest wa\u017cna, poniewa\u017c t\u0142umaczy zachowanie psa, u\u0142atwia jego akceptacj\u0119 oraz budowanie relacji z\u00a0dorastaj\u0105cym pupilem. Nie nale\u017cy jednak zak\u0142ada\u0107, \u017ce problemowe zachowania przemin\u0105 same\u00a0z\u00a0siebie. Wa\u017cne jest aktywne zwalczania niechcianych zachowa\u0144, tak aby nie sta\u0142y si\u0119 bardziej uci\u0105\u017cliwe na p\u00f3\u017aniejszym etapie \u017cycia psiaka. Poni\u017cej dowiesz si\u0119, jak prawid\u0142owo upora\u0107 si\u0119 z\u00a0tym problemem.<\/p>\n<h3>KONSEKWENCJA I\u00a0ZASADY<\/h3>\n<p>Aby psie l\u0119ki nie pozosta\u0142y z\u00a0Wami na zawsze, wa\u017cne jest, \u017ceby wszyscy cz\u0142onkowie rodziny zachowywali si\u0119 konsekwentnie i\u00a0przestrzegali tych samych zasad. Je\u015bli komendy nie zdaj\u0105 si\u0119 ju\u017c na nic, wr\u00f3\u0107 do szkolenia z\u00a0okresu szczeni\u0119cego.<\/p>\n<h3>KONTYNUUJ SOCJALIZACJ\u0118 PSA<\/h3>\n<p>Nie przestawaj wsz\u0119dzie zabiera\u0107 ze sob\u0105 psa, aby przyzwyczai\u0142 si\u0119 do przebywania w\u00a0r\u00f3\u017cnych miejscach.<\/p>\n<p><strong>Czytaj<\/strong>\u00a0<strong>dalej<\/strong><\/p>\n<ul>\n<li><a href=\"https:\/\/bozita.com\/pl\/zycie-z-psem\/rozwoj-psa\/zostawianie-psa-samego-w-domu-jak-przyzwyczaic-do-tego-czworonoga\/\">Praktyczne porady dotycz\u0105ce socjalizacji szczeniaka<\/a><\/li>\n<\/ul>\n<h3>STAW CZO\u0141O ZAGRO\u017bENIOM I\u00a0NIE LITUJ SI\u0118 NAD PSEM<\/h3>\n<p>Staw czo\u0142o rzeczom, kt\u00f3re strasz\u0105 psa i\u00a0poka\u017c mu, \u017ce nie s\u0105 one niebezpieczne. Poklep gro\u017any kosz na \u015bmieci i zagadaj do niego, jakby by\u0142a to najnormalniejsza czynno\u015b\u0107 pod s\u0142o\u0144cem. Nie pot\u0119guj strachu psa przed rzeczami i\u00a0zjawiskami lituj\u0105c si\u0119 nad nim lub bior\u0105c go na r\u0119ce.<\/p>\n<p>Nigdy nie zmuszaj go do tego, aby zbli\u017cy\u0142 si\u0119 do \u201estrasznego\u201d przedmiotu. Zamiast tego postaraj si\u0119 go do tego przekona\u0107, wzbudzaj\u0105c jego ciekawo\u015b\u0107.<\/p>\n<p>Kiedy pies przestraszy si\u0119 rzeczy, nad kt\u00f3r\u0105 nie masz kontroli, takiej jak na przyk\u0142ad przeje\u017cd\u017caj\u0105cy obok rowerzysta, spr\u00f3buj odwr\u00f3ci\u0107 jego uwag\u0119 za pomoc\u0105 zabawki lub ma\u0142ej przek\u0105ski.<\/p>\n<p>Je\u015bli zwierz\u0119 nie przezwyci\u0119\u017cy swojego strachu za pierwszym razem, powracajcie w\u00a0to samo miejsce, a\u017c przedmiot przestanie robi\u0107 na nim wra\u017cenie. Nagrod\u017a go, gdy pokona sw\u00f3j l\u0119k.<\/p>\n<p>I\u00a0pami\u0119taj o\u00a0dobrej zabawie! Znajd\u017a zaj\u0119cia, kt\u00f3re spodobaj\u0105 si\u0119 zar\u00f3wno psu, jak i\u00a0Tobie.<\/p>\n<p><strong>Czytaj dalej<\/strong><\/p>\n<ul>\n<li><a href=\"https:\/\/bozita.com\/pl\/zycie-z-psem\/aktywnosc-fizyczna\/zachec-psa-do-aktywnosci-aby-poprawic-wspolne-relacje\/\">Uatrakcyjnij wsp\u00f3ln\u0105 zabaw\u0119 za pomoc\u0105 przyjemnych zaj\u0119\u0107<\/a><\/li>\n<\/ul>\n\t\t\t<\/div>\n\t\t<\/div>\n\t<\/div>\n\n\n\n\t<section class=\"block related-articles\">\n\t\t<div class=\"container\">\n\t\t\t<h2>Artyku\u0142y powi\u0105zane<\/h2>\n\t\t\t<div class=\"row justify-content-center\">\n\t\t\t\t\t\t\t\t\t\t<div class=\"col-sm-6 col-md-6 col-lg-3\">\n\t\t\t\t\t\t\t\t\t\t\t\t\t\t<div class=\"card \">\n\t\t\t\t\t\t\t\t\t\t\t\t\t\t\t\t\t<img decoding=\"async\"  src=\"https:\/\/bozita.com\/pl\/wp-content\/uploads\/sites\/9\/2021\/08\/bozita-hundens-utveckling-stadier.jpeg\" alt=\"\">\n\t\t\t\t\t\t\t\t\t\t\t\t\t\t\t\t\t<!-- <img decoding=\"async\" src=\"\n\t\t\t\t\t\t\t\t\t\t\t\t\t\t\t\t\t\t\t\t\" alt=\"\n\t\t\t\t\t\t\t\t\t\t\t\t\t\t\t\t\t\t\t\t\t\t\t\t\t\t\t\"> -->\n\t\t\t\t\t\t\t\t<div class=\"card-body\">\n\t\t\t\t\t\t\t\t\t\t\t\t\t\t\t\t\t\t\t<h6>Rozw\u00f3j psa od okresu szczeni\u0119cego do doros\u0142o\u015bci<\/h6>\n\t\t\t\t\t\t\t\t\t\t\t\t\t\t\t\t\t\t\t<a href=\"https:\/\/bozita.com\/pl\/zycie-z-psem\/rozwoj-psa\/rozwoj-psa-od-okresu-szczeniecego-do-doroslosci\/\">Czytaj wi\u0119cej &nbsp; ><\/a>\n\t\t\t\t\t\t\t\t<\/div>\n\t\t\t\t\t\t\t<\/div>\n\t\t\t\t\t\t<\/div>\n\n\t\t\t\t\t\t\t\t\t\t\t<div class=\"col-sm-6 col-md-6 col-lg-3\">\n\t\t\t\t\t\t\t\t\t\t\t\t\t\t<div class=\"card \">\n\t\t\t\t\t\t\t\t\t\t\t\t\t\t\t\t\t<img decoding=\"async\"  src=\"https:\/\/bozita.com\/pl\/wp-content\/uploads\/sites\/9\/2021\/08\/bozita-hund-tonaring.jpeg\" alt=\"\">\n\t\t\t\t\t\t\t\t\t\t\t\t\t\t\t\t\t<!-- <img decoding=\"async\" src=\"\n\t\t\t\t\t\t\t\t\t\t\t\t\t\t\t\t\t\t\t\t\" alt=\"\n\t\t\t\t\t\t\t\t\t\t\t\t\t\t\t\t\t\t\t\t\t\t\t\t\t\t\t\"> -->\n\t\t\t\t\t\t\t\t<div class=\"card-body\">\n\t\t\t\t\t\t\t\t\t\t\t\t\t\t\t\t\t\t\t<h6>Jak poradzi\u0107 sobie z nastoletnim buntem u psa<\/h6>\n\t\t\t\t\t\t\t\t\t\t\t\t\t\t\t\t\t\t\t<a href=\"https:\/\/bozita.com\/pl\/zycie-z-psem\/rozwoj-psa\/jak-poradzic-sobie-z-nastoletnim-buntem-u-psa\/\">Czytaj wi\u0119cej &nbsp; ><\/a>\n\t\t\t\t\t\t\t\t<\/div>\n\t\t\t\t\t\t\t<\/div>\n\t\t\t\t\t\t<\/div>\n\n\t\t\t\t\t\t\t\t\t\t\t<div class=\"col-sm-6 col-md-6 col-lg-3\">\n\t\t\t\t\t\t\t\t\t\t\t\t\t\t<div class=\"card \">\n\t\t\t\t\t\t\t\t\t\t\t\t\t\t\t\t\t<img decoding=\"async\"  src=\"https:\/\/bozita.com\/pl\/wp-content\/uploads\/sites\/9\/2021\/08\/bozita-hundvalp-ensam-trana.jpeg\" alt=\"\">\n\t\t\t\t\t\t\t\t\t\t\t\t\t\t\t\t\t<!-- <img decoding=\"async\" src=\"\n\t\t\t\t\t\t\t\t\t\t\t\t\t\t\t\t\t\t\t\t\" alt=\"\n\t\t\t\t\t\t\t\t\t\t\t\t\t\t\t\t\t\t\t\t\t\t\t\t\t\t\t\"> -->\n\t\t\t\t\t\t\t\t<div class=\"card-body\">\n\t\t\t\t\t\t\t\t\t\t\t\t\t\t\t\t\t\t\t<h6>Trening samotno\u015bci &#8211; zostawianie psa samego w domu<\/h6>\n\t\t\t\t\t\t\t\t\t\t\t\t\t\t\t\t\t\t\t<a href=\"https:\/\/bozita.com\/pl\/zycie-z-psem\/rozwoj-psa\/zostawianie-psa-samego-w-domu-jak-przyzwyczaic-do-tego-czworonoga\/\">Czytaj wi\u0119cej &nbsp; ><\/a>\n\t\t\t\t\t\t\t\t<\/div>\n\t\t\t\t\t\t\t<\/div>\n\t\t\t\t\t\t<\/div>\n\n\t\t\t\t\t\t\t\t\t\t\t\t<\/div>\n\t\t<\/div>\n\t<\/section>\n","protected":false},"excerpt":{"rendered":"","protected":false},"author":1,"featured_media":6724,"parent":6805,"menu_order":0,"comment_status":"closed","ping_status":"closed","template":"guternberg.php","meta":{"footnotes":""},"acf":[],"yoast_head":"<!-- This site is optimized with the Yoast SEO plugin v21.3 - https:\/\/yoast.com\/wordpress\/plugins\/seo\/ -->\n<title>Czy tw\u00f3j pies nagle reaguje strachem? | Bozita Polska<\/title>\n<meta name=\"description\" content=\"Je\u015bli Tw\u00f3j szczeniak w wieku oko\u0142o 5 miesi\u0119cy nagle zaczyna ba\u0107 si\u0119 rzeczy, mo\u017ce by\u0107 to spowodowane wkroczeniem przez niego w\u00a0okres l\u0119kliwo\u015bci.\" \/>\n<meta name=\"robots\" content=\"index, follow, max-snippet:-1, max-image-preview:large, max-video-preview:-1\" \/>\n<link rel=\"canonical\" href=\"https:\/\/bozita.com\/pl\/zycie-z-psem\/rozwoj-psa\/nagly-strach-psa\/\" \/>\n<meta property=\"og:locale\" content=\"pl_PL\" \/>\n<meta property=\"og:type\" content=\"article\" \/>\n<meta property=\"og:title\" content=\"Czy tw\u00f3j pies nagle reaguje strachem? | Bozita Polska\" \/>\n<meta property=\"og:description\" content=\"Je\u015bli Tw\u00f3j szczeniak w wieku oko\u0142o 5 miesi\u0119cy nagle zaczyna ba\u0107 si\u0119 rzeczy, mo\u017ce by\u0107 to spowodowane wkroczeniem przez niego w\u00a0okres l\u0119kliwo\u015bci.\" \/>\n<meta property=\"og:url\" content=\"https:\/\/bozita.com\/pl\/zycie-z-psem\/rozwoj-psa\/nagly-strach-psa\/\" \/>\n<meta property=\"og:site_name\" content=\"Bozita Polska\" \/>\n<meta property=\"article:modified_time\" content=\"2022-09-29T07:12:37+00:00\" \/>\n<meta property=\"og:image\" content=\"https:\/\/bozita.com\/pl\/wp-content\/uploads\/sites\/9\/2021\/08\/bozita-hundvalp-spokalder-plotsliga-radslor.jpeg\" \/>\n\t<meta property=\"og:image:width\" content=\"800\" \/>\n\t<meta property=\"og:image:height\" content=\"533\" \/>\n\t<meta property=\"og:image:type\" content=\"image\/jpeg\" \/>\n<meta name=\"twitter:card\" content=\"summary_large_image\" \/>\n<!-- \/ Yoast SEO plugin. -->","yoast_head_json":{"title":"Czy tw\u00f3j pies nagle reaguje strachem? | Bozita Polska","description":"Je\u015bli Tw\u00f3j szczeniak w wieku oko\u0142o 5 miesi\u0119cy nagle zaczyna ba\u0107 si\u0119 rzeczy, mo\u017ce by\u0107 to spowodowane wkroczeniem przez niego w\u00a0okres l\u0119kliwo\u015bci.","robots":{"index":"index","follow":"follow","max-snippet":"max-snippet:-1","max-image-preview":"max-image-preview:large","max-video-preview":"max-video-preview:-1"},"canonical":"https:\/\/bozita.com\/pl\/zycie-z-psem\/rozwoj-psa\/nagly-strach-psa\/","og_locale":"pl_PL","og_type":"article","og_title":"Czy tw\u00f3j pies nagle reaguje strachem? | Bozita Polska","og_description":"Je\u015bli Tw\u00f3j szczeniak w wieku oko\u0142o 5 miesi\u0119cy nagle zaczyna ba\u0107 si\u0119 rzeczy, mo\u017ce by\u0107 to spowodowane wkroczeniem przez niego w\u00a0okres l\u0119kliwo\u015bci.","og_url":"https:\/\/bozita.com\/pl\/zycie-z-psem\/rozwoj-psa\/nagly-strach-psa\/","og_site_name":"Bozita Polska","article_modified_time":"2022-09-29T07:12:37+00:00","og_image":[{"width":800,"height":533,"url":"https:\/\/bozita.com\/pl\/wp-content\/uploads\/sites\/9\/2021\/08\/bozita-hundvalp-spokalder-plotsliga-radslor.jpeg","type":"image\/jpeg"}],"twitter_card":"summary_large_image","schema":{"@context":"https:\/\/schema.org","@graph":[{"@type":"WebPage","@id":"https:\/\/bozita.com\/pl\/zycie-z-psem\/rozwoj-psa\/nagly-strach-psa\/","url":"https:\/\/bozita.com\/pl\/zycie-z-psem\/rozwoj-psa\/nagly-strach-psa\/","name":"Czy tw\u00f3j pies nagle reaguje strachem? | Bozita Polska","isPartOf":{"@id":"https:\/\/bozita.com\/pl\/#website"},"datePublished":"2021-08-12T17:56:19+00:00","dateModified":"2022-09-29T07:12:37+00:00","description":"Je\u015bli Tw\u00f3j szczeniak w wieku oko\u0142o 5 miesi\u0119cy nagle zaczyna ba\u0107 si\u0119 rzeczy, mo\u017ce by\u0107 to spowodowane wkroczeniem przez niego w\u00a0okres l\u0119kliwo\u015bci.","breadcrumb":{"@id":"https:\/\/bozita.com\/pl\/zycie-z-psem\/rozwoj-psa\/nagly-strach-psa\/#breadcrumb"},"inLanguage":"pl-PL","potentialAction":[{"@type":"ReadAction","target":["https:\/\/bozita.com\/pl\/zycie-z-psem\/rozwoj-psa\/nagly-strach-psa\/"]}]},{"@type":"BreadcrumbList","@id":"https:\/\/bozita.com\/pl\/zycie-z-psem\/rozwoj-psa\/nagly-strach-psa\/#breadcrumb","itemListElement":[{"@type":"ListItem","position":1,"name":"Home","item":"https:\/\/bozita.com\/pl\/"},{"@type":"ListItem","position":2,"name":"\u017bycie z psem","item":"https:\/\/bozita.com\/pl\/zycie-z-psem\/"},{"@type":"ListItem","position":3,"name":"Rozw\u00f3j psa","item":"https:\/\/bozita.com\/pl\/zycie-z-psem\/rozwoj-psa\/"},{"@type":"ListItem","position":4,"name":"Czy tw\u00f3j pies nagle reaguje strachem?"}]},{"@type":"WebSite","@id":"https:\/\/bozita.com\/pl\/#website","url":"https:\/\/bozita.com\/pl\/","name":"Bozita Polska","description":"","potentialAction":[{"@type":"SearchAction","target":{"@type":"EntryPoint","urlTemplate":"https:\/\/bozita.com\/pl\/?s={search_term_string}"},"query-input":"required name=search_term_string"}],"inLanguage":"pl-PL"}]}},"_links":{"self":[{"href":"https:\/\/bozita.com\/pl\/wp-json\/wp\/v2\/pages\/6723"}],"collection":[{"href":"https:\/\/bozita.com\/pl\/wp-json\/wp\/v2\/pages"}],"about":[{"href":"https:\/\/bozita.com\/pl\/wp-json\/wp\/v2\/types\/page"}],"author":[{"embeddable":true,"href":"https:\/\/bozita.com\/pl\/wp-json\/wp\/v2\/users\/1"}],"replies":[{"embeddable":true,"href":"https:\/\/bozita.com\/pl\/wp-json\/wp\/v2\/comments?post=6723"}],"version-history":[{"count":5,"href":"https:\/\/bozita.com\/pl\/wp-json\/wp\/v2\/pages\/6723\/revisions"}],"predecessor-version":[{"id":9530,"href":"https:\/\/bozita.com\/pl\/wp-json\/wp\/v2\/pages\/6723\/revisions\/9530"}],"up":[{"embeddable":true,"href":"https:\/\/bozita.com\/pl\/wp-json\/wp\/v2\/pages\/6805"}],"wp:featuredmedia":[{"embeddable":true,"href":"https:\/\/bozita.com\/pl\/wp-json\/wp\/v2\/media\/6724"}],"wp:attachment":[{"href":"https:\/\/bozita.com\/pl\/wp-json\/wp\/v2\/media?parent=6723"}],"curies":[{"name":"wp","href":"https:\/\/api.w.org\/{rel}","templated":true}]}}