{"id":6725,"date":"2021-08-12T17:56:11","date_gmt":"2021-08-12T17:56:11","guid":{"rendered":"https:\/\/bozita.com\/pl\/pozbawiona-zboz-karma-dla-psa-wszystko-co-musisz-wiedziec\/"},"modified":"2022-09-29T06:16:01","modified_gmt":"2022-09-29T06:16:01","slug":"pozbawiona-zboz-karma-dla-psa-wszystko-co-musisz-wiedziec","status":"publish","type":"page","link":"https:\/\/bozita.com\/pl\/karma-dla-psow\/zywienie-i-dieta\/pozbawiona-zboz-karma-dla-psa-wszystko-co-musisz-wiedziec\/","title":{"rendered":"Pozbawiona zb\u00f3\u017c karma dla psa"},"content":{"rendered":"\t\t<section class=\"small-hero\">\n\t\t\t<div class=\"container\">\n\t\t\t\t<h1 class=\"small-hero-title\">POZBAWIONA ZB\u00d3\u017b KARMA DLA PSA \u2013 WSZYSTKO CO MUSISZ WIEDZIE\u0106<\/h1>\t\t\t<\/div>\n\t\t\t<\/div>\n\t\t<\/section>\n\t\n\n\t<div class=\"text-box-warp\">\n\t\t<div class=\"container\">\n\t\t\t<div class=\"text-content\">\n\t\t\t\t<p><strong>Obecnie \u015bwiadomo\u015b\u0107 dotycz\u0105ca \u017cywienia znacznie wzros\u0142a i sami cz\u0119sto zastanawiamy si\u0119 co tak naprawd\u0119 powinni\u015bmy spo\u017cywa\u0107. Coraz cz\u0119\u015bciej zaczynamy te\u017c analizowa\u0107 jaki rodzaj karmy by\u0142by najlepszy dla naszego pupila. W ostatnim czasie znacznie wzros\u0142o zapotrzebowanie na wysokiej jako\u015bci karm\u0119 bezzbo\u017cow\u0105 dla ps\u00f3w. Dlaczego warto podawa\u0107 tak\u0105 karm\u0119 swojemu psu, jakie korzy\u015bci p\u0142yn\u0105 z jej stosowania oraz co nale\u017cy widzie\u0107? Wsp\u00f3\u0142pracuj\u0105ca z mark\u0105 Bozita specjalistka w zakresie \u017cywienia Cecilia Hjelm wyja\u015bnia to dok\u0142adnie. Cecilia zajmuje si\u0119 rozwojem produkt\u00f3w i posiada specjalistyczne kompetencje w zakresie \u017cywienia oraz wykszta\u0142cenie w zakresie opieki nad zwierz\u0119tami domowymi. Od lat \u015bledzi wszelkie informacje zwi\u0105zane z czworonogami oraz posiada g\u0142\u0119bok\u0105 wiedz\u0119 na temat zapotrzebowania zwierz\u0105t na poszczeg\u00f3lne sk\u0142adniki od\u017cywcze. Ponadto jest \u015bwiadoma obowi\u0105zuj\u0105cych regulacji i wymog\u00f3w prawnych oraz doskonale wie czym najlepiej nakarmi\u0107 psa.<\/strong><\/p>\n<h2>CO OZNACZA OKRE\u015aLENIE POZBAWIONA ZB\u00d3\u017b KARMA DLA PSA?<\/h2>\n<p>Karma bez zb\u00f3\u017c dla psa nie zawiera \u017cadnych sk\u0142adnik\u00f3w, kt\u00f3re s\u0105 klasyfikowane jako zbo\u017ca. Wiele os\u00f3b uwa\u017ca, \u017ce zbo\u017ca to jedynie klasyczne gatunki, takie jak pszenica, j\u0119czmie\u0144, a nawet kukurydza. W rzeczywisto\u015bci nawet ry\u017c klasyfikowany jest jako zbo\u017ce i nie znajduje si\u0119 w pozbawionej zb\u00f3\u017c karmie dla psa wytwarzanej przez mark\u0119 Bozita. Zamiast niego bezzbo\u017cowa karma dla psa zawiera r\u00f3\u017cne rodzaje ziemniak\u00f3w, groszek czy soczewic\u0119. Bozita podj\u0119\u0142a decyzj\u0119 o dodawaniu ziemniak\u00f3w i grochu do suchej karmy bezzbo\u017cowej, podczas gdy w sk\u0142ad mokrej karmy bezzbo\u017cowej wchodz\u0105 sk\u0142adniki i minera\u0142y pochodzenia zwierz\u0119cego. Powodem dla kt\u00f3rego Bozita dodaje groch i ziemniaki do suchej karmy jest mo\u017cliwo\u015b\u0107 uformowania karmy w kulki. Zar\u00f3wno ziemniaki, jak i groch zawieraj\u0105 skrobi\u0119, kt\u00f3ra po podgrzaniu wi\u0105\u017ce poszczeg\u00f3lne sk\u0142adniki w jednolit\u0105 mas\u0119, z kt\u00f3rej mo\u017cna \u0142atwo uformowa\u0107 kulki.<\/p>\n<h2>KARMA BEZ ZB\u00d3\u017b DLA PSA \u2013 DLACZEGO WARTO J\u0104 WYBRA\u0106?<\/h2>\n<p>Czy powinno si\u0119 wybiera\u0107 karm\u0119 dla psa bez zb\u00f3\u017c? Powod\u00f3w, dla kt\u00f3rych warto wybra\u0107 karm\u0119 bez zb\u00f3\u017c dla psa jest wiele, ale w przypadku czworonog\u00f3w wra\u017cliwych na pszenic\u0119, decyzja wydaje si\u0119 oczywista. Ponadto wielu w\u0142a\u015bcicieli ps\u00f3w zauwa\u017ca, \u017ce ich pupile znacznie lepiej funkcjonuj\u0105, gdy otrzymuj\u0105 karmy bezzbo\u017cowe. W\u0142a\u015bciciele ps\u00f3w, kt\u00f3rzy poszukuj\u0105 karmy bezglutenowej dla psa, mog\u0105 z powodzeniem karmi\u0107 swoje czworonogi bezzbo\u017cow\u0105 karm\u0105 dla psa, poniewa\u017c nie zawiera ona glutenu.<\/p>\n<h2>BEZZBO\u017bOWA KARMA DLA PSA \u2013 CZY JEST ODPOWIEDNIA DLA KA\u017bDEGO CZWORONOGA?<\/h2>\n<p>Najprostsza odpowied\u017a brzmi nie. Psy podobnie jak ludzie posiadaj\u0105 indywidualne predyspozycje i preferencje. Chocia\u017c pozbawiona zb\u00f3\u017c karma dla psa bardzo dobrze sprawdza si\u0119 w przypadku wielu czworonog\u00f3w, niekt\u00f3re z nich wol\u0105 inne rodzaje karmy. Dlatego wa\u017cne jest znalezienie karmy, kt\u00f3ra b\u0119dzie pasowa\u0107 Twojemu psu i po kt\u00f3rej b\u0119dzie si\u0119 czu\u0142 on dobrze. Pies otrzymuj\u0105cy karm\u0119, po kt\u00f3rej czuje si\u0119 dobrze, mo\u017ce towarzyszy\u0107 Ci w aktywnym stylu \u017cycia. Dlatego najwa\u017cniejsze jest to, aby\u015b to Ty b\u0119d\u0105c w\u0142a\u015bcicielem psa wybiera\u0142 dla niego karm\u0119.<\/p>\n<p>Bozita posiada w swojej ofercie szeroki wyb\u00f3r pozbawionych zb\u00f3\u017c oraz pszenicy karm dla ps\u00f3w. Wszystkie s\u0105 wytwarzane w V\u00e5rg\u00e5rda.\u00a0<a href=\"https:\/\/bozita.com\/pl\/karma-dla-ps\u00f3w\/bozita-robur-mother-puppy\/\">Bozita Robur Mother &amp; Puppy<\/a>, <a href=\"https:\/\/bozita.com\/pl\/karma-dla-ps\u00f3w\/bozita-robur-mother-puppy-xl\/\">Bozita Robur Mother &amp; Puppy XL<\/a>, <a href=\"https:\/\/bozita.com\/pl\/karma-dla-ps\u00f3w\/bozita-bez-dodatku-zboz-mother-and-puppy-elk\/\">Bozita Grain free Mother &amp; Puppy<\/a>,\u00a0<a href=\"https:\/\/bozita.com\/pl\/karma-dla-ps\u00f3w\/bozita-bez-dodatku-zboz-motherandpuppy-xl-elk\/\">Bozita Grain free Mother &amp; Puppy XL<\/a>\u00a0to pozbawiona pszenicy karma bezzbo\u017cowa dla ps\u00f3w, odpowiednia zw\u0142aszcza dla szczeniak\u00f3w oraz dorastaj\u0105cych ps\u00f3w, a tak\u017ce dla ci\u0119\u017carnych i karmi\u0105cych suk.<\/p>\n<h2>CO NALE\u017bY MIE\u0106 NA UWADZE STOSUJ\u0104C KARM\u0118 BEZ ZB\u00d3Z DLA PSA?<\/h2>\n<p>Tak samo jak w przypadku innych karm, nale\u017cy stosowa\u0107 si\u0119 do zalece\u0144 oraz dostosowa\u0107 ilo\u015b\u0107 podawanej karmy do tuszy, poziomu aktywno\u015bci oraz indywidualnych potrzeb czworonoga. Je\u015bli Tw\u00f3j pies cierpi na nadwra\u017cliwo\u015b\u0107 na gluten lub pszenic\u0119, musisz mie\u0107 \u015bwiadomo\u015b\u0107, \u017ce mog\u0105 zawiera\u0107 je tak\u017ce niekt\u00f3re smako\u0142yki. Dlatego zanim zdecydujesz si\u0119 nakarmi\u0107 psa smako\u0142ykiem, zapoznaj si\u0119 zamieszczonymi na opakowaniu informacjami o sk\u0142adzie, aby unikn\u0105\u0107 podania psu pokarmu zawieraj\u0105cego zbo\u017ca.<\/p>\n<h2>MOKRA I SUCHA KARMA BEZ ZB\u00d3\u017b DLA PSA<\/h2>\n<p>Bozita Robur to wytwarzana na terenie Szwecji z najwy\u017cszej jako\u015bci sk\u0142adnik\u00f3w, pozbawiona zb\u00f3\u017c oraz pszenicy sucha karma klasy premium dla ps\u00f3w. Charakteryzuje si\u0119 wysok\u0105 zawarto\u015bci\u0105 \u015bwie\u017cego szwedzkiego mi\u0119sa, zapewniaj\u0105cego znakomity smak oraz wspomagaj\u0105cego proces trawienia.<\/p>\n<ul>\n<li><a title=\"Robur\" href=\"https:\/\/bozita.com\/pl\/Karma-dla-ps\u00f3w\/bozita-bez-dodatku-zboz-mother-and-puppy-elk\/\">Bozita Robur \u2013 sucha karma bez zb\u00f3\u017c dla psa<\/a><\/li>\n<li><a href=\"https:\/\/bozita.com\/pl\/karma-dla-psow\/bozita-mokre-karmy-dla-psow\/\">Bozita &#8211; sucha karma bez zb\u00f3\u017c dla psa<\/a><\/li>\n<\/ul>\n<p>Wszystkie mokre karmy marki Bozita dla ps\u00f3w s\u0105 pozbawione zb\u00f3\u017c i posiadaj\u0105 wysok\u0105 zawarto\u015b\u0107 bia\u0142ka zwierz\u0119cego.<\/p>\n\t\t\t<\/div>\n\t\t<\/div>\n\t<\/div>\n\n\n<section class=\"block full-section-promo\">\n\t<div class=\"container\">\n\t\t<div class=\"mb-3 row align-items-center \n\t\t\t\t\">\n\t\t\t<div class=\"col-md-6\">\n\t\t\t\t\t\t\t\t\t<img decoding=\"async\" src=\"https:\/\/bozita.com\/pl\/wp-content\/uploads\/sites\/9\/2021\/08\/cecilia-hjelm-promo.jpg\" alt=\"\">\n\t\t\t\t\t\n\t\t\t<\/div>\n\t\t\t<div class=\"col-md-6\">\n\t\t\t\t<h2>CECILIA HJELM <\/h2><p>Qualified in pet agronomy with specialist nutrition knowledge <\/p>\t\t\t<\/div>\n\t\t<\/div>\n\n\n\t<\/div>\n<\/section>\n","protected":false},"excerpt":{"rendered":"","protected":false},"author":1,"featured_media":6698,"parent":6777,"menu_order":0,"comment_status":"closed","ping_status":"closed","template":"guternberg.php","meta":{"footnotes":""},"acf":[],"yoast_head":"<!-- This site is optimized with the Yoast SEO plugin v21.3 - https:\/\/yoast.com\/wordpress\/plugins\/seo\/ -->\n<title>Pozbawiona zb\u00f3\u017c karma dla psa | Bozita Polska<\/title>\n<meta name=\"description\" content=\"Pozbawiona zb\u00f3\u017c karma dla psa nie zawiera \u017cadnych sk\u0142adnik\u00f3w klasyfikowanych jako zbo\u017ca. Dlaczego karma bez zb\u00f3\u017c dla psa stanowi dobre rozwi\u0105zanie?\" \/>\n<meta name=\"robots\" content=\"index, follow, max-snippet:-1, max-image-preview:large, max-video-preview:-1\" \/>\n<link rel=\"canonical\" href=\"https:\/\/bozita.com\/pl\/karma-dla-psow\/zywienie-i-dieta\/pozbawiona-zboz-karma-dla-psa-wszystko-co-musisz-wiedziec\/\" \/>\n<meta property=\"og:locale\" content=\"pl_PL\" \/>\n<meta property=\"og:type\" content=\"article\" \/>\n<meta property=\"og:title\" content=\"Pozbawiona zb\u00f3\u017c karma dla psa | Bozita Polska\" \/>\n<meta property=\"og:description\" content=\"Pozbawiona zb\u00f3\u017c karma dla psa nie zawiera \u017cadnych sk\u0142adnik\u00f3w klasyfikowanych jako zbo\u017ca. Dlaczego karma bez zb\u00f3\u017c dla psa stanowi dobre rozwi\u0105zanie?\" \/>\n<meta property=\"og:url\" content=\"https:\/\/bozita.com\/pl\/karma-dla-psow\/zywienie-i-dieta\/pozbawiona-zboz-karma-dla-psa-wszystko-co-musisz-wiedziec\/\" \/>\n<meta property=\"og:site_name\" content=\"Bozita Polska\" \/>\n<meta property=\"article:modified_time\" content=\"2022-09-29T06:16:01+00:00\" \/>\n<meta property=\"og:image\" content=\"https:\/\/bozita.com\/pl\/wp-content\/uploads\/sites\/9\/2021\/08\/bozita_swedish-natural-quality.jpg\" \/>\n\t<meta property=\"og:image:width\" content=\"800\" \/>\n\t<meta property=\"og:image:height\" content=\"533\" \/>\n\t<meta property=\"og:image:type\" content=\"image\/jpeg\" \/>\n<meta name=\"twitter:card\" content=\"summary_large_image\" \/>\n<!-- \/ Yoast SEO plugin. -->","yoast_head_json":{"title":"Pozbawiona zb\u00f3\u017c karma dla psa | Bozita Polska","description":"Pozbawiona zb\u00f3\u017c karma dla psa nie zawiera \u017cadnych sk\u0142adnik\u00f3w klasyfikowanych jako zbo\u017ca. Dlaczego karma bez zb\u00f3\u017c dla psa stanowi dobre rozwi\u0105zanie?","robots":{"index":"index","follow":"follow","max-snippet":"max-snippet:-1","max-image-preview":"max-image-preview:large","max-video-preview":"max-video-preview:-1"},"canonical":"https:\/\/bozita.com\/pl\/karma-dla-psow\/zywienie-i-dieta\/pozbawiona-zboz-karma-dla-psa-wszystko-co-musisz-wiedziec\/","og_locale":"pl_PL","og_type":"article","og_title":"Pozbawiona zb\u00f3\u017c karma dla psa | Bozita Polska","og_description":"Pozbawiona zb\u00f3\u017c karma dla psa nie zawiera \u017cadnych sk\u0142adnik\u00f3w klasyfikowanych jako zbo\u017ca. Dlaczego karma bez zb\u00f3\u017c dla psa stanowi dobre rozwi\u0105zanie?","og_url":"https:\/\/bozita.com\/pl\/karma-dla-psow\/zywienie-i-dieta\/pozbawiona-zboz-karma-dla-psa-wszystko-co-musisz-wiedziec\/","og_site_name":"Bozita Polska","article_modified_time":"2022-09-29T06:16:01+00:00","og_image":[{"width":800,"height":533,"url":"https:\/\/bozita.com\/pl\/wp-content\/uploads\/sites\/9\/2021\/08\/bozita_swedish-natural-quality.jpg","type":"image\/jpeg"}],"twitter_card":"summary_large_image","schema":{"@context":"https:\/\/schema.org","@graph":[{"@type":"WebPage","@id":"https:\/\/bozita.com\/pl\/karma-dla-psow\/zywienie-i-dieta\/pozbawiona-zboz-karma-dla-psa-wszystko-co-musisz-wiedziec\/","url":"https:\/\/bozita.com\/pl\/karma-dla-psow\/zywienie-i-dieta\/pozbawiona-zboz-karma-dla-psa-wszystko-co-musisz-wiedziec\/","name":"Pozbawiona zb\u00f3\u017c karma dla psa | Bozita Polska","isPartOf":{"@id":"https:\/\/bozita.com\/pl\/#website"},"datePublished":"2021-08-12T17:56:11+00:00","dateModified":"2022-09-29T06:16:01+00:00","description":"Pozbawiona zb\u00f3\u017c karma dla psa nie zawiera \u017cadnych sk\u0142adnik\u00f3w klasyfikowanych jako zbo\u017ca. Dlaczego karma bez zb\u00f3\u017c dla psa stanowi dobre rozwi\u0105zanie?","breadcrumb":{"@id":"https:\/\/bozita.com\/pl\/karma-dla-psow\/zywienie-i-dieta\/pozbawiona-zboz-karma-dla-psa-wszystko-co-musisz-wiedziec\/#breadcrumb"},"inLanguage":"pl-PL","potentialAction":[{"@type":"ReadAction","target":["https:\/\/bozita.com\/pl\/karma-dla-psow\/zywienie-i-dieta\/pozbawiona-zboz-karma-dla-psa-wszystko-co-musisz-wiedziec\/"]}]},{"@type":"BreadcrumbList","@id":"https:\/\/bozita.com\/pl\/karma-dla-psow\/zywienie-i-dieta\/pozbawiona-zboz-karma-dla-psa-wszystko-co-musisz-wiedziec\/#breadcrumb","itemListElement":[{"@type":"ListItem","position":1,"name":"Home","item":"https:\/\/bozita.com\/pl\/"},{"@type":"ListItem","position":2,"name":"Karma dla ps\u00f3w","item":"https:\/\/bozita.com\/pl\/karma-dla-psow\/"},{"@type":"ListItem","position":3,"name":"\u017bywienie i dieta","item":"https:\/\/bozita.com\/pl\/karma-dla-psow\/zywienie-i-dieta\/"},{"@type":"ListItem","position":4,"name":"Pozbawiona zb\u00f3\u017c karma dla psa"}]},{"@type":"WebSite","@id":"https:\/\/bozita.com\/pl\/#website","url":"https:\/\/bozita.com\/pl\/","name":"Bozita Polska","description":"","potentialAction":[{"@type":"SearchAction","target":{"@type":"EntryPoint","urlTemplate":"https:\/\/bozita.com\/pl\/?s={search_term_string}"},"query-input":"required name=search_term_string"}],"inLanguage":"pl-PL"}]}},"_links":{"self":[{"href":"https:\/\/bozita.com\/pl\/wp-json\/wp\/v2\/pages\/6725"}],"collection":[{"href":"https:\/\/bozita.com\/pl\/wp-json\/wp\/v2\/pages"}],"about":[{"href":"https:\/\/bozita.com\/pl\/wp-json\/wp\/v2\/types\/page"}],"author":[{"embeddable":true,"href":"https:\/\/bozita.com\/pl\/wp-json\/wp\/v2\/users\/1"}],"replies":[{"embeddable":true,"href":"https:\/\/bozita.com\/pl\/wp-json\/wp\/v2\/comments?post=6725"}],"version-history":[{"count":11,"href":"https:\/\/bozita.com\/pl\/wp-json\/wp\/v2\/pages\/6725\/revisions"}],"predecessor-version":[{"id":9482,"href":"https:\/\/bozita.com\/pl\/wp-json\/wp\/v2\/pages\/6725\/revisions\/9482"}],"up":[{"embeddable":true,"href":"https:\/\/bozita.com\/pl\/wp-json\/wp\/v2\/pages\/6777"}],"wp:featuredmedia":[{"embeddable":true,"href":"https:\/\/bozita.com\/pl\/wp-json\/wp\/v2\/media\/6698"}],"wp:attachment":[{"href":"https:\/\/bozita.com\/pl\/wp-json\/wp\/v2\/media?parent=6725"}],"curies":[{"name":"wp","href":"https:\/\/api.w.org\/{rel}","templated":true}]}}