{"id":6726,"date":"2021-08-12T17:56:02","date_gmt":"2021-08-12T17:56:02","guid":{"rendered":"https:\/\/bozita.com\/pl\/gwarancja-smaku\/"},"modified":"2025-05-20T10:46:51","modified_gmt":"2025-05-20T10:46:51","slug":"gwarancja-smaku","status":"publish","type":"page","link":"https:\/\/bozita.com\/pl\/gwarancja-smaku\/","title":{"rendered":"Gwarancja smaku"},"content":{"rendered":"\t\t<section class=\"small-hero\">\n\t\t\t<div class=\"container\">\n\t\t\t\t<h1 class=\"small-hero-title\">GWARANCJA SMAKU<\/h1>\t\t\t<\/div>\n\t\t\t<\/div>\n\t\t<\/section>\n\t\n\n\t<div class=\"text-box-warp\">\n\t\t<div class=\"container\">\n\t\t\t<div class=\"text-content\">\n\t\t\t\t<p>Jako\u015b\u0107 i bezpiecze\u0144stwo naszych produkt\u00f3w s\u0105 dla nas bardzo wa\u017cne! A tak\u017ce to, \u017ce smakuj\u0105 one twojemu zwierzakowi! Je\u017celi twojemu psu nie smakuj\u0105 nasze produkty i nie spe\u0142niaj\u0105 oczekiwa\u0144, chcieliby\u015bmy pozna\u0107 twoj\u0105 opini\u0119. Chcieliby\u015bmy, aby nasze karmy smakowa\u0142y ka\u017cdemu psu tak, jak smakuj\u0105 naszym psom w V\u00e5rg\u00e5rda! Dzi\u0119ki naszej gwarancji mo\u017cesz uzyska\u0107 zwrot pieni\u0119dzy, je\u017celi nasze karmy nie spe\u0142niaj\u0105 twoich oczekiwa\u0144! Skontaktuj si\u0119 z nami pod adresem <a href=\"mailto:info@bozita.se\">info@bozita.se<\/a>\u00a0-ch\u0119tnie pomo\u017cemy.<\/p>\n\t\t\t<\/div>\n\t\t<\/div>\n\t<\/div>\n\n\n\t<section class=\"block section-promos\">\n\t\t<div class=\"container\">\n\t\t\t<div class=\"row\">\n\t\t\t\t\t\t\t\t\t\t<div class=\"col-md-6\">\n\t\t\t\t\t\t\t<div class=\"card\">\n\t\t\t\t\t\t\t\t\t\t\t\t\t\t\t\t\t<img decoding=\"async\" class=\"card-img-top\" src=\"https:\/\/bozita.com\/pl\/wp-content\/uploads\/sites\/9\/2021\/06\/bozita-about-us.jpeg\" alt=\"\">\n\t\t\t\t\t\t\t\t\t\t\t\t\t\t\t\t<div class=\"card-body\">\n\t\t\t\t\t\t\t\t\t<h5 class=\"card-title\">O nas<\/h5>\n\t\t\t\t\t\t\t\t\t<p class=\"card-text\">Karm\u0119 dla ps\u00f3w i kot\u00f3w gotujemy od ponad 100 lat! Ca\u0142a nasza karma dla zwierz\u0105t jest produkowana w V\u00e5rg\u00e5rda przy u\u017cyciu najwy\u017cszej jako\u015bci sk\u0142adnik\u00f3w.<\/p>\n\t\t\t\t\t\t\t\t\t\t\t\t\t\t\t\t\t\t\t<a target=\"\" href=\"https:\/\/bozita.com\/pl\/naturalne-skladniki-oraz-szwedzka-jakosc\/o-nas\/\" class=\"btn btn-white\">O nas<\/a>\n\t\t\t\t\t\t\t\t\t\t\t\t\t\t\t\t\t\t<\/div>\n\t\t\t\t\t\t\t<\/div>\n\t\t\t\t\t\t<\/div>\n\t\t\t\t\t\t\t\t\t\t\t\t<div class=\"col-md-6\">\n\t\t\t\t\t\t\t<div class=\"card\">\n\t\t\t\t\t\t\t\t\t\t\t\t\t\t\t\t\t<img decoding=\"async\" class=\"card-img-top\" src=\"https:\/\/bozita.com\/pl\/wp-content\/uploads\/sites\/9\/2021\/06\/bozita-hallbarhet.jpeg\" alt=\"\">\n\t\t\t\t\t\t\t\t\t\t\t\t\t\t\t\t<div class=\"card-body\">\n\t\t\t\t\t\t\t\t\t<h5 class=\"card-title\">Zr\u00f3wnowa\u017cony rozw\u00f3j<\/h5>\n\t\t\t\t\t\t\t\t\t<p class=\"card-text\">Naszym celem jest produkcja najlepszej karmy dla ps\u00f3w i kot\u00f3w w najlepszy mo\u017cliwy spos\u00f3b, maj\u0105c na uwadze zr\u00f3wnowa\u017cony rozw\u00f3j, \u015brodowisko i nasz\u0105 wsp\u00f3ln\u0105 przysz\u0142o\u015b\u0107.<\/p>\n\t\t\t\t\t\t\t\t\t\t\t\t\t\t\t\t\t\t\t<a target=\"\" href=\"https:\/\/bozita.com\/pl\/naturalne-skladniki-oraz-szwedzka-jakosc\/zrownowazony-dla-zwierzat-i-natury\/\" class=\"btn btn-white\">Zr\u00f3wnowa\u017cony rozw\u00f3j<\/a>\n\t\t\t\t\t\t\t\t\t\t\t\t\t\t\t\t\t\t<\/div>\n\t\t\t\t\t\t\t<\/div>\n\t\t\t\t\t\t<\/div>\n\t\t\t\t\t\t\t\t\t\t\t\t<div class=\"col-md-6\">\n\t\t\t\t\t\t\t<div class=\"card\">\n\t\t\t\t\t\t\t\t\t\t\t\t\t\t\t\t\t<img decoding=\"async\" class=\"card-img-top\" src=\"https:\/\/bozita.com\/pl\/wp-content\/uploads\/sites\/9\/2021\/06\/bozita-miljovanlig-forpackning-tetra-recart.jpeg\" alt=\"\">\n\t\t\t\t\t\t\t\t\t\t\t\t\t\t\t\t<div class=\"card-body\">\n\t\t\t\t\t\t\t\t\t<h5 class=\"card-title\">Ekologiczne opakowanie<\/h5>\n\t\t\t\t\t\t\t\t\t<p class=\"card-text\">Wiele z naszych mokrych produkt\u00f3w spo\u017cywczych jest dostarczanych w Tetra Recart &#8211; przyjaznym dla klimatu rozwi\u0105zaniu opakowaniowym, kt\u00f3re mo\u017cna podda\u0107 recyklingowi wraz z innymi opakowaniami papierowymi.<\/p>\n\t\t\t\t\t\t\t\t\t\t\t\t\t\t\t\t\t\t\t<a target=\"\" href=\"https:\/\/bozita.com\/pl\/naturalne-skladniki-oraz-szwedzka-jakosc\/ekologiczne-opakowanie\/\" class=\"btn btn-white\">Ekologiczne opakowanie<\/a>\n\t\t\t\t\t\t\t\t\t\t\t\t\t\t\t\t\t\t<\/div>\n\t\t\t\t\t\t\t<\/div>\n\t\t\t\t\t\t<\/div>\n\t\t\t\t\t\t\t\t\t\t\t\t<div class=\"col-md-6\">\n\t\t\t\t\t\t\t<div class=\"card\">\n\t\t\t\t\t\t\t\t\t\t\t\t\t\t\t\t\t<img decoding=\"async\" class=\"card-img-top\" src=\"\" alt=\"\">\n\t\t\t\t\t\t\t\t\t\t\t\t\t\t\t\t<div class=\"card-body\">\n\t\t\t\t\t\t\t\t\t<h5 class=\"card-title\">Ambasadorzy<\/h5>\n\t\t\t\t\t\t\t\t\t<p class=\"card-text\">Dlatego nasi ambasadorzy\r\nwybieraj\u0105 Bozita<\/p>\n\t\t\t\t\t\t\t\t\t\t\t\t\t\t\t\t\t\t\t<a target=\"\" href=\"https:\/\/bozita.com\/pl\/naturalne-skladniki-oraz-szwedzka-jakosc\/ambasadorzy\/\" class=\"btn btn-white\">Ambasadorzy<\/a>\n\t\t\t\t\t\t\t\t\t\t\t\t\t\t\t\t\t\t<\/div>\n\t\t\t\t\t\t\t<\/div>\n\t\t\t\t\t\t<\/div>\n\t\t\t\t\t\t\t\t\t\t\t\t<div class=\"col-md-6\">\n\t\t\t\t\t\t\t<div class=\"card\">\n\t\t\t\t\t\t\t\t\t\t\t\t\t\t\t\t\t<img decoding=\"async\" class=\"card-img-top\" src=\"\" alt=\"\">\n\t\t\t\t\t\t\t\t\t\t\t\t\t\t\t\t<div class=\"card-body\">\n\t\t\t\t\t\t\t\t\t<h5 class=\"card-title\"><\/h5>\n\t\t\t\t\t\t\t\t\t<p class=\"card-text\"><\/p>\n\t\t\t\t\t\t\t\t\t\t\t\t\t\t\t\t\t<\/div>\n\t\t\t\t\t\t\t<\/div>\n\t\t\t\t\t\t<\/div>\n\t\t\t\t\t\t\t\t\t<\/div>\n\t\t<\/div>\n\t<\/section>\n","protected":false},"excerpt":{"rendered":"","protected":false},"author":4,"featured_media":6698,"parent":0,"menu_order":0,"comment_status":"closed","ping_status":"closed","template":"guternberg.php","meta":{"footnotes":""},"acf":[],"yoast_head":"<!-- This site is optimized with the Yoast SEO plugin v21.3 - https:\/\/yoast.com\/wordpress\/plugins\/seo\/ -->\n<title>Gwarancja smaku | Bozita Polska<\/title>\n<meta name=\"description\" content=\"Dzi\u0119ki naszej gwarancji smaku mo\u017cesz uzyska\u0107 zwrot pieni\u0119dzy!\" \/>\n<meta name=\"robots\" content=\"index, follow, max-snippet:-1, max-image-preview:large, max-video-preview:-1\" \/>\n<link rel=\"canonical\" href=\"https:\/\/bozita.com\/pl\/gwarancja-smaku\/\" \/>\n<meta property=\"og:locale\" content=\"pl_PL\" \/>\n<meta property=\"og:type\" content=\"article\" \/>\n<meta property=\"og:title\" content=\"Gwarancja smaku | Bozita Polska\" \/>\n<meta property=\"og:description\" content=\"Dzi\u0119ki naszej gwarancji smaku mo\u017cesz uzyska\u0107 zwrot pieni\u0119dzy!\" \/>\n<meta property=\"og:url\" content=\"https:\/\/bozita.com\/pl\/gwarancja-smaku\/\" \/>\n<meta property=\"og:site_name\" content=\"Bozita Polska\" \/>\n<meta property=\"article:modified_time\" content=\"2025-05-20T10:46:51+00:00\" \/>\n<meta property=\"og:image\" content=\"https:\/\/bozita.com\/pl\/wp-content\/uploads\/sites\/9\/2021\/08\/bozita_swedish-natural-quality.jpg\" \/>\n\t<meta property=\"og:image:width\" content=\"800\" \/>\n\t<meta property=\"og:image:height\" content=\"533\" \/>\n\t<meta property=\"og:image:type\" content=\"image\/jpeg\" \/>\n<meta name=\"twitter:card\" content=\"summary_large_image\" \/>\n<!-- \/ Yoast SEO plugin. -->","yoast_head_json":{"title":"Gwarancja smaku | Bozita Polska","description":"Dzi\u0119ki naszej gwarancji smaku mo\u017cesz uzyska\u0107 zwrot pieni\u0119dzy!","robots":{"index":"index","follow":"follow","max-snippet":"max-snippet:-1","max-image-preview":"max-image-preview:large","max-video-preview":"max-video-preview:-1"},"canonical":"https:\/\/bozita.com\/pl\/gwarancja-smaku\/","og_locale":"pl_PL","og_type":"article","og_title":"Gwarancja smaku | Bozita Polska","og_description":"Dzi\u0119ki naszej gwarancji smaku mo\u017cesz uzyska\u0107 zwrot pieni\u0119dzy!","og_url":"https:\/\/bozita.com\/pl\/gwarancja-smaku\/","og_site_name":"Bozita Polska","article_modified_time":"2025-05-20T10:46:51+00:00","og_image":[{"width":800,"height":533,"url":"https:\/\/bozita.com\/pl\/wp-content\/uploads\/sites\/9\/2021\/08\/bozita_swedish-natural-quality.jpg","type":"image\/jpeg"}],"twitter_card":"summary_large_image","schema":{"@context":"https:\/\/schema.org","@graph":[{"@type":"WebPage","@id":"https:\/\/bozita.com\/pl\/gwarancja-smaku\/","url":"https:\/\/bozita.com\/pl\/gwarancja-smaku\/","name":"Gwarancja smaku | Bozita Polska","isPartOf":{"@id":"https:\/\/bozita.com\/pl\/#website"},"datePublished":"2021-08-12T17:56:02+00:00","dateModified":"2025-05-20T10:46:51+00:00","description":"Dzi\u0119ki naszej gwarancji smaku mo\u017cesz uzyska\u0107 zwrot pieni\u0119dzy!","breadcrumb":{"@id":"https:\/\/bozita.com\/pl\/gwarancja-smaku\/#breadcrumb"},"inLanguage":"pl-PL","potentialAction":[{"@type":"ReadAction","target":["https:\/\/bozita.com\/pl\/gwarancja-smaku\/"]}]},{"@type":"BreadcrumbList","@id":"https:\/\/bozita.com\/pl\/gwarancja-smaku\/#breadcrumb","itemListElement":[{"@type":"ListItem","position":1,"name":"Home","item":"https:\/\/bozita.com\/pl\/"},{"@type":"ListItem","position":2,"name":"Gwarancja smaku"}]},{"@type":"WebSite","@id":"https:\/\/bozita.com\/pl\/#website","url":"https:\/\/bozita.com\/pl\/","name":"Bozita Polska","description":"","potentialAction":[{"@type":"SearchAction","target":{"@type":"EntryPoint","urlTemplate":"https:\/\/bozita.com\/pl\/?s={search_term_string}"},"query-input":"required name=search_term_string"}],"inLanguage":"pl-PL"}]}},"_links":{"self":[{"href":"https:\/\/bozita.com\/pl\/wp-json\/wp\/v2\/pages\/6726"}],"collection":[{"href":"https:\/\/bozita.com\/pl\/wp-json\/wp\/v2\/pages"}],"about":[{"href":"https:\/\/bozita.com\/pl\/wp-json\/wp\/v2\/types\/page"}],"author":[{"embeddable":true,"href":"https:\/\/bozita.com\/pl\/wp-json\/wp\/v2\/users\/4"}],"replies":[{"embeddable":true,"href":"https:\/\/bozita.com\/pl\/wp-json\/wp\/v2\/comments?post=6726"}],"version-history":[{"count":11,"href":"https:\/\/bozita.com\/pl\/wp-json\/wp\/v2\/pages\/6726\/revisions"}],"predecessor-version":[{"id":11722,"href":"https:\/\/bozita.com\/pl\/wp-json\/wp\/v2\/pages\/6726\/revisions\/11722"}],"wp:featuredmedia":[{"embeddable":true,"href":"https:\/\/bozita.com\/pl\/wp-json\/wp\/v2\/media\/6698"}],"wp:attachment":[{"href":"https:\/\/bozita.com\/pl\/wp-json\/wp\/v2\/media?parent=6726"}],"curies":[{"name":"wp","href":"https:\/\/api.w.org\/{rel}","templated":true}]}}