{"id":6730,"date":"2021-08-12T17:55:34","date_gmt":"2021-08-12T17:55:34","guid":{"rendered":"https:\/\/bozita.com\/pl\/buying-a-dog\/"},"modified":"2021-09-29T12:32:55","modified_gmt":"2021-09-29T12:32:55","slug":"buying-a-dog","status":"publish","type":"page","link":"https:\/\/bozita.com\/pl\/zycie-z-psem\/buying-a-dog\/","title":{"rendered":"Przygotowywanie si\u0119 do kupna psa"},"content":{"rendered":"\n\t\t<section class=\"small-hero-with-image\">\n\t\t\t\t\t\t\t<img decoding=\"async\" class=\"background-image\" src=\"https:\/\/bozita.com\/pl\/wp-content\/uploads\/sites\/9\/2021\/08\/bozita-kopa-hund-2.jpg\" alt=\"\">\n\t\t\t\t\t\t\t<div class=\"overlay-v1 overlay-bg\">\n\t\t\t\t<div class=\"container\">\n\t\t\t\t\t<div class=\"row\">\n\t\t\t\t\t\t<div class=\"col-md-6 col-lg-5\">\n\t\t\t\t\t\t\t<h5>Wiedza<\/h5><h1>Kupno psa<\/h1><p><p>Zastanawiasz si\u0119 nad kupnem\/przygarni\u0119ciem psa lub szczeniaka? Przemy\u015bl decyzj\u0119 dok\u0142adnie i poczytaj o tym, jak <a href=\"https:\/\/bozita.com\/pl\/zycie-z-psem\/zdrowie-psa\/\">najlepiej opiekowa\u0107 si\u0119 psem<\/a>.<\/p>\n<\/p>\t\t\t\t\t\t<\/div>\n\t\t\t\t\t<\/div>\n\t\t\t\t<\/div>\n\t\t\t<\/div>\n\t\t<\/section>\n\t\t\n\n\t<div class=\"text-box-warp\">\n\t\t<div class=\"container\">\n\t\t\t<div class=\"text-content\">\n\t\t\t\t<p>Czy jeste\u015b got\u00f3w wzi\u0105\u0107 odpowiedzialno\u015b\u0107 za swojego psa na d\u0142ugie lata? Czy masz czas i \u015brodki finansowe, aby zaj\u0105\u0107 si\u0119 wychowaniem ma\u0142ego szczeniaka? Je\u015bli odpowied\u017a brzmi tak, to czeka Ci\u0119 wspania\u0142a podr\u00f3\u017c. Przygotuj si\u0119 odpowiednio. Upewnij si\u0119, \u017ce wybra\u0142e\u015b ras\u0119 psa, kt\u00f3ra pasuje do Ciebie i Twojego stylu \u017cycia. To daje pewno\u015b\u0107, \u017ce Ty i Tw\u00f3j pies b\u0119dziecie mieli najlepszy mo\u017cliwy start razem.<\/p>\n\t\t\t<\/div>\n\t\t<\/div>\n\t<\/div>\n\n\n\n\t<section class=\"block explore-other-topics\">\n\t<div class=\"container\">\n\t\t<h2>Zapoznaj si\u0119 z innymi tematami<\/h2>\n\t\t<div class=\"row\">\n\t\t\t\t\t\t\t\t<div class=\"col-md-6 col-lg-3\">\n\t\t\t\t\t\t\t\t\t\t\t\t\t<h6>Rozw\u00f3j psa<\/h6>\n\t\t\t\t\t\t\t\t\t\t\t\t\t<div class=\"card \">\n\t\t\t\t\t\t\t<img loading=\"lazy\" decoding=\"async\" width=\"800\" height=\"536\" src=\"https:\/\/bozita.com\/pl\/wp-content\/uploads\/sites\/9\/2021\/06\/bozita-hundens-utveckling.jpg\" class=\"attachment-post-thumbnail size-post-thumbnail wp-post-image\" alt=\"Rozw\u00f3j psa\" srcset=\"https:\/\/bozita.com\/pl\/wp-content\/uploads\/sites\/9\/2021\/06\/bozita-hundens-utveckling.jpg 800w, https:\/\/bozita.com\/pl\/wp-content\/uploads\/sites\/9\/2021\/06\/bozita-hundens-utveckling-300x201.jpg 300w, https:\/\/bozita.com\/pl\/wp-content\/uploads\/sites\/9\/2021\/06\/bozita-hundens-utveckling-768x515.jpg 768w\" sizes=\"(max-width: 800px) 100vw, 800px\" \/>\n\t\t\t\t\t\t\t\t\t\t\t\t\t\t<div class=\"card-body\">\n\t\t\t\t\t\t\t\t\n\t\t\t\t\t\t\t\t\t\t\t\t\t\t\t\t\t<ul>\n\t\t\t\t\t\t\t\t\t\t\t\t\t\t\t\t\t\t\t\t\t<li><a href=\"https:\/\/bozita.com\/pl\/zycie-z-psem\/rozwoj-psa\/rozwoj-psa-od-okresu-szczeniecego-do-doroslosci\/\">Rozw\u00f3j psa od okresu szczeni\u0119cego do doros\u0142o\u015bci<\/a><\/li>\n\t\t\t\t\t\t\t\t\t\t\t\t\t\t\t\t\t\t\t\t\t\t<li><a href=\"https:\/\/bozita.com\/pl\/zycie-z-psem\/rozwoj-psa\/nagly-strach-psa\/\">Czy tw\u00f3j pies nagle reaguje strachem?<\/a><\/li>\n\t\t\t\t\t\t\t\t\t\t\t\t\t\t\t\t\t\t\t\t\t\t<li><a href=\"https:\/\/bozita.com\/pl\/zycie-z-psem\/rozwoj-psa\/zostawianie-psa-samego-w-domu-jak-przyzwyczaic-do-tego-czworonoga\/\">Trening samotno\u015bci &#8211; zostawianie psa samego w domu<\/a><\/li>\n\t\t\t\t\t\t\t\t\t\t\t\t\t\t\t\t\t\t\t\t<\/ul>\n\t\t\t\t\t\t\t\t\t\t\t\t\t\t\t\t<a target=\"\" href=\"https:\/\/bozita.com\/pl\/zycie-z-psem\/rozwoj-psa\/\" class=\"btn btn-primary\">Wi\u0119cej artyku\u0142\u00f3w<\/a>\n\t\t\t\t\t\t\t<\/div>\n\t\t\t\t\t\t<\/div>\n\t\t\t\t\t<\/div>\n\t\t\t\t\t\t\t\t\t\t<div class=\"col-md-6 col-lg-3\">\n\t\t\t\t\t\t\t\t\t\t\t\t\t<h6>\u017bywienie i dieta<\/h6>\n\t\t\t\t\t\t\t\t\t\t\t\t\t<div class=\"card \">\n\t\t\t\t\t\t\t<img loading=\"lazy\" decoding=\"async\" width=\"800\" height=\"537\" src=\"https:\/\/bozita.com\/pl\/wp-content\/uploads\/sites\/9\/2021\/06\/bozita-nutrition-kost.jpg\" class=\"attachment-post-thumbnail size-post-thumbnail wp-post-image\" alt=\"\u017bycie z psem\" srcset=\"https:\/\/bozita.com\/pl\/wp-content\/uploads\/sites\/9\/2021\/06\/bozita-nutrition-kost.jpg 800w, https:\/\/bozita.com\/pl\/wp-content\/uploads\/sites\/9\/2021\/06\/bozita-nutrition-kost-300x201.jpg 300w, https:\/\/bozita.com\/pl\/wp-content\/uploads\/sites\/9\/2021\/06\/bozita-nutrition-kost-768x516.jpg 768w\" sizes=\"(max-width: 800px) 100vw, 800px\" \/>\n\t\t\t\t\t\t\t\t\t\t\t\t\t\t<div class=\"card-body\">\n\t\t\t\t\t\t\t\t\n\t\t\t\t\t\t\t\t\t\t\t\t\t\t\t\t\t<ul>\n\t\t\t\t\t\t\t\t\t\t\t\t\t\t\t\t\t\t\t\t\t<li><a href=\"https:\/\/bozita.com\/pl\/karma-dla-psow\/zywienie-i-dieta\/co-i-ile-powienien-jesc-pies\/\">Co jedz\u0105 psy? Ile powinien je\u015b\u0107 pies?<\/a><\/li>\n\t\t\t\t\t\t\t\t\t\t\t\t\t\t\t\t\t\t\t\t\t\t<li><a href=\"https:\/\/bozita.com\/pl\/karma-dla-psow\/zywienie-i-dieta\/czego-nie-moga-jesc-psy\/\">Czego nie mog\u0105 je\u015b\u0107 psy \u2013 niebezpieczne produkty<\/a><\/li>\n\t\t\t\t\t\t\t\t\t\t\t\t\t\t\t\t\t\t\t\t\t\t<li><a href=\"https:\/\/bozita.com\/pl\/karma-dla-psow\/zywienie-i-dieta\/pozbawiona-zboz-karma-dla-psa-wszystko-co-musisz-wiedziec\/\">Pozbawiona zb\u00f3\u017c karma dla psa<\/a><\/li>\n\t\t\t\t\t\t\t\t\t\t\t\t\t\t\t\t\t\t\t\t<\/ul>\n\t\t\t\t\t\t\t\t\t\t\t\t\t\t\t\t<a target=\"\" href=\"https:\/\/bozita.com\/pl\/karma-dla-psow\/zywienie-i-dieta\/\" class=\"btn btn-primary\">Wi\u0119cej artyku\u0142\u00f3w<\/a>\n\t\t\t\t\t\t\t<\/div>\n\t\t\t\t\t\t<\/div>\n\t\t\t\t\t<\/div>\n\t\t\t\t\t\t\t\t\t\t<div class=\"col-md-6 col-lg-3\">\n\t\t\t\t\t\t\t\t\t\t\t\t\t<h6>Zdrowie psa<\/h6>\n\t\t\t\t\t\t\t\t\t\t\t\t\t<div class=\"card \">\n\t\t\t\t\t\t\t<img loading=\"lazy\" decoding=\"async\" width=\"800\" height=\"533\" src=\"https:\/\/bozita.com\/pl\/wp-content\/uploads\/sites\/9\/2021\/06\/bozita-avmaska-hundvalp-hund.jpg\" class=\"attachment-post-thumbnail size-post-thumbnail wp-post-image\" alt=\"Zdrowie psa\" srcset=\"https:\/\/bozita.com\/pl\/wp-content\/uploads\/sites\/9\/2021\/06\/bozita-avmaska-hundvalp-hund.jpg 800w, https:\/\/bozita.com\/pl\/wp-content\/uploads\/sites\/9\/2021\/06\/bozita-avmaska-hundvalp-hund-300x200.jpg 300w, https:\/\/bozita.com\/pl\/wp-content\/uploads\/sites\/9\/2021\/06\/bozita-avmaska-hundvalp-hund-768x512.jpg 768w\" sizes=\"(max-width: 800px) 100vw, 800px\" \/>\n\t\t\t\t\t\t\t\t\t\t\t\t\t\t<div class=\"card-body\">\n\t\t\t\t\t\t\t\t\n\t\t\t\t\t\t\t\t\t\t\t\t\t\t\t\t\t<ul>\n\t\t\t\t\t\t\t\t\t\t\t\t\t\t\t\t\t\t\t\t\t<li><a href=\"https:\/\/bozita.com\/pl\/zycie-z-psem\/zdrowie-psa\/szczepienie-psa\/\">Szczepienia ps\u00f3w i szczeni\u0105t<\/a><\/li>\n\t\t\t\t\t\t\t\t\t\t\t\t\t\t\t\t\t\t\t\t\t\t<li><a href=\"https:\/\/bozita.com\/pl\/zycie-z-psem\/zdrowie-psa\/higiena-jamy-ustnej-i-szczotkowanie-zebow-psa\/\">Szczotkowanie z\u0119b\u00f3w | Psie z\u0119by i ich higiena<\/a><\/li>\n\t\t\t\t\t\t\t\t\t\t\t\t\t\t\t\t\t\t\t\t\t\t<li><a href=\"https:\/\/bozita.com\/pl\/zycie-z-psem\/zdrowie-psa\/uwazaj-na-zatrucia-grzybami-w-lasach\/\">Uwa\u017caj na zatrucia grzybami<\/a><\/li>\n\t\t\t\t\t\t\t\t\t\t\t\t\t\t\t\t\t\t\t\t<\/ul>\n\t\t\t\t\t\t\t\t\t\t\t\t\t\t\t\t<a target=\"\" href=\"https:\/\/bozita.com\/pl\/zycie-z-psem\/zdrowie-psa\/\" class=\"btn btn-primary\">Wi\u0119cej artyku\u0142\u00f3w<\/a>\n\t\t\t\t\t\t\t<\/div>\n\t\t\t\t\t\t<\/div>\n\t\t\t\t\t<\/div>\n\t\t\t\t\t\t\t\t\t\t<div class=\"col-md-6 col-lg-3\">\n\t\t\t\t\t\t\t\t\t\t\t\t\t<h6>Aktywno\u015b\u0107 fizyczna<\/h6>\n\t\t\t\t\t\t\t\t\t\t\t\t\t<div class=\"card \">\n\t\t\t\t\t\t\t<img loading=\"lazy\" decoding=\"async\" width=\"800\" height=\"531\" src=\"https:\/\/bozita.com\/pl\/wp-content\/uploads\/sites\/9\/2021\/06\/bozita-aktivera-hund.jpg\" class=\"attachment-post-thumbnail size-post-thumbnail wp-post-image\" alt=\"Aktywno\u015b\u0107 fizyczna\" srcset=\"https:\/\/bozita.com\/pl\/wp-content\/uploads\/sites\/9\/2021\/06\/bozita-aktivera-hund.jpg 800w, https:\/\/bozita.com\/pl\/wp-content\/uploads\/sites\/9\/2021\/06\/bozita-aktivera-hund-300x199.jpg 300w, https:\/\/bozita.com\/pl\/wp-content\/uploads\/sites\/9\/2021\/06\/bozita-aktivera-hund-768x510.jpg 768w\" sizes=\"(max-width: 800px) 100vw, 800px\" \/>\n\t\t\t\t\t\t\t\t\t\t\t\t\t\t<div class=\"card-body\">\n\t\t\t\t\t\t\t\t\n\t\t\t\t\t\t\t\t\t\t\t\t\t\t\t\t\t<ul>\n\t\t\t\t\t\t\t\t\t\t\t\t\t\t\t\t\t\t\t\t\t<li><a href=\"https:\/\/bozita.com\/pl\/zycie-z-psem\/aktywnosc-fizyczna\/zachec-psa-do-aktywnosci-aby-poprawic-wspolne-relacje\/\">Aktywno\u015bci na umocnienie wi\u0119zi z Twoim psem<\/a><\/li>\n\t\t\t\t\t\t\t\t\t\t\t\t\t\t\t\t\t\t\t\t\t\t<li><a href=\"https:\/\/bozita.com\/pl\/zycie-z-psem\/aktywnosc-fizyczna\/szkolenie-rownowagi-z-astrid\/\">Szkolenie r\u00f3wnowagi z Astrid<\/a><\/li>\n\t\t\t\t\t\t\t\t\t\t\t\t\t\t\t\t\t\t\t\t<\/ul>\n\t\t\t\t\t\t\t\t\t\t\t\t\t\t\t\t<a target=\"\" href=\"https:\/\/bozita.com\/pl\/zycie-z-psem\/aktywnosc-fizyczna\/\" class=\"btn btn-primary\">Wi\u0119cej artyku\u0142\u00f3w<\/a>\n\t\t\t\t\t\t\t<\/div>\n\t\t\t\t\t\t<\/div>\n\t\t\t\t\t<\/div>\n\t\t\t\t\t\t\t<\/div>\n\t<\/div>\n<\/section>\n","protected":false},"excerpt":{"rendered":"","protected":false},"author":4,"featured_media":6732,"parent":6781,"menu_order":0,"comment_status":"closed","ping_status":"closed","template":"guternberg.php","meta":{"footnotes":""},"acf":[],"yoast_head":"<!-- This site is optimized with the Yoast SEO plugin v21.3 - https:\/\/yoast.com\/wordpress\/plugins\/seo\/ -->\n<title>Przygotowywanie si\u0119 do kupna psa | Bozita Polska<\/title>\n<meta name=\"description\" content=\"Buying or getting a dog or puppy requires a bit of preparation and you need to be read before. Bozita guides you in what you need to think about.\" \/>\n<meta name=\"robots\" content=\"index, follow, max-snippet:-1, max-image-preview:large, max-video-preview:-1\" \/>\n<link rel=\"canonical\" href=\"https:\/\/bozita.com\/pl\/zycie-z-psem\/buying-a-dog\/\" \/>\n<meta property=\"og:locale\" content=\"pl_PL\" \/>\n<meta property=\"og:type\" content=\"article\" \/>\n<meta property=\"og:title\" content=\"Przygotowywanie si\u0119 do kupna psa | Bozita Polska\" \/>\n<meta property=\"og:description\" content=\"Buying or getting a dog or puppy requires a bit of preparation and you need to be read before. Bozita guides you in what you need to think about.\" \/>\n<meta property=\"og:url\" content=\"https:\/\/bozita.com\/pl\/zycie-z-psem\/buying-a-dog\/\" \/>\n<meta property=\"og:site_name\" content=\"Bozita Polska\" \/>\n<meta property=\"article:modified_time\" content=\"2021-09-29T12:32:55+00:00\" \/>\n<meta property=\"og:image\" content=\"https:\/\/bozita.com\/pl\/wp-content\/uploads\/sites\/9\/2021\/06\/bozita-kopa-hund.jpg\" \/>\n\t<meta property=\"og:image:width\" content=\"800\" \/>\n\t<meta property=\"og:image:height\" content=\"532\" \/>\n\t<meta property=\"og:image:type\" content=\"image\/jpeg\" \/>\n<meta name=\"twitter:card\" content=\"summary_large_image\" \/>\n<!-- \/ Yoast SEO plugin. -->","yoast_head_json":{"title":"Przygotowywanie si\u0119 do kupna psa | Bozita Polska","description":"Buying or getting a dog or puppy requires a bit of preparation and you need to be read before. Bozita guides you in what you need to think about.","robots":{"index":"index","follow":"follow","max-snippet":"max-snippet:-1","max-image-preview":"max-image-preview:large","max-video-preview":"max-video-preview:-1"},"canonical":"https:\/\/bozita.com\/pl\/zycie-z-psem\/buying-a-dog\/","og_locale":"pl_PL","og_type":"article","og_title":"Przygotowywanie si\u0119 do kupna psa | Bozita Polska","og_description":"Buying or getting a dog or puppy requires a bit of preparation and you need to be read before. Bozita guides you in what you need to think about.","og_url":"https:\/\/bozita.com\/pl\/zycie-z-psem\/buying-a-dog\/","og_site_name":"Bozita Polska","article_modified_time":"2021-09-29T12:32:55+00:00","og_image":[{"width":800,"height":532,"url":"https:\/\/bozita.com\/pl\/wp-content\/uploads\/sites\/9\/2021\/06\/bozita-kopa-hund.jpg","type":"image\/jpeg"}],"twitter_card":"summary_large_image","schema":{"@context":"https:\/\/schema.org","@graph":[{"@type":"WebPage","@id":"https:\/\/bozita.com\/pl\/zycie-z-psem\/buying-a-dog\/","url":"https:\/\/bozita.com\/pl\/zycie-z-psem\/buying-a-dog\/","name":"Przygotowywanie si\u0119 do kupna psa | Bozita Polska","isPartOf":{"@id":"https:\/\/bozita.com\/pl\/#website"},"datePublished":"2021-08-12T17:55:34+00:00","dateModified":"2021-09-29T12:32:55+00:00","description":"Buying or getting a dog or puppy requires a bit of preparation and you need to be read before. Bozita guides you in what you need to think about.","breadcrumb":{"@id":"https:\/\/bozita.com\/pl\/zycie-z-psem\/buying-a-dog\/#breadcrumb"},"inLanguage":"pl-PL","potentialAction":[{"@type":"ReadAction","target":["https:\/\/bozita.com\/pl\/zycie-z-psem\/buying-a-dog\/"]}]},{"@type":"BreadcrumbList","@id":"https:\/\/bozita.com\/pl\/zycie-z-psem\/buying-a-dog\/#breadcrumb","itemListElement":[{"@type":"ListItem","position":1,"name":"Home","item":"https:\/\/bozita.com\/pl\/"},{"@type":"ListItem","position":2,"name":"\u017bycie z psem","item":"https:\/\/bozita.com\/pl\/zycie-z-psem\/"},{"@type":"ListItem","position":3,"name":"Przygotowywanie si\u0119 do kupna psa"}]},{"@type":"WebSite","@id":"https:\/\/bozita.com\/pl\/#website","url":"https:\/\/bozita.com\/pl\/","name":"Bozita Polska","description":"","potentialAction":[{"@type":"SearchAction","target":{"@type":"EntryPoint","urlTemplate":"https:\/\/bozita.com\/pl\/?s={search_term_string}"},"query-input":"required name=search_term_string"}],"inLanguage":"pl-PL"}]}},"_links":{"self":[{"href":"https:\/\/bozita.com\/pl\/wp-json\/wp\/v2\/pages\/6730"}],"collection":[{"href":"https:\/\/bozita.com\/pl\/wp-json\/wp\/v2\/pages"}],"about":[{"href":"https:\/\/bozita.com\/pl\/wp-json\/wp\/v2\/types\/page"}],"author":[{"embeddable":true,"href":"https:\/\/bozita.com\/pl\/wp-json\/wp\/v2\/users\/4"}],"replies":[{"embeddable":true,"href":"https:\/\/bozita.com\/pl\/wp-json\/wp\/v2\/comments?post=6730"}],"version-history":[{"count":16,"href":"https:\/\/bozita.com\/pl\/wp-json\/wp\/v2\/pages\/6730\/revisions"}],"predecessor-version":[{"id":8686,"href":"https:\/\/bozita.com\/pl\/wp-json\/wp\/v2\/pages\/6730\/revisions\/8686"}],"up":[{"embeddable":true,"href":"https:\/\/bozita.com\/pl\/wp-json\/wp\/v2\/pages\/6781"}],"wp:featuredmedia":[{"embeddable":true,"href":"https:\/\/bozita.com\/pl\/wp-json\/wp\/v2\/media\/6732"}],"wp:attachment":[{"href":"https:\/\/bozita.com\/pl\/wp-json\/wp\/v2\/media?parent=6730"}],"curies":[{"name":"wp","href":"https:\/\/api.w.org\/{rel}","templated":true}]}}