{"id":6733,"date":"2021-08-12T17:55:28","date_gmt":"2021-08-12T17:55:28","guid":{"rendered":"https:\/\/bozita.com\/pl\/zycie-z-kotem\/rozwoj-kotow\/kocieta-rozwoj-i-socjalizacja\/"},"modified":"2022-09-29T07:00:58","modified_gmt":"2022-09-29T07:00:58","slug":"kocieta-rozwoj-i-socjalizacja","status":"publish","type":"page","link":"https:\/\/bozita.com\/pl\/zycie-z-kotem\/rozwoj-kotow\/kocieta-rozwoj-i-socjalizacja\/","title":{"rendered":"Rozw\u00f3j koci\u0105t &#8211; pierwsze chwile kota w domu"},"content":{"rendered":"\t\t<section class=\"small-hero\">\n\t\t\t<div class=\"container\">\n\t\t\t\t<h1 class=\"small-hero-title\">KOCI\u0118TA &#8211; ROZW\u00d3J I SOCJALIZACJA<\/h1>\t\t\t<\/div>\n\t\t\t<\/div>\n\t\t<\/section>\n\t\n\n\t<div class=\"text-box-warp\">\n\t\t<div class=\"container\">\n\t\t\t<div class=\"text-content\">\n\t\t\t\t<p><strong>Pocz\u0105tkuj\u0105cy w\u0142a\u015bciciele kot\u00f3w maj\u0105 do przemy\u015blenia wiele kwestii \u2013 przede wszystkim je\u015bli chodzi o rozw\u00f3j koci\u0105t. Pierwsze do\u015bwiadczenia odgrywaj\u0105 w tym przypadku istotn\u0105 rol\u0119, wp\u0142ywaj\u0105c na zachowanie mruczk\u00f3w w okresie doros\u0142o\u015bci, odporno\u015b\u0107 na stres oraz umiej\u0119tno\u015b\u0107 radzenia sobie w nowych sytuacjach. Du\u017ce znaczenie dla zachowa\u0144 spo\u0142ecznych kota w p\u00f3\u017aniejszym okresie \u017cycia maj\u0105 przede wszystkim do\u015bwiadczenia w tak zwanym okresie socjalizacji. Dla prawid\u0142owego rozwoju kociaka jest wi\u0119c wa\u017cne, aby prze\u017cy\u0142 w tym okresie jak najwi\u0119cej pozytywnych chwil, nawet je\u015bli budowa jego relacji z\u00a0cz\u0142owiekiem trwa do uko\u0144czenia czwartego miesi\u0105ca \u017cycia.<\/strong><\/p>\n<h2>R\u00d3\u017bNE ETAPY ROZWOJU KOCI\u0104T<\/h2>\n<p>Rozw\u00f3j dorastaj\u0105cego kociaka mo\u017cna podzieli\u0107 na trzy fazy: faz\u0119 neonataln\u0105, faz\u0119 socjalizacji oraz faz\u0119 m\u0142odzie\u0144cz\u0105.<\/p>\n<h3>FAZA NEONATALNA<\/h3>\n<p>Koci\u0119ta rodz\u0105 si\u0119 \u015blepe i g\u0142uche, wi\u0119c w fazie neonatalnej \u2013 od narodzin do oko\u0142o drugiego tygodnia \u017cycia \u2013 s\u0105 zdane na dotyk, w\u0119ch oraz zmys\u0142 temperatury. Koci\u0119ta s\u0105 w tym czasie ca\u0142kowicie zale\u017cne od matki. M\u0142ode otwieraj\u0105 oczy oko\u0142o drugiego tygodnia \u017cycia \u2013 to zdarzenie symbolizuje pocz\u0105tek fazy socjalizacji.<\/p>\n<h3>FAZA SOCJALIZACJI<\/h3>\n<p>Faza socjalizacji \u2013 pomi\u0119dzy drugim a sz\u00f3stym tygodniem \u017cycia \u2013 to etap wzmo\u017conej wra\u017cliwo\u015bci. Rozwija si\u0119 s\u0142uch i zmys\u0142 r\u00f3wnowagi, kociaki bawi\u0105 si\u0119 z rodze\u0144stwem z miotu, ucz\u0105 si\u0119 porozumiewa\u0107 z innymi przedstawicielami swojego gatunku i \u2013 powoli, lecz pewnie \u2013 przestawiaj\u0105 si\u0119 na pokarm o sta\u0142ej konsystencji.<\/p>\n<p>Koci\u0119ta w fazie socjalizacji s\u0105 oczywi\u015bcie wra\u017cliwe na nowe do\u015bwiadczenia i kontakty spo\u0142eczne. To w\u0142a\u015bnie teraz ogromne znaczenie maj\u0105 regularne, pozytywne interakcje koci\u0105t z r\u00f3\u017cnymi lud\u017ami, aby nauczy\u0142y si\u0119 one docenia\u0107 te relacje w p\u00f3\u017aniejszym okresie \u017cycia. To samo dotyczy kontakt\u00f3w koci\u0105t z innymi gatunkami zwierz\u0105t, na przyk\u0142ad z psami.<\/p>\n<ul>\n<li><ahref=\"https:\/\/bozita.com\/pl\/zycie-z-kotem\/rozwoj-kotow\/jak-zapoznac-kota-z-psem-w-trzech-prostych-krokach\/\">Jak zapozna\u0107 kota z psem w trzech prostych krokach?<\/a><\/li>\n<\/ul>\n<h3>FAZA M\u0141ODZIE\u0143CZA<\/h3>\n<p>Faza m\u0142odzie\u0144cza zaczyna si\u0119 u koci\u0105t oko\u0142o \u00f3smego tygodnia \u017cycia i trwa a\u017c do momentu osi\u0105gni\u0119cia dojrza\u0142o\u015bci p\u0142ciowej (najcz\u0119\u015bciej oko\u0142o 5-6 miesi\u0105ca \u017cycia, cho\u0107 mog\u0105 wyst\u0105pi\u0107 drobne r\u00f3\u017cnice mi\u0119dzy rasami). To w\u0142a\u015bnie w tym czasie koci\u0119ta ucz\u0105 si\u0119 samodzielno\u015bci i\u00a0staj\u0105 si\u0119 niezale\u017cne od matki (koci\u0119ta zostaj\u0105 mi\u0119dzy innymi odstawione od matki i\u00a0ca\u0142kowicie przestawiaj\u0105 si\u0119 na sta\u0142y pokarm).<\/p>\n<p>Koci\u0119ta mo\u017cna odstawi\u0107 od matki najwcze\u015bniej oko\u0142o 12. tygodnia \u017cycia. To wiek, w kt\u00f3rym zmiana ta nie powoduje \u017cadnych problem\u00f3w zwi\u0105zanych z separacj\u0105 i pozwala na zdrowy rozw\u00f3j oraz prawid\u0142ow\u0105 socjalizacj\u0119 zwierz\u0105t.<\/p>\n<h2>ROZW\u00d3J KOCIAKA W NOWYM DOMU<\/h2>\n<p>Wa\u017cne, aby po powitaniu koci\u0119cia w nowym domu kontynuowa\u0107 rozw\u00f3j jego umiej\u0119tno\u015bci spo\u0142ecznych.<\/p>\n<p>Cho\u0107 kociak przejawia najwy\u017csz\u0105 wra\u017cliwo\u015b\u0107 na kontakty spo\u0142eczne w okresie socjalizacji, jego relacje z lud\u017ami nie przestaj\u0105 si\u0119 kszta\u0142towa\u0107 do oko\u0142o 4. miesi\u0105ca \u017cycia. Ogromne znaczenie dla zbudowania trwa\u0142ej relacji ze zwierz\u0119ciem ma wi\u0119c tworzenie pozytywnych skojarze\u0144 z\u00a0w\u0142a\u015bcicielem oraz pozosta\u0142ymi cz\u0142onkami rodziny poprzez zabaw\u0119, karmienie lub podawanie kociakowi przysmak\u00f3w, a tak\u017ce inne interakcje, kt\u00f3re sprawiaj\u0105 mu przyjemno\u015b\u0107.<\/p>\n<p><strong>Pami\u0119taj:<\/strong><\/p>\n<ul>\n<li>Zminimalizuj ryzyko obra\u017ce\u0144 podczas zabawy, u\u017cywaj\u0105c bezpiecznych zabawek, kt\u00f3re nie stanowi\u0105 niebezpiecze\u0144stwa dla kociaka. Nie zach\u0119caj do zabawy z u\u017cyciem w\u0142asnych r\u0105k i n\u00f3g \u2013 zamiast tego korzystaj z zabawek, trzymaj\u0105c je z dala od siebie.<\/li>\n<li>Cz\u0119stowanie koci\u0119cia przysmakami to r\u00f3wnie\u017c dobry spos\u00f3b na stworzenie pozytywnych skojarze\u0144, lecz pami\u0119taj, aby uwzgl\u0119dni\u0107 ich warto\u015b\u0107 kaloryczn\u0105 w dziennej dawce pokarmu, zw\u0142aszcza gdy kot ju\u017c nieco podro\u015bnie.<\/li>\n<\/ul>\n\t\t\t<\/div>\n\t\t<\/div>\n\t<\/div>\n\n\n\n\t<section class=\"block related-articles\">\n\t\t<div class=\"container\">\n\t\t\t<h2>Artyku\u0142y powi\u0105zane<\/h2>\n\t\t\t<div class=\"row justify-content-center\">\n\t\t\t\t\t\t\t\t\t\t<div class=\"col-sm-6 col-md-6 col-lg-3\">\n\t\t\t\t\t\t\t\t\t\t\t\t\t\t<div class=\"card \">\n\t\t\t\t\t\t\t\t\t\t\t\t\t\t\t\t\t<img decoding=\"async\"  src=\"https:\/\/bozita.com\/pl\/wp-content\/uploads\/sites\/9\/2021\/08\/bozita_swedish-natural-quality.jpg\" alt=\"\">\n\t\t\t\t\t\t\t\t\t\t\t\t\t\t\t\t\t<!-- <img decoding=\"async\" src=\"\n\t\t\t\t\t\t\t\t\t\t\t\t\t\t\t\t\t\t\t\t\" alt=\"\n\t\t\t\t\t\t\t\t\t\t\t\t\t\t\t\t\t\t\t\t\t\t\t\t\t\t\t\"> -->\n\t\t\t\t\t\t\t\t<div class=\"card-body\">\n\t\t\t\t\t\t\t\t\t\t\t\t\t\t\t\t\t\t\t<h6>Anatomia kota i jego fizjologia<\/h6>\n\t\t\t\t\t\t\t\t\t\t\t\t\t\t\t\t\t\t\t<a href=\"https:\/\/bozita.com\/pl\/zycie-z-kotem\/rozwoj-kotow\/anatomia-kota-i-jego-fizjologia\/\">Czytaj wi\u0119cej &nbsp; ><\/a>\n\t\t\t\t\t\t\t\t<\/div>\n\t\t\t\t\t\t\t<\/div>\n\t\t\t\t\t\t<\/div>\n\n\t\t\t\t\t\t\t\t\t\t\t<div class=\"col-sm-6 col-md-6 col-lg-3\">\n\t\t\t\t\t\t\t\t\t\t\t\t\t\t<div class=\"card \">\n\t\t\t\t\t\t\t\t\t\t\t\t\t\t\t\t\t<img decoding=\"async\"  src=\"https:\/\/bozita.com\/pl\/wp-content\/uploads\/sites\/9\/2021\/08\/bozita-kattens-kroppssprak.jpg\" alt=\"\">\n\t\t\t\t\t\t\t\t\t\t\t\t\t\t\t\t\t<!-- <img decoding=\"async\" src=\"\n\t\t\t\t\t\t\t\t\t\t\t\t\t\t\t\t\t\t\t\t\" alt=\"\n\t\t\t\t\t\t\t\t\t\t\t\t\t\t\t\t\t\t\t\t\t\t\t\t\t\t\t\"> -->\n\t\t\t\t\t\t\t\t<div class=\"card-body\">\n\t\t\t\t\t\t\t\t\t\t\t\t\t\t\t\t\t\t\t<h6>Naucz si\u0119 interpretowa\u0107 koci j\u0119zyk i zachowanie<\/h6>\n\t\t\t\t\t\t\t\t\t\t\t\t\t\t\t\t\t\t\t<a href=\"https:\/\/bozita.com\/pl\/zycie-z-kotem\/rozwoj-kotow\/zachowanie-kota-i-koci-jezyk\/\">Czytaj wi\u0119cej &nbsp; ><\/a>\n\t\t\t\t\t\t\t\t<\/div>\n\t\t\t\t\t\t\t<\/div>\n\t\t\t\t\t\t<\/div>\n\n\t\t\t\t\t\t\t\t\t\t\t<div class=\"col-sm-6 col-md-6 col-lg-3\">\n\t\t\t\t\t\t\t\t\t\t\t\t\t\t<div class=\"card \">\n\t\t\t\t\t\t\t\t\t\t\t\t\t\t\t\t\t<img decoding=\"async\"  src=\"https:\/\/bozita.com\/pl\/wp-content\/uploads\/sites\/9\/2021\/08\/bozita-introducera-katter-for-varandra-elin-hirsch.jpg\" alt=\"\">\n\t\t\t\t\t\t\t\t\t\t\t\t\t\t\t\t\t<!-- <img decoding=\"async\" src=\"\n\t\t\t\t\t\t\t\t\t\t\t\t\t\t\t\t\t\t\t\t\" alt=\"\n\t\t\t\t\t\t\t\t\t\t\t\t\t\t\t\t\t\t\t\t\t\t\t\t\t\t\t\"> -->\n\t\t\t\t\t\t\t\t<div class=\"card-body\">\n\t\t\t\t\t\t\t\t\t\t\t\t\t\t\t\t\t\t\t<h6>Nowy kot w domu<\/h6>\n\t\t\t\t\t\t\t\t\t\t\t\t\t\t\t\t\t\t\t<a href=\"https:\/\/bozita.com\/pl\/zycie-z-kotem\/rozwoj-kotow\/jak-wprowadzic-nowego-kota-do-domu-w-ktorym-mieszkaja-inne-koty\/\">Czytaj wi\u0119cej &nbsp; ><\/a>\n\t\t\t\t\t\t\t\t<\/div>\n\t\t\t\t\t\t\t<\/div>\n\t\t\t\t\t\t<\/div>\n\n\t\t\t\t\t\t\t\t\t\t\t\t<\/div>\n\t\t<\/div>\n\t<\/section>\n","protected":false},"excerpt":{"rendered":"","protected":false},"author":1,"featured_media":6734,"parent":6689,"menu_order":0,"comment_status":"closed","ping_status":"closed","template":"guternberg.php","meta":{"footnotes":""},"acf":[],"yoast_head":"<!-- This site is optimized with the Yoast SEO plugin v21.3 - https:\/\/yoast.com\/wordpress\/plugins\/seo\/ -->\n<title>Rozw\u00f3j koci\u0105t - pierwsze chwile kota w domu | Bozita Polska<\/title>\n<meta name=\"description\" content=\"Poznaj etapy rozwoju koci\u0105t, aby lepiej je zrozumie\u0107 i m\u00f3c zapewni\u0107 im jak najlepsze \u017cycie w\u015br\u00f3d ludzi.\" \/>\n<meta name=\"robots\" content=\"index, follow, max-snippet:-1, max-image-preview:large, max-video-preview:-1\" \/>\n<link rel=\"canonical\" href=\"https:\/\/bozita.com\/pl\/zycie-z-kotem\/rozwoj-kotow\/kocieta-rozwoj-i-socjalizacja\/\" \/>\n<meta property=\"og:locale\" content=\"pl_PL\" \/>\n<meta property=\"og:type\" content=\"article\" \/>\n<meta property=\"og:title\" content=\"Rozw\u00f3j koci\u0105t - pierwsze chwile kota w domu | Bozita Polska\" \/>\n<meta property=\"og:description\" content=\"Poznaj etapy rozwoju koci\u0105t, aby lepiej je zrozumie\u0107 i m\u00f3c zapewni\u0107 im jak najlepsze \u017cycie w\u015br\u00f3d ludzi.\" \/>\n<meta property=\"og:url\" content=\"https:\/\/bozita.com\/pl\/zycie-z-kotem\/rozwoj-kotow\/kocieta-rozwoj-i-socjalizacja\/\" \/>\n<meta property=\"og:site_name\" content=\"Bozita Polska\" \/>\n<meta property=\"article:modified_time\" content=\"2022-09-29T07:00:58+00:00\" \/>\n<meta property=\"og:image\" content=\"https:\/\/bozita.com\/pl\/wp-content\/uploads\/sites\/9\/2021\/08\/bozita-socialisera-kattunge.jpg\" \/>\n\t<meta property=\"og:image:width\" content=\"800\" \/>\n\t<meta property=\"og:image:height\" content=\"535\" \/>\n\t<meta property=\"og:image:type\" content=\"image\/jpeg\" \/>\n<meta name=\"twitter:card\" content=\"summary_large_image\" \/>\n<!-- \/ Yoast SEO plugin. -->","yoast_head_json":{"title":"Rozw\u00f3j koci\u0105t - pierwsze chwile kota w domu | Bozita Polska","description":"Poznaj etapy rozwoju koci\u0105t, aby lepiej je zrozumie\u0107 i m\u00f3c zapewni\u0107 im jak najlepsze \u017cycie w\u015br\u00f3d ludzi.","robots":{"index":"index","follow":"follow","max-snippet":"max-snippet:-1","max-image-preview":"max-image-preview:large","max-video-preview":"max-video-preview:-1"},"canonical":"https:\/\/bozita.com\/pl\/zycie-z-kotem\/rozwoj-kotow\/kocieta-rozwoj-i-socjalizacja\/","og_locale":"pl_PL","og_type":"article","og_title":"Rozw\u00f3j koci\u0105t - pierwsze chwile kota w domu | Bozita Polska","og_description":"Poznaj etapy rozwoju koci\u0105t, aby lepiej je zrozumie\u0107 i m\u00f3c zapewni\u0107 im jak najlepsze \u017cycie w\u015br\u00f3d ludzi.","og_url":"https:\/\/bozita.com\/pl\/zycie-z-kotem\/rozwoj-kotow\/kocieta-rozwoj-i-socjalizacja\/","og_site_name":"Bozita Polska","article_modified_time":"2022-09-29T07:00:58+00:00","og_image":[{"width":800,"height":535,"url":"https:\/\/bozita.com\/pl\/wp-content\/uploads\/sites\/9\/2021\/08\/bozita-socialisera-kattunge.jpg","type":"image\/jpeg"}],"twitter_card":"summary_large_image","schema":{"@context":"https:\/\/schema.org","@graph":[{"@type":"WebPage","@id":"https:\/\/bozita.com\/pl\/zycie-z-kotem\/rozwoj-kotow\/kocieta-rozwoj-i-socjalizacja\/","url":"https:\/\/bozita.com\/pl\/zycie-z-kotem\/rozwoj-kotow\/kocieta-rozwoj-i-socjalizacja\/","name":"Rozw\u00f3j koci\u0105t - pierwsze chwile kota w domu | Bozita Polska","isPartOf":{"@id":"https:\/\/bozita.com\/pl\/#website"},"datePublished":"2021-08-12T17:55:28+00:00","dateModified":"2022-09-29T07:00:58+00:00","description":"Poznaj etapy rozwoju koci\u0105t, aby lepiej je zrozumie\u0107 i m\u00f3c zapewni\u0107 im jak najlepsze \u017cycie w\u015br\u00f3d ludzi.","breadcrumb":{"@id":"https:\/\/bozita.com\/pl\/zycie-z-kotem\/rozwoj-kotow\/kocieta-rozwoj-i-socjalizacja\/#breadcrumb"},"inLanguage":"pl-PL","potentialAction":[{"@type":"ReadAction","target":["https:\/\/bozita.com\/pl\/zycie-z-kotem\/rozwoj-kotow\/kocieta-rozwoj-i-socjalizacja\/"]}]},{"@type":"BreadcrumbList","@id":"https:\/\/bozita.com\/pl\/zycie-z-kotem\/rozwoj-kotow\/kocieta-rozwoj-i-socjalizacja\/#breadcrumb","itemListElement":[{"@type":"ListItem","position":1,"name":"Home","item":"https:\/\/bozita.com\/pl\/"},{"@type":"ListItem","position":2,"name":"Kupno kota i \u017cycie z nim. Porady dla pocz\u0105tkuj\u0105cych","item":"https:\/\/bozita.com\/pl\/zycie-z-kotem\/"},{"@type":"ListItem","position":3,"name":"Poznaj etapy rozwoju kota i zosta\u0144 dobrym opiekunem","item":"https:\/\/bozita.com\/pl\/zycie-z-kotem\/rozwoj-kotow\/"},{"@type":"ListItem","position":4,"name":"Rozw\u00f3j koci\u0105t &#8211; pierwsze chwile kota w domu"}]},{"@type":"WebSite","@id":"https:\/\/bozita.com\/pl\/#website","url":"https:\/\/bozita.com\/pl\/","name":"Bozita Polska","description":"","potentialAction":[{"@type":"SearchAction","target":{"@type":"EntryPoint","urlTemplate":"https:\/\/bozita.com\/pl\/?s={search_term_string}"},"query-input":"required name=search_term_string"}],"inLanguage":"pl-PL"}]}},"_links":{"self":[{"href":"https:\/\/bozita.com\/pl\/wp-json\/wp\/v2\/pages\/6733"}],"collection":[{"href":"https:\/\/bozita.com\/pl\/wp-json\/wp\/v2\/pages"}],"about":[{"href":"https:\/\/bozita.com\/pl\/wp-json\/wp\/v2\/types\/page"}],"author":[{"embeddable":true,"href":"https:\/\/bozita.com\/pl\/wp-json\/wp\/v2\/users\/1"}],"replies":[{"embeddable":true,"href":"https:\/\/bozita.com\/pl\/wp-json\/wp\/v2\/comments?post=6733"}],"version-history":[{"count":7,"href":"https:\/\/bozita.com\/pl\/wp-json\/wp\/v2\/pages\/6733\/revisions"}],"predecessor-version":[{"id":9508,"href":"https:\/\/bozita.com\/pl\/wp-json\/wp\/v2\/pages\/6733\/revisions\/9508"}],"up":[{"embeddable":true,"href":"https:\/\/bozita.com\/pl\/wp-json\/wp\/v2\/pages\/6689"}],"wp:featuredmedia":[{"embeddable":true,"href":"https:\/\/bozita.com\/pl\/wp-json\/wp\/v2\/media\/6734"}],"wp:attachment":[{"href":"https:\/\/bozita.com\/pl\/wp-json\/wp\/v2\/media?parent=6733"}],"curies":[{"name":"wp","href":"https:\/\/api.w.org\/{rel}","templated":true}]}}