{"id":6738,"date":"2021-08-12T17:55:14","date_gmt":"2021-08-12T17:55:14","guid":{"rendered":"https:\/\/bozita.com\/pl\/zycie-z-kotem\/rozwoj-kotow\/zachowanie-kota-i-koci-jezyk\/"},"modified":"2022-09-29T07:02:34","modified_gmt":"2022-09-29T07:02:34","slug":"zachowanie-kota-i-koci-jezyk","status":"publish","type":"page","link":"https:\/\/bozita.com\/pl\/zycie-z-kotem\/rozwoj-kotow\/zachowanie-kota-i-koci-jezyk\/","title":{"rendered":"Naucz si\u0119 interpretowa\u0107 koci j\u0119zyk i zachowanie"},"content":{"rendered":"\t\t<section class=\"small-hero\">\n\t\t\t<div class=\"container\">\n\t\t\t\t<h5>Knowledge<\/h5><h1 class=\"small-hero-title\">ZACHOWANIE KOTA I KOCI J\u0118ZYK<\/h1><p><p>Interpretacja zachowa\u0144 i mowy cia\u0142a kot\u00f3w to zawsze \u015bwietna zabawa dla w\u0142a\u015bcicieli. Koci j\u0119zyk wyra\u017ca wi\u0119cej ni\u017c tysi\u0105c s\u0142\u00f3w, a ka\u017cdy kot posiada w\u0142asny wachlarz nastroj\u00f3w. <\/p>\n<\/p>\t\t\t<\/div>\n\t\t\t<\/div>\n\t\t<\/section>\n\t\n\n\t<div class=\"text-box-warp\">\n\t\t<div class=\"container\">\n\t\t\t<div class=\"text-content\">\n\t\t\t\t<p><strong>Niezale\u017cnie od tego, czy nale\u017cysz do prawdziwych weteran\u00f3w w\u00a0opiece nad kotami, czy dopiero zaczynasz swoj\u0105 przygod\u0119 w kocim kr\u00f3lestwie \u2013 odszyfrowanie uczu\u0107 i my\u015bli pupila mo\u017ce okaza\u0107 si\u0119 nie lada wyzwaniem. Niekt\u00f3re sygna\u0142y s\u0105 jasne, podczas gdy inne pozostawiaj\u0105 szerokie pole do interpretacji. Obserwuj\u0105c ogon, uszy i pyszczek swojego kota, mo\u017cesz nauczy\u0107 si\u0119 je odczytywa\u0107 i zrozumie\u0107, jak Tw\u00f3j podopieczny odbiera niekt\u00f3re sytuacje.<\/strong><\/p>\n<h2>ZACHOWANIE &#8211; ZADOWOLONY I ZRELAKSOWANY KOT<\/h2>\n<p>Mowa cia\u0142a zadowolonego kota jest zwykle \u0142atwa do rozpoznania. Jego uszy s\u0105 ustawione w pionie i\u00a0zwr\u00f3cone do przodu, a w\u0105sy znajduj\u0105 si\u0119 w odpr\u0119\u017conej pozycji. Zrelaksowany kot, kt\u00f3ry czuje si\u0119 bezpiecznie, ma cz\u0119sto przymkni\u0119te oczy lub mruga. W pozycji stoj\u0105cej jego ogon jest ustawiony w pionie i lekko zgi\u0119ty u g\u00f3ry, a w pozycji le\u017c\u0105cej \u2013 jego \u0142apy s\u0105 podwini\u0119te.<\/p>\n<h2>OZNAKI, \u017bE TW\u00d3J KOT JEST Z\u0141Y<\/h2>\n<p>To, jak Tw\u00f3j kot okazuje zdenerwowanie, zale\u017cy od stopnia jego rozdra\u017cnienia. Wiele kot\u00f3w zaczyna wtedy sycze\u0107, cho\u0107 s\u0105 te\u017c takie, kt\u00f3re nie wydaj\u0105 \u017cadnych d\u017awi\u0119k\u00f3w. Kot mo\u017ce te\u017c otwiera\u0107 pyszczek, pokazywa\u0107 z\u0119by, szeroko otwiera\u0107 oczy i zw\u0119\u017ca\u0107 \u017arenice.<\/p>\n<p>Zdenerwowany kot k\u0142adzie uszy po sobie, wycofuje si\u0119 i ustawia w\u0105sy w kierunku przeciwnym do pyszczka. Jego ogon jest ustawiony na wprost lub zawini\u0119ty mi\u0119dzy nogami. Zwierz\u0119 prostuje si\u0119, aby sprawi\u0107 wra\u017cenie wi\u0119kszego i onie\u015bmieli\u0107 przeciwnika lub k\u0142adzie si\u0119, przygotowuj\u0105c si\u0119 do ataku.<\/p>\n<h2>PO TYM POZNASZ, \u017bE KOT JEST NIESPOKOJNY<\/h2>\n<p>Koty s\u0105 wra\u017cliwe na zmiany i nowe sytuacje. Je\u015bli Tw\u00f3j kot pochyla g\u0142ow\u0119 i chowa si\u0119 lub wygina grzbiet, mo\u017ce to oznacza\u0107, \u017ce jest zaniepokojony.<\/p>\n<p>Koty cz\u0119sto wywijaj\u0105 wtedy ogonem z boku na bok i wyprostowuj\u0105 w\u0105sy lub k\u0142ad\u0105 je na boki. Kiedy kot jest niespokojny, jego oczy s\u0105 szeroko otwarte, a \u017arenice \u2013 powi\u0119kszone. Uszy poruszaj\u0105 si\u0119, staraj\u0105c si\u0119 przeskanowa\u0107 otoczenie lub je\u015bli kot jest bardzo zaniepokojony, le\u017c\u0105 p\u0142asko.<\/p>\n<h2>MOWA CIA\u0141A PRZESTRASZONEGO KOTA<\/h2>\n<p>Przestraszony kot zwiesza g\u0142ow\u0119 i uszy, k\u0142ad\u0105c w\u0105sy na boki. Wywija ogonem na boki lub zawija go mi\u0119dzy nogami i szeroko otwiera oczy.<\/p>\n<p>Zwierz\u0119 mo\u017ce zacz\u0105\u0107 sycze\u0107 i wygina\u0107 grzbiet, aby sprawi\u0107 wra\u017cenie wi\u0119kszego i odstraszy\u0107 swoim rozmiarem. Mo\u017ce si\u0119 r\u00f3wnie\u017c zdarzy\u0107, \u017ce kot zacznie si\u0119 kuli\u0107. Niezale\u017cnie od reakcji, wa\u017cne jest, aby wyeliminowa\u0107 zagro\u017cenie i nie wykonywa\u0107 gwa\u0142townych ruch\u00f3w, aby zwierz\u0119 poczu\u0142o si\u0119 bezpieczne \u2013 w przeciwnym razie kot mo\u017ce uzna\u0107 Ci\u0119 za zagro\u017cenie.<\/p>\n<h2>ZRELAKSOWANY KOT<\/h2>\n<p>Wiesz ju\u017c, jak kot zachowuje si\u0119, gdy jest przestraszony lub niespokojny. Dobrze jest wiedzie\u0107 tak\u017ce, po czym rozpozna\u0107, \u017ce zwierz\u0119 zn\u00f3w czuje si\u0119 bezpiecznie.<\/p>\n<p>Uszy, oczy, w\u0105sy, tu\u0142\u00f3w i ogon zrelaksowanego mruczka s\u0105 wyra\u017anie odpr\u0119\u017cone i kot cz\u0119sto si\u0119 rozci\u0105ga, aby roz\u0142adowa\u0107 napi\u0119cie. Niekt\u00f3re koty ziewaj\u0105, myj\u0105 si\u0119 lub obracaj\u0105 si\u0119 i przymykaj\u0105 oczy.<\/p>\n\t\t\t<\/div>\n\t\t<\/div>\n\t<\/div>\n\n\n\n\t<section class=\"block related-articles\">\n\t\t<div class=\"container\">\n\t\t\t<h2>Artyku\u0142y powi\u0105zane<\/h2>\n\t\t\t<div class=\"row justify-content-center\">\n\t\t\t\t\t\t\t\t\t\t<div class=\"col-sm-6 col-md-6 col-lg-3\">\n\t\t\t\t\t\t\t\t\t\t\t\t\t\t<div class=\"card \">\n\t\t\t\t\t\t\t\t\t\t\t\t\t\t\t\t\t<img decoding=\"async\"  src=\"https:\/\/bozita.com\/pl\/wp-content\/uploads\/sites\/9\/2021\/08\/bozita-socialisera-kattunge.jpg\" alt=\"\">\n\t\t\t\t\t\t\t\t\t\t\t\t\t\t\t\t\t<!-- <img decoding=\"async\" src=\"\n\t\t\t\t\t\t\t\t\t\t\t\t\t\t\t\t\t\t\t\t\" alt=\"\n\t\t\t\t\t\t\t\t\t\t\t\t\t\t\t\t\t\t\t\t\t\t\t\t\t\t\t\"> -->\n\t\t\t\t\t\t\t\t<div class=\"card-body\">\n\t\t\t\t\t\t\t\t\t\t\t\t\t\t\t\t\t\t\t<h6>Rozw\u00f3j koci\u0105t &#8211; pierwsze chwile kota w domu<\/h6>\n\t\t\t\t\t\t\t\t\t\t\t\t\t\t\t\t\t\t\t<a href=\"https:\/\/bozita.com\/pl\/zycie-z-kotem\/rozwoj-kotow\/kocieta-rozwoj-i-socjalizacja\/\">Czytaj wi\u0119cej &nbsp; ><\/a>\n\t\t\t\t\t\t\t\t<\/div>\n\t\t\t\t\t\t\t<\/div>\n\t\t\t\t\t\t<\/div>\n\n\t\t\t\t\t\t\t\t\t\t\t<div class=\"col-sm-6 col-md-6 col-lg-3\">\n\t\t\t\t\t\t\t\t\t\t\t\t\t\t<div class=\"card \">\n\t\t\t\t\t\t\t\t\t\t\t\t\t\t\t\t\t<img decoding=\"async\"  src=\"https:\/\/bozita.com\/pl\/wp-content\/uploads\/sites\/9\/2021\/08\/bozita_swedish-natural-quality.jpg\" alt=\"\">\n\t\t\t\t\t\t\t\t\t\t\t\t\t\t\t\t\t<!-- <img decoding=\"async\" src=\"\n\t\t\t\t\t\t\t\t\t\t\t\t\t\t\t\t\t\t\t\t\" alt=\"\n\t\t\t\t\t\t\t\t\t\t\t\t\t\t\t\t\t\t\t\t\t\t\t\t\t\t\t\"> -->\n\t\t\t\t\t\t\t\t<div class=\"card-body\">\n\t\t\t\t\t\t\t\t\t\t\t\t\t\t\t\t\t\t\t<h6>Anatomia kota i jego fizjologia<\/h6>\n\t\t\t\t\t\t\t\t\t\t\t\t\t\t\t\t\t\t\t<a href=\"https:\/\/bozita.com\/pl\/zycie-z-kotem\/rozwoj-kotow\/anatomia-kota-i-jego-fizjologia\/\">Czytaj wi\u0119cej &nbsp; ><\/a>\n\t\t\t\t\t\t\t\t<\/div>\n\t\t\t\t\t\t\t<\/div>\n\t\t\t\t\t\t<\/div>\n\n\t\t\t\t\t\t\t\t\t\t\t<div class=\"col-sm-6 col-md-6 col-lg-3\">\n\t\t\t\t\t\t\t\t\t\t\t\t\t\t<div class=\"card \">\n\t\t\t\t\t\t\t\t\t\t\t\t\t\t\t\t\t<img decoding=\"async\"  src=\"https:\/\/bozita.com\/pl\/wp-content\/uploads\/sites\/9\/2021\/08\/bozita-kattens-historia-domesticering.jpg\" alt=\"\">\n\t\t\t\t\t\t\t\t\t\t\t\t\t\t\t\t\t<!-- <img decoding=\"async\" src=\"\n\t\t\t\t\t\t\t\t\t\t\t\t\t\t\t\t\t\t\t\t\" alt=\"\n\t\t\t\t\t\t\t\t\t\t\t\t\t\t\t\t\t\t\t\t\t\t\t\t\t\t\t\"> -->\n\t\t\t\t\t\t\t\t<div class=\"card-body\">\n\t\t\t\t\t\t\t\t\t\t\t\t\t\t\t\t\t\t\t<h6>Historia kot\u00f3w i ich udomowienia przez ludzi<\/h6>\n\t\t\t\t\t\t\t\t\t\t\t\t\t\t\t\t\t\t\t<a href=\"https:\/\/bozita.com\/pl\/zycie-z-kotem\/rozwoj-kotow\/historia-kotow\/\">Czytaj wi\u0119cej &nbsp; ><\/a>\n\t\t\t\t\t\t\t\t<\/div>\n\t\t\t\t\t\t\t<\/div>\n\t\t\t\t\t\t<\/div>\n\n\t\t\t\t\t\t\t\t\t\t\t\t<\/div>\n\t\t<\/div>\n\t<\/section>\n","protected":false},"excerpt":{"rendered":"","protected":false},"author":1,"featured_media":6739,"parent":6689,"menu_order":0,"comment_status":"closed","ping_status":"closed","template":"guternberg.php","meta":{"footnotes":""},"acf":[],"yoast_head":"<!-- This site is optimized with the Yoast SEO plugin v21.3 - https:\/\/yoast.com\/wordpress\/plugins\/seo\/ -->\n<title>Naucz si\u0119 interpretowa\u0107 koci j\u0119zyk i zachowanie | Bozita Polska<\/title>\n<meta name=\"description\" content=\"Naucz si\u0119 interpretowa\u0107 mow\u0119 cia\u0142a i koci j\u0119zyk. Rozpoznaj, czy zwierz\u0119 jest zadowolone, zrelaksowane, zdenerwowane, przestraszone lub spokojne.\" \/>\n<meta name=\"robots\" content=\"index, follow, max-snippet:-1, max-image-preview:large, max-video-preview:-1\" \/>\n<link rel=\"canonical\" href=\"https:\/\/bozita.com\/pl\/zycie-z-kotem\/rozwoj-kotow\/zachowanie-kota-i-koci-jezyk\/\" \/>\n<meta property=\"og:locale\" content=\"pl_PL\" \/>\n<meta property=\"og:type\" content=\"article\" \/>\n<meta property=\"og:title\" content=\"Naucz si\u0119 interpretowa\u0107 koci j\u0119zyk i zachowanie | Bozita Polska\" \/>\n<meta property=\"og:description\" content=\"Naucz si\u0119 interpretowa\u0107 mow\u0119 cia\u0142a i koci j\u0119zyk. Rozpoznaj, czy zwierz\u0119 jest zadowolone, zrelaksowane, zdenerwowane, przestraszone lub spokojne.\" \/>\n<meta property=\"og:url\" content=\"https:\/\/bozita.com\/pl\/zycie-z-kotem\/rozwoj-kotow\/zachowanie-kota-i-koci-jezyk\/\" \/>\n<meta property=\"og:site_name\" content=\"Bozita Polska\" \/>\n<meta property=\"article:modified_time\" content=\"2022-09-29T07:02:34+00:00\" \/>\n<meta property=\"og:image\" content=\"https:\/\/bozita.com\/pl\/wp-content\/uploads\/sites\/9\/2021\/08\/bozita-kattens-kroppssprak.jpg\" \/>\n\t<meta property=\"og:image:width\" content=\"800\" \/>\n\t<meta property=\"og:image:height\" content=\"533\" \/>\n\t<meta property=\"og:image:type\" content=\"image\/jpeg\" \/>\n<meta name=\"twitter:card\" content=\"summary_large_image\" \/>\n<!-- \/ Yoast SEO plugin. -->","yoast_head_json":{"title":"Naucz si\u0119 interpretowa\u0107 koci j\u0119zyk i zachowanie | Bozita Polska","description":"Naucz si\u0119 interpretowa\u0107 mow\u0119 cia\u0142a i koci j\u0119zyk. Rozpoznaj, czy zwierz\u0119 jest zadowolone, zrelaksowane, zdenerwowane, przestraszone lub spokojne.","robots":{"index":"index","follow":"follow","max-snippet":"max-snippet:-1","max-image-preview":"max-image-preview:large","max-video-preview":"max-video-preview:-1"},"canonical":"https:\/\/bozita.com\/pl\/zycie-z-kotem\/rozwoj-kotow\/zachowanie-kota-i-koci-jezyk\/","og_locale":"pl_PL","og_type":"article","og_title":"Naucz si\u0119 interpretowa\u0107 koci j\u0119zyk i zachowanie | Bozita Polska","og_description":"Naucz si\u0119 interpretowa\u0107 mow\u0119 cia\u0142a i koci j\u0119zyk. Rozpoznaj, czy zwierz\u0119 jest zadowolone, zrelaksowane, zdenerwowane, przestraszone lub spokojne.","og_url":"https:\/\/bozita.com\/pl\/zycie-z-kotem\/rozwoj-kotow\/zachowanie-kota-i-koci-jezyk\/","og_site_name":"Bozita Polska","article_modified_time":"2022-09-29T07:02:34+00:00","og_image":[{"width":800,"height":533,"url":"https:\/\/bozita.com\/pl\/wp-content\/uploads\/sites\/9\/2021\/08\/bozita-kattens-kroppssprak.jpg","type":"image\/jpeg"}],"twitter_card":"summary_large_image","schema":{"@context":"https:\/\/schema.org","@graph":[{"@type":"WebPage","@id":"https:\/\/bozita.com\/pl\/zycie-z-kotem\/rozwoj-kotow\/zachowanie-kota-i-koci-jezyk\/","url":"https:\/\/bozita.com\/pl\/zycie-z-kotem\/rozwoj-kotow\/zachowanie-kota-i-koci-jezyk\/","name":"Naucz si\u0119 interpretowa\u0107 koci j\u0119zyk i zachowanie | Bozita Polska","isPartOf":{"@id":"https:\/\/bozita.com\/pl\/#website"},"datePublished":"2021-08-12T17:55:14+00:00","dateModified":"2022-09-29T07:02:34+00:00","description":"Naucz si\u0119 interpretowa\u0107 mow\u0119 cia\u0142a i koci j\u0119zyk. Rozpoznaj, czy zwierz\u0119 jest zadowolone, zrelaksowane, zdenerwowane, przestraszone lub spokojne.","breadcrumb":{"@id":"https:\/\/bozita.com\/pl\/zycie-z-kotem\/rozwoj-kotow\/zachowanie-kota-i-koci-jezyk\/#breadcrumb"},"inLanguage":"pl-PL","potentialAction":[{"@type":"ReadAction","target":["https:\/\/bozita.com\/pl\/zycie-z-kotem\/rozwoj-kotow\/zachowanie-kota-i-koci-jezyk\/"]}]},{"@type":"BreadcrumbList","@id":"https:\/\/bozita.com\/pl\/zycie-z-kotem\/rozwoj-kotow\/zachowanie-kota-i-koci-jezyk\/#breadcrumb","itemListElement":[{"@type":"ListItem","position":1,"name":"Home","item":"https:\/\/bozita.com\/pl\/"},{"@type":"ListItem","position":2,"name":"Kupno kota i \u017cycie z nim. Porady dla pocz\u0105tkuj\u0105cych","item":"https:\/\/bozita.com\/pl\/zycie-z-kotem\/"},{"@type":"ListItem","position":3,"name":"Poznaj etapy rozwoju kota i zosta\u0144 dobrym opiekunem","item":"https:\/\/bozita.com\/pl\/zycie-z-kotem\/rozwoj-kotow\/"},{"@type":"ListItem","position":4,"name":"Naucz si\u0119 interpretowa\u0107 koci j\u0119zyk i zachowanie"}]},{"@type":"WebSite","@id":"https:\/\/bozita.com\/pl\/#website","url":"https:\/\/bozita.com\/pl\/","name":"Bozita Polska","description":"","potentialAction":[{"@type":"SearchAction","target":{"@type":"EntryPoint","urlTemplate":"https:\/\/bozita.com\/pl\/?s={search_term_string}"},"query-input":"required name=search_term_string"}],"inLanguage":"pl-PL"}]}},"_links":{"self":[{"href":"https:\/\/bozita.com\/pl\/wp-json\/wp\/v2\/pages\/6738"}],"collection":[{"href":"https:\/\/bozita.com\/pl\/wp-json\/wp\/v2\/pages"}],"about":[{"href":"https:\/\/bozita.com\/pl\/wp-json\/wp\/v2\/types\/page"}],"author":[{"embeddable":true,"href":"https:\/\/bozita.com\/pl\/wp-json\/wp\/v2\/users\/1"}],"replies":[{"embeddable":true,"href":"https:\/\/bozita.com\/pl\/wp-json\/wp\/v2\/comments?post=6738"}],"version-history":[{"count":9,"href":"https:\/\/bozita.com\/pl\/wp-json\/wp\/v2\/pages\/6738\/revisions"}],"predecessor-version":[{"id":9512,"href":"https:\/\/bozita.com\/pl\/wp-json\/wp\/v2\/pages\/6738\/revisions\/9512"}],"up":[{"embeddable":true,"href":"https:\/\/bozita.com\/pl\/wp-json\/wp\/v2\/pages\/6689"}],"wp:featuredmedia":[{"embeddable":true,"href":"https:\/\/bozita.com\/pl\/wp-json\/wp\/v2\/media\/6739"}],"wp:attachment":[{"href":"https:\/\/bozita.com\/pl\/wp-json\/wp\/v2\/media?parent=6738"}],"curies":[{"name":"wp","href":"https:\/\/api.w.org\/{rel}","templated":true}]}}