{"id":6740,"date":"2021-08-12T17:54:56","date_gmt":"2021-08-12T17:54:56","guid":{"rendered":"https:\/\/bozita.com\/pl\/zycie-z-kotem\/rozwoj-kotow\/historia-kotow\/"},"modified":"2022-09-29T06:58:10","modified_gmt":"2022-09-29T06:58:10","slug":"historia-kotow","status":"publish","type":"page","link":"https:\/\/bozita.com\/pl\/zycie-z-kotem\/rozwoj-kotow\/historia-kotow\/","title":{"rendered":"Historia kot\u00f3w i ich udomowienia przez ludzi"},"content":{"rendered":"\t\t<section class=\"small-hero\">\n\t\t\t<div class=\"container\">\n\t\t\t\t<h1 class=\"small-hero-title\">HISTORIA KOT\u00d3W<\/h1>\t\t\t<\/div>\n\t\t\t<\/div>\n\t\t<\/section>\n\t\n\n\t<div class=\"text-box-warp\">\n\t\t<div class=\"container\">\n\t\t\t<div class=\"text-content\">\n\t\t\t\t<p><strong>Koty zosta\u0142y udomowione przez ludzi tysi\u0105ce lat temu. Cho\u0107 z pocz\u0105tku ich g\u0142\u00f3wn\u0105 rol\u0105 by\u0142o zwalczanie szkodnik\u00f3w, z up\u0142ywem czasu zwierz\u0119ta te sta\u0142y si\u0119 pe\u0142noprawnymi cz\u0142onkami rodziny.<\/strong><\/p>\n<h2>OD T\u0118PICIELA SZKODNIK\u00d3W DO ZWIERZ\u0118CIA DOMOWEGO<\/h2>\n<p>Kot domowy, jakiego dzisiaj znamy, to potomek dzikiego kota udomowionego przez ludzi tysi\u0105ce lat temu. Wed\u0142ug naukowc\u00f3w koty ujarzmiono ze wzgl\u0119du na ich zdolno\u015b\u0107 ochrony jedzenia przed szkodnikami oraz \u2013 przede wszystkim \u2013 gryzoniami.<\/p>\n<p>Historia kota domowego jest fascynuj\u0105ca. Wiele lat przed nasz\u0105 er\u0105 zwierz\u0119 to wysoko ceniono w Egipcie, cho\u0107 musia\u0142o min\u0105\u0107 troch\u0119 czasu, aby Europejczycy w r\u00f3wnym stopniu docenili jego zalety. Popularno\u015b\u0107 kot\u00f3w zacz\u0119\u0142a rosn\u0105\u0107 dopiero na pocz\u0105tku XIX wieku, a\u00a0w wielu krajach Europy mieszka dzi\u015b wi\u0119cej kot\u00f3w ni\u017c ps\u00f3w. W ostatnim czasie awansowa\u0142y one tak\u017ce z pozycji t\u0119piciela szkodnik\u00f3w do statusu wysoko cenionego zwierz\u0119cia domowego, a zarazem towarzysza.<\/p>\n<h2>INSTYNKT \u0141OWIECKI NIE ZNIKN\u0104\u0141 DO DZI\u015a<\/h2>\n<p>Pomimo roli towarzysza i szeregu eksperyment\u00f3w hodowlanych, ludziom do dzi\u015b nie uda\u0142o si\u0119 wyeliminowa\u0107 instynktu \u0142owieckiego u kota, co potwierdzi wi\u0119kszo\u015b\u0107 w\u0142a\u015bcicieli mruczk\u00f3w. Uwa\u017ca si\u0119, \u017ce instynkt ten jest wci\u0105\u017c obecny, poniewa\u017c zapotrzebowanie kaloryczne kot\u00f3w dopiero od niedawna w ca\u0142o\u015bci zaspokajaj\u0105 ludzie, za pomoc\u0105 prawid\u0142owo zbilansowanej diety z\u0142o\u017conej z\u00a0<a href=\"https:\/\/bozita.com\/pl\/karma-dla-kotow\/mokra-karma-dla-kota\/\">mokrej<\/a>\u00a0i\u00a0<a href=\"https:\/\/bozita.com\/pl\/karma-dla-kotow\/sucha-karma-dla-kota\/\">suchej<\/a>\u00a0karmy. Wcze\u015bniej koty zmuszone by\u0142y do polowania, aby uzupe\u0142ni\u0107 otrzymywane od cz\u0142owieka po\u017cywienie o wszystkie niezb\u0119dne sk\u0142adniki od\u017cywcze.<\/p>\n<h2>CZY KOTY NAPRAWD\u0118 S\u0104\u00a0UDOMOWIONE?<\/h2>\n<p>Wielu naukowc\u00f3w \u2013 i nie tylko \u2013 stawia\u0142o i wci\u0105\u017c stawia sobie frapuj\u0105ce pytanie: czy naprawd\u0119 mo\u017cemy zaliczy\u0107 koty do zwierz\u0105t udomowionych? Kwestia ta nurtuje wiele os\u00f3b, kt\u00f3re zwracaj\u0105 uwag\u0119 na to, jak bardzo zachowanie kot\u00f3w wobec cz\u0142owieka r\u00f3\u017cni si\u0119 od zachowania ps\u00f3w, cho\u0107 oba gatunki od dawna s\u0105 od nas zale\u017cne. W przeciwie\u0144stwie do ps\u00f3w, koty rzadko oferuj\u0105 swoim w\u0142a\u015bcicielom wi\u0119cej ni\u017c swoj\u0105 obecno\u015b\u0107. Opinie naukowc\u00f3w w tej kwestii r\u00f3\u017cni\u0105 si\u0119; niekt\u00f3rzy uwa\u017caj\u0105 koty za ca\u0142kowicie udomowione zwierz\u0119ta, a inni \u2013 jedynie cz\u0119\u015bciowo. My w Bozita jeste\u015bmy zdania, \u017ce koty to wspaniali towarzysze, nawet je\u015bli nie zawsze dzi\u0119kuj\u0105 nam za d\u0142ug\u0105 i wiern\u0105 s\u0142u\u017cb\u0119.<\/p>\n\t\t\t<\/div>\n\t\t<\/div>\n\t<\/div>\n\n\n\n\t<section class=\"block related-articles\">\n\t\t<div class=\"container\">\n\t\t\t<h2>Artyku\u0142y powi\u0105zane<\/h2>\n\t\t\t<div class=\"row justify-content-center\">\n\t\t\t\t\t\t\t\t\t\t<div class=\"col-sm-6 col-md-6 col-lg-3\">\n\t\t\t\t\t\t\t\t\t\t\t\t\t\t<div class=\"card \">\n\t\t\t\t\t\t\t\t\t\t\t\t\t\t\t\t\t<img decoding=\"async\"  src=\"https:\/\/bozita.com\/pl\/wp-content\/uploads\/sites\/9\/2021\/08\/bozita-introducera-katter-for-varandra-elin-hirsch.jpg\" alt=\"\">\n\t\t\t\t\t\t\t\t\t\t\t\t\t\t\t\t\t<!-- <img decoding=\"async\" src=\"\n\t\t\t\t\t\t\t\t\t\t\t\t\t\t\t\t\t\t\t\t\" alt=\"\n\t\t\t\t\t\t\t\t\t\t\t\t\t\t\t\t\t\t\t\t\t\t\t\t\t\t\t\"> -->\n\t\t\t\t\t\t\t\t<div class=\"card-body\">\n\t\t\t\t\t\t\t\t\t\t\t\t\t\t\t\t\t\t\t<h6>Nowy kot w domu<\/h6>\n\t\t\t\t\t\t\t\t\t\t\t\t\t\t\t\t\t\t\t<a href=\"https:\/\/bozita.com\/pl\/zycie-z-kotem\/rozwoj-kotow\/jak-wprowadzic-nowego-kota-do-domu-w-ktorym-mieszkaja-inne-koty\/\">Czytaj wi\u0119cej &nbsp; ><\/a>\n\t\t\t\t\t\t\t\t<\/div>\n\t\t\t\t\t\t\t<\/div>\n\t\t\t\t\t\t<\/div>\n\n\t\t\t\t\t\t\t\t\t\t\t<div class=\"col-sm-6 col-md-6 col-lg-3\">\n\t\t\t\t\t\t\t\t\t\t\t\t\t\t<div class=\"card \">\n\t\t\t\t\t\t\t\t\t\t\t\t\t\t\t\t\t<img decoding=\"async\"  src=\"https:\/\/bozita.com\/pl\/wp-content\/uploads\/sites\/9\/2021\/08\/bozita-introducera-katt-till-nytt-hem.jpg\" alt=\"\">\n\t\t\t\t\t\t\t\t\t\t\t\t\t\t\t\t\t<!-- <img decoding=\"async\" src=\"\n\t\t\t\t\t\t\t\t\t\t\t\t\t\t\t\t\t\t\t\t\" alt=\"\n\t\t\t\t\t\t\t\t\t\t\t\t\t\t\t\t\t\t\t\t\t\t\t\t\t\t\t\"> -->\n\t\t\t\t\t\t\t\t<div class=\"card-body\">\n\t\t\t\t\t\t\t\t\t\t\t\t\t\t\t\t\t\t\t<h6>Jak wprowadzi\u0107 nowego kota do domu?<\/h6>\n\t\t\t\t\t\t\t\t\t\t\t\t\t\t\t\t\t\t\t<a href=\"https:\/\/bozita.com\/pl\/zycie-z-kotem\/kupno-kota\/powitanie-kota-w-domu\/\">Czytaj wi\u0119cej &nbsp; ><\/a>\n\t\t\t\t\t\t\t\t<\/div>\n\t\t\t\t\t\t\t<\/div>\n\t\t\t\t\t\t<\/div>\n\n\t\t\t\t\t\t\t\t\t\t\t<div class=\"col-sm-6 col-md-6 col-lg-3\">\n\t\t\t\t\t\t\t\t\t\t\t\t\t\t<div class=\"card \">\n\t\t\t\t\t\t\t\t\t\t\t\t\t\t\t\t\t<img decoding=\"async\"  src=\"https:\/\/bozita.com\/pl\/wp-content\/uploads\/sites\/9\/2021\/08\/bozita-katter-ar-kottatare.jpg\" alt=\"\">\n\t\t\t\t\t\t\t\t\t\t\t\t\t\t\t\t\t<!-- <img decoding=\"async\" src=\"\n\t\t\t\t\t\t\t\t\t\t\t\t\t\t\t\t\t\t\t\t\" alt=\"\n\t\t\t\t\t\t\t\t\t\t\t\t\t\t\t\t\t\t\t\t\t\t\t\t\t\t\t\"> -->\n\t\t\t\t\t\t\t\t<div class=\"card-body\">\n\t\t\t\t\t\t\t\t\t\t\t\t\t\t\t\t\t\t\t<h6>Co jedz\u0105 koty i ile karmy powinny otrzymywa\u0107?<\/h6>\n\t\t\t\t\t\t\t\t\t\t\t\t\t\t\t\t\t\t\t<a href=\"https:\/\/bozita.com\/pl\/karma-dla-kotow\/zywienie-i-dieta\/co-jedza-koty-i-czym-karmic-kota\/\">Czytaj wi\u0119cej &nbsp; ><\/a>\n\t\t\t\t\t\t\t\t<\/div>\n\t\t\t\t\t\t\t<\/div>\n\t\t\t\t\t\t<\/div>\n\n\t\t\t\t\t\t\t\t\t\t\t\t<\/div>\n\t\t<\/div>\n\t<\/section>\n","protected":false},"excerpt":{"rendered":"","protected":false},"author":1,"featured_media":6741,"parent":6689,"menu_order":0,"comment_status":"closed","ping_status":"closed","template":"guternberg.php","meta":{"footnotes":""},"acf":[],"yoast_head":"<!-- This site is optimized with the Yoast SEO plugin v21.3 - https:\/\/yoast.com\/wordpress\/plugins\/seo\/ -->\n<title>Historia kot\u00f3w i ich udomowienia przez ludzi | Bozita Polska<\/title>\n<meta name=\"description\" content=\"Kot \u017cyje z cz\u0142owiekem od kilku tysi\u0119cy lat - lecz w jakim stopniu tak naprawd\u0119 zdo\u0142ali\u015bmy go udomowi\u0107? Poznaj fascynuj\u0105c\u0105 histori\u0119 kot\u00f3w.\" \/>\n<meta name=\"robots\" content=\"index, follow, max-snippet:-1, max-image-preview:large, max-video-preview:-1\" \/>\n<link rel=\"canonical\" href=\"https:\/\/bozita.com\/pl\/zycie-z-kotem\/rozwoj-kotow\/historia-kotow\/\" \/>\n<meta property=\"og:locale\" content=\"pl_PL\" \/>\n<meta property=\"og:type\" content=\"article\" \/>\n<meta property=\"og:title\" content=\"Historia kot\u00f3w i ich udomowienia przez ludzi | Bozita Polska\" \/>\n<meta property=\"og:description\" content=\"Kot \u017cyje z cz\u0142owiekem od kilku tysi\u0119cy lat - lecz w jakim stopniu tak naprawd\u0119 zdo\u0142ali\u015bmy go udomowi\u0107? Poznaj fascynuj\u0105c\u0105 histori\u0119 kot\u00f3w.\" \/>\n<meta property=\"og:url\" content=\"https:\/\/bozita.com\/pl\/zycie-z-kotem\/rozwoj-kotow\/historia-kotow\/\" \/>\n<meta property=\"og:site_name\" content=\"Bozita Polska\" \/>\n<meta property=\"article:modified_time\" content=\"2022-09-29T06:58:10+00:00\" \/>\n<meta property=\"og:image\" content=\"https:\/\/bozita.com\/pl\/wp-content\/uploads\/sites\/9\/2021\/08\/bozita-kattens-historia-domesticering.jpg\" \/>\n\t<meta property=\"og:image:width\" content=\"800\" \/>\n\t<meta property=\"og:image:height\" content=\"532\" \/>\n\t<meta property=\"og:image:type\" content=\"image\/jpeg\" \/>\n<meta name=\"twitter:card\" content=\"summary_large_image\" \/>\n<!-- \/ Yoast SEO plugin. -->","yoast_head_json":{"title":"Historia kot\u00f3w i ich udomowienia przez ludzi | Bozita Polska","description":"Kot \u017cyje z cz\u0142owiekem od kilku tysi\u0119cy lat - lecz w jakim stopniu tak naprawd\u0119 zdo\u0142ali\u015bmy go udomowi\u0107? Poznaj fascynuj\u0105c\u0105 histori\u0119 kot\u00f3w.","robots":{"index":"index","follow":"follow","max-snippet":"max-snippet:-1","max-image-preview":"max-image-preview:large","max-video-preview":"max-video-preview:-1"},"canonical":"https:\/\/bozita.com\/pl\/zycie-z-kotem\/rozwoj-kotow\/historia-kotow\/","og_locale":"pl_PL","og_type":"article","og_title":"Historia kot\u00f3w i ich udomowienia przez ludzi | Bozita Polska","og_description":"Kot \u017cyje z cz\u0142owiekem od kilku tysi\u0119cy lat - lecz w jakim stopniu tak naprawd\u0119 zdo\u0142ali\u015bmy go udomowi\u0107? Poznaj fascynuj\u0105c\u0105 histori\u0119 kot\u00f3w.","og_url":"https:\/\/bozita.com\/pl\/zycie-z-kotem\/rozwoj-kotow\/historia-kotow\/","og_site_name":"Bozita Polska","article_modified_time":"2022-09-29T06:58:10+00:00","og_image":[{"width":800,"height":532,"url":"https:\/\/bozita.com\/pl\/wp-content\/uploads\/sites\/9\/2021\/08\/bozita-kattens-historia-domesticering.jpg","type":"image\/jpeg"}],"twitter_card":"summary_large_image","schema":{"@context":"https:\/\/schema.org","@graph":[{"@type":"WebPage","@id":"https:\/\/bozita.com\/pl\/zycie-z-kotem\/rozwoj-kotow\/historia-kotow\/","url":"https:\/\/bozita.com\/pl\/zycie-z-kotem\/rozwoj-kotow\/historia-kotow\/","name":"Historia kot\u00f3w i ich udomowienia przez ludzi | Bozita Polska","isPartOf":{"@id":"https:\/\/bozita.com\/pl\/#website"},"datePublished":"2021-08-12T17:54:56+00:00","dateModified":"2022-09-29T06:58:10+00:00","description":"Kot \u017cyje z cz\u0142owiekem od kilku tysi\u0119cy lat - lecz w jakim stopniu tak naprawd\u0119 zdo\u0142ali\u015bmy go udomowi\u0107? Poznaj fascynuj\u0105c\u0105 histori\u0119 kot\u00f3w.","breadcrumb":{"@id":"https:\/\/bozita.com\/pl\/zycie-z-kotem\/rozwoj-kotow\/historia-kotow\/#breadcrumb"},"inLanguage":"pl-PL","potentialAction":[{"@type":"ReadAction","target":["https:\/\/bozita.com\/pl\/zycie-z-kotem\/rozwoj-kotow\/historia-kotow\/"]}]},{"@type":"BreadcrumbList","@id":"https:\/\/bozita.com\/pl\/zycie-z-kotem\/rozwoj-kotow\/historia-kotow\/#breadcrumb","itemListElement":[{"@type":"ListItem","position":1,"name":"Home","item":"https:\/\/bozita.com\/pl\/"},{"@type":"ListItem","position":2,"name":"Kupno kota i \u017cycie z nim. Porady dla pocz\u0105tkuj\u0105cych","item":"https:\/\/bozita.com\/pl\/zycie-z-kotem\/"},{"@type":"ListItem","position":3,"name":"Poznaj etapy rozwoju kota i zosta\u0144 dobrym opiekunem","item":"https:\/\/bozita.com\/pl\/zycie-z-kotem\/rozwoj-kotow\/"},{"@type":"ListItem","position":4,"name":"Historia kot\u00f3w i ich udomowienia przez ludzi"}]},{"@type":"WebSite","@id":"https:\/\/bozita.com\/pl\/#website","url":"https:\/\/bozita.com\/pl\/","name":"Bozita Polska","description":"","potentialAction":[{"@type":"SearchAction","target":{"@type":"EntryPoint","urlTemplate":"https:\/\/bozita.com\/pl\/?s={search_term_string}"},"query-input":"required name=search_term_string"}],"inLanguage":"pl-PL"}]}},"_links":{"self":[{"href":"https:\/\/bozita.com\/pl\/wp-json\/wp\/v2\/pages\/6740"}],"collection":[{"href":"https:\/\/bozita.com\/pl\/wp-json\/wp\/v2\/pages"}],"about":[{"href":"https:\/\/bozita.com\/pl\/wp-json\/wp\/v2\/types\/page"}],"author":[{"embeddable":true,"href":"https:\/\/bozita.com\/pl\/wp-json\/wp\/v2\/users\/1"}],"replies":[{"embeddable":true,"href":"https:\/\/bozita.com\/pl\/wp-json\/wp\/v2\/comments?post=6740"}],"version-history":[{"count":7,"href":"https:\/\/bozita.com\/pl\/wp-json\/wp\/v2\/pages\/6740\/revisions"}],"predecessor-version":[{"id":9503,"href":"https:\/\/bozita.com\/pl\/wp-json\/wp\/v2\/pages\/6740\/revisions\/9503"}],"up":[{"embeddable":true,"href":"https:\/\/bozita.com\/pl\/wp-json\/wp\/v2\/pages\/6689"}],"wp:featuredmedia":[{"embeddable":true,"href":"https:\/\/bozita.com\/pl\/wp-json\/wp\/v2\/media\/6741"}],"wp:attachment":[{"href":"https:\/\/bozita.com\/pl\/wp-json\/wp\/v2\/media?parent=6740"}],"curies":[{"name":"wp","href":"https:\/\/api.w.org\/{rel}","templated":true}]}}