{"id":6742,"date":"2021-08-12T17:54:46","date_gmt":"2021-08-12T17:54:46","guid":{"rendered":"https:\/\/bozita.com\/pl\/zycie-z-kotem\/rozwoj-kotow\/anatomia-kota-i-jego-fizjologia\/"},"modified":"2022-09-29T06:55:54","modified_gmt":"2022-09-29T06:55:54","slug":"anatomia-kota-i-jego-fizjologia","status":"publish","type":"page","link":"https:\/\/bozita.com\/pl\/zycie-z-kotem\/rozwoj-kotow\/anatomia-kota-i-jego-fizjologia\/","title":{"rendered":"Anatomia kota i jego fizjologia"},"content":{"rendered":"\t\t<section class=\"small-hero\">\n\t\t\t<div class=\"container\">\n\t\t\t\t<h1 class=\"small-hero-title\">ANATOMIA KOTA I JEGO FIZJOLOGIA<\/h1>\t\t\t<\/div>\n\t\t\t<\/div>\n\t\t<\/section>\n\t\n\n\t<div class=\"text-box-warp\">\n\t\t<div class=\"container\">\n\t\t\t<div class=\"text-content\">\n\t\t\t\t<p><strong>Cho\u0107 istnieje wiele r\u00f3\u017cnych ras i rodzaj\u00f3w kot\u00f3w, organizm ka\u017cdego z nich funkcjonuje mniej wi\u0119cej ten sam spos\u00f3b. Koty przypominaj\u0105 budow\u0105 cia\u0142a inne drapie\u017cniki obdarzone szybkim refleksem i smuk\u0142\u0105 sylwetk\u0105. Dzi\u0119ki temu mog\u0105 \u0142atwo wymkn\u0105\u0107 si\u0119 bardziej niebezpiecznym zwierz\u0119tom lub z\u0142apa\u0107 zdobycz podczas polowania. Je\u015bli chcesz zrozumie\u0107 zachowanie i potrzeby swojego kota, zapoznaj si\u0119 z jego anatomi\u0105 (budow\u0105) i\u00a0fizjologi\u0105 (sposobem funkcjonowania).<\/strong><\/p>\n<h2>KOTY DOSKONALE WIDZ\u0104 W CIEMNO\u015aCI<\/h2>\n<p>Kocie oko \u2013 niezwykle wa\u017cna cz\u0119\u015b\u0107 cia\u0142a \u2013 jest zbudowane tak, aby dobrze widzie\u0107 w ciemno\u015bci. Pole widzenia kot\u00f3w obejmuje 285 stopni, przy czym mniej wi\u0119cej po\u0142owa pola widzenia ka\u017cdego oka pokrywa si\u0119 z polem drugiego. Koty s\u0142yn\u0105 z dobrego wzroku, a zw\u0142aszcza z doskona\u0142ej zdolno\u015bci widzenia w ciemno\u015bci. Badania wykaza\u0142y, \u017ce oczy zwierz\u0105t o\u00a0nocnym trybie \u017cycia r\u00f3\u017cni\u0105 si\u0119 budow\u0105 od oczu tych \u017cyj\u0105cych w ci\u0105gu dnia. Zwierz\u0119ta nocne widz\u0105 w ciemno\u015bci sze\u015b\u0107 razy lepiej od ludzi.<\/p>\n<p>Jest tak, poniewa\u017c w ich oku znajduj\u0105 si\u0119 miliony drobnych soczewek wy\u0142apuj\u0105cych \u015bwiat\u0142o. Wystarczy jedynie jego niewielka ilo\u015b\u0107, aby zwierz\u0119 mog\u0142o dobrze widzie\u0107. W\u00a0ca\u0142kowitej ciemno\u015bci koty nie u\u017cywaj\u0105 oczu, lecz wibrys\u00f3w, a tak\u017ce uszu i nosa.<\/p>\n<p>Kocie oczy zosta\u0142y wyposa\u017cone r\u00f3wnie\u017c w warstw\u0119 odbijaj\u0105c\u0105 \u015bwiat\u0142o za siatk\u00f3wk\u0105, dzi\u0119ki kt\u00f3rej mo\u017ce wydawa\u0107 si\u0119, \u017ce \u015bwiec\u0105, gdy w ciemno\u015bci skieruje si\u0119 na nie \u015bwiat\u0142o.<\/p>\n<h2>ANATOMIA KOTA &#8211; SZKIELET I MI\u0118\u015aNIE<\/h2>\n<p>Szkielet i mi\u0119\u015bnie kota zosta\u0142y stworzone do polowania. Koci tu\u0142\u00f3w sk\u0142ada si\u0119 z chrz\u0105stek, a\u00a0szkielet \u2013 zbudowany nawet z 282 ko\u015bci \u2013 s\u0142u\u017cy r\u00f3wnie\u017c do przechowywania zapas\u00f3w wapnia i\u00a0fosforu.<\/p>\n<p>Dzi\u0119ki swojej anatomii i fizjologii koty s\u0105 \u015bwietnymi \u0142owcami. Ich mi\u0119\u015bnie s\u0105 doskonale rozwini\u0119te, a szcz\u0119ka, ko\u015bci i grzbiet \u2013\u00a0wr\u0119cz stworzone do polowania. Koci kr\u0119gos\u0142up jest niezwykle mobilny i rozci\u0105gliwy, a ogon \u2013 stanowi\u0105cy przed\u0142u\u017cenie kr\u0119gos\u0142upa \u2013 pomaga w zachowaniu r\u00f3wnowagi. Dzi\u0119ki swojej niezwyk\u0142ej mobilno\u015bci, koty mog\u0105 z \u0142atwo\u015bci\u0105 z\u0142apa\u0107 potencjaln\u0105 zdobycz lub zwinnie pokona\u0107 nawet najbardziej zawi\u0142e przeszkody.<\/p>\n<p>Silne mi\u0119\u015bnie, grzbiet i tylne \u0142apy umo\u017cliwiaj\u0105 kotom wspinanie si\u0119 pod g\u00f3r\u0119 \u2013\u00a0na przyk\u0142ad na drzewa \u2013 za pomoc\u0105 pazur\u00f3w, stworzonych przede wszystkim do wspinaczki pod g\u00f3r\u0119, a nie w d\u00f3\u0142. To w\u0142a\u015bnie dlatego kotom cz\u0119sto zdarza si\u0119 utkn\u0105\u0107 na drzewie.<\/p>\n<h2>SK\u00d3RA I FUTRO CHRONI\u0104 ORAZ OCIEPLAJ\u0104<\/h2>\n<p>Sk\u00f3ra i futro maj\u0105 przede wszystkim za zadanie chroni\u0107 kota przed uszkodzeniami<br \/>\nzewn\u0119trznymi. Gruczo\u0142y sk\u00f3rne wydzielaj\u0105 r\u00f3wnie\u017c feromony s\u0142u\u017c\u0105ce do znakowania terytorium. To w\u0142a\u015bnie dlatego koty cz\u0119sto ocieraj\u0105 si\u0119 o nogi lub meble w mieszkaniu.<\/p>\n<p>Kocia sier\u015b\u0107 jest niezwykle g\u0119sta, a gdy w\u0142osy osi\u0105gn\u0105 ju\u017c swoj\u0105 pe\u0142n\u0105 d\u0142ugo\u015b\u0107, przestaj\u0105 rosn\u0105\u0107. Futro sk\u0142ada si\u0119 z trzech rodzaj\u00f3w sier\u015bci, zar\u00f3wno w przypadku kr\u00f3tko-, jak i\u00a0d\u0142ugow\u0142osych ras, a ka\u017cda z nich posiada unikalne w\u0142a\u015bciwo\u015bci.<\/p>\n<ul>\n<li><strong>Okrywa w\u0142osowa<\/strong>\u00a0to wierzchnia warstwa sier\u015bci, z\u0142o\u017cona z prostych w\u0142os\u00f3w o r\u00f3wnomiernej grubo\u015bci. Nadaje kotu jego g\u0142\u00f3wny kolor i chroni go przed wilgoci\u0105.<\/li>\n<li><strong>Warstwa \u015brodkowa<\/strong>\u00a0znajduje si\u0119 pod spodem i wraz z warstw\u0105 zewn\u0119trzn\u0105 stanowi g\u0142\u00f3wn\u0105 ochron\u0119 kota przed \u015bwiatem zewn\u0119trznym. Sk\u0142ada si\u0119 z w\u0142os\u00f3w o\u015bcistych i\u00a0we\u0142nistych.<\/li>\n<li><strong>Podszerstek<\/strong>\u00a0znajduje si\u0119 najbli\u017cej cia\u0142a i jest z\u0142o\u017cony z cienkich, mi\u0119kkich w\u0142os\u00f3w. Pe\u0142ni funkcj\u0119 izolacyjn\u0105 i pomaga kotu utrzymywa\u0107 ciep\u0142o.<\/li>\n<\/ul>\n<h2>ANATOMIA KOTA &#8211; \u017bO\u0141\u0104DEK I JELITA<\/h2>\n<p>Prawid\u0142owe dzia\u0142anie \u017co\u0142\u0105dka i jelit jest niezb\u0119dne, aby kot m\u00f3g\u0142 przyjmowa\u0107 sk\u0142adniki od\u017cywcze, kt\u00f3re znajduj\u0105 si\u0119 w po\u017cywieniu. Kocia \u015blina nie zawiera \u017cadnych enzym\u00f3w o\u00a0w\u0142a\u015bciwo\u015bciach rozk\u0142adaj\u0105cych pokarm \u2013 dlatego koty prze\u017cuwaj\u0105 jedzenie o wiele kr\u00f3cej od nas. Trawienie rozpoczyna si\u0119 u nich dopiero w \u017co\u0142\u0105dku.<\/p>\n<p>Pokarm ulega rozk\u0142adowi w przewodzie pokarmowym, aby umo\u017cliwi\u0107 wch\u0142oni\u0119cie substancji od\u017cywczych. Organizm reguluje poziom enzym\u00f3w potrzebnych do rozk\u0142adu bia\u0142ek i t\u0142uszczy, niestety enzymy w kocim uk\u0142adzie pokarmowym nieco gorzej radz\u0105 sobie z rozk\u0142adem w\u0119glowodan\u00f3w. Dlatego powinny one stanowi\u0107 jedynie niewielk\u0105 cz\u0119\u015b\u0107 jad\u0142ospisu domowych tygrys\u00f3w.<\/p>\n<p>Bardzo kwa\u015bne pH w \u017co\u0142\u0105dku kota u\u0142atwia proces oczyszczania organizmu i zapewnia naturaln\u0105 ochron\u0119 przed infekcjami przewodu pokarmowego.<\/p>\n\t\t\t<\/div>\n\t\t<\/div>\n\t<\/div>\n\n\n\n\t<section class=\"block related-articles\">\n\t\t<div class=\"container\">\n\t\t\t<h2>Artyku\u0142y powi\u0105zane<\/h2>\n\t\t\t<div class=\"row justify-content-center\">\n\t\t\t\t\t\t\t\t\t\t<div class=\"col-sm-6 col-md-6 col-lg-3\">\n\t\t\t\t\t\t\t\t\t\t\t\t\t\t<div class=\"card \">\n\t\t\t\t\t\t\t\t\t\t\t\t\t\t\t\t\t<img decoding=\"async\"  src=\"https:\/\/bozita.com\/pl\/wp-content\/uploads\/sites\/9\/2021\/08\/bozita-kattens-historia-domesticering.jpg\" alt=\"\">\n\t\t\t\t\t\t\t\t\t\t\t\t\t\t\t\t\t<!-- <img decoding=\"async\" src=\"\n\t\t\t\t\t\t\t\t\t\t\t\t\t\t\t\t\t\t\t\t\" alt=\"\n\t\t\t\t\t\t\t\t\t\t\t\t\t\t\t\t\t\t\t\t\t\t\t\t\t\t\t\"> -->\n\t\t\t\t\t\t\t\t<div class=\"card-body\">\n\t\t\t\t\t\t\t\t\t\t\t\t\t\t\t\t\t\t\t<h6>Historia kot\u00f3w i ich udomowienia przez ludzi<\/h6>\n\t\t\t\t\t\t\t\t\t\t\t\t\t\t\t\t\t\t\t<a href=\"https:\/\/bozita.com\/pl\/zycie-z-kotem\/rozwoj-kotow\/historia-kotow\/\">Czytaj wi\u0119cej &nbsp; ><\/a>\n\t\t\t\t\t\t\t\t<\/div>\n\t\t\t\t\t\t\t<\/div>\n\t\t\t\t\t\t<\/div>\n\n\t\t\t\t\t\t\t\t\t\t\t<div class=\"col-sm-6 col-md-6 col-lg-3\">\n\t\t\t\t\t\t\t\t\t\t\t\t\t\t<div class=\"card \">\n\t\t\t\t\t\t\t\t\t\t\t\t\t\t\t\t\t<img decoding=\"async\"  src=\"https:\/\/bozita.com\/pl\/wp-content\/uploads\/sites\/9\/2021\/08\/bozita-kattens-kroppssprak.jpg\" alt=\"\">\n\t\t\t\t\t\t\t\t\t\t\t\t\t\t\t\t\t<!-- <img decoding=\"async\" src=\"\n\t\t\t\t\t\t\t\t\t\t\t\t\t\t\t\t\t\t\t\t\" alt=\"\n\t\t\t\t\t\t\t\t\t\t\t\t\t\t\t\t\t\t\t\t\t\t\t\t\t\t\t\"> -->\n\t\t\t\t\t\t\t\t<div class=\"card-body\">\n\t\t\t\t\t\t\t\t\t\t\t\t\t\t\t\t\t\t\t<h6>Naucz si\u0119 interpretowa\u0107 koci j\u0119zyk i zachowanie<\/h6>\n\t\t\t\t\t\t\t\t\t\t\t\t\t\t\t\t\t\t\t<a href=\"https:\/\/bozita.com\/pl\/zycie-z-kotem\/rozwoj-kotow\/zachowanie-kota-i-koci-jezyk\/\">Czytaj wi\u0119cej &nbsp; ><\/a>\n\t\t\t\t\t\t\t\t<\/div>\n\t\t\t\t\t\t\t<\/div>\n\t\t\t\t\t\t<\/div>\n\n\t\t\t\t\t\t\t\t\t\t\t<div class=\"col-sm-6 col-md-6 col-lg-3\">\n\t\t\t\t\t\t\t\t\t\t\t\t\t\t<div class=\"card \">\n\t\t\t\t\t\t\t\t\t\t\t\t\t\t\t\t\t<img decoding=\"async\"  src=\"https:\/\/bozita.com\/pl\/wp-content\/uploads\/sites\/9\/2021\/08\/bozita-aktivera-innekatt.jpg\" alt=\"\">\n\t\t\t\t\t\t\t\t\t\t\t\t\t\t\t\t\t<!-- <img decoding=\"async\" src=\"\n\t\t\t\t\t\t\t\t\t\t\t\t\t\t\t\t\t\t\t\t\" alt=\"\n\t\t\t\t\t\t\t\t\t\t\t\t\t\t\t\t\t\t\t\t\t\t\t\t\t\t\t\"> -->\n\t\t\t\t\t\t\t\t<div class=\"card-body\">\n\t\t\t\t\t\t\t\t\t\t\t\t\t\t\t\t\t\t\t<h6>Zabawy dla kota idealnym sposobem jego aktywizacji<\/h6>\n\t\t\t\t\t\t\t\t\t\t\t\t\t\t\t\t\t\t\t<a href=\"https:\/\/bozita.com\/pl\/zycie-z-kotem\/zabawy-dla-kota\/zabawy-dla-kota\/\">Czytaj wi\u0119cej &nbsp; ><\/a>\n\t\t\t\t\t\t\t\t<\/div>\n\t\t\t\t\t\t\t<\/div>\n\t\t\t\t\t\t<\/div>\n\n\t\t\t\t\t\t\t\t\t\t\t\t<\/div>\n\t\t<\/div>\n\t<\/section>\n","protected":false},"excerpt":{"rendered":"","protected":false},"author":1,"featured_media":6698,"parent":6689,"menu_order":0,"comment_status":"closed","ping_status":"closed","template":"guternberg.php","meta":{"footnotes":""},"acf":[],"yoast_head":"<!-- This site is optimized with the Yoast SEO plugin v21.3 - https:\/\/yoast.com\/wordpress\/plugins\/seo\/ -->\n<title>Anatomia kota i jego fizjologia | Bozita Polska<\/title>\n<meta name=\"description\" content=\"Wst\u0119p do anatomii (budowy) kota i jego fizjologii (sposobu funkcjonowania): przeczytaj o szkielecie, mi\u0119\u015bniach, sk\u00f3rze, futrze, \u017co\u0142\u0105dku i jelitach kota.\" \/>\n<meta name=\"robots\" content=\"index, follow, max-snippet:-1, max-image-preview:large, max-video-preview:-1\" \/>\n<link rel=\"canonical\" href=\"https:\/\/bozita.com\/pl\/zycie-z-kotem\/rozwoj-kotow\/anatomia-kota-i-jego-fizjologia\/\" \/>\n<meta property=\"og:locale\" content=\"pl_PL\" \/>\n<meta property=\"og:type\" content=\"article\" \/>\n<meta property=\"og:title\" content=\"Anatomia kota i jego fizjologia | Bozita Polska\" \/>\n<meta property=\"og:description\" content=\"Wst\u0119p do anatomii (budowy) kota i jego fizjologii (sposobu funkcjonowania): przeczytaj o szkielecie, mi\u0119\u015bniach, sk\u00f3rze, futrze, \u017co\u0142\u0105dku i jelitach kota.\" \/>\n<meta property=\"og:url\" content=\"https:\/\/bozita.com\/pl\/zycie-z-kotem\/rozwoj-kotow\/anatomia-kota-i-jego-fizjologia\/\" \/>\n<meta property=\"og:site_name\" content=\"Bozita Polska\" \/>\n<meta property=\"article:modified_time\" content=\"2022-09-29T06:55:54+00:00\" \/>\n<meta property=\"og:image\" content=\"https:\/\/bozita.com\/pl\/wp-content\/uploads\/sites\/9\/2021\/08\/bozita_swedish-natural-quality.jpg\" \/>\n\t<meta property=\"og:image:width\" content=\"800\" \/>\n\t<meta property=\"og:image:height\" content=\"533\" \/>\n\t<meta property=\"og:image:type\" content=\"image\/jpeg\" \/>\n<meta name=\"twitter:card\" content=\"summary_large_image\" \/>\n<!-- \/ Yoast SEO plugin. -->","yoast_head_json":{"title":"Anatomia kota i jego fizjologia | Bozita Polska","description":"Wst\u0119p do anatomii (budowy) kota i jego fizjologii (sposobu funkcjonowania): przeczytaj o szkielecie, mi\u0119\u015bniach, sk\u00f3rze, futrze, \u017co\u0142\u0105dku i jelitach kota.","robots":{"index":"index","follow":"follow","max-snippet":"max-snippet:-1","max-image-preview":"max-image-preview:large","max-video-preview":"max-video-preview:-1"},"canonical":"https:\/\/bozita.com\/pl\/zycie-z-kotem\/rozwoj-kotow\/anatomia-kota-i-jego-fizjologia\/","og_locale":"pl_PL","og_type":"article","og_title":"Anatomia kota i jego fizjologia | Bozita Polska","og_description":"Wst\u0119p do anatomii (budowy) kota i jego fizjologii (sposobu funkcjonowania): przeczytaj o szkielecie, mi\u0119\u015bniach, sk\u00f3rze, futrze, \u017co\u0142\u0105dku i jelitach kota.","og_url":"https:\/\/bozita.com\/pl\/zycie-z-kotem\/rozwoj-kotow\/anatomia-kota-i-jego-fizjologia\/","og_site_name":"Bozita Polska","article_modified_time":"2022-09-29T06:55:54+00:00","og_image":[{"width":800,"height":533,"url":"https:\/\/bozita.com\/pl\/wp-content\/uploads\/sites\/9\/2021\/08\/bozita_swedish-natural-quality.jpg","type":"image\/jpeg"}],"twitter_card":"summary_large_image","schema":{"@context":"https:\/\/schema.org","@graph":[{"@type":"WebPage","@id":"https:\/\/bozita.com\/pl\/zycie-z-kotem\/rozwoj-kotow\/anatomia-kota-i-jego-fizjologia\/","url":"https:\/\/bozita.com\/pl\/zycie-z-kotem\/rozwoj-kotow\/anatomia-kota-i-jego-fizjologia\/","name":"Anatomia kota i jego fizjologia | Bozita Polska","isPartOf":{"@id":"https:\/\/bozita.com\/pl\/#website"},"datePublished":"2021-08-12T17:54:46+00:00","dateModified":"2022-09-29T06:55:54+00:00","description":"Wst\u0119p do anatomii (budowy) kota i jego fizjologii (sposobu funkcjonowania): przeczytaj o szkielecie, mi\u0119\u015bniach, sk\u00f3rze, futrze, \u017co\u0142\u0105dku i jelitach kota.","breadcrumb":{"@id":"https:\/\/bozita.com\/pl\/zycie-z-kotem\/rozwoj-kotow\/anatomia-kota-i-jego-fizjologia\/#breadcrumb"},"inLanguage":"pl-PL","potentialAction":[{"@type":"ReadAction","target":["https:\/\/bozita.com\/pl\/zycie-z-kotem\/rozwoj-kotow\/anatomia-kota-i-jego-fizjologia\/"]}]},{"@type":"BreadcrumbList","@id":"https:\/\/bozita.com\/pl\/zycie-z-kotem\/rozwoj-kotow\/anatomia-kota-i-jego-fizjologia\/#breadcrumb","itemListElement":[{"@type":"ListItem","position":1,"name":"Home","item":"https:\/\/bozita.com\/pl\/"},{"@type":"ListItem","position":2,"name":"Kupno kota i \u017cycie z nim. Porady dla pocz\u0105tkuj\u0105cych","item":"https:\/\/bozita.com\/pl\/zycie-z-kotem\/"},{"@type":"ListItem","position":3,"name":"Poznaj etapy rozwoju kota i zosta\u0144 dobrym opiekunem","item":"https:\/\/bozita.com\/pl\/zycie-z-kotem\/rozwoj-kotow\/"},{"@type":"ListItem","position":4,"name":"Anatomia kota i jego fizjologia"}]},{"@type":"WebSite","@id":"https:\/\/bozita.com\/pl\/#website","url":"https:\/\/bozita.com\/pl\/","name":"Bozita Polska","description":"","potentialAction":[{"@type":"SearchAction","target":{"@type":"EntryPoint","urlTemplate":"https:\/\/bozita.com\/pl\/?s={search_term_string}"},"query-input":"required name=search_term_string"}],"inLanguage":"pl-PL"}]}},"_links":{"self":[{"href":"https:\/\/bozita.com\/pl\/wp-json\/wp\/v2\/pages\/6742"}],"collection":[{"href":"https:\/\/bozita.com\/pl\/wp-json\/wp\/v2\/pages"}],"about":[{"href":"https:\/\/bozita.com\/pl\/wp-json\/wp\/v2\/types\/page"}],"author":[{"embeddable":true,"href":"https:\/\/bozita.com\/pl\/wp-json\/wp\/v2\/users\/1"}],"replies":[{"embeddable":true,"href":"https:\/\/bozita.com\/pl\/wp-json\/wp\/v2\/comments?post=6742"}],"version-history":[{"count":7,"href":"https:\/\/bozita.com\/pl\/wp-json\/wp\/v2\/pages\/6742\/revisions"}],"predecessor-version":[{"id":9501,"href":"https:\/\/bozita.com\/pl\/wp-json\/wp\/v2\/pages\/6742\/revisions\/9501"}],"up":[{"embeddable":true,"href":"https:\/\/bozita.com\/pl\/wp-json\/wp\/v2\/pages\/6689"}],"wp:featuredmedia":[{"embeddable":true,"href":"https:\/\/bozita.com\/pl\/wp-json\/wp\/v2\/media\/6698"}],"wp:attachment":[{"href":"https:\/\/bozita.com\/pl\/wp-json\/wp\/v2\/media?parent=6742"}],"curies":[{"name":"wp","href":"https:\/\/api.w.org\/{rel}","templated":true}]}}