{"id":6746,"date":"2021-08-12T17:54:31","date_gmt":"2021-08-12T17:54:31","guid":{"rendered":"https:\/\/bozita.com\/pl\/czym-karmic-psa-z-wrazliwym-zoladkiem\/"},"modified":"2022-09-29T06:14:33","modified_gmt":"2022-09-29T06:14:33","slug":"czym-karmic-psa-z-wrazliwym-zoladkiem","status":"publish","type":"page","link":"https:\/\/bozita.com\/pl\/karma-dla-psow\/zywienie-i-dieta\/czym-karmic-psa-z-wrazliwym-zoladkiem\/","title":{"rendered":"Czym karmi\u0107 psa z wra\u017cliwym \u017co\u0142\u0105dkiem?"},"content":{"rendered":"\t\t<section class=\"small-hero\">\n\t\t\t<div class=\"container\">\n\t\t\t\t<h1 class=\"small-hero-title\">CZYM KARMI\u0106 PSA Z WRA\u017bLIWYM \u017bO\u0141\u0104DKIEM?<\/h1>\t\t\t<\/div>\n\t\t\t<\/div>\n\t\t<\/section>\n\t\n\n\t<div class=\"text-box-warp\">\n\t\t<div class=\"container\">\n\t\t\t<div class=\"text-content\">\n\t\t\t\t<p><strong>Dok\u0142adnie tak jak ludzie, psy tak\u017ce mog\u0105 cierpie\u0107 na problemy wynikaj\u0105ce z nadwra\u017cliwo\u015bci \u017co\u0142\u0105dka. Je\u015bli zastanawiasz si\u0119 czym karmi\u0107 psa z wra\u017cliwym \u017co\u0142\u0105dkiem, wybierz odpowiednio zbilansowan\u0105 karm\u0119 dla swojego czworonoga. Dzi\u0119ki temu b\u0119dzie on prawid\u0142owo przyswaja\u0142 niezb\u0119dne sk\u0142adniki od\u017cywcze, zachowa zdrowie i sprawno\u015b\u0107. Podra\u017cniony i rozregulowany \u017co\u0142\u0105dek mo\u017ce przez d\u0142ugi czas powodowa\u0107 szereg objaw\u00f3w takich jak biegunki u psa, rozwolnienie u psa czy b\u00f3l \u017co\u0142\u0105dka u psa oraz inne mniej oczywiste symptomy. Jest to spowodowane obni\u017ceniem odporno\u015bci u czworonoga z rozregulowanym \u017co\u0142\u0105dkiem.<\/strong><\/p>\n<p>Artyku\u0142 napisany przez specjalistk\u0119 w zakresie \u017cywienia Cecili\u0119 Hjelm<\/p>\n<p>Wykszta\u0142cona w zakresie agronomii i opieki nad zwierz\u0119tami domowymi specjalistka, zajmuj\u0105ca si\u0119 r\u00f3wnie\u017c rozwojem produkt\u00f3w oraz posiadaj\u0105ca specjalne kompetencje w zakresie \u017cywienia.<\/p>\n<p>To czym karmi\u0107 psa z wra\u017cliwym \u017co\u0142\u0105dkiem zale\u017cy nie tylko od indywidualnych uwarunkowa\u0144, ale tak\u017ce od wielu innych czynnik\u00f3w maj\u0105cych wp\u0142yw na okre\u015blone reakcje \u017co\u0142\u0105dka czworonoga. Przyk\u0142adowo wiele ps\u00f3w mo\u017ce reagowa\u0107 nadwra\u017cliwo\u015bci\u0105 na wysokoenergetyczne karmy z du\u017c\u0105 zawarto\u015bci\u0105 t\u0142uszczu. Ludzie tak\u017ce cz\u0119sto pr\u00f3buj\u0105 zmienia\u0107 \u017ar\u00f3d\u0142a bia\u0142ka zwierz\u0119cego, aby sprawdzi\u0107 co w ich przypadku sprawdzi si\u0119 najlepiej.<\/p>\n<h2>SK\u0104D WIADOMO, \u017bE PIES POTRZEBUJE KARMY DLA CZWORONOG\u00d3W Z WRA\u017bLIWYM \u017bO\u0141\u0104DKIEM?<\/h2>\n<p>Stolec psa stanowi najlepsz\u0105 wskaz\u00f3wk\u0119 dotycz\u0105c\u0105 tego, jak reaguje \u017co\u0142\u0105dek czworonoga. Lu\u017any stolec u psa utrzymuj\u0105cy si\u0119 przez d\u0142u\u017cszy czas oznacza, \u017ce jego \u017co\u0142\u0105dek \u017ale znosi karm\u0119 spo\u017cywan\u0105 przez czworonoga. Pies z nadwra\u017cliwo\u015bci\u0105 \u017co\u0142\u0105dka mo\u017ce tak\u017ce silniej reagowa\u0107 na zmian\u0119 karmy, nowe ko\u015bci do \u017cucia czy inne smako\u0142yki. W przypadku psa z wra\u017cliwym \u017co\u0142\u0105dkiem nale\u017cy pami\u0119ta\u0107 o stopniowym przyzwyczajaniu do nowej karmy i wprowadzaniu jej przez d\u0142u\u017cszy czas tak, aby \u017co\u0142\u0105dek mia\u0142 wystarczaj\u0105co czasu, aby si\u0119 do niej przyzwyczai\u0107. Je\u015bli podczas zmiany karmy, pojawi\u0105 si\u0119 takie problemy jak lu\u017any stolec u psa, biegunki u psa czy b\u00f3l \u017co\u0142\u0105dka u psa mo\u017ce to oznacza\u0107, \u017ce jego \u017co\u0142\u0105dek nie radzi sobie z now\u0105 karm\u0105.<\/p>\n<h2>BIEGUNKA U PSA<\/h2>\n<p>Biegunka u psa czy lu\u017any stolec u psa to problemy wyst\u0119puj\u0105ce od czasu do czasu u czworonog\u00f3w. W wi\u0119kszo\u015bci przypadk\u00f3w s\u0105 one ca\u0142kowicie nieszkodliwe i mog\u0105 by\u0107 spowodowane zmian\u0105 karmy lub spo\u017cyciem przez psa czego\u015b co podra\u017cni\u0142o jego \u017co\u0142\u0105dek i zaburzy\u0142o flor\u0119 jelitow\u0105.<\/p>\n<p>Biegunka u psa cz\u0119sto mija samoistnie w kr\u00f3tkim czasie. W przeciwnym razie mo\u017cesz spr\u00f3bowa\u0107 przerwa\u0107 karmienie psa do czasu, gdy jego \u017co\u0142\u0105dek si\u0119 uspokoi. Musisz jednak pami\u0119ta\u0107 o tym, aby zapewni\u0107 czworonogowi swobodny dost\u0119p do wody, gdy\u017c podczas biegunki traci on du\u017co p\u0142yn\u00f3w. Gdy tylko problemy trawienne zaczn\u0105 ust\u0119powa\u0107, mo\u017cesz zacz\u0105\u0107 stopniowo podawa\u0107 mu niewielkie ilo\u015bci karmy lub ugotowa\u0107 ry\u017c i karmi\u0107 nim czworonoga podaj\u0105c mu ma\u0142e porcje. Zwracaj uwag\u0119 na to jak reaguje \u017co\u0142\u0105dek psa. Je\u015bli problemy trawienne nawracaj\u0105 oznacza to, \u017ce zosta\u0142 on nakarmiony zbyt szybko lub otrzyma\u0142 za du\u017ce porcje po\u017cywienia.<\/p>\n<h2>BIEGUNKA U PSA &#8211; KIEDY NALE\u017bY UDA\u0106 SI\u0118 DO WETERYNARZA?<\/h2>\n<p>Bacznie obserwuj i otocz opiek\u0105 psa, gdy tylko pojawi si\u0119 u niego biegunka i zawsze skonsultuj si\u0119 z weterynarzem, je\u015bli w stolcu zauwa\u017cysz \u015blady krwi, og\u00f3lny stan zdrowia Twojego psa jest gorszy ni\u017c zwykle, traci on du\u017co p\u0142yn\u00f3w lub mimo up\u0142ywu czasu nie wraca do zdrowia. W przypadku pojawienia si\u0119 biegunki u szczeniak\u00f3w nale\u017cy od razu uda\u0107 si\u0119 do weterynarza, gdy\u017c mo\u017ce ona bezpo\u015brednio zagra\u017ca\u0107 \u017cyciu m\u0142odego psa z racji tego, \u017ce prowadzi do szybkiej utraty p\u0142yn\u00f3w. Pami\u0119taj r\u00f3wnie\u017c o tym, aby zawsze skontaktowa\u0107 si\u0119 z weterynarzem je\u015bli co\u015b Ci\u0119 niepokoi lub masz obawy o zdrowie i bezpiecze\u0144stwo swojego czworonoga.<\/p>\n<h2>ROZWOLNIENIE U PSA &#8211; JAK MU ZAPOBIEGA\u0106?<\/h2>\n<p>Zapobieganie takim problemem jak rozwolnienie u psa czy biegunki u psa mo\u017ce okaza\u0107 si\u0119 trudniejsze ni\u017c mog\u0142oby si\u0119 wydawa\u0107. Podczas spacer\u00f3w psy potrafi\u0105 szybko znajdowa\u0107 i spo\u017cywa\u0107 r\u00f3\u017cne rzeczy, co skutkuje lu\u017anym stolcem czy biegunk\u0105. Najlepszym rozwi\u0105zaniem jest znalezienie karmy, kt\u00f3ra dobrze oddzia\u0142uje na \u017co\u0142\u0105dek psa, utrzymuj\u0105c go w r\u00f3wnowadze. Dzi\u0119ki temu nabywa on wi\u0119ksz\u0105 odporno\u015b\u0107 na nieoczekiwane problemy. Staraj si\u0119 tak\u017ce pilnowa\u0107 czworonoga, gdy jeste\u015b z nim na spacerze dbaj\u0105c o to, aby Tw\u00f3j pupil nie liza\u0142 przypadkowych przedmiot\u00f3w ani nie wk\u0142ada\u0142 ich do pyska.<\/p>\n<h2>KARMY MARKI BOZITA PRZEZNACZONE DLA PS\u00d3W Z WRA\u017bLIWYM \u017bO\u0141\u0104DKIEM<\/h2>\n<p>Aby ustali\u0107 na jaki rodzaj po\u017cywienia \u017co\u0142\u0105dek psa reaguje nadwra\u017cliwo\u015bci\u0105, nale\u017cy uda\u0107 si\u0119 do weterynarza i przeprowadzi\u0107 odpowiednie badania, gdy\u017c predyspozycje ka\u017cdego czworonoga s\u0105 inne. Og\u00f3lnie ujmuj\u0105c wysokoenergetyczna karma (karma o wysokiej zawarto\u015bci t\u0142uszczu) oraz po\u017cywienie stanowi\u0105ce \u017ar\u00f3d\u0142o niekt\u00f3rych rodzaj\u00f3w bia\u0142ek i zb\u00f3\u017c, powoduje nadreaktywno\u015b\u0107 \u017co\u0142\u0105dka. W Bozicie wsp\u00f3lnie z naszymi specjalistami w zakresie \u017cywienia, opracowujemy karm\u0119 dla ps\u00f3w dzia\u0142aj\u0105c\u0105 delikatnie na \u017co\u0142\u0105dek czworonog\u00f3w.<\/p>\n<p>Aby znale\u017a\u0107 karm\u0119 Bozita przeznaczon\u0105 dla ps\u00f3w z wra\u017cliwym \u017co\u0142\u0105dkiem, odwied\u017a nasz\u0105 stron\u0119 zawieraj\u0105c\u0105 opisy r\u00f3\u017cnych rodzaj\u00f3w\u00a0<a title=\"Karma dla ps\u00f3w\" href=\"https:\/\/bozita.com\/pl\/karma-dla-psow\/\">karmy dla ps\u00f3w<\/a>\u00a0i skorzystaj z filtr\u00f3w, aby zobaczy\u0107 propozycje dla czworonog\u00f3w z nadwra\u017cliwo\u015bci\u0105 \u017co\u0142\u0105dka.<\/p>\n<p><strong>Zapoznaj si\u0119 tak\u017ce z innymi artyku\u0142ami<\/strong><\/p>\n<ul>\n<li><a title=\"Pozbawiona zb\u00f3\u017c karma dla psa \u2013 wszystko co musisz wiedzie\u0107\" href=\"https:\/\/bozita.com\/pl\/karma-dla-psow\/zywienie-i-dieta\/pozbawiona-zboz-karma-dla-psa-wszystko-co-musisz-wiedziec\/\">Pozbawiona zb\u00f3\u017c karma dla psa &#8211; wszystko co musisz wiedzie\u0107<\/a><\/li>\n<\/ul>\n\t\t\t<\/div>\n\t\t<\/div>\n\t<\/div>\n","protected":false},"excerpt":{"rendered":"","protected":false},"author":1,"featured_media":6698,"parent":6777,"menu_order":0,"comment_status":"closed","ping_status":"closed","template":"guternberg.php","meta":{"footnotes":""},"acf":[],"yoast_head":"<!-- This site is optimized with the Yoast SEO plugin v21.3 - https:\/\/yoast.com\/wordpress\/plugins\/seo\/ -->\n<title>Czym karmi\u0107 psa z wra\u017cliwym \u017co\u0142\u0105dkiem? | Bozita Polska<\/title>\n<meta name=\"description\" content=\"Je\u015bli zastanawiasz si\u0119 czym karmi\u0107 psa z wra\u017cliwym \u017co\u0142\u0105dkiem, wybierz odpowiednio zbilansowan\u0105 karm\u0119 dla swojego czworonoga.\" \/>\n<meta name=\"robots\" content=\"index, follow, max-snippet:-1, max-image-preview:large, max-video-preview:-1\" \/>\n<link rel=\"canonical\" href=\"https:\/\/bozita.com\/pl\/karma-dla-psow\/zywienie-i-dieta\/czym-karmic-psa-z-wrazliwym-zoladkiem\/\" \/>\n<meta property=\"og:locale\" content=\"pl_PL\" \/>\n<meta property=\"og:type\" content=\"article\" \/>\n<meta property=\"og:title\" content=\"Czym karmi\u0107 psa z wra\u017cliwym \u017co\u0142\u0105dkiem? | Bozita Polska\" \/>\n<meta property=\"og:description\" content=\"Je\u015bli zastanawiasz si\u0119 czym karmi\u0107 psa z wra\u017cliwym \u017co\u0142\u0105dkiem, wybierz odpowiednio zbilansowan\u0105 karm\u0119 dla swojego czworonoga.\" \/>\n<meta property=\"og:url\" content=\"https:\/\/bozita.com\/pl\/karma-dla-psow\/zywienie-i-dieta\/czym-karmic-psa-z-wrazliwym-zoladkiem\/\" \/>\n<meta property=\"og:site_name\" content=\"Bozita Polska\" \/>\n<meta property=\"article:modified_time\" content=\"2022-09-29T06:14:33+00:00\" \/>\n<meta property=\"og:image\" content=\"https:\/\/bozita.com\/pl\/wp-content\/uploads\/sites\/9\/2021\/08\/bozita_swedish-natural-quality.jpg\" \/>\n\t<meta property=\"og:image:width\" content=\"800\" \/>\n\t<meta property=\"og:image:height\" content=\"533\" \/>\n\t<meta property=\"og:image:type\" content=\"image\/jpeg\" \/>\n<meta name=\"twitter:card\" content=\"summary_large_image\" \/>\n<!-- \/ Yoast SEO plugin. -->","yoast_head_json":{"title":"Czym karmi\u0107 psa z wra\u017cliwym \u017co\u0142\u0105dkiem? | Bozita Polska","description":"Je\u015bli zastanawiasz si\u0119 czym karmi\u0107 psa z wra\u017cliwym \u017co\u0142\u0105dkiem, wybierz odpowiednio zbilansowan\u0105 karm\u0119 dla swojego czworonoga.","robots":{"index":"index","follow":"follow","max-snippet":"max-snippet:-1","max-image-preview":"max-image-preview:large","max-video-preview":"max-video-preview:-1"},"canonical":"https:\/\/bozita.com\/pl\/karma-dla-psow\/zywienie-i-dieta\/czym-karmic-psa-z-wrazliwym-zoladkiem\/","og_locale":"pl_PL","og_type":"article","og_title":"Czym karmi\u0107 psa z wra\u017cliwym \u017co\u0142\u0105dkiem? | Bozita Polska","og_description":"Je\u015bli zastanawiasz si\u0119 czym karmi\u0107 psa z wra\u017cliwym \u017co\u0142\u0105dkiem, wybierz odpowiednio zbilansowan\u0105 karm\u0119 dla swojego czworonoga.","og_url":"https:\/\/bozita.com\/pl\/karma-dla-psow\/zywienie-i-dieta\/czym-karmic-psa-z-wrazliwym-zoladkiem\/","og_site_name":"Bozita Polska","article_modified_time":"2022-09-29T06:14:33+00:00","og_image":[{"width":800,"height":533,"url":"https:\/\/bozita.com\/pl\/wp-content\/uploads\/sites\/9\/2021\/08\/bozita_swedish-natural-quality.jpg","type":"image\/jpeg"}],"twitter_card":"summary_large_image","schema":{"@context":"https:\/\/schema.org","@graph":[{"@type":"WebPage","@id":"https:\/\/bozita.com\/pl\/karma-dla-psow\/zywienie-i-dieta\/czym-karmic-psa-z-wrazliwym-zoladkiem\/","url":"https:\/\/bozita.com\/pl\/karma-dla-psow\/zywienie-i-dieta\/czym-karmic-psa-z-wrazliwym-zoladkiem\/","name":"Czym karmi\u0107 psa z wra\u017cliwym \u017co\u0142\u0105dkiem? | Bozita Polska","isPartOf":{"@id":"https:\/\/bozita.com\/pl\/#website"},"datePublished":"2021-08-12T17:54:31+00:00","dateModified":"2022-09-29T06:14:33+00:00","description":"Je\u015bli zastanawiasz si\u0119 czym karmi\u0107 psa z wra\u017cliwym \u017co\u0142\u0105dkiem, wybierz odpowiednio zbilansowan\u0105 karm\u0119 dla swojego czworonoga.","breadcrumb":{"@id":"https:\/\/bozita.com\/pl\/karma-dla-psow\/zywienie-i-dieta\/czym-karmic-psa-z-wrazliwym-zoladkiem\/#breadcrumb"},"inLanguage":"pl-PL","potentialAction":[{"@type":"ReadAction","target":["https:\/\/bozita.com\/pl\/karma-dla-psow\/zywienie-i-dieta\/czym-karmic-psa-z-wrazliwym-zoladkiem\/"]}]},{"@type":"BreadcrumbList","@id":"https:\/\/bozita.com\/pl\/karma-dla-psow\/zywienie-i-dieta\/czym-karmic-psa-z-wrazliwym-zoladkiem\/#breadcrumb","itemListElement":[{"@type":"ListItem","position":1,"name":"Home","item":"https:\/\/bozita.com\/pl\/"},{"@type":"ListItem","position":2,"name":"Karma dla ps\u00f3w","item":"https:\/\/bozita.com\/pl\/karma-dla-psow\/"},{"@type":"ListItem","position":3,"name":"\u017bywienie i dieta","item":"https:\/\/bozita.com\/pl\/karma-dla-psow\/zywienie-i-dieta\/"},{"@type":"ListItem","position":4,"name":"Czym karmi\u0107 psa z wra\u017cliwym \u017co\u0142\u0105dkiem?"}]},{"@type":"WebSite","@id":"https:\/\/bozita.com\/pl\/#website","url":"https:\/\/bozita.com\/pl\/","name":"Bozita Polska","description":"","potentialAction":[{"@type":"SearchAction","target":{"@type":"EntryPoint","urlTemplate":"https:\/\/bozita.com\/pl\/?s={search_term_string}"},"query-input":"required name=search_term_string"}],"inLanguage":"pl-PL"}]}},"_links":{"self":[{"href":"https:\/\/bozita.com\/pl\/wp-json\/wp\/v2\/pages\/6746"}],"collection":[{"href":"https:\/\/bozita.com\/pl\/wp-json\/wp\/v2\/pages"}],"about":[{"href":"https:\/\/bozita.com\/pl\/wp-json\/wp\/v2\/types\/page"}],"author":[{"embeddable":true,"href":"https:\/\/bozita.com\/pl\/wp-json\/wp\/v2\/users\/1"}],"replies":[{"embeddable":true,"href":"https:\/\/bozita.com\/pl\/wp-json\/wp\/v2\/comments?post=6746"}],"version-history":[{"count":3,"href":"https:\/\/bozita.com\/pl\/wp-json\/wp\/v2\/pages\/6746\/revisions"}],"predecessor-version":[{"id":9479,"href":"https:\/\/bozita.com\/pl\/wp-json\/wp\/v2\/pages\/6746\/revisions\/9479"}],"up":[{"embeddable":true,"href":"https:\/\/bozita.com\/pl\/wp-json\/wp\/v2\/pages\/6777"}],"wp:featuredmedia":[{"embeddable":true,"href":"https:\/\/bozita.com\/pl\/wp-json\/wp\/v2\/media\/6698"}],"wp:attachment":[{"href":"https:\/\/bozita.com\/pl\/wp-json\/wp\/v2\/media?parent=6746"}],"curies":[{"name":"wp","href":"https:\/\/api.w.org\/{rel}","templated":true}]}}