{"id":6747,"date":"2021-08-12T17:54:17","date_gmt":"2021-08-12T17:54:17","guid":{"rendered":"https:\/\/bozita.com\/pl\/czym-powinna-byc-karmiona-suka-w-ciazy\/"},"modified":"2022-09-29T06:15:25","modified_gmt":"2022-09-29T06:15:25","slug":"czym-powinna-byc-karmiona-suka-w-ciazy","status":"publish","type":"page","link":"https:\/\/bozita.com\/pl\/karma-dla-psow\/zywienie-i-dieta\/czym-powinna-byc-karmiona-suka-w-ciazy\/","title":{"rendered":"Suki w ci\u0105\u017cy i karmi\u0105ce &#8211; od\u017cywanie"},"content":{"rendered":"\t\t<section class=\"small-hero\">\n\t\t\t<div class=\"container\">\n\t\t\t\t<h1 class=\"small-hero-title\">CZYM POWINNA BY\u0106 KARMIONA SUKA W CI\u0104\u017bY?<\/h1>\t\t\t<\/div>\n\t\t\t<\/div>\n\t\t<\/section>\n\t\n\n\t<div class=\"text-box-warp\">\n\t\t<div class=\"container\">\n\t\t\t<div class=\"text-content\">\n\t\t\t\t<p><strong>K\u0142adziemy du\u017cy nacisk na to, aby odpowiednio od\u017cywia\u0107 szczeni\u0119ta oraz zapewni\u0107 im dobry wzrost i zdrowie. R\u00f3wnie wa\u017cne jest, aby suka w ci\u0105\u017cy utrzymywa\u0142a tkank\u0119 t\u0142uszczow\u0105 na odpowiednim poziomie. Dobry stan zdrowia jest w jej przypadku niezb\u0119dny do tego, aby mog\u0142a urodzi\u0107 zdrowe szczeniaki.<\/strong><\/p>\n<h2>SUKA W CI\u0104\u017bY POWINNA UTRZYMYWA\u0106 ODPOWIEDNI\u0104 ILO\u015a\u0106 TKANKI T\u0141USZCZOWEJ<\/h2>\n<p>Przed kryciem i podczas ci\u0105\u017cy wa\u017cne jest utrzymanie odpowiedniej ilo\u015bci tkanki t\u0142uszczowej u suki. Je\u015bli suka w ci\u0105\u017cy jest niedo\u017cywiona istnieje ryzyko, \u017ce nie b\u0119dzie w stanie je\u015b\u0107 wystarczaj\u0105co du\u017co, aby zapewni\u0107 po\u017cywienie zar\u00f3wno sobie jak i szczeni\u0119tom w macicy. Mo\u017ce to doprowadzi\u0107 do niskiej masy urodzeniowej i wysokiej \u015bmiertelno\u015bci szczeni\u0105t oraz problem\u00f3w z utrzymaniem tkanki t\u0142uszczowej u suki podczas okresu laktacyjnego. Nadwaga u suki mo\u017ce prowadzi\u0107 do wysokiej masy urodzeniowej szczeni\u0105t, co spowoduje trudny por\u00f3d.<\/p>\n<h2>PODAWAJ ODPOWIEDNI\u0104 KARM\u0118 PODCZAS CI\u0104\u017bY<\/h2>\n<p>W pierwszej po\u0142owie ci\u0105\u017cy szczeni\u0119ta osi\u0105gaj\u0105 zaledwie 30% docelowej masy cia\u0142a przed porodem. Nie ma wi\u0119c zapotrzebowania na dodatkowe \u017cywienie suki w tym okresie. Jest to dobry czas na w\u0142\u0105czenie do jej diety karmy dla szczeni\u0105t. Jest ona stworzona nie tylko dla nich, ale te\u017c dla suk w ci\u0105\u017cy oraz suk karmi\u0105cych, aby zapewni\u0107 im odpowiedni poziom bia\u0142ka i t\u0142uszcz\u00f3w, a zatem wi\u0119cej kalorii w karmie. Wi\u0119cej kalorii jest im potrzebne, \u017ceby zjedzony pokarm m\u00f3g\u0142 od\u017cywi\u0107 szczeni\u0119ta podczas ci\u0105\u017cy, a tak\u017ce, aby suka nie straci\u0142a potrzebnej do laktacji tkanki t\u0142uszczowej. Szczeni\u0119ta zaczynaj\u0105 rosn\u0105\u0107 szybciej w drugiej po\u0142owie ci\u0105\u017cy, co pozwala na zwi\u0119kszenie ilo\u015bci podawanego suce pokarmu.<\/p>\n<p>Zalecane jest, aby od tego momentu a\u017c do porodu podawa\u0107 jej o 30-50% wi\u0119cej po\u017cywienia. Suka nie powinna jednak przybra\u0107 na wadze wi\u0119cej ni\u017c 15-25% swojej normalnej wagi.<\/p>\n<h2>WA\u017bNA ROLA WODY PODCZAS LAKTACJI<\/h2>\n<p>Po oszczenieniu rozpoczyna si\u0119 okres laktacji, kiedy wa\u017cne jest, aby suka otrzymywa\u0142a wystarczaj\u0105c\u0105 ilo\u015b\u0107 p\u0142yn\u00f3w, bo jej mleko sk\u0142ada si\u0119 w 78% z wody. Aby unikn\u0105\u0107 nieszcz\u0119\u015bliwych wypadk\u00f3w upewnij si\u0119 jednak, \u017ce miska z wod\u0105 znajduje si\u0119 poza zasi\u0119giem szczeni\u0105t. Je\u015bli suka nie chce pi\u0107 wody mo\u017cesz zmi\u0119kczy\u0107 jej karm\u0119, \u017ceby w ten spos\u00f3b dostarczy\u0107 jej p\u0142yny.<\/p>\n<p>Ilo\u015b\u0107 podawanego suce pokarmu zale\u017cy od liczby urodzonych szczeni\u0105t, ale sprawdzony spos\u00f3b to podawanie 2-3 razy wi\u0119cej pokarmu w najintensywniejszym okresie laktacji, czyli w 3-4 tygodniu po porodzie. P\u00f3\u017aniej gdy szczeni\u0119ta zaczynaj\u0105 je\u015b\u0107 karm\u0119 i odzwyczajaj\u0105 si\u0119 od mleka, mo\u017cesz powoli zmniejsza\u0107 ilo\u015b\u0107 pokarmu, kt\u00f3ry podajesz suce. Ewentualne problemy \u017co\u0142\u0105dkowe szczeni\u0105t podczas karmienia mlekiem, mog\u0105 by\u0107 spowodowane przekarmieniem suki. W takim przypadku zmniejsz ilo\u015b\u0107 podawanego jej pokarmu i zwr\u00f3\u0107 uwag\u0119, czy wp\u0142ynie to korzystnie na zdrowie szczeni\u0105t.<\/p>\n<h2>BOZITA MOTHER &amp; PUPPY GRAINFREE ELK I BOZITA ROBUR MOTHER &amp; PUPPY<\/h2>\n<p>Bozita Mother &amp; Puppy Grainfree Elk i Bozita Robur Mother &amp; Puppy to uniwersalna karma dostosowana do potrzeb szczeni\u0105t, rosn\u0105cych m\u0142odych ps\u00f3w, suk w ci\u0105\u017cy oraz suk karmi\u0105cych. Karma nie zawiera zb\u00f3\u017c i charakteryzuje si\u0119 wysok\u0105 zawarto\u015bci\u0105 bia\u0142ka. Kawa\u0142ki karmy Bozita Robur mother &amp; puppy XL s\u0105 nieco wi\u0119ksze i odpowiednie dla wi\u0119kszych ras ps\u00f3w.<\/p>\n<ul>\n<li><a title=\"Bozita Mother &amp; Puppy Grainfree Elk\" href=\"https:\/\/bozita.com\/pl\/karma-dla-ps\u00f3w\/bozita-bez-dodatku-zboz-mother-and-puppy-elk\/\">Bozita Mother &amp; Puppy Grainfree Elk<\/a><\/li>\n<li><a title=\"Bozita Mother &amp; Puppy Grainfree Elk XL\" href=\"https:\/\/bozita.com\/pl\/karma-dla-ps\u00f3w\/bozita-bez-dodatku-zboz-motherandpuppy-xl-elk\/\">Bozita Mother &amp; Puppy Grainfree Elk XL<\/a><\/li>\n<li><a href=\"https:\/\/bozita.com\/pl\/karma-dla-ps\u00f3w\/bozita-robur-mother-puppy\/\">Bozita Robur mother &amp; puppy<\/a><\/li>\n<li><a href=\"https:\/\/bozita.com\/pl\/karma-dla-ps\u00f3w\/bozita-robur-mother-puppy-xl\/\">Bozita Robur mother &amp; puppy XL<\/a><\/li>\n<\/ul>\n\t\t\t<\/div>\n\t\t<\/div>\n\t<\/div>\n\n\n<section class=\"block product-promos\">\n\t<div class=\"container\">\n\t\t<div class=\"row align-items-center\">\n\t\t\t<div class=\"col-md-5\">\n\t\t\t\t<div class=\"prdt__promos-heading\">\n\t\t\t\t\t<h3>\n\t\t\t\t\t\tDOBRA KARMA DLA SZCZENI\u0104T I DOROS\u0141YCH M\u0141ODZIE\u017bOWYCH PS\u00d3W\t\t\t\t\t<\/h3>\n\t\t\t\t\t\t\t\t\t<\/div>\n\t\t\t<\/div>\n\t\t\t<div class=\"col-md-7\">\n\t\t\t\t\t\t\t\t\t<div class=\"owl-carousel owl-theme product-promo-carousel\">\n\t\t\t\t\t\t\t\t\t\t\t\t\t<a href=\"https:\/\/bozita.com\/pl\/karma-dla-ps\u00f3w\/bozita-robur-mother-puppy\/\">\n\t\t\t\t\t\t\t\t<div class=\"blk__prdt-item\">\n\t\t\t\t\t\t\t\t\t<figure>\n\t\t\t\t\t\t\t\t\t\t<img loading=\"lazy\" decoding=\"async\" width=\"400\" height=\"457\" src=\"https:\/\/bozita.com\/pl\/wp-content\/uploads\/sites\/9\/2021\/06\/2035-bozita-robur-mother-puppy.png\" class=\"attachment-post-thumbnail size-post-thumbnail wp-post-image\" alt=\"Prywatne: BOZITA ROBUR MOTHER &amp; PUPPY\" srcset=\"https:\/\/bozita.com\/pl\/wp-content\/uploads\/sites\/9\/2021\/06\/2035-bozita-robur-mother-puppy.png 400w, https:\/\/bozita.com\/pl\/wp-content\/uploads\/sites\/9\/2021\/06\/2035-bozita-robur-mother-puppy-263x300.png 263w\" sizes=\"(max-width: 400px) 100vw, 400px\" \/>\t\t\t\t\t\t\t\t\t\t\t\t\t\t\t\t\t\t\t<\/figure>\n\t\t\t\t\t\t\t\t\t<h4 class=\"carousel-title\"><\/h4>\n\t\t\t\t\t\t\t\t\t<span class=\"carousel-category\">Prywatne: BOZITA ROBUR MOTHER &amp; PUPPY<\/span>\n\t\t\t\t\t\t\t\t\t  \n\t\t\t\t\t\t\t\t\t<ul class=\"category-list\">\n\t\t\t\t\t\t\t\t\t\t\t\t\t\t\t\t\t\t\t\t\t\t\t<li class=\"svg-image\">\n\t\t\t\t\t\t\t\t\t\t\t\t\t\t<img decoding=\"async\" src=\"https:\/\/bozita.com\/pl\/wp-content\/uploads\/sites\/9\/2021\/06\/icon-wheat-free.svg\" \/>\n\t\t\t\t\t\t\t\t\t\t\t\t\t<\/li>\n\t\t\t\t\t\t\t\t\t\t\t\t\t\t\t\t\t\t\t\t\t\t\t\t\t\t\t\t\t\t\t\t\t\t\t\t<li class=\"svg-image\">\n\t\t\t\t\t\t\t\t\t\t\t\t\t\t<img decoding=\"async\" src=\"https:\/\/bozita.com\/pl\/wp-content\/uploads\/sites\/9\/2021\/06\/icon-flavour-chicken.svg\" \/>\n\t\t\t\t\t\t\t\t\t\t\t\t\t<\/li>\n\t\t\t\t\t\t\t\t\t\t\t\t\t\t\t\t\t\t\t\t\t\t<\/ul>       \n\n\t\t\t\t\t\t\t\t<\/div>\n\t\t\t\t\t\t\t<\/a>\n\t\t\t\t\t\t\t\t\t\t\t\t\t\t\t\t\t\t\t\t<a href=\"https:\/\/bozita.com\/pl\/karma-dla-ps\u00f3w\/bozita-robur-mother-puppy-xl\/\">\n\t\t\t\t\t\t\t\t<div class=\"blk__prdt-item\">\n\t\t\t\t\t\t\t\t\t<figure>\n\t\t\t\t\t\t\t\t\t\t<img loading=\"lazy\" decoding=\"async\" width=\"400\" height=\"457\" src=\"https:\/\/bozita.com\/pl\/wp-content\/uploads\/sites\/9\/2021\/06\/2036-bozita-robur-mother-puppy-xl.png\" class=\"attachment-post-thumbnail size-post-thumbnail wp-post-image\" alt=\"Active &amp; Sterilised z Jagni\u0119cin\u0105\" srcset=\"https:\/\/bozita.com\/pl\/wp-content\/uploads\/sites\/9\/2021\/06\/2036-bozita-robur-mother-puppy-xl.png 400w, https:\/\/bozita.com\/pl\/wp-content\/uploads\/sites\/9\/2021\/06\/2036-bozita-robur-mother-puppy-xl-263x300.png 263w\" sizes=\"(max-width: 400px) 100vw, 400px\" \/>\t\t\t\t\t\t\t\t\t\t\t\t\t\t\t\t\t\t\t<\/figure>\n\t\t\t\t\t\t\t\t\t<h4 class=\"carousel-title\"><\/h4>\n\t\t\t\t\t\t\t\t\t<span class=\"carousel-category\">Prywatne: Bozita Robur Mother &amp; Puppy XL<\/span>\n\t\t\t\t\t\t\t\t\t  \n\t\t\t\t\t\t\t\t\t<ul class=\"category-list\">\n\t\t\t\t\t\t\t\t\t\t\t\t\t\t\t\t\t\t\t\t\t\t\t<li class=\"svg-image\">\n\t\t\t\t\t\t\t\t\t\t\t\t\t\t<img decoding=\"async\" src=\"https:\/\/bozita.com\/pl\/wp-content\/uploads\/sites\/9\/2021\/06\/icon-wheat-free.svg\" \/>\n\t\t\t\t\t\t\t\t\t\t\t\t\t<\/li>\n\t\t\t\t\t\t\t\t\t\t\t\t\t\t\t\t\t\t\t\t\t\t\t\t\t\t\t\t\t\t\t\t\t\t\t\t<li class=\"svg-image\">\n\t\t\t\t\t\t\t\t\t\t\t\t\t\t<img decoding=\"async\" src=\"https:\/\/bozita.com\/pl\/wp-content\/uploads\/sites\/9\/2021\/06\/icon-flavour-chicken.svg\" \/>\n\t\t\t\t\t\t\t\t\t\t\t\t\t<\/li>\n\t\t\t\t\t\t\t\t\t\t\t\t\t\t\t\t\t\t\t\t\t\t<\/ul>       \n\n\t\t\t\t\t\t\t\t<\/div>\n\t\t\t\t\t\t\t<\/a>\n\t\t\t\t\t\t\t\t\t\t\t\t\t\t\t\t\t\t<\/div>\n\t\t\t\t\t\t\t<\/div>\n\t\t<\/div>\n\t<\/div>\n<\/section>\n<script>\njQuery(document).ready(function($) {\n\tjQuery('.product-promo-carousel').owlCarousel({\n\tloop: true,\n\tmargin: 10,\n\tresponsiveClass: true,\n\tresponsive: {\n\t\t0: {\n\t\titems: 1,\n\t\tnav: true\n\t\t},\n\t\t600: {\n\t\titems: 1,\n\t\tnav: true\n\t\t},\n\t\t1000: {\n\t\titems: 2,\n\t\tnav: true,\n\t\t}\n\t}\n\t})\n\tjQuery(\".owl-prev\").html('<span><<\/span>');\n\tjQuery(\".owl-next\").html('<span>><\/span>');\n\n\tvar slider = jQuery('.promo-slider-list');\n\tslider.owlCarousel();\n\tjQuery('.nextbtn-a').click(function() {\n\tslider.trigger('next.owl.carousel');\n\t})\n\t\/\/ Go to the previous item\n\tjQuery('.prebtn-a').click(function() {\n\tslider.trigger('prev.owl.carousel', [300]);\n\t})\n});\n<\/script>\n\n\n\t<div class=\"text-box-warp\">\n\t\t<div class=\"container\">\n\t\t\t<div class=\"text-content\">\n\t\t\t\t<h2>KARMIENIE SZCZENI\u0104T<\/h2>\n<p>Mo\u017cesz przeczyta\u0107 wi\u0119cej o tym, co powinny je\u015b\u0107 Twoje szczeni\u0119ta i ile powinny je\u015b\u0107 ka\u017cdego dnia tutaj.<\/p>\n<ul>\n<li><a href=\"https:\/\/bozita.com\/pl\/karma-dla-psow\/zywienie-i-dieta\/co-i-jak-czesto-powinien-jesc-szczeniak\/\">Co i jak cz\u0119sto powinien je\u015b\u0107 szczeniak?<\/a><\/li>\n<\/ul>\n\t\t\t<\/div>\n\t\t<\/div>\n\t<\/div>\n\n\n\n\t<section class=\"block related-articles\">\n\t\t<div class=\"container\">\n\t\t\t<h2>Artyku\u0142y powi\u0105zane<\/h2>\n\t\t\t<div class=\"row justify-content-center\">\n\t\t\t\t\t\t\t\t\t\t<div class=\"col-sm-6 col-md-6 col-lg-3\">\n\t\t\t\t\t\t\t\t\t\t\t\t\t\t<div class=\"card \">\n\t\t\t\t\t\t\t\t\t\t\t\t\t\t\t\t\t<img decoding=\"async\"  src=\"https:\/\/bozita.com\/pl\/wp-content\/uploads\/sites\/9\/2021\/06\/bozita-utfodra-valp.jpg\" alt=\"\">\n\t\t\t\t\t\t\t\t\t\t\t\t\t\t\t\t\t<!-- <img decoding=\"async\" src=\"\n\t\t\t\t\t\t\t\t\t\t\t\t\t\t\t\t\t\t\t\t\" alt=\"\n\t\t\t\t\t\t\t\t\t\t\t\t\t\t\t\t\t\t\t\t\t\t\t\t\t\t\t\"> -->\n\t\t\t\t\t\t\t\t<div class=\"card-body\">\n\t\t\t\t\t\t\t\t\t\t\t\t\t\t\t\t\t\t\t<h6>Karma dla szczeniaka &#8211; Co powinien je\u015b\u0107 szczeniak?<\/h6>\n\t\t\t\t\t\t\t\t\t\t\t\t\t\t\t\t\t\t\t<a href=\"https:\/\/bozita.com\/pl\/karma-dla-psow\/zywienie-i-dieta\/co-i-jak-czesto-powinien-jesc-szczeniak\/\">Czytaj wi\u0119cej &nbsp; ><\/a>\n\t\t\t\t\t\t\t\t<\/div>\n\t\t\t\t\t\t\t<\/div>\n\t\t\t\t\t\t<\/div>\n\n\t\t\t\t\t\t\t\t\t\t\t<div class=\"col-sm-6 col-md-6 col-lg-3\">\n\t\t\t\t\t\t\t\t\t\t\t\t\t\t<div class=\"card \">\n\t\t\t\t\t\t\t\t\t\t\t\t\t\t\t\t\t<img decoding=\"async\"  src=\"https:\/\/bozita.com\/pl\/wp-content\/uploads\/sites\/9\/2021\/08\/bozita-hund-byta-valpfoder-vuxenfoder.jpeg\" alt=\"\">\n\t\t\t\t\t\t\t\t\t\t\t\t\t\t\t\t\t<!-- <img decoding=\"async\" src=\"\n\t\t\t\t\t\t\t\t\t\t\t\t\t\t\t\t\t\t\t\t\" alt=\"\n\t\t\t\t\t\t\t\t\t\t\t\t\t\t\t\t\t\t\t\t\t\t\t\t\t\t\t\"> -->\n\t\t\t\t\t\t\t\t<div class=\"card-body\">\n\t\t\t\t\t\t\t\t\t\t\t\t\t\t\t\t\t\t\t<h6>Zmiana \u017cywienia psa<\/h6>\n\t\t\t\t\t\t\t\t\t\t\t\t\t\t\t\t\t\t\t<a href=\"https:\/\/bozita.com\/pl\/karma-dla-psow\/zywienie-i-dieta\/zmiana-zywienia-psa-od-karmy-dla-szczeniaka-do-karmy-dla-psow\/\">Czytaj wi\u0119cej &nbsp; ><\/a>\n\t\t\t\t\t\t\t\t<\/div>\n\t\t\t\t\t\t\t<\/div>\n\t\t\t\t\t\t<\/div>\n\n\t\t\t\t\t\t\t\t\t\t\t<div class=\"col-sm-6 col-md-6 col-lg-3\">\n\t\t\t\t\t\t\t\t\t\t\t\t\t\t<div class=\"card \">\n\t\t\t\t\t\t\t\t\t\t\t\t\t\t\t\t\t<img decoding=\"async\"  src=\"https:\/\/bozita.com\/pl\/wp-content\/uploads\/sites\/9\/2021\/08\/bozita-hund-borsta-tander-hygien.jpeg\" alt=\"\">\n\t\t\t\t\t\t\t\t\t\t\t\t\t\t\t\t\t<!-- <img decoding=\"async\" src=\"\n\t\t\t\t\t\t\t\t\t\t\t\t\t\t\t\t\t\t\t\t\" alt=\"\n\t\t\t\t\t\t\t\t\t\t\t\t\t\t\t\t\t\t\t\t\t\t\t\t\t\t\t\"> -->\n\t\t\t\t\t\t\t\t<div class=\"card-body\">\n\t\t\t\t\t\t\t\t\t\t\t\t\t\t\t\t\t\t\t<h6>Szczotkowanie z\u0119b\u00f3w | Psie z\u0119by i ich higiena<\/h6>\n\t\t\t\t\t\t\t\t\t\t\t\t\t\t\t\t\t\t\t<a href=\"https:\/\/bozita.com\/pl\/zycie-z-psem\/zdrowie-psa\/higiena-jamy-ustnej-i-szczotkowanie-zebow-psa\/\">Czytaj wi\u0119cej &nbsp; ><\/a>\n\t\t\t\t\t\t\t\t<\/div>\n\t\t\t\t\t\t\t<\/div>\n\t\t\t\t\t\t<\/div>\n\n\t\t\t\t\t\t\t\t\t\t\t\t<\/div>\n\t\t<\/div>\n\t<\/section>\n","protected":false},"excerpt":{"rendered":"","protected":false},"author":1,"featured_media":6749,"parent":6777,"menu_order":0,"comment_status":"closed","ping_status":"closed","template":"guternberg.php","meta":{"footnotes":""},"acf":[],"yoast_head":"<!-- This site is optimized with the Yoast SEO plugin v21.3 - https:\/\/yoast.com\/wordpress\/plugins\/seo\/ -->\n<title>Suki w ci\u0105\u017cy i karmi\u0105ce - od\u017cywanie | Bozita Polska<\/title>\n<meta name=\"description\" content=\"Od\u017cywianie suk w ci\u0105\u017cy oraz karmi\u0105cych. Odpowiedni rodzaj i ilo\u015b\u0107 karmy zapewnia zdrowie suki i szczeni\u0105t.\" \/>\n<meta name=\"robots\" content=\"index, follow, max-snippet:-1, max-image-preview:large, max-video-preview:-1\" \/>\n<link rel=\"canonical\" href=\"https:\/\/bozita.com\/pl\/karma-dla-psow\/zywienie-i-dieta\/czym-powinna-byc-karmiona-suka-w-ciazy\/\" \/>\n<meta property=\"og:locale\" content=\"pl_PL\" \/>\n<meta property=\"og:type\" content=\"article\" \/>\n<meta property=\"og:title\" content=\"Suki w ci\u0105\u017cy i karmi\u0105ce - od\u017cywanie | Bozita Polska\" \/>\n<meta property=\"og:description\" content=\"Od\u017cywianie suk w ci\u0105\u017cy oraz karmi\u0105cych. Odpowiedni rodzaj i ilo\u015b\u0107 karmy zapewnia zdrowie suki i szczeni\u0105t.\" \/>\n<meta property=\"og:url\" content=\"https:\/\/bozita.com\/pl\/karma-dla-psow\/zywienie-i-dieta\/czym-powinna-byc-karmiona-suka-w-ciazy\/\" \/>\n<meta property=\"og:site_name\" content=\"Bozita Polska\" \/>\n<meta property=\"article:modified_time\" content=\"2022-09-29T06:15:25+00:00\" \/>\n<meta property=\"og:image\" content=\"https:\/\/bozita.com\/pl\/wp-content\/uploads\/sites\/9\/2021\/08\/bozita-utfodring-tik-draktig-digivande.jpeg\" \/>\n\t<meta property=\"og:image:width\" content=\"800\" \/>\n\t<meta property=\"og:image:height\" content=\"533\" \/>\n\t<meta property=\"og:image:type\" content=\"image\/jpeg\" \/>\n<meta name=\"twitter:card\" content=\"summary_large_image\" \/>\n<!-- \/ Yoast SEO plugin. -->","yoast_head_json":{"title":"Suki w ci\u0105\u017cy i karmi\u0105ce - od\u017cywanie | Bozita Polska","description":"Od\u017cywianie suk w ci\u0105\u017cy oraz karmi\u0105cych. Odpowiedni rodzaj i ilo\u015b\u0107 karmy zapewnia zdrowie suki i szczeni\u0105t.","robots":{"index":"index","follow":"follow","max-snippet":"max-snippet:-1","max-image-preview":"max-image-preview:large","max-video-preview":"max-video-preview:-1"},"canonical":"https:\/\/bozita.com\/pl\/karma-dla-psow\/zywienie-i-dieta\/czym-powinna-byc-karmiona-suka-w-ciazy\/","og_locale":"pl_PL","og_type":"article","og_title":"Suki w ci\u0105\u017cy i karmi\u0105ce - od\u017cywanie | Bozita Polska","og_description":"Od\u017cywianie suk w ci\u0105\u017cy oraz karmi\u0105cych. Odpowiedni rodzaj i ilo\u015b\u0107 karmy zapewnia zdrowie suki i szczeni\u0105t.","og_url":"https:\/\/bozita.com\/pl\/karma-dla-psow\/zywienie-i-dieta\/czym-powinna-byc-karmiona-suka-w-ciazy\/","og_site_name":"Bozita Polska","article_modified_time":"2022-09-29T06:15:25+00:00","og_image":[{"width":800,"height":533,"url":"https:\/\/bozita.com\/pl\/wp-content\/uploads\/sites\/9\/2021\/08\/bozita-utfodring-tik-draktig-digivande.jpeg","type":"image\/jpeg"}],"twitter_card":"summary_large_image","schema":{"@context":"https:\/\/schema.org","@graph":[{"@type":"WebPage","@id":"https:\/\/bozita.com\/pl\/karma-dla-psow\/zywienie-i-dieta\/czym-powinna-byc-karmiona-suka-w-ciazy\/","url":"https:\/\/bozita.com\/pl\/karma-dla-psow\/zywienie-i-dieta\/czym-powinna-byc-karmiona-suka-w-ciazy\/","name":"Suki w ci\u0105\u017cy i karmi\u0105ce - od\u017cywanie | Bozita Polska","isPartOf":{"@id":"https:\/\/bozita.com\/pl\/#website"},"datePublished":"2021-08-12T17:54:17+00:00","dateModified":"2022-09-29T06:15:25+00:00","description":"Od\u017cywianie suk w ci\u0105\u017cy oraz karmi\u0105cych. Odpowiedni rodzaj i ilo\u015b\u0107 karmy zapewnia zdrowie suki i szczeni\u0105t.","breadcrumb":{"@id":"https:\/\/bozita.com\/pl\/karma-dla-psow\/zywienie-i-dieta\/czym-powinna-byc-karmiona-suka-w-ciazy\/#breadcrumb"},"inLanguage":"pl-PL","potentialAction":[{"@type":"ReadAction","target":["https:\/\/bozita.com\/pl\/karma-dla-psow\/zywienie-i-dieta\/czym-powinna-byc-karmiona-suka-w-ciazy\/"]}]},{"@type":"BreadcrumbList","@id":"https:\/\/bozita.com\/pl\/karma-dla-psow\/zywienie-i-dieta\/czym-powinna-byc-karmiona-suka-w-ciazy\/#breadcrumb","itemListElement":[{"@type":"ListItem","position":1,"name":"Home","item":"https:\/\/bozita.com\/pl\/"},{"@type":"ListItem","position":2,"name":"Karma dla ps\u00f3w","item":"https:\/\/bozita.com\/pl\/karma-dla-psow\/"},{"@type":"ListItem","position":3,"name":"\u017bywienie i dieta","item":"https:\/\/bozita.com\/pl\/karma-dla-psow\/zywienie-i-dieta\/"},{"@type":"ListItem","position":4,"name":"Suki w ci\u0105\u017cy i karmi\u0105ce &#8211; od\u017cywanie"}]},{"@type":"WebSite","@id":"https:\/\/bozita.com\/pl\/#website","url":"https:\/\/bozita.com\/pl\/","name":"Bozita Polska","description":"","potentialAction":[{"@type":"SearchAction","target":{"@type":"EntryPoint","urlTemplate":"https:\/\/bozita.com\/pl\/?s={search_term_string}"},"query-input":"required name=search_term_string"}],"inLanguage":"pl-PL"}]}},"_links":{"self":[{"href":"https:\/\/bozita.com\/pl\/wp-json\/wp\/v2\/pages\/6747"}],"collection":[{"href":"https:\/\/bozita.com\/pl\/wp-json\/wp\/v2\/pages"}],"about":[{"href":"https:\/\/bozita.com\/pl\/wp-json\/wp\/v2\/types\/page"}],"author":[{"embeddable":true,"href":"https:\/\/bozita.com\/pl\/wp-json\/wp\/v2\/users\/1"}],"replies":[{"embeddable":true,"href":"https:\/\/bozita.com\/pl\/wp-json\/wp\/v2\/comments?post=6747"}],"version-history":[{"count":17,"href":"https:\/\/bozita.com\/pl\/wp-json\/wp\/v2\/pages\/6747\/revisions"}],"predecessor-version":[{"id":9481,"href":"https:\/\/bozita.com\/pl\/wp-json\/wp\/v2\/pages\/6747\/revisions\/9481"}],"up":[{"embeddable":true,"href":"https:\/\/bozita.com\/pl\/wp-json\/wp\/v2\/pages\/6777"}],"wp:featuredmedia":[{"embeddable":true,"href":"https:\/\/bozita.com\/pl\/wp-json\/wp\/v2\/media\/6749"}],"wp:attachment":[{"href":"https:\/\/bozita.com\/pl\/wp-json\/wp\/v2\/media?parent=6747"}],"curies":[{"name":"wp","href":"https:\/\/api.w.org\/{rel}","templated":true}]}}