{"id":6750,"date":"2021-08-12T17:54:10","date_gmt":"2021-08-12T17:54:10","guid":{"rendered":"https:\/\/bozita.com\/pl\/zostawianie-psa-samego-w-domu-jak-przyzwyczaic-do-tego-czworonoga\/"},"modified":"2022-09-29T07:14:10","modified_gmt":"2022-09-29T07:14:10","slug":"zostawianie-psa-samego-w-domu-jak-przyzwyczaic-do-tego-czworonoga","status":"publish","type":"page","link":"https:\/\/bozita.com\/pl\/zycie-z-psem\/rozwoj-psa\/zostawianie-psa-samego-w-domu-jak-przyzwyczaic-do-tego-czworonoga\/","title":{"rendered":"Trening samotno\u015bci &#8211; zostawianie psa samego w domu"},"content":{"rendered":"\t\t<section class=\"small-hero\">\n\t\t\t<div class=\"container\">\n\t\t\t\t<h1 class=\"small-hero-title\">ZOSTAWIANIE PSA SAMEGO W DOMU &#8211; JAK PRZYZWYCZAI\u0106 DO TEGO CZWORONOGA?<\/h1>\t\t\t<\/div>\n\t\t\t<\/div>\n\t\t<\/section>\n\t\n\n\t<div class=\"text-box-warp\">\n\t\t<div class=\"container\">\n\t\t\t<div class=\"text-content\">\n\t\t\t\t<p><strong>Psy to zwierz\u0119ta stadne, wi\u0119c mo\u017ce zdarzy\u0107 si\u0119, \u017ce Tw\u00f3j pies b\u0119dzie potrzebowa\u0142 troch\u0119 czasu zanim nauczy si\u0119 zostawa\u0107 sam w domu. Nasza rada to zostawianie psa samego w domu, gdy jest jeszcze szczeniakiem i stopniowe zwi\u0119kszanie poziomu trudno\u015bci w taki spos\u00f3b, kt\u00f3ry odpowiada Twojemu ulubie\u0144cowi. W ten spos\u00f3b unikniesz takich zachowa\u0144, jak \u017cucie i gryzienie r\u00f3\u017cnych przedmiot\u00f3w przez psa, gdy zostawiasz go samego w domu.<\/strong><\/p>\n<h2>ZOSTAWIANIE PSA SAMEGO W DOMU &#8211; ROZPOCZNIJ TRENING JAK NAJSZYBCIEJ<\/h2>\n<p>Mo\u017cesz zacz\u0105\u0107 trenowa\u0107 szczeni\u0119, gdy tylko poczuje si\u0119 ono bezpiecznie w Twoim domu, zazwyczaj zajmuje to kilka tygodni. Do 6 miesi\u0105ca \u017cycia szczeni\u0119 nie powinno zostawa\u0107 samo na d\u0142u\u017cej ni\u017c kilka chwil, ale dobrze jest je przygotowa\u0107 zawczasu, aby p\u00f3\u017aniej ch\u0119tnie zostawa\u0142o samo na d\u0142u\u017cej.<\/p>\n<p>Ka\u017cdy pies jest inny, wi\u0119c pracuj z nim w tempie, kt\u00f3re mu odpowiada. Celem jest to, aby po pozostawieniu w samotno\u015bci pies czu\u0142 si\u0119 spokojny i zrelaksowany.<\/p>\n<h2>ZOSTAWIANIE PSA SAMEGO W DOMU WARTO ZACZ\u0104\u0106 OD POBYTU W ODDZIELNYCH POKOJACH<\/h2>\n<p>Krok pierwszy &#8211; przyzwyczaj szczeni\u0119 do tego, \u017ce nie przebywacie w tym samym pomieszczeniu. \u0106wiczcie to cz\u0119sto, ale przez kr\u00f3tki czas.<\/p>\n<p>Ustaw \u201cprzeszkod\u0119\u201d np. bramk\u0119 dla dzieci, pomi\u0119dzy dwoma pomieszczeniami. Przechod\u017a do drugiego z nich i pozwalaj, aby szczeniak Ci\u0119 widzia\u0142, ale nie m\u00f3g\u0142 wej\u015b\u0107 z Tob\u0105. Nie zwracaj uwagi, je\u015bli zacznie si\u0119 denerwowa\u0107 albo piszcze\u0107. Wr\u00f3\u0107 do niego, kiedy si\u0119 uspokoi. Mo\u017cesz m\u00f3wi\u0107 do niego w spokojny spos\u00f3b, ale nie r\u00f3b nic wi\u0119cej, gdy wychodzisz lub wracasz.<\/p>\n<p>Je\u015bli szczeni\u0119 bardzo si\u0119 denerwuje i nie uspokaja si\u0119, wr\u00f3\u0107 do niego, ale nie po\u015bwi\u0119caj mu wi\u0119kszej ilo\u015bci czasu czy uwagi, aby wynagrodzi\u0107 mu w ten spos\u00f3b jego cierpliwo\u015b\u0107. Powt\u00f3rz \u0107wiczenie innym razem.<\/p>\n<p>Upewnij si\u0119, \u017ce szczeniak ma dost\u0119p do swojego \u0142\u00f3\u017cka i zabawek, ale nie przekupuj go zostawiaj\u0105c jedzenie lub smako\u0142yki.<\/p>\n<p>Po kilku tygodniach treningu nawet nerwowe szczeni\u0119ta potrafi\u0105 nauczy\u0107 si\u0119 zostawania na chwil\u0119 w oddzielnym pokoju.<\/p>\n<h2>STOPNIOWO ZWI\u0118KSZAJ TRUDNO\u015a\u0106 \u0106WICZE\u0143<\/h2>\n<p>Zwi\u0119kszaj trudno\u015b\u0107 treningu samotno\u015bci opuszczaj\u0105c na chwil\u0119 dom lub mieszkanie. Na pocz\u0105tku mo\u017cesz np. wyj\u015b\u0107 ze \u015bmieciami. P\u00f3\u017aniej mo\u017ce to by\u0107 wyj\u015bcie do sklepu, a nast\u0119pnie wyj\u015bcie do kina. Kontynuuj powroty w taki sam spos\u00f3b, jak przy przechodzeniu z pokoju do pokoju.<\/p>\n<p>Wytresowany pies potrafi bez wi\u0119kszych problem\u00f3w zosta\u0107 w domu sam przez oko\u0142o 4-5 godzin.<\/p>\n\t\t\t<\/div>\n\t\t<\/div>\n\t<\/div>\n\n\n\n\t<section class=\"block related-articles\">\n\t\t<div class=\"container\">\n\t\t\t<h2>Artyku\u0142y powi\u0105zane<\/h2>\n\t\t\t<div class=\"row justify-content-center\">\n\t\t\t\t\t\t\t\t\t\t<div class=\"col-sm-6 col-md-6 col-lg-3\">\n\t\t\t\t\t\t\t\t\t\t\t\t\t\t<div class=\"card \">\n\t\t\t\t\t\t\t\t\t\t\t\t\t\t\t\t\t<img decoding=\"async\"  src=\"https:\/\/bozita.com\/pl\/wp-content\/uploads\/sites\/9\/2021\/08\/bozita-hundvalp-spokalder-plotsliga-radslor.jpeg\" alt=\"\">\n\t\t\t\t\t\t\t\t\t\t\t\t\t\t\t\t\t<!-- <img decoding=\"async\" src=\"\n\t\t\t\t\t\t\t\t\t\t\t\t\t\t\t\t\t\t\t\t\" alt=\"\n\t\t\t\t\t\t\t\t\t\t\t\t\t\t\t\t\t\t\t\t\t\t\t\t\t\t\t\"> -->\n\t\t\t\t\t\t\t\t<div class=\"card-body\">\n\t\t\t\t\t\t\t\t\t\t\t\t\t\t\t\t\t\t\t<h6>Czy tw\u00f3j pies nagle reaguje strachem?<\/h6>\n\t\t\t\t\t\t\t\t\t\t\t\t\t\t\t\t\t\t\t<a href=\"https:\/\/bozita.com\/pl\/zycie-z-psem\/rozwoj-psa\/nagly-strach-psa\/\">Czytaj wi\u0119cej &nbsp; ><\/a>\n\t\t\t\t\t\t\t\t<\/div>\n\t\t\t\t\t\t\t<\/div>\n\t\t\t\t\t\t<\/div>\n\n\t\t\t\t\t\t\t\t\t\t\t<div class=\"col-sm-6 col-md-6 col-lg-3\">\n\t\t\t\t\t\t\t\t\t\t\t\t\t\t<div class=\"card \">\n\t\t\t\t\t\t\t\t\t\t\t\t\t\t\t\t\t<img decoding=\"async\"  src=\"https:\/\/bozita.com\/pl\/wp-content\/uploads\/sites\/9\/2021\/08\/bozita-hundvalp-miljotraning-socialisering.jpeg\" alt=\"\">\n\t\t\t\t\t\t\t\t\t\t\t\t\t\t\t\t\t<!-- <img decoding=\"async\" src=\"\n\t\t\t\t\t\t\t\t\t\t\t\t\t\t\t\t\t\t\t\t\" alt=\"\n\t\t\t\t\t\t\t\t\t\t\t\t\t\t\t\t\t\t\t\t\t\t\t\t\t\t\t\"> -->\n\t\t\t\t\t\t\t\t<div class=\"card-body\">\n\t\t\t\t\t\t\t\t\t\t\t\t\t\t\t\t\t\t\t<h6>Socjalizacja psa \u2013 jak, gdzie i kiedy<\/h6>\n\t\t\t\t\t\t\t\t\t\t\t\t\t\t\t\t\t\t\t<a href=\"https:\/\/bozita.com\/pl\/zycie-z-psem\/rozwoj-psa\/socjalizacja-psa-jak-gdzie-i-kiedy\/\">Czytaj wi\u0119cej &nbsp; ><\/a>\n\t\t\t\t\t\t\t\t<\/div>\n\t\t\t\t\t\t\t<\/div>\n\t\t\t\t\t\t<\/div>\n\n\t\t\t\t\t\t\t\t\t\t\t<div class=\"col-sm-6 col-md-6 col-lg-3\">\n\t\t\t\t\t\t\t\t\t\t\t\t\t\t<div class=\"card \">\n\t\t\t\t\t\t\t\t\t\t\t\t\t\t\t\t\t<img decoding=\"async\"  src=\"https:\/\/bozita.com\/pl\/wp-content\/uploads\/sites\/9\/2021\/06\/bozita-smakgaranti-hundmat-kattmat.jpeg\" alt=\"\">\n\t\t\t\t\t\t\t\t\t\t\t\t\t\t\t\t\t<!-- <img decoding=\"async\" src=\"\n\t\t\t\t\t\t\t\t\t\t\t\t\t\t\t\t\t\t\t\t\" alt=\"\n\t\t\t\t\t\t\t\t\t\t\t\t\t\t\t\t\t\t\t\t\t\t\t\t\t\t\t\"> -->\n\t\t\t\t\t\t\t\t<div class=\"card-body\">\n\t\t\t\t\t\t\t\t\t\t\t\t\t\t\t\t\t\t\t<h6>Aktywno\u015bci na umocnienie wi\u0119zi z Twoim psem<\/h6>\n\t\t\t\t\t\t\t\t\t\t\t\t\t\t\t\t\t\t\t<a href=\"https:\/\/bozita.com\/pl\/zycie-z-psem\/aktywnosc-fizyczna\/zachec-psa-do-aktywnosci-aby-poprawic-wspolne-relacje\/\">Czytaj wi\u0119cej &nbsp; ><\/a>\n\t\t\t\t\t\t\t\t<\/div>\n\t\t\t\t\t\t\t<\/div>\n\t\t\t\t\t\t<\/div>\n\n\t\t\t\t\t\t\t\t\t\t\t\t<\/div>\n\t\t<\/div>\n\t<\/section>\n","protected":false},"excerpt":{"rendered":"","protected":false},"author":1,"featured_media":6751,"parent":6805,"menu_order":0,"comment_status":"closed","ping_status":"closed","template":"guternberg.php","meta":{"footnotes":""},"acf":[],"yoast_head":"<!-- This site is optimized with the Yoast SEO plugin v21.3 - https:\/\/yoast.com\/wordpress\/plugins\/seo\/ -->\n<title>Trening samotno\u015bci - zostawianie psa samego w domu | Bozita Polska<\/title>\n<meta name=\"description\" content=\"Trening samotno\u015bci u szczeni\u0119cia i psa. Aby\u015b m\u00f3g\u0142 zostawi\u0107 psa samego w domu musisz go tego nauczy\u0107. Dowiedz si\u0119 jak to zrobi\u0107?\" \/>\n<meta name=\"robots\" content=\"index, follow, max-snippet:-1, max-image-preview:large, max-video-preview:-1\" \/>\n<link rel=\"canonical\" href=\"https:\/\/bozita.com\/pl\/zycie-z-psem\/rozwoj-psa\/zostawianie-psa-samego-w-domu-jak-przyzwyczaic-do-tego-czworonoga\/\" \/>\n<meta property=\"og:locale\" content=\"pl_PL\" \/>\n<meta property=\"og:type\" content=\"article\" \/>\n<meta property=\"og:title\" content=\"Trening samotno\u015bci - zostawianie psa samego w domu | Bozita Polska\" \/>\n<meta property=\"og:description\" content=\"Trening samotno\u015bci u szczeni\u0119cia i psa. Aby\u015b m\u00f3g\u0142 zostawi\u0107 psa samego w domu musisz go tego nauczy\u0107. Dowiedz si\u0119 jak to zrobi\u0107?\" \/>\n<meta property=\"og:url\" content=\"https:\/\/bozita.com\/pl\/zycie-z-psem\/rozwoj-psa\/zostawianie-psa-samego-w-domu-jak-przyzwyczaic-do-tego-czworonoga\/\" \/>\n<meta property=\"og:site_name\" content=\"Bozita Polska\" \/>\n<meta property=\"article:modified_time\" content=\"2022-09-29T07:14:10+00:00\" \/>\n<meta property=\"og:image\" content=\"https:\/\/bozita.com\/pl\/wp-content\/uploads\/sites\/9\/2021\/08\/bozita-hundvalp-ensam-trana.jpeg\" \/>\n\t<meta property=\"og:image:width\" content=\"800\" \/>\n\t<meta property=\"og:image:height\" content=\"533\" \/>\n\t<meta property=\"og:image:type\" content=\"image\/jpeg\" \/>\n<meta name=\"twitter:card\" content=\"summary_large_image\" \/>\n<!-- \/ Yoast SEO plugin. -->","yoast_head_json":{"title":"Trening samotno\u015bci - zostawianie psa samego w domu | Bozita Polska","description":"Trening samotno\u015bci u szczeni\u0119cia i psa. Aby\u015b m\u00f3g\u0142 zostawi\u0107 psa samego w domu musisz go tego nauczy\u0107. Dowiedz si\u0119 jak to zrobi\u0107?","robots":{"index":"index","follow":"follow","max-snippet":"max-snippet:-1","max-image-preview":"max-image-preview:large","max-video-preview":"max-video-preview:-1"},"canonical":"https:\/\/bozita.com\/pl\/zycie-z-psem\/rozwoj-psa\/zostawianie-psa-samego-w-domu-jak-przyzwyczaic-do-tego-czworonoga\/","og_locale":"pl_PL","og_type":"article","og_title":"Trening samotno\u015bci - zostawianie psa samego w domu | Bozita Polska","og_description":"Trening samotno\u015bci u szczeni\u0119cia i psa. Aby\u015b m\u00f3g\u0142 zostawi\u0107 psa samego w domu musisz go tego nauczy\u0107. Dowiedz si\u0119 jak to zrobi\u0107?","og_url":"https:\/\/bozita.com\/pl\/zycie-z-psem\/rozwoj-psa\/zostawianie-psa-samego-w-domu-jak-przyzwyczaic-do-tego-czworonoga\/","og_site_name":"Bozita Polska","article_modified_time":"2022-09-29T07:14:10+00:00","og_image":[{"width":800,"height":533,"url":"https:\/\/bozita.com\/pl\/wp-content\/uploads\/sites\/9\/2021\/08\/bozita-hundvalp-ensam-trana.jpeg","type":"image\/jpeg"}],"twitter_card":"summary_large_image","schema":{"@context":"https:\/\/schema.org","@graph":[{"@type":"WebPage","@id":"https:\/\/bozita.com\/pl\/zycie-z-psem\/rozwoj-psa\/zostawianie-psa-samego-w-domu-jak-przyzwyczaic-do-tego-czworonoga\/","url":"https:\/\/bozita.com\/pl\/zycie-z-psem\/rozwoj-psa\/zostawianie-psa-samego-w-domu-jak-przyzwyczaic-do-tego-czworonoga\/","name":"Trening samotno\u015bci - zostawianie psa samego w domu | Bozita Polska","isPartOf":{"@id":"https:\/\/bozita.com\/pl\/#website"},"datePublished":"2021-08-12T17:54:10+00:00","dateModified":"2022-09-29T07:14:10+00:00","description":"Trening samotno\u015bci u szczeni\u0119cia i psa. Aby\u015b m\u00f3g\u0142 zostawi\u0107 psa samego w domu musisz go tego nauczy\u0107. Dowiedz si\u0119 jak to zrobi\u0107?","breadcrumb":{"@id":"https:\/\/bozita.com\/pl\/zycie-z-psem\/rozwoj-psa\/zostawianie-psa-samego-w-domu-jak-przyzwyczaic-do-tego-czworonoga\/#breadcrumb"},"inLanguage":"pl-PL","potentialAction":[{"@type":"ReadAction","target":["https:\/\/bozita.com\/pl\/zycie-z-psem\/rozwoj-psa\/zostawianie-psa-samego-w-domu-jak-przyzwyczaic-do-tego-czworonoga\/"]}]},{"@type":"BreadcrumbList","@id":"https:\/\/bozita.com\/pl\/zycie-z-psem\/rozwoj-psa\/zostawianie-psa-samego-w-domu-jak-przyzwyczaic-do-tego-czworonoga\/#breadcrumb","itemListElement":[{"@type":"ListItem","position":1,"name":"Home","item":"https:\/\/bozita.com\/pl\/"},{"@type":"ListItem","position":2,"name":"\u017bycie z psem","item":"https:\/\/bozita.com\/pl\/zycie-z-psem\/"},{"@type":"ListItem","position":3,"name":"Rozw\u00f3j psa","item":"https:\/\/bozita.com\/pl\/zycie-z-psem\/rozwoj-psa\/"},{"@type":"ListItem","position":4,"name":"Trening samotno\u015bci &#8211; zostawianie psa samego w domu"}]},{"@type":"WebSite","@id":"https:\/\/bozita.com\/pl\/#website","url":"https:\/\/bozita.com\/pl\/","name":"Bozita Polska","description":"","potentialAction":[{"@type":"SearchAction","target":{"@type":"EntryPoint","urlTemplate":"https:\/\/bozita.com\/pl\/?s={search_term_string}"},"query-input":"required name=search_term_string"}],"inLanguage":"pl-PL"}]}},"_links":{"self":[{"href":"https:\/\/bozita.com\/pl\/wp-json\/wp\/v2\/pages\/6750"}],"collection":[{"href":"https:\/\/bozita.com\/pl\/wp-json\/wp\/v2\/pages"}],"about":[{"href":"https:\/\/bozita.com\/pl\/wp-json\/wp\/v2\/types\/page"}],"author":[{"embeddable":true,"href":"https:\/\/bozita.com\/pl\/wp-json\/wp\/v2\/users\/1"}],"replies":[{"embeddable":true,"href":"https:\/\/bozita.com\/pl\/wp-json\/wp\/v2\/comments?post=6750"}],"version-history":[{"count":5,"href":"https:\/\/bozita.com\/pl\/wp-json\/wp\/v2\/pages\/6750\/revisions"}],"predecessor-version":[{"id":9533,"href":"https:\/\/bozita.com\/pl\/wp-json\/wp\/v2\/pages\/6750\/revisions\/9533"}],"up":[{"embeddable":true,"href":"https:\/\/bozita.com\/pl\/wp-json\/wp\/v2\/pages\/6805"}],"wp:featuredmedia":[{"embeddable":true,"href":"https:\/\/bozita.com\/pl\/wp-json\/wp\/v2\/media\/6751"}],"wp:attachment":[{"href":"https:\/\/bozita.com\/pl\/wp-json\/wp\/v2\/media?parent=6750"}],"curies":[{"name":"wp","href":"https:\/\/api.w.org\/{rel}","templated":true}]}}