{"id":6752,"date":"2021-08-12T17:54:03","date_gmt":"2021-08-12T17:54:03","guid":{"rendered":"https:\/\/bozita.com\/pl\/zycie-z-kotem\/kupno-kota\/czipowanie-kota-i-rejestracja-czipa\/"},"modified":"2022-09-29T06:51:25","modified_gmt":"2022-09-29T06:51:25","slug":"czipowanie-kota-i-rejestracja-czipa","status":"publish","type":"page","link":"https:\/\/bozita.com\/pl\/zycie-z-kotem\/kupno-kota\/czipowanie-kota-i-rejestracja-czipa\/","title":{"rendered":"Czipowanie kota i rejestracja czipa"},"content":{"rendered":"\t\t<section class=\"small-hero\">\n\t\t\t<div class=\"container\">\n\t\t\t\t<h1 class=\"small-hero-title\">CZIPOWANIE KOTA I REJESTRACJA CZIPA<\/h1>\t\t\t<\/div>\n\t\t\t<\/div>\n\t\t<\/section>\n\t\n\n\t<div class=\"text-box-warp\">\n\t\t<div class=\"container\">\n\t\t\t<div class=\"text-content\">\n\t\t\t\t<p><strong>Czipowanie kota lub oznaczenie go tatua\u017cem pomo\u017ce Ci go odnale\u017a\u0107, je\u015bli ucieknie. Ka\u017cda z tych metod ma plusy i minusy. Je\u015bli wyje\u017cd\u017casz za granic\u0119 z kotem jeste\u015b zobowi\u0105zany prawem do jego zaczipowania.<\/strong><\/p>\n<h2>OZNAKOWANIE KOTA TATUA\u017bEM W UCHU<\/h2>\n<p>Tatua\u017c ucha jest wykonywany przez weterynarza i zak\u0142ada wytatuowanie kombinacji liter i cyfr w \u015brodku ucha zwierz\u0119cia. Numer identyfikacyjny mo\u017ce w przysz\u0142o\u015bci pom\u00f3c Ci odnale\u017a\u0107 kota. Numer czyta si\u0119 od strony g\u0142owy do \u015brodka ucha.<\/p>\n<p>Zalet\u0105 oznaczenia kota tatua\u017cem jest \u0142atwo\u015b\u0107 identyfikacji zwierz\u0119cia przez osob\u0119, kt\u00f3ra odnajdzie kota poza domem. Mo\u017cna zrobi\u0107 to dzi\u0119ki odczytaniu kombinacji liter i cyfr i sprawdzeniu jej rejestracji np. w systemie CBDZOE pod adresem:\u00a0<a title=\"CBDZOE\" href=\"https:\/\/www.cbdzoe.pl\/pds\/wyszukiwarka-mikroczipow\/\" target=\"_blank\" rel=\"noopener\">Wyszukiwarka czip\u00f3w zawieszek tatua\u017cy szukanie numeru mikroczipa, znajd\u017a mikrochip &#8211; CBDZOE &#8211; cz\u0142onek \u015bwiatowej bazy zwierz\u0105t WORLDPETNET<\/a>\u00a0Wad\u0105 tatua\u017cu jest to, \u017ce z czasem mo\u017ce wyblakn\u0105\u0107 i ci\u0119\u017cej b\u0119dzie go odczyta\u0107.<\/p>\n<h2>CZIPOWANIE KOTA METOD\u0104 JEGO OZNACZENIA<\/h2>\n<p>Chipowanie kota jest prostym i skutecznym zabiegiem polegaj\u0105cym na wszczepieniu ma\u0142ego czipa pod sk\u00f3r\u0119 kota. Czip mo\u017cna potem odczyta\u0107\/zidentyfikowa\u0107 specjalnym czytnikiem u weterynarza, na komendach Policji oraz Stra\u017cy Miejskiej. Kot mo\u017ce by\u0107 zaczipowany dopiero, kiedy sko\u0144czy 6 tygodni.<\/p>\n<p>Zalet\u0105 czipa jest to, \u017ce zazwyczaj s\u0142u\u017cy on kotu ca\u0142e \u017cycie. Je\u015bli planujesz podr\u00f3\u017cowa\u0107 z kotem za granic\u0119 jeste\u015b zobowi\u0105zany oznakowa\u0107 go czipem. Wad\u0105 tej metody jest to, \u017ce odczyt czipa mo\u017cna wykona\u0107 jedynie u weterynarza lub na komendzie Policji i Stra\u017cy Miejskiej.<\/p>\n<p><strong>Wi\u0119cej informacji<\/strong><\/p>\n<ul>\n<li><a href=\"https:\/\/bozita.com\/pl\/zycie-z-kotem\/rozwoj-kotow\/podrozowanie-z-kotem-to-musisz-wiedziec\/\">Jak najlepiej podr\u00f3\u017cowa\u0107 z kotem?<\/a><\/li>\n<\/ul>\n<h2>CZY CZIPOWANIE KOTA JEST WYMAGANE PRZEZ PRAWO?<\/h2>\n<p>Chipowanie kota nie jest wymagane prawem, je\u015bli nie podr\u00f3\u017cujesz z kotem poza granice pa\u0144stwa. Wielu zaanga\u017cowanych mi\u0142o\u015bnik\u00f3w kot\u00f3w nawo\u0142uje do stworzenia obowi\u0105zku czipowania kot\u00f3w i rejestrowania czip\u00f3w, \u017ceby zmniejszy\u0107 problem bezdomno\u015bci kot\u00f3w oraz podnie\u015b\u0107 ich status.<\/p>\n<h2>PAMI\u0118TAJ O ZAREJESTROWANIU CZIPA PO ZACZIPOWANIU KOTA<\/h2>\n<p>Wiele os\u00f3b my\u015bli, \u017ce wystarczy jedynie zaczipowa\u0107 kota, ale tak naprawd\u0119 trzeba zrobi\u0107 nieco wi\u0119cej. Aby kot m\u00f3g\u0142 zosta\u0107 po\u0142\u0105czony z Tob\u0105 jako w\u0142a\u015bcicielem musisz te\u017c zarejestrowa\u0107 jego czip w specjalnej bazie. Mo\u017cesz zrobi\u0107 to za pomoc\u0105 tych organizacji:<\/p>\n<ul>\n<li>Centralna Baza Danych Zwierz\u0105t Oznakowanych Elektronicznie\u00a0<a title=\"CBDZOE\" href=\"https:\/\/www.cbdzoe.pl\/bazazwierzat\/?rejestracja=1\" target=\"_blank\" rel=\"noopener\">CBDZOE &#8211; rejestracja<\/a><\/li>\n<li><a title=\"IDENTYFIKACJA\" href=\"https:\/\/www.identyfikacja.pl\/\" target=\"_blank\" rel=\"noopener\">IDENTYFIKACJA.PL<\/a>\u00a0&#8211; Mi\u0119dzynarodowa baza zwierz\u0105t oznakowanych<\/li>\n<li><a title=\"Safe-animal\" href=\"https:\/\/www.safe-animal.eu\/\" target=\"_blank\" rel=\"noopener\">Safe-animal.eu | SAFE-ANIMAL | Mi\u0119dzynarodowa Baza Danych<\/a><\/li>\n<\/ul>\n<h2>CO ZROBI\u0106 ZE ZNALEZIONYM KOTEM?<\/h2>\n<p>Je\u015bli znajdziesz kota, kt\u00f3ry wydaje si\u0119 by\u0107 dziki lub zagubiony poza domem mo\u017cesz zabra\u0107 go do weterynarza lub skontaktowa\u0107 si\u0119 z odpowiedzialnym organem porz\u0105dku publicznego np. organizacj\u0105 pomocy zwierz\u0119tom dzia\u0142aj\u0105c\u0105 w Twojej okolicy, komend\u0105 Stra\u017cy Miejskiej lub Policji w Twojej gminie, kt\u00f3re pomog\u0105 Ci w odczytaniu ewentualnego czipa.<\/p>\n<p>Je\u015bli kot posiada tatua\u017c w uchu, mo\u017cesz odczyta\u0107 go i wpisa\u0107 w wyszukiwark\u0119, aby dowiedzie\u0107 si\u0119, w jakiej lecznicy zosta\u0142 wykonany.<\/p>\n<ul>\n<li><a title=\"CBDZOE\" href=\"https:\/\/www.cbdzoe.pl\/pds\/wyszukiwarka-mikroczipow\/\" target=\"_blank\" rel=\"noopener\">Wyszukiwarka czip\u00f3w zawieszek tatua\u017cy szukanie numeru mikroczipa, znajd\u017a mikrochip &#8211; CBDZOE &#8211; cz\u0142onek \u015bwiatowej bazy zwierz\u0105t WORLDPETNET<\/a><\/li>\n<\/ul>\n<p>Je\u015bli w\u0142a\u015bciciel kota nie zarejestrowa\u0142 czipa lub rejestracja zosta\u0142a wykonana niedawno i nie pojawia si\u0119 jeszcze w bazie, szukanie w\u0142a\u015bciciela nie da rezultatu. Mo\u017cesz spr\u00f3bowa\u0107 powiadomi\u0107 w\u0142a\u015bciciela o odnalezieniu kota za pomoc\u0105 zg\u0142oszenia zguby na forach lub w mediach spo\u0142eczno\u015bciowych.<\/p>\n<p>Je\u015bli kot nie mo\u017ce czasowo przebywa\u0107 w Twoim domu, kiedy szukasz w\u0142a\u015bciciela, mo\u017cesz skontaktowa\u0107 si\u0119 ze schroniskiem w swojej okolicy, kt\u00f3re mo\u017ce przechowa\u0107 kota.<\/p>\n\t\t\t<\/div>\n\t\t<\/div>\n\t<\/div>\n\n\n\n\t<section class=\"block related-articles\">\n\t\t<div class=\"container\">\n\t\t\t<h2>Artyku\u0142y powi\u0105zane<\/h2>\n\t\t\t<div class=\"row justify-content-center\">\n\t\t\t\t\t\t\t\t\t\t<div class=\"col-sm-6 col-md-6 col-lg-3\">\n\t\t\t\t\t\t\t\t\t\t\t\t\t\t<div class=\"card \">\n\t\t\t\t\t\t\t\t\t\t\t\t\t\t\t\t\t<img decoding=\"async\"  src=\"https:\/\/bozita.com\/pl\/wp-content\/uploads\/sites\/9\/2021\/08\/bozita-introducera-katt-till-nytt-hem.jpg\" alt=\"\">\n\t\t\t\t\t\t\t\t\t\t\t\t\t\t\t\t\t<!-- <img decoding=\"async\" src=\"\n\t\t\t\t\t\t\t\t\t\t\t\t\t\t\t\t\t\t\t\t\" alt=\"\n\t\t\t\t\t\t\t\t\t\t\t\t\t\t\t\t\t\t\t\t\t\t\t\t\t\t\t\"> -->\n\t\t\t\t\t\t\t\t<div class=\"card-body\">\n\t\t\t\t\t\t\t\t\t\t\t\t\t\t\t\t\t\t\t<h6>Jak wprowadzi\u0107 nowego kota do domu?<\/h6>\n\t\t\t\t\t\t\t\t\t\t\t\t\t\t\t\t\t\t\t<a href=\"https:\/\/bozita.com\/pl\/zycie-z-kotem\/kupno-kota\/powitanie-kota-w-domu\/\">Czytaj wi\u0119cej &nbsp; ><\/a>\n\t\t\t\t\t\t\t\t<\/div>\n\t\t\t\t\t\t\t<\/div>\n\t\t\t\t\t\t<\/div>\n\n\t\t\t\t\t\t\t\t\t\t\t<div class=\"col-sm-6 col-md-6 col-lg-3\">\n\t\t\t\t\t\t\t\t\t\t\t\t\t\t<div class=\"card \">\n\t\t\t\t\t\t\t\t\t\t\t\t\t\t\t\t\t<img decoding=\"async\"  src=\"https:\/\/bozita.com\/pl\/wp-content\/uploads\/sites\/9\/2021\/08\/bozita_swedish-natural-quality.jpg\" alt=\"\">\n\t\t\t\t\t\t\t\t\t\t\t\t\t\t\t\t\t<!-- <img decoding=\"async\" src=\"\n\t\t\t\t\t\t\t\t\t\t\t\t\t\t\t\t\t\t\t\t\" alt=\"\n\t\t\t\t\t\t\t\t\t\t\t\t\t\t\t\t\t\t\t\t\t\t\t\t\t\t\t\"> -->\n\t\t\t\t\t\t\t\t<div class=\"card-body\">\n\t\t\t\t\t\t\t\t\t\t\t\t\t\t\t\t\t\t\t<h6>Kot wychodz\u0105cy, naucz kota wychodzi\u0107 z domu<\/h6>\n\t\t\t\t\t\t\t\t\t\t\t\t\t\t\t\t\t\t\t<a href=\"https:\/\/bozita.com\/pl\/zycie-z-kotem\/kupno-kota\/kot-wychodzacy-kiedy-mozna-zaczac-wypuszczanie-kota-na-dwor\/\">Czytaj wi\u0119cej &nbsp; ><\/a>\n\t\t\t\t\t\t\t\t<\/div>\n\t\t\t\t\t\t\t<\/div>\n\t\t\t\t\t\t<\/div>\n\n\t\t\t\t\t\t\t\t\t\t\t<div class=\"col-sm-6 col-md-6 col-lg-3\">\n\t\t\t\t\t\t\t\t\t\t\t\t\t\t<div class=\"card \">\n\t\t\t\t\t\t\t\t\t\t\t\t\t\t\t\t\t<img decoding=\"async\"  src=\"https:\/\/bozita.com\/pl\/wp-content\/uploads\/sites\/9\/2021\/08\/bozita-lamna-katt-ensam.jpg\" alt=\"\">\n\t\t\t\t\t\t\t\t\t\t\t\t\t\t\t\t\t<!-- <img decoding=\"async\" src=\"\n\t\t\t\t\t\t\t\t\t\t\t\t\t\t\t\t\t\t\t\t\" alt=\"\n\t\t\t\t\t\t\t\t\t\t\t\t\t\t\t\t\t\t\t\t\t\t\t\t\t\t\t\"> -->\n\t\t\t\t\t\t\t\t<div class=\"card-body\">\n\t\t\t\t\t\t\t\t\t\t\t\t\t\t\t\t\t\t\t<h6>Na jak d\u0142ugo mo\u017cna zostawi\u0107 kota samego w domu?<\/h6>\n\t\t\t\t\t\t\t\t\t\t\t\t\t\t\t\t\t\t\t<a href=\"https:\/\/bozita.com\/pl\/zycie-z-kotem\/kupno-kota\/na-jak-dlugo-mozna-zostawic-kota-samego-w-domu\/\">Czytaj wi\u0119cej &nbsp; ><\/a>\n\t\t\t\t\t\t\t\t<\/div>\n\t\t\t\t\t\t\t<\/div>\n\t\t\t\t\t\t<\/div>\n\n\t\t\t\t\t\t\t\t\t\t\t\t<\/div>\n\t\t<\/div>\n\t<\/section>\n","protected":false},"excerpt":{"rendered":"","protected":false},"author":1,"featured_media":6698,"parent":6716,"menu_order":0,"comment_status":"closed","ping_status":"closed","template":"guternberg.php","meta":{"footnotes":""},"acf":[],"yoast_head":"<!-- This site is optimized with the Yoast SEO plugin v21.3 - https:\/\/yoast.com\/wordpress\/plugins\/seo\/ -->\n<title>Czipowanie kota i rejestracja czipa | Bozita Polska<\/title>\n<meta name=\"description\" content=\"Czipowanie kota lub oznaczenie go tatua\u017cem pomo\u017ce Ci go odnale\u017a\u0107, je\u015bli ucieknie. Ka\u017cda z tych metod ma plusy i minusy.\" \/>\n<meta name=\"robots\" content=\"index, follow, max-snippet:-1, max-image-preview:large, max-video-preview:-1\" \/>\n<link rel=\"canonical\" href=\"https:\/\/bozita.com\/pl\/zycie-z-kotem\/kupno-kota\/czipowanie-kota-i-rejestracja-czipa\/\" \/>\n<meta property=\"og:locale\" content=\"pl_PL\" \/>\n<meta property=\"og:type\" content=\"article\" \/>\n<meta property=\"og:title\" content=\"Czipowanie kota i rejestracja czipa | Bozita Polska\" \/>\n<meta property=\"og:description\" content=\"Czipowanie kota lub oznaczenie go tatua\u017cem pomo\u017ce Ci go odnale\u017a\u0107, je\u015bli ucieknie. Ka\u017cda z tych metod ma plusy i minusy.\" \/>\n<meta property=\"og:url\" content=\"https:\/\/bozita.com\/pl\/zycie-z-kotem\/kupno-kota\/czipowanie-kota-i-rejestracja-czipa\/\" \/>\n<meta property=\"og:site_name\" content=\"Bozita Polska\" \/>\n<meta property=\"article:modified_time\" content=\"2022-09-29T06:51:25+00:00\" \/>\n<meta property=\"og:image\" content=\"https:\/\/bozita.com\/pl\/wp-content\/uploads\/sites\/9\/2021\/08\/bozita_swedish-natural-quality.jpg\" \/>\n\t<meta property=\"og:image:width\" content=\"800\" \/>\n\t<meta property=\"og:image:height\" content=\"533\" \/>\n\t<meta property=\"og:image:type\" content=\"image\/jpeg\" \/>\n<meta name=\"twitter:card\" content=\"summary_large_image\" \/>\n<!-- \/ Yoast SEO plugin. -->","yoast_head_json":{"title":"Czipowanie kota i rejestracja czipa | Bozita Polska","description":"Czipowanie kota lub oznaczenie go tatua\u017cem pomo\u017ce Ci go odnale\u017a\u0107, je\u015bli ucieknie. Ka\u017cda z tych metod ma plusy i minusy.","robots":{"index":"index","follow":"follow","max-snippet":"max-snippet:-1","max-image-preview":"max-image-preview:large","max-video-preview":"max-video-preview:-1"},"canonical":"https:\/\/bozita.com\/pl\/zycie-z-kotem\/kupno-kota\/czipowanie-kota-i-rejestracja-czipa\/","og_locale":"pl_PL","og_type":"article","og_title":"Czipowanie kota i rejestracja czipa | Bozita Polska","og_description":"Czipowanie kota lub oznaczenie go tatua\u017cem pomo\u017ce Ci go odnale\u017a\u0107, je\u015bli ucieknie. Ka\u017cda z tych metod ma plusy i minusy.","og_url":"https:\/\/bozita.com\/pl\/zycie-z-kotem\/kupno-kota\/czipowanie-kota-i-rejestracja-czipa\/","og_site_name":"Bozita Polska","article_modified_time":"2022-09-29T06:51:25+00:00","og_image":[{"width":800,"height":533,"url":"https:\/\/bozita.com\/pl\/wp-content\/uploads\/sites\/9\/2021\/08\/bozita_swedish-natural-quality.jpg","type":"image\/jpeg"}],"twitter_card":"summary_large_image","schema":{"@context":"https:\/\/schema.org","@graph":[{"@type":"WebPage","@id":"https:\/\/bozita.com\/pl\/zycie-z-kotem\/kupno-kota\/czipowanie-kota-i-rejestracja-czipa\/","url":"https:\/\/bozita.com\/pl\/zycie-z-kotem\/kupno-kota\/czipowanie-kota-i-rejestracja-czipa\/","name":"Czipowanie kota i rejestracja czipa | Bozita Polska","isPartOf":{"@id":"https:\/\/bozita.com\/pl\/#website"},"datePublished":"2021-08-12T17:54:03+00:00","dateModified":"2022-09-29T06:51:25+00:00","description":"Czipowanie kota lub oznaczenie go tatua\u017cem pomo\u017ce Ci go odnale\u017a\u0107, je\u015bli ucieknie. Ka\u017cda z tych metod ma plusy i minusy.","breadcrumb":{"@id":"https:\/\/bozita.com\/pl\/zycie-z-kotem\/kupno-kota\/czipowanie-kota-i-rejestracja-czipa\/#breadcrumb"},"inLanguage":"pl-PL","potentialAction":[{"@type":"ReadAction","target":["https:\/\/bozita.com\/pl\/zycie-z-kotem\/kupno-kota\/czipowanie-kota-i-rejestracja-czipa\/"]}]},{"@type":"BreadcrumbList","@id":"https:\/\/bozita.com\/pl\/zycie-z-kotem\/kupno-kota\/czipowanie-kota-i-rejestracja-czipa\/#breadcrumb","itemListElement":[{"@type":"ListItem","position":1,"name":"Home","item":"https:\/\/bozita.com\/pl\/"},{"@type":"ListItem","position":2,"name":"Kupno kota i \u017cycie z nim. Porady dla pocz\u0105tkuj\u0105cych","item":"https:\/\/bozita.com\/pl\/zycie-z-kotem\/"},{"@type":"ListItem","position":3,"name":"Adopcja lub kupno kota &#8211; co wzi\u0105\u0107 pod uwag\u0119","item":"https:\/\/bozita.com\/pl\/zycie-z-kotem\/kupno-kota\/"},{"@type":"ListItem","position":4,"name":"Czipowanie kota i rejestracja czipa"}]},{"@type":"WebSite","@id":"https:\/\/bozita.com\/pl\/#website","url":"https:\/\/bozita.com\/pl\/","name":"Bozita Polska","description":"","potentialAction":[{"@type":"SearchAction","target":{"@type":"EntryPoint","urlTemplate":"https:\/\/bozita.com\/pl\/?s={search_term_string}"},"query-input":"required name=search_term_string"}],"inLanguage":"pl-PL"}]}},"_links":{"self":[{"href":"https:\/\/bozita.com\/pl\/wp-json\/wp\/v2\/pages\/6752"}],"collection":[{"href":"https:\/\/bozita.com\/pl\/wp-json\/wp\/v2\/pages"}],"about":[{"href":"https:\/\/bozita.com\/pl\/wp-json\/wp\/v2\/types\/page"}],"author":[{"embeddable":true,"href":"https:\/\/bozita.com\/pl\/wp-json\/wp\/v2\/users\/1"}],"replies":[{"embeddable":true,"href":"https:\/\/bozita.com\/pl\/wp-json\/wp\/v2\/comments?post=6752"}],"version-history":[{"count":9,"href":"https:\/\/bozita.com\/pl\/wp-json\/wp\/v2\/pages\/6752\/revisions"}],"predecessor-version":[{"id":9495,"href":"https:\/\/bozita.com\/pl\/wp-json\/wp\/v2\/pages\/6752\/revisions\/9495"}],"up":[{"embeddable":true,"href":"https:\/\/bozita.com\/pl\/wp-json\/wp\/v2\/pages\/6716"}],"wp:featuredmedia":[{"embeddable":true,"href":"https:\/\/bozita.com\/pl\/wp-json\/wp\/v2\/media\/6698"}],"wp:attachment":[{"href":"https:\/\/bozita.com\/pl\/wp-json\/wp\/v2\/media?parent=6752"}],"curies":[{"name":"wp","href":"https:\/\/api.w.org\/{rel}","templated":true}]}}