{"id":6753,"date":"2021-08-12T17:53:55","date_gmt":"2021-08-12T17:53:55","guid":{"rendered":"https:\/\/bozita.com\/pl\/zmiana-zywienia-psa-od-karmy-dla-szczeniaka-do-karmy-dla-psow\/"},"modified":"2022-09-29T06:17:15","modified_gmt":"2022-09-29T06:17:15","slug":"zmiana-zywienia-psa-od-karmy-dla-szczeniaka-do-karmy-dla-psow","status":"publish","type":"page","link":"https:\/\/bozita.com\/pl\/karma-dla-psow\/zywienie-i-dieta\/zmiana-zywienia-psa-od-karmy-dla-szczeniaka-do-karmy-dla-psow\/","title":{"rendered":"Zmiana \u017cywienia psa"},"content":{"rendered":"\t\t<section class=\"small-hero\">\n\t\t\t<div class=\"container\">\n\t\t\t\t<h1 class=\"small-hero-title\">ZMIANA \u017bYWIENIA PSA: OD KARMY DLA SZCZENIAKA DO KARMY DLA PS\u00d3W<\/h1>\t\t\t<\/div>\n\t\t\t<\/div>\n\t\t<\/section>\n\t\n\n\t<div class=\"text-box-warp\">\n\t\t<div class=\"container\">\n\t\t\t<div class=\"text-content\">\n\t\t\t\t<p><strong>Kiedy pies osi\u0105gnie maksymaln\u0105 wag\u0119 i wysoko\u015b\u0107 w k\u0142\u0119bie staje si\u0119 doros\u0142y fizycznie i przychodzi czas na zmian\u0119 \u017cywienia; z diety szczeni\u0119cej do odpowiedniej diety dla doros\u0142ego psa. Zmiana \u017cywienia psa powinna odbywa\u0107 si\u0119 powoli, aby nie nara\u017ca\u0107 jego uk\u0142adu pokarmowego.<\/strong><\/p>\n<h2>ZMIANA \u017bYWIENIA PSA &#8211; KIEDY ZMIENI\u0106 KARM\u0118?<\/h2>\n<p>Zmiana \u017cywienia psa powinna nast\u0105pi\u0107, gdy pies doro\u015bnie. Pies staje si\u0119 doros\u0142y (fizycznie, nie mentalnie), gdy osi\u0105ga maksymaln\u0105 wag\u0119 oraz okre\u015blon\u0105 wysoko\u015b\u0107 w k\u0142\u0119bie. Czas ten zale\u017cy od rasy danego psa i mo\u017ce r\u00f3\u017cni\u0107 si\u0119 nawet o kilka miesi\u0119cy pomi\u0119dzy rasami ma\u0142ymi, a du\u017cymi.<br \/>\nRasy miniaturowe, ma\u0142e i \u015brednie np. chihuahua lub springer spaniel angielski osi\u0105gaj\u0105 doros\u0142o\u015b\u0107 fizyczn\u0105 mi\u0119dzy 8 a 12 miesi\u0105cem \u017cycia. Rasy du\u017ce jak labrador czy golden retriever dorastaj\u0105 nieco p\u00f3\u017aniej, oko\u0142o 12-15 miesi\u0105ca \u017cycia. Rasy olbrzymie m.in. dog niemiecki lub nowofundland, potrzebuj\u0105 wi\u0119cej czasu na wzrost, nawet do 18-24 miesi\u0119cy, \u017ceby osi\u0105gn\u0105\u0107 pe\u0142ne rozmiary.<\/p>\n<h2>ZMIANA \u017bYWIENIA PSA &#8211; PRZYZWYCZAI PSA DO NOWEJ KARMY KROK PO KROKU<\/h2>\n<p>Zmiana \u017cywienia psa z karmy dla szczeni\u0105t na karm\u0119 dla doros\u0142ych ps\u00f3w powinno by\u0107 przeprowadzane stopniowo, aby uk\u0142ad pokarmowy psa m\u00f3g\u0142 przyzwyczai\u0107 si\u0119 do nowego jedzenia i nie pojawi\u0142y si\u0119 problemy z \u017co\u0142\u0105dkiem np. biegunki. Zastepuj cz\u0119\u015b\u0107 karmy dla szczeni\u0105t karm\u0105 dla doros\u0142ych ps\u00f3w przez oko\u0142o 14-28 dni. Co drugi dzie\u0144 zwi\u0119kszaj ilo\u015b\u0107 karmy dla doros\u0142ych ps\u00f3w a\u017c kompletnie zast\u0105pi ona karm\u0119 dla szczeni\u0105t.<\/p>\n<h2>MOKRA KARMA TO NOWE DO\u015aWIADCZENIA SMAKOWE I DOBRE \u0179R\u00d3D\u0141O P\u0141YN\u00d3W<\/h2>\n<p>Psy nie maj\u0105 zapotrzebowania na zr\u00f3\u017cnicowan\u0105 diet\u0119, wi\u0119c je\u015bli Tw\u00f3j pies jest weso\u0142y i zdrowy, nie ma potrzeby zmiany karmy. Je\u017celi chcesz zapewni\u0107 mu nowe smaki oraz inn\u0105 konsystencj\u0119 pokarmu mo\u017cesz zamieni\u0107 cz\u0119\u015b\u0107 suchej karmy na mokr\u0105 karm\u0119 o r\u00f3\u017cnych smakach. Mokra karma jest r\u00f3wnie\u017c dobrym \u017ar\u00f3d\u0142em p\u0142yn\u00f3w np. przy intensywnych treningach lub wysokich temperaturach.<\/p>\n\t\t\t<\/div>\n\t\t<\/div>\n\t<\/div>\n\n\n\t<section class=\"block section-promos\">\n\t\t<div class=\"container\">\n\t\t\t<div class=\"row\">\n\t\t\t\t\t\t\t\t\t\t<div class=\" col-md-6 condensed_V1\">\n\t\t\t\t\t\t\t<div class=\"card\">\n\t\t\t\t\t\t\t\t\t\t\t\t\t\t\t\t\t<img decoding=\"async\" class=\"card-img-top\" src=\"https:\/\/bozita.com\/pl\/wp-content\/uploads\/sites\/9\/2021\/08\/bozita-robur-hundfoder-torrfoder.jpg\" alt=\"\">\n\t\t\t\t\t\t\t\t\t\t\t\t\t\t\t\t<div class=\"card-body\">\n\t\t\t\t\t\t\t\t\t<h5 class=\"card-title\">BOZITA ROBUR<\/h5>\n\t\t\t\t\t\t\t\t\t<p class=\"card-text\">Bozita Robur to wyprodukowana w Szwecji wysokiej jako\u015bci karma bezglutenowa z najlepszych i najsmaczniejszych sk\u0142adnik\u00f3w. Wszystkie surowe sk\u0142adniki zawarte w karmie, specjalnie wyselekcjonowane i przebadane, spe\u0142niaj\u0105 swoj\u0105 funkcj\u0119 zgodnie z najnowszymi badaniami \u2014 wszystko po to, aby wspiera\u0107 rozw\u00f3j twojego psa w naturalny spos\u00f3b. Psy karmione karm\u0105 Bozita Robur b\u0119d\u0105 w stanie sprosta\u0107 ka\u017cdemu wyzwaniu.<\/p>\n\t\t\t\t\t\t\t\t\t\t\t\t\t\t\t\t\t<\/div>\n\t\t\t\t\t\t\t<\/div>\n\t\t\t\t\t\t<\/div>\n\t\t\t\t\t\t\t\t\t\t\t\t<div class=\" col-md-6 condensed_V1\">\n\t\t\t\t\t\t\t<div class=\"card\">\n\t\t\t\t\t\t\t\t\t\t\t\t\t\t\t\t\t<img decoding=\"async\" class=\"card-img-top\" src=\"https:\/\/bozita.com\/pl\/wp-content\/uploads\/sites\/9\/2021\/08\/bozita-torrfoder-vatfoder.jpg\" alt=\"\">\n\t\t\t\t\t\t\t\t\t\t\t\t\t\t\t\t<div class=\"card-body\">\n\t\t\t\t\t\t\t\t\t<h5 class=\"card-title\">Karma Bozita<\/h5>\n\t\t\t\t\t\t\t\t\t<p class=\"card-text\">Karma Bozita jest produkowana w V\u00e5rg\u00e5rda, wy\u0142\u0105cznie ze sk\u0142adnik\u00f3w pozyskiwanych w spos\u00f3b zr\u00f3wnowa\u017cony, nie tylko doskonale smakuje i wp\u0142ywa pozytywnie na rozw\u00f3j twojego psa, ale tak\u017ce nie wp\u0142ywa negatywnie na \u015brodowisko naturalne. Nasza produkcja jest ca\u0142kowicie zasilana energi\u0105 ze \u017ar\u00f3de\u0142 odnawialnych, a wszystkie opakowania naszych produkt\u00f3w wykonane zosta\u0142y z materia\u0142\u00f3w nadaj\u0105cych si\u0119 do recyklingu, w celu stworzenia zr\u00f3wnowa\u017conego \u0142a\u0144cucha produkt\u00f3w.<\/p>\n\t\t\t\t\t\t\t\t\t\t\t\t\t\t\t\t\t<\/div>\n\t\t\t\t\t\t\t<\/div>\n\t\t\t\t\t\t<\/div>\n\t\t\t\t\t\t\t\t\t<\/div>\n\t\t<\/div>\n\t<\/section>\n\n\n<section class=\"block product-promos\">\n\t<div class=\"container\">\n\t\t<div class=\"row align-items-center\">\n\t\t\t<div class=\"col-md-5\">\n\t\t\t\t<div class=\"prdt__promos-heading\">\n\t\t\t\t\t<h3>\n\t\t\t\t\t\t Niekt\u00f3re ulubione\t\t\t\t\t<\/h3>\n\t\t\t\t\t\t\t\t\t\t\t<span><a class=\"btn btn-primary\" href=\"https:\/\/bozita.com\/pl\/karma-dla-psow\/\" target=\"\">Poka\u017c produkty<\/a><\/span>\n\t\t\t\t\t\t\t\t\t\t<\/div>\n\t\t\t<\/div>\n\t\t\t<div class=\"col-md-7\">\n\t\t\t\t\t\t\t\t\t<div class=\"owl-carousel owl-theme product-promo-carousel\">\n\t\t\t\t\t\t\t\t\t\t\t\t\t<a href=\"https:\/\/bozita.com\/pl\/karma-dla-ps\u00f3w\/bozita-flavour-plus\/\">\n\t\t\t\t\t\t\t\t<div class=\"blk__prdt-item\">\n\t\t\t\t\t\t\t\t\t<figure>\n\t\t\t\t\t\t\t\t\t\t<img loading=\"lazy\" decoding=\"async\" width=\"400\" height=\"400\" src=\"https:\/\/bozita.com\/pl\/wp-content\/uploads\/sites\/9\/2021\/06\/4056-bozita-flavour-plus-12-kg.png\" class=\"attachment-post-thumbnail size-post-thumbnail wp-post-image\" alt=\"Active &amp; Sterilised z Jagni\u0119cin\u0105\" srcset=\"https:\/\/bozita.com\/pl\/wp-content\/uploads\/sites\/9\/2021\/06\/4056-bozita-flavour-plus-12-kg.png 400w, https:\/\/bozita.com\/pl\/wp-content\/uploads\/sites\/9\/2021\/06\/4056-bozita-flavour-plus-12-kg-300x300.png 300w, https:\/\/bozita.com\/pl\/wp-content\/uploads\/sites\/9\/2021\/06\/4056-bozita-flavour-plus-12-kg-150x150.png 150w\" sizes=\"(max-width: 400px) 100vw, 400px\" \/>\t\t\t\t\t\t\t\t\t\t\t\t\t\t\t\t\t\t\t<\/figure>\n\t\t\t\t\t\t\t\t\t<h4 class=\"carousel-title\"><\/h4>\n\t\t\t\t\t\t\t\t\t<span class=\"carousel-category\">Bozita Flavour Plus<\/span>\n\t\t\t\t\t\t\t\t\t  \n\t\t\t\t\t\t\t\t\t<ul class=\"category-list\">\n\t\t\t\t\t\t\t\t\t\t\t\t\t\t\t\t\t\t\t\t\t\t\t<li class=\"svg-image\">\n\t\t\t\t\t\t\t\t\t\t\t\t\t\t<img decoding=\"async\" src=\"https:\/\/bozita.com\/pl\/wp-content\/uploads\/sites\/9\/2021\/06\/icon-wheat-free.svg\" \/>\n\t\t\t\t\t\t\t\t\t\t\t\t\t<\/li>\n\t\t\t\t\t\t\t\t\t\t\t\t\t\t\t\t\t\t\t\t\t\t\t\t\t\t\t\t\t\t\t\t\t\t\t\t<li class=\"svg-image\">\n\t\t\t\t\t\t\t\t\t\t\t\t\t\t<img decoding=\"async\" src=\"https:\/\/bozita.com\/pl\/wp-content\/uploads\/sites\/9\/2021\/06\/icon-flavour-reindeer.svg\" \/>\n\t\t\t\t\t\t\t\t\t\t\t\t\t<\/li>\n\t\t\t\t\t\t\t\t\t\t\t\t\t\t\t\t\t\t\t\t\t\t<\/ul>       \n\n\t\t\t\t\t\t\t\t<\/div>\n\t\t\t\t\t\t\t<\/a>\n\t\t\t\t\t\t\t\t\t\t\t\t\t\t\t\t\t\t\t\t<a href=\"https:\/\/bozita.com\/pl\/karma-dla-ps\u00f3w\/bozita-original\/\">\n\t\t\t\t\t\t\t\t<div class=\"blk__prdt-item\">\n\t\t\t\t\t\t\t\t\t<figure>\n\t\t\t\t\t\t\t\t\t\t<img loading=\"lazy\" decoding=\"async\" width=\"400\" height=\"400\" src=\"https:\/\/bozita.com\/pl\/wp-content\/uploads\/sites\/9\/2021\/06\/4060-bozita-original-3-5-kg.png\" class=\"attachment-post-thumbnail size-post-thumbnail wp-post-image\" alt=\"Active &amp; Sterilised z Jagni\u0119cin\u0105\" srcset=\"https:\/\/bozita.com\/pl\/wp-content\/uploads\/sites\/9\/2021\/06\/4060-bozita-original-3-5-kg.png 400w, https:\/\/bozita.com\/pl\/wp-content\/uploads\/sites\/9\/2021\/06\/4060-bozita-original-3-5-kg-300x300.png 300w, https:\/\/bozita.com\/pl\/wp-content\/uploads\/sites\/9\/2021\/06\/4060-bozita-original-3-5-kg-150x150.png 150w\" sizes=\"(max-width: 400px) 100vw, 400px\" \/>\t\t\t\t\t\t\t\t\t\t\t\t\t\t\t\t\t\t\t<\/figure>\n\t\t\t\t\t\t\t\t\t<h4 class=\"carousel-title\"><\/h4>\n\t\t\t\t\t\t\t\t\t<span class=\"carousel-category\">BOZITA ORIGINAL<\/span>\n\t\t\t\t\t\t\t\t\t  \n\t\t\t\t\t\t\t\t\t<ul class=\"category-list\">\n\t\t\t\t\t\t\t\t\t\t\t\t\t\t\t\t\t\t\t\t\t\t\t\t\t\t\t\t\t\t\t\t\t<li class=\"svg-image\">\n\t\t\t\t\t\t\t\t\t\t\t\t\t\t<img decoding=\"async\" src=\"https:\/\/bozita.com\/pl\/wp-content\/uploads\/sites\/9\/2021\/06\/icon-flavour-chicken.svg\" \/>\n\t\t\t\t\t\t\t\t\t\t\t\t\t<\/li>\n\t\t\t\t\t\t\t\t\t\t\t\t\t\t\t\t\t\t\t\t\t\t<\/ul>       \n\n\t\t\t\t\t\t\t\t<\/div>\n\t\t\t\t\t\t\t<\/a>\n\t\t\t\t\t\t\t\t\t\t\t\t\t\t\t\t\t\t\t\t\t\t\t\t\t\t\t<a href=\"https:\/\/bozita.com\/pl\/karma-dla-ps\u00f3w\/bozita-robur-adult-maintenance\/\">\n\t\t\t\t\t\t\t\t<div class=\"blk__prdt-item\">\n\t\t\t\t\t\t\t\t\t<figure>\n\t\t\t\t\t\t\t\t\t\t<img loading=\"lazy\" decoding=\"async\" width=\"1000\" height=\"1000\" src=\"https:\/\/bozita.com\/pl\/wp-content\/uploads\/sites\/9\/2021\/05\/adult-maintenance.jpg\" class=\"attachment-post-thumbnail size-post-thumbnail wp-post-image\" alt=\"Prywatne: Bozita Robur Adult Maintenance\" srcset=\"https:\/\/bozita.com\/pl\/wp-content\/uploads\/sites\/9\/2021\/05\/adult-maintenance.jpg 1000w, https:\/\/bozita.com\/pl\/wp-content\/uploads\/sites\/9\/2021\/05\/adult-maintenance-300x300.jpg 300w, https:\/\/bozita.com\/pl\/wp-content\/uploads\/sites\/9\/2021\/05\/adult-maintenance-150x150.jpg 150w, https:\/\/bozita.com\/pl\/wp-content\/uploads\/sites\/9\/2021\/05\/adult-maintenance-768x768.jpg 768w\" sizes=\"(max-width: 1000px) 100vw, 1000px\" \/>\t\t\t\t\t\t\t\t\t\t\t\t\t\t\t\t\t\t\t<\/figure>\n\t\t\t\t\t\t\t\t\t<h4 class=\"carousel-title\"><\/h4>\n\t\t\t\t\t\t\t\t\t<span class=\"carousel-category\">Prywatne: Bozita Robur Adult Maintenance<\/span>\n\t\t\t\t\t\t\t\t\t  \n\t\t\t\t\t\t\t\t\t<ul class=\"category-list\">\n\t\t\t\t\t\t\t\t\t\t\t\t\t\t\t\t\t\t\t\t\t\t\t<li class=\"svg-image\">\n\t\t\t\t\t\t\t\t\t\t\t\t\t\t<img decoding=\"async\" src=\"https:\/\/bozita.com\/pl\/wp-content\/uploads\/sites\/9\/2021\/06\/icon-wheat-free.svg\" \/>\n\t\t\t\t\t\t\t\t\t\t\t\t\t<\/li>\n\t\t\t\t\t\t\t\t\t\t\t\t\t\t\t\t\t\t\t\t\t\t\t\t\t\t\t\t\t\t\t\t\t\t\t\t<li class=\"svg-image\">\n\t\t\t\t\t\t\t\t\t\t\t\t\t\t<img decoding=\"async\" src=\"https:\/\/bozita.com\/pl\/wp-content\/uploads\/sites\/9\/2021\/06\/icon-flavour-chicken.svg\" \/>\n\t\t\t\t\t\t\t\t\t\t\t\t\t<\/li>\n\t\t\t\t\t\t\t\t\t\t\t\t\t\t\t\t\t\t\t\t\t\t<\/ul>       \n\n\t\t\t\t\t\t\t\t<\/div>\n\t\t\t\t\t\t\t<\/a>\n\t\t\t\t\t\t\t\t\t\t\t\t\t\t\t\t\t\t\t\t<a href=\"https:\/\/bozita.com\/pl\/karma-dla-ps\u00f3w\/bozita-robur-sensitive-single-protein-lamb-rice-old\/\">\n\t\t\t\t\t\t\t\t<div class=\"blk__prdt-item\">\n\t\t\t\t\t\t\t\t\t<figure>\n\t\t\t\t\t\t\t\t\t\t<img loading=\"lazy\" decoding=\"async\" width=\"400\" height=\"457\" src=\"https:\/\/bozita.com\/pl\/wp-content\/uploads\/sites\/9\/2021\/06\/2034-bozita-roburt-sensitive-single-protein-lamb-rice.png\" class=\"attachment-post-thumbnail size-post-thumbnail wp-post-image\" alt=\"Bozita Robur Sensitive Single Protein Lamb &amp; Rice\" srcset=\"https:\/\/bozita.com\/pl\/wp-content\/uploads\/sites\/9\/2021\/06\/2034-bozita-roburt-sensitive-single-protein-lamb-rice.png 400w, https:\/\/bozita.com\/pl\/wp-content\/uploads\/sites\/9\/2021\/06\/2034-bozita-roburt-sensitive-single-protein-lamb-rice-263x300.png 263w\" sizes=\"(max-width: 400px) 100vw, 400px\" \/>\t\t\t\t\t\t\t\t\t\t\t\t\t\t\t\t\t\t\t<\/figure>\n\t\t\t\t\t\t\t\t\t<h4 class=\"carousel-title\"><\/h4>\n\t\t\t\t\t\t\t\t\t<span class=\"carousel-category\">Bozita Robur Sensitive Single Protein Lamb &amp; Rice<\/span>\n\t\t\t\t\t\t\t\t\t  \n\t\t\t\t\t\t\t\t\t<ul class=\"category-list\">\n\t\t\t\t\t\t\t\t\t\t\t\t\t\t\t\t\t\t\t\t\t\t\t<li class=\"svg-image\">\n\t\t\t\t\t\t\t\t\t\t\t\t\t\t<img decoding=\"async\" src=\"https:\/\/bozita.com\/pl\/wp-content\/uploads\/sites\/9\/2021\/06\/icon-wheat-free.svg\" \/>\n\t\t\t\t\t\t\t\t\t\t\t\t\t<\/li>\n\t\t\t\t\t\t\t\t\t\t\t\t\t\t\t\t\t\t\t\t\t\t\t\t\t\t\t\t\t\t\t\t\t\t\t\t<li class=\"svg-image\">\n\t\t\t\t\t\t\t\t\t\t\t\t\t\t<img decoding=\"async\" src=\"https:\/\/bozita.com\/pl\/wp-content\/uploads\/sites\/9\/2021\/06\/icon-flavour-lamb.svg\" \/>\n\t\t\t\t\t\t\t\t\t\t\t\t\t<\/li>\n\t\t\t\t\t\t\t\t\t\t\t\t\t\t\t\t\t\t\t\t\t\t<\/ul>       \n\n\t\t\t\t\t\t\t\t<\/div>\n\t\t\t\t\t\t\t<\/a>\n\t\t\t\t\t\t\t\t\t\t\t\t\t\t\t\t\t\t<\/div>\n\t\t\t\t\t\t\t<\/div>\n\t\t<\/div>\n\t<\/div>\n<\/section>\n<script>\njQuery(document).ready(function($) {\n\tjQuery('.product-promo-carousel').owlCarousel({\n\tloop: true,\n\tmargin: 10,\n\tresponsiveClass: true,\n\tresponsive: {\n\t\t0: {\n\t\titems: 1,\n\t\tnav: true\n\t\t},\n\t\t600: {\n\t\titems: 1,\n\t\tnav: true\n\t\t},\n\t\t1000: {\n\t\titems: 2,\n\t\tnav: true,\n\t\t}\n\t}\n\t})\n\tjQuery(\".owl-prev\").html('<span><<\/span>');\n\tjQuery(\".owl-next\").html('<span>><\/span>');\n\n\tvar slider = jQuery('.promo-slider-list');\n\tslider.owlCarousel();\n\tjQuery('.nextbtn-a').click(function() {\n\tslider.trigger('next.owl.carousel');\n\t})\n\t\/\/ Go to the previous item\n\tjQuery('.prebtn-a').click(function() {\n\tslider.trigger('prev.owl.carousel', [300]);\n\t})\n});\n<\/script>\n\n\n\n\t<section class=\"block related-articles\">\n\t\t<div class=\"container\">\n\t\t\t<h2>Artyku\u0142y powi\u0105zane<\/h2>\n\t\t\t<div class=\"row justify-content-center\">\n\t\t\t\t\t\t\t\t\t\t<div class=\"col-sm-6 col-md-6 col-lg-3\">\n\t\t\t\t\t\t\t\t\t\t\t\t\t\t<div class=\"card \">\n\t\t\t\t\t\t\t\t\t\t\t\t\t\t\t\t\t<img decoding=\"async\"  src=\"https:\/\/bozita.com\/pl\/wp-content\/uploads\/sites\/9\/2021\/08\/bozita-hundens-utveckling-stadier.jpeg\" alt=\"\">\n\t\t\t\t\t\t\t\t\t\t\t\t\t\t\t\t\t<!-- <img decoding=\"async\" src=\"\n\t\t\t\t\t\t\t\t\t\t\t\t\t\t\t\t\t\t\t\t\" alt=\"\n\t\t\t\t\t\t\t\t\t\t\t\t\t\t\t\t\t\t\t\t\t\t\t\t\t\t\t\"> -->\n\t\t\t\t\t\t\t\t<div class=\"card-body\">\n\t\t\t\t\t\t\t\t\t\t\t\t\t\t\t\t\t\t\t<h6>Rozw\u00f3j psa od okresu szczeni\u0119cego do doros\u0142o\u015bci<\/h6>\n\t\t\t\t\t\t\t\t\t\t\t\t\t\t\t\t\t\t\t<a href=\"https:\/\/bozita.com\/pl\/zycie-z-psem\/rozwoj-psa\/rozwoj-psa-od-okresu-szczeniecego-do-doroslosci\/\">Czytaj wi\u0119cej &nbsp; ><\/a>\n\t\t\t\t\t\t\t\t<\/div>\n\t\t\t\t\t\t\t<\/div>\n\t\t\t\t\t\t<\/div>\n\n\t\t\t\t\t\t\t\t\t\t\t<div class=\"col-sm-6 col-md-6 col-lg-3\">\n\t\t\t\t\t\t\t\t\t\t\t\t\t\t<div class=\"card \">\n\t\t\t\t\t\t\t\t\t\t\t\t\t\t\t\t\t<img decoding=\"async\"  src=\"https:\/\/bozita.com\/pl\/wp-content\/uploads\/sites\/9\/2021\/08\/bozita-hund-tonaring.jpeg\" alt=\"\">\n\t\t\t\t\t\t\t\t\t\t\t\t\t\t\t\t\t<!-- <img decoding=\"async\" src=\"\n\t\t\t\t\t\t\t\t\t\t\t\t\t\t\t\t\t\t\t\t\" alt=\"\n\t\t\t\t\t\t\t\t\t\t\t\t\t\t\t\t\t\t\t\t\t\t\t\t\t\t\t\"> -->\n\t\t\t\t\t\t\t\t<div class=\"card-body\">\n\t\t\t\t\t\t\t\t\t\t\t\t\t\t\t\t\t\t\t<h6>Jak poradzi\u0107 sobie z nastoletnim buntem u psa<\/h6>\n\t\t\t\t\t\t\t\t\t\t\t\t\t\t\t\t\t\t\t<a href=\"https:\/\/bozita.com\/pl\/zycie-z-psem\/rozwoj-psa\/jak-poradzic-sobie-z-nastoletnim-buntem-u-psa\/\">Czytaj wi\u0119cej &nbsp; ><\/a>\n\t\t\t\t\t\t\t\t<\/div>\n\t\t\t\t\t\t\t<\/div>\n\t\t\t\t\t\t<\/div>\n\n\t\t\t\t\t\t\t\t\t\t\t<div class=\"col-sm-6 col-md-6 col-lg-3\">\n\t\t\t\t\t\t\t\t\t\t\t\t\t\t<div class=\"card \">\n\t\t\t\t\t\t\t\t\t\t\t\t\t\t\t\t\t<img decoding=\"async\"  src=\"https:\/\/bozita.com\/pl\/wp-content\/uploads\/sites\/9\/2021\/08\/bozita-hund-borsta-tander-hygien.jpeg\" alt=\"\">\n\t\t\t\t\t\t\t\t\t\t\t\t\t\t\t\t\t<!-- <img decoding=\"async\" src=\"\n\t\t\t\t\t\t\t\t\t\t\t\t\t\t\t\t\t\t\t\t\" alt=\"\n\t\t\t\t\t\t\t\t\t\t\t\t\t\t\t\t\t\t\t\t\t\t\t\t\t\t\t\"> -->\n\t\t\t\t\t\t\t\t<div class=\"card-body\">\n\t\t\t\t\t\t\t\t\t\t\t\t\t\t\t\t\t\t\t<h6>Szczotkowanie z\u0119b\u00f3w | Psie z\u0119by i ich higiena<\/h6>\n\t\t\t\t\t\t\t\t\t\t\t\t\t\t\t\t\t\t\t<a href=\"https:\/\/bozita.com\/pl\/zycie-z-psem\/zdrowie-psa\/higiena-jamy-ustnej-i-szczotkowanie-zebow-psa\/\">Czytaj wi\u0119cej &nbsp; ><\/a>\n\t\t\t\t\t\t\t\t<\/div>\n\t\t\t\t\t\t\t<\/div>\n\t\t\t\t\t\t<\/div>\n\n\t\t\t\t\t\t\t\t\t\t\t\t<\/div>\n\t\t<\/div>\n\t<\/section>\n","protected":false},"excerpt":{"rendered":"","protected":false},"author":1,"featured_media":6754,"parent":6777,"menu_order":0,"comment_status":"closed","ping_status":"closed","template":"guternberg.php","meta":{"footnotes":""},"acf":[],"yoast_head":"<!-- This site is optimized with the Yoast SEO plugin v21.3 - https:\/\/yoast.com\/wordpress\/plugins\/seo\/ -->\n<title>Zmiana \u017cywienia psa | Bozita Polska<\/title>\n<meta name=\"description\" content=\"Gdy szczeniak doro\u015bnie zmie\u0144 jego karm\u0119 na karm\u0119 dla ps\u00f3w. Okres wzrostu zale\u017cy od rasy psa. Dowiedz si\u0119 wi\u0119cej.\" \/>\n<meta name=\"robots\" content=\"index, follow, max-snippet:-1, max-image-preview:large, max-video-preview:-1\" \/>\n<link rel=\"canonical\" href=\"https:\/\/bozita.com\/pl\/karma-dla-psow\/zywienie-i-dieta\/zmiana-zywienia-psa-od-karmy-dla-szczeniaka-do-karmy-dla-psow\/\" \/>\n<meta property=\"og:locale\" content=\"pl_PL\" \/>\n<meta property=\"og:type\" content=\"article\" \/>\n<meta property=\"og:title\" content=\"Zmiana \u017cywienia psa | Bozita Polska\" \/>\n<meta property=\"og:description\" content=\"Gdy szczeniak doro\u015bnie zmie\u0144 jego karm\u0119 na karm\u0119 dla ps\u00f3w. Okres wzrostu zale\u017cy od rasy psa. Dowiedz si\u0119 wi\u0119cej.\" \/>\n<meta property=\"og:url\" content=\"https:\/\/bozita.com\/pl\/karma-dla-psow\/zywienie-i-dieta\/zmiana-zywienia-psa-od-karmy-dla-szczeniaka-do-karmy-dla-psow\/\" \/>\n<meta property=\"og:site_name\" content=\"Bozita Polska\" \/>\n<meta property=\"article:modified_time\" content=\"2022-09-29T06:17:15+00:00\" \/>\n<meta property=\"og:image\" content=\"https:\/\/bozita.com\/pl\/wp-content\/uploads\/sites\/9\/2021\/08\/bozita-hund-byta-valpfoder-vuxenfoder.jpeg\" \/>\n\t<meta property=\"og:image:width\" content=\"800\" \/>\n\t<meta property=\"og:image:height\" content=\"532\" \/>\n\t<meta property=\"og:image:type\" content=\"image\/jpeg\" \/>\n<meta name=\"twitter:card\" content=\"summary_large_image\" \/>\n<!-- \/ Yoast SEO plugin. -->","yoast_head_json":{"title":"Zmiana \u017cywienia psa | Bozita Polska","description":"Gdy szczeniak doro\u015bnie zmie\u0144 jego karm\u0119 na karm\u0119 dla ps\u00f3w. Okres wzrostu zale\u017cy od rasy psa. Dowiedz si\u0119 wi\u0119cej.","robots":{"index":"index","follow":"follow","max-snippet":"max-snippet:-1","max-image-preview":"max-image-preview:large","max-video-preview":"max-video-preview:-1"},"canonical":"https:\/\/bozita.com\/pl\/karma-dla-psow\/zywienie-i-dieta\/zmiana-zywienia-psa-od-karmy-dla-szczeniaka-do-karmy-dla-psow\/","og_locale":"pl_PL","og_type":"article","og_title":"Zmiana \u017cywienia psa | Bozita Polska","og_description":"Gdy szczeniak doro\u015bnie zmie\u0144 jego karm\u0119 na karm\u0119 dla ps\u00f3w. Okres wzrostu zale\u017cy od rasy psa. Dowiedz si\u0119 wi\u0119cej.","og_url":"https:\/\/bozita.com\/pl\/karma-dla-psow\/zywienie-i-dieta\/zmiana-zywienia-psa-od-karmy-dla-szczeniaka-do-karmy-dla-psow\/","og_site_name":"Bozita Polska","article_modified_time":"2022-09-29T06:17:15+00:00","og_image":[{"width":800,"height":532,"url":"https:\/\/bozita.com\/pl\/wp-content\/uploads\/sites\/9\/2021\/08\/bozita-hund-byta-valpfoder-vuxenfoder.jpeg","type":"image\/jpeg"}],"twitter_card":"summary_large_image","schema":{"@context":"https:\/\/schema.org","@graph":[{"@type":"WebPage","@id":"https:\/\/bozita.com\/pl\/karma-dla-psow\/zywienie-i-dieta\/zmiana-zywienia-psa-od-karmy-dla-szczeniaka-do-karmy-dla-psow\/","url":"https:\/\/bozita.com\/pl\/karma-dla-psow\/zywienie-i-dieta\/zmiana-zywienia-psa-od-karmy-dla-szczeniaka-do-karmy-dla-psow\/","name":"Zmiana \u017cywienia psa | Bozita Polska","isPartOf":{"@id":"https:\/\/bozita.com\/pl\/#website"},"datePublished":"2021-08-12T17:53:55+00:00","dateModified":"2022-09-29T06:17:15+00:00","description":"Gdy szczeniak doro\u015bnie zmie\u0144 jego karm\u0119 na karm\u0119 dla ps\u00f3w. Okres wzrostu zale\u017cy od rasy psa. Dowiedz si\u0119 wi\u0119cej.","breadcrumb":{"@id":"https:\/\/bozita.com\/pl\/karma-dla-psow\/zywienie-i-dieta\/zmiana-zywienia-psa-od-karmy-dla-szczeniaka-do-karmy-dla-psow\/#breadcrumb"},"inLanguage":"pl-PL","potentialAction":[{"@type":"ReadAction","target":["https:\/\/bozita.com\/pl\/karma-dla-psow\/zywienie-i-dieta\/zmiana-zywienia-psa-od-karmy-dla-szczeniaka-do-karmy-dla-psow\/"]}]},{"@type":"BreadcrumbList","@id":"https:\/\/bozita.com\/pl\/karma-dla-psow\/zywienie-i-dieta\/zmiana-zywienia-psa-od-karmy-dla-szczeniaka-do-karmy-dla-psow\/#breadcrumb","itemListElement":[{"@type":"ListItem","position":1,"name":"Home","item":"https:\/\/bozita.com\/pl\/"},{"@type":"ListItem","position":2,"name":"Karma dla ps\u00f3w","item":"https:\/\/bozita.com\/pl\/karma-dla-psow\/"},{"@type":"ListItem","position":3,"name":"\u017bywienie i dieta","item":"https:\/\/bozita.com\/pl\/karma-dla-psow\/zywienie-i-dieta\/"},{"@type":"ListItem","position":4,"name":"Zmiana \u017cywienia psa"}]},{"@type":"WebSite","@id":"https:\/\/bozita.com\/pl\/#website","url":"https:\/\/bozita.com\/pl\/","name":"Bozita Polska","description":"","potentialAction":[{"@type":"SearchAction","target":{"@type":"EntryPoint","urlTemplate":"https:\/\/bozita.com\/pl\/?s={search_term_string}"},"query-input":"required name=search_term_string"}],"inLanguage":"pl-PL"}]}},"_links":{"self":[{"href":"https:\/\/bozita.com\/pl\/wp-json\/wp\/v2\/pages\/6753"}],"collection":[{"href":"https:\/\/bozita.com\/pl\/wp-json\/wp\/v2\/pages"}],"about":[{"href":"https:\/\/bozita.com\/pl\/wp-json\/wp\/v2\/types\/page"}],"author":[{"embeddable":true,"href":"https:\/\/bozita.com\/pl\/wp-json\/wp\/v2\/users\/1"}],"replies":[{"embeddable":true,"href":"https:\/\/bozita.com\/pl\/wp-json\/wp\/v2\/comments?post=6753"}],"version-history":[{"count":5,"href":"https:\/\/bozita.com\/pl\/wp-json\/wp\/v2\/pages\/6753\/revisions"}],"predecessor-version":[{"id":9483,"href":"https:\/\/bozita.com\/pl\/wp-json\/wp\/v2\/pages\/6753\/revisions\/9483"}],"up":[{"embeddable":true,"href":"https:\/\/bozita.com\/pl\/wp-json\/wp\/v2\/pages\/6777"}],"wp:featuredmedia":[{"embeddable":true,"href":"https:\/\/bozita.com\/pl\/wp-json\/wp\/v2\/media\/6754"}],"wp:attachment":[{"href":"https:\/\/bozita.com\/pl\/wp-json\/wp\/v2\/media?parent=6753"}],"curies":[{"name":"wp","href":"https:\/\/api.w.org\/{rel}","templated":true}]}}