{"id":6755,"date":"2021-08-11T17:37:28","date_gmt":"2021-08-11T17:37:28","guid":{"rendered":"https:\/\/bozita.com\/pl\/naturalne-skladniki-oraz-szwedzka-jakosc\/"},"modified":"2023-08-04T11:40:45","modified_gmt":"2023-08-04T11:40:45","slug":"nasza-karma-dla-psow-i-kotow","status":"publish","type":"page","link":"https:\/\/bozita.com\/pl\/nasza-karma-dla-psow-i-kotow\/","title":{"rendered":"Naturalne sk\u0142adniki oraz szwedzka jako\u015b\u0107"},"content":{"rendered":"\n<section class=\"block video\">\n\t<img decoding=\"async\" id=\"videoImg\" src=\"https:\/\/bozita.com\/pl\/wp-content\/uploads\/sites\/9\/2021\/08\/Anette-Andersson_100320_5628_HIRES@2x-_optimised.png\" alt=\"\">\t\n\t<div class=\"overlay\">\n\t\t<div class=\"container\">\n\t\t\t<div class=\"row\">\n\t\t\t\t<div class=\"col-md-7 col-lg-6\">\n\t\t\t\t\t<h4>SWEDISH NATURAL QUALITY<\/h4>\n\t\t\t\t\t<h1>Naturalna Szwedzka Jako\u015b\u0107<\/h1>\n\t\t\t\t\t\t\t\t\t\t<!-- <a class=\"btn btn-default\" href=\"#\"><i class=\"fas fa-play\"><\/i> WATCH THE VIDEO<\/a> -->\n\t\t\t\t\t<button type=\"button\" class=\"btn btn-default video-btn\" data-toggle=\"modal\" data-src=\"https:\/\/bozita.com\/pl\/wp-content\/uploads\/sites\/9\/2021\/09\/bozita-swedish-natural-quality-polish-2.mp4\"  data-target=\"#myModal\">\n\t\t\t\t\t\t<i class=\"fas fa-play\"><\/i> Obejrzyj wideo\t\t\t\t\t<\/button>\n\n\t\t\t\t\t<div class=\"modal fade\" id=\"myModal\" tabindex=\"-1\" role=\"dialog\" aria-labelledby=\"exampleModalLabel\" aria-hidden=\"true\">\n\t\t\t\t\t\t<div class=\"modal-dialog modal-dialog-centered\" role=\"document\">\n\t\t\t\t\t\t\t<div class=\"modal-content\">\n\t\t\t\t\t\t\t\t<div class=\"modal-body\">\n\t\t\t\t\t\t\t\t\t<button type=\"button\" class=\"close\" data-dismiss=\"modal\" aria-label=\"Close\">\n\t\t\t\t\t\t\t\t\t\t<span aria-hidden=\"true\">Close X<\/span>\n\t\t\t\t\t\t\t\t\t<\/button>\n\t\t\t\t\t\t\t\t\t<!-- 16:9 aspect ratio -->\n\t\t\t\t\t\t\t\t\t<div class=\"embed-responsive embed-responsive-16by9\">\n\t\t\t\t\t\t\t\t\t\t<iframe class=\"embed-responsive-item\" src=\"\" id=\"video\" allowscriptaccess=\"always\" allow=\"autoplay\"><\/iframe>\n\t\t\t\t\t\t\t\t\t<\/div>\n\t\t\t\t\t\t\t\t<\/div>\n\t\t\t\t\t\t\t<\/div>\n\t\t\t\t\t\t<\/div>\n\t\t\t\t\t<\/div>\n\t\t\t\t<\/div>\n\t\t\t<\/div>\n\n\t\t<\/div>\n\t<\/div>\n<\/section>\n<script>\n\tvar videoImg    = 1;   \n\tvar videoSource = 'https:\/\/bozita.com\/pl\/wp-content\/uploads\/sites\/9\/2021\/09\/bozita-swedish-natural-quality-polish-2.mp4'; \n<\/script>\n\n\n\t<div class=\"text-box-warp\">\n\t\t<div class=\"container\">\n\t\t\t<div class=\"text-content\">\n\t\t\t\t<h2>NATURALNE SK\u0141ADNIKI ORAZ SZWEDZKA JAKO\u015a\u0106<\/h2>\n<p>Wszystko, czego potrzebuje tw\u00f3j pies, aby by\u0107 zdrowym i szcz\u0119\u015bliwym.<\/p>\n<p>Koty i psy s\u0105 naszymi przyjaci\u00f3\u0142mi i wiemy, \u017ce dzi\u0119ki zdrowemu i aktywnemu stylowi \u017cycia oraz zdrowemu od\u017cywianiu mog\u0105 cieszy\u0107 si\u0119 wspania\u0142\u0105 kondycj\u0105 przez d\u0142ugi czas! Nasza karma dla ps\u00f3w i kot\u00f3w jest tworzona z mi\u0142o\u015bci\u0105 w naszych zak\u0142adach produkcyjnych znajduj\u0105cych si\u0119 w sercu szwedzkiej wsi. Szwecja znana jest z r\u00f3\u017cnorodnego \u015brodowiska naturalnego oraz krystalicznie czystych w\u00f3d i powietrza. Szacunek dla zwierz\u0105t i \u015brodowiska naturalnego to pow\u00f3d, dla kt\u00f3rego starannie dobieramy sk\u0142adniki. Wsp\u00f3\u0142pracujemy ze szwedzkimi farmami i u\u017cywamy sk\u0142adnik\u00f3w najwy\u017cszej jako\u015bci!<\/p>\n<h2>CERTYFIKOWANA KUCHNIA<\/h2>\n<p>My w Bozicie staramy si\u0119 uzyska\u0107 najwy\u017csz\u0105 jako\u015b\u0107. Dlatego nasza kuchnia w V\u00e5rg\u00e5rda posiada certyfikat zgodno\u015bci z norm\u0105 ISO 22000 od 2007 roku. ISO 22000 to standard zarz\u0105dzania jako\u015bci\u0105 w przemy\u015ble spo\u017cywczym, koncentruj\u0105cy si\u0119 na bezpiecze\u0144stwie \u017cywno\u015bci.<\/p>\n<ul>\n<li>\n<p id=\"tw-target-text\" class=\"tw-data-text tw-text-large XcVN5d tw-ta\" dir=\"ltr\" data-placeholder=\"Translation\"><a href=\"https:\/\/bozita.com\/pl\/naturalne-skladniki-oraz-szwedzka-jakosc\/ekologiczne-opakowanie\/\">Tetra Recart\u00ae, przyjazne dla klimatu opakowania do mokrej \u017cywno\u015bci<\/a><\/p>\n<\/li>\n<\/ul>\n<h2>ROZWIJAMY SI\u0118 RAZEM Z NASZYMI AMBASADORAMI<\/h2>\n<p>Wsp\u00f3\u0142pracujemy z naszymi ambasadorami, aby zapewni\u0107 produkty oparte na najnowocze\u015bniejszych rozwi\u0105zaniach. Nasi ambasadorzy s\u0105 niezwykle kompetentnymi i zaanga\u017cowanymi lud\u017ami, maj\u0105cymi wielkie serce dla swoich ps\u00f3w. Na ich koncie znajduje si\u0119 wiele sukces\u00f3w, a obecnie przygotowuj\u0105 si\u0119 do realizacji kolejnych cel\u00f3w! Sukces nigdy nie jest dzie\u0142em przypadku! Dowiedz si\u0119 wi\u0119cej o naszych ambasadorach.<\/p>\n<ul>\n<li><a title=\"Ambasadorzy\" href=\"https:\/\/bozita.com\/pl\/naturalne-skladniki-oraz-szwedzka-jakosc\/ambasadorzy\/\"><u>Ambasadorzy<\/u><\/a><\/li>\n<\/ul>\n\t\t\t<\/div>\n\t\t<\/div>\n\t<\/div>\n\n\n\t<section class=\"block section-promos\">\n\t\t<div class=\"container\">\n\t\t\t<div class=\"row\">\n\t\t\t\t\t\t\t\t\t\t<div class=\"col-md-6 col-lg-4 condensed_V2\">\n\t\t\t\t\t\t\t<div class=\"card\">\n\t\t\t\t\t\t\t\t\t\t\t\t\t\t\t\t\t<img decoding=\"async\" class=\"card-img-top\" src=\"https:\/\/bozita.com\/pl\/wp-content\/uploads\/sites\/9\/2021\/06\/bozita-about-us.jpeg\" alt=\"\">\n\t\t\t\t\t\t\t\t\t\t\t\t\t\t\t\t<div class=\"card-body\">\n\t\t\t\t\t\t\t\t\t<h5 class=\"card-title\">O nas<\/h5>\n\t\t\t\t\t\t\t\t\t<p class=\"card-text\">Produkujemy karm\u0119 dla kot\u00f3w i ps\u00f3w od ponad 100 lat! Nasze karmy przyrz\u0105dzamy w naszej kuchni w V\u00e5rg\u00e5rda, u\u017cywaj\u0105c jedynie najlepszej jako\u015bci produkt\u00f3w bez sztucznych dodatk\u00f3w!<\/p>\n\t\t\t\t\t\t\t\t\t\t\t\t\t\t\t\t\t\t\t<a target=\"\" href=\"https:\/\/bozita.com\/pl\/naturalne-skladniki-oraz-szwedzka-jakosc\/o-nas\/\" class=\"btn btn-white\">O nas<\/a>\n\t\t\t\t\t\t\t\t\t\t\t\t\t\t\t\t\t\t<\/div>\n\t\t\t\t\t\t\t<\/div>\n\t\t\t\t\t\t<\/div>\n\t\t\t\t\t\t\t\t\t\t\t\t<div class=\"col-md-6 col-lg-4 condensed_V2\">\n\t\t\t\t\t\t\t<div class=\"card\">\n\t\t\t\t\t\t\t\t\t\t\t\t\t\t\t\t\t<img decoding=\"async\" class=\"card-img-top\" src=\"https:\/\/bozita.com\/pl\/wp-content\/uploads\/sites\/9\/2021\/06\/bozita-hallbarhet.jpeg\" alt=\"\">\n\t\t\t\t\t\t\t\t\t\t\t\t\t\t\t\t<div class=\"card-body\">\n\t\t\t\t\t\t\t\t\t<h5 class=\"card-title\">Zr\u00f3wnowa\u017cony rozw\u00f3j<\/h5>\n\t\t\t\t\t\t\t\t\t<p class=\"card-text\">Naszym celem jest produkcja najlepszej karmy dla ps\u00f3w i kot\u00f3w, z naciskiem na zr\u00f3wnowa\u017cony rozw\u00f3j, \u015brodowisko i nasz\u0105 wsp\u00f3ln\u0105 przysz\u0142o\u015b\u0107.<\/p>\n\t\t\t\t\t\t\t\t\t\t\t\t\t\t\t\t\t\t\t<a target=\"\" href=\"https:\/\/bozita.com\/pl\/naturalne-skladniki-oraz-szwedzka-jakosc\/zrownowazony-dla-zwierzat-i-natury\/\" class=\"btn btn-white\">Zr\u00f3wnowa\u017cony rozw\u00f3j<\/a>\n\t\t\t\t\t\t\t\t\t\t\t\t\t\t\t\t\t\t<\/div>\n\t\t\t\t\t\t\t<\/div>\n\t\t\t\t\t\t<\/div>\n\t\t\t\t\t\t\t\t\t\t\t\t<div class=\"col-md-6 col-lg-4 condensed_V2\">\n\t\t\t\t\t\t\t<div class=\"card\">\n\t\t\t\t\t\t\t\t\t\t\t\t\t\t\t\t\t<img decoding=\"async\" class=\"card-img-top\" src=\"https:\/\/bozita.com\/pl\/wp-content\/uploads\/sites\/9\/2021\/06\/bozita-smakgaranti-hundmat-kattmat.jpeg\" alt=\"\">\n\t\t\t\t\t\t\t\t\t\t\t\t\t\t\t\t<div class=\"card-body\">\n\t\t\t\t\t\t\t\t\t<h5 class=\"card-title\">Gwarancja Smaku<\/h5>\n\t\t\t\t\t\t\t\t\t<p class=\"card-text\">Dzi\u0119ki naszej gwarancji smaku otrzymasz zwrot pieni\u0119dzy, je\u015bli Tw\u00f3j pies lub kot nie polubi naszych karm.<\/p>\n\t\t\t\t\t\t\t\t\t\t\t\t\t\t\t\t\t\t\t<a target=\"\" href=\"https:\/\/bozita.com\/pl\/gwarancja-smaku\/\" class=\"btn btn-white\">Gwarancja Smaku<\/a>\n\t\t\t\t\t\t\t\t\t\t\t\t\t\t\t\t\t\t<\/div>\n\t\t\t\t\t\t\t<\/div>\n\t\t\t\t\t\t<\/div>\n\t\t\t\t\t\t\t\t\t\t\t\t<div class=\"col-md-6 col-lg-4 condensed_V2\">\n\t\t\t\t\t\t\t<div class=\"card\">\n\t\t\t\t\t\t\t\t\t\t\t\t\t\t\t\t\t<img decoding=\"async\" class=\"card-img-top\" src=\"https:\/\/bozita.com\/pl\/wp-content\/uploads\/sites\/9\/2021\/06\/bozita-miljovanlig-forpackning-tetra-recart.jpeg\" alt=\"\">\n\t\t\t\t\t\t\t\t\t\t\t\t\t\t\t\t<div class=\"card-body\">\n\t\t\t\t\t\t\t\t\t<h5 class=\"card-title\">Opakowania<\/h5>\n\t\t\t\t\t\t\t\t\t<p class=\"card-text\">Niekt\u00f3re nasze mokre karmy s\u0105 pakowane w kartoniki Tetra Recart. Tetra Recart\u00ae jest alternatywnym dla puszek, wygodnym oraz przyjaznym dla \u015brodowiska opakowaniem, kt\u00f3re jest \u0142atwe do otwierania i ponownego zamykania, co umo\u017cliwia porcjowanie posi\u0142k\u00f3w przy jednoczesnym zachowaniu \u015bwie\u017co\u015bci. <\/p>\n\t\t\t\t\t\t\t\t\t\t\t\t\t\t\t\t\t\t\t<a target=\"\" href=\"https:\/\/bozita.com\/pl\/naturalne-skladniki-oraz-szwedzka-jakosc\/ekologiczne-opakowanie\/\" class=\"btn btn-white\">Opakowania<\/a>\n\t\t\t\t\t\t\t\t\t\t\t\t\t\t\t\t\t\t<\/div>\n\t\t\t\t\t\t\t<\/div>\n\t\t\t\t\t\t<\/div>\n\t\t\t\t\t\t\t\t\t\t\t\t<div class=\"col-md-6 col-lg-4 condensed_V2\">\n\t\t\t\t\t\t\t<div class=\"card\">\n\t\t\t\t\t\t\t\t\t\t\t\t\t\t\t\t\t<img decoding=\"async\" class=\"card-img-top\" src=\"\" alt=\"\">\n\t\t\t\t\t\t\t\t\t\t\t\t\t\t\t\t<div class=\"card-body\">\n\t\t\t\t\t\t\t\t\t<h5 class=\"card-title\">Ambasadorzy<\/h5>\n\t\t\t\t\t\t\t\t\t<p class=\"card-text\">Dlatego nasi ambasadorowie wybieraj\u0105 Bozita<\/p>\n\t\t\t\t\t\t\t\t\t\t\t\t\t\t\t\t\t\t\t<a target=\"\" href=\"https:\/\/bozita.com\/pl\/naturalne-skladniki-oraz-szwedzka-jakosc\/ambasadorzy\/\" class=\"btn btn-white\">Ambasadorzy<\/a>\n\t\t\t\t\t\t\t\t\t\t\t\t\t\t\t\t\t\t<\/div>\n\t\t\t\t\t\t\t<\/div>\n\t\t\t\t\t\t<\/div>\n\t\t\t\t\t\t\t\t\t\t\t\t<div class=\"col-md-6 col-lg-4 condensed_V2\">\n\t\t\t\t\t\t\t<div class=\"card\">\n\t\t\t\t\t\t\t\t\t\t\t\t\t\t\t\t\t<img decoding=\"async\" class=\"card-img-top\" src=\"https:\/\/bozita.com\/pl\/wp-content\/uploads\/sites\/9\/2021\/06\/bozita-tassalyckan-katthem-provsmakare-produktutveckling.jpeg\" alt=\"\">\n\t\t\t\t\t\t\t\t\t\t\t\t\t\t\t\t<div class=\"card-body\">\n\t\t\t\t\t\t\t\t\t<h5 class=\"card-title\">Hodowla kot\u00f3w w Tassalyckan<\/h5>\n\t\t\t\t\t\t\t\t\t<p class=\"card-text\">W naszej kociarni w Tassalyckan znajduje si\u0119 oko\u0142o 30 kocich tester\u00f3w naszych karm.<\/p>\n\t\t\t\t\t\t\t\t\t\t\t\t\t\t\t\t\t\t\t<a target=\"\" href=\"https:\/\/bozita.com\/pl\/naturalne-skladniki-oraz-szwedzka-jakosc\/hodowla-kotow-w-tassalyckan\/\" class=\"btn btn-white\">Hodowla kot\u00f3w w Tassalyckan<\/a>\n\t\t\t\t\t\t\t\t\t\t\t\t\t\t\t\t\t\t<\/div>\n\t\t\t\t\t\t\t<\/div>\n\t\t\t\t\t\t<\/div>\n\t\t\t\t\t\t\t\t\t<\/div>\n\t\t<\/div>\n\t<\/section>\n","protected":false},"excerpt":{"rendered":"","protected":false},"author":4,"featured_media":6757,"parent":0,"menu_order":0,"comment_status":"closed","ping_status":"closed","template":"guternberg.php","meta":{"footnotes":""},"acf":[],"yoast_head":"<!-- This site is optimized with the Yoast SEO plugin v21.3 - https:\/\/yoast.com\/wordpress\/plugins\/seo\/ -->\n<title>Naturalne sk\u0142adniki oraz szwedzka jako\u015b\u0107 | Bozita Polska<\/title>\n<meta name=\"description\" content=\"Nasza karma dla ps\u00f3w i kot\u00f3w jest tworzona z mi\u0142o\u015bci\u0105 w naszych zak\u0142adach produkcyjnych znajduj\u0105cych si\u0119 w sercu szwedzkiej wsi.\" \/>\n<meta name=\"robots\" content=\"index, follow, max-snippet:-1, max-image-preview:large, max-video-preview:-1\" \/>\n<link rel=\"canonical\" href=\"https:\/\/bozita.com\/pl\/nasza-karma-dla-psow-i-kotow\/\" \/>\n<meta property=\"og:locale\" content=\"pl_PL\" \/>\n<meta property=\"og:type\" content=\"article\" \/>\n<meta property=\"og:title\" content=\"Naturalne sk\u0142adniki oraz szwedzka jako\u015b\u0107 | Bozita Polska\" \/>\n<meta property=\"og:description\" content=\"Nasza karma dla ps\u00f3w i kot\u00f3w jest tworzona z mi\u0142o\u015bci\u0105 w naszych zak\u0142adach produkcyjnych znajduj\u0105cych si\u0119 w sercu szwedzkiej wsi.\" \/>\n<meta property=\"og:url\" content=\"https:\/\/bozita.com\/pl\/nasza-karma-dla-psow-i-kotow\/\" \/>\n<meta property=\"og:site_name\" content=\"Bozita Polska\" \/>\n<meta property=\"article:modified_time\" content=\"2023-08-04T11:40:45+00:00\" \/>\n<meta property=\"og:image\" content=\"https:\/\/bozita.com\/pl\/wp-content\/uploads\/sites\/9\/2021\/05\/Bozita-Home-Hero-Image-Dog-v2@2x-scaled.jpg\" \/>\n\t<meta property=\"og:image:width\" content=\"2560\" \/>\n\t<meta property=\"og:image:height\" content=\"1333\" \/>\n\t<meta property=\"og:image:type\" content=\"image\/jpeg\" \/>\n<meta name=\"twitter:card\" content=\"summary_large_image\" \/>\n<!-- \/ Yoast SEO plugin. -->","yoast_head_json":{"title":"Naturalne sk\u0142adniki oraz szwedzka jako\u015b\u0107 | Bozita Polska","description":"Nasza karma dla ps\u00f3w i kot\u00f3w jest tworzona z mi\u0142o\u015bci\u0105 w naszych zak\u0142adach produkcyjnych znajduj\u0105cych si\u0119 w sercu szwedzkiej wsi.","robots":{"index":"index","follow":"follow","max-snippet":"max-snippet:-1","max-image-preview":"max-image-preview:large","max-video-preview":"max-video-preview:-1"},"canonical":"https:\/\/bozita.com\/pl\/nasza-karma-dla-psow-i-kotow\/","og_locale":"pl_PL","og_type":"article","og_title":"Naturalne sk\u0142adniki oraz szwedzka jako\u015b\u0107 | Bozita Polska","og_description":"Nasza karma dla ps\u00f3w i kot\u00f3w jest tworzona z mi\u0142o\u015bci\u0105 w naszych zak\u0142adach produkcyjnych znajduj\u0105cych si\u0119 w sercu szwedzkiej wsi.","og_url":"https:\/\/bozita.com\/pl\/nasza-karma-dla-psow-i-kotow\/","og_site_name":"Bozita Polska","article_modified_time":"2023-08-04T11:40:45+00:00","og_image":[{"width":2560,"height":1333,"url":"https:\/\/bozita.com\/pl\/wp-content\/uploads\/sites\/9\/2021\/05\/Bozita-Home-Hero-Image-Dog-v2@2x-scaled.jpg","type":"image\/jpeg"}],"twitter_card":"summary_large_image","schema":{"@context":"https:\/\/schema.org","@graph":[{"@type":"WebPage","@id":"https:\/\/bozita.com\/pl\/nasza-karma-dla-psow-i-kotow\/","url":"https:\/\/bozita.com\/pl\/nasza-karma-dla-psow-i-kotow\/","name":"Naturalne sk\u0142adniki oraz szwedzka jako\u015b\u0107 | Bozita Polska","isPartOf":{"@id":"https:\/\/bozita.com\/pl\/#website"},"datePublished":"2021-08-11T17:37:28+00:00","dateModified":"2023-08-04T11:40:45+00:00","description":"Nasza karma dla ps\u00f3w i kot\u00f3w jest tworzona z mi\u0142o\u015bci\u0105 w naszych zak\u0142adach produkcyjnych znajduj\u0105cych si\u0119 w sercu szwedzkiej wsi.","breadcrumb":{"@id":"https:\/\/bozita.com\/pl\/nasza-karma-dla-psow-i-kotow\/#breadcrumb"},"inLanguage":"pl-PL","potentialAction":[{"@type":"ReadAction","target":["https:\/\/bozita.com\/pl\/nasza-karma-dla-psow-i-kotow\/"]}]},{"@type":"BreadcrumbList","@id":"https:\/\/bozita.com\/pl\/nasza-karma-dla-psow-i-kotow\/#breadcrumb","itemListElement":[{"@type":"ListItem","position":1,"name":"Home","item":"https:\/\/bozita.com\/pl\/"},{"@type":"ListItem","position":2,"name":"Naturalne sk\u0142adniki oraz szwedzka jako\u015b\u0107"}]},{"@type":"WebSite","@id":"https:\/\/bozita.com\/pl\/#website","url":"https:\/\/bozita.com\/pl\/","name":"Bozita Polska","description":"","potentialAction":[{"@type":"SearchAction","target":{"@type":"EntryPoint","urlTemplate":"https:\/\/bozita.com\/pl\/?s={search_term_string}"},"query-input":"required name=search_term_string"}],"inLanguage":"pl-PL"}]}},"_links":{"self":[{"href":"https:\/\/bozita.com\/pl\/wp-json\/wp\/v2\/pages\/6755"}],"collection":[{"href":"https:\/\/bozita.com\/pl\/wp-json\/wp\/v2\/pages"}],"about":[{"href":"https:\/\/bozita.com\/pl\/wp-json\/wp\/v2\/types\/page"}],"author":[{"embeddable":true,"href":"https:\/\/bozita.com\/pl\/wp-json\/wp\/v2\/users\/4"}],"replies":[{"embeddable":true,"href":"https:\/\/bozita.com\/pl\/wp-json\/wp\/v2\/comments?post=6755"}],"version-history":[{"count":38,"href":"https:\/\/bozita.com\/pl\/wp-json\/wp\/v2\/pages\/6755\/revisions"}],"predecessor-version":[{"id":10130,"href":"https:\/\/bozita.com\/pl\/wp-json\/wp\/v2\/pages\/6755\/revisions\/10130"}],"wp:featuredmedia":[{"embeddable":true,"href":"https:\/\/bozita.com\/pl\/wp-json\/wp\/v2\/media\/6757"}],"wp:attachment":[{"href":"https:\/\/bozita.com\/pl\/wp-json\/wp\/v2\/media?parent=6755"}],"curies":[{"name":"wp","href":"https:\/\/api.w.org\/{rel}","templated":true}]}}