{"id":6761,"date":"2021-08-11T17:37:06","date_gmt":"2021-08-11T17:37:06","guid":{"rendered":"https:\/\/bozita.com\/pl\/socjalizacja-psa-jak-gdzie-i-kiedy\/"},"modified":"2022-09-29T07:13:39","modified_gmt":"2022-09-29T07:13:39","slug":"socjalizacja-psa-jak-gdzie-i-kiedy","status":"publish","type":"page","link":"https:\/\/bozita.com\/pl\/zycie-z-psem\/rozwoj-psa\/socjalizacja-psa-jak-gdzie-i-kiedy\/","title":{"rendered":"Socjalizacja psa \u2013 jak, gdzie i kiedy"},"content":{"rendered":"\t\t<section class=\"small-hero\">\n\t\t\t<div class=\"container\">\n\t\t\t\t<h1 class=\"small-hero-title\">SOCJALIZACJA PSA \u2013 JAK, GDZIE I KIEDY<\/h1>\t\t\t<\/div>\n\t\t\t<\/div>\n\t\t<\/section>\n\t\n\n\t<div class=\"text-box-warp\">\n\t\t<div class=\"container\">\n\t\t\t<div class=\"text-content\">\n\t\t\t\t<div class=\"article__introduction\">\n<p><strong>Na wczesnym etapie rozwoju szczeniaki s\u0105 wyj\u0105tkowo podatne na bod\u017ace spo\u0142eczne, dzi\u0119ki czemu jest to idealny okres na przyzwyczajenie ich do \u015brodowiska. Szkolenie psa na tym etapie stwarza podstawy dla jego zdrowego rozwoju i\u00a0harmonijnego funkcjonowania w\u00a0r\u00f3\u017cnych warunkach oraz w\u00a0towarzystwie r\u00f3\u017cnych os\u00f3b. Sporz\u0105dzili\u015bmy praktyczn\u0105 \u201elist\u0119 kontroln\u0105\u201d ze zjawiskami, do kt\u00f3rych dobrze jest przyzwyczaja\u0107 szczeniaka podczas szkolenia.<\/strong><\/p>\n<\/div>\n<div class=\"article__body\">\n<h2>SOCJALIZACJA SZCZENIAKA ZACZYNA SI\u0118 JU\u017b U HODOWCY<\/h2>\n<p>Badania wykaza\u0142y, \u017ce do\u015bwiadczenia \u017cyciowe szczeniaka w\u00a0tak zwanym okresie socjalizacji (czasie, w\u00a0kt\u00f3rym szczeniak jest najbardziej podatny na bod\u017ace spo\u0142eczne) maj\u0105 ogromny wp\u0142yw na jego dalszy rozw\u00f3j. Na hodowcy spoczywa wi\u0119c wa\u017cny obowi\u0105zek pocz\u0105tkowej socjalizacji szczeniaka. Pies powinien m\u00f3c bra\u0107 udzia\u0142 w\u00a0codziennym \u017cyciu i\u00a0wszystkim, co si\u0119 z\u00a0tym wi\u0105\u017ce.<\/p>\n<p>W\u00a0wieku 5\u20136 tygodni nale\u017cy stopniowo zwi\u0119ksza\u0107 kontakt z\u00a0lud\u017ami. Pieszczoty, zabawa i\u00a0szkolenie to kluczowe elementy, kt\u00f3re powinny mie\u0107 miejsce tak\u017ce bez udzia\u0142u rodze\u0144stwa z\u00a0miotu. Szczeniaki pozbawione kontaktu z\u00a0cz\u0142owiekiem s\u0105 cz\u0119sto mniej pos\u0142uszne i\u00a0trudniejsze do wytresowania.<\/p>\n<p>Kiedy szczeniak w\u00a0wieku 8\u20139 tygodni przeprowadza si\u0119 do nowego domu, czas, aby to nowy w\u0142a\u015bciciel przej\u0105\u0142 pa\u0142eczk\u0119 i\u00a0kontynuowa\u0142 prac\u0119, kt\u00f3r\u0105 rozpocz\u0105\u0142 hodowca. Okres mi\u0119dzy 8 a 12 tygodniem to doskona\u0142y czas na nauk\u0119, poniewa\u017c do\u015bwiadczenia zaczynaj\u0105 si\u0119 wtedy utrwala\u0107 w\u00a0psiej pami\u0119ci. To wa\u017cny okres r\u00f3wnie\u017c z\u00a0punktu widzenia spo\u0142ecznego. Na tym etapie kszta\u0142tuj\u0105 si\u0119 podstawy mentalno\u015bci psa.<\/p>\n<h2>STW\u00d3RZ PLAN TRENINGOWY DLA SWOJEGO PSA<\/h2>\n<p>Praca nad socjalizacj\u0105 szczeniaka wcale nie musi by\u0107 skomplikowana. Je\u015bli pies ma zawsze towarzyszy\u0107 swojemu w\u0142a\u015bcicielowi lub w\u0142a\u015bcicielce, wi\u0119kszo\u015b\u0107 zachowa\u0144 da si\u0119 wpoi\u0107 w\u00a0naturalny spos\u00f3b. Nie zaszkodzi jednak stworzy\u0107 planu treningowego, pewnego rodzaju listy zjawisk, z\u00a0kt\u00f3rymi powinien zapozna\u0107 si\u0119 szczeniak. Nie musisz przestrzega\u0107 jej co do joty. Je\u015bli ominiesz jaki\u015b punkt, nigdy nie jest zbyt p\u00f3\u017ano, aby przyzwyczai\u0107 psa do nowych rzeczy na p\u00f3\u017aniejszym etapie \u017cycia. Zachowanie zwierz\u0119cia mo\u017cna ukszta\u0142towa\u0107 przez ca\u0142e \u017cycie. Wymaga to jedynie nieco wi\u0119cej czasu i\u00a0cierpliwo\u015bci. Trudno\u015bci mo\u017ce sprawia\u0107 tak\u017ce oduczenie psa starych nawyk\u00f3w.<\/p>\n<p>Dopasuj plan treningowy do Waszej sytuacji \u017cyciowej. Je\u015bli mieszkacie na wsi, skup si\u0119 przede wszystkim na zjawiskach powszechnych w\u00a0Waszym otoczeniu. To samo dotyczy \u017cycia w\u00a0mie\u015bcie.<\/p>\n<h3>LISTA KONTROLNA NA SZKOLENIE SZCZENIAKA<\/h3>\n<p>Oto 11 punkt\u00f3w, kt\u00f3re warto jest uwzgl\u0119dni\u0107 w\u00a0planie socjalizacji szczeniaka. Im wi\u0119cej rzeczy pozna Tw\u00f3j pies teraz, tym \u0142atwiej b\u0119dzie mu przyzwyczai\u0107 si\u0119 do nowych zjawisk w\u00a0przysz\u0142o\u015bci.<\/p>\n<ol>\n<li><strong>Zapoznaj psa z\u00a0r\u00f3\u017cnymi d\u017awi\u0119kami w\u00a0domu<\/strong><br \/>\nNie chod\u017a po domu na palcach, \u017ceby nie sp\u0142oszy\u0107 szczeniaka. Pozw\u00f3l, aby \u017cycie toczy\u0142o si\u0119 normalnie. Niech szczeniak przyzwyczai si\u0119 do telewizora, odkurzacza, kosiarki, suszarki do w\u0142os\u00f3w, telefonu, dzwonka do drzwi, ha\u0142asu garnk\u00f3w oraz wszelkich innych domowych d\u017awi\u0119k\u00f3w.<\/li>\n<li><strong>Pozw\u00f3l, aby pies pozna\u0142 r\u00f3\u017cnych ludzi<\/strong><br \/>\nTw\u00f3j pies musi nauczy\u0107 si\u0119 akceptowa\u0107 i\u00a0przebywa\u0107 w\u00a0towarzystwie innych os\u00f3b (da\u0107 si\u0119 g\u0142aska\u0107, \u0142apa\u0107, podnosi\u0107, klepa\u0107 po pysku, uszach, itd.). Jest to konieczne chocia\u017cby podczas wizyty u\u00a0weterynarza. Mo\u017ce si\u0119 tak\u017ce zdarzy\u0107, \u017ce inne osoby b\u0119d\u0105 musia\u0142y zaj\u0105\u0107 si\u0119 Twoim psem, na przyk\u0142ad podczas Twojej choroby czy d\u0142u\u017cszego wyjazdu.<\/p>\n<p>Szczeniak musi tak\u017ce przyzwyczai\u0107 si\u0119 do ludzi, kt\u00f3rzy wygl\u0105daj\u0105 i\u00a0poruszaj\u0105 si\u0119 inaczej, na przyk\u0142ad os\u00f3b na w\u00f3zku inwalidzkim, rowerzyst\u00f3w, os\u00f3b na \u0142y\u017cworolkach itp.<\/li>\n<li><strong>Przyzwyczaj psa do dzieci<\/strong><br \/>\nDzieci s\u0105 g\u0142o\u015bniejsze od doros\u0142ych i\u00a0poruszaj\u0105 si\u0119 w\u00a0inny spos\u00f3b. Je\u015bli nie masz w\u00a0domu dzieci, mo\u017cesz wybra\u0107 si\u0119 na spacer w\u00a0okolicy szko\u0142y i\u00a0pozwoli\u0107, aby dzieciaki, nawet w\u00a0wi\u0119kszej grupie, podesz\u0142y i\u00a0pog\u0142aska\u0142y szczeniaka.<\/p>\n<p>Nigdy nie zostawiaj ma\u0142ych dzieci samych w\u00a0towarzystwie psa!<\/li>\n<li><strong>Pozw\u00f3l, aby szczeniak pozna\u0142 inne psy<\/strong><br \/>\nSzczeniak musi nauczy\u0107 si\u0119 j\u0119zyka ps\u00f3w. Niestety my, ludzie \u2013 z\u00a0oczywistych powod\u00f3w \u2013 nie jeste\u015bmy w\u00a0tym najlepsi. Im wi\u0119cej przyjaznych ps\u00f3w spotka on w\u00a0m\u0142odym wieku, tym wi\u0119ksze zaufanie b\u0119dzie mia\u0142 p\u00f3\u017aniej do nieznanych ps\u00f3w. \u015amia\u0142o pozw\u00f3l szczeniakowi na zabaw\u0119 ze starszym psem, pod warunkiem, \u017ce jest on nastawiony przyjacielsko.<\/p>\n<p>Wykazano, \u017ce brak kontaktu z\u00a0innymi psami po \u00f3smym tygodniu \u017cycia skutkuje pogorszeniem zdolno\u015bci komunikacyjnych. Nie czekaj wi\u0119c do szczepionek w\u00a012 tygodniu \u017cycia. Szczeniak ma wci\u0105\u017c przeciwcia\u0142a pochodz\u0105ce z\u00a0mleka szczepionej matki. Ryzyko zara\u017cenia jest wi\u0119c znikome, je\u015bli starszy pies otrzyma\u0142 wszystkie niezb\u0119dne szczepienia. Potrzeba socjalizacji jest o\u00a0wiele wi\u0119ksza ni\u017c ryzyko infekcji.<\/li>\n<li><strong>Pozw\u00f3l psu spacerowa\u0107 po r\u00f3\u017cnych nawierzchniach<\/strong><br \/>\nNiech szczeniak porusza si\u0119 po trawie, \u017cwirze, asfalcie, \u015bniegu, drewnianej pod\u0142odze, dywanie, kamieniu, piasku, wodzie itd. Dzi\u0119ki temu r\u00f3\u017cne nawierzchnie i\u00a0warunki nie b\u0119d\u0105 stanowi\u0107 dla niego \u017cadnego problemu.<\/li>\n<li><strong>Pozw\u00f3l, aby pies porusza\u0142 si\u0119 z\u00a0Tob\u0105 samochodem, autobusem, poci\u0105giem czy \u0142odzi\u0105<\/strong><br \/>\nIm wi\u0119cej \u015brodk\u00f3w transportu pozna Tw\u00f3j pies, tym wi\u0119ksza b\u0119dzie Wasza swoboda przemieszczania si\u0119.<\/p>\n<p>Zawsze zaczynaj od kr\u00f3tkich, na przyk\u0142ad 5-minutowych, rund i\u00a0dopilnuj, aby po drugiej stronie zawsze czeka\u0142y na psa atrakcje, na przyk\u0142ad w\u00a0postaci spaceru po lesie. Dzi\u0119ki temu szczeniak zacznie kojarzy\u0107 jazd\u0119 samochodem\/autobusem\/poci\u0105giem\/\u0142odzi\u0105 z\u00a0ekscytuj\u0105c\u0105 przygod\u0105. Stopniowo wyd\u0142u\u017caj wyprawy.<\/p>\n<p>Dopilnuj, aby pies zawsze by\u0142 przypi\u0119ty uprz\u0119\u017c\u0105 lub siedzia\u0142 w\u00a0klatce podczas jazdy samochodem. Cho\u0107 przepisy drogowe nie okre\u015blaj\u0105 wprost zasad przewo\u017cenia zwierz\u0105t w\u00a0samochodzie, za niew\u0142a\u015bciwe przewo\u017cenie psa mo\u017cna otrzyma\u0107 w\u00a0Polsce mandat. Nigdy nie przewo\u017a wi\u0119c psa luzem w\u00a0samochodzie.<\/li>\n<li><strong>Zabieraj psa w\u00a0miejsca zgromadze\u0144<\/strong><br \/>\nZgromadzenia stanowi\u0105 nieodzowny element codziennego \u017cycia, niezale\u017cnie od miejsca zamieszkania, i\u00a0wi\u0105\u017c\u0105 si\u0119 z\u00a0wieloma wra\u017ceniami d\u017awi\u0119kowymi i\u00a0zapachowymi dla psa. Ponadto wi\u0119kszo\u015b\u0107 ps\u00f3w widzi tylko nogi ludzi. Niech Tw\u00f3j pies stopniowo przyzwyczai si\u0119 do tego, \u017ce w\u00a0\u017cyciu czasami mo\u017ce zrobi\u0107 si\u0119 ciasno. Mniejszego psiaka warto wzi\u0105\u0107 na r\u0119ce, aby nie zosta\u0142 zdeptany przez t\u0142um.<\/li>\n<li><strong>Spaceruj z\u00a0psem przez mosty i\u00a0tunele<\/strong><br \/>\nWybierz trasy, na kt\u00f3rych znajduj\u0105 si\u0119 mosty i tunele, aby przyzwyczai\u0107 szczeniaka do ruchu drogowego w r\u00f3\u017cnorakich miejscach. W tunelach panuje poza tym ciemno\u015b\u0107, a d\u017awi\u0119ki ulegaj\u0105 zniekszta\u0142ceniu w dziwny spos\u00f3b.<\/li>\n<li><strong>Wchod\u017a z\u00a0psem po schodach i\u00a0je\u017ad\u017a z\u00a0nim wind\u0105<\/strong><br \/>\nTrenuj z\u00a0nim wchodzenie i\u00a0schodzenie ze schod\u00f3w, w\u00a0umiarkowanym stopniu. Schody nadwyr\u0119\u017caj\u0105 stawy i\u00a0mi\u0119\u015bnie psa, je\u015bli nie s\u0105 one jeszcze w\u00a0pe\u0142ni rozwini\u0119te. Zrezygnuj ze schod\u00f3w ruchomych, chyba \u017ce Tw\u00f3j pupil jest wystarczaj\u0105co ma\u0142y, aby wzi\u0105\u0107 go na r\u0119ce. Ogon lub \u0142apa mo\u017ce z\u00a0\u0142atwo\u015bci\u0105 utkn\u0105\u0107 mi\u0119dzy stopniami.<\/p>\n<p>\u015amia\u0142o \u0107wicz tak\u017ce jazd\u0119 wind\u0105, aby unikn\u0105\u0107 (nieprzyjemnej) niespodzianki na p\u00f3\u017aniejszym etapie \u017cycia.<\/li>\n<li><strong>Przyzwyczaj psa do wsi i\u00a0do miasta<\/strong><br \/>\nRegularnie zmieniaj otoczenie! Zabieraj ze sob\u0105 psa na wie\u015b\/do miasta (w\u00a0zale\u017cno\u015bci od tego, gdzie mieszkasz) i\u00a0zapoznaj go z\u00a0typowymi dla danego otoczenia zjawiskami, na przyk\u0142ad innymi zwierz\u0119tami, g\u0142o\u015bnymi lud\u017ami, du\u017cymi pojazdami i\u00a0maszynami, budow\u0105\/robotami drogowymi itd.<\/li>\n<li><strong>Przyzwyczaj psa do bardzo g\u0142o\u015bnych, nag\u0142ych d\u017awi\u0119k\u00f3w<\/strong><br \/>\nPrzyzwyczajenie psa do g\u0142o\u015bnych i\u00a0nag\u0142ych d\u017awi\u0119k\u00f3w takich jak grzmoty, strza\u0142y czy fajerwerki zajmuje sporo czasu i\u00a0musi nast\u0119powa\u0107 stopniowo. Istnieje mn\u00f3stwo aplikacji i\u00a0p\u0142yt CD z\u00a0r\u00f3\u017cnymi d\u017awi\u0119kami, z\u00a0kt\u00f3rych mo\u017cesz skorzysta\u0107. Zacznij od niskiej g\u0142o\u015bno\u015bci i\u00a0stopniowo j\u0105 zwi\u0119kszaj \u2013 pies przyzwyczai si\u0119 do d\u017awi\u0119k\u00f3w.<\/li>\n<\/ol>\n<h2>NIECH TO PIES NADA TEMPO SZKOLENIU<\/h2>\n<p>Najwa\u017cniejsze jest, aby podczas przyzwyczajania psa do \u015brodowiska zachowa\u0107 odpowiedni nastr\u00f3j i\u00a0pozwoli\u0107, aby zwierz\u0119 poznawa\u0142o nowe rzeczy w\u00a0spokojny i\u00a0sprawiaj\u0105cy przyjemno\u015b\u0107 spos\u00f3b. Daj szczeniakowi czas, aby przyzwyczai\u0142 si\u0119 do nowych zjawisk w\u00a0tempie, kt\u00f3re mu odpowiada i\u00a0dopilnuj, aby zawsze mia\u0142 jak si\u0119 wycofa\u0107, je\u015bli poczuje si\u0119 przyt\u0142oczony. Nie mo\u017ce nigdy czu\u0107 si\u0119 osaczony ani zagro\u017cony. Wtedy lepiej jest si\u0119 wycofa\u0107 i\u00a0spr\u00f3bowa\u0107 ponownie w\u00a0p\u00f3\u017aniejszym czasie. Zbyt silne bod\u017ace zmys\u0142owe, kt\u00f3re przestrasz\u0105 szczeniaka na tym etapie rozwoju mog\u0105 sprawi\u0107, \u017ce dozna on szoku, kt\u00f3ry zapami\u0119ta na ca\u0142e \u017cycie.<\/p>\n<p>Jako w\u0142a\u015bciciel postaraj si\u0119 zawsze zachowa\u0107 spok\u00f3j i\u00a0opanowanie. Kiedy dzieje si\u0119 co\u015b nieoczekiwanego, pies szuka kontaktu ze swoim liderem. Je\u015bli wi\u0119c oka\u017cesz zdenerwowanie lub strach, zwierz\u0119 \u201eprzejmie\u201d Twoje negatywne emocje. Poka\u017c swojemu pupilowi, \u017ce jest bezpieczny i\u00a0nic nie stanowi dla niego zagro\u017cenia.<\/p>\n<\/div>\n<p>&nbsp;<\/p>\n\t\t\t<\/div>\n\t\t<\/div>\n\t<\/div>\n\n\n\n\t<section class=\"block related-articles\">\n\t\t<div class=\"container\">\n\t\t\t<h2>Artyku\u0142y powi\u0105zane<\/h2>\n\t\t\t<div class=\"row justify-content-center\">\n\t\t\t\t\t\t\t\t\t\t<div class=\"col-sm-6 col-md-6 col-lg-3\">\n\t\t\t\t\t\t\t\t\t\t\t\t\t\t<div class=\"card \">\n\t\t\t\t\t\t\t\t\t\t\t\t\t\t\t\t\t<img decoding=\"async\"  src=\"https:\/\/bozita.com\/pl\/wp-content\/uploads\/sites\/9\/2021\/06\/bozita-smakgaranti-hundmat-kattmat.jpeg\" alt=\"\">\n\t\t\t\t\t\t\t\t\t\t\t\t\t\t\t\t\t<!-- <img decoding=\"async\" src=\"\n\t\t\t\t\t\t\t\t\t\t\t\t\t\t\t\t\t\t\t\t\" alt=\"\n\t\t\t\t\t\t\t\t\t\t\t\t\t\t\t\t\t\t\t\t\t\t\t\t\t\t\t\"> -->\n\t\t\t\t\t\t\t\t<div class=\"card-body\">\n\t\t\t\t\t\t\t\t\t\t\t\t\t\t\t\t\t\t\t<h6>Aktywno\u015bci na umocnienie wi\u0119zi z Twoim psem<\/h6>\n\t\t\t\t\t\t\t\t\t\t\t\t\t\t\t\t\t\t\t<a href=\"https:\/\/bozita.com\/pl\/zycie-z-psem\/aktywnosc-fizyczna\/zachec-psa-do-aktywnosci-aby-poprawic-wspolne-relacje\/\">Czytaj wi\u0119cej &nbsp; ><\/a>\n\t\t\t\t\t\t\t\t<\/div>\n\t\t\t\t\t\t\t<\/div>\n\t\t\t\t\t\t<\/div>\n\n\t\t\t\t\t\t\t\t\t\t\t<div class=\"col-sm-6 col-md-6 col-lg-3\">\n\t\t\t\t\t\t\t\t\t\t\t\t\t\t<div class=\"card \">\n\t\t\t\t\t\t\t\t\t\t\t\t\t\t\t\t\t<img decoding=\"async\"  src=\"https:\/\/bozita.com\/pl\/wp-content\/uploads\/sites\/9\/2021\/08\/bozita-hundvalp-spokalder-plotsliga-radslor.jpeg\" alt=\"\">\n\t\t\t\t\t\t\t\t\t\t\t\t\t\t\t\t\t<!-- <img decoding=\"async\" src=\"\n\t\t\t\t\t\t\t\t\t\t\t\t\t\t\t\t\t\t\t\t\" alt=\"\n\t\t\t\t\t\t\t\t\t\t\t\t\t\t\t\t\t\t\t\t\t\t\t\t\t\t\t\"> -->\n\t\t\t\t\t\t\t\t<div class=\"card-body\">\n\t\t\t\t\t\t\t\t\t\t\t\t\t\t\t\t\t\t\t<h6>Czy tw\u00f3j pies nagle reaguje strachem?<\/h6>\n\t\t\t\t\t\t\t\t\t\t\t\t\t\t\t\t\t\t\t<a href=\"https:\/\/bozita.com\/pl\/zycie-z-psem\/rozwoj-psa\/nagly-strach-psa\/\">Czytaj wi\u0119cej &nbsp; ><\/a>\n\t\t\t\t\t\t\t\t<\/div>\n\t\t\t\t\t\t\t<\/div>\n\t\t\t\t\t\t<\/div>\n\n\t\t\t\t\t\t\t\t\t\t\t<div class=\"col-sm-6 col-md-6 col-lg-3\">\n\t\t\t\t\t\t\t\t\t\t\t\t\t\t<div class=\"card \">\n\t\t\t\t\t\t\t\t\t\t\t\t\t\t\t\t\t<img decoding=\"async\"  src=\"https:\/\/bozita.com\/pl\/wp-content\/uploads\/sites\/9\/2021\/08\/bozita-hund-tonaring.jpeg\" alt=\"\">\n\t\t\t\t\t\t\t\t\t\t\t\t\t\t\t\t\t<!-- <img decoding=\"async\" src=\"\n\t\t\t\t\t\t\t\t\t\t\t\t\t\t\t\t\t\t\t\t\" alt=\"\n\t\t\t\t\t\t\t\t\t\t\t\t\t\t\t\t\t\t\t\t\t\t\t\t\t\t\t\"> -->\n\t\t\t\t\t\t\t\t<div class=\"card-body\">\n\t\t\t\t\t\t\t\t\t\t\t\t\t\t\t\t\t\t\t<h6>Jak poradzi\u0107 sobie z nastoletnim buntem u psa<\/h6>\n\t\t\t\t\t\t\t\t\t\t\t\t\t\t\t\t\t\t\t<a href=\"https:\/\/bozita.com\/pl\/zycie-z-psem\/rozwoj-psa\/jak-poradzic-sobie-z-nastoletnim-buntem-u-psa\/\">Czytaj wi\u0119cej &nbsp; ><\/a>\n\t\t\t\t\t\t\t\t<\/div>\n\t\t\t\t\t\t\t<\/div>\n\t\t\t\t\t\t<\/div>\n\n\t\t\t\t\t\t\t\t\t\t\t\t<\/div>\n\t\t<\/div>\n\t<\/section>\n","protected":false},"excerpt":{"rendered":"","protected":false},"author":1,"featured_media":6762,"parent":6805,"menu_order":0,"comment_status":"closed","ping_status":"closed","template":"guternberg.php","meta":{"footnotes":""},"acf":[],"yoast_head":"<!-- This site is optimized with the Yoast SEO plugin v21.3 - https:\/\/yoast.com\/wordpress\/plugins\/seo\/ -->\n<title>Socjalizacja psa \u2013 jak, gdzie i kiedy | Bozita Polska<\/title>\n<meta name=\"description\" content=\"Na wczesnym etapie rozwoju szczeniaki s\u0105 wyj\u0105tkowo podatne na bod\u017ace spo\u0142eczne, dzi\u0119ki czemu jest to idealny okres na przyzwyczajenie ich do \u015brodowiska.\" \/>\n<meta name=\"robots\" content=\"index, follow, max-snippet:-1, max-image-preview:large, max-video-preview:-1\" \/>\n<link rel=\"canonical\" href=\"https:\/\/bozita.com\/pl\/zycie-z-psem\/rozwoj-psa\/socjalizacja-psa-jak-gdzie-i-kiedy\/\" \/>\n<meta property=\"og:locale\" content=\"pl_PL\" \/>\n<meta property=\"og:type\" content=\"article\" \/>\n<meta property=\"og:title\" content=\"Socjalizacja psa \u2013 jak, gdzie i kiedy | Bozita Polska\" \/>\n<meta property=\"og:description\" content=\"Na wczesnym etapie rozwoju szczeniaki s\u0105 wyj\u0105tkowo podatne na bod\u017ace spo\u0142eczne, dzi\u0119ki czemu jest to idealny okres na przyzwyczajenie ich do \u015brodowiska.\" \/>\n<meta property=\"og:url\" content=\"https:\/\/bozita.com\/pl\/zycie-z-psem\/rozwoj-psa\/socjalizacja-psa-jak-gdzie-i-kiedy\/\" \/>\n<meta property=\"og:site_name\" content=\"Bozita Polska\" \/>\n<meta property=\"article:modified_time\" content=\"2022-09-29T07:13:39+00:00\" \/>\n<meta property=\"og:image\" content=\"https:\/\/bozita.com\/pl\/wp-content\/uploads\/sites\/9\/2021\/08\/bozita-hundvalp-miljotraning-socialisering.jpeg\" \/>\n\t<meta property=\"og:image:width\" content=\"800\" \/>\n\t<meta property=\"og:image:height\" content=\"533\" \/>\n\t<meta property=\"og:image:type\" content=\"image\/jpeg\" \/>\n<meta name=\"twitter:card\" content=\"summary_large_image\" \/>\n<!-- \/ Yoast SEO plugin. -->","yoast_head_json":{"title":"Socjalizacja psa \u2013 jak, gdzie i kiedy | Bozita Polska","description":"Na wczesnym etapie rozwoju szczeniaki s\u0105 wyj\u0105tkowo podatne na bod\u017ace spo\u0142eczne, dzi\u0119ki czemu jest to idealny okres na przyzwyczajenie ich do \u015brodowiska.","robots":{"index":"index","follow":"follow","max-snippet":"max-snippet:-1","max-image-preview":"max-image-preview:large","max-video-preview":"max-video-preview:-1"},"canonical":"https:\/\/bozita.com\/pl\/zycie-z-psem\/rozwoj-psa\/socjalizacja-psa-jak-gdzie-i-kiedy\/","og_locale":"pl_PL","og_type":"article","og_title":"Socjalizacja psa \u2013 jak, gdzie i kiedy | Bozita Polska","og_description":"Na wczesnym etapie rozwoju szczeniaki s\u0105 wyj\u0105tkowo podatne na bod\u017ace spo\u0142eczne, dzi\u0119ki czemu jest to idealny okres na przyzwyczajenie ich do \u015brodowiska.","og_url":"https:\/\/bozita.com\/pl\/zycie-z-psem\/rozwoj-psa\/socjalizacja-psa-jak-gdzie-i-kiedy\/","og_site_name":"Bozita Polska","article_modified_time":"2022-09-29T07:13:39+00:00","og_image":[{"width":800,"height":533,"url":"https:\/\/bozita.com\/pl\/wp-content\/uploads\/sites\/9\/2021\/08\/bozita-hundvalp-miljotraning-socialisering.jpeg","type":"image\/jpeg"}],"twitter_card":"summary_large_image","schema":{"@context":"https:\/\/schema.org","@graph":[{"@type":"WebPage","@id":"https:\/\/bozita.com\/pl\/zycie-z-psem\/rozwoj-psa\/socjalizacja-psa-jak-gdzie-i-kiedy\/","url":"https:\/\/bozita.com\/pl\/zycie-z-psem\/rozwoj-psa\/socjalizacja-psa-jak-gdzie-i-kiedy\/","name":"Socjalizacja psa \u2013 jak, gdzie i kiedy | Bozita Polska","isPartOf":{"@id":"https:\/\/bozita.com\/pl\/#website"},"datePublished":"2021-08-11T17:37:06+00:00","dateModified":"2022-09-29T07:13:39+00:00","description":"Na wczesnym etapie rozwoju szczeniaki s\u0105 wyj\u0105tkowo podatne na bod\u017ace spo\u0142eczne, dzi\u0119ki czemu jest to idealny okres na przyzwyczajenie ich do \u015brodowiska.","breadcrumb":{"@id":"https:\/\/bozita.com\/pl\/zycie-z-psem\/rozwoj-psa\/socjalizacja-psa-jak-gdzie-i-kiedy\/#breadcrumb"},"inLanguage":"pl-PL","potentialAction":[{"@type":"ReadAction","target":["https:\/\/bozita.com\/pl\/zycie-z-psem\/rozwoj-psa\/socjalizacja-psa-jak-gdzie-i-kiedy\/"]}]},{"@type":"BreadcrumbList","@id":"https:\/\/bozita.com\/pl\/zycie-z-psem\/rozwoj-psa\/socjalizacja-psa-jak-gdzie-i-kiedy\/#breadcrumb","itemListElement":[{"@type":"ListItem","position":1,"name":"Home","item":"https:\/\/bozita.com\/pl\/"},{"@type":"ListItem","position":2,"name":"\u017bycie z psem","item":"https:\/\/bozita.com\/pl\/zycie-z-psem\/"},{"@type":"ListItem","position":3,"name":"Rozw\u00f3j psa","item":"https:\/\/bozita.com\/pl\/zycie-z-psem\/rozwoj-psa\/"},{"@type":"ListItem","position":4,"name":"Socjalizacja psa \u2013 jak, gdzie i kiedy"}]},{"@type":"WebSite","@id":"https:\/\/bozita.com\/pl\/#website","url":"https:\/\/bozita.com\/pl\/","name":"Bozita Polska","description":"","potentialAction":[{"@type":"SearchAction","target":{"@type":"EntryPoint","urlTemplate":"https:\/\/bozita.com\/pl\/?s={search_term_string}"},"query-input":"required name=search_term_string"}],"inLanguage":"pl-PL"}]}},"_links":{"self":[{"href":"https:\/\/bozita.com\/pl\/wp-json\/wp\/v2\/pages\/6761"}],"collection":[{"href":"https:\/\/bozita.com\/pl\/wp-json\/wp\/v2\/pages"}],"about":[{"href":"https:\/\/bozita.com\/pl\/wp-json\/wp\/v2\/types\/page"}],"author":[{"embeddable":true,"href":"https:\/\/bozita.com\/pl\/wp-json\/wp\/v2\/users\/1"}],"replies":[{"embeddable":true,"href":"https:\/\/bozita.com\/pl\/wp-json\/wp\/v2\/comments?post=6761"}],"version-history":[{"count":5,"href":"https:\/\/bozita.com\/pl\/wp-json\/wp\/v2\/pages\/6761\/revisions"}],"predecessor-version":[{"id":9532,"href":"https:\/\/bozita.com\/pl\/wp-json\/wp\/v2\/pages\/6761\/revisions\/9532"}],"up":[{"embeddable":true,"href":"https:\/\/bozita.com\/pl\/wp-json\/wp\/v2\/pages\/6805"}],"wp:featuredmedia":[{"embeddable":true,"href":"https:\/\/bozita.com\/pl\/wp-json\/wp\/v2\/media\/6762"}],"wp:attachment":[{"href":"https:\/\/bozita.com\/pl\/wp-json\/wp\/v2\/media?parent=6761"}],"curies":[{"name":"wp","href":"https:\/\/api.w.org\/{rel}","templated":true}]}}