{"id":6763,"date":"2021-08-11T17:36:51","date_gmt":"2021-08-11T17:36:51","guid":{"rendered":"https:\/\/bozita.com\/pl\/jak-poradzic-sobie-z-nastoletnim-buntem-u-psa\/"},"modified":"2022-09-29T07:12:08","modified_gmt":"2022-09-29T07:12:08","slug":"jak-poradzic-sobie-z-nastoletnim-buntem-u-psa","status":"publish","type":"page","link":"https:\/\/bozita.com\/pl\/zycie-z-psem\/rozwoj-psa\/jak-poradzic-sobie-z-nastoletnim-buntem-u-psa\/","title":{"rendered":"Jak poradzi\u0107 sobie z nastoletnim buntem u psa"},"content":{"rendered":"\t\t<section class=\"small-hero\">\n\t\t\t<div class=\"container\">\n\t\t\t\t<h1 class=\"small-hero-title\">JAK PORADZI\u0106 SOBIE Z NASTOLETNIM BUNTEM U PSA<\/h1>\t\t\t<\/div>\n\t\t\t<\/div>\n\t\t<\/section>\n\t\n\n\t<div class=\"text-box-warp\">\n\t\t<div class=\"container\">\n\t\t\t<div class=\"text-content\">\n\t\t\t\t<p><strong>S\u0142odki szczeniak dorasta i\u00a0nagle zamienia si\u0119 w\u00a0niesfornego nastolatka, kt\u00f3ry nie chce Ci\u0119 s\u0142ucha\u0107. W\u00a0rozwi\u0105zaniu problem\u00f3w z\u00a0psem, kt\u00f3ry wkroczy\u0142 w\u00a0tak zwany okres buntu, pomo\u017ce Ci \u015bwiadomo\u015b\u0107, \u017ce Tw\u00f3j pupil nie osi\u0105gn\u0105\u0142 jeszcze dojrza\u0142o\u015bci. Konieczne jest, aby dalej budowa\u0107 istniej\u0105c\u0105 relacj\u0119 ze zwierz\u0119ciem.<\/strong><\/p>\n<h2>ZACHOWAJ POZYTYWNE NASTAWIENIE<\/h2>\n<p>W\u00a0okresie buntu, kiedy pies niespodziewanie przestaje s\u0142ucha\u0107 polece\u0144, wielu w\u0142a\u015bcicieli wpada w\u00a0b\u0142\u0119dne ko\u0142o, w\u00a0kt\u00f3rym irytacja i\u00a0reprymenda s\u0105 na pocz\u0105tku dziennym. Wa\u017cne jest wtedy, aby zatrzyma\u0107 si\u0119 i\u00a0przemy\u015ble\u0107 sytuacj\u0119. Nerwy i\u00a0besztanie psa nie przynosz\u0105 niczego dobrego, ani dla Ciebie, ani dla zwierz\u0119cia.<\/p>\n<p>Zamiast tego zastan\u00f3w si\u0119, jak Tw\u00f3j pies Ci\u0119 odbiera. Czy Wasze interakcje sprawiaj\u0105 mu rado\u015b\u0107? Co mo\u017cesz zrobi\u0107, aby wzbudzi\u0107 wi\u0119ksz\u0105 ciekawo\u015b\u0107 psa, ni\u017c inne rzeczy, kt\u00f3re przykuwaj\u0105 jego uwag\u0119? Skup si\u0119 przede wszystkim na zachowaniach, jakich oczekujesz od psa, a\u00a0mniej na tych, kt\u00f3re chcesz wyeliminowa\u0107.<\/p>\n<p>Zainicjuj zabaw\u0119 w\u00a0chowanego, zamiast spacerowania po chodniku balansuj na murze, obsyp psa pochwa\u0142ami, gdy zrobi co\u015b prawid\u0142owo. Cho\u0107 metoda ta mo\u017ce nie zadzia\u0142a\u0107 za ka\u017cdym razem, Twoja cierpliwo\u015b\u0107 sprawi, \u017ce pies zacznie kojarzy\u0107 Twoj\u0105 obecno\u015b\u0107 z\u00a0zabaw\u0105 i\u00a0stopniowo zapomni o\u00a0innych dystrakcjach.<\/p>\n<p><strong>Czytaj dalej<\/strong><\/p>\n<ul>\n<li><a title=\"Zach\u0119\u0107 psa do aktywno\u015bci, aby poprawi\u0107 wsp\u00f3lne relacje\" href=\"https:\/\/bozita.com\/pl\/zycie-z-psem\/aktywnosc-fizyczna\/zachec-psa-do-aktywnosci-aby-poprawic-wspolne-relacje\/\">Szukasz nowego zaj\u0119cia? Znajd\u017a kursy dla siebie i\u00a0dla Twojego psa<\/a><\/li>\n<li><a title=\"Nag\u0142y strach psa\" href=\"https:\/\/bozita.com\/pl\/\/zycie-z-psem\/rozwoj-psa\/nagly-strach-psa\/\">Nag\u0142y l\u0119k u\u00a0psa? Przeczytaj wi\u0119cej o\u00a0psim okresie l\u0119kliwo\u015bci<\/a><\/li>\n<\/ul>\n<h2>PAMI\u0118TAJ, \u017bE PIES NIE OSI\u0104GN\u0104\u0141 JESZCZE DOJRZA\u0141O\u015aCI<\/h2>\n<p>Nastoletni pies boryka si\u0119, pod wieloma wzgl\u0119dami, z\u00a0tymi samymi problemami co ludzkie nastolatki \u2013 jego m\u00f3zg nie jest jeszcze w\u00a0pe\u0142ni rozwini\u0119ty, a\u00a0w\u00a0organizmie szaleje burza hormon\u00f3w. Kiedy Tw\u00f3j pupil przestaje Ci\u0119 s\u0142ucha\u0107, pami\u0119taj, \u017ce cho\u0107 nie wygl\u0105da on ju\u017c jak szczeniak, nie osi\u0105gn\u0105\u0142 jeszcze pe\u0142nej dojrza\u0142o\u015bci. Nie mo\u017cesz wymaga\u0107 od niego zbyt wiele i\u00a0oczekiwa\u0107, \u017ce zrozumie wszystkie Twoje polecenia. Pies potrzebuje troch\u0119 czasu, aby odnale\u017a\u0107 siebie i\u00a0swoje miejsce na \u015bwiecie.<\/p>\n\t\t\t<\/div>\n\t\t<\/div>\n\t<\/div>\n\n\n\n\t<section class=\"block related-articles\">\n\t\t<div class=\"container\">\n\t\t\t<h2>Artyku\u0142y powi\u0105zane<\/h2>\n\t\t\t<div class=\"row justify-content-center\">\n\t\t\t\t\t\t\t\t\t\t<div class=\"col-sm-6 col-md-6 col-lg-3\">\n\t\t\t\t\t\t\t\t\t\t\t\t\t\t<div class=\"card \">\n\t\t\t\t\t\t\t\t\t\t\t\t\t\t\t\t\t<img decoding=\"async\"  src=\"https:\/\/bozita.com\/pl\/wp-content\/uploads\/sites\/9\/2021\/08\/bozita-hundens-utveckling-stadier.jpeg\" alt=\"\">\n\t\t\t\t\t\t\t\t\t\t\t\t\t\t\t\t\t<!-- <img decoding=\"async\" src=\"\n\t\t\t\t\t\t\t\t\t\t\t\t\t\t\t\t\t\t\t\t\" alt=\"\n\t\t\t\t\t\t\t\t\t\t\t\t\t\t\t\t\t\t\t\t\t\t\t\t\t\t\t\"> -->\n\t\t\t\t\t\t\t\t<div class=\"card-body\">\n\t\t\t\t\t\t\t\t\t\t\t\t\t\t\t\t\t\t\t<h6>Rozw\u00f3j psa od okresu szczeni\u0119cego do doros\u0142o\u015bci<\/h6>\n\t\t\t\t\t\t\t\t\t\t\t\t\t\t\t\t\t\t\t<a href=\"https:\/\/bozita.com\/pl\/zycie-z-psem\/rozwoj-psa\/rozwoj-psa-od-okresu-szczeniecego-do-doroslosci\/\">Czytaj wi\u0119cej &nbsp; ><\/a>\n\t\t\t\t\t\t\t\t<\/div>\n\t\t\t\t\t\t\t<\/div>\n\t\t\t\t\t\t<\/div>\n\n\t\t\t\t\t\t\t\t\t\t\t<div class=\"col-sm-6 col-md-6 col-lg-3\">\n\t\t\t\t\t\t\t\t\t\t\t\t\t\t<div class=\"card \">\n\t\t\t\t\t\t\t\t\t\t\t\t\t\t\t\t\t<img decoding=\"async\"  src=\"https:\/\/bozita.com\/pl\/wp-content\/uploads\/sites\/9\/2021\/08\/bozita-hundvalp-spokalder-plotsliga-radslor.jpeg\" alt=\"\">\n\t\t\t\t\t\t\t\t\t\t\t\t\t\t\t\t\t<!-- <img decoding=\"async\" src=\"\n\t\t\t\t\t\t\t\t\t\t\t\t\t\t\t\t\t\t\t\t\" alt=\"\n\t\t\t\t\t\t\t\t\t\t\t\t\t\t\t\t\t\t\t\t\t\t\t\t\t\t\t\"> -->\n\t\t\t\t\t\t\t\t<div class=\"card-body\">\n\t\t\t\t\t\t\t\t\t\t\t\t\t\t\t\t\t\t\t<h6>Czy tw\u00f3j pies nagle reaguje strachem?<\/h6>\n\t\t\t\t\t\t\t\t\t\t\t\t\t\t\t\t\t\t\t<a href=\"https:\/\/bozita.com\/pl\/zycie-z-psem\/rozwoj-psa\/nagly-strach-psa\/\">Czytaj wi\u0119cej &nbsp; ><\/a>\n\t\t\t\t\t\t\t\t<\/div>\n\t\t\t\t\t\t\t<\/div>\n\t\t\t\t\t\t<\/div>\n\n\t\t\t\t\t\t\t\t\t\t\t<div class=\"col-sm-6 col-md-6 col-lg-3\">\n\t\t\t\t\t\t\t\t\t\t\t\t\t\t<div class=\"card \">\n\t\t\t\t\t\t\t\t\t\t\t\t\t\t\t\t\t<img decoding=\"async\"  src=\"https:\/\/bozita.com\/pl\/wp-content\/uploads\/sites\/9\/2021\/06\/bozita-smakgaranti-hundmat-kattmat.jpeg\" alt=\"\">\n\t\t\t\t\t\t\t\t\t\t\t\t\t\t\t\t\t<!-- <img decoding=\"async\" src=\"\n\t\t\t\t\t\t\t\t\t\t\t\t\t\t\t\t\t\t\t\t\" alt=\"\n\t\t\t\t\t\t\t\t\t\t\t\t\t\t\t\t\t\t\t\t\t\t\t\t\t\t\t\"> -->\n\t\t\t\t\t\t\t\t<div class=\"card-body\">\n\t\t\t\t\t\t\t\t\t\t\t\t\t\t\t\t\t\t\t<h6>Aktywno\u015bci na umocnienie wi\u0119zi z Twoim psem<\/h6>\n\t\t\t\t\t\t\t\t\t\t\t\t\t\t\t\t\t\t\t<a href=\"https:\/\/bozita.com\/pl\/zycie-z-psem\/aktywnosc-fizyczna\/zachec-psa-do-aktywnosci-aby-poprawic-wspolne-relacje\/\">Czytaj wi\u0119cej &nbsp; ><\/a>\n\t\t\t\t\t\t\t\t<\/div>\n\t\t\t\t\t\t\t<\/div>\n\t\t\t\t\t\t<\/div>\n\n\t\t\t\t\t\t\t\t\t\t\t\t<\/div>\n\t\t<\/div>\n\t<\/section>\n","protected":false},"excerpt":{"rendered":"","protected":false},"author":1,"featured_media":6764,"parent":6805,"menu_order":0,"comment_status":"closed","ping_status":"closed","template":"guternberg.php","meta":{"footnotes":""},"acf":[],"yoast_head":"<!-- This site is optimized with the Yoast SEO plugin v21.3 - https:\/\/yoast.com\/wordpress\/plugins\/seo\/ -->\n<title>Jak poradzi\u0107 sobie z nastoletnim buntem u psa | Bozita Polska<\/title>\n<meta name=\"description\" content=\"S\u0142odki szczeniak dorasta i\u00a0nagle zamienia si\u0119 w\u00a0niesfornego nastolatka, kt\u00f3ry nie chce Ci\u0119 s\u0142ucha\u0107. Jak poradzi\u0107 sobie z nastoletnim buntem u psa.\" \/>\n<meta name=\"robots\" content=\"index, follow, max-snippet:-1, max-image-preview:large, max-video-preview:-1\" \/>\n<link rel=\"canonical\" href=\"https:\/\/bozita.com\/pl\/zycie-z-psem\/rozwoj-psa\/jak-poradzic-sobie-z-nastoletnim-buntem-u-psa\/\" \/>\n<meta property=\"og:locale\" content=\"pl_PL\" \/>\n<meta property=\"og:type\" content=\"article\" \/>\n<meta property=\"og:title\" content=\"Jak poradzi\u0107 sobie z nastoletnim buntem u psa | Bozita Polska\" \/>\n<meta property=\"og:description\" content=\"S\u0142odki szczeniak dorasta i\u00a0nagle zamienia si\u0119 w\u00a0niesfornego nastolatka, kt\u00f3ry nie chce Ci\u0119 s\u0142ucha\u0107. Jak poradzi\u0107 sobie z nastoletnim buntem u psa.\" \/>\n<meta property=\"og:url\" content=\"https:\/\/bozita.com\/pl\/zycie-z-psem\/rozwoj-psa\/jak-poradzic-sobie-z-nastoletnim-buntem-u-psa\/\" \/>\n<meta property=\"og:site_name\" content=\"Bozita Polska\" \/>\n<meta property=\"article:modified_time\" content=\"2022-09-29T07:12:08+00:00\" \/>\n<meta property=\"og:image\" content=\"https:\/\/bozita.com\/pl\/wp-content\/uploads\/sites\/9\/2021\/08\/bozita-hund-tonaring.jpeg\" \/>\n\t<meta property=\"og:image:width\" content=\"800\" \/>\n\t<meta property=\"og:image:height\" content=\"533\" \/>\n\t<meta property=\"og:image:type\" content=\"image\/jpeg\" \/>\n<meta name=\"twitter:card\" content=\"summary_large_image\" \/>\n<!-- \/ Yoast SEO plugin. -->","yoast_head_json":{"title":"Jak poradzi\u0107 sobie z nastoletnim buntem u psa | Bozita Polska","description":"S\u0142odki szczeniak dorasta i\u00a0nagle zamienia si\u0119 w\u00a0niesfornego nastolatka, kt\u00f3ry nie chce Ci\u0119 s\u0142ucha\u0107. Jak poradzi\u0107 sobie z nastoletnim buntem u psa.","robots":{"index":"index","follow":"follow","max-snippet":"max-snippet:-1","max-image-preview":"max-image-preview:large","max-video-preview":"max-video-preview:-1"},"canonical":"https:\/\/bozita.com\/pl\/zycie-z-psem\/rozwoj-psa\/jak-poradzic-sobie-z-nastoletnim-buntem-u-psa\/","og_locale":"pl_PL","og_type":"article","og_title":"Jak poradzi\u0107 sobie z nastoletnim buntem u psa | Bozita Polska","og_description":"S\u0142odki szczeniak dorasta i\u00a0nagle zamienia si\u0119 w\u00a0niesfornego nastolatka, kt\u00f3ry nie chce Ci\u0119 s\u0142ucha\u0107. Jak poradzi\u0107 sobie z nastoletnim buntem u psa.","og_url":"https:\/\/bozita.com\/pl\/zycie-z-psem\/rozwoj-psa\/jak-poradzic-sobie-z-nastoletnim-buntem-u-psa\/","og_site_name":"Bozita Polska","article_modified_time":"2022-09-29T07:12:08+00:00","og_image":[{"width":800,"height":533,"url":"https:\/\/bozita.com\/pl\/wp-content\/uploads\/sites\/9\/2021\/08\/bozita-hund-tonaring.jpeg","type":"image\/jpeg"}],"twitter_card":"summary_large_image","schema":{"@context":"https:\/\/schema.org","@graph":[{"@type":"WebPage","@id":"https:\/\/bozita.com\/pl\/zycie-z-psem\/rozwoj-psa\/jak-poradzic-sobie-z-nastoletnim-buntem-u-psa\/","url":"https:\/\/bozita.com\/pl\/zycie-z-psem\/rozwoj-psa\/jak-poradzic-sobie-z-nastoletnim-buntem-u-psa\/","name":"Jak poradzi\u0107 sobie z nastoletnim buntem u psa | Bozita Polska","isPartOf":{"@id":"https:\/\/bozita.com\/pl\/#website"},"datePublished":"2021-08-11T17:36:51+00:00","dateModified":"2022-09-29T07:12:08+00:00","description":"S\u0142odki szczeniak dorasta i\u00a0nagle zamienia si\u0119 w\u00a0niesfornego nastolatka, kt\u00f3ry nie chce Ci\u0119 s\u0142ucha\u0107. Jak poradzi\u0107 sobie z nastoletnim buntem u psa.","breadcrumb":{"@id":"https:\/\/bozita.com\/pl\/zycie-z-psem\/rozwoj-psa\/jak-poradzic-sobie-z-nastoletnim-buntem-u-psa\/#breadcrumb"},"inLanguage":"pl-PL","potentialAction":[{"@type":"ReadAction","target":["https:\/\/bozita.com\/pl\/zycie-z-psem\/rozwoj-psa\/jak-poradzic-sobie-z-nastoletnim-buntem-u-psa\/"]}]},{"@type":"BreadcrumbList","@id":"https:\/\/bozita.com\/pl\/zycie-z-psem\/rozwoj-psa\/jak-poradzic-sobie-z-nastoletnim-buntem-u-psa\/#breadcrumb","itemListElement":[{"@type":"ListItem","position":1,"name":"Home","item":"https:\/\/bozita.com\/pl\/"},{"@type":"ListItem","position":2,"name":"\u017bycie z psem","item":"https:\/\/bozita.com\/pl\/zycie-z-psem\/"},{"@type":"ListItem","position":3,"name":"Rozw\u00f3j psa","item":"https:\/\/bozita.com\/pl\/zycie-z-psem\/rozwoj-psa\/"},{"@type":"ListItem","position":4,"name":"Jak poradzi\u0107 sobie z nastoletnim buntem u psa"}]},{"@type":"WebSite","@id":"https:\/\/bozita.com\/pl\/#website","url":"https:\/\/bozita.com\/pl\/","name":"Bozita Polska","description":"","potentialAction":[{"@type":"SearchAction","target":{"@type":"EntryPoint","urlTemplate":"https:\/\/bozita.com\/pl\/?s={search_term_string}"},"query-input":"required name=search_term_string"}],"inLanguage":"pl-PL"}]}},"_links":{"self":[{"href":"https:\/\/bozita.com\/pl\/wp-json\/wp\/v2\/pages\/6763"}],"collection":[{"href":"https:\/\/bozita.com\/pl\/wp-json\/wp\/v2\/pages"}],"about":[{"href":"https:\/\/bozita.com\/pl\/wp-json\/wp\/v2\/types\/page"}],"author":[{"embeddable":true,"href":"https:\/\/bozita.com\/pl\/wp-json\/wp\/v2\/users\/1"}],"replies":[{"embeddable":true,"href":"https:\/\/bozita.com\/pl\/wp-json\/wp\/v2\/comments?post=6763"}],"version-history":[{"count":5,"href":"https:\/\/bozita.com\/pl\/wp-json\/wp\/v2\/pages\/6763\/revisions"}],"predecessor-version":[{"id":9529,"href":"https:\/\/bozita.com\/pl\/wp-json\/wp\/v2\/pages\/6763\/revisions\/9529"}],"up":[{"embeddable":true,"href":"https:\/\/bozita.com\/pl\/wp-json\/wp\/v2\/pages\/6805"}],"wp:featuredmedia":[{"embeddable":true,"href":"https:\/\/bozita.com\/pl\/wp-json\/wp\/v2\/media\/6764"}],"wp:attachment":[{"href":"https:\/\/bozita.com\/pl\/wp-json\/wp\/v2\/media?parent=6763"}],"curies":[{"name":"wp","href":"https:\/\/api.w.org\/{rel}","templated":true}]}}