{"id":6774,"date":"2021-08-11T17:35:36","date_gmt":"2021-08-11T17:35:36","guid":{"rendered":"https:\/\/bozita.com\/pl\/karma-dla-kotow\/zywienie-i-dieta\/"},"modified":"2022-09-29T05:53:35","modified_gmt":"2022-09-29T05:53:35","slug":"zywienie-i-dieta","status":"publish","type":"page","link":"https:\/\/bozita.com\/pl\/karma-dla-kotow\/zywienie-i-dieta\/","title":{"rendered":"\u017bywienie kota i Dieta dla kota"},"content":{"rendered":"\n\t\t<section class=\"small-hero-with-image\">\n\t\t\t\t\t\t\t<img decoding=\"async\" class=\"background-image\" src=\"https:\/\/bozita.com\/pl\/wp-content\/uploads\/sites\/9\/2021\/08\/bozita-nutrition-kost-katt-2-2.jpg\" alt=\"\">\n\t\t\t\t\t\t\t<div class=\"overlay-v1 overlay-bg\">\n\t\t\t\t<div class=\"container\">\n\t\t\t\t\t<div class=\"row\">\n\t\t\t\t\t\t<div class=\"col-md-6 col-lg-5\">\n\t\t\t\t\t\t\t<h5>Wiedza<\/h5><h1>\u017bYWIENIE I DIETA<\/h1>\t\t\t\t\t\t<\/div>\n\t\t\t\t\t<\/div>\n\t\t\t\t<\/div>\n\t\t\t<\/div>\n\t\t<\/section>\n\t\t\n\n\t<div class=\"text-box-warp\">\n\t\t<div class=\"container\">\n\t\t\t<div class=\"text-content\">\n\t\t\t\t<h2><a href=\"https:\/\/bozita.com\/pl\/karma-dla-kotow\/zywienie-i-dieta\/co-jedza-koty-i-czym-karmic-kota\/\">Co jedz\u0105 koty i czym karmi\u0107 kota?<\/a><\/h2>\n<p>Koty s\u0105 \u015bcis\u0142ymi mi\u0119so\u017cercami i potrzebuj\u0105 du\u017cej ilo\u015bci zwierz\u0119cego bia\u0142ka i t\u0142uszczu w diecie, aby czu\u0107 si\u0119 dobrze. Nie znaczy to jednak, \u017ce musz\u0105 je\u015b\u0107 tylko mi\u0119so. Skrobia jest dobrym uzupe\u0142niaj\u0105cym \u017ar\u00f3d\u0142em kalorii oraz umo\u017cliwia bia\u0142ku budow\u0119 i napraw\u0119 tkanek.<\/p>\n<h2><a href=\"https:\/\/bozita.com\/pl\/karma-dla-kotow\/zywienie-i-dieta\/karmienie-kociaka-jaka-karma-jest-odpowiednia\/\">Karmienie kociaka \u2013 jaka karma jest odpowiednia?<\/a><\/h2>\n<p>Prawid\u0142owe karmienie kociaka ma ogromne znaczenie dla jego zdrowia i w\u0142a\u015bciwego rozwoju, a rosn\u0105ce kociaki maj\u0105 zdecydowanie wi\u0119ksze zapotrzebowanie na energi\u0119 ni\u017c doros\u0142e koty. Dlatego wa\u017cne jest, aby karma dla kociaka zaspokaja\u0142a jego potrzeby. W\u00f3wczas masz pewno\u015b\u0107, \u017ce otrzymuje on wszystkie niezb\u0119dne sk\u0142adniki od\u017cywcze w odpowiedniej ilo\u015bci.<\/p>\n<h2><a href=\"https:\/\/bozita.com\/pl\/karma-dla-kotow\/zywienie-i-dieta\/co-robic-gdy-kot-nie-chce-jesc-lub-pic\/\">Co robi\u0107, gdy kot nie chce je\u015b\u0107 lub pi\u0107?<\/a><\/h2>\n<p>Je\u015bli Tw\u00f3j m\u0142ody kociak lub doros\u0142y kot odmawia jedzenia lub picia, musisz znale\u017a\u0107 \u017ar\u00f3d\u0142o problemu. Wa\u017cne jest, aby ustali\u0107, czy brak apetytu bierze si\u0119 z braku ch\u0119ci, czy mo\u017ce z choroby, kt\u00f3ra uniemo\u017cliwia kotu jedzenie.<\/p>\n<h2><a href=\"https:\/\/bozita.com\/pl\/karma-dla-kotow\/zywienie-i-dieta\/zmiana-karmy-u-kota-jak-ja-przeprowadzic\/\">Zmiana karmy u kota \u2013 jak j\u0105 przeprowadzi\u0107?<\/a><\/h2>\n<p>Istnieje wiele powod\u00f3w, dla kt\u00f3rych mo\u017cesz zastanawia\u0107 si\u0119 nad przestawieniem kota na now\u0105 karm\u0119. By\u0107 mo\u017ce wkracza on w nowy etap \u017cycia lub zosta\u0142 w\u0142a\u015bnie wykastrowany. A mo\u017ce niedawno zdiagnozowano u niego dolegliwo\u015b\u0107, kt\u00f3ra wymaga innej diety? Bez wzgl\u0119du na pow\u00f3d wa\u017cne, aby przeprowadzi\u0107 zmian\u0119 karmy w odpowiedni spos\u00f3b. Poni\u017cej znajdziesz wskaz\u00f3wki od naszej ekspertki, \u00c5sy L\u00f6fstrand, specjalistki w zakresie \u017cywienia i zwierz\u0105t domowych.<\/p>\n\t\t\t<\/div>\n\t\t<\/div>\n\t<\/div>\n\n\n\n\t<section class=\"block explore-other-topics\">\n\t<div class=\"container\">\n\t\t<h2>Zapoznaj si\u0119 z innymi tematami<\/h2>\n\t\t<div class=\"row\">\n\t\t\t\t\t\t\t\t<div class=\"col-md-6 col-lg-3\">\n\t\t\t\t\t\t\t\t\t\t\t\t\t<h6>Zdrowie kota i jego piel\u0119gnacja<\/h6>\n\t\t\t\t\t\t\t\t\t\t\t\t\t<div class=\"card \">\n\t\t\t\t\t\t\t<img loading=\"lazy\" decoding=\"async\" width=\"800\" height=\"533\" src=\"https:\/\/bozita.com\/pl\/wp-content\/uploads\/sites\/9\/2021\/06\/bozita-katt-halsa.jpg\" class=\"attachment-post-thumbnail size-post-thumbnail wp-post-image\" alt=\"Zdrowie kota i jego piel\u0119gnacja\" srcset=\"https:\/\/bozita.com\/pl\/wp-content\/uploads\/sites\/9\/2021\/06\/bozita-katt-halsa.jpg 800w, https:\/\/bozita.com\/pl\/wp-content\/uploads\/sites\/9\/2021\/06\/bozita-katt-halsa-300x200.jpg 300w, https:\/\/bozita.com\/pl\/wp-content\/uploads\/sites\/9\/2021\/06\/bozita-katt-halsa-768x512.jpg 768w\" sizes=\"(max-width: 800px) 100vw, 800px\" \/>\n\t\t\t\t\t\t\t\t\t\t\t\t\t\t<div class=\"card-body\">\n\t\t\t\t\t\t\t\t\n\t\t\t\t\t\t\t\t\t\t\t\t\t\t\t\t\t<ul>\n\t\t\t\t\t\t\t\t\t\t\t\t\t\t\t\t\t\t\t\t\t<li><a href=\"https:\/\/bozita.com\/pl\/zycie-z-kotem\/zdrowie-kota\/szczepienie-kota\/\">Kiedy i jak cz\u0119sto przeprowadza\u0107 szczepienie kota?<\/a><\/li>\n\t\t\t\t\t\t\t\t\t\t\t\t\t\t\t\t\t\t\t\t\t\t<li><a href=\"https:\/\/bozita.com\/pl\/zycie-z-kotem\/zdrowie-kota\/bezpieczne-swieta-dla-kota\/\">Bezpieczne \u015bwi\u0119ta dla kota<\/a><\/li>\n\t\t\t\t\t\t\t\t\t\t\t\t\t\t\t\t\t\t\t\t\t\t<li><a href=\"https:\/\/bozita.com\/pl\/zycie-z-kotem\/zdrowie-kota\/obcinanie-pazurow-u-kota-jak-czesto-nalezy-to-robic\/\">Obcinanie pazur\u00f3w u kota &#8211; cenne wskaz\u00f3wki i porady<\/a><\/li>\n\t\t\t\t\t\t\t\t\t\t\t\t\t\t\t\t\t\t\t\t<\/ul>\n\t\t\t\t\t\t\t\t\t\t\t\t\t\t\t\t<a target=\"\" href=\"https:\/\/bozita.com\/pl\/zycie-z-kotem\/zdrowie-kota\/\" class=\"btn btn-primary\">Wi\u0119cej artyku\u0142\u00f3w<\/a>\n\t\t\t\t\t\t\t<\/div>\n\t\t\t\t\t\t<\/div>\n\t\t\t\t\t<\/div>\n\t\t\t\t\t\t\t\t\t\t<div class=\"col-md-6 col-lg-3\">\n\t\t\t\t\t\t\t\t\t\t\t\t\t<h6>Zabawy dla kota<\/h6>\n\t\t\t\t\t\t\t\t\t\t\t\t\t<div class=\"card \">\n\t\t\t\t\t\t\t<img loading=\"lazy\" decoding=\"async\" width=\"1600\" height=\"578\" src=\"https:\/\/bozita.com\/pl\/wp-content\/uploads\/sites\/9\/2021\/06\/bozita-aktivera-katt.jpg\" class=\"attachment-post-thumbnail size-post-thumbnail wp-post-image\" alt=\"Kupno kota i \u017cycie z nim. Porady dla pocz\u0105tkuj\u0105cych\" srcset=\"https:\/\/bozita.com\/pl\/wp-content\/uploads\/sites\/9\/2021\/06\/bozita-aktivera-katt.jpg 1600w, https:\/\/bozita.com\/pl\/wp-content\/uploads\/sites\/9\/2021\/06\/bozita-aktivera-katt-300x108.jpg 300w, https:\/\/bozita.com\/pl\/wp-content\/uploads\/sites\/9\/2021\/06\/bozita-aktivera-katt-1024x370.jpg 1024w, https:\/\/bozita.com\/pl\/wp-content\/uploads\/sites\/9\/2021\/06\/bozita-aktivera-katt-768x277.jpg 768w, https:\/\/bozita.com\/pl\/wp-content\/uploads\/sites\/9\/2021\/06\/bozita-aktivera-katt-1536x555.jpg 1536w\" sizes=\"(max-width: 1600px) 100vw, 1600px\" \/>\n\t\t\t\t\t\t\t\t\t\t\t\t\t\t<div class=\"card-body\">\n\t\t\t\t\t\t\t\t\n\t\t\t\t\t\t\t\t\t\t\t\t\t\t\t\t\t<ul>\n\t\t\t\t\t\t\t\t\t\t\t\t\t\t\t\t\t\t\t\t\t<li><a href=\"https:\/\/bozita.com\/pl\/zycie-z-kotem\/zabawy-dla-kota\/zabawy-dla-kota\/\">Zabawy dla kota idealnym sposobem jego aktywizacji<\/a><\/li>\n\t\t\t\t\t\t\t\t\t\t\t\t\t\t\t\t\t\t\t\t<\/ul>\n\t\t\t\t\t\t\t\t\t\t\t\t\t\t\t\t<a target=\"\" href=\"https:\/\/bozita.com\/pl\/zycie-z-kotem\/zabawy-dla-kota\/\" class=\"btn btn-primary\">Wi\u0119cej artyku\u0142\u00f3w<\/a>\n\t\t\t\t\t\t\t<\/div>\n\t\t\t\t\t\t<\/div>\n\t\t\t\t\t<\/div>\n\t\t\t\t\t\t\t\t\t\t<div class=\"col-md-6 col-lg-3\">\n\t\t\t\t\t\t\t\t\t\t\t\t\t<h6>Poznaj etapy rozwoju kota i zosta\u0144 dobrym opiekunem<\/h6>\n\t\t\t\t\t\t\t\t\t\t\t\t\t<div class=\"card \">\n\t\t\t\t\t\t\t<img loading=\"lazy\" decoding=\"async\" width=\"1600\" height=\"578\" src=\"https:\/\/bozita.com\/pl\/wp-content\/uploads\/sites\/9\/2021\/06\/bozita-katt-utveckling-2.jpg\" class=\"attachment-post-thumbnail size-post-thumbnail wp-post-image\" alt=\"Poznaj etapy rozwoju kota i zosta\u0144 dobrym opiekunem\" srcset=\"https:\/\/bozita.com\/pl\/wp-content\/uploads\/sites\/9\/2021\/06\/bozita-katt-utveckling-2.jpg 1600w, https:\/\/bozita.com\/pl\/wp-content\/uploads\/sites\/9\/2021\/06\/bozita-katt-utveckling-2-300x108.jpg 300w, https:\/\/bozita.com\/pl\/wp-content\/uploads\/sites\/9\/2021\/06\/bozita-katt-utveckling-2-1024x370.jpg 1024w, https:\/\/bozita.com\/pl\/wp-content\/uploads\/sites\/9\/2021\/06\/bozita-katt-utveckling-2-768x277.jpg 768w, https:\/\/bozita.com\/pl\/wp-content\/uploads\/sites\/9\/2021\/06\/bozita-katt-utveckling-2-1536x555.jpg 1536w\" sizes=\"(max-width: 1600px) 100vw, 1600px\" \/>\n\t\t\t\t\t\t\t\t\t\t\t\t\t\t<div class=\"card-body\">\n\t\t\t\t\t\t\t\t\n\t\t\t\t\t\t\t\t\t\t\t\t\t\t\t\t\t<ul>\n\t\t\t\t\t\t\t\t\t\t\t\t\t\t\t\t\t\t\t\t\t<li><a href=\"https:\/\/bozita.com\/pl\/zycie-z-kotem\/rozwoj-kotow\/kocieta-rozwoj-i-socjalizacja\/\">Rozw\u00f3j koci\u0105t &#8211; pierwsze chwile kota w domu<\/a><\/li>\n\t\t\t\t\t\t\t\t\t\t\t\t\t\t\t\t\t\t\t\t\t\t<li><a href=\"https:\/\/bozita.com\/pl\/zycie-z-kotem\/rozwoj-kotow\/koty-i-sen-ile-snu-potrzebuje-kot\/\">Koty i sen &#8211; ile snu potrzebuje kot?<\/a><\/li>\n\t\t\t\t\t\t\t\t\t\t\t\t\t\t\t\t\t\t\t\t\t\t<li><a href=\"https:\/\/bozita.com\/pl\/zycie-z-kotem\/rozwoj-kotow\/jak-zapoznac-kota-z-psem-w-trzech-prostych-krokach\/\">Zapoznanie kota z psem &#8211; poradnik<\/a><\/li>\n\t\t\t\t\t\t\t\t\t\t\t\t\t\t\t\t\t\t\t\t<\/ul>\n\t\t\t\t\t\t\t\t\t\t\t\t\t\t\t\t<a target=\"\" href=\"https:\/\/bozita.com\/pl\/zycie-z-kotem\/rozwoj-kotow\/\" class=\"btn btn-primary\">Wi\u0119cej artyku\u0142\u00f3w<\/a>\n\t\t\t\t\t\t\t<\/div>\n\t\t\t\t\t\t<\/div>\n\t\t\t\t\t<\/div>\n\t\t\t\t\t\t\t\t\t\t<div class=\"col-md-6 col-lg-3\">\n\t\t\t\t\t\t\t\t\t\t\t\t\t<h6>Adopcja lub kupno kota &#8211; co wzi\u0105\u0107 pod uwag\u0119<\/h6>\n\t\t\t\t\t\t\t\t\t\t\t\t\t<div class=\"card \">\n\t\t\t\t\t\t\t<img loading=\"lazy\" decoding=\"async\" width=\"600\" height=\"401\" src=\"https:\/\/bozita.com\/pl\/wp-content\/uploads\/sites\/9\/2021\/08\/Bozita_Kitten_lax_optimized-new.png\" class=\"attachment-post-thumbnail size-post-thumbnail wp-post-image\" alt=\"Adopcja lub kupno kota &#8211; co wzi\u0105\u0107 pod uwag\u0119\" srcset=\"https:\/\/bozita.com\/pl\/wp-content\/uploads\/sites\/9\/2021\/08\/Bozita_Kitten_lax_optimized-new.png 600w, https:\/\/bozita.com\/pl\/wp-content\/uploads\/sites\/9\/2021\/08\/Bozita_Kitten_lax_optimized-new-300x201.png 300w\" sizes=\"(max-width: 600px) 100vw, 600px\" \/>\n\t\t\t\t\t\t\t\t\t\t\t\t\t\t<div class=\"card-body\">\n\t\t\t\t\t\t\t\t\n\t\t\t\t\t\t\t\t\t\t\t\t\t\t\t\t\t<ul>\n\t\t\t\t\t\t\t\t\t\t\t\t\t\t\t\t\t\t\t\t\t<li><a href=\"https:\/\/bozita.com\/pl\/zycie-z-kotem\/kupno-kota\/czipowanie-kota-i-rejestracja-czipa\/\">Czipowanie kota i rejestracja czipa<\/a><\/li>\n\t\t\t\t\t\t\t\t\t\t\t\t\t\t\t\t\t\t\t\t\t\t<li><a href=\"https:\/\/bozita.com\/pl\/zycie-z-kotem\/kupno-kota\/na-jak-dlugo-mozna-zostawic-kota-samego-w-domu\/\">Na jak d\u0142ugo mo\u017cna zostawi\u0107 kota samego w domu?<\/a><\/li>\n\t\t\t\t\t\t\t\t\t\t\t\t\t\t\t\t\t\t\t\t\t\t<li><a href=\"https:\/\/bozita.com\/pl\/zycie-z-kotem\/kupno-kota\/kot-wychodzacy-kiedy-mozna-zaczac-wypuszczanie-kota-na-dwor\/\">Kot wychodz\u0105cy, naucz kota wychodzi\u0107 z domu<\/a><\/li>\n\t\t\t\t\t\t\t\t\t\t\t\t\t\t\t\t\t\t\t\t<\/ul>\n\t\t\t\t\t\t\t\t\t\t\t\t\t\t\t\t<a target=\"\" href=\"https:\/\/bozita.com\/pl\/zycie-z-kotem\/kupno-kota\/\" class=\"btn btn-primary\">Wi\u0119cej artyku\u0142\u00f3w<\/a>\n\t\t\t\t\t\t\t<\/div>\n\t\t\t\t\t\t<\/div>\n\t\t\t\t\t<\/div>\n\t\t\t\t\t\t\t<\/div>\n\t<\/div>\n<\/section>\n","protected":false},"excerpt":{"rendered":"","protected":false},"author":4,"featured_media":6776,"parent":6735,"menu_order":0,"comment_status":"closed","ping_status":"closed","template":"guternberg.php","meta":{"footnotes":""},"acf":[],"yoast_head":"<!-- This site is optimized with the Yoast SEO plugin v21.3 - https:\/\/yoast.com\/wordpress\/plugins\/seo\/ -->\n<title>\u017bywienie kota i Dieta dla kota | Bozita Polska<\/title>\n<meta name=\"description\" content=\"Poradnik dotycz\u0105cy opieki nad kotem i zdrowia kota. Ka\u017cdy kot potrzebuje odpowiedniej diety z warto\u015bciowymi sk\u0142adnikami od\u017cywczymi, by prawid\u0142owo si\u0119.\" \/>\n<meta name=\"robots\" content=\"index, follow, max-snippet:-1, max-image-preview:large, max-video-preview:-1\" \/>\n<link rel=\"canonical\" href=\"https:\/\/bozita.com\/pl\/karma-dla-kotow\/zywienie-i-dieta\/\" \/>\n<meta property=\"og:locale\" content=\"pl_PL\" \/>\n<meta property=\"og:type\" content=\"article\" \/>\n<meta property=\"og:title\" content=\"\u017bywienie kota i Dieta dla kota | Bozita Polska\" \/>\n<meta property=\"og:description\" content=\"Poradnik dotycz\u0105cy opieki nad kotem i zdrowia kota. Ka\u017cdy kot potrzebuje odpowiedniej diety z warto\u015bciowymi sk\u0142adnikami od\u017cywczymi, by prawid\u0142owo si\u0119.\" \/>\n<meta property=\"og:url\" content=\"https:\/\/bozita.com\/pl\/karma-dla-kotow\/zywienie-i-dieta\/\" \/>\n<meta property=\"og:site_name\" content=\"Bozita Polska\" \/>\n<meta property=\"article:modified_time\" content=\"2022-09-29T05:53:35+00:00\" \/>\n<meta property=\"og:image\" content=\"https:\/\/bozita.com\/pl\/wp-content\/uploads\/sites\/9\/2021\/06\/bozita-nutrition-kost-katt.jpg\" \/>\n\t<meta property=\"og:image:width\" content=\"800\" \/>\n\t<meta property=\"og:image:height\" content=\"533\" \/>\n\t<meta property=\"og:image:type\" content=\"image\/jpeg\" \/>\n<meta name=\"twitter:card\" content=\"summary_large_image\" \/>\n<!-- \/ Yoast SEO plugin. -->","yoast_head_json":{"title":"\u017bywienie kota i Dieta dla kota | Bozita Polska","description":"Poradnik dotycz\u0105cy opieki nad kotem i zdrowia kota. Ka\u017cdy kot potrzebuje odpowiedniej diety z warto\u015bciowymi sk\u0142adnikami od\u017cywczymi, by prawid\u0142owo si\u0119.","robots":{"index":"index","follow":"follow","max-snippet":"max-snippet:-1","max-image-preview":"max-image-preview:large","max-video-preview":"max-video-preview:-1"},"canonical":"https:\/\/bozita.com\/pl\/karma-dla-kotow\/zywienie-i-dieta\/","og_locale":"pl_PL","og_type":"article","og_title":"\u017bywienie kota i Dieta dla kota | Bozita Polska","og_description":"Poradnik dotycz\u0105cy opieki nad kotem i zdrowia kota. Ka\u017cdy kot potrzebuje odpowiedniej diety z warto\u015bciowymi sk\u0142adnikami od\u017cywczymi, by prawid\u0142owo si\u0119.","og_url":"https:\/\/bozita.com\/pl\/karma-dla-kotow\/zywienie-i-dieta\/","og_site_name":"Bozita Polska","article_modified_time":"2022-09-29T05:53:35+00:00","og_image":[{"width":800,"height":533,"url":"https:\/\/bozita.com\/pl\/wp-content\/uploads\/sites\/9\/2021\/06\/bozita-nutrition-kost-katt.jpg","type":"image\/jpeg"}],"twitter_card":"summary_large_image","schema":{"@context":"https:\/\/schema.org","@graph":[{"@type":"WebPage","@id":"https:\/\/bozita.com\/pl\/karma-dla-kotow\/zywienie-i-dieta\/","url":"https:\/\/bozita.com\/pl\/karma-dla-kotow\/zywienie-i-dieta\/","name":"\u017bywienie kota i Dieta dla kota | Bozita Polska","isPartOf":{"@id":"https:\/\/bozita.com\/pl\/#website"},"datePublished":"2021-08-11T17:35:36+00:00","dateModified":"2022-09-29T05:53:35+00:00","description":"Poradnik dotycz\u0105cy opieki nad kotem i zdrowia kota. Ka\u017cdy kot potrzebuje odpowiedniej diety z warto\u015bciowymi sk\u0142adnikami od\u017cywczymi, by prawid\u0142owo si\u0119.","breadcrumb":{"@id":"https:\/\/bozita.com\/pl\/karma-dla-kotow\/zywienie-i-dieta\/#breadcrumb"},"inLanguage":"pl-PL","potentialAction":[{"@type":"ReadAction","target":["https:\/\/bozita.com\/pl\/karma-dla-kotow\/zywienie-i-dieta\/"]}]},{"@type":"BreadcrumbList","@id":"https:\/\/bozita.com\/pl\/karma-dla-kotow\/zywienie-i-dieta\/#breadcrumb","itemListElement":[{"@type":"ListItem","position":1,"name":"Home","item":"https:\/\/bozita.com\/pl\/"},{"@type":"ListItem","position":2,"name":"Karma dla kota od Bozita &#8211; naturalne \u017cywienie kota","item":"https:\/\/bozita.com\/pl\/karma-dla-kotow\/"},{"@type":"ListItem","position":3,"name":"\u017bywienie kota i Dieta dla kota"}]},{"@type":"WebSite","@id":"https:\/\/bozita.com\/pl\/#website","url":"https:\/\/bozita.com\/pl\/","name":"Bozita Polska","description":"","potentialAction":[{"@type":"SearchAction","target":{"@type":"EntryPoint","urlTemplate":"https:\/\/bozita.com\/pl\/?s={search_term_string}"},"query-input":"required name=search_term_string"}],"inLanguage":"pl-PL"}]}},"_links":{"self":[{"href":"https:\/\/bozita.com\/pl\/wp-json\/wp\/v2\/pages\/6774"}],"collection":[{"href":"https:\/\/bozita.com\/pl\/wp-json\/wp\/v2\/pages"}],"about":[{"href":"https:\/\/bozita.com\/pl\/wp-json\/wp\/v2\/types\/page"}],"author":[{"embeddable":true,"href":"https:\/\/bozita.com\/pl\/wp-json\/wp\/v2\/users\/4"}],"replies":[{"embeddable":true,"href":"https:\/\/bozita.com\/pl\/wp-json\/wp\/v2\/comments?post=6774"}],"version-history":[{"count":11,"href":"https:\/\/bozita.com\/pl\/wp-json\/wp\/v2\/pages\/6774\/revisions"}],"predecessor-version":[{"id":9469,"href":"https:\/\/bozita.com\/pl\/wp-json\/wp\/v2\/pages\/6774\/revisions\/9469"}],"up":[{"embeddable":true,"href":"https:\/\/bozita.com\/pl\/wp-json\/wp\/v2\/pages\/6735"}],"wp:featuredmedia":[{"embeddable":true,"href":"https:\/\/bozita.com\/pl\/wp-json\/wp\/v2\/media\/6776"}],"wp:attachment":[{"href":"https:\/\/bozita.com\/pl\/wp-json\/wp\/v2\/media?parent=6774"}],"curies":[{"name":"wp","href":"https:\/\/api.w.org\/{rel}","templated":true}]}}