{"id":6781,"date":"2021-08-11T17:35:08","date_gmt":"2021-08-11T17:35:08","guid":{"rendered":"https:\/\/bozita.com\/pl\/zycie-z-psem\/"},"modified":"2025-01-17T06:03:15","modified_gmt":"2025-01-17T06:03:15","slug":"zycie-z-psem","status":"publish","type":"page","link":"https:\/\/bozita.com\/pl\/zycie-z-psem\/","title":{"rendered":"\u017bycie z psem"},"content":{"rendered":"\n\t\t<section class=\"small-hero-with-image\">\n\t\t\t\t\t\t\t<img decoding=\"async\" class=\"background-image\" src=\"https:\/\/bozita.com\/pl\/wp-content\/uploads\/sites\/9\/2021\/06\/bozita-livet-med-hund.jpg\" alt=\"\">\n\t\t\t\t\t\t\t<div class=\"overlay-v1 overlay-bg\">\n\t\t\t\t<div class=\"container\">\n\t\t\t\t\t<div class=\"row\">\n\t\t\t\t\t\t<div class=\"col-md-6 col-lg-5\">\n\t\t\t\t\t\t\t<h5>Dog<\/h5><h1>\u017bYCIE Z PSEM<\/h1><p><p>My\u015blisz o kupnie psa? Cudownie \u2013 pies zostanie cz\u0142onkiem Twojej rodziny.<\/p>\n<\/p>\t\t\t\t\t\t<\/div>\n\t\t\t\t\t<\/div>\n\t\t\t\t<\/div>\n\t\t\t<\/div>\n\t\t<\/section>\n\t\t\n\n\t<div class=\"text-box-warp\">\n\t\t<div class=\"container\">\n\t\t\t<div class=\"text-content\">\n\t\t\t\t<p>Bycie w\u0142a\u015bcicielem psa i posiadanie psa w rodzinie to jedna z najlepszych rzeczy, jakie mo\u017cesz sobie wyobrazi\u0107.<\/p>\n<p>Dlatego wa\u017cne jest, aby pomy\u015ble\u0107 o ma\u0142ym szczeniaku, kt\u00f3ry b\u0119dzie Twoim towarzyszem na ca\u0142e \u017cycie jako doros\u0142y pies. Pami\u0119taj &#8211; pies to przyjaciel na ca\u0142e \u017cycie! Wa\u017cne jest, aby dok\u0142adnie rozwa\u017cy\u0107 decyzj\u0119 o posiadaniu psa.<\/p>\n<ul>\n<li><a href=\"https:\/\/bozita.com\/pl\/zycie-z-psem\/buying-a-dog\/\">Zastan\u00f3w si\u0119 dobrze, zanim kupisz lub adoptujesz psa.<\/a><\/li>\n<\/ul>\n<p>\u017bycie z psem mo\u017ce wydawa\u0107 si\u0119 przyjemne i \u0142atwe, ale musisz by\u0107 \u015bwiadomy wszelkich mo\u017cliwych problem\u00f3w. Pies potrzebuje mi\u0142o\u015bci, odpowiedniego jedzenia, regularnych spacer\u00f3w i \u0107wicze\u0144. Bozita pomo\u017ce Tobie w rozwa\u017ceniu wszystkiego, co jest zwi\u0105zane z byciem w\u0142a\u015bcicielem psa.<\/p>\n<ul>\n<li><a href=\"https:\/\/bozita.com\/pl\/zycie-z-psem\/zdrowie-psa\/\">Wskaz\u00f3wki i porady \u2013 jak opiekowa\u0107 si\u0119 swoim psem<\/a><\/li>\n<li><a href=\"https:\/\/bozita.com\/pl\/zycie-z-psem\/rozwoj-psa\/rozwoj-psa-od-okresu-szczeniecego-do-doroslosci\/\"><span style=\"font-weight: 400;\">Rozw\u00f3j szczeni\u0105t \u2013 od szczeniaka do doros\u0142ego psa<\/span><\/a><\/li>\n<li><a href=\"https:\/\/bozita.com\/pl\/karma-dla-psow\/\"><span style=\"font-weight: 400;\">Bozita karma dla ps\u00f3w \u2013 sucha i mokra karma dla ps\u00f3w<\/span><\/a><\/li>\n<li><a href=\"https:\/\/bozita.com\/pl\/karma-dla-psow\/bozita-karma-dla-szczeniat-wyprodukowana-w-szwecji\/\"><span style=\"font-weight: 400;\">Bozita &#8211; Karma dla szczeni\u0105t<\/span><\/a><\/li>\n<\/ul>\n\t\t\t<\/div>\n\t\t<\/div>\n\t<\/div>\n\n\n\t<section class=\"block section-promos\">\n\t\t<div class=\"container\">\n\t\t\t<div class=\"row\">\n\t\t\t\t\t\t\t\t\t\t<div class=\"col-md-6\">\n\t\t\t\t\t\t\t<div class=\"card\">\n\t\t\t\t\t\t\t\t\t\t\t\t\t\t\t\t\t<img decoding=\"async\" class=\"card-img-top\" src=\"https:\/\/bozita.com\/pl\/wp-content\/uploads\/sites\/9\/2021\/06\/bozita-hundens-utveckling.jpg\" alt=\"\">\n\t\t\t\t\t\t\t\t\t\t\t\t\t\t\t\t<div class=\"card-body\">\n\t\t\t\t\t\t\t\t\t<h5 class=\"card-title\">Rozw\u00f3j psa<\/h5>\n\t\t\t\t\t\t\t\t\t<p class=\"card-text\">Od okresu szczeni\u0119cego przez doros\u0142o\u015b\u0107 po staro\u015b\u0107<\/p>\n\t\t\t\t\t\t\t\t\t\t\t\t\t\t\t\t\t\t\t<a target=\"\" href=\"https:\/\/bozita.com\/pl\/zycie-z-psem\/rozwoj-psa\/\" class=\"btn btn-white\">Rozw\u00f3j psa<\/a>\n\t\t\t\t\t\t\t\t\t\t\t\t\t\t\t\t\t\t<\/div>\n\t\t\t\t\t\t\t<\/div>\n\t\t\t\t\t\t<\/div>\n\t\t\t\t\t\t\t\t\t\t\t\t<div class=\"col-md-6\">\n\t\t\t\t\t\t\t<div class=\"card\">\n\t\t\t\t\t\t\t\t\t\t\t\t\t\t\t\t\t<img decoding=\"async\" class=\"card-img-top\" src=\"https:\/\/bozita.com\/pl\/wp-content\/uploads\/sites\/9\/2021\/06\/bozita-avmaska-hundvalp-hund.jpg\" alt=\"\">\n\t\t\t\t\t\t\t\t\t\t\t\t\t\t\t\t<div class=\"card-body\">\n\t\t\t\t\t\t\t\t\t<h5 class=\"card-title\">Zdrowie<\/h5>\n\t\t\t\t\t\t\t\t\t<p class=\"card-text\">Zdrowie psa, zawsze najwa\u017cniejsze<\/p>\n\t\t\t\t\t\t\t\t\t\t\t\t\t\t\t\t\t\t\t<a target=\"\" href=\"https:\/\/bozita.com\/pl\/zycie-z-psem\/zdrowie-psa\/\" class=\"btn btn-white\">Zdrowie<\/a>\n\t\t\t\t\t\t\t\t\t\t\t\t\t\t\t\t\t\t<\/div>\n\t\t\t\t\t\t\t<\/div>\n\t\t\t\t\t\t<\/div>\n\t\t\t\t\t\t\t\t\t\t\t\t<div class=\"col-md-6\">\n\t\t\t\t\t\t\t<div class=\"card\">\n\t\t\t\t\t\t\t\t\t\t\t\t\t\t\t\t\t<img decoding=\"async\" class=\"card-img-top\" src=\"https:\/\/bozita.com\/pl\/wp-content\/uploads\/sites\/9\/2021\/06\/bozita-aktivera-hund.jpg\" alt=\"\">\n\t\t\t\t\t\t\t\t\t\t\t\t\t\t\t\t<div class=\"card-body\">\n\t\t\t\t\t\t\t\t\t<h5 class=\"card-title\">Aktywno\u015b\u0107 fizyczna<\/h5>\n\t\t\t\t\t\t\t\t\t<p class=\"card-text\">Aktywno\u015b\u0107 fizyczna jest wa\u017cna, zar\u00f3wno dla cia\u0142a, jak i umys\u0142u psa<\/p>\n\t\t\t\t\t\t\t\t\t\t\t\t\t\t\t\t\t\t\t<a target=\"\" href=\"https:\/\/bozita.com\/pl\/zycie-z-psem\/aktywnosc-fizyczna\/\" class=\"btn btn-white\">Aktywno\u015b\u0107 fizyczna<\/a>\n\t\t\t\t\t\t\t\t\t\t\t\t\t\t\t\t\t\t<\/div>\n\t\t\t\t\t\t\t<\/div>\n\t\t\t\t\t\t<\/div>\n\t\t\t\t\t\t\t\t\t\t\t\t<div class=\"col-md-6\">\n\t\t\t\t\t\t\t<div class=\"card\">\n\t\t\t\t\t\t\t\t\t\t\t\t\t\t\t\t\t<img decoding=\"async\" class=\"card-img-top\" src=\"https:\/\/bozita.com\/pl\/wp-content\/uploads\/sites\/9\/2021\/06\/bozita-nutrition-kost.jpg\" alt=\"\">\n\t\t\t\t\t\t\t\t\t\t\t\t\t\t\t\t<div class=\"card-body\">\n\t\t\t\t\t\t\t\t\t<h5 class=\"card-title\">\u017bywienie i dieta<\/h5>\n\t\t\t\t\t\t\t\t\t<p class=\"card-text\">Wi\u0119cej ni\u017c pe\u0142ny brzuch<\/p>\n\t\t\t\t\t\t\t\t\t\t\t\t\t\t\t\t\t\t\t<a target=\"\" href=\"https:\/\/bozita.com\/pl\/karma-dla-psow\/zywienie-i-dieta\/\" class=\"btn btn-white\">\u017bywienie i dieta<\/a>\n\t\t\t\t\t\t\t\t\t\t\t\t\t\t\t\t\t\t<\/div>\n\t\t\t\t\t\t\t<\/div>\n\t\t\t\t\t\t<\/div>\n\t\t\t\t\t\t\t\t\t\t\t\t<div class=\"col-md-6\">\n\t\t\t\t\t\t\t<div class=\"card\">\n\t\t\t\t\t\t\t\t\t\t\t\t\t\t\t\t\t<img decoding=\"async\" class=\"card-img-top\" src=\"\" alt=\"\">\n\t\t\t\t\t\t\t\t\t\t\t\t\t\t\t\t<div class=\"card-body\">\n\t\t\t\t\t\t\t\t\t<h5 class=\"card-title\">Ambasadorzy<\/h5>\n\t\t\t\t\t\t\t\t\t<p class=\"card-text\">Czyli dlaczego nasi ambasadorzy wybieraj\u0105 produkty Bozita<\/p>\n\t\t\t\t\t\t\t\t\t\t\t\t\t\t\t\t\t\t\t<a target=\"\" href=\"https:\/\/bozita.com\/pl\/naturalne-skladniki-oraz-szwedzka-jakosc\/ambasadorzy\/\" class=\"btn btn-white\">Ambasadorzy<\/a>\n\t\t\t\t\t\t\t\t\t\t\t\t\t\t\t\t\t\t<\/div>\n\t\t\t\t\t\t\t<\/div>\n\t\t\t\t\t\t<\/div>\n\t\t\t\t\t\t\t\t\t\t\t\t<div class=\"col-md-6\">\n\t\t\t\t\t\t\t<div class=\"card\">\n\t\t\t\t\t\t\t\t\t\t\t\t\t\t\t\t\t<img decoding=\"async\" class=\"card-img-top\" src=\"https:\/\/bozita.com\/pl\/wp-content\/uploads\/sites\/9\/2021\/06\/bozita-kopa-hund.jpg\" alt=\"\">\n\t\t\t\t\t\t\t\t\t\t\t\t\t\t\t\t<div class=\"card-body\">\n\t\t\t\t\t\t\t\t\t<h5 class=\"card-title\">WYB\u00d3R PSA<\/h5>\n\t\t\t\t\t\t\t\t\t<p class=\"card-text\">Zastanawiasz si\u0119 nad kupnem psa?<\/p>\n\t\t\t\t\t\t\t\t\t\t\t\t\t\t\t\t\t\t\t<a target=\"\" href=\"https:\/\/bozita.com\/pl\/zycie-z-psem\/buying-a-dog\/\" class=\"btn btn-white\">KUPNO PSA<\/a>\n\t\t\t\t\t\t\t\t\t\t\t\t\t\t\t\t\t\t<\/div>\n\t\t\t\t\t\t\t<\/div>\n\t\t\t\t\t\t<\/div>\n\t\t\t\t\t\t\t\t\t<\/div>\n\t\t<\/div>\n\t<\/section>\n\n\n<section class=\"block product-promos\">\n\t<div class=\"container\">\n\t\t<div class=\"row align-items-center\">\n\t\t\t<div class=\"col-md-5\">\n\t\t\t\t<div class=\"prdt__promos-heading\">\n\t\t\t\t\t<h3>\n\t\t\t\t\t\tKARMA DLA PS\u00d3W NAPE\u0141NIONA ENERGI\u0104\t\t\t\t\t<\/h3>\n\t\t\t\t\t\t\t\t\t<\/div>\n\t\t\t<\/div>\n\t\t\t<div class=\"col-md-7\">\n\t\t\t\t\t\t\t\t\t<div class=\"owl-carousel owl-theme product-promo-carousel\">\n\t\t\t\t\t\t\t\t\t\t\t\t\t<a href=\"https:\/\/bozita.com\/pl\/karma-dla-ps\u00f3w\/bozita-robur-active-performance-old\/\">\n\t\t\t\t\t\t\t\t<div class=\"blk__prdt-item\">\n\t\t\t\t\t\t\t\t\t<figure>\n\t\t\t\t\t\t\t\t\t\t<img loading=\"lazy\" decoding=\"async\" width=\"400\" height=\"366\" src=\"https:\/\/bozita.com\/pl\/wp-content\/uploads\/sites\/9\/2021\/06\/2039-bozita-robur-active-performance-elk.png\" class=\"attachment-post-thumbnail size-post-thumbnail wp-post-image\" alt=\"Bozita Robur Active Performance\" srcset=\"https:\/\/bozita.com\/pl\/wp-content\/uploads\/sites\/9\/2021\/06\/2039-bozita-robur-active-performance-elk.png 400w, https:\/\/bozita.com\/pl\/wp-content\/uploads\/sites\/9\/2021\/06\/2039-bozita-robur-active-performance-elk-300x275.png 300w\" sizes=\"(max-width: 400px) 100vw, 400px\" \/>\t\t\t\t\t\t\t\t\t\t\t\t\t\t\t\t\t\t\t<\/figure>\n\t\t\t\t\t\t\t\t\t<h4 class=\"carousel-title\"><\/h4>\n\t\t\t\t\t\t\t\t\t<span class=\"carousel-category\">Bozita Robur Active Performance<\/span>\n\t\t\t\t\t\t\t\t\t  \n\t\t\t\t\t\t\t\t\t<ul class=\"category-list\">\n\t\t\t\t\t\t\t\t\t\t\t\t\t\t\t\t\t\t\t\t\t\t\t<li class=\"svg-image\">\n\t\t\t\t\t\t\t\t\t\t\t\t\t\t<img decoding=\"async\" src=\"https:\/\/bozita.com\/pl\/wp-content\/uploads\/sites\/9\/2021\/06\/icon-wheat-free.svg\" \/>\n\t\t\t\t\t\t\t\t\t\t\t\t\t<\/li>\n\t\t\t\t\t\t\t\t\t\t\t\t\t\t\t\t\t\t\t\t\t\t\t\t\t\t\t\t\t\t\t\t\t\t\t\t<li class=\"svg-image\">\n\t\t\t\t\t\t\t\t\t\t\t\t\t\t<img decoding=\"async\" src=\"https:\/\/bozita.com\/pl\/wp-content\/uploads\/sites\/9\/2021\/06\/icon-flavour-elk.svg\" \/>\n\t\t\t\t\t\t\t\t\t\t\t\t\t<\/li>\n\t\t\t\t\t\t\t\t\t\t\t\t\t\t\t\t\t\t\t\t\t\t<\/ul>       \n\n\t\t\t\t\t\t\t\t<\/div>\n\t\t\t\t\t\t\t<\/a>\n\t\t\t\t\t\t\t\t\t\t\t\t\t\t\t\t\t\t\t\t<a href=\"https:\/\/bozita.com\/pl\/karma-dla-ps\u00f3w\/bozita-robur-adult-maintenance\/\">\n\t\t\t\t\t\t\t\t<div class=\"blk__prdt-item\">\n\t\t\t\t\t\t\t\t\t<figure>\n\t\t\t\t\t\t\t\t\t\t<img loading=\"lazy\" decoding=\"async\" width=\"1000\" height=\"1000\" src=\"https:\/\/bozita.com\/pl\/wp-content\/uploads\/sites\/9\/2021\/05\/adult-maintenance.jpg\" class=\"attachment-post-thumbnail size-post-thumbnail wp-post-image\" alt=\"Prywatne: Bozita Robur Adult Maintenance\" srcset=\"https:\/\/bozita.com\/pl\/wp-content\/uploads\/sites\/9\/2021\/05\/adult-maintenance.jpg 1000w, https:\/\/bozita.com\/pl\/wp-content\/uploads\/sites\/9\/2021\/05\/adult-maintenance-300x300.jpg 300w, https:\/\/bozita.com\/pl\/wp-content\/uploads\/sites\/9\/2021\/05\/adult-maintenance-150x150.jpg 150w, https:\/\/bozita.com\/pl\/wp-content\/uploads\/sites\/9\/2021\/05\/adult-maintenance-768x768.jpg 768w\" sizes=\"(max-width: 1000px) 100vw, 1000px\" \/>\t\t\t\t\t\t\t\t\t\t\t\t\t\t\t\t\t\t\t<\/figure>\n\t\t\t\t\t\t\t\t\t<h4 class=\"carousel-title\"><\/h4>\n\t\t\t\t\t\t\t\t\t<span class=\"carousel-category\">Prywatne: Bozita Robur Adult Maintenance<\/span>\n\t\t\t\t\t\t\t\t\t  \n\t\t\t\t\t\t\t\t\t<ul class=\"category-list\">\n\t\t\t\t\t\t\t\t\t\t\t\t\t\t\t\t\t\t\t\t\t\t\t<li class=\"svg-image\">\n\t\t\t\t\t\t\t\t\t\t\t\t\t\t<img decoding=\"async\" src=\"https:\/\/bozita.com\/pl\/wp-content\/uploads\/sites\/9\/2021\/06\/icon-wheat-free.svg\" \/>\n\t\t\t\t\t\t\t\t\t\t\t\t\t<\/li>\n\t\t\t\t\t\t\t\t\t\t\t\t\t\t\t\t\t\t\t\t\t\t\t\t\t\t\t\t\t\t\t\t\t\t\t\t<li class=\"svg-image\">\n\t\t\t\t\t\t\t\t\t\t\t\t\t\t<img decoding=\"async\" src=\"https:\/\/bozita.com\/pl\/wp-content\/uploads\/sites\/9\/2021\/06\/icon-flavour-chicken.svg\" \/>\n\t\t\t\t\t\t\t\t\t\t\t\t\t<\/li>\n\t\t\t\t\t\t\t\t\t\t\t\t\t\t\t\t\t\t\t\t\t\t<\/ul>       \n\n\t\t\t\t\t\t\t\t<\/div>\n\t\t\t\t\t\t\t<\/a>\n\t\t\t\t\t\t\t\t\t\t\t\t\t\t\t\t\t\t\t\t\t\t\t\t\t\t\t<a href=\"https:\/\/bozita.com\/pl\/karma-dla-ps\u00f3w\/bozita-pasztet-z-losiem\/\">\n\t\t\t\t\t\t\t\t<div class=\"blk__prdt-item\">\n\t\t\t\t\t\t\t\t\t<figure>\n\t\t\t\t\t\t\t\t\t\t<img loading=\"lazy\" decoding=\"async\" width=\"400\" height=\"400\" src=\"https:\/\/bozita.com\/pl\/wp-content\/uploads\/sites\/9\/2021\/06\/4054-bozita-elk-can-625-g.png\" class=\"attachment-post-thumbnail size-post-thumbnail wp-post-image\" alt=\"BOZITA PASZTET Z \u0141OSIEM\" srcset=\"https:\/\/bozita.com\/pl\/wp-content\/uploads\/sites\/9\/2021\/06\/4054-bozita-elk-can-625-g.png 400w, https:\/\/bozita.com\/pl\/wp-content\/uploads\/sites\/9\/2021\/06\/4054-bozita-elk-can-625-g-300x300.png 300w, https:\/\/bozita.com\/pl\/wp-content\/uploads\/sites\/9\/2021\/06\/4054-bozita-elk-can-625-g-150x150.png 150w\" sizes=\"(max-width: 400px) 100vw, 400px\" \/>\t\t\t\t\t\t\t\t\t\t\t\t\t\t\t\t\t\t\t<\/figure>\n\t\t\t\t\t\t\t\t\t<h4 class=\"carousel-title\"><\/h4>\n\t\t\t\t\t\t\t\t\t<span class=\"carousel-category\">BOZITA PASZTET Z \u0141OSIEM<\/span>\n\t\t\t\t\t\t\t\t\t  \n\t\t\t\t\t\t\t\t\t<ul class=\"category-list\">\n\t\t\t\t\t\t\t\t\t\t\t\t\t\t\t\t\t\t\t\t\t\t\t<li class=\"svg-image\">\n\t\t\t\t\t\t\t\t\t\t\t\t\t\t<img decoding=\"async\" src=\"https:\/\/bozita.com\/pl\/wp-content\/uploads\/sites\/9\/2021\/06\/icon-wheat-free.svg\" \/>\n\t\t\t\t\t\t\t\t\t\t\t\t\t<\/li>\n\t\t\t\t\t\t\t\t\t\t\t\t\t\t\t\t\t\t\t\t\t\t\t\t\t\t<li class=\"svg-image\">\n\t\t\t\t\t\t\t\t\t\t\t\t\t\t<img decoding=\"async\" src=\"https:\/\/bozita.com\/pl\/wp-content\/uploads\/sites\/9\/2021\/06\/icon-grain-free.svg\" \/>\n\t\t\t\t\t\t\t\t\t\t\t\t\t<\/li>\n\t\t\t\t\t\t\t\t\t\t\t\t\t\t\t\t\t\t\t\t\t\t\t\t\t\t\t\t\t\t\t\t\t\t\t\t<li class=\"svg-image\">\n\t\t\t\t\t\t\t\t\t\t\t\t\t\t<img decoding=\"async\" src=\"https:\/\/bozita.com\/pl\/wp-content\/uploads\/sites\/9\/2021\/06\/icon-flavour-elk.svg\" \/>\n\t\t\t\t\t\t\t\t\t\t\t\t\t<\/li>\n\t\t\t\t\t\t\t\t\t\t\t\t\t\t\t\t\t\t\t\t\t\t<\/ul>       \n\n\t\t\t\t\t\t\t\t<\/div>\n\t\t\t\t\t\t\t<\/a>\n\t\t\t\t\t\t\t\t\t\t\t\t\t\t\t\t\t\t\t\t<a href=\"https:\/\/bozita.com\/pl\/karma-dla-ps\u00f3w\/bozita-kawalki-w-galaretce-z-indykiem\/\">\n\t\t\t\t\t\t\t\t<div class=\"blk__prdt-item\">\n\t\t\t\t\t\t\t\t\t<figure>\n\t\t\t\t\t\t\t\t\t\t<img loading=\"lazy\" decoding=\"async\" width=\"800\" height=\"800\" src=\"https:\/\/bozita.com\/pl\/wp-content\/uploads\/sites\/9\/2021\/08\/Bozita_Turkey_370g_Tetra_Collabra.jpg\" class=\"attachment-post-thumbnail size-post-thumbnail wp-post-image\" alt=\"Bozita Kawa\u0142ki w galaretce z indykiem\" srcset=\"https:\/\/bozita.com\/pl\/wp-content\/uploads\/sites\/9\/2021\/08\/Bozita_Turkey_370g_Tetra_Collabra.jpg 800w, https:\/\/bozita.com\/pl\/wp-content\/uploads\/sites\/9\/2021\/08\/Bozita_Turkey_370g_Tetra_Collabra-300x300.jpg 300w, https:\/\/bozita.com\/pl\/wp-content\/uploads\/sites\/9\/2021\/08\/Bozita_Turkey_370g_Tetra_Collabra-150x150.jpg 150w, https:\/\/bozita.com\/pl\/wp-content\/uploads\/sites\/9\/2021\/08\/Bozita_Turkey_370g_Tetra_Collabra-768x768.jpg 768w\" sizes=\"(max-width: 800px) 100vw, 800px\" \/>\t\t\t\t\t\t\t\t\t\t\t\t\t\t\t\t\t\t\t<\/figure>\n\t\t\t\t\t\t\t\t\t<h4 class=\"carousel-title\"><\/h4>\n\t\t\t\t\t\t\t\t\t<span class=\"carousel-category\">Bozita Kawa\u0142ki w galaretce z indykiem<\/span>\n\t\t\t\t\t\t\t\t\t  \n\t\t\t\t\t\t\t\t\t<ul class=\"category-list\">\n\t\t\t\t\t\t\t\t\t\t\t\t\t\t\t\t\t\t\t\t\t\t\t<li class=\"svg-image\">\n\t\t\t\t\t\t\t\t\t\t\t\t\t\t<img decoding=\"async\" src=\"https:\/\/bozita.com\/pl\/wp-content\/uploads\/sites\/9\/2021\/06\/icon-wheat-free.svg\" \/>\n\t\t\t\t\t\t\t\t\t\t\t\t\t<\/li>\n\t\t\t\t\t\t\t\t\t\t\t\t\t\t\t\t\t\t\t\t\t\t\t\t\t\t<li class=\"svg-image\">\n\t\t\t\t\t\t\t\t\t\t\t\t\t\t<img decoding=\"async\" src=\"https:\/\/bozita.com\/pl\/wp-content\/uploads\/sites\/9\/2021\/06\/icon-grain-free.svg\" \/>\n\t\t\t\t\t\t\t\t\t\t\t\t\t<\/li>\n\t\t\t\t\t\t\t\t\t\t\t\t\t\t\t\t\t\t\t\t\t\t\t\t\t\t\t\t\t\t\t\t\t\t\t\t<li class=\"svg-image\">\n\t\t\t\t\t\t\t\t\t\t\t\t\t\t<img decoding=\"async\" src=\"https:\/\/bozita.com\/pl\/wp-content\/uploads\/sites\/9\/2021\/06\/icon-flavour-turkey.svg\" \/>\n\t\t\t\t\t\t\t\t\t\t\t\t\t<\/li>\n\t\t\t\t\t\t\t\t\t\t\t\t\t\t\t\t\t\t\t\t\t\t<\/ul>       \n\n\t\t\t\t\t\t\t\t<\/div>\n\t\t\t\t\t\t\t<\/a>\n\t\t\t\t\t\t\t\t\t\t\t\t\t\t\t\t\t\t<\/div>\n\t\t\t\t\t\t\t<\/div>\n\t\t<\/div>\n\t<\/div>\n<\/section>\n<script>\njQuery(document).ready(function($) {\n\tjQuery('.product-promo-carousel').owlCarousel({\n\tloop: true,\n\tmargin: 10,\n\tresponsiveClass: true,\n\tresponsive: {\n\t\t0: {\n\t\titems: 1,\n\t\tnav: true\n\t\t},\n\t\t600: {\n\t\titems: 1,\n\t\tnav: true\n\t\t},\n\t\t1000: {\n\t\titems: 2,\n\t\tnav: true,\n\t\t}\n\t}\n\t})\n\tjQuery(\".owl-prev\").html('<span><<\/span>');\n\tjQuery(\".owl-next\").html('<span>><\/span>');\n\n\tvar slider = jQuery('.promo-slider-list');\n\tslider.owlCarousel();\n\tjQuery('.nextbtn-a').click(function() {\n\tslider.trigger('next.owl.carousel');\n\t})\n\t\/\/ Go to the previous item\n\tjQuery('.prebtn-a').click(function() {\n\tslider.trigger('prev.owl.carousel', [300]);\n\t})\n});\n<\/script>\n","protected":false},"excerpt":{"rendered":"","protected":false},"author":4,"featured_media":6782,"parent":0,"menu_order":0,"comment_status":"closed","ping_status":"closed","template":"guternberg.php","meta":{"footnotes":""},"acf":[],"yoast_head":"<!-- This site is optimized with the Yoast SEO plugin v21.3 - https:\/\/yoast.com\/wordpress\/plugins\/seo\/ -->\n<title>\u017bycie z psem | Bozita Polska<\/title>\n<meta name=\"description\" content=\"Bycie w\u0142a\u015bcicielem psa i posiadanie psa w rodzinie to jedna z najlepszych rzeczy, jakie mo\u017cesz sobie wyobrazi\u0107. Wa\u017cne jest, aby dok\u0142adnie rozwa\u017cy\u0107 decyzj\u0119.\" \/>\n<meta name=\"robots\" content=\"index, follow, max-snippet:-1, max-image-preview:large, max-video-preview:-1\" \/>\n<link rel=\"canonical\" href=\"https:\/\/bozita.com\/pl\/zycie-z-psem\/\" \/>\n<meta property=\"og:locale\" content=\"pl_PL\" \/>\n<meta property=\"og:type\" content=\"article\" \/>\n<meta property=\"og:title\" content=\"\u017bycie z psem | Bozita Polska\" \/>\n<meta property=\"og:description\" content=\"Bycie w\u0142a\u015bcicielem psa i posiadanie psa w rodzinie to jedna z najlepszych rzeczy, jakie mo\u017cesz sobie wyobrazi\u0107. Wa\u017cne jest, aby dok\u0142adnie rozwa\u017cy\u0107 decyzj\u0119.\" \/>\n<meta property=\"og:url\" content=\"https:\/\/bozita.com\/pl\/zycie-z-psem\/\" \/>\n<meta property=\"og:site_name\" content=\"Bozita Polska\" \/>\n<meta property=\"article:modified_time\" content=\"2025-01-17T06:03:15+00:00\" \/>\n<meta property=\"og:image\" content=\"https:\/\/bozita.com\/pl\/wp-content\/uploads\/sites\/9\/2021\/06\/bozita-livet-med-hund.jpg\" \/>\n\t<meta property=\"og:image:width\" content=\"1600\" \/>\n\t<meta property=\"og:image:height\" content=\"578\" \/>\n\t<meta property=\"og:image:type\" content=\"image\/jpeg\" \/>\n<meta name=\"twitter:card\" content=\"summary_large_image\" \/>\n<!-- \/ Yoast SEO plugin. -->","yoast_head_json":{"title":"\u017bycie z psem | Bozita Polska","description":"Bycie w\u0142a\u015bcicielem psa i posiadanie psa w rodzinie to jedna z najlepszych rzeczy, jakie mo\u017cesz sobie wyobrazi\u0107. Wa\u017cne jest, aby dok\u0142adnie rozwa\u017cy\u0107 decyzj\u0119.","robots":{"index":"index","follow":"follow","max-snippet":"max-snippet:-1","max-image-preview":"max-image-preview:large","max-video-preview":"max-video-preview:-1"},"canonical":"https:\/\/bozita.com\/pl\/zycie-z-psem\/","og_locale":"pl_PL","og_type":"article","og_title":"\u017bycie z psem | Bozita Polska","og_description":"Bycie w\u0142a\u015bcicielem psa i posiadanie psa w rodzinie to jedna z najlepszych rzeczy, jakie mo\u017cesz sobie wyobrazi\u0107. Wa\u017cne jest, aby dok\u0142adnie rozwa\u017cy\u0107 decyzj\u0119.","og_url":"https:\/\/bozita.com\/pl\/zycie-z-psem\/","og_site_name":"Bozita Polska","article_modified_time":"2025-01-17T06:03:15+00:00","og_image":[{"width":1600,"height":578,"url":"https:\/\/bozita.com\/pl\/wp-content\/uploads\/sites\/9\/2021\/06\/bozita-livet-med-hund.jpg","type":"image\/jpeg"}],"twitter_card":"summary_large_image","schema":{"@context":"https:\/\/schema.org","@graph":[{"@type":"WebPage","@id":"https:\/\/bozita.com\/pl\/zycie-z-psem\/","url":"https:\/\/bozita.com\/pl\/zycie-z-psem\/","name":"\u017bycie z psem | Bozita Polska","isPartOf":{"@id":"https:\/\/bozita.com\/pl\/#website"},"datePublished":"2021-08-11T17:35:08+00:00","dateModified":"2025-01-17T06:03:15+00:00","description":"Bycie w\u0142a\u015bcicielem psa i posiadanie psa w rodzinie to jedna z najlepszych rzeczy, jakie mo\u017cesz sobie wyobrazi\u0107. Wa\u017cne jest, aby dok\u0142adnie rozwa\u017cy\u0107 decyzj\u0119.","breadcrumb":{"@id":"https:\/\/bozita.com\/pl\/zycie-z-psem\/#breadcrumb"},"inLanguage":"pl-PL","potentialAction":[{"@type":"ReadAction","target":["https:\/\/bozita.com\/pl\/zycie-z-psem\/"]}]},{"@type":"BreadcrumbList","@id":"https:\/\/bozita.com\/pl\/zycie-z-psem\/#breadcrumb","itemListElement":[{"@type":"ListItem","position":1,"name":"Home","item":"https:\/\/bozita.com\/pl\/"},{"@type":"ListItem","position":2,"name":"\u017bycie z psem"}]},{"@type":"WebSite","@id":"https:\/\/bozita.com\/pl\/#website","url":"https:\/\/bozita.com\/pl\/","name":"Bozita Polska","description":"","potentialAction":[{"@type":"SearchAction","target":{"@type":"EntryPoint","urlTemplate":"https:\/\/bozita.com\/pl\/?s={search_term_string}"},"query-input":"required name=search_term_string"}],"inLanguage":"pl-PL"}]}},"_links":{"self":[{"href":"https:\/\/bozita.com\/pl\/wp-json\/wp\/v2\/pages\/6781"}],"collection":[{"href":"https:\/\/bozita.com\/pl\/wp-json\/wp\/v2\/pages"}],"about":[{"href":"https:\/\/bozita.com\/pl\/wp-json\/wp\/v2\/types\/page"}],"author":[{"embeddable":true,"href":"https:\/\/bozita.com\/pl\/wp-json\/wp\/v2\/users\/4"}],"replies":[{"embeddable":true,"href":"https:\/\/bozita.com\/pl\/wp-json\/wp\/v2\/comments?post=6781"}],"version-history":[{"count":17,"href":"https:\/\/bozita.com\/pl\/wp-json\/wp\/v2\/pages\/6781\/revisions"}],"predecessor-version":[{"id":11342,"href":"https:\/\/bozita.com\/pl\/wp-json\/wp\/v2\/pages\/6781\/revisions\/11342"}],"wp:featuredmedia":[{"embeddable":true,"href":"https:\/\/bozita.com\/pl\/wp-json\/wp\/v2\/media\/6782"}],"wp:attachment":[{"href":"https:\/\/bozita.com\/pl\/wp-json\/wp\/v2\/media?parent=6781"}],"curies":[{"name":"wp","href":"https:\/\/api.w.org\/{rel}","templated":true}]}}