{"id":6783,"date":"2021-08-11T17:34:59","date_gmt":"2021-08-11T17:34:59","guid":{"rendered":"https:\/\/bozita.com\/pl\/zycie-z-kotem\/rozwoj-kotow\/fazy-rozwoju-kociaka-kiedy-kot-dorasta\/"},"modified":"2022-09-29T06:57:03","modified_gmt":"2022-09-29T06:57:03","slug":"fazy-rozwoju-kociaka-kiedy-kot-dorasta","status":"publish","type":"page","link":"https:\/\/bozita.com\/pl\/zycie-z-kotem\/rozwoj-kotow\/fazy-rozwoju-kociaka-kiedy-kot-dorasta\/","title":{"rendered":"Fazy rozwoju kociaka &#8211; kiedy kot dorasta?"},"content":{"rendered":"\t\t<section class=\"small-hero\">\n\t\t\t<div class=\"container\">\n\t\t\t\t<h1 class=\"small-hero-title\">FAZY ROZWOJU KOCIAKA &#8211; KIEDY KOT DORASTA?<\/h1>\t\t\t<\/div>\n\t\t\t<\/div>\n\t\t<\/section>\n\t\n\n\t<div class=\"text-box-warp\">\n\t\t<div class=\"container\">\n\t\t\t<div class=\"text-content\">\n\t\t\t\t<p><strong>Dzi\u0119ki wiedzy dotycz\u0105cej tego jak wygl\u0105daj\u0105 fazy rozwoju kociaka mo\u017cesz przygotowa\u0107 si\u0119 na r\u00f3\u017cne zmiany i dopasowa\u0107 otoczenie kota do danego momentu rozwoju. Przygotowanie otoczenia i dopasowanie go do aktualnych potrzeb kota zapewni Ci mo\u017cliwo\u015b\u0107 utrzymania dobrej relacji ze zwierz\u0119ciem.<\/strong><\/p>\n<h2>FAZY ROZWOJU KOCIAKA TYDZIE\u0143 PO TYGODNIU<\/h2>\n<p>Kociaki to ciekawskie i pe\u0142ne energii zwierzaki. Zabawa i odkrywanie \u015bwiata zajmuje im wi\u0119kszo\u015b\u0107 czasu, kiedy nie \u015bpi\u0105.<\/p>\n<h3>FAZY ROZWOJU KOCIAKA TYDZIE\u0143 PO TYGODNIU:<\/h3>\n<ul>\n<li><strong>2 tygodnie\u00a0<\/strong>&#8211; kociak otwiera oczy<\/li>\n<li><strong>2-9 tygodni<\/strong>\u00a0&#8211; kociak mo\u017ce zacz\u0105\u0107 nawi\u0105zywa\u0107 relacje z bliskimi osobami. Jego zwi\u0105zek z cz\u0142owiekiem rozwija si\u0119 a\u017c do 4 miesi\u0105ca \u017cycia. Pojawiaj\u0105 si\u0119 zabawy bazowane na poznawaniu si\u0119 i relacjach spo\u0142ecznych (najp\u00f3\u017aniej w 12-14 tygodniu)<\/li>\n<li><strong>4 tygodnie<\/strong>\u00a0&#8211; kociak zaczyna je\u015b\u0107 sta\u0142y pokarm. Uczy si\u0119 jedynie poprzez obserwacj\u0119.<\/li>\n<li><strong>5-6 tygodni<\/strong>\u00a0&#8211; samodzielne za\u0142atwianie si\u0119 (kociak nie potrzebuje pomocy przy wydalaniu)<\/li>\n<li><strong>7-8 tygodni<\/strong>\u00a0&#8211; cykl snu zaczyna przybiera\u0107 cykl doros\u0142ego kota. Kociak zaczyna bawi\u0107 si\u0119 rzeczami w swoim otoczeniu.<\/li>\n<li><strong>7-9 tygodni<\/strong>\u00a0&#8211; pierwsza i druga szczepionka jest podawana 3-4 tygodnie p\u00f3\u017aniej, oko\u0142o 12 tygodnia.<\/li>\n<\/ul>\n<p>Pierwszy czas po otwarciu przez kociaka oczu charakteryzuje si\u0119 zabaw\u0105 z rodze\u0144stwem i mam\u0105. Kiedy kociak ro\u015bnie zaczyna bawi\u0107 si\u0119 r\u00f3\u017cnymi przedmiotami. Dzi\u0119ki zabawie zdobywa do\u015bwiadczenie i umiej\u0119tno\u015bci potrzebne w doros\u0142ym \u017cyciu np. jak dogadywa\u0107 si\u0119 z innymi kotami. Zabawa jest te\u017c treningiem fizycznym i cz\u0119sto zawiera sekwencje ruch\u00f3w podobne do polowania. Koty bawi\u0105 si\u0119 przez ca\u0142e \u017cycie, wi\u0119c wa\u017cne jest zapewnienie im mo\u017cliwo\u015bci do zabawy nawet, kiedy s\u0105 ju\u017c starsze.<\/p>\n<p>Koci\u0119ta zaczynaj\u0105 je\u015b\u0107 sta\u0142\u0105 karm\u0119 w wieku czterech tygodni. W tym czasie tworz\u0105 si\u0119 preferencje mi\u0119dzy innymi w kwestii tekstury jedzenia. To wp\u0142ynie na to, kt\u00f3re jedzenie b\u0119dzie wola\u0142 nasz kot. Dlatego wa\u017cne jest, \u017ceby wiedzie\u0107 jakie jedzenie otrzymuje kociak, gdy jest m\u0142ody, aby m\u00f3c zacz\u0105\u0107 przyzwyczaja\u0107 go do nowego jedzenie mieszaj\u0105c je ze starym.<\/p>\n<p><strong>Wi\u0119cej informacji:<\/strong><\/p>\n<ul>\n<li><a title=\"Zmiana karmy u kota \u2013 jak j\u0105 przeprowadzi\u0107\" href=\"https:\/\/bozita.com\/pl\/karma-dla-kotow\/zywienie-i-dieta\/zmiana-karmy-u-kota-jak-ja-przeprowadzic\/\">Jak zacz\u0105\u0107 podawa\u0107 kotu now\u0105 karm\u0119<\/a><\/li>\n<\/ul>\n<h2>ROZW\u00d3J KOTA OD KOCIAKA DO DOROS\u0141EGO MRUCZKA<\/h2>\n<p>Od czwartego miesi\u0105ca \u017cycia kociaka do momentu dojrza\u0142o\u015bci p\u0142ciowej.<\/p>\n<h3>ROZW\u00d3J KOTA OD KOCIAKA DO DOROS\u0141EGO MRUCZKA:<\/h3>\n<ul>\n<li><strong>4 miesi\u0105ce<\/strong>\u00a0&#8211; stabilizuje si\u0119 potrzeba kontaktu spo\u0142ecznego u kociaka.<\/li>\n<li><strong>4- 10 miesi\u0119cy<\/strong>\u00a0&#8211; dojrza\u0142o\u015b\u0107 p\u0142ciowa; samice dojrzewaj\u0105 wcze\u015bniej ni\u017c samce. Jako w\u0142a\u015bciciel zwierz\u0119cia musisz upewni\u0107 si\u0119, \u017ce nie b\u0119dzie mia\u0142o ono nieplanowanego potomstwa.<\/li>\n<li><strong>1 rok<\/strong>\u00a0&#8211; pierwsze szczepienie uzupe\u0142niaj\u0105ce, p\u00f3\u017aniej dawki szczepionki s\u0105 podawane z 1-3 letnimi przerwami w zale\u017cno\u015bci od szczepionki i \u015brodowiska, w jakim mieszka kot.<\/li>\n<li><strong>2-4 lata<\/strong>\u00a0&#8211; dojrza\u0142o\u015b\u0107 spo\u0142eczna; wolno \u017cyj\u0105ce koty zaczynaj\u0105 wtedy broni\u0107 swojego terytorium.<\/li>\n<li><strong>3 lata<\/strong>\u00a0&#8211; kot jest teraz uwa\u017cany za doros\u0142ego.<\/li>\n<\/ul>\n<p>Nawet kociaki maj\u0105 du\u017ce zapotrzebowanie na kalorie. Kiedy nie \u015bpi\u0105, wspinaj\u0105 si\u0119, biegaj\u0105 wok\u00f3\u0142 i bawi\u0105 si\u0119. Otoczenie kota musi wi\u0119c zapewnia\u0107 my mo\u017cliwo\u015b\u0107 do bycia aktywnym bez ryzyka zranienia si\u0119. Z czasem poziom aktywno\u015bci kota maleje, kiedy potrafi on skupi\u0107 si\u0119 na swoim wyznaczonym celu.<\/p>\n<p>Kolejna zmiana w \u017cyciu kota, kt\u00f3ra mo\u017ce wp\u0142yn\u0105\u0107 na jego relacje z innymi, przede wszystkim z innymi kotami, to dojrza\u0142o\u015b\u0107 spo\u0142eczna. Jej czas przypada na okres, kiedy kot jest ju\u017c doros\u0142y, a wi\u0119c od 2 do 4 roku \u017cycia. Jest to moment, kiedy koty \u017cyj\u0105ce wolno zaczynaj\u0105 broni\u0107 swojego terytorium. Dla kot\u00f3w trzymanych jako zwierz\u0119ta domowe i \u017cyj\u0105cych w dobrze dogaduj\u0105cych si\u0119 parach lub grupach mo\u017ce to oznacza\u0107 nag\u0142e spory o dost\u0119pne jedzenie, zabawki lub miejsce. Poniewa\u017c dojrza\u0142o\u015b\u0107 spo\u0142eczna nast\u0119puje do\u015b\u0107 p\u00f3\u017ano nie mamy niestety gwarancji, \u017ce \u017cyj\u0105ce w zgodzie koci\u0119ta b\u0119d\u0105 funkcjonowa\u0107 razem jako doros\u0142e koty. Jednak dzi\u0119ki aktywnej pracy ze zwierz\u0119tami maj\u0105cej na celu zmniejszenie szansy na konkurencj\u0119 i spory mo\u017cesz jako ich w\u0142a\u015bciciel postara\u0107 si\u0119, aby nie mia\u0142y problem\u00f3w z \u017cyciem w grupie jako doros\u0142e koty. Najwa\u017cniejsze jest zapewnienie wszystkim kotom dost\u0119pu do przestrzeni i potrzebnych im rzeczy.<\/p>\n\t\t\t<\/div>\n\t\t<\/div>\n\t<\/div>\n\n\n\n\t<section class=\"block related-articles\">\n\t\t<div class=\"container\">\n\t\t\t<h2>Artyku\u0142y powi\u0105zane<\/h2>\n\t\t\t<div class=\"row justify-content-center\">\n\t\t\t\t\t\t\t\t\t\t<div class=\"col-sm-6 col-md-6 col-lg-3\">\n\t\t\t\t\t\t\t\t\t\t\t\t\t\t<div class=\"card \">\n\t\t\t\t\t\t\t\t\t\t\t\t\t\t\t\t\t<img decoding=\"async\"  src=\"https:\/\/bozita.com\/pl\/wp-content\/uploads\/sites\/9\/2021\/08\/bozita-kattens-kroppssprak.jpg\" alt=\"\">\n\t\t\t\t\t\t\t\t\t\t\t\t\t\t\t\t\t<!-- <img decoding=\"async\" src=\"\n\t\t\t\t\t\t\t\t\t\t\t\t\t\t\t\t\t\t\t\t\" alt=\"\n\t\t\t\t\t\t\t\t\t\t\t\t\t\t\t\t\t\t\t\t\t\t\t\t\t\t\t\"> -->\n\t\t\t\t\t\t\t\t<div class=\"card-body\">\n\t\t\t\t\t\t\t\t\t\t\t\t\t\t\t\t\t\t\t<h6>Naucz si\u0119 interpretowa\u0107 koci j\u0119zyk i zachowanie<\/h6>\n\t\t\t\t\t\t\t\t\t\t\t\t\t\t\t\t\t\t\t<a href=\"https:\/\/bozita.com\/pl\/zycie-z-kotem\/rozwoj-kotow\/zachowanie-kota-i-koci-jezyk\/\">Czytaj wi\u0119cej &nbsp; ><\/a>\n\t\t\t\t\t\t\t\t<\/div>\n\t\t\t\t\t\t\t<\/div>\n\t\t\t\t\t\t<\/div>\n\n\t\t\t\t\t\t\t\t\t\t\t<div class=\"col-sm-6 col-md-6 col-lg-3\">\n\t\t\t\t\t\t\t\t\t\t\t\t\t\t<div class=\"card \">\n\t\t\t\t\t\t\t\t\t\t\t\t\t\t\t\t\t<img decoding=\"async\"  src=\"https:\/\/bozita.com\/pl\/wp-content\/uploads\/sites\/9\/2021\/08\/bozita-introducera-katt-till-nytt-hem.jpg\" alt=\"\">\n\t\t\t\t\t\t\t\t\t\t\t\t\t\t\t\t\t<!-- <img decoding=\"async\" src=\"\n\t\t\t\t\t\t\t\t\t\t\t\t\t\t\t\t\t\t\t\t\" alt=\"\n\t\t\t\t\t\t\t\t\t\t\t\t\t\t\t\t\t\t\t\t\t\t\t\t\t\t\t\"> -->\n\t\t\t\t\t\t\t\t<div class=\"card-body\">\n\t\t\t\t\t\t\t\t\t\t\t\t\t\t\t\t\t\t\t<h6>Jak wprowadzi\u0107 nowego kota do domu?<\/h6>\n\t\t\t\t\t\t\t\t\t\t\t\t\t\t\t\t\t\t\t<a href=\"https:\/\/bozita.com\/pl\/zycie-z-kotem\/kupno-kota\/powitanie-kota-w-domu\/\">Czytaj wi\u0119cej &nbsp; ><\/a>\n\t\t\t\t\t\t\t\t<\/div>\n\t\t\t\t\t\t\t<\/div>\n\t\t\t\t\t\t<\/div>\n\n\t\t\t\t\t\t\t\t\t\t\t<div class=\"col-sm-6 col-md-6 col-lg-3\">\n\t\t\t\t\t\t\t\t\t\t\t\t\t\t<div class=\"card \">\n\t\t\t\t\t\t\t\t\t\t\t\t\t\t\t\t\t<img decoding=\"async\"  src=\"https:\/\/bozita.com\/pl\/wp-content\/uploads\/sites\/9\/2021\/08\/bozita-kattens-historia-domesticering.jpg\" alt=\"\">\n\t\t\t\t\t\t\t\t\t\t\t\t\t\t\t\t\t<!-- <img decoding=\"async\" src=\"\n\t\t\t\t\t\t\t\t\t\t\t\t\t\t\t\t\t\t\t\t\" alt=\"\n\t\t\t\t\t\t\t\t\t\t\t\t\t\t\t\t\t\t\t\t\t\t\t\t\t\t\t\"> -->\n\t\t\t\t\t\t\t\t<div class=\"card-body\">\n\t\t\t\t\t\t\t\t\t\t\t\t\t\t\t\t\t\t\t<h6>Historia kot\u00f3w i ich udomowienia przez ludzi<\/h6>\n\t\t\t\t\t\t\t\t\t\t\t\t\t\t\t\t\t\t\t<a href=\"https:\/\/bozita.com\/pl\/zycie-z-kotem\/rozwoj-kotow\/historia-kotow\/\">Czytaj wi\u0119cej &nbsp; ><\/a>\n\t\t\t\t\t\t\t\t<\/div>\n\t\t\t\t\t\t\t<\/div>\n\t\t\t\t\t\t<\/div>\n\n\t\t\t\t\t\t\t\t\t\t\t\t<\/div>\n\t\t<\/div>\n\t<\/section>\n","protected":false},"excerpt":{"rendered":"","protected":false},"author":1,"featured_media":6784,"parent":6689,"menu_order":0,"comment_status":"closed","ping_status":"closed","template":"guternberg.php","meta":{"footnotes":""},"acf":[],"yoast_head":"<!-- This site is optimized with the Yoast SEO plugin v21.3 - https:\/\/yoast.com\/wordpress\/plugins\/seo\/ -->\n<title>Fazy rozwoju kociaka - kiedy kot dorasta? | Bozita Polska<\/title>\n<meta name=\"description\" content=\"Rozw\u00f3j kota od ma\u0142ego kociaka do doros\u0142ego kota. Fazy rozwoju kociaka. Co dzieje si\u0119, gdy kot doro\u015bnie? Bozita ma na to odpowied\u017a.\" \/>\n<meta name=\"robots\" content=\"index, follow, max-snippet:-1, max-image-preview:large, max-video-preview:-1\" \/>\n<link rel=\"canonical\" href=\"https:\/\/bozita.com\/pl\/zycie-z-kotem\/rozwoj-kotow\/fazy-rozwoju-kociaka-kiedy-kot-dorasta\/\" \/>\n<meta property=\"og:locale\" content=\"pl_PL\" \/>\n<meta property=\"og:type\" content=\"article\" \/>\n<meta property=\"og:title\" content=\"Fazy rozwoju kociaka - kiedy kot dorasta? | Bozita Polska\" \/>\n<meta property=\"og:description\" content=\"Rozw\u00f3j kota od ma\u0142ego kociaka do doros\u0142ego kota. Fazy rozwoju kociaka. Co dzieje si\u0119, gdy kot doro\u015bnie? Bozita ma na to odpowied\u017a.\" \/>\n<meta property=\"og:url\" content=\"https:\/\/bozita.com\/pl\/zycie-z-kotem\/rozwoj-kotow\/fazy-rozwoju-kociaka-kiedy-kot-dorasta\/\" \/>\n<meta property=\"og:site_name\" content=\"Bozita Polska\" \/>\n<meta property=\"article:modified_time\" content=\"2022-09-29T06:57:03+00:00\" \/>\n<meta property=\"og:image\" content=\"https:\/\/bozita.com\/pl\/wp-content\/uploads\/sites\/9\/2021\/08\/bozita-kattens-utveckling-vuxenlivet.jpg\" \/>\n\t<meta property=\"og:image:width\" content=\"800\" \/>\n\t<meta property=\"og:image:height\" content=\"534\" \/>\n\t<meta property=\"og:image:type\" content=\"image\/jpeg\" \/>\n<meta name=\"twitter:card\" content=\"summary_large_image\" \/>\n<!-- \/ Yoast SEO plugin. -->","yoast_head_json":{"title":"Fazy rozwoju kociaka - kiedy kot dorasta? | Bozita Polska","description":"Rozw\u00f3j kota od ma\u0142ego kociaka do doros\u0142ego kota. Fazy rozwoju kociaka. Co dzieje si\u0119, gdy kot doro\u015bnie? Bozita ma na to odpowied\u017a.","robots":{"index":"index","follow":"follow","max-snippet":"max-snippet:-1","max-image-preview":"max-image-preview:large","max-video-preview":"max-video-preview:-1"},"canonical":"https:\/\/bozita.com\/pl\/zycie-z-kotem\/rozwoj-kotow\/fazy-rozwoju-kociaka-kiedy-kot-dorasta\/","og_locale":"pl_PL","og_type":"article","og_title":"Fazy rozwoju kociaka - kiedy kot dorasta? | Bozita Polska","og_description":"Rozw\u00f3j kota od ma\u0142ego kociaka do doros\u0142ego kota. Fazy rozwoju kociaka. Co dzieje si\u0119, gdy kot doro\u015bnie? Bozita ma na to odpowied\u017a.","og_url":"https:\/\/bozita.com\/pl\/zycie-z-kotem\/rozwoj-kotow\/fazy-rozwoju-kociaka-kiedy-kot-dorasta\/","og_site_name":"Bozita Polska","article_modified_time":"2022-09-29T06:57:03+00:00","og_image":[{"width":800,"height":534,"url":"https:\/\/bozita.com\/pl\/wp-content\/uploads\/sites\/9\/2021\/08\/bozita-kattens-utveckling-vuxenlivet.jpg","type":"image\/jpeg"}],"twitter_card":"summary_large_image","schema":{"@context":"https:\/\/schema.org","@graph":[{"@type":"WebPage","@id":"https:\/\/bozita.com\/pl\/zycie-z-kotem\/rozwoj-kotow\/fazy-rozwoju-kociaka-kiedy-kot-dorasta\/","url":"https:\/\/bozita.com\/pl\/zycie-z-kotem\/rozwoj-kotow\/fazy-rozwoju-kociaka-kiedy-kot-dorasta\/","name":"Fazy rozwoju kociaka - kiedy kot dorasta? | Bozita Polska","isPartOf":{"@id":"https:\/\/bozita.com\/pl\/#website"},"datePublished":"2021-08-11T17:34:59+00:00","dateModified":"2022-09-29T06:57:03+00:00","description":"Rozw\u00f3j kota od ma\u0142ego kociaka do doros\u0142ego kota. Fazy rozwoju kociaka. Co dzieje si\u0119, gdy kot doro\u015bnie? Bozita ma na to odpowied\u017a.","breadcrumb":{"@id":"https:\/\/bozita.com\/pl\/zycie-z-kotem\/rozwoj-kotow\/fazy-rozwoju-kociaka-kiedy-kot-dorasta\/#breadcrumb"},"inLanguage":"pl-PL","potentialAction":[{"@type":"ReadAction","target":["https:\/\/bozita.com\/pl\/zycie-z-kotem\/rozwoj-kotow\/fazy-rozwoju-kociaka-kiedy-kot-dorasta\/"]}]},{"@type":"BreadcrumbList","@id":"https:\/\/bozita.com\/pl\/zycie-z-kotem\/rozwoj-kotow\/fazy-rozwoju-kociaka-kiedy-kot-dorasta\/#breadcrumb","itemListElement":[{"@type":"ListItem","position":1,"name":"Home","item":"https:\/\/bozita.com\/pl\/"},{"@type":"ListItem","position":2,"name":"Kupno kota i \u017cycie z nim. Porady dla pocz\u0105tkuj\u0105cych","item":"https:\/\/bozita.com\/pl\/zycie-z-kotem\/"},{"@type":"ListItem","position":3,"name":"Poznaj etapy rozwoju kota i zosta\u0144 dobrym opiekunem","item":"https:\/\/bozita.com\/pl\/zycie-z-kotem\/rozwoj-kotow\/"},{"@type":"ListItem","position":4,"name":"Fazy rozwoju kociaka &#8211; kiedy kot dorasta?"}]},{"@type":"WebSite","@id":"https:\/\/bozita.com\/pl\/#website","url":"https:\/\/bozita.com\/pl\/","name":"Bozita Polska","description":"","potentialAction":[{"@type":"SearchAction","target":{"@type":"EntryPoint","urlTemplate":"https:\/\/bozita.com\/pl\/?s={search_term_string}"},"query-input":"required name=search_term_string"}],"inLanguage":"pl-PL"}]}},"_links":{"self":[{"href":"https:\/\/bozita.com\/pl\/wp-json\/wp\/v2\/pages\/6783"}],"collection":[{"href":"https:\/\/bozita.com\/pl\/wp-json\/wp\/v2\/pages"}],"about":[{"href":"https:\/\/bozita.com\/pl\/wp-json\/wp\/v2\/types\/page"}],"author":[{"embeddable":true,"href":"https:\/\/bozita.com\/pl\/wp-json\/wp\/v2\/users\/1"}],"replies":[{"embeddable":true,"href":"https:\/\/bozita.com\/pl\/wp-json\/wp\/v2\/comments?post=6783"}],"version-history":[{"count":7,"href":"https:\/\/bozita.com\/pl\/wp-json\/wp\/v2\/pages\/6783\/revisions"}],"predecessor-version":[{"id":9502,"href":"https:\/\/bozita.com\/pl\/wp-json\/wp\/v2\/pages\/6783\/revisions\/9502"}],"up":[{"embeddable":true,"href":"https:\/\/bozita.com\/pl\/wp-json\/wp\/v2\/pages\/6689"}],"wp:featuredmedia":[{"embeddable":true,"href":"https:\/\/bozita.com\/pl\/wp-json\/wp\/v2\/media\/6784"}],"wp:attachment":[{"href":"https:\/\/bozita.com\/pl\/wp-json\/wp\/v2\/media?parent=6783"}],"curies":[{"name":"wp","href":"https:\/\/api.w.org\/{rel}","templated":true}]}}