{"id":6785,"date":"2021-08-11T17:34:51","date_gmt":"2021-08-11T17:34:51","guid":{"rendered":"https:\/\/bozita.com\/pl\/karma-dla-kotow\/zywienie-i-dieta\/co-robic-gdy-kot-nie-chce-jesc-lub-pic\/"},"modified":"2022-09-29T05:55:53","modified_gmt":"2022-09-29T05:55:53","slug":"co-robic-gdy-kot-nie-chce-jesc-lub-pic","status":"publish","type":"page","link":"https:\/\/bozita.com\/pl\/karma-dla-kotow\/zywienie-i-dieta\/co-robic-gdy-kot-nie-chce-jesc-lub-pic\/","title":{"rendered":"Co robi\u0107, gdy kot nie chce je\u015b\u0107 lub pi\u0107?"},"content":{"rendered":"\t\t<section class=\"small-hero\">\n\t\t\t<div class=\"container\">\n\t\t\t\t<h1 class=\"small-hero-title\">CO ROBI\u0106, GDY KOT NIE CHCE JE\u015a\u0106 LUB PI\u0106?<\/h1>\t\t\t<\/div>\n\t\t\t<\/div>\n\t\t<\/section>\n\t\n\n\t<div class=\"text-box-warp\">\n\t\t<div class=\"container\">\n\t\t\t<div class=\"text-content\">\n\t\t\t\t<p><strong>Je\u015bli Tw\u00f3j m\u0142ody kociak lub doros\u0142y kot odmawia jedzenia lub picia, musisz znale\u017a\u0107 \u017ar\u00f3d\u0142o problemu. Wa\u017cne jest, aby ustali\u0107, czy brak apetytu bierze si\u0119 z braku ch\u0119ci, czy mo\u017ce z choroby, kt\u00f3ra uniemo\u017cliwia kotu jedzenie.<\/strong><\/p>\n<p>Artyku\u0142 oparty na rozmowie z kocim ekspertem w Bozita, Elin Hirsch, doktorem etologii i\u00a0specjalistk\u0105 od zachowania kot\u00f3w.<\/p>\n<h2>NAUCZ KOTA DOBRYCH NAWYK\u00d3W \u017bYWIENIOWYCH<\/h2>\n<p>Od samego pocz\u0105tku wpajaj swojemu kotu prawid\u0142owe nawyki \u017cywieniowe, aby sta\u0142y si\u0119 dla niego rutyn\u0105. Niezale\u017cnie od tego, czy posiada on wolny dost\u0119p do po\u017cywienia, czy serwujesz mu posi\u0142ki o okre\u015blonych porach, wa\u017cne jest, aby \u017cywienie odbywa\u0142o si\u0119 zgodnie z ustalon\u0105 rutyn\u0105. W\u00a0przeciwnym razie istnieje ryzyko, \u017ce Tw\u00f3j pupil zacznie odmawia\u0107 jedzenia lub nie b\u0119dzie spo\u017cywa\u0142 wystarczaj\u0105cej ilo\u015bci pokarmu.<\/p>\n<p>Je\u015bli Tw\u00f3j kot nie chce je\u015b\u0107, nie pr\u00f3buj zach\u0119ca\u0107 go do jedzenia za pomoc\u0105 dodatkowych przysmak\u00f3w \u2013 jest to zwykle ma\u0142o skuteczne. Metoda ta nauczy go jedynie, \u017ce zawsze mo\u017ce dosta\u0107 to, czego chce. Pozw\u00f3l, aby pozosta\u0142 g\u0142odny przez par\u0119 godzin, a powinien nauczy\u0107 si\u0119 zjada\u0107 serwowane porcje.<\/p>\n<h2>SPR\u00d3BUJ USTALI\u0106, DLACZEGO KOT ODMAWIA JEDZENIA LUB PICIA WODY<\/h2>\n<p>Wa\u017cne, aby dotrze\u0107 do \u017ar\u00f3d\u0142a problemu i ustali\u0107, czy kot nie chce je\u015b\u0107, poniewa\u017c nie smakuje mu podawane jedzenie lub nie podoba mu si\u0119 spos\u00f3b, w jaki jest ono serwowane, czy mo\u017ce odczuwa w jakim\u015b miejscu b\u00f3l uniemo\u017cliwiaj\u0105cy spo\u017cywanie pokarmu. Zwr\u00f3\u0107 uwag\u0119 na jego stan og\u00f3lny: czy kot wydaje si\u0119 ospa\u0142y, cierpi na zaparcia lub \u015bpi przez wi\u0119kszo\u015b\u0107 dnia? Obserwuj przede wszystkim zachowanie starszego kota \u2013 zmys\u0142 smaku i w\u0119chu ulega z\u00a0wiekiem os\u0142abieniu, co mo\u017ce prowadzi\u0107 do zmniejszenia apetytu.<\/p>\n<p>Kontrola diety kota wychodz\u0105cego mo\u017ce okaza\u0107 si\u0119 trudniejszym zadaniem. By\u0107 mo\u017ce Tw\u00f3j kot sam upolowa\u0142 ju\u017c sobie obiad i po prostu nie jest g\u0142odny?<\/p>\n<p>Je\u015bli Tw\u00f3j kot nie jad\u0142 nic od 24 godzin, koniecznie skontaktuj si\u0119 z weterynarzem. Odmawianie jedzenia przez ponad dob\u0119 mo\u017ce wi\u0105za\u0107 si\u0119 z powa\u017cnymi powik\u0142aniami.<\/p>\n<h2>JAK ZACH\u0118CI\u0106 KOTA DO JEDZENIA I PICIA?<\/h2>\n<p>Na\u015bladowanie nawyk\u00f3w \u017cywieniowych dzikich kot\u00f3w to dobry pomys\u0142, aby pobudzi\u0107 koci apetyt. Koty nie reguluj\u0105 ilo\u015bci przyjmowanych p\u0142yn\u00f3w na podstawie zawarto\u015bci wody w\u00a0po\u017cywieniu, co mo\u017ce zwi\u0119ksza\u0107 ryzyko wyst\u0105pienia kamicy moczowej u mruczk\u00f3w spo\u017cywaj\u0105cych jedynie such\u0105 karm\u0119. Poni\u017cej znajdziesz kilka sztuczek, kt\u00f3re pomog\u0105 Ci zach\u0119ci\u0107 swojego kota do jedzenia i picia.<\/p>\n<ul>\n<li><strong>Rozdziel jedzenie, wod\u0119, toalet\u0119 i zabaw\u0119<\/strong><br \/>\nJe\u015bli Tw\u00f3j kot odmawia jedzenia lub picia, zadbaj o to, aby w domu znajdowa\u0142y si\u0119 osobne miejsca przeznaczone do jedzenia, picia, za\u0142atwiania si\u0119 i zabawy. To uk\u0142ad, kt\u00f3ry odzwierciedla zachowanie kota \u017cyj\u0105cego na wolno\u015bci. Mo\u017cesz tak\u017ce stymulowa\u0107 pragnienie kota, umieszczaj\u0105c miski z wod\u0105 w r\u00f3\u017cnych miejscach w domu. Miska z wod\u0105 powinna znajdowa\u0107 si\u0119 z dala od miski z jedzeniem oraz kuwety. Koty nie lubi\u0105 pi\u0107 w tym samym miejscu, w kt\u00f3rym jedz\u0105 lub za\u0142atwiaj\u0105 inne potrzeby.<\/li>\n<li><strong>Zapewnij kotu spok\u00f3j podczas posi\u0142k\u00f3w<\/strong><br \/>\nUpewnij si\u0119, \u017ce miska z jedzeniem znajduje si\u0119 w prywatnym, bezpiecznym miejscu, kt\u00f3re pozwoli kotu spo\u017cywa\u0107 posi\u0142ki w niezak\u0142\u00f3conej i bezstresowej atmosferze. By\u0107 mo\u017ce Tw\u00f3j kot nie lubi by\u0107 obserwowany podczas jedzenia?<\/li>\n<li><strong>Utrzymuj miski i miejsce karmienia w czysto\u015bci<\/strong><br \/>\nZawsze serwuj jedzenie w czystych miskach i cz\u0119sto przemywaj koci\u0105 jadalni\u0119 za pomoc\u0105 delikatnego \u015brodka czyszcz\u0105cego. To dobra zach\u0119ta dla kota, kt\u00f3ry odmawia pokarmu, a\u00a0tak\u017ce skuteczny spos\u00f3b, aby zapobiec gromadzeniu si\u0119 bakterii w resztkach jedzenia.<\/li>\n<li><strong>Serwuj jedzenie i picie w \u201e prawid\u0142owych\u201d miskach<\/strong><br \/>\nZastan\u00f3w si\u0119, z jakich naczy\u0144 Tw\u00f3j kot najbardziej lubi je\u015b\u0107 i pi\u0107. Wiele kot\u00f3w nie przepada na przyk\u0142ad za miseczkami, kt\u00f3rych \u015bcianki dotykaj\u0105 ich wibrys\u00f3w. Wiele z nich woli tak\u017ce bie\u017c\u0105c\u0105 wod\u0119. Wypr\u00f3buj r\u00f3\u017cne opcje, a\u017c znajdziesz tak\u0105, kt\u00f3ra odpowiada w\u0142a\u015bnie Twojemu kotu. Zalecamy zainwestowa\u0107 w fontann\u0119 dla kot\u00f3w i rozmie\u015bci\u0107 kilka \u017ar\u00f3de\u0142 wody w r\u00f3\u017cnych miejscach w domu, aby zwi\u0119kszy\u0107 szanse przyjmowania przez kot\u00f3w wystarczaj\u0105cej ilo\u015bci p\u0142yn\u00f3w.<\/li>\n<li><strong>Smak, konsystencja i zapach<\/strong><br \/>\nWybierz karm\u0119, kt\u00f3ra jest smaczna i \u0142atwa w spo\u017cyciu, to znaczy tak\u0105, kt\u00f3ra sk\u0142ada si\u0119 z\u00a0odpowiedniej wielko\u015bci kawa\u0142k\u00f3w i smakuje Twojemu kotu. Spr\u00f3buj podgrza\u0107 jedzenie przez kilka sekund \u2013 pomo\u017ce to uwolni\u0107 wo\u0144, kt\u00f3ra pobudza apetyt. Jest to dla kota naturalny spos\u00f3b \u017cywienia, poniewa\u017c pokarm kot\u00f3w na wolno\u015bci ma najcz\u0119\u015bciej \u201etemperatur\u0119 cia\u0142a\u201d, to znaczy upolowanej zdobyczy.<\/li>\n<li><strong>Mokra karma to doskona\u0142e \u017ar\u00f3d\u0142o p\u0142yn\u00f3w<\/strong><br \/>\nJe\u015bli chcesz mie\u0107 pewno\u015b\u0107, \u017ce Tw\u00f3j kot przyjmuje wystarczaj\u0105c\u0105 ilo\u015b\u0107 p\u0142yn\u00f3w, zalecamy przestawi\u0107 go na mokr\u0105 karm\u0119, kt\u00f3ra posiada o wiele wy\u017csz\u0105 zawarto\u015b\u0107 wody. Mo\u017cesz stosowa\u0107 j\u0105 tak\u017ce jako uzupe\u0142nienie suchej karmy. Wiele kot\u00f3w docenia zr\u00f3\u017cnicowany jad\u0142ospis!<\/li>\n<li><strong>Kontroluj przydatno\u015b\u0107 karmy do spo\u017cycia<\/strong><br \/>\nSucha karma poch\u0142ania wilgo\u0107, zw\u0142aszcza w cieplejsze dni, co znacznie obni\u017ca jej atrakcyjno\u015b\u0107 dla kota. Zawsze przechowuj j\u0105 w suchym i ch\u0142odnym miejscu oraz regularnie sprawdzaj jej przydatno\u015b\u0107 do spo\u017cycia.<\/li>\n<li><strong>Zmniejsz porcje<\/strong><br \/>\nSpr\u00f3buj podzieli\u0107 dzienn\u0105 dawk\u0119 po\u017cywienia na kilka mniejszych posi\u0142k\u00f3w serwowanych w\u00a0regularnych odst\u0119pach czasu, aby kot nie musia\u0142 jednocze\u015bnie zjada\u0107 zbyt du\u017cych kawa\u0142k\u00f3w. Mniejsze porcje odzwierciedlaj\u0105 naturalny spos\u00f3b \u017cywienia kot\u00f3w, kt\u00f3re, \u017cyj\u0105c na wolno\u015bci, spo\u017cywaj\u0105 wiele mniejszych posi\u0142k\u00f3w w ci\u0105gu doby.<\/li>\n<\/ul>\n<h2>JE\u015aLI KOT WCI\u0104\u017b ODMAWIA JEDZENIA, ZMIE\u0143 KARM\u0118<\/h2>\n<p>Je\u015bli wszystkie sposoby zawiod\u0105, czas na zmian\u0119 po\u017cywienia. Czasami wystarczy zmieni\u0107 sk\u0142ad karmy, aby zwierz\u0119 ponownie zacz\u0119\u0142o je\u015b\u0107. W miar\u0119 mo\u017cliwo\u015bci przyst\u0105p do przestawiania kota stopniowo, aby unikn\u0105\u0107 wyst\u0105pienia u niego zaburze\u0144 \u017co\u0142\u0105dkowych.<\/p>\n<ul>\n<li><a title=\"Zmiana karmy u kota \u2013 jak j\u0105 przeprowadzi\u0107\" href=\"https:\/\/bozita.com\/pl\/karma-dla-kotow\/zywienie-i-dieta\/zmiana-karmy-u-kota-jak-ja-przeprowadzic\/\">Jak przestawi\u0107 kota na inn\u0105 karm\u0119?<\/a><\/li>\n<\/ul>\n\t\t\t<\/div>\n\t\t<\/div>\n\t<\/div>\n\n\n<section class=\"block product-promos\">\n\t<div class=\"container\">\n\t\t<div class=\"row align-items-center\">\n\t\t\t<div class=\"col-md-5\">\n\t\t\t\t<div class=\"prdt__promos-heading\">\n\t\t\t\t\t<h3>\n\t\t\t\t\t\tKarma mokra w praktycznych jednorazowych saszetkach\t\t\t\t\t<\/h3>\n\t\t\t\t\t\t\t\t\t<\/div>\n\t\t\t<\/div>\n\t\t\t<div class=\"col-md-7\">\n\t\t\t\t\t\t\t\t\t<div class=\"owl-carousel owl-theme product-promo-carousel\">\n\t\t\t\t\t\t\t\t\t\t\t<\/div>\n\t\t\t\t\t\t\t<\/div>\n\t\t<\/div>\n\t<\/div>\n<\/section>\n<script>\njQuery(document).ready(function($) {\n\tjQuery('.product-promo-carousel').owlCarousel({\n\tloop: true,\n\tmargin: 10,\n\tresponsiveClass: true,\n\tresponsive: {\n\t\t0: {\n\t\titems: 1,\n\t\tnav: true\n\t\t},\n\t\t600: {\n\t\titems: 1,\n\t\tnav: true\n\t\t},\n\t\t1000: {\n\t\titems: 2,\n\t\tnav: true,\n\t\t}\n\t}\n\t})\n\tjQuery(\".owl-prev\").html('<span><<\/span>');\n\tjQuery(\".owl-next\").html('<span>><\/span>');\n\n\tvar slider = jQuery('.promo-slider-list');\n\tslider.owlCarousel();\n\tjQuery('.nextbtn-a').click(function() {\n\tslider.trigger('next.owl.carousel');\n\t})\n\t\/\/ Go to the previous item\n\tjQuery('.prebtn-a').click(function() {\n\tslider.trigger('prev.owl.carousel', [300]);\n\t})\n});\n<\/script>\n\n\n\n\t<section class=\"block related-articles\">\n\t\t<div class=\"container\">\n\t\t\t<h2>Artyku\u0142y powi\u0105zane<\/h2>\n\t\t\t<div class=\"row justify-content-center\">\n\t\t\t\t\t\t\t\t\t\t<div class=\"col-sm-6 col-md-6 col-lg-3\">\n\t\t\t\t\t\t\t\t\t\t\t\t\t\t<div class=\"card \">\n\t\t\t\t\t\t\t\t\t\t\t\t\t\t\t\t\t<img decoding=\"async\"  src=\"https:\/\/bozita.com\/pl\/wp-content\/uploads\/sites\/9\/2021\/08\/bozita-katt-ratt-hull-guide.jpeg\" alt=\"\">\n\t\t\t\t\t\t\t\t\t\t\t\t\t\t\t\t\t<!-- <img decoding=\"async\" src=\"\n\t\t\t\t\t\t\t\t\t\t\t\t\t\t\t\t\t\t\t\t\" alt=\"\n\t\t\t\t\t\t\t\t\t\t\t\t\t\t\t\t\t\t\t\t\t\t\t\t\t\t\t\"> -->\n\t\t\t\t\t\t\t\t<div class=\"card-body\">\n\t\t\t\t\t\t\t\t\t\t\t\t\t\t\t\t\t\t\t<h6>Ile powinien wa\u017cy\u0107 kot?<\/h6>\n\t\t\t\t\t\t\t\t\t\t\t\t\t\t\t\t\t\t\t<a href=\"https:\/\/bozita.com\/pl\/zycie-z-kotem\/zdrowie-kota\/ile-powinien-wazyc-kot\/\">Czytaj wi\u0119cej &nbsp; ><\/a>\n\t\t\t\t\t\t\t\t<\/div>\n\t\t\t\t\t\t\t<\/div>\n\t\t\t\t\t\t<\/div>\n\n\t\t\t\t\t\t\t\t\t\t\t<div class=\"col-sm-6 col-md-6 col-lg-3\">\n\t\t\t\t\t\t\t\t\t\t\t\t\t\t<div class=\"card \">\n\t\t\t\t\t\t\t\t\t\t\t\t\t\t\t\t\t<img decoding=\"async\"  src=\"https:\/\/bozita.com\/pl\/wp-content\/uploads\/sites\/9\/2021\/08\/bozita-byta-foder-vuxen-katt.jpg\" alt=\"\">\n\t\t\t\t\t\t\t\t\t\t\t\t\t\t\t\t\t<!-- <img decoding=\"async\" src=\"\n\t\t\t\t\t\t\t\t\t\t\t\t\t\t\t\t\t\t\t\t\" alt=\"\n\t\t\t\t\t\t\t\t\t\t\t\t\t\t\t\t\t\t\t\t\t\t\t\t\t\t\t\"> -->\n\t\t\t\t\t\t\t\t<div class=\"card-body\">\n\t\t\t\t\t\t\t\t\t\t\t\t\t\t\t\t\t\t\t<h6>Zmiana karmy u kota &#8211; jak j\u0105 przeprowadzi\u0107?<\/h6>\n\t\t\t\t\t\t\t\t\t\t\t\t\t\t\t\t\t\t\t<a href=\"https:\/\/bozita.com\/pl\/karma-dla-kotow\/zywienie-i-dieta\/zmiana-karmy-u-kota-jak-ja-przeprowadzic\/\">Czytaj wi\u0119cej &nbsp; ><\/a>\n\t\t\t\t\t\t\t\t<\/div>\n\t\t\t\t\t\t\t<\/div>\n\t\t\t\t\t\t<\/div>\n\n\t\t\t\t\t\t\t\t\t\t\t<div class=\"col-sm-6 col-md-6 col-lg-3\">\n\t\t\t\t\t\t\t\t\t\t\t\t\t\t<div class=\"card \">\n\t\t\t\t\t\t\t\t\t\t\t\t\t\t\t\t\t<img decoding=\"async\"  src=\"https:\/\/bozita.com\/pl\/wp-content\/uploads\/sites\/9\/2021\/08\/bozita-katter-ar-kottatare.jpg\" alt=\"\">\n\t\t\t\t\t\t\t\t\t\t\t\t\t\t\t\t\t<!-- <img decoding=\"async\" src=\"\n\t\t\t\t\t\t\t\t\t\t\t\t\t\t\t\t\t\t\t\t\" alt=\"\n\t\t\t\t\t\t\t\t\t\t\t\t\t\t\t\t\t\t\t\t\t\t\t\t\t\t\t\"> -->\n\t\t\t\t\t\t\t\t<div class=\"card-body\">\n\t\t\t\t\t\t\t\t\t\t\t\t\t\t\t\t\t\t\t<h6>Co jedz\u0105 koty i ile karmy powinny otrzymywa\u0107?<\/h6>\n\t\t\t\t\t\t\t\t\t\t\t\t\t\t\t\t\t\t\t<a href=\"https:\/\/bozita.com\/pl\/karma-dla-kotow\/zywienie-i-dieta\/co-jedza-koty-i-czym-karmic-kota\/\">Czytaj wi\u0119cej &nbsp; ><\/a>\n\t\t\t\t\t\t\t\t<\/div>\n\t\t\t\t\t\t\t<\/div>\n\t\t\t\t\t\t<\/div>\n\n\t\t\t\t\t\t\t\t\t\t\t\t<\/div>\n\t\t<\/div>\n\t<\/section>\n","protected":false},"excerpt":{"rendered":"","protected":false},"author":1,"featured_media":6786,"parent":6774,"menu_order":0,"comment_status":"closed","ping_status":"closed","template":"guternberg.php","meta":{"footnotes":""},"acf":[],"yoast_head":"<!-- This site is optimized with the Yoast SEO plugin v21.3 - https:\/\/yoast.com\/wordpress\/plugins\/seo\/ -->\n<title>Co robi\u0107, gdy kot nie chce je\u015b\u0107 lub pi\u0107? | Bozita Polska<\/title>\n<meta name=\"description\" content=\"Istnieje wiele powod\u00f3w, dla kt\u00f3rych kot nie chce je\u015b\u0107 lub pi\u0107. Nasi eksperci w Bozita doradz\u0105 Ci, co robi\u0107.\" \/>\n<meta name=\"robots\" content=\"index, follow, max-snippet:-1, max-image-preview:large, max-video-preview:-1\" \/>\n<link rel=\"canonical\" href=\"https:\/\/bozita.com\/pl\/karma-dla-kotow\/zywienie-i-dieta\/co-robic-gdy-kot-nie-chce-jesc-lub-pic\/\" \/>\n<meta property=\"og:locale\" content=\"pl_PL\" \/>\n<meta property=\"og:type\" content=\"article\" \/>\n<meta property=\"og:title\" content=\"Co robi\u0107, gdy kot nie chce je\u015b\u0107 lub pi\u0107? | Bozita Polska\" \/>\n<meta property=\"og:description\" content=\"Istnieje wiele powod\u00f3w, dla kt\u00f3rych kot nie chce je\u015b\u0107 lub pi\u0107. Nasi eksperci w Bozita doradz\u0105 Ci, co robi\u0107.\" \/>\n<meta property=\"og:url\" content=\"https:\/\/bozita.com\/pl\/karma-dla-kotow\/zywienie-i-dieta\/co-robic-gdy-kot-nie-chce-jesc-lub-pic\/\" \/>\n<meta property=\"og:site_name\" content=\"Bozita Polska\" \/>\n<meta property=\"article:modified_time\" content=\"2022-09-29T05:55:53+00:00\" \/>\n<meta property=\"og:image\" content=\"https:\/\/bozita.com\/pl\/wp-content\/uploads\/sites\/9\/2021\/08\/bozita-katt-ater-inte-dricker-inte-krasen-dalig-aptit.jpg\" \/>\n\t<meta property=\"og:image:width\" content=\"800\" \/>\n\t<meta property=\"og:image:height\" content=\"533\" \/>\n\t<meta property=\"og:image:type\" content=\"image\/jpeg\" \/>\n<meta name=\"twitter:card\" content=\"summary_large_image\" \/>\n<!-- \/ Yoast SEO plugin. -->","yoast_head_json":{"title":"Co robi\u0107, gdy kot nie chce je\u015b\u0107 lub pi\u0107? | Bozita Polska","description":"Istnieje wiele powod\u00f3w, dla kt\u00f3rych kot nie chce je\u015b\u0107 lub pi\u0107. Nasi eksperci w Bozita doradz\u0105 Ci, co robi\u0107.","robots":{"index":"index","follow":"follow","max-snippet":"max-snippet:-1","max-image-preview":"max-image-preview:large","max-video-preview":"max-video-preview:-1"},"canonical":"https:\/\/bozita.com\/pl\/karma-dla-kotow\/zywienie-i-dieta\/co-robic-gdy-kot-nie-chce-jesc-lub-pic\/","og_locale":"pl_PL","og_type":"article","og_title":"Co robi\u0107, gdy kot nie chce je\u015b\u0107 lub pi\u0107? | Bozita Polska","og_description":"Istnieje wiele powod\u00f3w, dla kt\u00f3rych kot nie chce je\u015b\u0107 lub pi\u0107. Nasi eksperci w Bozita doradz\u0105 Ci, co robi\u0107.","og_url":"https:\/\/bozita.com\/pl\/karma-dla-kotow\/zywienie-i-dieta\/co-robic-gdy-kot-nie-chce-jesc-lub-pic\/","og_site_name":"Bozita Polska","article_modified_time":"2022-09-29T05:55:53+00:00","og_image":[{"width":800,"height":533,"url":"https:\/\/bozita.com\/pl\/wp-content\/uploads\/sites\/9\/2021\/08\/bozita-katt-ater-inte-dricker-inte-krasen-dalig-aptit.jpg","type":"image\/jpeg"}],"twitter_card":"summary_large_image","schema":{"@context":"https:\/\/schema.org","@graph":[{"@type":"WebPage","@id":"https:\/\/bozita.com\/pl\/karma-dla-kotow\/zywienie-i-dieta\/co-robic-gdy-kot-nie-chce-jesc-lub-pic\/","url":"https:\/\/bozita.com\/pl\/karma-dla-kotow\/zywienie-i-dieta\/co-robic-gdy-kot-nie-chce-jesc-lub-pic\/","name":"Co robi\u0107, gdy kot nie chce je\u015b\u0107 lub pi\u0107? | Bozita Polska","isPartOf":{"@id":"https:\/\/bozita.com\/pl\/#website"},"datePublished":"2021-08-11T17:34:51+00:00","dateModified":"2022-09-29T05:55:53+00:00","description":"Istnieje wiele powod\u00f3w, dla kt\u00f3rych kot nie chce je\u015b\u0107 lub pi\u0107. Nasi eksperci w Bozita doradz\u0105 Ci, co robi\u0107.","breadcrumb":{"@id":"https:\/\/bozita.com\/pl\/karma-dla-kotow\/zywienie-i-dieta\/co-robic-gdy-kot-nie-chce-jesc-lub-pic\/#breadcrumb"},"inLanguage":"pl-PL","potentialAction":[{"@type":"ReadAction","target":["https:\/\/bozita.com\/pl\/karma-dla-kotow\/zywienie-i-dieta\/co-robic-gdy-kot-nie-chce-jesc-lub-pic\/"]}]},{"@type":"BreadcrumbList","@id":"https:\/\/bozita.com\/pl\/karma-dla-kotow\/zywienie-i-dieta\/co-robic-gdy-kot-nie-chce-jesc-lub-pic\/#breadcrumb","itemListElement":[{"@type":"ListItem","position":1,"name":"Home","item":"https:\/\/bozita.com\/pl\/"},{"@type":"ListItem","position":2,"name":"Karma dla kota od Bozita &#8211; naturalne \u017cywienie kota","item":"https:\/\/bozita.com\/pl\/karma-dla-kotow\/"},{"@type":"ListItem","position":3,"name":"\u017bywienie kota i Dieta dla kota","item":"https:\/\/bozita.com\/pl\/karma-dla-kotow\/zywienie-i-dieta\/"},{"@type":"ListItem","position":4,"name":"Co robi\u0107, gdy kot nie chce je\u015b\u0107 lub pi\u0107?"}]},{"@type":"WebSite","@id":"https:\/\/bozita.com\/pl\/#website","url":"https:\/\/bozita.com\/pl\/","name":"Bozita Polska","description":"","potentialAction":[{"@type":"SearchAction","target":{"@type":"EntryPoint","urlTemplate":"https:\/\/bozita.com\/pl\/?s={search_term_string}"},"query-input":"required name=search_term_string"}],"inLanguage":"pl-PL"}]}},"_links":{"self":[{"href":"https:\/\/bozita.com\/pl\/wp-json\/wp\/v2\/pages\/6785"}],"collection":[{"href":"https:\/\/bozita.com\/pl\/wp-json\/wp\/v2\/pages"}],"about":[{"href":"https:\/\/bozita.com\/pl\/wp-json\/wp\/v2\/types\/page"}],"author":[{"embeddable":true,"href":"https:\/\/bozita.com\/pl\/wp-json\/wp\/v2\/users\/1"}],"replies":[{"embeddable":true,"href":"https:\/\/bozita.com\/pl\/wp-json\/wp\/v2\/comments?post=6785"}],"version-history":[{"count":7,"href":"https:\/\/bozita.com\/pl\/wp-json\/wp\/v2\/pages\/6785\/revisions"}],"predecessor-version":[{"id":9472,"href":"https:\/\/bozita.com\/pl\/wp-json\/wp\/v2\/pages\/6785\/revisions\/9472"}],"up":[{"embeddable":true,"href":"https:\/\/bozita.com\/pl\/wp-json\/wp\/v2\/pages\/6774"}],"wp:featuredmedia":[{"embeddable":true,"href":"https:\/\/bozita.com\/pl\/wp-json\/wp\/v2\/media\/6786"}],"wp:attachment":[{"href":"https:\/\/bozita.com\/pl\/wp-json\/wp\/v2\/media?parent=6785"}],"curies":[{"name":"wp","href":"https:\/\/api.w.org\/{rel}","templated":true}]}}