{"id":6787,"date":"2021-08-11T17:34:40","date_gmt":"2021-08-11T17:34:40","guid":{"rendered":"https:\/\/bozita.com\/pl\/zycie-z-kotem\/rozwoj-kotow\/jak-powinno-wygladac-tresowanie-kota-lub-kociaka\/"},"modified":"2022-09-29T06:58:38","modified_gmt":"2022-09-29T06:58:38","slug":"jak-powinno-wygladac-tresowanie-kota-lub-kociaka","status":"publish","type":"page","link":"https:\/\/bozita.com\/pl\/zycie-z-kotem\/rozwoj-kotow\/jak-powinno-wygladac-tresowanie-kota-lub-kociaka\/","title":{"rendered":"Jak powinno wygl\u0105da\u0107 tresowanie kota lub kociaka?"},"content":{"rendered":"\t\t<section class=\"small-hero\">\n\t\t\t<div class=\"container\">\n\t\t\t\t<h1 class=\"small-hero-title\">JAK POWINNO WYGL\u0104DA\u0106 TRESOWANIE KOTA LUB KOCIAKA?<\/h1>\t\t\t<\/div>\n\t\t\t<\/div>\n\t\t<\/section>\n\t\n\n\t<div class=\"text-box-warp\">\n\t\t<div class=\"container\">\n\t\t\t<div class=\"text-content\">\n\t\t\t\t<p><strong>Czas wizyt\u0119 u weterynarza albo wyjazd na dzia\u0142k\u0119? Te sytuacje mog\u0105 sta\u0107 si\u0119 \u017ar\u00f3d\u0142em stresu zar\u00f3wno dla kota, jak i jego w\u0142a\u015bciciela. Koty maj\u0105 swoje nawyki i czuj\u0105 si\u0119 bezpiecznie w znanym otoczeniu. Podr\u00f3\u017ce lub wizyty u weterynarza nie musz\u0105 jednak by\u0107 zwi\u0105zane z niepokojem i stresem. Istniej\u0105 metody, kt\u00f3rych mo\u017cesz u\u017cy\u0107, aby przyzwyczai\u0107 swojego kota lub kociaka do nowych rzeczy. Dzi\u0119ki temu zmniejszysz ryzyko pojawienia si\u0119 negatywnych emocji u kota.<\/strong><\/p>\n<h2>TRESOWANIE KOTA ZA POMOC\u0104 NAGR\u00d3D<\/h2>\n<p>Jako w\u0142a\u015bciciele zwierz\u0105t zak\u0142adamy, \u017ce koty poradz\u0105 sobie z r\u00f3\u017cnymi codziennymi sytuacjami, kt\u00f3re niekoniecznie b\u0119d\u0105 dla nich naturalne, jak np. przew\u00f3z samochodem, wizyta u weterynarza lub codzienna piel\u0119gnacja np. obcinanie pazur\u00f3w czy szczotkowanie z\u0119b\u00f3w. Mo\u017cesz jednak pom\u00f3c swojemu kociakowi przyzwyczai\u0107 si\u0119 do tych sytuacji dzi\u0119ki treningowi. Trening kota polega na nagrodzeniu kota, kiedy zachowa si\u0119 tak, jak tego oczekujemy i ignorowaniu zachowa\u0144 niepo\u017c\u0105danych. Technik\u0119 te okre\u015bla si\u0119 mianem \u201epozytywnego wzmocnienia\u201d. Nagroda mo\u017ce by\u0107 r\u00f3\u017cna w zale\u017cno\u015bci od kota, a mo\u017ce ni\u0105 by\u0107 np. smako\u0142yk, zabawa albo pieszczoty lub czesanie sier\u015bci. Wa\u017cne jest, \u017ceby kot odbiera\u0142 j\u0105 jako co\u015b pozytywnego.<\/p>\n<h2>TRESOWANIE KOTA I KOCIAKA KROK PO KROKU<\/h2>\n<p>Jednym ze sposob\u00f3w pracy z technik\u0105 pozytywnego wzmacniania jest podzielenie pozytywnych zachowa\u0144 na mniejsze grupy i trenowanie ich po kolei. Dzi\u0119ki temu b\u0119dziesz m\u00f3g\u0142 p\u00f3\u017aniej po\u0142\u0105czy\u0107 cz\u0119\u015bci, kt\u00f3re zapewni\u0105 ca\u0142okszta\u0142t dobrych zachowa\u0144. Mo\u017cesz u\u017cy\u0107 tej metody, kiedy Tw\u00f3j kot staje przed now\u0105 sytuacj\u0105 np. szczotkowaniem z\u0119b\u00f3w, obcinaniem pazur\u00f3w albo przyzwyczajeniem si\u0119 do przebywania w transporterze. Stworzenie pozytywnej atmosfery i konotacji podczas przyzwyczajania kota do transportera oka\u017ce si\u0119 pomocne p\u00f3\u017aniej w wielu innych momentach.<\/p>\n<h2>JAK PRZEPROWADZI\u0106 TRENING KOTA?<\/h2>\n<p>Oto przyk\u0142ad treningu dla kociaka, kt\u00f3ry pomo\u017ce mu nie tylko przyzwyczai\u0107 si\u0119 do transportera, ale nawet go polubi\u0107. Opisanego tu sposobu dzielenia po\u017c\u0105danych zachowa\u0144 na mniejsze etapy mo\u017cemy u\u017cy\u0107 te\u017c podczas przyzwyczajania kota np. do obcinania pazur\u00f3w lub chodzenia na smyczy. Do nagrodzenia kota mo\u017cemy u\u017cy\u0107 smako\u0142yk\u00f3w, a tak\u017ce wsp\u00f3lnej zabawy lub przytulania, w zale\u017cno\u015bci od tego, co lubi Tw\u00f3j kociak. Je\u015bli przy kt\u00f3rejkolwiek z czynno\u015bci zauwa\u017cysz, \u017ce kociak wydaje si\u0119 by\u0107 spi\u0119ty, spr\u00f3buj wr\u00f3ci\u0107 si\u0119 do poprzednich krok\u00f3w treningu i nie naciska\u0107.<\/p>\n<ol>\n<li><strong>Trening kota u\u0142atwiaj\u0105cy przyzwyczajenie go do transportera\u00a0<\/strong><br \/>\nStw\u00f3rz pozytywne uczucia wobec transportera pozwalaj\u0105c mu sta\u0107 z otwartymi drzwiczkami i zach\u0119\u0107 kociaka smako\u0142ykami do zbli\u017cenia si\u0119 do transportera, a potem wej\u015bcia do \u015brodka.<\/li>\n<li><strong>Przeprowad\u017a trening kota przyzwyczajaj\u0105c go do przebywania w transporterze<\/strong><br \/>\nKiedy kociak zacznie czu\u0107 si\u0119 wygodnie b\u0119d\u0105c w transporterze i wchodzi do niego samodzielnie mo\u017cesz zamkn\u0105\u0107 drzwiczki. Najpierw przymknij je, daj kotu nagrod\u0119, a nast\u0119pnie otw\u00f3rz drzwi. Powoli zwi\u0119kszaj czas z zamkni\u0119tymi drzwiczkami do np. 3 sekund, daj kotu nagrod\u0119, a nast\u0119pnie otw\u00f3rz drzwi. Kontynuuj zwi\u0119kszanie czasu i obserwuj reakcje kociaka.<\/li>\n<li><strong>Przyzwyczaj kociaka do poruszania transporterem<\/strong><br \/>\nKiedy kociak czuje si\u0119 komfortowo przebywaj\u0105c w transporterze przez d\u0142u\u017cszy czas (oko\u0142o 3 minut) mo\u017cesz spr\u00f3bowa\u0107 podnie\u015b\u0107 pude\u0142ko, postawi\u0107 je i da\u0107 kotu nagrod\u0119. Nast\u0119pnie przenie\u015b transporter z jednego miejsca na inne znajduj\u0105ce si\u0119 niedaleko. Wykonuj \u0107wiczenie w domu, p\u00f3\u017aniej spr\u00f3buj przenie\u015b\u0107 transporter do samochodu i z powrotem. Ca\u0142y czas stosuj nagradzanie kota.<\/li>\n<li><strong>Przyzwyczaj kota do podr\u00f3\u017cy w transporterze<\/strong><br \/>\nKiedy kociak radzi sobie z przenoszeniem, co zauwa\u017cysz w jego spokojnym zachowaniu i przyjmowaniu nagr\u00f3d, mo\u017cesz odpali\u0107 samoch\u00f3d i przejecha\u0107 niewielk\u0105 odleg\u0142o\u015b\u0107. Ca\u0142y czas kontynuuj podawanie kotu nagr\u00f3d. Dobr\u0105 wskaz\u00f3wk\u0105 jest zako\u0144czenie pierwszych podr\u00f3\u017cy czym\u015b, co kociak odbierze pozytywnie np. wyj\u015bciem z transportera i otrzymaniem ulubionego jedzenia.<\/li>\n<li><strong>Utrzymuj pozytywne skojarzenia z transporterem<\/strong><br \/>\nJe\u015bli mo\u017cesz postaraj si\u0119, aby otwarty transporter by\u0142 na sta\u0142e obecny w otoczeniu kota, \u017ceby m\u00f3g\u0142 on ca\u0142y czas czu\u0107 si\u0119 w nim bezpiecznie. Dobrze jest r\u00f3wnie\u017c wci\u0105\u017c od czasu do czasu nagradza\u0107 kota, kiedy sam wejdzie do transportera.<\/li>\n<\/ol>\n<h2>TRESOWANIE KOTA PRZY WYKORZYSTANIU POZYTYWNYCH DO\u015aWIADCZE\u0143<\/h2>\n<p>Zawsze lepiej jest, kiedy kociak b\u0119dzie mia\u0142 pozytywne do\u015bwiadczenie w nowej sytuacji ni\u017c je\u015bli b\u0119dziemy pr\u00f3bowa\u0107 naprawi\u0107 negatywne skojarzenia po fakcie daj\u0105c mu nagrody. Dlatego dobrze jest, je\u015bli jego pierwsza wizyta u weterynarza nie ko\u0144czy si\u0119 zastrzykiem lub badaniem, ale pysznym smako\u0142ykiem. Wiele lecznic oferuje mo\u017cliwo\u015b\u0107 wizyty sk\u0142adaj\u0105cej si\u0119 wy\u0142\u0105cznie z wyj\u015bcia z transportera, g\u0142askania i otrzymania smako\u0142yku. Dobre pierwsze do\u015bwiadczenie u weterynarza u\u0142atwi personelowi kliniki przysz\u0142e wizyty i ewentualne leczenie.<\/p>\n<h2>KIEDY KOT TRENUJE NAS<\/h2>\n<p>Nie tylko my trenujemy nasze koty, one r\u00f3wnie\u017c \u201etrenuj\u0105\u201d nas. Koty szybko ucz\u0105 si\u0119 \u0142\u0105czy\u0107 swoje zachowanie (reakcje) z przyjemnymi skutkami i nagrodami. Mo\u017ce to by\u0107 np. miauczenie w nocy skutkuj\u0105ce wi\u0119ksz\u0105 ilo\u015bci\u0105 jedzenia (nagroda) lub drapanie drzwi wej\u015bciowych skutkuj\u0105ce otworzenie drzwi (nagroda). Dlatego wa\u017cne jest, aby\u015b przemy\u015bla\u0142, kt\u00f3re zachowanie jeste\u015b w stanie zaakceptowa\u0107 jako w\u0142a\u015bciciel kota i nagradza\u0142 wy\u0142\u0105cznie te zachowania. Je\u015bli zdarzy\u0142o Ci si\u0119 ju\u017c nagrodzi\u0107 niepo\u017c\u0105dane zachowanie pami\u0119taj, \u017ce \u0142atwiej jest zmieni\u0107 z\u0142e zachowanie w akceptowalne ni\u017c zupe\u0142nie oduczy\u0107 kota takiego zachowania. Je\u015bli kot drapie drzwi, aby pokaza\u0107, \u017ce chce wyj\u015b\u0107 mo\u017cesz znale\u017a\u0107 z\u0142oty \u015brodek i akceptowalne zachowanie dzi\u0119ki np. zawieszeniu zabawki dla kota na drzwiach lub ignorowaniu go, co mo\u017ce pom\u00f3c w oduczeniu go tego zachowania.<\/p>\n\t\t\t<\/div>\n\t\t<\/div>\n\t<\/div>\n\n\n\n\t<section class=\"block related-articles\">\n\t\t<div class=\"container\">\n\t\t\t<h2>Artyku\u0142y powi\u0105zane<\/h2>\n\t\t\t<div class=\"row justify-content-center\">\n\t\t\t\t\t\t\t\t\t\t<div class=\"col-sm-6 col-md-6 col-lg-3\">\n\t\t\t\t\t\t\t\t\t\t\t\t\t\t<div class=\"card \">\n\t\t\t\t\t\t\t\t\t\t\t\t\t\t\t\t\t<img decoding=\"async\"  src=\"https:\/\/bozita.com\/pl\/wp-content\/uploads\/sites\/9\/2021\/08\/bozita-socialisera-kattunge.jpg\" alt=\"\">\n\t\t\t\t\t\t\t\t\t\t\t\t\t\t\t\t\t<!-- <img decoding=\"async\" src=\"\n\t\t\t\t\t\t\t\t\t\t\t\t\t\t\t\t\t\t\t\t\" alt=\"\n\t\t\t\t\t\t\t\t\t\t\t\t\t\t\t\t\t\t\t\t\t\t\t\t\t\t\t\"> -->\n\t\t\t\t\t\t\t\t<div class=\"card-body\">\n\t\t\t\t\t\t\t\t\t\t\t\t\t\t\t\t\t\t\t<h6>Rozw\u00f3j koci\u0105t &#8211; pierwsze chwile kota w domu<\/h6>\n\t\t\t\t\t\t\t\t\t\t\t\t\t\t\t\t\t\t\t<a href=\"https:\/\/bozita.com\/pl\/zycie-z-kotem\/rozwoj-kotow\/kocieta-rozwoj-i-socjalizacja\/\">Czytaj wi\u0119cej &nbsp; ><\/a>\n\t\t\t\t\t\t\t\t<\/div>\n\t\t\t\t\t\t\t<\/div>\n\t\t\t\t\t\t<\/div>\n\n\t\t\t\t\t\t\t\t\t\t\t<div class=\"col-sm-6 col-md-6 col-lg-3\">\n\t\t\t\t\t\t\t\t\t\t\t\t\t\t<div class=\"card \">\n\t\t\t\t\t\t\t\t\t\t\t\t\t\t\t\t\t<img decoding=\"async\"  src=\"https:\/\/bozita.com\/pl\/wp-content\/uploads\/sites\/9\/2021\/08\/bozita-introducera-katter-for-varandra-elin-hirsch.jpg\" alt=\"\">\n\t\t\t\t\t\t\t\t\t\t\t\t\t\t\t\t\t<!-- <img decoding=\"async\" src=\"\n\t\t\t\t\t\t\t\t\t\t\t\t\t\t\t\t\t\t\t\t\" alt=\"\n\t\t\t\t\t\t\t\t\t\t\t\t\t\t\t\t\t\t\t\t\t\t\t\t\t\t\t\"> -->\n\t\t\t\t\t\t\t\t<div class=\"card-body\">\n\t\t\t\t\t\t\t\t\t\t\t\t\t\t\t\t\t\t\t<h6>Nowy kot w domu<\/h6>\n\t\t\t\t\t\t\t\t\t\t\t\t\t\t\t\t\t\t\t<a href=\"https:\/\/bozita.com\/pl\/zycie-z-kotem\/rozwoj-kotow\/jak-wprowadzic-nowego-kota-do-domu-w-ktorym-mieszkaja-inne-koty\/\">Czytaj wi\u0119cej &nbsp; ><\/a>\n\t\t\t\t\t\t\t\t<\/div>\n\t\t\t\t\t\t\t<\/div>\n\t\t\t\t\t\t<\/div>\n\n\t\t\t\t\t\t\t\t\t\t\t<div class=\"col-sm-6 col-md-6 col-lg-3\">\n\t\t\t\t\t\t\t\t\t\t\t\t\t\t<div class=\"card \">\n\t\t\t\t\t\t\t\t\t\t\t\t\t\t\t\t\t<img decoding=\"async\"  src=\"https:\/\/bozita.com\/pl\/wp-content\/uploads\/sites\/9\/2021\/08\/bozita-introducera-katt-hund.jpg\" alt=\"\">\n\t\t\t\t\t\t\t\t\t\t\t\t\t\t\t\t\t<!-- <img decoding=\"async\" src=\"\n\t\t\t\t\t\t\t\t\t\t\t\t\t\t\t\t\t\t\t\t\" alt=\"\n\t\t\t\t\t\t\t\t\t\t\t\t\t\t\t\t\t\t\t\t\t\t\t\t\t\t\t\"> -->\n\t\t\t\t\t\t\t\t<div class=\"card-body\">\n\t\t\t\t\t\t\t\t\t\t\t\t\t\t\t\t\t\t\t<h6>Zapoznanie kota z psem &#8211; poradnik<\/h6>\n\t\t\t\t\t\t\t\t\t\t\t\t\t\t\t\t\t\t\t<a href=\"https:\/\/bozita.com\/pl\/zycie-z-kotem\/rozwoj-kotow\/jak-zapoznac-kota-z-psem-w-trzech-prostych-krokach\/\">Czytaj wi\u0119cej &nbsp; ><\/a>\n\t\t\t\t\t\t\t\t<\/div>\n\t\t\t\t\t\t\t<\/div>\n\t\t\t\t\t\t<\/div>\n\n\t\t\t\t\t\t\t\t\t\t\t\t<\/div>\n\t\t<\/div>\n\t<\/section>\n","protected":false},"excerpt":{"rendered":"","protected":false},"author":1,"featured_media":6788,"parent":6689,"menu_order":0,"comment_status":"closed","ping_status":"closed","template":"guternberg.php","meta":{"footnotes":""},"acf":[],"yoast_head":"<!-- This site is optimized with the Yoast SEO plugin v21.3 - https:\/\/yoast.com\/wordpress\/plugins\/seo\/ -->\n<title>Jak powinno wygl\u0105da\u0107 tresowanie kota lub kociaka? | Bozita Polska<\/title>\n<meta name=\"description\" content=\"Tresowanie kota - jak nale\u017cy je przeprowadzi\u0107?. Koty reaguj\u0105 dobrze na nagrody podczas \u0107wicze\u0144. Trening kota umo\u017cliwi Ci przewo\u017cenie go w transporterze.\" \/>\n<meta name=\"robots\" content=\"index, follow, max-snippet:-1, max-image-preview:large, max-video-preview:-1\" \/>\n<link rel=\"canonical\" href=\"https:\/\/bozita.com\/pl\/zycie-z-kotem\/rozwoj-kotow\/jak-powinno-wygladac-tresowanie-kota-lub-kociaka\/\" \/>\n<meta property=\"og:locale\" content=\"pl_PL\" \/>\n<meta property=\"og:type\" content=\"article\" \/>\n<meta property=\"og:title\" content=\"Jak powinno wygl\u0105da\u0107 tresowanie kota lub kociaka? | Bozita Polska\" \/>\n<meta property=\"og:description\" content=\"Tresowanie kota - jak nale\u017cy je przeprowadzi\u0107?. Koty reaguj\u0105 dobrze na nagrody podczas \u0107wicze\u0144. Trening kota umo\u017cliwi Ci przewo\u017cenie go w transporterze.\" \/>\n<meta property=\"og:url\" content=\"https:\/\/bozita.com\/pl\/zycie-z-kotem\/rozwoj-kotow\/jak-powinno-wygladac-tresowanie-kota-lub-kociaka\/\" \/>\n<meta property=\"og:site_name\" content=\"Bozita Polska\" \/>\n<meta property=\"article:modified_time\" content=\"2022-09-29T06:58:38+00:00\" \/>\n<meta property=\"og:image\" content=\"https:\/\/bozita.com\/pl\/wp-content\/uploads\/sites\/9\/2021\/08\/bozita-trana-katt-kattunge.jpg\" \/>\n\t<meta property=\"og:image:width\" content=\"800\" \/>\n\t<meta property=\"og:image:height\" content=\"534\" \/>\n\t<meta property=\"og:image:type\" content=\"image\/jpeg\" \/>\n<meta name=\"twitter:card\" content=\"summary_large_image\" \/>\n<!-- \/ Yoast SEO plugin. -->","yoast_head_json":{"title":"Jak powinno wygl\u0105da\u0107 tresowanie kota lub kociaka? | Bozita Polska","description":"Tresowanie kota - jak nale\u017cy je przeprowadzi\u0107?. Koty reaguj\u0105 dobrze na nagrody podczas \u0107wicze\u0144. Trening kota umo\u017cliwi Ci przewo\u017cenie go w transporterze.","robots":{"index":"index","follow":"follow","max-snippet":"max-snippet:-1","max-image-preview":"max-image-preview:large","max-video-preview":"max-video-preview:-1"},"canonical":"https:\/\/bozita.com\/pl\/zycie-z-kotem\/rozwoj-kotow\/jak-powinno-wygladac-tresowanie-kota-lub-kociaka\/","og_locale":"pl_PL","og_type":"article","og_title":"Jak powinno wygl\u0105da\u0107 tresowanie kota lub kociaka? | Bozita Polska","og_description":"Tresowanie kota - jak nale\u017cy je przeprowadzi\u0107?. Koty reaguj\u0105 dobrze na nagrody podczas \u0107wicze\u0144. Trening kota umo\u017cliwi Ci przewo\u017cenie go w transporterze.","og_url":"https:\/\/bozita.com\/pl\/zycie-z-kotem\/rozwoj-kotow\/jak-powinno-wygladac-tresowanie-kota-lub-kociaka\/","og_site_name":"Bozita Polska","article_modified_time":"2022-09-29T06:58:38+00:00","og_image":[{"width":800,"height":534,"url":"https:\/\/bozita.com\/pl\/wp-content\/uploads\/sites\/9\/2021\/08\/bozita-trana-katt-kattunge.jpg","type":"image\/jpeg"}],"twitter_card":"summary_large_image","schema":{"@context":"https:\/\/schema.org","@graph":[{"@type":"WebPage","@id":"https:\/\/bozita.com\/pl\/zycie-z-kotem\/rozwoj-kotow\/jak-powinno-wygladac-tresowanie-kota-lub-kociaka\/","url":"https:\/\/bozita.com\/pl\/zycie-z-kotem\/rozwoj-kotow\/jak-powinno-wygladac-tresowanie-kota-lub-kociaka\/","name":"Jak powinno wygl\u0105da\u0107 tresowanie kota lub kociaka? | Bozita Polska","isPartOf":{"@id":"https:\/\/bozita.com\/pl\/#website"},"datePublished":"2021-08-11T17:34:40+00:00","dateModified":"2022-09-29T06:58:38+00:00","description":"Tresowanie kota - jak nale\u017cy je przeprowadzi\u0107?. Koty reaguj\u0105 dobrze na nagrody podczas \u0107wicze\u0144. Trening kota umo\u017cliwi Ci przewo\u017cenie go w transporterze.","breadcrumb":{"@id":"https:\/\/bozita.com\/pl\/zycie-z-kotem\/rozwoj-kotow\/jak-powinno-wygladac-tresowanie-kota-lub-kociaka\/#breadcrumb"},"inLanguage":"pl-PL","potentialAction":[{"@type":"ReadAction","target":["https:\/\/bozita.com\/pl\/zycie-z-kotem\/rozwoj-kotow\/jak-powinno-wygladac-tresowanie-kota-lub-kociaka\/"]}]},{"@type":"BreadcrumbList","@id":"https:\/\/bozita.com\/pl\/zycie-z-kotem\/rozwoj-kotow\/jak-powinno-wygladac-tresowanie-kota-lub-kociaka\/#breadcrumb","itemListElement":[{"@type":"ListItem","position":1,"name":"Home","item":"https:\/\/bozita.com\/pl\/"},{"@type":"ListItem","position":2,"name":"Kupno kota i \u017cycie z nim. Porady dla pocz\u0105tkuj\u0105cych","item":"https:\/\/bozita.com\/pl\/zycie-z-kotem\/"},{"@type":"ListItem","position":3,"name":"Poznaj etapy rozwoju kota i zosta\u0144 dobrym opiekunem","item":"https:\/\/bozita.com\/pl\/zycie-z-kotem\/rozwoj-kotow\/"},{"@type":"ListItem","position":4,"name":"Jak powinno wygl\u0105da\u0107 tresowanie kota lub kociaka?"}]},{"@type":"WebSite","@id":"https:\/\/bozita.com\/pl\/#website","url":"https:\/\/bozita.com\/pl\/","name":"Bozita Polska","description":"","potentialAction":[{"@type":"SearchAction","target":{"@type":"EntryPoint","urlTemplate":"https:\/\/bozita.com\/pl\/?s={search_term_string}"},"query-input":"required name=search_term_string"}],"inLanguage":"pl-PL"}]}},"_links":{"self":[{"href":"https:\/\/bozita.com\/pl\/wp-json\/wp\/v2\/pages\/6787"}],"collection":[{"href":"https:\/\/bozita.com\/pl\/wp-json\/wp\/v2\/pages"}],"about":[{"href":"https:\/\/bozita.com\/pl\/wp-json\/wp\/v2\/types\/page"}],"author":[{"embeddable":true,"href":"https:\/\/bozita.com\/pl\/wp-json\/wp\/v2\/users\/1"}],"replies":[{"embeddable":true,"href":"https:\/\/bozita.com\/pl\/wp-json\/wp\/v2\/comments?post=6787"}],"version-history":[{"count":7,"href":"https:\/\/bozita.com\/pl\/wp-json\/wp\/v2\/pages\/6787\/revisions"}],"predecessor-version":[{"id":9505,"href":"https:\/\/bozita.com\/pl\/wp-json\/wp\/v2\/pages\/6787\/revisions\/9505"}],"up":[{"embeddable":true,"href":"https:\/\/bozita.com\/pl\/wp-json\/wp\/v2\/pages\/6689"}],"wp:featuredmedia":[{"embeddable":true,"href":"https:\/\/bozita.com\/pl\/wp-json\/wp\/v2\/media\/6788"}],"wp:attachment":[{"href":"https:\/\/bozita.com\/pl\/wp-json\/wp\/v2\/media?parent=6787"}],"curies":[{"name":"wp","href":"https:\/\/api.w.org\/{rel}","templated":true}]}}