{"id":6789,"date":"2021-08-11T17:34:31","date_gmt":"2021-08-11T17:34:31","guid":{"rendered":"https:\/\/bozita.com\/pl\/bezpieczne-swieta-dla-kota\/"},"modified":"2022-09-29T07:04:30","modified_gmt":"2022-09-29T07:04:30","slug":"bezpieczne-swieta-dla-kota","status":"publish","type":"page","link":"https:\/\/bozita.com\/pl\/zycie-z-kotem\/zdrowie-kota\/bezpieczne-swieta-dla-kota\/","title":{"rendered":"Bezpieczne \u015bwi\u0119ta dla kota"},"content":{"rendered":"\t\t<section class=\"small-hero\">\n\t\t\t<div class=\"container\">\n\t\t\t\t<h1 class=\"small-hero-title\">BEZPIECZNE \u015aWI\u0118TA DLA KOTA<\/h1>\t\t\t<\/div>\n\t\t\t<\/div>\n\t\t<\/section>\n\t\n\n\t<div class=\"text-box-warp\">\n\t\t<div class=\"container\">\n\t\t\t<div class=\"text-content\">\n\t\t\t\t<p><strong>\u015awi\u0119ta Bo\u017cego Narodzenia ju\u017c tu\u017c tu\u017c i chocia\u017c jest to czas pe\u0142en domowego ciep\u0142a i rado\u015bci, dekoracji i \u015bwiate\u0142, wi\u0105\u017ce si\u0119 to r\u00f3wnie\u017c z wieloma zagro\u017ceniami dla Twojego kota. Zebrali\u015bmy niekt\u00f3re z najcz\u0119stszych zagro\u017ce\u0144 zwi\u0105zanych z Bo\u017cym Narodzeniem i mo\u017cliwych rozwi\u0105za\u0144 &#8211; wszystko po to, aby upewni\u0107 si\u0119, \u017ce masz najlepsze warunki do przytulnego \u015bwi\u0105tecznego wypoczynku z kotem. Bozita \u017cyczy wszystkim Weso\u0142ych \u015awi\u0105t!<\/strong><\/p>\n<h2>CHOINKA I \u015aWI\u0104TECZNE OZDOBY<\/h2>\n<p>Teoretycznie nie mo\u017cna zrobi\u0107 nic lepszego dla swojego kota, jak wstawi\u0107 drzewo do domu. Drzewo z migaj\u0105cymi \u015bwiate\u0142kami, \u0142a\u0144cuchem i wisz\u0105cymi ozdobami przypominaj\u0105cymi pi\u0142ki i pi\u00f3rka to jet po prostu raj!<\/p>\n<ul>\n<li><strong>Ryzyko\u00a0<\/strong>\u2013 Choinka mo\u017ce si\u0119 przewr\u00f3ci\u0107, a anielskie w\u0142osy popularna lameta czy \u0142a\u0144cuchy stanowi\u0105 \u015bmiertelne niebezpiecze\u0144stwo je\u015bli zwierzak to zje!<\/li>\n<li><strong>Rozwi\u0105zanie\u00a0<\/strong>\u2013 Stabilnie ustaw choink\u0119 najlepiej dzie\u0144 wcze\u015bniej, aby kot si\u0119 przyzwyczai\u0142. Mo\u017cesz przystroi\u0107 choink\u0119 w ekologiczne ozdoby z drewna, s\u0142omy czy filcu. Zabezpiecz kable od \u015bwiate\u0142ek choinkowych tak \u00a0by kot, ani jego z\u0119by, nie mia\u0142y do nich dost\u0119pu.Mo\u017cesz te\u017c powiesi\u0107 na choince cytrusowe ozdoby \u2013 koty nie lubi\u0105 zapachu cytryny.<\/li>\n<\/ul>\n<h2>\u015aWI\u0104TECZNY ZGIE\u0141K<\/h2>\n<p>\u015awi\u0119ta to czas zmian \u2013 wygl\u0105d domu, zapachy, d\u017awi\u0119ki, smaki, go\u015bcie (cz\u0119sto dzieci). Nie wszyscy zdaj\u0105 sobie spraw\u0119 z tego, \u017ce kot to nie pluszak a na przywilej przytulania i g\u0142askania trzeba sobie zas\u0142u\u017cy\u0107.<\/p>\n<ul>\n<li><strong>Rozwi\u0105zanie<\/strong>\u00a0\u2013 Zapewnij kotu bezpieczny, cichy k\u0105t, w kt\u00f3rym b\u0119dzie mia\u0142 sw\u00f3j azyl podczas nadchodz\u0105cego zgie\u0142ku. A go\u015bciom wyt\u0142umacz zasady kociego savoir-vivre.<\/li>\n<\/ul>\n<h2>TRUJ\u0104CE RO\u015aLINY \u015aWI\u0104TECZNE<\/h2>\n<p>Je\u017celi chcesz sp\u0119dzi\u0107 bezpieczne \u015bwi\u0119ta, pami\u0119taj, \u017ce w kocim domu jemio\u0142a i gwiazda betlejemska s\u0105 zakazane! Te ro\u015bliny s\u0105 toksyczne dla kota.<\/p>\n<ul>\n<li><strong>Ryzyko<\/strong>\u00a0\u2013 Rosliny truj\u0105ce dla kota posiadaj\u0105 podst\u0119pne toksyny. Lilie np. mog\u0105 zatru\u0107 kota powietrznym py\u0142kiem. Zatrucie pojawia si\u0119 g\u0142\u00f3wnie w postaci wymiot\u00f3w, biegunki i senno\u015bci.<\/li>\n<li><strong>Rozwi\u0105zanie<\/strong>\u00a0\u2013 Unikaj truj\u0105cych ro\u015blin lub umieszczaj je w miejscach niedost\u0119pnych dla kota. Nigdy nie wno\u015b do domu lilii.<\/li>\n<\/ul>\n<h2>\u015aWI\u0104TECZNE PODJADANIE<\/h2>\n<p>Koty na odleg\u0142o\u015b\u0107 wyczuwaj\u0105 ludzkie s\u0142abo\u015bci, momentalnie zjawi\u0105 sie przy kuchennym blacie lub \u015bwi\u0105tecznym stole.<\/p>\n<ul>\n<li><strong>Ryzyko<\/strong>\u00a0\u2013 Ryba z o\u015b\u0107mi, rodzynki z ciasta, polewa czekoladowa, \u015bwi\u0105teczna szyneczka.<\/li>\n<li><strong>Rozwi\u0105zanie<\/strong>\u00a0\u2013 Kocia dieta powinna byc taka sama jak zazwyczaj, je\u015bli musimy czym\u015b pocz\u0119stowa\u0107 kota to niech to b\u0119dzie kawa\u0142ek gotowanego mi\u0119sa lub odrobina \u015bmietanki.<\/li>\n<\/ul>\n\t\t\t<\/div>\n\t\t<\/div>\n\t<\/div>\n\n\n\n\t<section class=\"block related-articles\">\n\t\t<div class=\"container\">\n\t\t\t<h2>Artyku\u0142y powi\u0105zane<\/h2>\n\t\t\t<div class=\"row justify-content-center\">\n\t\t\t\t\t\t\t\t\t\t<div class=\"col-sm-6 col-md-6 col-lg-3\">\n\t\t\t\t\t\t\t\t\t\t\t\t\t\t<div class=\"card \">\n\t\t\t\t\t\t\t\t\t\t\t\t\t\t\t\t\t<img decoding=\"async\"  src=\"https:\/\/bozita.com\/pl\/wp-content\/uploads\/sites\/9\/2021\/08\/bozita-kattens-historia-domesticering.jpg\" alt=\"\">\n\t\t\t\t\t\t\t\t\t\t\t\t\t\t\t\t\t<!-- <img decoding=\"async\" src=\"\n\t\t\t\t\t\t\t\t\t\t\t\t\t\t\t\t\t\t\t\t\" alt=\"\n\t\t\t\t\t\t\t\t\t\t\t\t\t\t\t\t\t\t\t\t\t\t\t\t\t\t\t\"> -->\n\t\t\t\t\t\t\t\t<div class=\"card-body\">\n\t\t\t\t\t\t\t\t\t\t\t\t\t\t\t\t\t\t\t<h6>Historia kot\u00f3w i ich udomowienia przez ludzi<\/h6>\n\t\t\t\t\t\t\t\t\t\t\t\t\t\t\t\t\t\t\t<a href=\"https:\/\/bozita.com\/pl\/zycie-z-kotem\/rozwoj-kotow\/historia-kotow\/\">Czytaj wi\u0119cej &nbsp; ><\/a>\n\t\t\t\t\t\t\t\t<\/div>\n\t\t\t\t\t\t\t<\/div>\n\t\t\t\t\t\t<\/div>\n\n\t\t\t\t\t\t\t\t\t\t\t<div class=\"col-sm-6 col-md-6 col-lg-3\">\n\t\t\t\t\t\t\t\t\t\t\t\t\t\t<div class=\"card \">\n\t\t\t\t\t\t\t\t\t\t\t\t\t\t\t\t\t<img decoding=\"async\"  src=\"https:\/\/bozita.com\/pl\/wp-content\/uploads\/sites\/9\/2021\/08\/bozita-introducera-katt-till-nytt-hem.jpg\" alt=\"\">\n\t\t\t\t\t\t\t\t\t\t\t\t\t\t\t\t\t<!-- <img decoding=\"async\" src=\"\n\t\t\t\t\t\t\t\t\t\t\t\t\t\t\t\t\t\t\t\t\" alt=\"\n\t\t\t\t\t\t\t\t\t\t\t\t\t\t\t\t\t\t\t\t\t\t\t\t\t\t\t\"> -->\n\t\t\t\t\t\t\t\t<div class=\"card-body\">\n\t\t\t\t\t\t\t\t\t\t\t\t\t\t\t\t\t\t\t<h6>Jak wprowadzi\u0107 nowego kota do domu?<\/h6>\n\t\t\t\t\t\t\t\t\t\t\t\t\t\t\t\t\t\t\t<a href=\"https:\/\/bozita.com\/pl\/zycie-z-kotem\/kupno-kota\/powitanie-kota-w-domu\/\">Czytaj wi\u0119cej &nbsp; ><\/a>\n\t\t\t\t\t\t\t\t<\/div>\n\t\t\t\t\t\t\t<\/div>\n\t\t\t\t\t\t<\/div>\n\n\t\t\t\t\t\t\t\t\t\t\t<div class=\"col-sm-6 col-md-6 col-lg-3\">\n\t\t\t\t\t\t\t\t\t\t\t\t\t\t<div class=\"card \">\n\t\t\t\t\t\t\t\t\t\t\t\t\t\t\t\t\t<img decoding=\"async\"  src=\"https:\/\/bozita.com\/pl\/wp-content\/uploads\/sites\/9\/2021\/08\/bozita-katt-ater-inte-dricker-inte-krasen-dalig-aptit.jpg\" alt=\"\">\n\t\t\t\t\t\t\t\t\t\t\t\t\t\t\t\t\t<!-- <img decoding=\"async\" src=\"\n\t\t\t\t\t\t\t\t\t\t\t\t\t\t\t\t\t\t\t\t\" alt=\"\n\t\t\t\t\t\t\t\t\t\t\t\t\t\t\t\t\t\t\t\t\t\t\t\t\t\t\t\"> -->\n\t\t\t\t\t\t\t\t<div class=\"card-body\">\n\t\t\t\t\t\t\t\t\t\t\t\t\t\t\t\t\t\t\t<h6>Co robi\u0107, gdy kot nie chce je\u015b\u0107 lub pi\u0107?<\/h6>\n\t\t\t\t\t\t\t\t\t\t\t\t\t\t\t\t\t\t\t<a href=\"https:\/\/bozita.com\/pl\/karma-dla-kotow\/zywienie-i-dieta\/co-robic-gdy-kot-nie-chce-jesc-lub-pic\/\">Czytaj wi\u0119cej &nbsp; ><\/a>\n\t\t\t\t\t\t\t\t<\/div>\n\t\t\t\t\t\t\t<\/div>\n\t\t\t\t\t\t<\/div>\n\n\t\t\t\t\t\t\t\t\t\t\t\t<\/div>\n\t\t<\/div>\n\t<\/section>\n","protected":false},"excerpt":{"rendered":"","protected":false},"author":1,"featured_media":6698,"parent":6814,"menu_order":0,"comment_status":"closed","ping_status":"closed","template":"guternberg.php","meta":{"footnotes":""},"acf":[],"yoast_head":"<!-- This site is optimized with the Yoast SEO plugin v21.3 - https:\/\/yoast.com\/wordpress\/plugins\/seo\/ -->\n<title>Bezpieczne \u015bwi\u0119ta dla kota | Bozita Polska<\/title>\n<meta name=\"description\" content=\"\u015awi\u0119ta Bo\u017cego Narodzenia ju\u017c tu\u017c tu\u017c i chocia\u017c jest to czas pe\u0142en domowego ciep\u0142a i rado\u015bci wi\u0105\u017ce si\u0119 to r\u00f3wnie\u017c z wieloma zagro\u017ceniami dla Twojego kota.\" \/>\n<meta name=\"robots\" content=\"index, follow, max-snippet:-1, max-image-preview:large, max-video-preview:-1\" \/>\n<link rel=\"canonical\" href=\"https:\/\/bozita.com\/pl\/zycie-z-kotem\/zdrowie-kota\/bezpieczne-swieta-dla-kota\/\" \/>\n<meta property=\"og:locale\" content=\"pl_PL\" \/>\n<meta property=\"og:type\" content=\"article\" \/>\n<meta property=\"og:title\" content=\"Bezpieczne \u015bwi\u0119ta dla kota | Bozita Polska\" \/>\n<meta property=\"og:description\" content=\"\u015awi\u0119ta Bo\u017cego Narodzenia ju\u017c tu\u017c tu\u017c i chocia\u017c jest to czas pe\u0142en domowego ciep\u0142a i rado\u015bci wi\u0105\u017ce si\u0119 to r\u00f3wnie\u017c z wieloma zagro\u017ceniami dla Twojego kota.\" \/>\n<meta property=\"og:url\" content=\"https:\/\/bozita.com\/pl\/zycie-z-kotem\/zdrowie-kota\/bezpieczne-swieta-dla-kota\/\" \/>\n<meta property=\"og:site_name\" content=\"Bozita Polska\" \/>\n<meta property=\"article:modified_time\" content=\"2022-09-29T07:04:30+00:00\" \/>\n<meta property=\"og:image\" content=\"https:\/\/bozita.com\/pl\/wp-content\/uploads\/sites\/9\/2021\/08\/bozita_swedish-natural-quality.jpg\" \/>\n\t<meta property=\"og:image:width\" content=\"800\" \/>\n\t<meta property=\"og:image:height\" content=\"533\" \/>\n\t<meta property=\"og:image:type\" content=\"image\/jpeg\" \/>\n<meta name=\"twitter:card\" content=\"summary_large_image\" \/>\n<!-- \/ Yoast SEO plugin. -->","yoast_head_json":{"title":"Bezpieczne \u015bwi\u0119ta dla kota | Bozita Polska","description":"\u015awi\u0119ta Bo\u017cego Narodzenia ju\u017c tu\u017c tu\u017c i chocia\u017c jest to czas pe\u0142en domowego ciep\u0142a i rado\u015bci wi\u0105\u017ce si\u0119 to r\u00f3wnie\u017c z wieloma zagro\u017ceniami dla Twojego kota.","robots":{"index":"index","follow":"follow","max-snippet":"max-snippet:-1","max-image-preview":"max-image-preview:large","max-video-preview":"max-video-preview:-1"},"canonical":"https:\/\/bozita.com\/pl\/zycie-z-kotem\/zdrowie-kota\/bezpieczne-swieta-dla-kota\/","og_locale":"pl_PL","og_type":"article","og_title":"Bezpieczne \u015bwi\u0119ta dla kota | Bozita Polska","og_description":"\u015awi\u0119ta Bo\u017cego Narodzenia ju\u017c tu\u017c tu\u017c i chocia\u017c jest to czas pe\u0142en domowego ciep\u0142a i rado\u015bci wi\u0105\u017ce si\u0119 to r\u00f3wnie\u017c z wieloma zagro\u017ceniami dla Twojego kota.","og_url":"https:\/\/bozita.com\/pl\/zycie-z-kotem\/zdrowie-kota\/bezpieczne-swieta-dla-kota\/","og_site_name":"Bozita Polska","article_modified_time":"2022-09-29T07:04:30+00:00","og_image":[{"width":800,"height":533,"url":"https:\/\/bozita.com\/pl\/wp-content\/uploads\/sites\/9\/2021\/08\/bozita_swedish-natural-quality.jpg","type":"image\/jpeg"}],"twitter_card":"summary_large_image","schema":{"@context":"https:\/\/schema.org","@graph":[{"@type":"WebPage","@id":"https:\/\/bozita.com\/pl\/zycie-z-kotem\/zdrowie-kota\/bezpieczne-swieta-dla-kota\/","url":"https:\/\/bozita.com\/pl\/zycie-z-kotem\/zdrowie-kota\/bezpieczne-swieta-dla-kota\/","name":"Bezpieczne \u015bwi\u0119ta dla kota | Bozita Polska","isPartOf":{"@id":"https:\/\/bozita.com\/pl\/#website"},"datePublished":"2021-08-11T17:34:31+00:00","dateModified":"2022-09-29T07:04:30+00:00","description":"\u015awi\u0119ta Bo\u017cego Narodzenia ju\u017c tu\u017c tu\u017c i chocia\u017c jest to czas pe\u0142en domowego ciep\u0142a i rado\u015bci wi\u0105\u017ce si\u0119 to r\u00f3wnie\u017c z wieloma zagro\u017ceniami dla Twojego kota.","breadcrumb":{"@id":"https:\/\/bozita.com\/pl\/zycie-z-kotem\/zdrowie-kota\/bezpieczne-swieta-dla-kota\/#breadcrumb"},"inLanguage":"pl-PL","potentialAction":[{"@type":"ReadAction","target":["https:\/\/bozita.com\/pl\/zycie-z-kotem\/zdrowie-kota\/bezpieczne-swieta-dla-kota\/"]}]},{"@type":"BreadcrumbList","@id":"https:\/\/bozita.com\/pl\/zycie-z-kotem\/zdrowie-kota\/bezpieczne-swieta-dla-kota\/#breadcrumb","itemListElement":[{"@type":"ListItem","position":1,"name":"Home","item":"https:\/\/bozita.com\/pl\/"},{"@type":"ListItem","position":2,"name":"Kupno kota i \u017cycie z nim. Porady dla pocz\u0105tkuj\u0105cych","item":"https:\/\/bozita.com\/pl\/zycie-z-kotem\/"},{"@type":"ListItem","position":3,"name":"Zdrowie kota i jego piel\u0119gnacja","item":"https:\/\/bozita.com\/pl\/zycie-z-kotem\/zdrowie-kota\/"},{"@type":"ListItem","position":4,"name":"Bezpieczne \u015bwi\u0119ta dla kota"}]},{"@type":"WebSite","@id":"https:\/\/bozita.com\/pl\/#website","url":"https:\/\/bozita.com\/pl\/","name":"Bozita Polska","description":"","potentialAction":[{"@type":"SearchAction","target":{"@type":"EntryPoint","urlTemplate":"https:\/\/bozita.com\/pl\/?s={search_term_string}"},"query-input":"required name=search_term_string"}],"inLanguage":"pl-PL"}]}},"_links":{"self":[{"href":"https:\/\/bozita.com\/pl\/wp-json\/wp\/v2\/pages\/6789"}],"collection":[{"href":"https:\/\/bozita.com\/pl\/wp-json\/wp\/v2\/pages"}],"about":[{"href":"https:\/\/bozita.com\/pl\/wp-json\/wp\/v2\/types\/page"}],"author":[{"embeddable":true,"href":"https:\/\/bozita.com\/pl\/wp-json\/wp\/v2\/users\/1"}],"replies":[{"embeddable":true,"href":"https:\/\/bozita.com\/pl\/wp-json\/wp\/v2\/comments?post=6789"}],"version-history":[{"count":7,"href":"https:\/\/bozita.com\/pl\/wp-json\/wp\/v2\/pages\/6789\/revisions"}],"predecessor-version":[{"id":9516,"href":"https:\/\/bozita.com\/pl\/wp-json\/wp\/v2\/pages\/6789\/revisions\/9516"}],"up":[{"embeddable":true,"href":"https:\/\/bozita.com\/pl\/wp-json\/wp\/v2\/pages\/6814"}],"wp:featuredmedia":[{"embeddable":true,"href":"https:\/\/bozita.com\/pl\/wp-json\/wp\/v2\/media\/6698"}],"wp:attachment":[{"href":"https:\/\/bozita.com\/pl\/wp-json\/wp\/v2\/media?parent=6789"}],"curies":[{"name":"wp","href":"https:\/\/api.w.org\/{rel}","templated":true}]}}