{"id":6791,"date":"2021-08-11T17:34:04","date_gmt":"2021-08-11T17:34:04","guid":{"rendered":"https:\/\/bozita.com\/pl\/zycie-z-kotem\/rozwoj-kotow\/jak-wprowadzic-nowego-kota-do-domu-w-ktorym-mieszkaja-inne-koty\/"},"modified":"2022-09-29T06:59:15","modified_gmt":"2022-09-29T06:59:15","slug":"jak-wprowadzic-nowego-kota-do-domu-w-ktorym-mieszkaja-inne-koty","status":"publish","type":"page","link":"https:\/\/bozita.com\/pl\/zycie-z-kotem\/rozwoj-kotow\/jak-wprowadzic-nowego-kota-do-domu-w-ktorym-mieszkaja-inne-koty\/","title":{"rendered":"Nowy kot w domu"},"content":{"rendered":"\t\t<section class=\"small-hero\">\n\t\t\t<div class=\"container\">\n\t\t\t\t<h1 class=\"small-hero-title\">JAK WPROWADZI\u0106 NOWEGO KOTA DO DOMU, W KT\u00d3RYM MIESZKAJ\u0104 INNE KOTY?<\/h1>\t\t\t<\/div>\n\t\t\t<\/div>\n\t\t<\/section>\n\t\n\n\t<div class=\"text-box-warp\">\n\t\t<div class=\"container\">\n\t\t\t<div class=\"text-content\">\n\t\t\t\t<p><strong>Koci ekspert w Bozita, Elin Hirsch, jest doktorem w dziedzinie etologii specjalizuj\u0105cym si\u0119 w zachowaniu kot\u00f3w. Czy w Twoim domu wkr\u00f3tce pojawi si\u0119 nowy kot? W poni\u017cszym artykule znajdziesz porady i wskaz\u00f3wki, kt\u00f3re pomog\u0105 Ci z powodzeniem przedstawi\u0107 go domownikom.<\/strong><\/p>\n<p>Cho\u0107 koty towarzysz\u0105 ludziom od prawie 10 000 lat, w zasadzie wci\u0105\u017c nale\u017c\u0105 one do zwierz\u0105t terytorialnych, kt\u00f3re \u017cyj\u0105 samotnie. S\u0105, jak najbardziej, w stanie budowa\u0107 stabilne relacje z\u00a0innymi przedstawicielami swojego gatunku, lecz przedstawianie ich sobie nawzajem powinno odbywa\u0107 si\u0119 w\u00a0przemy\u015blany spos\u00f3b. Ponadto nale\u017cy uzbroi\u0107 si\u0119 w cierpliwo\u015b\u0107. Dotyczy to zar\u00f3wno wprowadzania do domu nowego doros\u0142ego, jak i m\u0142odego kota.<\/p>\n<h2>PRZEDSTAWIAJ NOWEGO KOTA STOPNIOWO<\/h2>\n<p>Pierwsze wra\u017cenie to podstawa stabilnej relacji kot\u00f3w. Pom\u00f3\u017c im, stwarzaj\u0105c dogodne warunki. Przedstawiaj je sobie stopniowo \u2013 tym sposobem umo\u017cliwisz im zbudowanie relacji opartej na zaufaniu. To w\u0142a\u015bnie stopniowe zapoznawanie si\u0119 ze sob\u0105 r\u00f3\u017cnych grup \u2013 a tak\u017ce kolonii \u2013 dzikich kot\u00f3w umo\u017cliwia im budowanie i utrzymywanie relacji. W zale\u017cno\u015bci od osobnika, pomy\u015blne wprowadzenie kota do domu mo\u017ce potrwa\u0107 od kilku dni a\u017c do kilku miesi\u0119cy. Z\u0142ota zasada, kt\u00f3r\u0105 nale\u017cy si\u0119 kierowa\u0107, aby zapewni\u0107 harmonijne wsp\u00f3\u0142istnienie zwierz\u0105t, brzmi: \u201epowoli znaczy szybko, szybko znaczy powoli\u201d.<\/p>\n<h2>WPROWADZENIE KOTA KROK 1 \u2013 W\u0141ASNA PRZESTRZE\u0143<\/h2>\n<p>Je\u015bli planujesz wprowadzi\u0107 do domu nowego kota, zacznij od utworzenia dla niego w\u0142asnej przestrzeni. To wa\u017cny punkt, poniewa\u017c zwierz\u0119 musi przyzwyczai\u0107 si\u0119 do nowego otoczenia, co wi\u0105\u017ce si\u0119 ze sporym stresem. Przestrze\u0144 powinna zawiera\u0107:<\/p>\n<ul>\n<li>kuwet\u0119,<\/li>\n<li>mi\u0119kkie legowisko,<\/li>\n<li>kryj\u00f3wk\u0119, a tak\u017ce<\/li>\n<li>miski z wod\u0105 i jedzeniem.<\/li>\n<\/ul>\n<p>W\u0142asny zapach daje kotom poczucie bezpiecze\u0144stwa. Dlatego w pokoju powinien znale\u017a\u0107 si\u0119 przedmiot z w\u0142asnym zapachem kota, taki jak u\u017cywany przez niego wcze\u015bniej kocyk lub r\u0119cznik.<\/p>\n<p>Gdy kot przyzwyczai si\u0119 do swojego nowego pokoju, czas zacz\u0105\u0107 oswaja\u0107 ze sob\u0105 zwierz\u0119ta.<\/p>\n<h2>KROK 2 \u2013 ZBIERAJ I MIESZAJ ZAPACHY<\/h2>\n<p>Koty porozumiewaj\u0105 si\u0119 ze sob\u0105 za pomoc\u0105 zapach\u00f3w. Zbierz zapachy zar\u00f3wno od starego, jak i nowego lokatora, u\u017cywaj\u0105c na przyk\u0142ad r\u0119cznik\u00f3w. Naj\u0142atwiejszym sposobem b\u0119dzie u\u0142o\u017cenie ich w miejscu odpoczynku kot\u00f3w. Nast\u0119pnie zacznij przedstawia\u0107 ka\u017cdemu z\u00a0kot\u00f3w zapach drugiego, zamieniaj\u0105c r\u0119czniki i k\u0142ad\u0105c je w pobli\u017cu misek z jedzeniem. W ten spos\u00f3b obcy zapach zacznie kojarzy\u0107 si\u0119 zwierz\u0119tom z czym\u015b pozytywnym. Pami\u0119taj, aby nagradza\u0107 spokojn\u0105 reakcj\u0119 kota na zapach drugiego, na przyk\u0142ad za pomoc\u0105 przysmak\u00f3w. Je\u015bli kot zacznie sycze\u0107 lub odwraca\u0107 si\u0119 od zapachu, odsu\u0144 r\u0119cznik nieco dalej od jedzenia i\u00a0stopniowo przesuwaj go bli\u017cej.<\/p>\n<p>Grupy kot\u00f3w tworz\u0105 \u201ezapach grupowy\u201d ocieraj\u0105c si\u0119 o siebie nawzajem. Zmieszaj kocie zapachy przechowuj\u0105c zu\u017cyte r\u0119czniki w jednym miejscu, a nast\u0119pnie umieszczaj\u0105c po jednym z nich przy ka\u017cdym kocie. Je\u015bli oba koty zareaguj\u0105 w pozytywny spos\u00f3b lub zignoruj\u0105 obcy zapach, mo\u017cesz kontynuowa\u0107. Pomagaj im miesza\u0107 zapachy do momentu, a\u017c zaczn\u0105 robi\u0107 to same ocieraj\u0105c si\u0119 o siebie nawzajem.<\/p>\n<h2>KROK 3 \u2013 WPROWADZANIE NOWEGO KOTA DO DOMU<\/h2>\n<p>Pozw\u00f3l, aby nowy kot sam pozna\u0142 nowe otoczenie i samodzielnie odkrywa\u0142 wszystkie zakamarki domu. Zachowaj przy tym aktualny dystans mi\u0119dzy kotami. To wa\u017cny krok, poniewa\u017c nowy kot musi koniecznie pozna\u0107 sw\u00f3j nowy dom.<\/p>\n<h2>KROK 4 \u2013 SPOTKANIE TWARZ\u0104 W TWARZ<\/h2>\n<p>Zacznij spotkanie z bezpiecznej odleg\u0142o\u015bci, tak, aby koty si\u0119 widzia\u0142y, ale nie mog\u0142y wyrz\u0105dzi\u0107 sobie krzywdy. Mo\u017cesz skorzysta\u0107 w tym celu z barierki bezpiecze\u0144stwa lub po prostu uchyli\u0107 drzwi. Nakarm koty lub baw si\u0119 z nimi, tak, aby obecno\u015b\u0107 drugiego zwierz\u0119cia zacz\u0119\u0142a kojarzy\u0107 si\u0119 pozytywnie. Je\u015bli oba koty zareaguj\u0105 pozytywnie, pozw\u00f3l im podej\u015b\u0107 bli\u017cej. Pierwsze spotkania powinny zawsze odbywa\u0107 si\u0119 pod nadzorem.<\/p>\n<p>Aby unikn\u0105\u0107 konflikt\u00f3w i konkurencji, najlepiej, aby koty nie musia\u0142y dzieli\u0107 si\u0119 przedmiotami takimi jak kuweta, miski na wod\u0119 i jedzenie czy legowisko. Ka\u017cde zwierz\u0119 powinno mie\u0107 w\u0142asn\u0105 misk\u0119 na jedzenie \u2013 w przeciwnym razie mo\u017ce doj\u015b\u0107 do sprzeczki.<\/p>\n<p>\u017bYCZYMY CI POWODZENIA we wprowadzaniu nowego kota do domu. Jak ju\u017c wspomnieli\u015bmy, pomy\u015blne przedstawienie nowego kota lub kociaka staremu lokatorowi wymaga cierpliwo\u015bci. Je\u015bli jednak podejdziesz do tego zadania w odpowiedni spos\u00f3b, Twoje koty mog\u0105 nauczy\u0107 si\u0119 \u017cy\u0107 ze sob\u0105 w zgodzie i szanowa\u0107 siebie nawzajem.<\/p>\n\t\t\t<\/div>\n\t\t<\/div>\n\t<\/div>\n\n\n\n\t<section class=\"block related-articles\">\n\t\t<div class=\"container\">\n\t\t\t<h2>Artyku\u0142y powi\u0105zane<\/h2>\n\t\t\t<div class=\"row justify-content-center\">\n\t\t\t\t\t\t\t\t\t\t<div class=\"col-sm-6 col-md-6 col-lg-3\">\n\t\t\t\t\t\t\t\t\t\t\t\t\t\t<div class=\"card \">\n\t\t\t\t\t\t\t\t\t\t\t\t\t\t\t\t\t<img decoding=\"async\"  src=\"https:\/\/bozita.com\/pl\/wp-content\/uploads\/sites\/9\/2021\/08\/bozita-kattens-historia-domesticering.jpg\" alt=\"\">\n\t\t\t\t\t\t\t\t\t\t\t\t\t\t\t\t\t<!-- <img decoding=\"async\" src=\"\n\t\t\t\t\t\t\t\t\t\t\t\t\t\t\t\t\t\t\t\t\" alt=\"\n\t\t\t\t\t\t\t\t\t\t\t\t\t\t\t\t\t\t\t\t\t\t\t\t\t\t\t\"> -->\n\t\t\t\t\t\t\t\t<div class=\"card-body\">\n\t\t\t\t\t\t\t\t\t\t\t\t\t\t\t\t\t\t\t<h6>Historia kot\u00f3w i ich udomowienia przez ludzi<\/h6>\n\t\t\t\t\t\t\t\t\t\t\t\t\t\t\t\t\t\t\t<a href=\"https:\/\/bozita.com\/pl\/zycie-z-kotem\/rozwoj-kotow\/historia-kotow\/\">Czytaj wi\u0119cej &nbsp; ><\/a>\n\t\t\t\t\t\t\t\t<\/div>\n\t\t\t\t\t\t\t<\/div>\n\t\t\t\t\t\t<\/div>\n\n\t\t\t\t\t\t\t\t\t\t\t<div class=\"col-sm-6 col-md-6 col-lg-3\">\n\t\t\t\t\t\t\t\t\t\t\t\t\t\t<div class=\"card \">\n\t\t\t\t\t\t\t\t\t\t\t\t\t\t\t\t\t<img decoding=\"async\"  src=\"https:\/\/bozita.com\/pl\/wp-content\/uploads\/sites\/9\/2021\/08\/bozita-introducera-katt-till-nytt-hem.jpg\" alt=\"\">\n\t\t\t\t\t\t\t\t\t\t\t\t\t\t\t\t\t<!-- <img decoding=\"async\" src=\"\n\t\t\t\t\t\t\t\t\t\t\t\t\t\t\t\t\t\t\t\t\" alt=\"\n\t\t\t\t\t\t\t\t\t\t\t\t\t\t\t\t\t\t\t\t\t\t\t\t\t\t\t\"> -->\n\t\t\t\t\t\t\t\t<div class=\"card-body\">\n\t\t\t\t\t\t\t\t\t\t\t\t\t\t\t\t\t\t\t<h6>Jak wprowadzi\u0107 nowego kota do domu?<\/h6>\n\t\t\t\t\t\t\t\t\t\t\t\t\t\t\t\t\t\t\t<a href=\"https:\/\/bozita.com\/pl\/zycie-z-kotem\/kupno-kota\/powitanie-kota-w-domu\/\">Czytaj wi\u0119cej &nbsp; ><\/a>\n\t\t\t\t\t\t\t\t<\/div>\n\t\t\t\t\t\t\t<\/div>\n\t\t\t\t\t\t<\/div>\n\n\t\t\t\t\t\t\t\t\t\t\t<div class=\"col-sm-6 col-md-6 col-lg-3\">\n\t\t\t\t\t\t\t\t\t\t\t\t\t\t<div class=\"card \">\n\t\t\t\t\t\t\t\t\t\t\t\t\t\t\t\t\t<img decoding=\"async\"  src=\"https:\/\/bozita.com\/pl\/wp-content\/uploads\/sites\/9\/2021\/08\/bozita-kattens-kroppssprak.jpg\" alt=\"\">\n\t\t\t\t\t\t\t\t\t\t\t\t\t\t\t\t\t<!-- <img decoding=\"async\" src=\"\n\t\t\t\t\t\t\t\t\t\t\t\t\t\t\t\t\t\t\t\t\" alt=\"\n\t\t\t\t\t\t\t\t\t\t\t\t\t\t\t\t\t\t\t\t\t\t\t\t\t\t\t\"> -->\n\t\t\t\t\t\t\t\t<div class=\"card-body\">\n\t\t\t\t\t\t\t\t\t\t\t\t\t\t\t\t\t\t\t<h6>Naucz si\u0119 interpretowa\u0107 koci j\u0119zyk i zachowanie<\/h6>\n\t\t\t\t\t\t\t\t\t\t\t\t\t\t\t\t\t\t\t<a href=\"https:\/\/bozita.com\/pl\/zycie-z-kotem\/rozwoj-kotow\/zachowanie-kota-i-koci-jezyk\/\">Czytaj wi\u0119cej &nbsp; ><\/a>\n\t\t\t\t\t\t\t\t<\/div>\n\t\t\t\t\t\t\t<\/div>\n\t\t\t\t\t\t<\/div>\n\n\t\t\t\t\t\t\t\t\t\t\t\t<\/div>\n\t\t<\/div>\n\t<\/section>\n","protected":false},"excerpt":{"rendered":"","protected":false},"author":1,"featured_media":6792,"parent":6689,"menu_order":0,"comment_status":"closed","ping_status":"closed","template":"guternberg.php","meta":{"footnotes":""},"acf":[],"yoast_head":"<!-- This site is optimized with the Yoast SEO plugin v21.3 - https:\/\/yoast.com\/wordpress\/plugins\/seo\/ -->\n<title>Nowy kot w domu | Bozita Polska<\/title>\n<meta name=\"description\" content=\"Porady dla w\u0142a\u015bcicieli, kt\u00f3rzy pragn\u0105 wprowadzi\u0107 nowego kota do domu. Co zrobi\u0107, aby zwierz\u0119ta \u017cy\u0142y ze sob\u0105 w zgodzie.\" \/>\n<meta name=\"robots\" content=\"index, follow, max-snippet:-1, max-image-preview:large, max-video-preview:-1\" \/>\n<link rel=\"canonical\" href=\"https:\/\/bozita.com\/pl\/zycie-z-kotem\/rozwoj-kotow\/jak-wprowadzic-nowego-kota-do-domu-w-ktorym-mieszkaja-inne-koty\/\" \/>\n<meta property=\"og:locale\" content=\"pl_PL\" \/>\n<meta property=\"og:type\" content=\"article\" \/>\n<meta property=\"og:title\" content=\"Nowy kot w domu | Bozita Polska\" \/>\n<meta property=\"og:description\" content=\"Porady dla w\u0142a\u015bcicieli, kt\u00f3rzy pragn\u0105 wprowadzi\u0107 nowego kota do domu. Co zrobi\u0107, aby zwierz\u0119ta \u017cy\u0142y ze sob\u0105 w zgodzie.\" \/>\n<meta property=\"og:url\" content=\"https:\/\/bozita.com\/pl\/zycie-z-kotem\/rozwoj-kotow\/jak-wprowadzic-nowego-kota-do-domu-w-ktorym-mieszkaja-inne-koty\/\" \/>\n<meta property=\"og:site_name\" content=\"Bozita Polska\" \/>\n<meta property=\"article:modified_time\" content=\"2022-09-29T06:59:15+00:00\" \/>\n<meta property=\"og:image\" content=\"https:\/\/bozita.com\/pl\/wp-content\/uploads\/sites\/9\/2021\/08\/bozita-introducera-katter-for-varandra-elin-hirsch.jpg\" \/>\n\t<meta property=\"og:image:width\" content=\"800\" \/>\n\t<meta property=\"og:image:height\" content=\"533\" \/>\n\t<meta property=\"og:image:type\" content=\"image\/jpeg\" \/>\n<meta name=\"twitter:card\" content=\"summary_large_image\" \/>\n<!-- \/ Yoast SEO plugin. -->","yoast_head_json":{"title":"Nowy kot w domu | Bozita Polska","description":"Porady dla w\u0142a\u015bcicieli, kt\u00f3rzy pragn\u0105 wprowadzi\u0107 nowego kota do domu. Co zrobi\u0107, aby zwierz\u0119ta \u017cy\u0142y ze sob\u0105 w zgodzie.","robots":{"index":"index","follow":"follow","max-snippet":"max-snippet:-1","max-image-preview":"max-image-preview:large","max-video-preview":"max-video-preview:-1"},"canonical":"https:\/\/bozita.com\/pl\/zycie-z-kotem\/rozwoj-kotow\/jak-wprowadzic-nowego-kota-do-domu-w-ktorym-mieszkaja-inne-koty\/","og_locale":"pl_PL","og_type":"article","og_title":"Nowy kot w domu | Bozita Polska","og_description":"Porady dla w\u0142a\u015bcicieli, kt\u00f3rzy pragn\u0105 wprowadzi\u0107 nowego kota do domu. Co zrobi\u0107, aby zwierz\u0119ta \u017cy\u0142y ze sob\u0105 w zgodzie.","og_url":"https:\/\/bozita.com\/pl\/zycie-z-kotem\/rozwoj-kotow\/jak-wprowadzic-nowego-kota-do-domu-w-ktorym-mieszkaja-inne-koty\/","og_site_name":"Bozita Polska","article_modified_time":"2022-09-29T06:59:15+00:00","og_image":[{"width":800,"height":533,"url":"https:\/\/bozita.com\/pl\/wp-content\/uploads\/sites\/9\/2021\/08\/bozita-introducera-katter-for-varandra-elin-hirsch.jpg","type":"image\/jpeg"}],"twitter_card":"summary_large_image","schema":{"@context":"https:\/\/schema.org","@graph":[{"@type":"WebPage","@id":"https:\/\/bozita.com\/pl\/zycie-z-kotem\/rozwoj-kotow\/jak-wprowadzic-nowego-kota-do-domu-w-ktorym-mieszkaja-inne-koty\/","url":"https:\/\/bozita.com\/pl\/zycie-z-kotem\/rozwoj-kotow\/jak-wprowadzic-nowego-kota-do-domu-w-ktorym-mieszkaja-inne-koty\/","name":"Nowy kot w domu | Bozita Polska","isPartOf":{"@id":"https:\/\/bozita.com\/pl\/#website"},"datePublished":"2021-08-11T17:34:04+00:00","dateModified":"2022-09-29T06:59:15+00:00","description":"Porady dla w\u0142a\u015bcicieli, kt\u00f3rzy pragn\u0105 wprowadzi\u0107 nowego kota do domu. Co zrobi\u0107, aby zwierz\u0119ta \u017cy\u0142y ze sob\u0105 w zgodzie.","breadcrumb":{"@id":"https:\/\/bozita.com\/pl\/zycie-z-kotem\/rozwoj-kotow\/jak-wprowadzic-nowego-kota-do-domu-w-ktorym-mieszkaja-inne-koty\/#breadcrumb"},"inLanguage":"pl-PL","potentialAction":[{"@type":"ReadAction","target":["https:\/\/bozita.com\/pl\/zycie-z-kotem\/rozwoj-kotow\/jak-wprowadzic-nowego-kota-do-domu-w-ktorym-mieszkaja-inne-koty\/"]}]},{"@type":"BreadcrumbList","@id":"https:\/\/bozita.com\/pl\/zycie-z-kotem\/rozwoj-kotow\/jak-wprowadzic-nowego-kota-do-domu-w-ktorym-mieszkaja-inne-koty\/#breadcrumb","itemListElement":[{"@type":"ListItem","position":1,"name":"Home","item":"https:\/\/bozita.com\/pl\/"},{"@type":"ListItem","position":2,"name":"Kupno kota i \u017cycie z nim. Porady dla pocz\u0105tkuj\u0105cych","item":"https:\/\/bozita.com\/pl\/zycie-z-kotem\/"},{"@type":"ListItem","position":3,"name":"Poznaj etapy rozwoju kota i zosta\u0144 dobrym opiekunem","item":"https:\/\/bozita.com\/pl\/zycie-z-kotem\/rozwoj-kotow\/"},{"@type":"ListItem","position":4,"name":"Nowy kot w domu"}]},{"@type":"WebSite","@id":"https:\/\/bozita.com\/pl\/#website","url":"https:\/\/bozita.com\/pl\/","name":"Bozita Polska","description":"","potentialAction":[{"@type":"SearchAction","target":{"@type":"EntryPoint","urlTemplate":"https:\/\/bozita.com\/pl\/?s={search_term_string}"},"query-input":"required name=search_term_string"}],"inLanguage":"pl-PL"}]}},"_links":{"self":[{"href":"https:\/\/bozita.com\/pl\/wp-json\/wp\/v2\/pages\/6791"}],"collection":[{"href":"https:\/\/bozita.com\/pl\/wp-json\/wp\/v2\/pages"}],"about":[{"href":"https:\/\/bozita.com\/pl\/wp-json\/wp\/v2\/types\/page"}],"author":[{"embeddable":true,"href":"https:\/\/bozita.com\/pl\/wp-json\/wp\/v2\/users\/1"}],"replies":[{"embeddable":true,"href":"https:\/\/bozita.com\/pl\/wp-json\/wp\/v2\/comments?post=6791"}],"version-history":[{"count":8,"href":"https:\/\/bozita.com\/pl\/wp-json\/wp\/v2\/pages\/6791\/revisions"}],"predecessor-version":[{"id":9506,"href":"https:\/\/bozita.com\/pl\/wp-json\/wp\/v2\/pages\/6791\/revisions\/9506"}],"up":[{"embeddable":true,"href":"https:\/\/bozita.com\/pl\/wp-json\/wp\/v2\/pages\/6689"}],"wp:featuredmedia":[{"embeddable":true,"href":"https:\/\/bozita.com\/pl\/wp-json\/wp\/v2\/media\/6792"}],"wp:attachment":[{"href":"https:\/\/bozita.com\/pl\/wp-json\/wp\/v2\/media?parent=6791"}],"curies":[{"name":"wp","href":"https:\/\/api.w.org\/{rel}","templated":true}]}}