{"id":6793,"date":"2021-08-11T17:33:56","date_gmt":"2021-08-11T17:33:56","guid":{"rendered":"https:\/\/bozita.com\/pl\/zycie-z-kotem\/rozwoj-kotow\/jak-zapoznac-kota-z-psem-w-trzech-prostych-krokach\/"},"modified":"2022-09-29T07:00:14","modified_gmt":"2022-09-29T07:00:14","slug":"jak-zapoznac-kota-z-psem-w-trzech-prostych-krokach","status":"publish","type":"page","link":"https:\/\/bozita.com\/pl\/zycie-z-kotem\/rozwoj-kotow\/jak-zapoznac-kota-z-psem-w-trzech-prostych-krokach\/","title":{"rendered":"Zapoznanie kota z psem &#8211; poradnik"},"content":{"rendered":"\t\t<section class=\"small-hero\">\n\t\t\t<div class=\"container\">\n\t\t\t\t<h1 class=\"small-hero-title\">JAK ZAPOZNA\u0106 KOTA Z PSEM W TRZECH PROSTYCH KROKACH?<\/h1>\t\t\t<\/div>\n\t\t\t<\/div>\n\t\t<\/section>\n\t\n\n\t<div class=\"text-box-warp\">\n\t\t<div class=\"container\">\n\t\t\t<div class=\"text-content\">\n\t\t\t\t<p><strong>Zapoznanie kota z psem \u2013 i odwrotnie \u2013 tak, aby zwierz\u0119ta \u017cy\u0142y ze sob\u0105 w\u00a0zgodzie, cz\u0119sto si\u0119 udaje, cho\u0107 wymaga treningu i cierpliwo\u015bci. Najwa\u017cniejsze, aby zadba\u0107 o bezpiecze\u0144stwo i dogodne warunki, aby pierwsze spotkanie przebieg\u0142o jak najbardziej pozytywnie i\u00a0zako\u0144czy\u0142o si\u0119 akceptacj\u0105 drugiego zwierzaka. Poni\u017cej znajdziesz trzy proste kroki, kt\u00f3re mog\u0105 okaza\u0107 si\u0119 pomocne, je\u015bli my\u015blisz o wprowadzeniu kota do domu z\u00a0psem.<\/strong><\/p>\n<h2>KROK 1 \u2013 ZACZNIJ OD PRZYZWYCZAJANIA ZWIERZ\u0104T DO WZAJEMNYCH ZAPACH\u00d3W<\/h2>\n<p>Zar\u00f3wno psy, jak i koty porozumiewaj\u0105 si\u0119, znacz\u0105c otoczenie swoim zapachem. Dlatego wa\u017cne jest, aby zacz\u0105\u0107 zapoznawanie zwierz\u0105t od przyzwyczajenia ich do wzajemnych woni. Umie\u015b\u0107 psa i kota w osobnych pokojach i daj kotu do pow\u0105chania kawa\u0142ek sier\u015bci lub zabawk\u0119 psa \u2013 i odwrotnie. Dzi\u0119ki temu pierwsze spotkanie w realu b\u0119dzie znacznie mniej stresuj\u0105ce.<\/p>\n<p>Je\u015bli kt\u00f3re\u015b ze zwierz\u0105t zareaguje negatywnie na przedmiot, spokojnie zabierz go, przerwij szkolenie i spr\u00f3buj ponownie p\u00f3\u017aniej. Nic na si\u0142\u0119. Nast\u0119pnie zamie\u0144 pokoje, tak aby ka\u017cde zwierz\u0119 znalaz\u0142o si\u0119 w pomieszczeniu, w kt\u00f3rym wcze\u015bniej znajdowa\u0142o si\u0119 drugie. Post\u0119puj w\u00a0ten spos\u00f3b przez pewien czas, a\u017c zwierz\u0119ta zaczn\u0105 pozytywnie reagowa\u0107 na wzajemne zapachy. Nagradzaj je przysmakami lub pochwa\u0142\u0105, je\u015bli zignoruj\u0105 lub spokojnie obw\u0105chaj\u0105 przedmiot.<\/p>\n<h2>KROK 2 \u2013 SPOTKANIE NA ODLEG\u0141O\u015a\u0106<\/h2>\n<p>Gdy pierwszy krok zako\u0144czy si\u0119 sukcesem i zwierz\u0119ta przyzwyczaj\u0105 si\u0119 do wzajemnych woni na w\u0142asnym terytorium, mo\u017cesz pozwoli\u0107 im na spotkanie w cztery oczy. Z pocz\u0105tku upewnij si\u0119, \u017ce zwierz\u0119ta s\u0105 od siebie oddzielone, na przyk\u0142ad za pomoc\u0105 barierki bezpiecze\u0144stwa lub kraty. Zalecamy r\u00f3wnie\u017c, \u017ceby podczas pierwszego spotkania z kotem trzyma\u0107 psa na smyczy, aby mie\u0107 nad nim pe\u0142n\u0105 kontrol\u0119, je\u015bli stanie si\u0119 zbyt podekscytowany lub agresywny.<\/p>\n<p>Tak\u017ce na tym etapie nagradzaj zar\u00f3wno pozytywne, jak i neutralne reakcje za pomoc\u0105 smako\u0142yk\u00f3w i pochwa\u0142. Ch\u0119tnie powtarzaj \u0107wiczenie \u2013 kr\u00f3tko, lecz cz\u0119sto. Zwierz\u0119ta mog\u0105 potrzebowa\u0107 troch\u0119 czasu, a\u017c poczuj\u0105 si\u0119 bezpiecznie w swoim towarzystwie. Niezwykle wa\u017cne jest, aby spotkanie by\u0142o pozytywnym do\u015bwiadczeniem dla obu stron.<\/p>\n<h2>KROK 3 \u2013 POZW\u00d3L ZWIERZ\u0118TOM PRZEBYWA\u0106 W TYM SAMYM POMIESZCZENIU<\/h2>\n<p>Gdy zwierz\u0119ta ju\u017c zapoznaj\u0105 si\u0119 na odleg\u0142o\u015b\u0107, nadchodzi czas, aby mog\u0142y obw\u0105cha\u0107 si\u0119 z bliska. Pozw\u00f3l im przebywa\u0107 w tym samym pomieszczeniu, pocz\u0105tkowo trzymaj psa na smyczy lub uprz\u0119\u017cy. Je\u015bli zamierzasz przedstawi\u0107 kotu ma\u0142ego psa lub szczeniaka, mo\u017ce si\u0119 okaza\u0107, \u017ce to on b\u0119dzie potrzebowa\u0142 ochrony przed kotem, na wypadek gdyby ten sta\u0142 si\u0119 agresywny. Upewnij si\u0119, \u017ce kot ma drog\u0119 ucieczki, aby m\u00f3g\u0142 si\u0119 wycofa\u0107, je\u015bli sytuacja zacznie go przyt\u0142acza\u0107 \u2013 na przyk\u0142ad otwieraj\u0105c drzwi do drugiego pokoju. Nagradzaj poprawne zachowanie obu stron, aby zacz\u0119\u0142y kojarzy\u0107 wzajemn\u0105 obecno\u015b\u0107 z czym\u015b pozytywnym.<\/p>\n<p>Upewnij si\u0119, \u017ce pierwsze spotkanie przebiegnie spokojnie i nie pozostawiaj zwierz\u0105t bez nadzoru. R\u00f3wnie\u017c w tym przypadku potrzebne s\u0105 regularne \u0107wiczenia. Dopiero, gdy kot i pies naucz\u0105 si\u0119 przebywa\u0107 razem w pokojowej atmosferze przez d\u0142u\u017cszy czas, stan\u0105 si\u0119 gotowe do tego, aby naprawd\u0119 si\u0119 zaprzyja\u017ani\u0107.<\/p>\n<p>\u017byczymy Ci powodzenia podczas zapoznawania swojego psa z kotem i odwrotnie.<\/p>\n\t\t\t<\/div>\n\t\t<\/div>\n\t<\/div>\n\n\n\n\t<section class=\"block related-articles\">\n\t\t<div class=\"container\">\n\t\t\t<h2>Artyku\u0142y powi\u0105zane<\/h2>\n\t\t\t<div class=\"row justify-content-center\">\n\t\t\t\t\t\t\t\t\t\t<div class=\"col-sm-6 col-md-6 col-lg-3\">\n\t\t\t\t\t\t\t\t\t\t\t\t\t\t<div class=\"card \">\n\t\t\t\t\t\t\t\t\t\t\t\t\t\t\t\t\t<img decoding=\"async\"  src=\"https:\/\/bozita.com\/pl\/wp-content\/uploads\/sites\/9\/2021\/08\/bozita-socialisera-kattunge.jpg\" alt=\"\">\n\t\t\t\t\t\t\t\t\t\t\t\t\t\t\t\t\t<!-- <img decoding=\"async\" src=\"\n\t\t\t\t\t\t\t\t\t\t\t\t\t\t\t\t\t\t\t\t\" alt=\"\n\t\t\t\t\t\t\t\t\t\t\t\t\t\t\t\t\t\t\t\t\t\t\t\t\t\t\t\"> -->\n\t\t\t\t\t\t\t\t<div class=\"card-body\">\n\t\t\t\t\t\t\t\t\t\t\t\t\t\t\t\t\t\t\t<h6>Rozw\u00f3j koci\u0105t &#8211; pierwsze chwile kota w domu<\/h6>\n\t\t\t\t\t\t\t\t\t\t\t\t\t\t\t\t\t\t\t<a href=\"https:\/\/bozita.com\/pl\/zycie-z-kotem\/rozwoj-kotow\/kocieta-rozwoj-i-socjalizacja\/\">Czytaj wi\u0119cej &nbsp; ><\/a>\n\t\t\t\t\t\t\t\t<\/div>\n\t\t\t\t\t\t\t<\/div>\n\t\t\t\t\t\t<\/div>\n\n\t\t\t\t\t\t\t\t\t\t\t<div class=\"col-sm-6 col-md-6 col-lg-3\">\n\t\t\t\t\t\t\t\t\t\t\t\t\t\t<div class=\"card \">\n\t\t\t\t\t\t\t\t\t\t\t\t\t\t\t\t\t<img decoding=\"async\"  src=\"https:\/\/bozita.com\/pl\/wp-content\/uploads\/sites\/9\/2021\/08\/bozita_swedish-natural-quality.jpg\" alt=\"\">\n\t\t\t\t\t\t\t\t\t\t\t\t\t\t\t\t\t<!-- <img decoding=\"async\" src=\"\n\t\t\t\t\t\t\t\t\t\t\t\t\t\t\t\t\t\t\t\t\" alt=\"\n\t\t\t\t\t\t\t\t\t\t\t\t\t\t\t\t\t\t\t\t\t\t\t\t\t\t\t\"> -->\n\t\t\t\t\t\t\t\t<div class=\"card-body\">\n\t\t\t\t\t\t\t\t\t\t\t\t\t\t\t\t\t\t\t<h6>Anatomia kota i jego fizjologia<\/h6>\n\t\t\t\t\t\t\t\t\t\t\t\t\t\t\t\t\t\t\t<a href=\"https:\/\/bozita.com\/pl\/zycie-z-kotem\/rozwoj-kotow\/anatomia-kota-i-jego-fizjologia\/\">Czytaj wi\u0119cej &nbsp; ><\/a>\n\t\t\t\t\t\t\t\t<\/div>\n\t\t\t\t\t\t\t<\/div>\n\t\t\t\t\t\t<\/div>\n\n\t\t\t\t\t\t\t\t\t\t\t<div class=\"col-sm-6 col-md-6 col-lg-3\">\n\t\t\t\t\t\t\t\t\t\t\t\t\t\t<div class=\"card \">\n\t\t\t\t\t\t\t\t\t\t\t\t\t\t\t\t\t<img decoding=\"async\"  src=\"https:\/\/bozita.com\/pl\/wp-content\/uploads\/sites\/9\/2021\/08\/bozita-kattens-kroppssprak.jpg\" alt=\"\">\n\t\t\t\t\t\t\t\t\t\t\t\t\t\t\t\t\t<!-- <img decoding=\"async\" src=\"\n\t\t\t\t\t\t\t\t\t\t\t\t\t\t\t\t\t\t\t\t\" alt=\"\n\t\t\t\t\t\t\t\t\t\t\t\t\t\t\t\t\t\t\t\t\t\t\t\t\t\t\t\"> -->\n\t\t\t\t\t\t\t\t<div class=\"card-body\">\n\t\t\t\t\t\t\t\t\t\t\t\t\t\t\t\t\t\t\t<h6>Naucz si\u0119 interpretowa\u0107 koci j\u0119zyk i zachowanie<\/h6>\n\t\t\t\t\t\t\t\t\t\t\t\t\t\t\t\t\t\t\t<a href=\"https:\/\/bozita.com\/pl\/zycie-z-kotem\/rozwoj-kotow\/zachowanie-kota-i-koci-jezyk\/\">Czytaj wi\u0119cej &nbsp; ><\/a>\n\t\t\t\t\t\t\t\t<\/div>\n\t\t\t\t\t\t\t<\/div>\n\t\t\t\t\t\t<\/div>\n\n\t\t\t\t\t\t\t\t\t\t\t\t<\/div>\n\t\t<\/div>\n\t<\/section>\n","protected":false},"excerpt":{"rendered":"","protected":false},"author":1,"featured_media":6794,"parent":6689,"menu_order":0,"comment_status":"closed","ping_status":"closed","template":"guternberg.php","meta":{"footnotes":""},"acf":[],"yoast_head":"<!-- This site is optimized with the Yoast SEO plugin v21.3 - https:\/\/yoast.com\/wordpress\/plugins\/seo\/ -->\n<title>Zapoznanie kota z psem - poradnik | Bozita Polska<\/title>\n<meta name=\"description\" content=\"Kot i pies mog\u0105 \u017cy\u0107 ze sob\u0105, cho\u0107 nale\u017cy zacz\u0105\u0107 od treningu. Nasz trzystopniowy poradnik pomo\u017ce Ci skutecznie wprowadzi\u0107 psa do domu z kotem.\" \/>\n<meta name=\"robots\" content=\"index, follow, max-snippet:-1, max-image-preview:large, max-video-preview:-1\" \/>\n<link rel=\"canonical\" href=\"https:\/\/bozita.com\/pl\/zycie-z-kotem\/rozwoj-kotow\/jak-zapoznac-kota-z-psem-w-trzech-prostych-krokach\/\" \/>\n<meta property=\"og:locale\" content=\"pl_PL\" \/>\n<meta property=\"og:type\" content=\"article\" \/>\n<meta property=\"og:title\" content=\"Zapoznanie kota z psem - poradnik | Bozita Polska\" \/>\n<meta property=\"og:description\" content=\"Kot i pies mog\u0105 \u017cy\u0107 ze sob\u0105, cho\u0107 nale\u017cy zacz\u0105\u0107 od treningu. Nasz trzystopniowy poradnik pomo\u017ce Ci skutecznie wprowadzi\u0107 psa do domu z kotem.\" \/>\n<meta property=\"og:url\" content=\"https:\/\/bozita.com\/pl\/zycie-z-kotem\/rozwoj-kotow\/jak-zapoznac-kota-z-psem-w-trzech-prostych-krokach\/\" \/>\n<meta property=\"og:site_name\" content=\"Bozita Polska\" \/>\n<meta property=\"article:modified_time\" content=\"2022-09-29T07:00:14+00:00\" \/>\n<meta property=\"og:image\" content=\"https:\/\/bozita.com\/pl\/wp-content\/uploads\/sites\/9\/2021\/08\/bozita-introducera-katt-hund.jpg\" \/>\n\t<meta property=\"og:image:width\" content=\"800\" \/>\n\t<meta property=\"og:image:height\" content=\"533\" \/>\n\t<meta property=\"og:image:type\" content=\"image\/jpeg\" \/>\n<meta name=\"twitter:card\" content=\"summary_large_image\" \/>\n<!-- \/ Yoast SEO plugin. -->","yoast_head_json":{"title":"Zapoznanie kota z psem - poradnik | Bozita Polska","description":"Kot i pies mog\u0105 \u017cy\u0107 ze sob\u0105, cho\u0107 nale\u017cy zacz\u0105\u0107 od treningu. Nasz trzystopniowy poradnik pomo\u017ce Ci skutecznie wprowadzi\u0107 psa do domu z kotem.","robots":{"index":"index","follow":"follow","max-snippet":"max-snippet:-1","max-image-preview":"max-image-preview:large","max-video-preview":"max-video-preview:-1"},"canonical":"https:\/\/bozita.com\/pl\/zycie-z-kotem\/rozwoj-kotow\/jak-zapoznac-kota-z-psem-w-trzech-prostych-krokach\/","og_locale":"pl_PL","og_type":"article","og_title":"Zapoznanie kota z psem - poradnik | Bozita Polska","og_description":"Kot i pies mog\u0105 \u017cy\u0107 ze sob\u0105, cho\u0107 nale\u017cy zacz\u0105\u0107 od treningu. Nasz trzystopniowy poradnik pomo\u017ce Ci skutecznie wprowadzi\u0107 psa do domu z kotem.","og_url":"https:\/\/bozita.com\/pl\/zycie-z-kotem\/rozwoj-kotow\/jak-zapoznac-kota-z-psem-w-trzech-prostych-krokach\/","og_site_name":"Bozita Polska","article_modified_time":"2022-09-29T07:00:14+00:00","og_image":[{"width":800,"height":533,"url":"https:\/\/bozita.com\/pl\/wp-content\/uploads\/sites\/9\/2021\/08\/bozita-introducera-katt-hund.jpg","type":"image\/jpeg"}],"twitter_card":"summary_large_image","schema":{"@context":"https:\/\/schema.org","@graph":[{"@type":"WebPage","@id":"https:\/\/bozita.com\/pl\/zycie-z-kotem\/rozwoj-kotow\/jak-zapoznac-kota-z-psem-w-trzech-prostych-krokach\/","url":"https:\/\/bozita.com\/pl\/zycie-z-kotem\/rozwoj-kotow\/jak-zapoznac-kota-z-psem-w-trzech-prostych-krokach\/","name":"Zapoznanie kota z psem - poradnik | Bozita Polska","isPartOf":{"@id":"https:\/\/bozita.com\/pl\/#website"},"datePublished":"2021-08-11T17:33:56+00:00","dateModified":"2022-09-29T07:00:14+00:00","description":"Kot i pies mog\u0105 \u017cy\u0107 ze sob\u0105, cho\u0107 nale\u017cy zacz\u0105\u0107 od treningu. Nasz trzystopniowy poradnik pomo\u017ce Ci skutecznie wprowadzi\u0107 psa do domu z kotem.","breadcrumb":{"@id":"https:\/\/bozita.com\/pl\/zycie-z-kotem\/rozwoj-kotow\/jak-zapoznac-kota-z-psem-w-trzech-prostych-krokach\/#breadcrumb"},"inLanguage":"pl-PL","potentialAction":[{"@type":"ReadAction","target":["https:\/\/bozita.com\/pl\/zycie-z-kotem\/rozwoj-kotow\/jak-zapoznac-kota-z-psem-w-trzech-prostych-krokach\/"]}]},{"@type":"BreadcrumbList","@id":"https:\/\/bozita.com\/pl\/zycie-z-kotem\/rozwoj-kotow\/jak-zapoznac-kota-z-psem-w-trzech-prostych-krokach\/#breadcrumb","itemListElement":[{"@type":"ListItem","position":1,"name":"Home","item":"https:\/\/bozita.com\/pl\/"},{"@type":"ListItem","position":2,"name":"Kupno kota i \u017cycie z nim. Porady dla pocz\u0105tkuj\u0105cych","item":"https:\/\/bozita.com\/pl\/zycie-z-kotem\/"},{"@type":"ListItem","position":3,"name":"Poznaj etapy rozwoju kota i zosta\u0144 dobrym opiekunem","item":"https:\/\/bozita.com\/pl\/zycie-z-kotem\/rozwoj-kotow\/"},{"@type":"ListItem","position":4,"name":"Zapoznanie kota z psem &#8211; poradnik"}]},{"@type":"WebSite","@id":"https:\/\/bozita.com\/pl\/#website","url":"https:\/\/bozita.com\/pl\/","name":"Bozita Polska","description":"","potentialAction":[{"@type":"SearchAction","target":{"@type":"EntryPoint","urlTemplate":"https:\/\/bozita.com\/pl\/?s={search_term_string}"},"query-input":"required name=search_term_string"}],"inLanguage":"pl-PL"}]}},"_links":{"self":[{"href":"https:\/\/bozita.com\/pl\/wp-json\/wp\/v2\/pages\/6793"}],"collection":[{"href":"https:\/\/bozita.com\/pl\/wp-json\/wp\/v2\/pages"}],"about":[{"href":"https:\/\/bozita.com\/pl\/wp-json\/wp\/v2\/types\/page"}],"author":[{"embeddable":true,"href":"https:\/\/bozita.com\/pl\/wp-json\/wp\/v2\/users\/1"}],"replies":[{"embeddable":true,"href":"https:\/\/bozita.com\/pl\/wp-json\/wp\/v2\/comments?post=6793"}],"version-history":[{"count":7,"href":"https:\/\/bozita.com\/pl\/wp-json\/wp\/v2\/pages\/6793\/revisions"}],"predecessor-version":[{"id":9507,"href":"https:\/\/bozita.com\/pl\/wp-json\/wp\/v2\/pages\/6793\/revisions\/9507"}],"up":[{"embeddable":true,"href":"https:\/\/bozita.com\/pl\/wp-json\/wp\/v2\/pages\/6689"}],"wp:featuredmedia":[{"embeddable":true,"href":"https:\/\/bozita.com\/pl\/wp-json\/wp\/v2\/media\/6794"}],"wp:attachment":[{"href":"https:\/\/bozita.com\/pl\/wp-json\/wp\/v2\/media?parent=6793"}],"curies":[{"name":"wp","href":"https:\/\/api.w.org\/{rel}","templated":true}]}}