{"id":6795,"date":"2021-08-11T17:33:49","date_gmt":"2021-08-11T17:33:49","guid":{"rendered":"https:\/\/bozita.com\/pl\/zycie-z-kotem\/rozwoj-kotow\/koty-i-sen-ile-snu-potrzebuje-kot\/"},"modified":"2022-09-29T07:01:37","modified_gmt":"2022-09-29T07:01:37","slug":"koty-i-sen-ile-snu-potrzebuje-kot","status":"publish","type":"page","link":"https:\/\/bozita.com\/pl\/zycie-z-kotem\/rozwoj-kotow\/koty-i-sen-ile-snu-potrzebuje-kot\/","title":{"rendered":"Koty i sen &#8211; ile snu potrzebuje kot?"},"content":{"rendered":"\t\t<section class=\"small-hero\">\n\t\t\t<div class=\"container\">\n\t\t\t\t<h1 class=\"small-hero-title\">KOTY I SEN. ILE SNU POTRZEBUJE KOT?<\/h1>\t\t\t<\/div>\n\t\t\t<\/div>\n\t\t<\/section>\n\t\n\n\t<div class=\"text-box-warp\">\n\t\t<div class=\"container\">\n\t\t\t<div class=\"text-content\">\n\t\t\t\t<p><strong>Ilo\u015b\u0107 snu na dob\u0119 jest r\u00f3\u017cna dla ka\u017cdego kota oraz zale\u017cy od czynnik\u00f3w takich, jak wiek, poziom aktywno\u015bci i osobowo\u015b\u0107. Starszy kot lub energiczny kociak mo\u017ce potrzebowa\u0107 wi\u0119cej snu ni\u017c spokojny kot domowy. Wiele os\u00f3b martwi si\u0119, \u017ce ich kot \u015bpi zbyt d\u0142ugo lub zbyt cz\u0119sto jednak rzadko zdarza si\u0119, \u017ceby tak by\u0142o. Zapoznaj\u0105c si\u0119 z poni\u017cszym artyku\u0142em dowiesz si\u0119 ile snu potrzebuje kot.<\/strong><\/p>\n<h2>KOTY I SEN &#8211; DLACZEGO KOTY TYLE \u015aPI\u0104?<\/h2>\n<p>To, ile snu potrzebuje kot zale\u017cy od jego wieku, poziomu aktywno\u015bci podczas dnia oraz osobowo\u015bci, ale zazwyczaj jest to oko\u0142o 16-18 godzin na dob\u0119. Wi\u0119kszo\u015b\u0107 tego czasu to p\u0142ytkie drzemki, a nie g\u0142\u0119boki sen, co sprawia, \u017ce cz\u0119sto wydaje nam si\u0119, \u017ce koty \u0142atwo si\u0119 budz\u0105.<\/p>\n<p>Na pewno zauwa\u017cy\u0142e\u015b, \u017ce Tw\u00f3j kot odpoczywa w dzie\u0144 i budzi si\u0119 w nocy &#8211; to zupe\u0142nie normalne. W jego naturze le\u017cy relaks w ci\u0105gu dnia a\u017c przyjdzie czas na nocne polowanie. Dlatego koty s\u0105 najbardziej aktywne podczas zmierzchu lub \u015bwitu, poniewa\u017c w tych porach oraz w ciemno\u015bci jest im \u0142atwiej z\u0142apa\u0107 zdobycz.<\/p>\n<h2>KOTY I SEN &#8211; ILE SNU POTRZEBUJE KOCIAK?<\/h2>\n<p>Ma\u0142y kociak \u015bpi znacznie wi\u0119cej ni\u017c doros\u0142y kot. Nowonarodzone koty cz\u0119sto \u015bpi\u0105 ca\u0142y czas, poniewa\u017c potrzebuj\u0105 snu, \u017ceby by\u0107 zdrowe i aktywne.<\/p>\n<h2>KOTY I SEN &#8211; KIEDY KOT SZALEJE W NOCY<\/h2>\n<p>Obudzony i ha\u0142asuj\u0105cy w nocy kot mo\u017ce by\u0107 denerwuj\u0105cy. Je\u015bli masz problemy z wyj\u0105tkowo aktywnym stylem \u017cycia kota, mo\u017cesz spr\u00f3bowa\u0107 zach\u0119ci\u0107 go do nieco wi\u0119kszej aktywno\u015bci wieczorem. Zwi\u0119kszysz wtedy szans\u0119 na to, \u017ce Tw\u00f3j kot prze\u015bpi ca\u0142\u0105 noc.<\/p>\n<p><strong>Wi\u0119cej informacji<\/strong><\/p>\n<ul>\n<li><a title=\"Zabawy dla kota\" href=\"https:\/\/bozita.com\/pl\/zycie-z-kotem\/zabawy-dla-kota\/zabawy-dla-kota\/\">W ten spos\u00f3b mo\u017cesz zaktywizowa\u0107 kota<\/a><\/li>\n<\/ul>\n<h2>KOTY I SEN &#8211; KIEDY KOT \u015aPI WI\u0118CEJ NI\u017b NORMALNIE<\/h2>\n<p>To normalne, \u017ce zmiany temperatury wp\u0142ywaj\u0105 na koty tak, jak i na ludzi, ale je\u015bli zauwa\u017cysz, \u017ce Tw\u00f3j kot \u015bpi wi\u0119cej ni\u017c zazwyczaj i brakuje mu energii mo\u017ce to by\u0107 spowodowane tym, \u017ce nie czuje si\u0119 on zbyt dobrze. Je\u015bli dodatkowo przestanie je\u015b\u0107 i pi\u0107 powiniene\u015b uda\u0107 si\u0119 z nim do weterynarza, \u017ceby upewni\u0107 si\u0119, \u017ce jest z nim wszystko w porz\u0105dku.<\/p>\n\t\t\t<\/div>\n\t\t<\/div>\n\t<\/div>\n\n\n\n\t<section class=\"block related-articles\">\n\t\t<div class=\"container\">\n\t\t\t<h2>Artyku\u0142y powi\u0105zane<\/h2>\n\t\t\t<div class=\"row justify-content-center\">\n\t\t\t\t\t\t\t\t\t\t<div class=\"col-sm-6 col-md-6 col-lg-3\">\n\t\t\t\t\t\t\t\t\t\t\t\t\t\t<div class=\"card \">\n\t\t\t\t\t\t\t\t\t\t\t\t\t\t\t\t\t<img decoding=\"async\"  src=\"https:\/\/bozita.com\/pl\/wp-content\/uploads\/sites\/9\/2021\/08\/bozita-kattens-utveckling-vuxenlivet.jpg\" alt=\"\">\n\t\t\t\t\t\t\t\t\t\t\t\t\t\t\t\t\t<!-- <img decoding=\"async\" src=\"\n\t\t\t\t\t\t\t\t\t\t\t\t\t\t\t\t\t\t\t\t\" alt=\"\n\t\t\t\t\t\t\t\t\t\t\t\t\t\t\t\t\t\t\t\t\t\t\t\t\t\t\t\"> -->\n\t\t\t\t\t\t\t\t<div class=\"card-body\">\n\t\t\t\t\t\t\t\t\t\t\t\t\t\t\t\t\t\t\t<h6>Fazy rozwoju kociaka &#8211; kiedy kot dorasta?<\/h6>\n\t\t\t\t\t\t\t\t\t\t\t\t\t\t\t\t\t\t\t<a href=\"https:\/\/bozita.com\/pl\/zycie-z-kotem\/rozwoj-kotow\/fazy-rozwoju-kociaka-kiedy-kot-dorasta\/\">Czytaj wi\u0119cej &nbsp; ><\/a>\n\t\t\t\t\t\t\t\t<\/div>\n\t\t\t\t\t\t\t<\/div>\n\t\t\t\t\t\t<\/div>\n\n\t\t\t\t\t\t\t\t\t\t\t<div class=\"col-sm-6 col-md-6 col-lg-3\">\n\t\t\t\t\t\t\t\t\t\t\t\t\t\t<div class=\"card \">\n\t\t\t\t\t\t\t\t\t\t\t\t\t\t\t\t\t<img decoding=\"async\"  src=\"https:\/\/bozita.com\/pl\/wp-content\/uploads\/sites\/9\/2021\/08\/bozita-kattens-kroppssprak.jpg\" alt=\"\">\n\t\t\t\t\t\t\t\t\t\t\t\t\t\t\t\t\t<!-- <img decoding=\"async\" src=\"\n\t\t\t\t\t\t\t\t\t\t\t\t\t\t\t\t\t\t\t\t\" alt=\"\n\t\t\t\t\t\t\t\t\t\t\t\t\t\t\t\t\t\t\t\t\t\t\t\t\t\t\t\"> -->\n\t\t\t\t\t\t\t\t<div class=\"card-body\">\n\t\t\t\t\t\t\t\t\t\t\t\t\t\t\t\t\t\t\t<h6>Naucz si\u0119 interpretowa\u0107 koci j\u0119zyk i zachowanie<\/h6>\n\t\t\t\t\t\t\t\t\t\t\t\t\t\t\t\t\t\t\t<a href=\"https:\/\/bozita.com\/pl\/zycie-z-kotem\/rozwoj-kotow\/zachowanie-kota-i-koci-jezyk\/\">Czytaj wi\u0119cej &nbsp; ><\/a>\n\t\t\t\t\t\t\t\t<\/div>\n\t\t\t\t\t\t\t<\/div>\n\t\t\t\t\t\t<\/div>\n\n\t\t\t\t\t\t\t\t\t\t\t<div class=\"col-sm-6 col-md-6 col-lg-3\">\n\t\t\t\t\t\t\t\t\t\t\t\t\t\t<div class=\"card \">\n\t\t\t\t\t\t\t\t\t\t\t\t\t\t\t\t\t<img decoding=\"async\"  src=\"https:\/\/bozita.com\/pl\/wp-content\/uploads\/sites\/9\/2021\/08\/bozita_swedish-natural-quality.jpg\" alt=\"\">\n\t\t\t\t\t\t\t\t\t\t\t\t\t\t\t\t\t<!-- <img decoding=\"async\" src=\"\n\t\t\t\t\t\t\t\t\t\t\t\t\t\t\t\t\t\t\t\t\" alt=\"\n\t\t\t\t\t\t\t\t\t\t\t\t\t\t\t\t\t\t\t\t\t\t\t\t\t\t\t\"> -->\n\t\t\t\t\t\t\t\t<div class=\"card-body\">\n\t\t\t\t\t\t\t\t\t\t\t\t\t\t\t\t\t\t\t<h6>Anatomia kota i jego fizjologia<\/h6>\n\t\t\t\t\t\t\t\t\t\t\t\t\t\t\t\t\t\t\t<a href=\"https:\/\/bozita.com\/pl\/zycie-z-kotem\/rozwoj-kotow\/anatomia-kota-i-jego-fizjologia\/\">Czytaj wi\u0119cej &nbsp; ><\/a>\n\t\t\t\t\t\t\t\t<\/div>\n\t\t\t\t\t\t\t<\/div>\n\t\t\t\t\t\t<\/div>\n\n\t\t\t\t\t\t\t\t\t\t\t\t<\/div>\n\t\t<\/div>\n\t<\/section>\n","protected":false},"excerpt":{"rendered":"","protected":false},"author":1,"featured_media":6698,"parent":6689,"menu_order":0,"comment_status":"closed","ping_status":"closed","template":"guternberg.php","meta":{"footnotes":""},"acf":[],"yoast_head":"<!-- This site is optimized with the Yoast SEO plugin v21.3 - https:\/\/yoast.com\/wordpress\/plugins\/seo\/ -->\n<title>Koty i sen - ile snu potrzebuje kot? | Bozita Polska<\/title>\n<meta name=\"description\" content=\"Koty i sen. Dlaczego koty \u015bpi\u0105 tak du\u017co i w\u0142a\u015bciwie ile snu potrzebuje kot, a ile kociak? Dowiedz si\u0119 tego oraz co zrobi\u0107, gdy Tw\u00f3j kot \u015bpi za d\u0142ugo.\" \/>\n<meta name=\"robots\" content=\"index, follow, max-snippet:-1, max-image-preview:large, max-video-preview:-1\" \/>\n<link rel=\"canonical\" href=\"https:\/\/bozita.com\/pl\/zycie-z-kotem\/rozwoj-kotow\/koty-i-sen-ile-snu-potrzebuje-kot\/\" \/>\n<meta property=\"og:locale\" content=\"pl_PL\" \/>\n<meta property=\"og:type\" content=\"article\" \/>\n<meta property=\"og:title\" content=\"Koty i sen - ile snu potrzebuje kot? | Bozita Polska\" \/>\n<meta property=\"og:description\" content=\"Koty i sen. Dlaczego koty \u015bpi\u0105 tak du\u017co i w\u0142a\u015bciwie ile snu potrzebuje kot, a ile kociak? Dowiedz si\u0119 tego oraz co zrobi\u0107, gdy Tw\u00f3j kot \u015bpi za d\u0142ugo.\" \/>\n<meta property=\"og:url\" content=\"https:\/\/bozita.com\/pl\/zycie-z-kotem\/rozwoj-kotow\/koty-i-sen-ile-snu-potrzebuje-kot\/\" \/>\n<meta property=\"og:site_name\" content=\"Bozita Polska\" \/>\n<meta property=\"article:modified_time\" content=\"2022-09-29T07:01:37+00:00\" \/>\n<meta property=\"og:image\" content=\"https:\/\/bozita.com\/pl\/wp-content\/uploads\/sites\/9\/2021\/08\/bozita_swedish-natural-quality.jpg\" \/>\n\t<meta property=\"og:image:width\" content=\"800\" \/>\n\t<meta property=\"og:image:height\" content=\"533\" \/>\n\t<meta property=\"og:image:type\" content=\"image\/jpeg\" \/>\n<meta name=\"twitter:card\" content=\"summary_large_image\" \/>\n<!-- \/ Yoast SEO plugin. -->","yoast_head_json":{"title":"Koty i sen - ile snu potrzebuje kot? | Bozita Polska","description":"Koty i sen. Dlaczego koty \u015bpi\u0105 tak du\u017co i w\u0142a\u015bciwie ile snu potrzebuje kot, a ile kociak? Dowiedz si\u0119 tego oraz co zrobi\u0107, gdy Tw\u00f3j kot \u015bpi za d\u0142ugo.","robots":{"index":"index","follow":"follow","max-snippet":"max-snippet:-1","max-image-preview":"max-image-preview:large","max-video-preview":"max-video-preview:-1"},"canonical":"https:\/\/bozita.com\/pl\/zycie-z-kotem\/rozwoj-kotow\/koty-i-sen-ile-snu-potrzebuje-kot\/","og_locale":"pl_PL","og_type":"article","og_title":"Koty i sen - ile snu potrzebuje kot? | Bozita Polska","og_description":"Koty i sen. Dlaczego koty \u015bpi\u0105 tak du\u017co i w\u0142a\u015bciwie ile snu potrzebuje kot, a ile kociak? Dowiedz si\u0119 tego oraz co zrobi\u0107, gdy Tw\u00f3j kot \u015bpi za d\u0142ugo.","og_url":"https:\/\/bozita.com\/pl\/zycie-z-kotem\/rozwoj-kotow\/koty-i-sen-ile-snu-potrzebuje-kot\/","og_site_name":"Bozita Polska","article_modified_time":"2022-09-29T07:01:37+00:00","og_image":[{"width":800,"height":533,"url":"https:\/\/bozita.com\/pl\/wp-content\/uploads\/sites\/9\/2021\/08\/bozita_swedish-natural-quality.jpg","type":"image\/jpeg"}],"twitter_card":"summary_large_image","schema":{"@context":"https:\/\/schema.org","@graph":[{"@type":"WebPage","@id":"https:\/\/bozita.com\/pl\/zycie-z-kotem\/rozwoj-kotow\/koty-i-sen-ile-snu-potrzebuje-kot\/","url":"https:\/\/bozita.com\/pl\/zycie-z-kotem\/rozwoj-kotow\/koty-i-sen-ile-snu-potrzebuje-kot\/","name":"Koty i sen - ile snu potrzebuje kot? | Bozita Polska","isPartOf":{"@id":"https:\/\/bozita.com\/pl\/#website"},"datePublished":"2021-08-11T17:33:49+00:00","dateModified":"2022-09-29T07:01:37+00:00","description":"Koty i sen. Dlaczego koty \u015bpi\u0105 tak du\u017co i w\u0142a\u015bciwie ile snu potrzebuje kot, a ile kociak? Dowiedz si\u0119 tego oraz co zrobi\u0107, gdy Tw\u00f3j kot \u015bpi za d\u0142ugo.","breadcrumb":{"@id":"https:\/\/bozita.com\/pl\/zycie-z-kotem\/rozwoj-kotow\/koty-i-sen-ile-snu-potrzebuje-kot\/#breadcrumb"},"inLanguage":"pl-PL","potentialAction":[{"@type":"ReadAction","target":["https:\/\/bozita.com\/pl\/zycie-z-kotem\/rozwoj-kotow\/koty-i-sen-ile-snu-potrzebuje-kot\/"]}]},{"@type":"BreadcrumbList","@id":"https:\/\/bozita.com\/pl\/zycie-z-kotem\/rozwoj-kotow\/koty-i-sen-ile-snu-potrzebuje-kot\/#breadcrumb","itemListElement":[{"@type":"ListItem","position":1,"name":"Home","item":"https:\/\/bozita.com\/pl\/"},{"@type":"ListItem","position":2,"name":"Kupno kota i \u017cycie z nim. Porady dla pocz\u0105tkuj\u0105cych","item":"https:\/\/bozita.com\/pl\/zycie-z-kotem\/"},{"@type":"ListItem","position":3,"name":"Poznaj etapy rozwoju kota i zosta\u0144 dobrym opiekunem","item":"https:\/\/bozita.com\/pl\/zycie-z-kotem\/rozwoj-kotow\/"},{"@type":"ListItem","position":4,"name":"Koty i sen &#8211; ile snu potrzebuje kot?"}]},{"@type":"WebSite","@id":"https:\/\/bozita.com\/pl\/#website","url":"https:\/\/bozita.com\/pl\/","name":"Bozita Polska","description":"","potentialAction":[{"@type":"SearchAction","target":{"@type":"EntryPoint","urlTemplate":"https:\/\/bozita.com\/pl\/?s={search_term_string}"},"query-input":"required name=search_term_string"}],"inLanguage":"pl-PL"}]}},"_links":{"self":[{"href":"https:\/\/bozita.com\/pl\/wp-json\/wp\/v2\/pages\/6795"}],"collection":[{"href":"https:\/\/bozita.com\/pl\/wp-json\/wp\/v2\/pages"}],"about":[{"href":"https:\/\/bozita.com\/pl\/wp-json\/wp\/v2\/types\/page"}],"author":[{"embeddable":true,"href":"https:\/\/bozita.com\/pl\/wp-json\/wp\/v2\/users\/1"}],"replies":[{"embeddable":true,"href":"https:\/\/bozita.com\/pl\/wp-json\/wp\/v2\/comments?post=6795"}],"version-history":[{"count":7,"href":"https:\/\/bozita.com\/pl\/wp-json\/wp\/v2\/pages\/6795\/revisions"}],"predecessor-version":[{"id":9509,"href":"https:\/\/bozita.com\/pl\/wp-json\/wp\/v2\/pages\/6795\/revisions\/9509"}],"up":[{"embeddable":true,"href":"https:\/\/bozita.com\/pl\/wp-json\/wp\/v2\/pages\/6689"}],"wp:featuredmedia":[{"embeddable":true,"href":"https:\/\/bozita.com\/pl\/wp-json\/wp\/v2\/media\/6698"}],"wp:attachment":[{"href":"https:\/\/bozita.com\/pl\/wp-json\/wp\/v2\/media?parent=6795"}],"curies":[{"name":"wp","href":"https:\/\/api.w.org\/{rel}","templated":true}]}}