{"id":6796,"date":"2021-08-11T17:33:38","date_gmt":"2021-08-11T17:33:38","guid":{"rendered":"https:\/\/bozita.com\/pl\/zycie-z-kotem\/rozwoj-kotow\/podrozowanie-z-kotem-to-musisz-wiedziec\/"},"modified":"2022-09-29T07:02:04","modified_gmt":"2022-09-29T07:02:04","slug":"podrozowanie-z-kotem-to-musisz-wiedziec","status":"publish","type":"page","link":"https:\/\/bozita.com\/pl\/zycie-z-kotem\/rozwoj-kotow\/podrozowanie-z-kotem-to-musisz-wiedziec\/","title":{"rendered":"Podr\u00f3\u017cowanie z kotem &#8211; to musisz wiedzie\u0107"},"content":{"rendered":"\t\t<section class=\"small-hero\">\n\t\t\t<div class=\"container\">\n\t\t\t\t<h1 class=\"small-hero-title\">PODR\u00d3\u017bOWANIE Z KOTEM \u2013 TO MUSISZ WIEDZIE\u0106<\/h1>\t\t\t<\/div>\n\t\t\t<\/div>\n\t\t<\/section>\n\t\n\n\t<div class=\"text-box-warp\">\n\t\t<div class=\"container\">\n\t\t\t<div class=\"text-content\">\n\t\t\t\t<p><strong>Podr\u00f3\u017c z kotem wymaga przygotowa\u0144 niezale\u017cnie od odleg\u0142o\u015bci, czasu podr\u00f3\u017cy i \u015brodka transportu. Je\u015bli podr\u00f3\u017cujesz z kotem za granic\u0119 musisz upewni\u0107 si\u0119, jakie regu\u0142y obowi\u0105zuj\u0105 w kraju, do kt\u00f3rego si\u0119 wybieracie np. obowi\u0105zkowe szczepionki dla kota.<\/strong><\/p>\n<h2>PODR\u00d3\u017bOWANIE Z KOTEM \u2013 POMY\u015aL O TYM PRZED PODR\u00d3\u017b\u0104<\/h2>\n<p>Koty s\u0105 wra\u017cliwe na zmiany, wi\u0119c zabieranie ich na wakacje lub d\u0142u\u017csze wyjazdy niekoniecznie jest najlepszym pomys\u0142em. Dobre samopoczucie kota jest zawsze najwa\u017cniejsze. Je\u015bli podejrzewasz, \u017ce Tw\u00f3j kot nie b\u0119dzie czu\u0142 si\u0119 dobrze zmieniaj\u0105c otoczenie lepiej b\u0119dzie, aby zosta\u0142 w miejscu, w kt\u00f3rym czuje si\u0119 bezpiecznie.<\/p>\n<p>Koty nie s\u0105 w stanie zaopiekowa\u0107 si\u0119 same sob\u0105, wi\u0119c nie mo\u017cesz zostawi\u0107 kota samego, kiedy wyje\u017cd\u017casz na wakacje. Istniej\u0105 regu\u0142y co do tego, na ile czasu mo\u017cna zostawi\u0107 kota bez opieki, a wi\u0119c te\u017c bez kontaktu, nie tylko jedzenia i wody.<\/p>\n<p><strong>Wi\u0119cej informacji<\/strong><\/p>\n<ul>\n<li><a href=\"https:\/\/bozita.com\/pl\/zycie-z-kotem\/kupno-kota\/na-jak-dlugo-mozna-zostawic-kota-samego-w-domu\/\">Na tyle czasu mo\u017cesz zostawi\u0107 kota samego w domu<\/a><\/li>\n<\/ul>\n<h2>PODR\u00d3\u017bOWANIE Z KOTEM ZA GRANIC\u0118<\/h2>\n<p>Kiedy wyje\u017cd\u017casz za granic\u0119 ze swoim kotem musisz dowiedzie\u0107 si\u0119 jakie regu\u0142y dotycz\u0105ce wwozu oraz szczepienia zwierz\u0105t obowi\u0105zuj\u0105 w danym kraju. Szczepionki musz\u0105 zosta\u0107 wykonane z odpowiednim wyprzedzeniem, aby zapewni\u0107 zwierz\u0119ciu pe\u0142n\u0105 ochron\u0119.<\/p>\n<p>Podr\u00f3\u017ce z kotem w granicach UE s\u0105 stosunkowo ma\u0142o skomplikowane. Wszystkie kraje cz\u0142onkowskie wymagaj\u0105 aktualnych szczepie\u0144 przeciwko w\u015bciekli\u017anie, oznakowania kota czipem oraz posiadania aktualnego paszportu kota. Paszport mo\u017ce wystawi\u0107 weterynarz, je\u015bli zwierz\u0119 spe\u0142nia wszystkie konieczne wymogi. W krajach, w kt\u00f3rych wyst\u0119puje tasiemiec b\u0105blowcowy obowi\u0105zuj\u0105 dodatkowe regu\u0142y.<\/p>\n<p>Pe\u0142n\u0105 list\u0119 regu\u0142 przy wyjazdach za granic\u0119 z kotem mo\u017cesz znale\u017a\u0107 na stronie G\u0142\u00f3wnego Inspektoratu Weterynarii.<\/p>\n<ul>\n<li><a href=\"https:\/\/djur.jordbruksverket.se\/amnesomraden\/djur\/resorochtransporter\/hundarkatterochillrar\/hundarkatterochillrarutforselochexport\/resamedhundarkatterochillrarinomeu.4.3d562bc1346a4603d78000337.html\">Podr\u00f3\u017c ze zwierz\u0119tami towarzysz\u0105cymi w UE &#8211; zasady<\/a><\/li>\n<li><a href=\"https:\/\/djur.jordbruksverket.se\/amnesomraden\/djur\/resorochtransporter\/hundarkatterochillrar\/hundarkatterochillrarutforselochexport\/resamedhundarkatterochillrartillnorgeellerannatlandutanforeu.4.3d562bc1346a4603d78000325.html\">Podr\u00f3\u017c ze zwierz\u0119tami towarzysz\u0105cymi z Polski poza UE &#8211; zasady<\/a><\/li>\n<\/ul>\n<p><strong>Wi\u0119cej informacji<\/strong><\/p>\n<ul>\n<li><a href=\"https:\/\/bozita.com\/pl\/zycie-z-kotem\/kupno-kota\/czipowanie-kota-i-rejestracja-czipa\/\">Czipowanie kota i rejestracja czipa<\/a><\/li>\n<\/ul>\n<h2>PODR\u00d3\u017bOWANIE Z KOTEM W SAMOLOCIE<\/h2>\n<p>Zastan\u00f3w si\u0119 zanim zdecydujesz si\u0119 na lot z kotem. Koty to wra\u017cliwe zwierz\u0119ta i niekoniecznie b\u0119d\u0105 czu\u0142y si\u0119 dobrze podczas d\u0142ugiego lotu samolotem.<\/p>\n<p>Nie zawsze zaleca si\u0119 podawanie kotom lek\u00f3w uspokajaj\u0105cych kotu przed lotem, a niekt\u00f3re linie lotnicze wr\u0119cz tego zakazuj\u0105. Istniej\u0105 jednak inne metody, z kt\u00f3rych mo\u017cesz skorzysta\u0107, aby sprawi\u0107, \u017ce kot b\u0119dzie zrelaksowany np. spray z feromonami.<\/p>\n<p>Kot musi posiada\u0107 sw\u00f3j w\u0142asny, specjalny bilet lotniczy. Wi\u0119kszo\u015b\u0107 linii lotniczych pozwala na zabranie kota do kabiny samolotu, ale niekt\u00f3re zezwalaj\u0105 jedynie na przew\u00f3z zwierz\u0105t w luku baga\u017cowym. Istniej\u0105 r\u00f3wnie\u017c zasady okre\u015blaj\u0105ce maksymaln\u0105 wag\u0119 kota i rozmiar transportera, w kt\u00f3rym b\u0119dzie przewo\u017cony.<\/p>\n<p>Dowiedz si\u0119 o obowi\u0105zuj\u0105cych zasadach, zanim zdecydujesz si\u0119 na lot lub skontaktuj si\u0119 ze swoj\u0105 lini\u0105 lotnicz\u0105.<\/p>\n<h2>PRZEWO\u017bENIE KOTA SAMOCHODEM LUB AUTOBUSEM<\/h2>\n<p>Gdy planujesz przewo\u017cenie kota samochodem, poci\u0105giem lub autobusem z kotem musisz upewni\u0107 si\u0119, \u017ce b\u0119dzie si\u0119 on znajdowa\u0142 w odpowiednim, bezpiecznym transporterze z zapewnionym przep\u0142ywem powietrza. Transporter powinien pozwala\u0107 kotu na wygodne po\u0142o\u017cenie si\u0119. Kot powinien te\u017c m\u00f3c w nim wsta\u0107 i obr\u00f3ci\u0107 si\u0119.<\/p>\n<p>Je\u015bli jest to mo\u017cliwe, zapewnij kotu dost\u0119p do \u015bwie\u017cej wody podczas podr\u00f3\u017cy. Mo\u017cesz zrobi\u0107 to dzi\u0119ki specjalnej misce podr\u00f3\u017cnej, z kt\u00f3rej nie wyleje si\u0119 woda. Je\u015bli podanie wody w ten spos\u00f3b nie jest mo\u017cliwe, upewnij si\u0119, \u017ce kot b\u0119dzie m\u00f3g\u0142 napi\u0107 si\u0119 co najmniej co 6 godzin. Nie karm kota bezpo\u015brednio przed podr\u00f3\u017c\u0105, poniewa\u017c mo\u017ce on zwymiotowa\u0107 z powodu choroby lokomocyjnej lub stresu podczas podr\u00f3\u017cy.<\/p>\n<p>Niekt\u00f3re koty nie lubi\u0105 d\u017awi\u0119k\u00f3w wydawanych przez samoch\u00f3d, poci\u0105g lub autobus. Je\u015bli jest to mo\u017cliwe, umie\u015b\u0107 drzwiczki transportera blisko siebie tak, aby kot m\u00f3g\u0142 spogl\u0105da\u0107 na Ciebie podczas podr\u00f3\u017cy. Mo\u017cesz te\u017c w\u0142o\u017cy\u0107 do transportera ulubiony koc, zabawk\u0119 lub co\u015b pachn\u0105cego domem, aby zapewni\u0107 kotu poczucie bezpiecze\u0144stwa.<\/p>\n<p>Je\u015bli podr\u00f3\u017cujesz z kotem za granic\u0119 musisz zna\u0107 obowi\u0105zuj\u0105ce w danym kraju zasady, okre\u015blaj\u0105ce jak powinno wygl\u0105da\u0107 przewo\u017cenie kota samochodem. Mog\u0105 to by\u0107 np. regu\u0142y dotycz\u0105ce modelu transportera.<\/p>\n\t\t\t<\/div>\n\t\t<\/div>\n\t<\/div>\n\n\n\n\t<section class=\"block related-articles\">\n\t\t<div class=\"container\">\n\t\t\t<h2>Artyku\u0142y powi\u0105zane<\/h2>\n\t\t\t<div class=\"row justify-content-center\">\n\t\t\t\t\t\t\t\t\t\t<div class=\"col-sm-6 col-md-6 col-lg-3\">\n\t\t\t\t\t\t\t\t\t\t\t\t\t\t<div class=\"card \">\n\t\t\t\t\t\t\t\t\t\t\t\t\t\t\t\t\t<img decoding=\"async\"  src=\"https:\/\/bozita.com\/pl\/wp-content\/uploads\/sites\/9\/2021\/08\/bozita-kattens-kroppssprak.jpg\" alt=\"\">\n\t\t\t\t\t\t\t\t\t\t\t\t\t\t\t\t\t<!-- <img decoding=\"async\" src=\"\n\t\t\t\t\t\t\t\t\t\t\t\t\t\t\t\t\t\t\t\t\" alt=\"\n\t\t\t\t\t\t\t\t\t\t\t\t\t\t\t\t\t\t\t\t\t\t\t\t\t\t\t\"> -->\n\t\t\t\t\t\t\t\t<div class=\"card-body\">\n\t\t\t\t\t\t\t\t\t\t\t\t\t\t\t\t\t\t\t<h6>Naucz si\u0119 interpretowa\u0107 koci j\u0119zyk i zachowanie<\/h6>\n\t\t\t\t\t\t\t\t\t\t\t\t\t\t\t\t\t\t\t<a href=\"https:\/\/bozita.com\/pl\/zycie-z-kotem\/rozwoj-kotow\/zachowanie-kota-i-koci-jezyk\/\">Czytaj wi\u0119cej &nbsp; ><\/a>\n\t\t\t\t\t\t\t\t<\/div>\n\t\t\t\t\t\t\t<\/div>\n\t\t\t\t\t\t<\/div>\n\n\t\t\t\t\t\t\t\t\t\t\t<div class=\"col-sm-6 col-md-6 col-lg-3\">\n\t\t\t\t\t\t\t\t\t\t\t\t\t\t<div class=\"card \">\n\t\t\t\t\t\t\t\t\t\t\t\t\t\t\t\t\t<img decoding=\"async\"  src=\"https:\/\/bozita.com\/pl\/wp-content\/uploads\/sites\/9\/2021\/08\/bozita-vaccinera-katt.jpg\" alt=\"\">\n\t\t\t\t\t\t\t\t\t\t\t\t\t\t\t\t\t<!-- <img decoding=\"async\" src=\"\n\t\t\t\t\t\t\t\t\t\t\t\t\t\t\t\t\t\t\t\t\" alt=\"\n\t\t\t\t\t\t\t\t\t\t\t\t\t\t\t\t\t\t\t\t\t\t\t\t\t\t\t\"> -->\n\t\t\t\t\t\t\t\t<div class=\"card-body\">\n\t\t\t\t\t\t\t\t\t\t\t\t\t\t\t\t\t\t\t<h6>Kiedy i jak cz\u0119sto przeprowadza\u0107 szczepienie kota?<\/h6>\n\t\t\t\t\t\t\t\t\t\t\t\t\t\t\t\t\t\t\t<a href=\"https:\/\/bozita.com\/pl\/zycie-z-kotem\/zdrowie-kota\/szczepienie-kota\/\">Czytaj wi\u0119cej &nbsp; ><\/a>\n\t\t\t\t\t\t\t\t<\/div>\n\t\t\t\t\t\t\t<\/div>\n\t\t\t\t\t\t<\/div>\n\n\t\t\t\t\t\t\t\t\t\t\t<div class=\"col-sm-6 col-md-6 col-lg-3\">\n\t\t\t\t\t\t\t\t\t\t\t\t\t\t<div class=\"card \">\n\t\t\t\t\t\t\t\t\t\t\t\t\t\t\t\t\t<img decoding=\"async\"  src=\"https:\/\/bozita.com\/pl\/wp-content\/uploads\/sites\/9\/2021\/08\/bozita-trana-katt-kattunge.jpg\" alt=\"\">\n\t\t\t\t\t\t\t\t\t\t\t\t\t\t\t\t\t<!-- <img decoding=\"async\" src=\"\n\t\t\t\t\t\t\t\t\t\t\t\t\t\t\t\t\t\t\t\t\" alt=\"\n\t\t\t\t\t\t\t\t\t\t\t\t\t\t\t\t\t\t\t\t\t\t\t\t\t\t\t\"> -->\n\t\t\t\t\t\t\t\t<div class=\"card-body\">\n\t\t\t\t\t\t\t\t\t\t\t\t\t\t\t\t\t\t\t<h6>Jak powinno wygl\u0105da\u0107 tresowanie kota lub kociaka?<\/h6>\n\t\t\t\t\t\t\t\t\t\t\t\t\t\t\t\t\t\t\t<a href=\"https:\/\/bozita.com\/pl\/zycie-z-kotem\/rozwoj-kotow\/jak-powinno-wygladac-tresowanie-kota-lub-kociaka\/\">Czytaj wi\u0119cej &nbsp; ><\/a>\n\t\t\t\t\t\t\t\t<\/div>\n\t\t\t\t\t\t\t<\/div>\n\t\t\t\t\t\t<\/div>\n\n\t\t\t\t\t\t\t\t\t\t\t\t<\/div>\n\t\t<\/div>\n\t<\/section>\n","protected":false},"excerpt":{"rendered":"","protected":false},"author":1,"featured_media":6698,"parent":6689,"menu_order":0,"comment_status":"closed","ping_status":"closed","template":"guternberg.php","meta":{"footnotes":""},"acf":[],"yoast_head":"<!-- This site is optimized with the Yoast SEO plugin v21.3 - https:\/\/yoast.com\/wordpress\/plugins\/seo\/ -->\n<title>Podr\u00f3\u017cowanie z kotem - to musisz wiedzie\u0107 | Bozita Polska<\/title>\n<meta name=\"description\" content=\"Podr\u00f3\u017cowanie z kotem - porady. Kot w samolocie, przewo\u017cenie kota samochodem, autobusem lub poci\u0105giem - w kraju, w UE i poza. Poznaj g\u0142\u00f3wne zasady.\" \/>\n<meta name=\"robots\" content=\"index, follow, max-snippet:-1, max-image-preview:large, max-video-preview:-1\" \/>\n<link rel=\"canonical\" href=\"https:\/\/bozita.com\/pl\/zycie-z-kotem\/rozwoj-kotow\/podrozowanie-z-kotem-to-musisz-wiedziec\/\" \/>\n<meta property=\"og:locale\" content=\"pl_PL\" \/>\n<meta property=\"og:type\" content=\"article\" \/>\n<meta property=\"og:title\" content=\"Podr\u00f3\u017cowanie z kotem - to musisz wiedzie\u0107 | Bozita Polska\" \/>\n<meta property=\"og:description\" content=\"Podr\u00f3\u017cowanie z kotem - porady. Kot w samolocie, przewo\u017cenie kota samochodem, autobusem lub poci\u0105giem - w kraju, w UE i poza. Poznaj g\u0142\u00f3wne zasady.\" \/>\n<meta property=\"og:url\" content=\"https:\/\/bozita.com\/pl\/zycie-z-kotem\/rozwoj-kotow\/podrozowanie-z-kotem-to-musisz-wiedziec\/\" \/>\n<meta property=\"og:site_name\" content=\"Bozita Polska\" \/>\n<meta property=\"article:modified_time\" content=\"2022-09-29T07:02:04+00:00\" \/>\n<meta property=\"og:image\" content=\"https:\/\/bozita.com\/pl\/wp-content\/uploads\/sites\/9\/2021\/08\/bozita_swedish-natural-quality.jpg\" \/>\n\t<meta property=\"og:image:width\" content=\"800\" \/>\n\t<meta property=\"og:image:height\" content=\"533\" \/>\n\t<meta property=\"og:image:type\" content=\"image\/jpeg\" \/>\n<meta name=\"twitter:card\" content=\"summary_large_image\" \/>\n<!-- \/ Yoast SEO plugin. -->","yoast_head_json":{"title":"Podr\u00f3\u017cowanie z kotem - to musisz wiedzie\u0107 | Bozita Polska","description":"Podr\u00f3\u017cowanie z kotem - porady. Kot w samolocie, przewo\u017cenie kota samochodem, autobusem lub poci\u0105giem - w kraju, w UE i poza. Poznaj g\u0142\u00f3wne zasady.","robots":{"index":"index","follow":"follow","max-snippet":"max-snippet:-1","max-image-preview":"max-image-preview:large","max-video-preview":"max-video-preview:-1"},"canonical":"https:\/\/bozita.com\/pl\/zycie-z-kotem\/rozwoj-kotow\/podrozowanie-z-kotem-to-musisz-wiedziec\/","og_locale":"pl_PL","og_type":"article","og_title":"Podr\u00f3\u017cowanie z kotem - to musisz wiedzie\u0107 | Bozita Polska","og_description":"Podr\u00f3\u017cowanie z kotem - porady. Kot w samolocie, przewo\u017cenie kota samochodem, autobusem lub poci\u0105giem - w kraju, w UE i poza. Poznaj g\u0142\u00f3wne zasady.","og_url":"https:\/\/bozita.com\/pl\/zycie-z-kotem\/rozwoj-kotow\/podrozowanie-z-kotem-to-musisz-wiedziec\/","og_site_name":"Bozita Polska","article_modified_time":"2022-09-29T07:02:04+00:00","og_image":[{"width":800,"height":533,"url":"https:\/\/bozita.com\/pl\/wp-content\/uploads\/sites\/9\/2021\/08\/bozita_swedish-natural-quality.jpg","type":"image\/jpeg"}],"twitter_card":"summary_large_image","schema":{"@context":"https:\/\/schema.org","@graph":[{"@type":"WebPage","@id":"https:\/\/bozita.com\/pl\/zycie-z-kotem\/rozwoj-kotow\/podrozowanie-z-kotem-to-musisz-wiedziec\/","url":"https:\/\/bozita.com\/pl\/zycie-z-kotem\/rozwoj-kotow\/podrozowanie-z-kotem-to-musisz-wiedziec\/","name":"Podr\u00f3\u017cowanie z kotem - to musisz wiedzie\u0107 | Bozita Polska","isPartOf":{"@id":"https:\/\/bozita.com\/pl\/#website"},"datePublished":"2021-08-11T17:33:38+00:00","dateModified":"2022-09-29T07:02:04+00:00","description":"Podr\u00f3\u017cowanie z kotem - porady. Kot w samolocie, przewo\u017cenie kota samochodem, autobusem lub poci\u0105giem - w kraju, w UE i poza. Poznaj g\u0142\u00f3wne zasady.","breadcrumb":{"@id":"https:\/\/bozita.com\/pl\/zycie-z-kotem\/rozwoj-kotow\/podrozowanie-z-kotem-to-musisz-wiedziec\/#breadcrumb"},"inLanguage":"pl-PL","potentialAction":[{"@type":"ReadAction","target":["https:\/\/bozita.com\/pl\/zycie-z-kotem\/rozwoj-kotow\/podrozowanie-z-kotem-to-musisz-wiedziec\/"]}]},{"@type":"BreadcrumbList","@id":"https:\/\/bozita.com\/pl\/zycie-z-kotem\/rozwoj-kotow\/podrozowanie-z-kotem-to-musisz-wiedziec\/#breadcrumb","itemListElement":[{"@type":"ListItem","position":1,"name":"Home","item":"https:\/\/bozita.com\/pl\/"},{"@type":"ListItem","position":2,"name":"Kupno kota i \u017cycie z nim. Porady dla pocz\u0105tkuj\u0105cych","item":"https:\/\/bozita.com\/pl\/zycie-z-kotem\/"},{"@type":"ListItem","position":3,"name":"Poznaj etapy rozwoju kota i zosta\u0144 dobrym opiekunem","item":"https:\/\/bozita.com\/pl\/zycie-z-kotem\/rozwoj-kotow\/"},{"@type":"ListItem","position":4,"name":"Podr\u00f3\u017cowanie z kotem &#8211; to musisz wiedzie\u0107"}]},{"@type":"WebSite","@id":"https:\/\/bozita.com\/pl\/#website","url":"https:\/\/bozita.com\/pl\/","name":"Bozita Polska","description":"","potentialAction":[{"@type":"SearchAction","target":{"@type":"EntryPoint","urlTemplate":"https:\/\/bozita.com\/pl\/?s={search_term_string}"},"query-input":"required name=search_term_string"}],"inLanguage":"pl-PL"}]}},"_links":{"self":[{"href":"https:\/\/bozita.com\/pl\/wp-json\/wp\/v2\/pages\/6796"}],"collection":[{"href":"https:\/\/bozita.com\/pl\/wp-json\/wp\/v2\/pages"}],"about":[{"href":"https:\/\/bozita.com\/pl\/wp-json\/wp\/v2\/types\/page"}],"author":[{"embeddable":true,"href":"https:\/\/bozita.com\/pl\/wp-json\/wp\/v2\/users\/1"}],"replies":[{"embeddable":true,"href":"https:\/\/bozita.com\/pl\/wp-json\/wp\/v2\/comments?post=6796"}],"version-history":[{"count":7,"href":"https:\/\/bozita.com\/pl\/wp-json\/wp\/v2\/pages\/6796\/revisions"}],"predecessor-version":[{"id":9511,"href":"https:\/\/bozita.com\/pl\/wp-json\/wp\/v2\/pages\/6796\/revisions\/9511"}],"up":[{"embeddable":true,"href":"https:\/\/bozita.com\/pl\/wp-json\/wp\/v2\/pages\/6689"}],"wp:featuredmedia":[{"embeddable":true,"href":"https:\/\/bozita.com\/pl\/wp-json\/wp\/v2\/media\/6698"}],"wp:attachment":[{"href":"https:\/\/bozita.com\/pl\/wp-json\/wp\/v2\/media?parent=6796"}],"curies":[{"name":"wp","href":"https:\/\/api.w.org\/{rel}","templated":true}]}}