{"id":6797,"date":"2021-08-11T17:33:25","date_gmt":"2021-08-11T17:33:25","guid":{"rendered":"https:\/\/bozita.com\/pl\/obcinanie-pazurow-u-kota-jak-czesto-nalezy-to-robic\/"},"modified":"2022-09-29T07:06:26","modified_gmt":"2022-09-29T07:06:26","slug":"obcinanie-pazurow-u-kota-jak-czesto-nalezy-to-robic","status":"publish","type":"page","link":"https:\/\/bozita.com\/pl\/zycie-z-kotem\/zdrowie-kota\/obcinanie-pazurow-u-kota-jak-czesto-nalezy-to-robic\/","title":{"rendered":"Obcinanie pazur\u00f3w u kota &#8211; cenne wskaz\u00f3wki i porady"},"content":{"rendered":"\t\t<section class=\"small-hero\">\n\t\t\t<div class=\"container\">\n\t\t\t\t<h1 class=\"small-hero-title\">OBCINANIE PAZUR\u00d3W U KOTA \u2013 JAK CZ\u0118STO NALE\u017bY TO ROBI\u0106?<\/h1>\t\t\t<\/div>\n\t\t\t<\/div>\n\t\t<\/section>\n\t\n\n\t<div class=\"text-box-warp\">\n\t\t<div class=\"container\">\n\t\t\t<div class=\"text-content\">\n\t\t\t\t<p><strong>Obcinanie pazur\u00f3w u kota wymaga odwagi, szczeg\u00f3lnie na pocz\u0105tku, kiedy kot jeszcze si\u0119 do tego nie przyzwyczai\u0142. To, jak cz\u0119sto trzeba obcina\u0107 pazury zale\u017cy od stylu \u017cycia kota. Kot domowy b\u0119dzie potrzebowa\u0142 dok\u0142adniejszej piel\u0119gnacji ni\u017c kot wychodz\u0105cy, kt\u00f3ry \u015bciera pazury w naturalny spos\u00f3b, gdy przebywa na dworze.<\/strong><\/p>\n<h2>OBCINANIE PAZUR\u00d3W U KOTA R\u00d3\u017bNI SI\u0118 W PRZYPADKU KOT\u00d3W DOMOWYCH I WYCHODZ\u0104CYCH<\/h2>\n<p>Kot u\u017cywa swoich pazur\u00f3w do m. in. polowania, wspinania si\u0119 i ucieczki. Dlatego nie poleca si\u0119 obcina\u0107 pazur\u00f3w kotom wychodz\u0105cym. Potrzebuj\u0105 one swoich pazur\u00f3w, a te \u015bcieraj\u0105 si\u0119 w zupe\u0142nie naturalny spos\u00f3b.<\/p>\n<p>Je\u015bli jednak Tw\u00f3j wychodz\u0105cy kot jest starszy i niekoniecznie tak aktywny, nie u\u017cywa tak intensywnie swoich pazur\u00f3w, dzi\u0119ki czemu mo\u017cesz regularnie je kontrolowa\u0107. Zwr\u00f3\u0107 uwag\u0119 na to, \u017ceby nie by\u0142y uszkodzone oraz nie wrasta\u0142y w poduszki \u0142ap.<\/p>\n<p>Kontroluj pazury kota regularnie, kiedy sp\u0119dzacie razem przyjemnie czas. Dzi\u0119ki temu nauczysz si\u0119, jak szybko rosn\u0105 i jak cz\u0119sto powiniene\u015b je przycina\u0107.<\/p>\n<h2>TAK PRZYZWYCZAISZ KOTA DO OBCINANIA PAZUR\u00d3W<\/h2>\n<p>Obcinanie kotu pazur\u00f3w to czynno\u015b\u0107, do kt\u00f3rej powinno si\u0119 przyzwyczaja\u0107 kota od ma\u0142ego, o ile masz tak\u0105 mo\u017cliwo\u015b\u0107. Nie musisz od razu wyjmowa\u0107 no\u017cyczek. Zamiast tego zacznij przyzwyczaja\u0107 kota do tego, \u017ce dotykasz jego \u0142ap. Masuj poduszki \u0142ap i dotykaj jego palc\u00f3w. Powtarzaj to tak cz\u0119sto jak mo\u017cesz, najlepiej kiedy kot jest spokojny i w nastroju do przytulania.<\/p>\n<p>P\u00f3\u017aniej, kiedy zauwa\u017cysz, \u017ce kot nie protestuje i nie przeszkadza mu opisana technika, mo\u017cesz ostro\u017cnie i po jednym palcu na raz nacisn\u0105\u0107 na niego tak, aby pokaza\u0142 si\u0119 pazur. Je\u015bli kot wci\u0105\u017c jest spokojny mo\u017cesz obci\u0105\u0107 pazury jeden po drugim. Je\u015bli kot zareaguje negatywnie lub zacznie si\u0119 wyrywa\u0107 lepiej jest przesta\u0107 i spr\u00f3bowa\u0107 przy nast\u0119pnej okazji.<\/p>\n<p>Nie spiesz si\u0119. Istnieje ryzyko, \u017ce kot uzna Twoje pr\u00f3by za nieprzyjemne i nie pozwoli, \u017ceby\u015b p\u00f3\u017aniej dotyka\u0142 jego \u0142ap.<\/p>\n<p><strong>Wi\u0119cej informacji<\/strong><\/p>\n<ul>\n<li>Przy niewielkim treningu mo\u017cesz przyzwyczai\u0107 kota do nowych rzeczy &#8211; przeczytaj najlepsze porady kociej ekspertki Bozity, Elin Hirsch w artykule\u00a0<a href=\"https:\/\/bozita.com\/pl\/zycie-z-kotem\/rozwoj-kotow\/jak-powinno-wygladac-tresowanie-kota-lub-kociaka\/\">Jak powinno wygl\u0105da\u0107 tresowanie kota lub kociaka?<\/a><\/li>\n<\/ul>\n<h2>OBCINANIE PAZUR\u00d3W U KOTA, KT\u00d3RY NIE MA TO OCHOTY<\/h2>\n<p>Niekt\u00f3re koty po prostu nie lubi\u0105, kiedy kto\u015b dotyka ich \u0142ap lub pazur\u00f3w. Mo\u017cesz najpierw spr\u00f3bowa\u0107 pog\u0142aska\u0107 kota tak, \u017ceby poczu\u0142 si\u0119 spokojny i bezpieczny, kiedy go dotykasz. Spr\u00f3buj p\u00f3\u017aniej przej\u015b\u0107 do g\u0142askania n\u00f3g kota, a potem \u0142ap.<\/p>\n<p>Je\u015bli po kilku pr\u00f3bach Tw\u00f3j kot wci\u0105\u017c nie lubi obcinania pazur\u00f3w skontaktuj si\u0119 ze swoim weterynarzem, kt\u00f3ry doradzi Ci jak przeprowadzi\u0107 obcinanie kotu pazur\u00f3w.<\/p>\n\t\t\t<\/div>\n\t\t<\/div>\n\t<\/div>\n\n\n<section class=\"block product-promos\">\n\t<div class=\"container\">\n\t\t<div class=\"row align-items-center\">\n\t\t\t<div class=\"col-md-5\">\n\t\t\t\t<div class=\"prdt__promos-heading\">\n\t\t\t\t\t<h3>\n\t\t\t\t\t\tZalecana karma dla kot\u00f3w przebywaj\u0105cych na zewn\u0105trz\t\t\t\t\t<\/h3>\n\t\t\t\t\t\t\t\t\t<\/div>\n\t\t\t<\/div>\n\t\t\t<div class=\"col-md-7\">\n\t\t\t\t\t\t\t\t\t<div class=\"owl-carousel owl-theme product-promo-carousel\">\n\t\t\t\t\t\t\t\t\t\t\t\t\t<a href=\"https:\/\/bozita.com\/pl\/karma-dla-kotow\/bozita-outdoor-and-active-z-losiem\/\">\n\t\t\t\t\t\t\t\t<div class=\"blk__prdt-item\">\n\t\t\t\t\t\t\t\t\t<figure>\n\t\t\t\t\t\t\t\t\t\t<img loading=\"lazy\" decoding=\"async\" width=\"600\" height=\"600\" src=\"https:\/\/bozita.com\/pl\/wp-content\/uploads\/sites\/9\/2021\/08\/bozita-outdoor-and-active-with-elk-2-kg.jpg\" class=\"attachment-post-thumbnail size-post-thumbnail wp-post-image\" alt=\"KITTEN KAWA\u0141KI W SOSIE Z EXTRA KURCZAKIEM\" srcset=\"https:\/\/bozita.com\/pl\/wp-content\/uploads\/sites\/9\/2021\/08\/bozita-outdoor-and-active-with-elk-2-kg.jpg 600w, https:\/\/bozita.com\/pl\/wp-content\/uploads\/sites\/9\/2021\/08\/bozita-outdoor-and-active-with-elk-2-kg-300x300.jpg 300w, https:\/\/bozita.com\/pl\/wp-content\/uploads\/sites\/9\/2021\/08\/bozita-outdoor-and-active-with-elk-2-kg-150x150.jpg 150w\" sizes=\"(max-width: 600px) 100vw, 600px\" \/>\t\t\t\t\t\t\t\t\t\t\t\t\t\t\t\t\t\t\t<\/figure>\n\t\t\t\t\t\t\t\t\t<h4 class=\"carousel-title\"><\/h4>\n\t\t\t\t\t\t\t\t\t<span class=\"carousel-category\">OUTDOOR &amp; ACTIVE Z \u0141OSIEM<\/span>\n\t\t\t\t\t\t\t\t\t  \n\t\t\t\t\t\t\t\t\t<ul class=\"category-list\">\n\t\t\t\t\t\t\t\t\t\t\t\t\t\t\t\t\t\t\t\t\t\t\t\t\t\t\t\t\t\t\t\t\t<li class=\"svg-image\">\n\t\t\t\t\t\t\t\t\t\t\t\t\t\t<img decoding=\"async\" src=\"https:\/\/bozita.com\/pl\/wp-content\/uploads\/sites\/9\/2021\/06\/icon-flavour-elk.svg\" \/>\n\t\t\t\t\t\t\t\t\t\t\t\t\t<\/li>\n\t\t\t\t\t\t\t\t\t\t\t\t\t\t\t\t\t\t\t\t\t\t<\/ul>       \n\n\t\t\t\t\t\t\t\t<\/div>\n\t\t\t\t\t\t\t<\/a>\n\t\t\t\t\t\t\t\t\t\t\t\t\t\t\t\t\t\t<\/div>\n\t\t\t\t\t\t\t<\/div>\n\t\t<\/div>\n\t<\/div>\n<\/section>\n<script>\njQuery(document).ready(function($) {\n\tjQuery('.product-promo-carousel').owlCarousel({\n\tloop: true,\n\tmargin: 10,\n\tresponsiveClass: true,\n\tresponsive: {\n\t\t0: {\n\t\titems: 1,\n\t\tnav: true\n\t\t},\n\t\t600: {\n\t\titems: 1,\n\t\tnav: true\n\t\t},\n\t\t1000: {\n\t\titems: 1,\n\t\tnav: true,\n\t\t}\n\t}\n\t})\n\tjQuery(\".owl-prev\").html('<span><<\/span>');\n\tjQuery(\".owl-next\").html('<span>><\/span>');\n\n\tvar slider = jQuery('.promo-slider-list');\n\tslider.owlCarousel();\n\tjQuery('.nextbtn-a').click(function() {\n\tslider.trigger('next.owl.carousel');\n\t})\n\t\/\/ Go to the previous item\n\tjQuery('.prebtn-a').click(function() {\n\tslider.trigger('prev.owl.carousel', [300]);\n\t})\n});\n<\/script>\n\n\n<section class=\"block product-promos\">\n\t<div class=\"container\">\n\t\t<div class=\"row align-items-center\">\n\t\t\t<div class=\"col-md-5\">\n\t\t\t\t<div class=\"prdt__promos-heading\">\n\t\t\t\t\t<h3>\n\t\t\t\t\t\t Zalecana karma dla kot\u00f3w niewychodz\u0105cych\t\t\t\t\t<\/h3>\n\t\t\t\t\t\t\t\t\t<\/div>\n\t\t\t<\/div>\n\t\t\t<div class=\"col-md-7\">\n\t\t\t\t\t\t\t\t\t<div class=\"owl-carousel owl-theme product-promo-carousel\">\n\t\t\t\t\t\t\t\t\t\t\t\t\t<a href=\"https:\/\/bozita.com\/pl\/karma-dla-kotow\/bozita-indoor-sterilised-bez-zboz-renifer\/\">\n\t\t\t\t\t\t\t\t<div class=\"blk__prdt-item\">\n\t\t\t\t\t\t\t\t\t<figure>\n\t\t\t\t\t\t\t\t\t\t<img loading=\"lazy\" decoding=\"async\" width=\"600\" height=\"600\" src=\"https:\/\/bozita.com\/pl\/wp-content\/uploads\/sites\/9\/2021\/08\/bozita-indoor-and-sterilised-grain-free-with-reindeer-2-kg.jpg\" class=\"attachment-post-thumbnail size-post-thumbnail wp-post-image\" alt=\"KITTEN KAWA\u0141KI W SOSIE Z EXTRA KURCZAKIEM\" srcset=\"https:\/\/bozita.com\/pl\/wp-content\/uploads\/sites\/9\/2021\/08\/bozita-indoor-and-sterilised-grain-free-with-reindeer-2-kg.jpg 600w, https:\/\/bozita.com\/pl\/wp-content\/uploads\/sites\/9\/2021\/08\/bozita-indoor-and-sterilised-grain-free-with-reindeer-2-kg-300x300.jpg 300w, https:\/\/bozita.com\/pl\/wp-content\/uploads\/sites\/9\/2021\/08\/bozita-indoor-and-sterilised-grain-free-with-reindeer-2-kg-150x150.jpg 150w\" sizes=\"(max-width: 600px) 100vw, 600px\" \/>\t\t\t\t\t\t\t\t\t\t\t\t\t\t\t\t\t\t\t<\/figure>\n\t\t\t\t\t\t\t\t\t<h4 class=\"carousel-title\"><\/h4>\n\t\t\t\t\t\t\t\t\t<span class=\"carousel-category\">INDOOR &amp; STERILISED Z RENIFEREM, BEZ DODATKU ZB\u00d3\u017b<\/span>\n\t\t\t\t\t\t\t\t\t  \n\t\t\t\t\t\t\t\t\t<ul class=\"category-list\">\n\t\t\t\t\t\t\t\t\t\t\t\t\t\t\t\t\t\t\t\t\t\t\t<li class=\"svg-image\">\n\t\t\t\t\t\t\t\t\t\t\t\t\t\t<img decoding=\"async\" src=\"https:\/\/bozita.com\/pl\/wp-content\/uploads\/sites\/9\/2021\/06\/icon-grain-free.svg\" \/>\n\t\t\t\t\t\t\t\t\t\t\t\t\t<\/li>\n\t\t\t\t\t\t\t\t\t\t\t\t\t\t\t\t\t\t\t\t\t\t\t\t\t\t\t\t\t\t\t\t\t\t\t\t<li class=\"svg-image\">\n\t\t\t\t\t\t\t\t\t\t\t\t\t\t<img decoding=\"async\" src=\"https:\/\/bozita.com\/pl\/wp-content\/uploads\/sites\/9\/2021\/06\/icon-flavour-reindeer.svg\" \/>\n\t\t\t\t\t\t\t\t\t\t\t\t\t<\/li>\n\t\t\t\t\t\t\t\t\t\t\t\t\t\t\t\t\t\t\t\t\t\t<\/ul>       \n\n\t\t\t\t\t\t\t\t<\/div>\n\t\t\t\t\t\t\t<\/a>\n\t\t\t\t\t\t\t\t\t\t\t\t\t\t\t\t\t\t\t\t<a href=\"https:\/\/bozita.com\/pl\/karma-dla-kotow\/bozita-indoor-and-sterilised-z-kurczakiem\/\">\n\t\t\t\t\t\t\t\t<div class=\"blk__prdt-item\">\n\t\t\t\t\t\t\t\t\t<figure>\n\t\t\t\t\t\t\t\t\t\t<img loading=\"lazy\" decoding=\"async\" width=\"600\" height=\"600\" src=\"https:\/\/bozita.com\/pl\/wp-content\/uploads\/sites\/9\/2021\/08\/bozita-indoor-and-sterilised-chicken-2-kg.jpg\" class=\"attachment-post-thumbnail size-post-thumbnail wp-post-image\" alt=\"KITTEN KAWA\u0141KI W SOSIE Z EXTRA KURCZAKIEM\" srcset=\"https:\/\/bozita.com\/pl\/wp-content\/uploads\/sites\/9\/2021\/08\/bozita-indoor-and-sterilised-chicken-2-kg.jpg 600w, https:\/\/bozita.com\/pl\/wp-content\/uploads\/sites\/9\/2021\/08\/bozita-indoor-and-sterilised-chicken-2-kg-300x300.jpg 300w, https:\/\/bozita.com\/pl\/wp-content\/uploads\/sites\/9\/2021\/08\/bozita-indoor-and-sterilised-chicken-2-kg-150x150.jpg 150w\" sizes=\"(max-width: 600px) 100vw, 600px\" \/>\t\t\t\t\t\t\t\t\t\t\t\t\t\t\t\t\t\t\t<\/figure>\n\t\t\t\t\t\t\t\t\t<h4 class=\"carousel-title\"><\/h4>\n\t\t\t\t\t\t\t\t\t<span class=\"carousel-category\">INDOOR &amp; STERILISED Z KURCZAKIEM<\/span>\n\t\t\t\t\t\t\t\t\t  \n\t\t\t\t\t\t\t\t\t<ul class=\"category-list\">\n\t\t\t\t\t\t\t\t\t\t\t\t\t\t\t\t\t\t\t\t\t\t\t\t\t\t\t\t\t\t\t\t\t<li class=\"svg-image\">\n\t\t\t\t\t\t\t\t\t\t\t\t\t\t<img decoding=\"async\" src=\"https:\/\/bozita.com\/pl\/wp-content\/uploads\/sites\/9\/2021\/06\/icon-flavour-chicken.svg\" \/>\n\t\t\t\t\t\t\t\t\t\t\t\t\t<\/li>\n\t\t\t\t\t\t\t\t\t\t\t\t\t\t\t\t\t\t\t\t\t\t<\/ul>       \n\n\t\t\t\t\t\t\t\t<\/div>\n\t\t\t\t\t\t\t<\/a>\n\t\t\t\t\t\t\t\t\t\t\t\t\t\t\t\t\t\t<\/div>\n\t\t\t\t\t\t\t<\/div>\n\t\t<\/div>\n\t<\/div>\n<\/section>\n<script>\njQuery(document).ready(function($) {\n\tjQuery('.product-promo-carousel').owlCarousel({\n\tloop: true,\n\tmargin: 10,\n\tresponsiveClass: true,\n\tresponsive: {\n\t\t0: {\n\t\titems: 1,\n\t\tnav: true\n\t\t},\n\t\t600: {\n\t\titems: 1,\n\t\tnav: true\n\t\t},\n\t\t1000: {\n\t\titems: 2,\n\t\tnav: true,\n\t\t}\n\t}\n\t})\n\tjQuery(\".owl-prev\").html('<span><<\/span>');\n\tjQuery(\".owl-next\").html('<span>><\/span>');\n\n\tvar slider = jQuery('.promo-slider-list');\n\tslider.owlCarousel();\n\tjQuery('.nextbtn-a').click(function() {\n\tslider.trigger('next.owl.carousel');\n\t})\n\t\/\/ Go to the previous item\n\tjQuery('.prebtn-a').click(function() {\n\tslider.trigger('prev.owl.carousel', [300]);\n\t})\n});\n<\/script>\n\n\n\n\t<section class=\"block related-articles\">\n\t\t<div class=\"container\">\n\t\t\t<h2>Artyku\u0142y powi\u0105zane<\/h2>\n\t\t\t<div class=\"row justify-content-center\">\n\t\t\t\t\t\t\t\t\t\t<div class=\"col-sm-6 col-md-6 col-lg-3\">\n\t\t\t\t\t\t\t\t\t\t\t\t\t\t<div class=\"card \">\n\t\t\t\t\t\t\t\t\t\t\t\t\t\t\t\t\t<img decoding=\"async\"  src=\"https:\/\/bozita.com\/pl\/wp-content\/uploads\/sites\/9\/2021\/08\/bozita-trana-katt-kattunge.jpg\" alt=\"\">\n\t\t\t\t\t\t\t\t\t\t\t\t\t\t\t\t\t<!-- <img decoding=\"async\" src=\"\n\t\t\t\t\t\t\t\t\t\t\t\t\t\t\t\t\t\t\t\t\" alt=\"\n\t\t\t\t\t\t\t\t\t\t\t\t\t\t\t\t\t\t\t\t\t\t\t\t\t\t\t\"> -->\n\t\t\t\t\t\t\t\t<div class=\"card-body\">\n\t\t\t\t\t\t\t\t\t\t\t\t\t\t\t\t\t\t\t<h6>Jak powinno wygl\u0105da\u0107 tresowanie kota lub kociaka?<\/h6>\n\t\t\t\t\t\t\t\t\t\t\t\t\t\t\t\t\t\t\t<a href=\"https:\/\/bozita.com\/pl\/zycie-z-kotem\/rozwoj-kotow\/jak-powinno-wygladac-tresowanie-kota-lub-kociaka\/\">Czytaj wi\u0119cej &nbsp; ><\/a>\n\t\t\t\t\t\t\t\t<\/div>\n\t\t\t\t\t\t\t<\/div>\n\t\t\t\t\t\t<\/div>\n\n\t\t\t\t\t\t\t\t\t\t\t<div class=\"col-sm-6 col-md-6 col-lg-3\">\n\t\t\t\t\t\t\t\t\t\t\t\t\t\t<div class=\"card \">\n\t\t\t\t\t\t\t\t\t\t\t\t\t\t\t\t\t<img decoding=\"async\"  src=\"https:\/\/bozita.com\/pl\/wp-content\/uploads\/sites\/9\/2021\/08\/bozita-katt-rumsren-ga-pa-ladan.jpg\" alt=\"\">\n\t\t\t\t\t\t\t\t\t\t\t\t\t\t\t\t\t<!-- <img decoding=\"async\" src=\"\n\t\t\t\t\t\t\t\t\t\t\t\t\t\t\t\t\t\t\t\t\" alt=\"\n\t\t\t\t\t\t\t\t\t\t\t\t\t\t\t\t\t\t\t\t\t\t\t\t\t\t\t\"> -->\n\t\t\t\t\t\t\t\t<div class=\"card-body\">\n\t\t\t\t\t\t\t\t\t\t\t\t\t\t\t\t\t\t\t<h6>Jak nauczy\u0107 kota czysto\u015bci? Korzystanie z kuwety<\/h6>\n\t\t\t\t\t\t\t\t\t\t\t\t\t\t\t\t\t\t\t<a href=\"https:\/\/bozita.com\/pl\/zycie-z-kotem\/kupno-kota\/jak-nauczyc-kota-czystosci\/\">Czytaj wi\u0119cej &nbsp; ><\/a>\n\t\t\t\t\t\t\t\t<\/div>\n\t\t\t\t\t\t\t<\/div>\n\t\t\t\t\t\t<\/div>\n\n\t\t\t\t\t\t\t\t\t\t\t<div class=\"col-sm-6 col-md-6 col-lg-3\">\n\t\t\t\t\t\t\t\t\t\t\t\t\t\t<div class=\"card \">\n\t\t\t\t\t\t\t\t\t\t\t\t\t\t\t\t\t<img decoding=\"async\"  src=\"https:\/\/bozita.com\/pl\/wp-content\/uploads\/sites\/9\/2021\/08\/bozita-lamna-katt-ensam.jpg\" alt=\"\">\n\t\t\t\t\t\t\t\t\t\t\t\t\t\t\t\t\t<!-- <img decoding=\"async\" src=\"\n\t\t\t\t\t\t\t\t\t\t\t\t\t\t\t\t\t\t\t\t\" alt=\"\n\t\t\t\t\t\t\t\t\t\t\t\t\t\t\t\t\t\t\t\t\t\t\t\t\t\t\t\"> -->\n\t\t\t\t\t\t\t\t<div class=\"card-body\">\n\t\t\t\t\t\t\t\t\t\t\t\t\t\t\t\t\t\t\t<h6>Na jak d\u0142ugo mo\u017cna zostawi\u0107 kota samego w domu?<\/h6>\n\t\t\t\t\t\t\t\t\t\t\t\t\t\t\t\t\t\t\t<a href=\"https:\/\/bozita.com\/pl\/zycie-z-kotem\/kupno-kota\/na-jak-dlugo-mozna-zostawic-kota-samego-w-domu\/\">Czytaj wi\u0119cej &nbsp; ><\/a>\n\t\t\t\t\t\t\t\t<\/div>\n\t\t\t\t\t\t\t<\/div>\n\t\t\t\t\t\t<\/div>\n\n\t\t\t\t\t\t\t\t\t\t\t\t<\/div>\n\t\t<\/div>\n\t<\/section>\n","protected":false},"excerpt":{"rendered":"","protected":false},"author":1,"featured_media":6698,"parent":6814,"menu_order":0,"comment_status":"closed","ping_status":"closed","template":"guternberg.php","meta":{"footnotes":""},"acf":[],"yoast_head":"<!-- This site is optimized with the Yoast SEO plugin v21.3 - https:\/\/yoast.com\/wordpress\/plugins\/seo\/ -->\n<title>Obcinanie pazur\u00f3w u kota - cenne wskaz\u00f3wki i porady | Bozita Polska<\/title>\n<meta name=\"description\" content=\"W jaki spos\u00f3b i jak cz\u0119sto przycina\u0107 kotu pazury? Przyzwyczaj go do tego od ma\u0142ego. Obcinanie pazur\u00f3w u kota wymaga odwagi, Bozita s\u0142u\u017cy rad\u0105.\" \/>\n<meta name=\"robots\" content=\"index, follow, max-snippet:-1, max-image-preview:large, max-video-preview:-1\" \/>\n<link rel=\"canonical\" href=\"https:\/\/bozita.com\/pl\/zycie-z-kotem\/zdrowie-kota\/obcinanie-pazurow-u-kota-jak-czesto-nalezy-to-robic\/\" \/>\n<meta property=\"og:locale\" content=\"pl_PL\" \/>\n<meta property=\"og:type\" content=\"article\" \/>\n<meta property=\"og:title\" content=\"Obcinanie pazur\u00f3w u kota - cenne wskaz\u00f3wki i porady | Bozita Polska\" \/>\n<meta property=\"og:description\" content=\"W jaki spos\u00f3b i jak cz\u0119sto przycina\u0107 kotu pazury? Przyzwyczaj go do tego od ma\u0142ego. Obcinanie pazur\u00f3w u kota wymaga odwagi, Bozita s\u0142u\u017cy rad\u0105.\" \/>\n<meta property=\"og:url\" content=\"https:\/\/bozita.com\/pl\/zycie-z-kotem\/zdrowie-kota\/obcinanie-pazurow-u-kota-jak-czesto-nalezy-to-robic\/\" \/>\n<meta property=\"og:site_name\" content=\"Bozita Polska\" \/>\n<meta property=\"article:modified_time\" content=\"2022-09-29T07:06:26+00:00\" \/>\n<meta property=\"og:image\" content=\"https:\/\/bozita.com\/pl\/wp-content\/uploads\/sites\/9\/2021\/08\/bozita_swedish-natural-quality.jpg\" \/>\n\t<meta property=\"og:image:width\" content=\"800\" \/>\n\t<meta property=\"og:image:height\" content=\"533\" \/>\n\t<meta property=\"og:image:type\" content=\"image\/jpeg\" \/>\n<meta name=\"twitter:card\" content=\"summary_large_image\" \/>\n<!-- \/ Yoast SEO plugin. -->","yoast_head_json":{"title":"Obcinanie pazur\u00f3w u kota - cenne wskaz\u00f3wki i porady | Bozita Polska","description":"W jaki spos\u00f3b i jak cz\u0119sto przycina\u0107 kotu pazury? Przyzwyczaj go do tego od ma\u0142ego. Obcinanie pazur\u00f3w u kota wymaga odwagi, Bozita s\u0142u\u017cy rad\u0105.","robots":{"index":"index","follow":"follow","max-snippet":"max-snippet:-1","max-image-preview":"max-image-preview:large","max-video-preview":"max-video-preview:-1"},"canonical":"https:\/\/bozita.com\/pl\/zycie-z-kotem\/zdrowie-kota\/obcinanie-pazurow-u-kota-jak-czesto-nalezy-to-robic\/","og_locale":"pl_PL","og_type":"article","og_title":"Obcinanie pazur\u00f3w u kota - cenne wskaz\u00f3wki i porady | Bozita Polska","og_description":"W jaki spos\u00f3b i jak cz\u0119sto przycina\u0107 kotu pazury? Przyzwyczaj go do tego od ma\u0142ego. Obcinanie pazur\u00f3w u kota wymaga odwagi, Bozita s\u0142u\u017cy rad\u0105.","og_url":"https:\/\/bozita.com\/pl\/zycie-z-kotem\/zdrowie-kota\/obcinanie-pazurow-u-kota-jak-czesto-nalezy-to-robic\/","og_site_name":"Bozita Polska","article_modified_time":"2022-09-29T07:06:26+00:00","og_image":[{"width":800,"height":533,"url":"https:\/\/bozita.com\/pl\/wp-content\/uploads\/sites\/9\/2021\/08\/bozita_swedish-natural-quality.jpg","type":"image\/jpeg"}],"twitter_card":"summary_large_image","schema":{"@context":"https:\/\/schema.org","@graph":[{"@type":"WebPage","@id":"https:\/\/bozita.com\/pl\/zycie-z-kotem\/zdrowie-kota\/obcinanie-pazurow-u-kota-jak-czesto-nalezy-to-robic\/","url":"https:\/\/bozita.com\/pl\/zycie-z-kotem\/zdrowie-kota\/obcinanie-pazurow-u-kota-jak-czesto-nalezy-to-robic\/","name":"Obcinanie pazur\u00f3w u kota - cenne wskaz\u00f3wki i porady | Bozita Polska","isPartOf":{"@id":"https:\/\/bozita.com\/pl\/#website"},"datePublished":"2021-08-11T17:33:25+00:00","dateModified":"2022-09-29T07:06:26+00:00","description":"W jaki spos\u00f3b i jak cz\u0119sto przycina\u0107 kotu pazury? Przyzwyczaj go do tego od ma\u0142ego. Obcinanie pazur\u00f3w u kota wymaga odwagi, Bozita s\u0142u\u017cy rad\u0105.","breadcrumb":{"@id":"https:\/\/bozita.com\/pl\/zycie-z-kotem\/zdrowie-kota\/obcinanie-pazurow-u-kota-jak-czesto-nalezy-to-robic\/#breadcrumb"},"inLanguage":"pl-PL","potentialAction":[{"@type":"ReadAction","target":["https:\/\/bozita.com\/pl\/zycie-z-kotem\/zdrowie-kota\/obcinanie-pazurow-u-kota-jak-czesto-nalezy-to-robic\/"]}]},{"@type":"BreadcrumbList","@id":"https:\/\/bozita.com\/pl\/zycie-z-kotem\/zdrowie-kota\/obcinanie-pazurow-u-kota-jak-czesto-nalezy-to-robic\/#breadcrumb","itemListElement":[{"@type":"ListItem","position":1,"name":"Home","item":"https:\/\/bozita.com\/pl\/"},{"@type":"ListItem","position":2,"name":"Kupno kota i \u017cycie z nim. Porady dla pocz\u0105tkuj\u0105cych","item":"https:\/\/bozita.com\/pl\/zycie-z-kotem\/"},{"@type":"ListItem","position":3,"name":"Zdrowie kota i jego piel\u0119gnacja","item":"https:\/\/bozita.com\/pl\/zycie-z-kotem\/zdrowie-kota\/"},{"@type":"ListItem","position":4,"name":"Obcinanie pazur\u00f3w u kota &#8211; cenne wskaz\u00f3wki i porady"}]},{"@type":"WebSite","@id":"https:\/\/bozita.com\/pl\/#website","url":"https:\/\/bozita.com\/pl\/","name":"Bozita Polska","description":"","potentialAction":[{"@type":"SearchAction","target":{"@type":"EntryPoint","urlTemplate":"https:\/\/bozita.com\/pl\/?s={search_term_string}"},"query-input":"required name=search_term_string"}],"inLanguage":"pl-PL"}]}},"_links":{"self":[{"href":"https:\/\/bozita.com\/pl\/wp-json\/wp\/v2\/pages\/6797"}],"collection":[{"href":"https:\/\/bozita.com\/pl\/wp-json\/wp\/v2\/pages"}],"about":[{"href":"https:\/\/bozita.com\/pl\/wp-json\/wp\/v2\/types\/page"}],"author":[{"embeddable":true,"href":"https:\/\/bozita.com\/pl\/wp-json\/wp\/v2\/users\/1"}],"replies":[{"embeddable":true,"href":"https:\/\/bozita.com\/pl\/wp-json\/wp\/v2\/comments?post=6797"}],"version-history":[{"count":16,"href":"https:\/\/bozita.com\/pl\/wp-json\/wp\/v2\/pages\/6797\/revisions"}],"predecessor-version":[{"id":9520,"href":"https:\/\/bozita.com\/pl\/wp-json\/wp\/v2\/pages\/6797\/revisions\/9520"}],"up":[{"embeddable":true,"href":"https:\/\/bozita.com\/pl\/wp-json\/wp\/v2\/pages\/6814"}],"wp:featuredmedia":[{"embeddable":true,"href":"https:\/\/bozita.com\/pl\/wp-json\/wp\/v2\/media\/6698"}],"wp:attachment":[{"href":"https:\/\/bozita.com\/pl\/wp-json\/wp\/v2\/media?parent=6797"}],"curies":[{"name":"wp","href":"https:\/\/api.w.org\/{rel}","templated":true}]}}