{"id":6798,"date":"2021-08-11T17:32:52","date_gmt":"2021-08-11T17:32:52","guid":{"rendered":"https:\/\/bozita.com\/pl\/ile-powinien-wazyc-kot\/"},"modified":"2022-09-29T07:05:23","modified_gmt":"2022-09-29T07:05:23","slug":"ile-powinien-wazyc-kot","status":"publish","type":"page","link":"https:\/\/bozita.com\/pl\/zycie-z-kotem\/zdrowie-kota\/ile-powinien-wazyc-kot\/","title":{"rendered":"Ile powinien wa\u017cy\u0107 kot?"},"content":{"rendered":"\t\t<section class=\"small-hero\">\n\t\t\t<div class=\"container\">\n\t\t\t\t<h1 class=\"small-hero-title\">ILE POWINIEN WA\u017bY\u0106 KOT?<\/h1>\t\t\t<\/div>\n\t\t\t<\/div>\n\t\t<\/section>\n\t\n\n\t<div class=\"text-box-warp\">\n\t\t<div class=\"container\">\n\t\t\t<div class=\"text-content\">\n\t\t\t\t<p>Cho\u0107 prawid\u0142owa waga kota jest kwesti\u0105 indywidualn\u0105, mo\u017cesz oszacowa\u0107 jego mas\u0119 na podstawie sylwetki. Utrzymanie prawid\u0142owej masy ma ogromne znaczenie dla samopoczucia zwierz\u0119cia, dlatego wa\u017cne jest, aby ka\u017cdy w\u0142a\u015bciciel potrafi\u0142 rozpozna\u0107 u swojego kota zar\u00f3wno niedowag\u0119, jak i\u00a0nadwag\u0119. Skorzystaj z naszej tabeli masy cia\u0142a kot\u00f3w, aby dowiedzie\u0107 si\u0119, czy Tw\u00f3j kot utrzymuje mas\u0119, kt\u00f3ra pozwoli mu na zdrowe i aktywne \u017cycie.<\/p>\n<h2>TABELA MASY CIA\u0141A KOT\u00d3W<\/h2>\n<p>Zamiast skupia\u0107 si\u0119 na prawid\u0142owej wadze kota, spr\u00f3buj oceni\u0107 jego mas\u0119. W naszej tabeli znajdziesz pi\u0119\u0107 przedzia\u0142\u00f3w wagowych \u2013 wychudzenie, niedowaga, waga normalna, nadwaga oraz oty\u0142o\u015b\u0107 \u2013 wraz z ilustracjami i opisami, kt\u00f3re pomog\u0105 Ci okre\u015bli\u0107, czy masa Twojego kota jest prawid\u0142owa, czy mo\u017ce powinien on przyty\u0107 b\u0105d\u017a schudn\u0105\u0107. Je\u015bli nasza tabela nie rozwi\u0105\u017ce Twoich w\u0105tpliwo\u015bci, zawsze mo\u017cesz skonsultowa\u0107 si\u0119 z weterynarzem. Dobrze jest r\u00f3wnie\u017c regularnie wa\u017cy\u0107 kota, aby mie\u0107 pod kontrol\u0105 ewentualny wzrost lub spadek wagi.<\/p>\n<p><a title=\"body-fat-guide_PL.pdf\" href=\"https:\/\/bozita.com\/pl\/wp-content\/uploads\/sites\/7\/2021\/06\/bozita-bedoma-katters-hull-guide.pdf\" target=\"_blank\" rel=\"noopener\" data-udi=\"umb:\/\/media\/d86f4100d77b47bcb56a1b2edf906541\">Pobierz nasz\u0105 tabel\u0119 masy cia\u0142a kot\u00f3w w formacie pdf<\/a><\/p>\n<h2>ILE POWINIEN JE\u015a\u0106 KOT?<\/h2>\n<p>Na opakowaniach naszych karm znajduj\u0105 si\u0119 informacje na temat prawid\u0142owego \u017cywienia i\u00a0porcjowania karmy dla kota.<\/p>\n<ul>\n<li><a href=\"https:\/\/bozita.com\/pl\/karma-dla-kotow\/\">Karma dla kota Bozita &#8211; szwedzka karma z naturalnymi sk\u0142adnikami<\/a><\/li>\n<li><a href=\"https:\/\/bozita.com\/pl\/karma-dla-kotow\/sucha-karma-dla-kota\/\">Sucha karma dla kot\u00f3w Bozita<\/a><\/li>\n<li><a href=\"https:\/\/bozita.com\/pl\/karma-dla-kotow\/mokra-karma-dla-kota\/\">Mokra karma dla kot\u00f3w Bozita<\/a><\/li>\n<\/ul>\n\t\t\t<\/div>\n\t\t<\/div>\n\t<\/div>\n\n\n<section class=\"block full-section-promo\">\n\t<div class=\"container\">\n\t\t<div class=\"mb-3 row align-items-center \n\t\t\t\t\">\n\t\t\t<div class=\"col-md-6\">\n\t\t\t\t\t\t\t\t\t<img decoding=\"async\" src=\"https:\/\/bozita.com\/pl\/wp-content\/uploads\/sites\/9\/2021\/08\/bozita-mager-katt-6.png\" alt=\"\">\n\t\t\t\t\t\n\t\t\t<\/div>\n\t\t\t<div class=\"col-md-6\">\n\t\t\t\t<h2> CHUDY KOT <\/h2><p>Chudy kot nie posiada tkanki t\u0142uszczowej pokrywaj\u0105cej \u017cebra, kt\u00f3re s\u0105 wyra\u017anie widoczne w przypadku kr\u00f3tkow\u0142osych kot\u00f3w. Chudy kot nie posiada t\u0142uszczu wok\u00f3\u0142 brzucha, a jego brzuch jest mocno podkasany (mocno wci\u0119ty patrz\u0105c od boku). Patrz\u0105c z g\u00f3ry wida\u0107 ostro zaznaczon\u0105 tali\u0119\/wci\u0119cie brzucha zwierz\u0119cia. <\/p>\t\t\t<\/div>\n\t\t<\/div>\n\n\n\t<\/div>\n<\/section>\n\n\n<section class=\"block full-section-promo\">\n\t<div class=\"container\">\n\t\t<div class=\"mb-3 row align-items-center \n\t\tflex-row-reverse\t\t\">\n\t\t\t<div class=\"col-md-6\">\n\t\t\t\t\t\t\t\t\t<img decoding=\"async\" src=\"https:\/\/bozita.com\/pl\/wp-content\/uploads\/sites\/9\/2021\/08\/bozita-underviktig-katt.png\" alt=\"\">\n\t\t\t\t\t\n\t\t\t<\/div>\n\t\t\t<div class=\"col-md-6\">\n\t\t\t\t<h2>KOT Z NIEDOWAG\u0104 <\/h2><p>Kot z niedowag\u0105 posiada minimaln\u0105 ilo\u015b\u0107 tkanki t\u0142uszczowej pokrywaj\u0105cej \u017cebra, kt\u00f3re wyczujesz delikatnie naciskaj\u0105c na jego boki. W przypadku kot\u00f3w kr\u00f3tkow\u0142osych by\u0107 mo\u017ce b\u0119dziesz w stanie je nawet zobaczy\u0107. Tkanka t\u0142uszczowa wok\u00f3\u0142 brzucha jest nieznaczna, a brzuch widocznie podkasany. Spogl\u0105daj\u0105c z g\u00f3ry wida\u0107 znacznie wci\u0119t\u0105 tali\u0119\/brzuch kota. <\/p>\t\t\t<\/div>\n\t\t<\/div>\n\n\n\t<\/div>\n<\/section>\n\n\n<section class=\"block full-section-promo\">\n\t<div class=\"container\">\n\t\t<div class=\"mb-3 row align-items-center \n\t\t\t\t\">\n\t\t\t<div class=\"col-md-6\">\n\t\t\t\t\t\t\t\t\t<img decoding=\"async\" src=\"https:\/\/bozita.com\/pl\/wp-content\/uploads\/sites\/9\/2021\/08\/bozita-katt-idealvikt-2.png\" alt=\"\">\n\t\t\t\t\t\n\t\t\t<\/div>\n\t\t\t<div class=\"col-md-6\">\n\t\t\t\t<h2>KOT O IDEALNEJ WADZE <\/h2><p>Kot o idealnej, czyli odpowiedniej wadze posiada cienk\u0105 warstw\u0119 tkanki t\u0142uszczowej pokrywaj\u0105cej \u017cebra, kt\u00f3re mo\u017cesz wyczu\u0107 delikatnie naciskaj\u0105c na jego boki. Nie powinno by\u0107 jednak ich wida\u0107 nawet w przypadku kr\u00f3tkow\u0142osego kota. Kot posiada niewielk\u0105 ilo\u015b\u0107 tkanki t\u0142uszczowej wok\u00f3\u0142 brzucha i ma lekko podkasany brzuch. Z g\u00f3ry wida\u0107 zaznaczone wci\u0119cie w talii. <\/p>\t\t\t<\/div>\n\t\t<\/div>\n\n\n\t<\/div>\n<\/section>\n\n\n<section class=\"block full-section-promo\">\n\t<div class=\"container\">\n\t\t<div class=\"mb-3 row align-items-center \n\t\tflex-row-reverse\t\t\">\n\t\t\t<div class=\"col-md-6\">\n\t\t\t\t\t\t\t\t\t<img decoding=\"async\" src=\"https:\/\/bozita.com\/pl\/wp-content\/uploads\/sites\/9\/2021\/08\/bozita-overviktig-katt.png\" alt=\"\">\n\t\t\t\t\t\n\t\t\t<\/div>\n\t\t\t<div class=\"col-md-6\">\n\t\t\t\t<h2>KOT Z NADWAG\u0104 <\/h2><p>Kot z nadwag\u0105 ma znaczn\u0105 warstw\u0119 tkanki t\u0142uszczowej pokrywaj\u0105c\u0105 \u017cebra, kt\u00f3re ci\u0119\u017cko jest wyczu\u0107 przy lekkim naci\u015bni\u0119ciu bok\u00f3w zwierz\u0119cia. Posiada zasadnicz\u0105 ilo\u015b\u0107 t\u0142uszczu wok\u00f3\u0142 brzucha, kt\u00f3ry jest lekko podkasany lub nawet nieco opadaj\u0105cy. Patrz\u0105c na kota z g\u00f3ry zobaczysz nieznaczne wci\u0119cie w talii lub nawet zauwa\u017cysz jej brak. <\/p>\t\t\t<\/div>\n\t\t<\/div>\n\n\n\t<\/div>\n<\/section>\n\n\n<section class=\"block full-section-promo\">\n\t<div class=\"container\">\n\t\t<div class=\"mb-3 row align-items-center \n\t\t\t\t\">\n\t\t\t<div class=\"col-md-6\">\n\t\t\t\t\t\t\t\t\t<img decoding=\"async\" src=\"https:\/\/bozita.com\/pl\/wp-content\/uploads\/sites\/9\/2021\/08\/bozita-kraftigt-overviktig-katt.png\" alt=\"\">\n\t\t\t\t\t\n\t\t\t<\/div>\n\t\t\t<div class=\"col-md-6\">\n\t\t\t\t<h2>KOT OTY\u0141Y <\/h2><p>Oty\u0142y kot posiada grub\u0105 warstw\u0119 tkanki t\u0142uszczowej pokrywaj\u0105c\u0105 \u017cebra, kt\u00f3rych nie da si\u0119 wyczu\u0107 pod sk\u00f3r\u0105. Ma te\u017c du\u017c\u0105 ilo\u015b\u0107 tkanki t\u0142uszczowej wok\u00f3\u0142 brzucha, a patrz\u0105c na niego z g\u00f3ry wida\u0107 zaokr\u0105glenie sylwetki oraz brak wci\u0119cia w talii. <\/p>\t\t\t<\/div>\n\t\t<\/div>\n\n\n\t<\/div>\n<\/section>\n\n\n<section class=\"product-list-content\">\n\t<div class=\"overlay\">\n\t\t<div class=\"container\">\n\t\t\t<div class=\"row\">\n\t\t\t\t<div class=\"col-md-12\">\n\t\t\t\t\t<h2>JAK SPRAWI\u0106, \u017bEBY KOT PRZYBRA\u0141 NA WADZE?<\/h2>\n<p>Kot znajduj\u0105cy si\u0119 poni\u017cej idealnej wagi (czyli zbyt szczup\u0142y kot) musi zwi\u0119kszy\u0107 ilo\u015b\u0107 przyjmowanych kalorii, aby przybra\u0107 na wadze. Potrzebuje wi\u0119cej jedzenia lub karmy o wy\u017cszej warto\u015bci kalorycznej. Je\u015bli wydaje Ci si\u0119, \u017ce Tw\u00f3j kot chudnie z powodu choroby, skontaktuj si\u0119 z weterynarzem.<\/p>\n<p>Korzystanie z informacji na opakowaniu karmy to dobry spos\u00f3b na upewnienie si\u0119, \u017ce kot otrzymuje odpowiedni\u0105 ilo\u015b\u0107 po\u017cywienia ka\u017cdego dnia. Uwa\u017caj jednak, \u017ceby go nie przekarmi\u0107. Zbyt du\u017ce porcje mog\u0105 obci\u0105\u017cy\u0107 uk\u0142ad pokarmowy kota i spowodowa\u0107 odwrotny efekt od zamierzonego, wi\u0119c lepiej by\u0107 ostro\u017cnym.<\/p>\n<p>Je\u015bli nie mo\u017cesz zwi\u0119kszy\u0107 podawanych kotu porcji karmy, mo\u017cesz zmieni\u0107 j\u0105 na bardziej kaloryczn\u0105. W ten spos\u00f3b dostarczysz mu tak\u0105 sam\u0105 ilo\u015b\u0107 jedzenia, kt\u00f3r\u0105 \u0142atwo przetrawi, jednocze\u015bnie zapewniaj\u0105c mu wi\u0119cej kalorii.<\/p>\n\t\t\t\t<\/div>\n\t\t\t<\/div>\n\t\t<\/div>\n\t<\/div>\n<\/section>\n\n\n<section class=\"block product-promos\">\n\t<div class=\"container\">\n\t\t<div class=\"row align-items-center\">\n\t\t\t<div class=\"col-md-5\">\n\t\t\t\t<div class=\"prdt__promos-heading\">\n\t\t\t\t\t<h3>\n\t\t\t\t\t\tKARMY WYSOKOKALORYCZNE\t\t\t\t\t<\/h3>\n\t\t\t\t\t\t\t\t\t<\/div>\n\t\t\t<\/div>\n\t\t\t<div class=\"col-md-7\">\n\t\t\t\t\t\t\t<\/div>\n\t\t<\/div>\n\t<\/div>\n<\/section>\n<script>\njQuery(document).ready(function($) {\n\tjQuery('.product-promo-carousel').owlCarousel({\n\tloop: true,\n\tmargin: 10,\n\tresponsiveClass: true,\n\tresponsive: {\n\t\t0: {\n\t\titems: 1,\n\t\tnav: true\n\t\t},\n\t\t600: {\n\t\titems: 1,\n\t\tnav: true\n\t\t},\n\t\t1000: {\n\t\titems: 1,\n\t\tnav: true,\n\t\t}\n\t}\n\t})\n\tjQuery(\".owl-prev\").html('<span><<\/span>');\n\tjQuery(\".owl-next\").html('<span>><\/span>');\n\n\tvar slider = jQuery('.promo-slider-list');\n\tslider.owlCarousel();\n\tjQuery('.nextbtn-a').click(function() {\n\tslider.trigger('next.owl.carousel');\n\t})\n\t\/\/ Go to the previous item\n\tjQuery('.prebtn-a').click(function() {\n\tslider.trigger('prev.owl.carousel', [300]);\n\t})\n});\n<\/script>\n\n\n<section class=\"product-list-content\">\n\t<div class=\"overlay\">\n\t\t<div class=\"container\">\n\t\t\t<div class=\"row\">\n\t\t\t\t<div class=\"col-md-12\">\n\t\t\t\t\t<h2>JAK ODCHUDZI\u0106 KOTA?<\/h2>\n<p>Kot z nadwag\u0105 lub oty\u0142y potrzebuje mniejszej ilo\u015bci po\u017cywienia lub nawet karmy o ni\u017cszej warto\u015bci kalorycznej, aby schudn\u0105\u0107 i osi\u0105gn\u0105\u0107 idealn\u0105 wag\u0119. R\u00f3\u017cnica wynosz\u0105ca zaledwie p\u00f3\u0142 kilograma wagi mo\u017ce zmieni\u0107 stan zdrowia, samopoczucie i jako\u015b\u0107 \u017cycia Twojego kota. Je\u015bli jest on oty\u0142y, nale\u017cy skonsultowa\u0107 si\u0119 z weterynarzem w celu dobrania specjalnej odchudzaj\u0105cej diety. Zbyt szybkie odchudzenie grubego kota maj\u0105cego st\u0142uszczon\u0105 w\u0105trob\u0119 mo\u017ce prowadzi\u0107 do zagro\u017cenia jego \u017cycia.<\/p>\n<p>Najcz\u0119stsz\u0105 przyczyn\u0105 oty\u0142o\u015bci u kota jest po prostu zbyt du\u017ca ilo\u015b\u0107 podawanego mu jedzenia. Zawsze stosuj si\u0119 do instrukcji zawartych na opakowaniu karmy, kiedy podajesz kotu jedzenie, gdy\u017c dzi\u0119ki temu upewnisz si\u0119, \u017ce otrzymuje on odpowiedni\u0105 jego ilo\u015b\u0107. Je\u015bli kot dostaje te\u017c inne jedzenie np. resztki z obiadu lub smako\u0142yki, nale\u017cy wliczy\u0107 je do dziennego zapotrzebowania. Podawanie kotu resztek ze sto\u0142u nie jest rekomendowane, poniewa\u017c mo\u017ce prowadzi\u0107 do powstania brak\u00f3w lub nadwy\u017cek substancji od\u017cywczych w jego organizmie.<\/p>\n<p>Mo\u017cesz te\u017c spr\u00f3bowa\u0107 zmieni\u0107 karm\u0119 kota na niskokaloryczn\u0105. Pami\u0119taj, \u017ce koty sterylizowane maj\u0105 wolniejszy metabolizm, dlatego te\u017c powinny cz\u0119sto otrzymywa\u0107 niskokaloryczne po\u017cywienie.<\/p>\n\t\t\t\t<\/div>\n\t\t\t<\/div>\n\t\t<\/div>\n\t<\/div>\n<\/section>\n\n\n<section class=\"block product-promos\">\n\t<div class=\"container\">\n\t\t<div class=\"row align-items-center\">\n\t\t\t<div class=\"col-md-5\">\n\t\t\t\t<div class=\"prdt__promos-heading\">\n\t\t\t\t\t<h3>\n\t\t\t\t\t\tKARMY NISKOKALORYCZNE\t\t\t\t\t<\/h3>\n\t\t\t\t\t\t\t\t\t<\/div>\n\t\t\t<\/div>\n\t\t\t<div class=\"col-md-7\">\n\t\t\t\t\t\t\t<\/div>\n\t\t<\/div>\n\t<\/div>\n<\/section>\n<script>\njQuery(document).ready(function($) {\n\tjQuery('.product-promo-carousel').owlCarousel({\n\tloop: true,\n\tmargin: 10,\n\tresponsiveClass: true,\n\tresponsive: {\n\t\t0: {\n\t\titems: 1,\n\t\tnav: true\n\t\t},\n\t\t600: {\n\t\titems: 1,\n\t\tnav: true\n\t\t},\n\t\t1000: {\n\t\titems: 1,\n\t\tnav: true,\n\t\t}\n\t}\n\t})\n\tjQuery(\".owl-prev\").html('<span><<\/span>');\n\tjQuery(\".owl-next\").html('<span>><\/span>');\n\n\tvar slider = jQuery('.promo-slider-list');\n\tslider.owlCarousel();\n\tjQuery('.nextbtn-a').click(function() {\n\tslider.trigger('next.owl.carousel');\n\t})\n\t\/\/ Go to the previous item\n\tjQuery('.prebtn-a').click(function() {\n\tslider.trigger('prev.owl.carousel', [300]);\n\t})\n});\n<\/script>\n\n\n\t<div class=\"text-box-warp\">\n\t\t<div class=\"container\">\n\t\t\t<div class=\"text-content\">\n\t\t\t\t<h2>JAK POM\u00d3C KOTU SZYBCIEJ SPALA\u0106 KALORIE?<\/h2>\n<p>Zmiana nawyk\u00f3w \u017cywieniowych i zach\u0119cenie kota to aktywno\u015bci fizycznej sprawi\u0105, \u017ce zacznie szybciej spala\u0107 kalorie, a jego zdrowie si\u0119 poprawi.<\/p>\n<p>Ruch jest wa\u017cn\u0105 cz\u0119\u015bci\u0105 \u017cycia kota i pozwala pozby\u0107 si\u0119 nadmiaru kalorii. Czasami do zabawy lub aktywno\u015bci fizycznej, szczeg\u00f3lnie u doros\u0142ych kot\u00f3w, potrzebna b\u0119dzie zach\u0119ta, a je\u015bli kot ma trudno\u015bci z poruszaniem si\u0119 z powodu wagi mo\u017cesz zacz\u0105\u0107 od niewielkiej ilo\u015bci ruchu i stopniowo j\u0105 zwi\u0119ksza\u0107.<\/p>\n<p>Upewnij si\u0119, \u017ce posiadasz r\u00f3\u017cne rodzaje ciekawych zabawek dla kota, w przeciwnym razie zabawa szybko mu si\u0119 znudzi! Wysoki drapak do wspinania si\u0119 i zabawki zach\u0119caj\u0105ce do polowania na jedzenie wspomagaj\u0105 naturalne instynkty kota oraz sk\u0142aniaj\u0105 go do spontanicznej aktywno\u015bci. Dobre sklepy zoologiczne zapewniaj\u0105 szeroki wyb\u00f3r zabawek, ale mo\u017cesz te\u017c zrobi\u0107 je sam korzystaj\u0105c z przedmiot\u00f3w, kt\u00f3re masz w domu.<\/p>\n<h2>CHOROBY OTY\u0141YCH KOT\u00d3W<\/h2>\n<p>Choroby spowodowane nadwag\u0105 i oty\u0142o\u015bci\u0105 mog\u0105 dotkn\u0105\u0107 r\u00f3wnie\u017c koty. St\u0142uszczenie w\u0105troby, cukrzyca, kamica moczowa, choroby serca, problemy z oddychaniem, astma, nowotw\u00f3r p\u0119cherza moczowego i artroza to tylko niekt\u00f3re z przyk\u0142ad\u00f3w chor\u00f3b, kt\u00f3re mog\u0105 skr\u00f3ci\u0107 d\u0142ugo\u015b\u0107 \u017cycia kota.<\/p>\n<p>Grube koty maj\u0105 problemy z poruszaniem si\u0119, wi\u0119c trac\u0105 ochot\u0119 na zabaw\u0119 i ci\u0119\u017cko jest im zadba\u0107 o swoj\u0105 higien\u0119, co mo\u017ce prowadzi\u0107 do problem\u00f3w z sier\u015bci\u0105 i sk\u00f3r\u0105.<\/p>\n<p>Nadwaga u kot\u00f3w jest obecnie cz\u0119stym problemem zdrowotnym, a jego przyczyn\u0105 jest zazwyczaj przekarmianie zwierz\u0105t. Pami\u0119taj: na d\u0142u\u017csz\u0105 met\u0119 najlepsz\u0105 rzecz\u0105, jak\u0105 mo\u017cesz ofiarowa\u0107 kotu jest powstrzymanie si\u0119 od dawania mu resztek ze sto\u0142u i smako\u0142yk\u00f3w. Nagradzaj go ciekawymi zabawkami, g\u0142askaniem czy przyjemnym czesaniem sier\u015bci.<\/p>\n\t\t\t<\/div>\n\t\t<\/div>\n\t<\/div>\n\n\n\n\t<section class=\"block related-articles\">\n\t\t<div class=\"container\">\n\t\t\t<h2>Artyku\u0142y powi\u0105zane<\/h2>\n\t\t\t<div class=\"row justify-content-center\">\n\t\t\t\t\t\t\t\t\t\t<div class=\"col-sm-6 col-md-6 col-lg-3\">\n\t\t\t\t\t\t\t\t\t\t\t\t\t\t<div class=\"card \">\n\t\t\t\t\t\t\t\t\t\t\t\t\t\t\t\t\t<img decoding=\"async\"  src=\"https:\/\/bozita.com\/pl\/wp-content\/uploads\/sites\/9\/2021\/08\/bozita-palsvard-fibrer-motverkar-harbollar.jpg\" alt=\"\">\n\t\t\t\t\t\t\t\t\t\t\t\t\t\t\t\t\t<!-- <img decoding=\"async\" src=\"\n\t\t\t\t\t\t\t\t\t\t\t\t\t\t\t\t\t\t\t\t\" alt=\"\n\t\t\t\t\t\t\t\t\t\t\t\t\t\t\t\t\t\t\t\t\t\t\t\t\t\t\t\"> -->\n\t\t\t\t\t\t\t\t<div class=\"card-body\">\n\t\t\t\t\t\t\t\t\t\t\t\t\t\t\t\t\t\t\t<h6>Co robi\u0107, gdy kot wypluwa kulki sier\u015bci?<\/h6>\n\t\t\t\t\t\t\t\t\t\t\t\t\t\t\t\t\t\t\t<a href=\"https:\/\/bozita.com\/pl\/zycie-z-kotem\/zdrowie-kota\/co-robic-gdy-kot-wypluwa-kulki-siersci\/\">Czytaj wi\u0119cej &nbsp; ><\/a>\n\t\t\t\t\t\t\t\t<\/div>\n\t\t\t\t\t\t\t<\/div>\n\t\t\t\t\t\t<\/div>\n\n\t\t\t\t\t\t\t\t\t\t\t<div class=\"col-sm-6 col-md-6 col-lg-3\">\n\t\t\t\t\t\t\t\t\t\t\t\t\t\t<div class=\"card \">\n\t\t\t\t\t\t\t\t\t\t\t\t\t\t\t\t\t<img decoding=\"async\"  src=\"https:\/\/bozita.com\/pl\/wp-content\/uploads\/sites\/9\/2021\/08\/bozita-katt-ater-inte-dricker-inte-krasen-dalig-aptit.jpg\" alt=\"\">\n\t\t\t\t\t\t\t\t\t\t\t\t\t\t\t\t\t<!-- <img decoding=\"async\" src=\"\n\t\t\t\t\t\t\t\t\t\t\t\t\t\t\t\t\t\t\t\t\" alt=\"\n\t\t\t\t\t\t\t\t\t\t\t\t\t\t\t\t\t\t\t\t\t\t\t\t\t\t\t\"> -->\n\t\t\t\t\t\t\t\t<div class=\"card-body\">\n\t\t\t\t\t\t\t\t\t\t\t\t\t\t\t\t\t\t\t<h6>Co robi\u0107, gdy kot nie chce je\u015b\u0107 lub pi\u0107?<\/h6>\n\t\t\t\t\t\t\t\t\t\t\t\t\t\t\t\t\t\t\t<a href=\"https:\/\/bozita.com\/pl\/karma-dla-kotow\/zywienie-i-dieta\/co-robic-gdy-kot-nie-chce-jesc-lub-pic\/\">Czytaj wi\u0119cej &nbsp; ><\/a>\n\t\t\t\t\t\t\t\t<\/div>\n\t\t\t\t\t\t\t<\/div>\n\t\t\t\t\t\t<\/div>\n\n\t\t\t\t\t\t\t\t\t\t\t<div class=\"col-sm-6 col-md-6 col-lg-3\">\n\t\t\t\t\t\t\t\t\t\t\t\t\t\t<div class=\"card \">\n\t\t\t\t\t\t\t\t\t\t\t\t\t\t\t\t\t<img decoding=\"async\"  src=\"https:\/\/bozita.com\/pl\/wp-content\/uploads\/sites\/9\/2021\/08\/bozita-katter-ar-kottatare.jpg\" alt=\"\">\n\t\t\t\t\t\t\t\t\t\t\t\t\t\t\t\t\t<!-- <img decoding=\"async\" src=\"\n\t\t\t\t\t\t\t\t\t\t\t\t\t\t\t\t\t\t\t\t\" alt=\"\n\t\t\t\t\t\t\t\t\t\t\t\t\t\t\t\t\t\t\t\t\t\t\t\t\t\t\t\"> -->\n\t\t\t\t\t\t\t\t<div class=\"card-body\">\n\t\t\t\t\t\t\t\t\t\t\t\t\t\t\t\t\t\t\t<h6>Co jedz\u0105 koty i ile karmy powinny otrzymywa\u0107?<\/h6>\n\t\t\t\t\t\t\t\t\t\t\t\t\t\t\t\t\t\t\t<a href=\"https:\/\/bozita.com\/pl\/karma-dla-kotow\/zywienie-i-dieta\/co-jedza-koty-i-czym-karmic-kota\/\">Czytaj wi\u0119cej &nbsp; ><\/a>\n\t\t\t\t\t\t\t\t<\/div>\n\t\t\t\t\t\t\t<\/div>\n\t\t\t\t\t\t<\/div>\n\n\t\t\t\t\t\t\t\t\t\t\t\t<\/div>\n\t\t<\/div>\n\t<\/section>\n","protected":false},"excerpt":{"rendered":"","protected":false},"author":1,"featured_media":6800,"parent":6814,"menu_order":0,"comment_status":"closed","ping_status":"closed","template":"guternberg.php","meta":{"footnotes":""},"acf":[],"yoast_head":"<!-- This site is optimized with the Yoast SEO plugin v21.3 - https:\/\/yoast.com\/wordpress\/plugins\/seo\/ -->\n<title>Ile powinien wa\u017cy\u0107 kot? | Bozita Polska<\/title>\n<meta name=\"description\" content=\"Ile powinien wa\u017cy\u0107 kot? To kwestia indywidualna. Poradnik Bozita pomo\u017ce Ci ustali\u0107, czy waga Twojego kota jest prawid\u0142owa na podstawie jego sylwetki.\" \/>\n<meta name=\"robots\" content=\"index, follow, max-snippet:-1, max-image-preview:large, max-video-preview:-1\" \/>\n<link rel=\"canonical\" href=\"https:\/\/bozita.com\/pl\/zycie-z-kotem\/zdrowie-kota\/ile-powinien-wazyc-kot\/\" \/>\n<meta property=\"og:locale\" content=\"pl_PL\" \/>\n<meta property=\"og:type\" content=\"article\" \/>\n<meta property=\"og:title\" content=\"Ile powinien wa\u017cy\u0107 kot? | Bozita Polska\" \/>\n<meta property=\"og:description\" content=\"Ile powinien wa\u017cy\u0107 kot? To kwestia indywidualna. Poradnik Bozita pomo\u017ce Ci ustali\u0107, czy waga Twojego kota jest prawid\u0142owa na podstawie jego sylwetki.\" \/>\n<meta property=\"og:url\" content=\"https:\/\/bozita.com\/pl\/zycie-z-kotem\/zdrowie-kota\/ile-powinien-wazyc-kot\/\" \/>\n<meta property=\"og:site_name\" content=\"Bozita Polska\" \/>\n<meta property=\"article:modified_time\" content=\"2022-09-29T07:05:23+00:00\" \/>\n<meta property=\"og:image\" content=\"https:\/\/bozita.com\/pl\/wp-content\/uploads\/sites\/9\/2021\/08\/bozita-katt-ratt-hull-guide.jpeg\" \/>\n\t<meta property=\"og:image:width\" content=\"800\" \/>\n\t<meta property=\"og:image:height\" content=\"541\" \/>\n\t<meta property=\"og:image:type\" content=\"image\/jpeg\" \/>\n<meta name=\"twitter:card\" content=\"summary_large_image\" \/>\n<!-- \/ Yoast SEO plugin. -->","yoast_head_json":{"title":"Ile powinien wa\u017cy\u0107 kot? | Bozita Polska","description":"Ile powinien wa\u017cy\u0107 kot? To kwestia indywidualna. Poradnik Bozita pomo\u017ce Ci ustali\u0107, czy waga Twojego kota jest prawid\u0142owa na podstawie jego sylwetki.","robots":{"index":"index","follow":"follow","max-snippet":"max-snippet:-1","max-image-preview":"max-image-preview:large","max-video-preview":"max-video-preview:-1"},"canonical":"https:\/\/bozita.com\/pl\/zycie-z-kotem\/zdrowie-kota\/ile-powinien-wazyc-kot\/","og_locale":"pl_PL","og_type":"article","og_title":"Ile powinien wa\u017cy\u0107 kot? | Bozita Polska","og_description":"Ile powinien wa\u017cy\u0107 kot? To kwestia indywidualna. Poradnik Bozita pomo\u017ce Ci ustali\u0107, czy waga Twojego kota jest prawid\u0142owa na podstawie jego sylwetki.","og_url":"https:\/\/bozita.com\/pl\/zycie-z-kotem\/zdrowie-kota\/ile-powinien-wazyc-kot\/","og_site_name":"Bozita Polska","article_modified_time":"2022-09-29T07:05:23+00:00","og_image":[{"width":800,"height":541,"url":"https:\/\/bozita.com\/pl\/wp-content\/uploads\/sites\/9\/2021\/08\/bozita-katt-ratt-hull-guide.jpeg","type":"image\/jpeg"}],"twitter_card":"summary_large_image","schema":{"@context":"https:\/\/schema.org","@graph":[{"@type":"WebPage","@id":"https:\/\/bozita.com\/pl\/zycie-z-kotem\/zdrowie-kota\/ile-powinien-wazyc-kot\/","url":"https:\/\/bozita.com\/pl\/zycie-z-kotem\/zdrowie-kota\/ile-powinien-wazyc-kot\/","name":"Ile powinien wa\u017cy\u0107 kot? | Bozita Polska","isPartOf":{"@id":"https:\/\/bozita.com\/pl\/#website"},"datePublished":"2021-08-11T17:32:52+00:00","dateModified":"2022-09-29T07:05:23+00:00","description":"Ile powinien wa\u017cy\u0107 kot? To kwestia indywidualna. Poradnik Bozita pomo\u017ce Ci ustali\u0107, czy waga Twojego kota jest prawid\u0142owa na podstawie jego sylwetki.","breadcrumb":{"@id":"https:\/\/bozita.com\/pl\/zycie-z-kotem\/zdrowie-kota\/ile-powinien-wazyc-kot\/#breadcrumb"},"inLanguage":"pl-PL","potentialAction":[{"@type":"ReadAction","target":["https:\/\/bozita.com\/pl\/zycie-z-kotem\/zdrowie-kota\/ile-powinien-wazyc-kot\/"]}]},{"@type":"BreadcrumbList","@id":"https:\/\/bozita.com\/pl\/zycie-z-kotem\/zdrowie-kota\/ile-powinien-wazyc-kot\/#breadcrumb","itemListElement":[{"@type":"ListItem","position":1,"name":"Home","item":"https:\/\/bozita.com\/pl\/"},{"@type":"ListItem","position":2,"name":"Kupno kota i \u017cycie z nim. Porady dla pocz\u0105tkuj\u0105cych","item":"https:\/\/bozita.com\/pl\/zycie-z-kotem\/"},{"@type":"ListItem","position":3,"name":"Zdrowie kota i jego piel\u0119gnacja","item":"https:\/\/bozita.com\/pl\/zycie-z-kotem\/zdrowie-kota\/"},{"@type":"ListItem","position":4,"name":"Ile powinien wa\u017cy\u0107 kot?"}]},{"@type":"WebSite","@id":"https:\/\/bozita.com\/pl\/#website","url":"https:\/\/bozita.com\/pl\/","name":"Bozita Polska","description":"","potentialAction":[{"@type":"SearchAction","target":{"@type":"EntryPoint","urlTemplate":"https:\/\/bozita.com\/pl\/?s={search_term_string}"},"query-input":"required name=search_term_string"}],"inLanguage":"pl-PL"}]}},"_links":{"self":[{"href":"https:\/\/bozita.com\/pl\/wp-json\/wp\/v2\/pages\/6798"}],"collection":[{"href":"https:\/\/bozita.com\/pl\/wp-json\/wp\/v2\/pages"}],"about":[{"href":"https:\/\/bozita.com\/pl\/wp-json\/wp\/v2\/types\/page"}],"author":[{"embeddable":true,"href":"https:\/\/bozita.com\/pl\/wp-json\/wp\/v2\/users\/1"}],"replies":[{"embeddable":true,"href":"https:\/\/bozita.com\/pl\/wp-json\/wp\/v2\/comments?post=6798"}],"version-history":[{"count":7,"href":"https:\/\/bozita.com\/pl\/wp-json\/wp\/v2\/pages\/6798\/revisions"}],"predecessor-version":[{"id":9518,"href":"https:\/\/bozita.com\/pl\/wp-json\/wp\/v2\/pages\/6798\/revisions\/9518"}],"up":[{"embeddable":true,"href":"https:\/\/bozita.com\/pl\/wp-json\/wp\/v2\/pages\/6814"}],"wp:featuredmedia":[{"embeddable":true,"href":"https:\/\/bozita.com\/pl\/wp-json\/wp\/v2\/media\/6800"}],"wp:attachment":[{"href":"https:\/\/bozita.com\/pl\/wp-json\/wp\/v2\/media?parent=6798"}],"curies":[{"name":"wp","href":"https:\/\/api.w.org\/{rel}","templated":true}]}}