{"id":6801,"date":"2021-08-11T17:32:31","date_gmt":"2021-08-11T17:32:31","guid":{"rendered":"https:\/\/bozita.com\/pl\/zycie-z-kotem\/kupno-kota\/na-jak-dlugo-mozna-zostawic-kota-samego-w-domu\/"},"modified":"2022-09-29T06:53:22","modified_gmt":"2022-09-29T06:53:22","slug":"na-jak-dlugo-mozna-zostawic-kota-samego-w-domu","status":"publish","type":"page","link":"https:\/\/bozita.com\/pl\/zycie-z-kotem\/kupno-kota\/na-jak-dlugo-mozna-zostawic-kota-samego-w-domu\/","title":{"rendered":"Na jak d\u0142ugo mo\u017cna zostawi\u0107 kota samego w domu?"},"content":{"rendered":"\t\t<section class=\"small-hero\">\n\t\t\t<div class=\"container\">\n\t\t\t\t<h1 class=\"small-hero-title\">NA JAK D\u0141UGO MO\u017bNA ZOSTAWI\u0106 KOTA SAMEGO W DOMU?<\/h1>\t\t\t<\/div>\n\t\t\t<\/div>\n\t\t<\/section>\n\t\n\n\t<div class=\"text-box-warp\">\n\t\t<div class=\"container\">\n\t\t\t<div class=\"text-content\">\n\t\t\t\t<p><strong>Mo\u017ce si\u0119 zdarzy\u0107, \u017ce Tw\u00f3j kot b\u0119dzie musia\u0142 zosta\u0107 sam w domu przez d\u0142u\u017cszy czas. Kot nie poradzi sobie jednak sam Jak temu zaradzi\u0107? Zapoznaj si\u0119 z poni\u017cszymi informacjami.<\/strong><\/p>\n<h2>WIEK, ZDROWIE, RASA I ROZMIAR MAJ\u0104 WP\u0141YW NA TO, NA JAK D\u0141UGO MO\u017bNA ZOSTAWI\u0106 KOTA SAMEGO W DOMU<\/h2>\n<p>Ka\u017cdy kot \u2013 tak jak w przypadku ludzi \u2013 jest inny i posiada w\u0142asn\u0105 osobowo\u015b\u0107. To, na jak d\u0142ugo mo\u017cesz zostawi\u0107 swojego kota samego w domu, zale\u017cy po cz\u0119\u015bci od jego charakteru, lecz r\u00f3wnie\u017c od czynnik\u00f3w takich jak wiek, zdrowie, rasa i rozmiar zwierz\u0119cia.<\/p>\n<p>Kociaki, kt\u00f3re potrzebuj\u0105 opieki i po\u017cywienia matki, mo\u017cna od niej odseparowa\u0107 jedynie tymczasowo w\u00a0wyj\u0105tkowych sytuacjach. Dopiero gdy kociak uko\u0144czy 12. tydzie\u0144 \u017cycia, mo\u017cna odstawi\u0107 go od matki.<\/p>\n<p>Starszy kot r\u00f3wnie\u017c posiada swoje potrzeby i, zasadniczo, wymaga wi\u0119cej opieki ni\u017c m\u0142odsze zwierz\u0119. Je\u015bli Tw\u00f3j kot odni\u00f3s\u0142 uraz lub opiekujesz si\u0119 kotk\u0105 w ci\u0105\u017cy, zwr\u00f3\u0107 szczeg\u00f3ln\u0105 uwag\u0119 na stan zwierz\u0119cia i zwi\u0105zane z nim potrzeby.<\/p>\n<p>Je\u017celi Tw\u00f3j kot jest rasowy i musisz zostawi\u0107 go samego w domu, we\u017a pod uwag\u0119 fakt, \u017ce niekt\u00f3re rasy kot\u00f3w \u2013 jak koty syjamskie lub orientalne \u2013 zwykle potrzebuj\u0105 wi\u0119kszej dozy kontakt\u00f3w spo\u0142ecznych, ni\u017c inne. Zostawianie kota towarzyskiej rasy samego przez d\u0142u\u017cszy czas mo\u017ce w du\u017cym stopniu negatywnie wp\u0142yn\u0105\u0107 na jego zdrowie psychiczne. R\u00f3wnie\u017c rasy o ogromnych pok\u0142adach energii, takie jak koty bengalskie, bywaj\u0105 bardziej wra\u017cliwe na stres zwi\u0105zany z\u00a0samotno\u015bci\u0105, gdy\u017c wymagaj\u0105 sporej dawki dziennego ruchu. Poszukaj informacji na temat rasy Twojego kota, zanim zostawisz go samego w domu.<\/p>\n<h2>JAK PRZYGOTOWA\u0106 SI\u0118 DO ZOSTAWIENIA KOTA SAMEGO W DOMU?<\/h2>\n<p>Zanim zostawisz kota samego przez d\u0142u\u017cszy czas w domu, znajd\u017a kogo\u015b, kto zaopiekuje si\u0119 nim podczas Twojej nieobecno\u015bci.<\/p>\n<h3>JEDZENIE, WODA I KUWETA<\/h3>\n<p>Pami\u0119taj, aby zostawi\u0107 kotu wystarczaj\u0105c\u0105 ilo\u015b\u0107 po\u017cywnej karmy i\u00a0wody. Kot domowy powinien mie\u0107 nieograniczony dost\u0119p do wody pitnej, a kot \u017cyj\u0105cy poza domem \u2013 mo\u017cliwo\u015b\u0107 ugaszenia pragnienia co najmniej dwa razy dziennie. Najlepiej jednak zapewni\u0107 mu nieograniczony dost\u0119p do wody, wi\u0119c \u015bmia\u0142o wystaw na dworze kilka misek w zacienionych miejscach, aby woda zbyt szybko nie wyparowa\u0142a. Upewnij si\u0119 r\u00f3wnie\u017c, \u017ce wyznaczony przez Ciebie opiekun wie, gdzie znajduj\u0105 si\u0119 wszystkie niezb\u0119dne rzeczy takie jak karma czy \u017cwirek do kuwety.<\/p>\n<h3>BEZPIECZNE LEGOWISKO I MO\u017bLIWO\u015a\u0106 RUCHU<\/h3>\n<p>Opr\u00f3cz jedzenia, wody i mo\u017cliwo\u015bci za\u0142atwiania potrzeb fizjologicznych, wa\u017cne jest, aby zapewni\u0107 kotu tak\u017ce wygodne pos\u0142anie i mo\u017cliwo\u015b\u0107 zaspokojenia potrzeby drapania, na przyk\u0142ad za pomoc\u0105 drapaka lub drzewka do drapania. Kot domowy wymaga r\u00f3wnie\u017c aktywno\u015bci fizycznej \u2013 minimaln\u0105 dawk\u0119 ruchu zapewnisz mu na przyk\u0142ad za pomoc\u0105 specjalnej zabawki lub podajnika do karmy. Brak stymulacji zmys\u0142\u00f3w mo\u017ce prowadzi\u0107 do pogorszenia samopoczucia zwierzaka.<\/p>\n\t\t\t<\/div>\n\t\t<\/div>\n\t<\/div>\n\n\n\n\t<section class=\"block related-articles\">\n\t\t<div class=\"container\">\n\t\t\t<h2>Artyku\u0142y powi\u0105zane<\/h2>\n\t\t\t<div class=\"row justify-content-center\">\n\t\t\t\t\t\t\t\t\t\t<div class=\"col-sm-6 col-md-6 col-lg-3\">\n\t\t\t\t\t\t\t\t\t\t\t\t\t\t<div class=\"card \">\n\t\t\t\t\t\t\t\t\t\t\t\t\t\t\t\t\t<img decoding=\"async\"  src=\"https:\/\/bozita.com\/pl\/wp-content\/uploads\/sites\/9\/2021\/08\/bozita-introducera-katt-till-nytt-hem.jpg\" alt=\"\">\n\t\t\t\t\t\t\t\t\t\t\t\t\t\t\t\t\t<!-- <img decoding=\"async\" src=\"\n\t\t\t\t\t\t\t\t\t\t\t\t\t\t\t\t\t\t\t\t\" alt=\"\n\t\t\t\t\t\t\t\t\t\t\t\t\t\t\t\t\t\t\t\t\t\t\t\t\t\t\t\"> -->\n\t\t\t\t\t\t\t\t<div class=\"card-body\">\n\t\t\t\t\t\t\t\t\t\t\t\t\t\t\t\t\t\t\t<h6>Jak wprowadzi\u0107 nowego kota do domu?<\/h6>\n\t\t\t\t\t\t\t\t\t\t\t\t\t\t\t\t\t\t\t<a href=\"https:\/\/bozita.com\/pl\/zycie-z-kotem\/kupno-kota\/powitanie-kota-w-domu\/\">Czytaj wi\u0119cej &nbsp; ><\/a>\n\t\t\t\t\t\t\t\t<\/div>\n\t\t\t\t\t\t\t<\/div>\n\t\t\t\t\t\t<\/div>\n\n\t\t\t\t\t\t\t\t\t\t\t<div class=\"col-sm-6 col-md-6 col-lg-3\">\n\t\t\t\t\t\t\t\t\t\t\t\t\t\t<div class=\"card \">\n\t\t\t\t\t\t\t\t\t\t\t\t\t\t\t\t\t<img decoding=\"async\"  src=\"https:\/\/bozita.com\/pl\/wp-content\/uploads\/sites\/9\/2021\/08\/bozita-kattens-kroppssprak.jpg\" alt=\"\">\n\t\t\t\t\t\t\t\t\t\t\t\t\t\t\t\t\t<!-- <img decoding=\"async\" src=\"\n\t\t\t\t\t\t\t\t\t\t\t\t\t\t\t\t\t\t\t\t\" alt=\"\n\t\t\t\t\t\t\t\t\t\t\t\t\t\t\t\t\t\t\t\t\t\t\t\t\t\t\t\"> -->\n\t\t\t\t\t\t\t\t<div class=\"card-body\">\n\t\t\t\t\t\t\t\t\t\t\t\t\t\t\t\t\t\t\t<h6>Naucz si\u0119 interpretowa\u0107 koci j\u0119zyk i zachowanie<\/h6>\n\t\t\t\t\t\t\t\t\t\t\t\t\t\t\t\t\t\t\t<a href=\"https:\/\/bozita.com\/pl\/zycie-z-kotem\/rozwoj-kotow\/zachowanie-kota-i-koci-jezyk\/\">Czytaj wi\u0119cej &nbsp; ><\/a>\n\t\t\t\t\t\t\t\t<\/div>\n\t\t\t\t\t\t\t<\/div>\n\t\t\t\t\t\t<\/div>\n\n\t\t\t\t\t\t\t\t\t\t\t<div class=\"col-sm-6 col-md-6 col-lg-3\">\n\t\t\t\t\t\t\t\t\t\t\t\t\t\t<div class=\"card \">\n\t\t\t\t\t\t\t\t\t\t\t\t\t\t\t\t\t<img decoding=\"async\"  src=\"https:\/\/bozita.com\/pl\/wp-content\/uploads\/sites\/9\/2021\/08\/bozita-katt-rumsren-ga-pa-ladan.jpg\" alt=\"\">\n\t\t\t\t\t\t\t\t\t\t\t\t\t\t\t\t\t<!-- <img decoding=\"async\" src=\"\n\t\t\t\t\t\t\t\t\t\t\t\t\t\t\t\t\t\t\t\t\" alt=\"\n\t\t\t\t\t\t\t\t\t\t\t\t\t\t\t\t\t\t\t\t\t\t\t\t\t\t\t\"> -->\n\t\t\t\t\t\t\t\t<div class=\"card-body\">\n\t\t\t\t\t\t\t\t\t\t\t\t\t\t\t\t\t\t\t<h6>Jak nauczy\u0107 kota czysto\u015bci? Korzystanie z kuwety<\/h6>\n\t\t\t\t\t\t\t\t\t\t\t\t\t\t\t\t\t\t\t<a href=\"https:\/\/bozita.com\/pl\/zycie-z-kotem\/kupno-kota\/jak-nauczyc-kota-czystosci\/\">Czytaj wi\u0119cej &nbsp; ><\/a>\n\t\t\t\t\t\t\t\t<\/div>\n\t\t\t\t\t\t\t<\/div>\n\t\t\t\t\t\t<\/div>\n\n\t\t\t\t\t\t\t\t\t\t\t\t<\/div>\n\t\t<\/div>\n\t<\/section>\n","protected":false},"excerpt":{"rendered":"","protected":false},"author":1,"featured_media":6802,"parent":6716,"menu_order":0,"comment_status":"closed","ping_status":"closed","template":"guternberg.php","meta":{"footnotes":""},"acf":[],"yoast_head":"<!-- This site is optimized with the Yoast SEO plugin v21.3 - https:\/\/yoast.com\/wordpress\/plugins\/seo\/ -->\n<title>Na jak d\u0142ugo mo\u017cna zostawi\u0107 kota samego w domu? | Bozita Polska<\/title>\n<meta name=\"description\" content=\"Musisz na chwil\u0119 zostawi\u0107 kota samego w domu? Koty doskonale radz\u0105 sobie same, cho\u0107 jako w\u0142a\u015bciciel musisz pami\u0119ta\u0107 o kilku rzeczach.\" \/>\n<meta name=\"robots\" content=\"index, follow, max-snippet:-1, max-image-preview:large, max-video-preview:-1\" \/>\n<link rel=\"canonical\" href=\"https:\/\/bozita.com\/pl\/zycie-z-kotem\/kupno-kota\/na-jak-dlugo-mozna-zostawic-kota-samego-w-domu\/\" \/>\n<meta property=\"og:locale\" content=\"pl_PL\" \/>\n<meta property=\"og:type\" content=\"article\" \/>\n<meta property=\"og:title\" content=\"Na jak d\u0142ugo mo\u017cna zostawi\u0107 kota samego w domu? | Bozita Polska\" \/>\n<meta property=\"og:description\" content=\"Musisz na chwil\u0119 zostawi\u0107 kota samego w domu? Koty doskonale radz\u0105 sobie same, cho\u0107 jako w\u0142a\u015bciciel musisz pami\u0119ta\u0107 o kilku rzeczach.\" \/>\n<meta property=\"og:url\" content=\"https:\/\/bozita.com\/pl\/zycie-z-kotem\/kupno-kota\/na-jak-dlugo-mozna-zostawic-kota-samego-w-domu\/\" \/>\n<meta property=\"og:site_name\" content=\"Bozita Polska\" \/>\n<meta property=\"article:modified_time\" content=\"2022-09-29T06:53:22+00:00\" \/>\n<meta property=\"og:image\" content=\"https:\/\/bozita.com\/pl\/wp-content\/uploads\/sites\/9\/2021\/08\/bozita-lamna-katt-ensam.jpg\" \/>\n\t<meta property=\"og:image:width\" content=\"800\" \/>\n\t<meta property=\"og:image:height\" content=\"533\" \/>\n\t<meta property=\"og:image:type\" content=\"image\/jpeg\" \/>\n<meta name=\"twitter:card\" content=\"summary_large_image\" \/>\n<!-- \/ Yoast SEO plugin. -->","yoast_head_json":{"title":"Na jak d\u0142ugo mo\u017cna zostawi\u0107 kota samego w domu? | Bozita Polska","description":"Musisz na chwil\u0119 zostawi\u0107 kota samego w domu? Koty doskonale radz\u0105 sobie same, cho\u0107 jako w\u0142a\u015bciciel musisz pami\u0119ta\u0107 o kilku rzeczach.","robots":{"index":"index","follow":"follow","max-snippet":"max-snippet:-1","max-image-preview":"max-image-preview:large","max-video-preview":"max-video-preview:-1"},"canonical":"https:\/\/bozita.com\/pl\/zycie-z-kotem\/kupno-kota\/na-jak-dlugo-mozna-zostawic-kota-samego-w-domu\/","og_locale":"pl_PL","og_type":"article","og_title":"Na jak d\u0142ugo mo\u017cna zostawi\u0107 kota samego w domu? | Bozita Polska","og_description":"Musisz na chwil\u0119 zostawi\u0107 kota samego w domu? Koty doskonale radz\u0105 sobie same, cho\u0107 jako w\u0142a\u015bciciel musisz pami\u0119ta\u0107 o kilku rzeczach.","og_url":"https:\/\/bozita.com\/pl\/zycie-z-kotem\/kupno-kota\/na-jak-dlugo-mozna-zostawic-kota-samego-w-domu\/","og_site_name":"Bozita Polska","article_modified_time":"2022-09-29T06:53:22+00:00","og_image":[{"width":800,"height":533,"url":"https:\/\/bozita.com\/pl\/wp-content\/uploads\/sites\/9\/2021\/08\/bozita-lamna-katt-ensam.jpg","type":"image\/jpeg"}],"twitter_card":"summary_large_image","schema":{"@context":"https:\/\/schema.org","@graph":[{"@type":"WebPage","@id":"https:\/\/bozita.com\/pl\/zycie-z-kotem\/kupno-kota\/na-jak-dlugo-mozna-zostawic-kota-samego-w-domu\/","url":"https:\/\/bozita.com\/pl\/zycie-z-kotem\/kupno-kota\/na-jak-dlugo-mozna-zostawic-kota-samego-w-domu\/","name":"Na jak d\u0142ugo mo\u017cna zostawi\u0107 kota samego w domu? | Bozita Polska","isPartOf":{"@id":"https:\/\/bozita.com\/pl\/#website"},"datePublished":"2021-08-11T17:32:31+00:00","dateModified":"2022-09-29T06:53:22+00:00","description":"Musisz na chwil\u0119 zostawi\u0107 kota samego w domu? Koty doskonale radz\u0105 sobie same, cho\u0107 jako w\u0142a\u015bciciel musisz pami\u0119ta\u0107 o kilku rzeczach.","breadcrumb":{"@id":"https:\/\/bozita.com\/pl\/zycie-z-kotem\/kupno-kota\/na-jak-dlugo-mozna-zostawic-kota-samego-w-domu\/#breadcrumb"},"inLanguage":"pl-PL","potentialAction":[{"@type":"ReadAction","target":["https:\/\/bozita.com\/pl\/zycie-z-kotem\/kupno-kota\/na-jak-dlugo-mozna-zostawic-kota-samego-w-domu\/"]}]},{"@type":"BreadcrumbList","@id":"https:\/\/bozita.com\/pl\/zycie-z-kotem\/kupno-kota\/na-jak-dlugo-mozna-zostawic-kota-samego-w-domu\/#breadcrumb","itemListElement":[{"@type":"ListItem","position":1,"name":"Home","item":"https:\/\/bozita.com\/pl\/"},{"@type":"ListItem","position":2,"name":"Kupno kota i \u017cycie z nim. Porady dla pocz\u0105tkuj\u0105cych","item":"https:\/\/bozita.com\/pl\/zycie-z-kotem\/"},{"@type":"ListItem","position":3,"name":"Adopcja lub kupno kota &#8211; co wzi\u0105\u0107 pod uwag\u0119","item":"https:\/\/bozita.com\/pl\/zycie-z-kotem\/kupno-kota\/"},{"@type":"ListItem","position":4,"name":"Na jak d\u0142ugo mo\u017cna zostawi\u0107 kota samego w domu?"}]},{"@type":"WebSite","@id":"https:\/\/bozita.com\/pl\/#website","url":"https:\/\/bozita.com\/pl\/","name":"Bozita Polska","description":"","potentialAction":[{"@type":"SearchAction","target":{"@type":"EntryPoint","urlTemplate":"https:\/\/bozita.com\/pl\/?s={search_term_string}"},"query-input":"required name=search_term_string"}],"inLanguage":"pl-PL"}]}},"_links":{"self":[{"href":"https:\/\/bozita.com\/pl\/wp-json\/wp\/v2\/pages\/6801"}],"collection":[{"href":"https:\/\/bozita.com\/pl\/wp-json\/wp\/v2\/pages"}],"about":[{"href":"https:\/\/bozita.com\/pl\/wp-json\/wp\/v2\/types\/page"}],"author":[{"embeddable":true,"href":"https:\/\/bozita.com\/pl\/wp-json\/wp\/v2\/users\/1"}],"replies":[{"embeddable":true,"href":"https:\/\/bozita.com\/pl\/wp-json\/wp\/v2\/comments?post=6801"}],"version-history":[{"count":7,"href":"https:\/\/bozita.com\/pl\/wp-json\/wp\/v2\/pages\/6801\/revisions"}],"predecessor-version":[{"id":9498,"href":"https:\/\/bozita.com\/pl\/wp-json\/wp\/v2\/pages\/6801\/revisions\/9498"}],"up":[{"embeddable":true,"href":"https:\/\/bozita.com\/pl\/wp-json\/wp\/v2\/pages\/6716"}],"wp:featuredmedia":[{"embeddable":true,"href":"https:\/\/bozita.com\/pl\/wp-json\/wp\/v2\/media\/6802"}],"wp:attachment":[{"href":"https:\/\/bozita.com\/pl\/wp-json\/wp\/v2\/media?parent=6801"}],"curies":[{"name":"wp","href":"https:\/\/api.w.org\/{rel}","templated":true}]}}