{"id":6803,"date":"2021-08-11T17:32:16","date_gmt":"2021-08-11T17:32:16","guid":{"rendered":"https:\/\/bozita.com\/pl\/zachec-psa-do-aktywnosci-aby-poprawic-wspolne-relacje\/"},"modified":"2022-09-29T07:10:08","modified_gmt":"2022-09-29T07:10:08","slug":"zachec-psa-do-aktywnosci-aby-poprawic-wspolne-relacje","status":"publish","type":"page","link":"https:\/\/bozita.com\/pl\/zycie-z-psem\/aktywnosc-fizyczna\/zachec-psa-do-aktywnosci-aby-poprawic-wspolne-relacje\/","title":{"rendered":"Aktywno\u015bci na umocnienie wi\u0119zi z Twoim psem"},"content":{"rendered":"\t\t<section class=\"small-hero\">\n\t\t\t<div class=\"container\">\n\t\t\t\t<h1 class=\"small-hero-title\">ZACH\u0118\u0106 PSA DO AKTYWNO\u015aCI, ABY POPRAWI\u0106 WSP\u00d3LNE RELACJE<\/h1>\t\t\t<\/div>\n\t\t\t<\/div>\n\t\t<\/section>\n\t\n\n\t<div class=\"text-box-warp\">\n\t\t<div class=\"container\">\n\t\t\t<div class=\"text-content\">\n\t\t\t\t<p><strong>Kursy i szkolenia s\u0105 dobrym sposobem na utworzenie harmonicznej wi\u0119zi z Twoim psem nie tylko, je\u015bli chcesz bra\u0107 z psem udzia\u0142 w zawodach lub wystawach. Zach\u0119\u0107 psa do aktywno\u015bci, kt\u00f3re zaanga\u017cuj\u0105 go fizycznie i mentalnie. W tym tek\u015bcie poznasz pomys\u0142y na aktywno\u015bci i informacje o miejscach, w kt\u00f3rych mo\u017cesz znale\u017a\u0107 kursy.<\/strong><\/p>\n<h2>TU ZNAJDZIESZ KURSY I POMYS\u0141Y NA AKTYWNO\u015aCI<\/h2>\n<p>Dobrym sposobem na znalezienie odpowiedniego kursu jest poszukiwanie go przez strony lokalnych stowarzysze\u0144 szkoleniowych, grup skoncentrowanych na konkretnych rasach ps\u00f3w lub specjalnych organizacji. Zawsze upewnij si\u0119, \u017ce kurs prowadzony jest przez osob\u0119 posiadaj\u0105c\u0105 odpowiednie kwalifikacje.<\/p>\n<p>Zach\u0119camy r\u00f3wnie\u017c do zapoznania si\u0119 z informacjami na temat naszej\u00a0<a href=\"https:\/\/bozita.com\/pl\/naturalne-skladniki-oraz-szwedzka-jakosc\/ambasadorzy\/\">ambasador Joanny Korbal<\/a>, kt\u00f3ra jest instruktorem szkolenia ps\u00f3w, zoopsychologiem, behawioryst\u0105, czynnym zawodnikiem i instruktorem dogfrisbee oraz agility, zawodnikem nosework, s\u0119dzi\u0105 dogfrisbee\u00a0<a title=\"Joanna Korbal\" href=\"http:\/\/joannakorbal.weebly.com\/\" target=\"_blank\" rel=\"noopener\">www.joannakorbal.weebly.com<\/a>\u00a0oraz prowadzi szkolenia ps\u00f3w i edukacji ich w\u0142a\u015bcicieli\u00a0<a title=\"DogEdu\" href=\"https:\/\/www.dogedu.eu\/\" target=\"_blank\" rel=\"noopener\">https:\/\/www.dogedu.eu\/<\/a>.<\/p>\n<h2>WYBIERZ SI\u0118 NA KURS ZE SZCZENIAKIEM<\/h2>\n<p>Przyj\u0119te jest, \u017ce szczeni\u0119 jest gotowe na treningi, gdy uko\u0144czy 4. miesi\u0105c \u017cycia. Jest wtedy wystarczaj\u0105co dojrza\u0142e, by przyjmowa\u0107 i radzi\u0107 sobie z tym, co dzieje si\u0119 w jego otoczeniu.<\/p>\n<p>Szczeniak musi posiada\u0107 odpowiednie szczepienia, aby m\u00f3c bra\u0107 udzia\u0142 w treningach. Szczepienia zasadowe wykonuje si\u0119, gdy szczeni\u0119 uko\u0144czy 7-8 tydzie\u0144 \u017cycia; p\u00f3\u017aniej ko\u0142o 12 tygodnia przyjmuje jego kolejn\u0105 dawk\u0119.<\/p>\n<p><strong>Dowiedz si\u0119 wi\u0119cej<\/strong><\/p>\n<ul>\n<li><a title=\"Szczepienie psa\" href=\"https:\/\/bozita.com\/pl\/zycie-z-psem\/zdrowie-psa\/\">Szczepienia ps\u00f3w<\/a><\/li>\n<\/ul>\n<h2>ZACH\u0118\u0106 PSA DO AKTYWNO\u015aCI KORZYSTAJ\u0104C Z PONI\u017bSZYCH PROPOZYCJI<\/h2>\n<h3>TRENING DLA SZCZENI\u0104T<\/h3>\n<p>Trening dla szczeni\u0105t to \u015bwietny spos\u00f3b na ugruntowanie wsp\u00f3\u0142pracy mi\u0119dzy Tob\u0105, a Twoim psem oraz \u0107wiczenie pos\u0142usze\u0144stwa, niezale\u017cnie od tego, ile do\u015bwiadczenia posiadasz w opiece nad psem. Tw\u00f3j szczeniak pozna na treningu nowe osoby i inne psy, a wszystko w nowym otoczeniu. Ty za to b\u0119dziesz mia\u0142 okazj\u0119 pozna\u0107 innych w\u0142a\u015bcicieli ps\u00f3w, z kt\u00f3rymi b\u0119dziesz m\u00f3g\u0142 wymieni\u0107 si\u0119 do\u015bwiadczeniami.<\/p>\n<h3>TRENING CHODZENIA NA SMYCZY<\/h3>\n<p>Chodzenie na smyczy bez ci\u0105gni\u0119cia to jedna z najwa\u017cniejszych umiej\u0119tno\u015bci, jakie mo\u017cesz nauczy\u0107 swojego psa. W niekt\u00f3rych miejscach lub o okre\u015blonych porach jest to nawet wymagane.<\/p>\n<p>Trening chodzenia na smyczy mo\u017cna zacz\u0105\u0107 wcze\u015bnie. Szczeni\u0119ta s\u0105 \u0142atwiejsze do opanowania, s\u0105 mniejsze i ucz\u0105 si\u0119 szybko. Chodzenie na smyczy jest czasami zawarte w kursach i treningach dla szczeni\u0105t, ale istniej\u0105 te\u017c kursy skupione tylko na chodzeniu na smyczy.<\/p>\n<p>Musisz mie\u0107 kontrol\u0119 nad swoim psem i by\u0107 pewnym, \u017ce wr\u00f3ci do Ciebie po zawo\u0142aniu. W razie jakiegokolwiek wypadku mo\u017cesz by\u0107 w przysz\u0142o\u015bci zmuszony zak\u0142ada\u0107 psu kaganiec.<\/p>\n<h3>KURS POS\u0141USZE\u0143STWA<\/h3>\n<p>Kursy pos\u0142usze\u0144stwa b\u0119d\u0105 przydatne zar\u00f3wno dla w\u0142a\u015bcicieli ps\u00f3w, kt\u00f3rzy chc\u0105 ustanowi\u0107 harmonijn\u0105 wi\u0119\u017a z psem na co dzie\u0144 (trening podstawowy), jak i dla tych, kt\u00f3rzy chc\u0105 wzi\u0105\u0107 udzia\u0142 z psem w zawodach pos\u0142usze\u0144stwa.<\/p>\n<p>Pos\u0142usze\u0144stwo na co dzie\u0144 to \u0107wiczenie komend takich jak \u201csiad\u201d, \u201cle\u017c\u201d, \u201cwaruj\u201d, \u201czosta\u0144\u201d oraz przywo\u0142ywanie psa czy chodzenie z nim na smyczy. Jednocze\u015bnie skupia si\u0119 ono na dobrej relacji mi\u0119dzy psem, a w\u0142a\u015bcicielem.<\/p>\n<p>Udzia\u0142 w zawodach pos\u0142usze\u0144stwa wymaga zazwyczaj odbycia wcze\u015bniej podstawowego kursu pos\u0142usze\u0144stwa. Kurs pos\u0142usze\u0144stwa zak\u0142ada doskonalenie r\u00f3\u017cnych kategorii zada\u0144 prezentuj\u0105cych pos\u0142usze\u0144stwo psa oraz zapoznanie z zasadami konkurs\u00f3w. Relacja mi\u0119dzy psem, a w\u0142a\u015bcicielem jest r\u00f3wnie\u017c cz\u0119\u015bci\u0105 takiego kursu.<\/p>\n<h3>TROPIENIE I SZUKANIE<\/h3>\n<p>Nos psa jest znacznie czulszy i bardziej wra\u017cliwy od ludzkiego. Ju\u017c po uko\u0144czeniu 5 miesi\u0119cy u szczeniaka pojawia si\u0119 du\u017ce zainteresowanie zapachami i zaczyna on tropi\u0107 pod\u0105\u017caj\u0105c r\u00f3\u017cnymi \u015bcie\u017ckami. \u0106wiczenie umiej\u0119tno\u015bci terenowych i tropienia nie tylko sprawia mn\u00f3stwo frajdy, ale jest tak\u017ce bardzo praktyczne bez wzgl\u0119du na to czy zamierzasz bra\u0107 udzia\u0142 w zawodach, zabiera\u0107 psa na polowania czy po prostu trenujesz swojego czworonoga dla przyjemno\u015bci. Taki trening stymuluje zar\u00f3wno umys\u0142, jak i cia\u0142o oraz stanowi stosunkowo prosty spos\u00f3b na aktywizacj\u0119 psa, gdy\u017c mo\u017ce zosta\u0107 przeprowadzony nie tylko na dworze, ale r\u00f3wnie\u017c w zamkni\u0119tym pomieszczeniu.<\/p>\n<p>Przyk\u0142adami zaj\u0119\u0107 prowadzonych w ramach kurs\u00f3w tropienia i szukania jest poszukiwanie os\u00f3b, pokonywanie tor\u00f3w z przeszkodami, nauka aportowania oraz praca nosem.<\/p>\n<h3>RALLY-O, POS\u0141USZE\u0143STWO NA LUZIE<\/h3>\n<p>Rally-O zacz\u0119\u0142o rozwija\u0107 si\u0119 na pocz\u0105tku lat 2000. i szybko sta\u0142o si\u0119 ulubie\u0144cem wielu w\u0142a\u015bcicieli ps\u00f3w. Jest to dyscyplina polegaj\u0105ca na przebiegni\u0119ciu przez psa z opiekunem przez tor ze znakami przedstawiaj\u0105cymi sztuczki, zadania i pozy, jakie maj\u0105 po drodze wykona\u0107 np. pies musi po\u0142o\u017cy\u0107 si\u0119 i le\u017ce\u0107, kiedy jego opiekun obchodzi go wok\u00f3\u0142. Nie chodzi tu jednak o szybko\u015b\u0107 wykonania zada\u0144, ale raczej o dobry kontakt mi\u0119dzy psem, a opiekunem oraz ich wsp\u00f3ln\u0105 zabaw\u0119!<\/p>\n<p>Rally-O nie stawia wymog\u00f3w w kwestii kondycji psa, wi\u0119c mog\u0105 w nim bra\u0107 udzia\u0142 zar\u00f3wno m\u0142ode jak i stare psy, ma\u0142e oraz du\u017ce. Pies powinien jednak umie\u0107 usi\u0105\u015b\u0107, po\u0142o\u017cy\u0107 si\u0119 i stan\u0105\u0107 na komend\u0119 zanim p\u00f3jdzie na kurs z Rally-O. Do konkurs\u00f3w mo\u017cna przyst\u0119powa\u0107 z psami, kt\u00f3re uko\u0144czy\u0142y 6 miesi\u0105c \u017cycia.<\/p>\n<h3>AGILITY<\/h3>\n<p>Agility do dyscyplina sportu dla ps\u00f3w zdobywaj\u0105ca coraz wi\u0119ksz\u0105 popularno\u015b\u0107 w Polsce. Agility polega na przebyciu toru przeszk\u00f3d (np. slalomu, pochylni itp) w jak najkr\u00f3tszym czasie i pope\u0142niaj\u0105c jak najmniej b\u0142\u0119d\u00f3w. Jest to dobry spos\u00f3b na utrzymanie bliskiego kontaktu ze swoim psem. Agility jest te\u017c sposobem na zbudowanie pewno\u015bci siebie u psa, poniewa\u017c musi on nauczy\u0107 si\u0119 radzi\u0107 sobie z r\u00f3\u017cnymi przeszkodami i chcie\u0107 by\u0107 samodzielnym.<\/p>\n<p>Agility to wymagaj\u0105cy sport. Pies powinien uko\u0144czy\u0107 pierwszy rok \u017cycia zanim zaczniecie \u0107wiczy\u0107 na powa\u017cnie, aby jego szkielet i mi\u0119\u015bnie by\u0142 wystarczaj\u0105co wyro\u015bni\u0119te oraz gotowe na wysi\u0142ek. Zawody s\u0105 otwarte dla ps\u00f3w, kt\u00f3re uko\u0144czy\u0142y 18 miesi\u0105c \u017cycia.<\/p>\n\t\t\t<\/div>\n\t\t<\/div>\n\t<\/div>\n\n\n\n\t<section class=\"block related-articles\">\n\t\t<div class=\"container\">\n\t\t\t<h2>Artyku\u0142y powi\u0105zane<\/h2>\n\t\t\t<div class=\"row justify-content-center\">\n\t\t\t\t\t\t\t\t\t\t<div class=\"col-sm-6 col-md-6 col-lg-3\">\n\t\t\t\t\t\t\t\t\t\t\t\t\t\t<div class=\"card \">\n\t\t\t\t\t\t\t\t\t\t\t\t\t\t\t\t\t<img decoding=\"async\"  src=\"https:\/\/bozita.com\/pl\/wp-content\/uploads\/sites\/9\/2021\/08\/bozita-hundvalp-miljotraning-socialisering.jpeg\" alt=\"\">\n\t\t\t\t\t\t\t\t\t\t\t\t\t\t\t\t\t<!-- <img decoding=\"async\" src=\"\n\t\t\t\t\t\t\t\t\t\t\t\t\t\t\t\t\t\t\t\t\" alt=\"\n\t\t\t\t\t\t\t\t\t\t\t\t\t\t\t\t\t\t\t\t\t\t\t\t\t\t\t\"> -->\n\t\t\t\t\t\t\t\t<div class=\"card-body\">\n\t\t\t\t\t\t\t\t\t\t\t\t\t\t\t\t\t\t\t<h6>Socjalizacja psa \u2013 jak, gdzie i kiedy<\/h6>\n\t\t\t\t\t\t\t\t\t\t\t\t\t\t\t\t\t\t\t<a href=\"https:\/\/bozita.com\/pl\/zycie-z-psem\/rozwoj-psa\/socjalizacja-psa-jak-gdzie-i-kiedy\/\">Czytaj wi\u0119cej &nbsp; ><\/a>\n\t\t\t\t\t\t\t\t<\/div>\n\t\t\t\t\t\t\t<\/div>\n\t\t\t\t\t\t<\/div>\n\n\t\t\t\t\t\t\t\t\t\t\t\t<\/div>\n\t\t<\/div>\n\t<\/section>\n","protected":false},"excerpt":{"rendered":"","protected":false},"author":1,"featured_media":6804,"parent":6869,"menu_order":0,"comment_status":"closed","ping_status":"closed","template":"guternberg.php","meta":{"footnotes":""},"acf":[],"yoast_head":"<!-- This site is optimized with the Yoast SEO plugin v21.3 - https:\/\/yoast.com\/wordpress\/plugins\/seo\/ -->\n<title>Aktywno\u015bci na umocnienie wi\u0119zi z Twoim psem | Bozita Polska<\/title>\n<meta name=\"description\" content=\"Aktywuj swojego psa. Kurs to dobry spos\u00f3b umocnienia Waszej wi\u0119zi, a jednocze\u015bnie troch\u0119 ruchu i zabawy. Tu znajdziesz rady!\" \/>\n<meta name=\"robots\" content=\"index, follow, max-snippet:-1, max-image-preview:large, max-video-preview:-1\" \/>\n<link rel=\"canonical\" href=\"https:\/\/bozita.com\/pl\/zycie-z-psem\/aktywnosc-fizyczna\/zachec-psa-do-aktywnosci-aby-poprawic-wspolne-relacje\/\" \/>\n<meta property=\"og:locale\" content=\"pl_PL\" \/>\n<meta property=\"og:type\" content=\"article\" \/>\n<meta property=\"og:title\" content=\"Aktywno\u015bci na umocnienie wi\u0119zi z Twoim psem | Bozita Polska\" \/>\n<meta property=\"og:description\" content=\"Aktywuj swojego psa. Kurs to dobry spos\u00f3b umocnienia Waszej wi\u0119zi, a jednocze\u015bnie troch\u0119 ruchu i zabawy. Tu znajdziesz rady!\" \/>\n<meta property=\"og:url\" content=\"https:\/\/bozita.com\/pl\/zycie-z-psem\/aktywnosc-fizyczna\/zachec-psa-do-aktywnosci-aby-poprawic-wspolne-relacje\/\" \/>\n<meta property=\"og:site_name\" content=\"Bozita Polska\" \/>\n<meta property=\"article:modified_time\" content=\"2022-09-29T07:10:08+00:00\" \/>\n<meta property=\"og:image\" content=\"https:\/\/bozita.com\/pl\/wp-content\/uploads\/sites\/9\/2021\/06\/bozita-smakgaranti-hundmat-kattmat.jpeg\" \/>\n\t<meta property=\"og:image:width\" content=\"800\" \/>\n\t<meta property=\"og:image:height\" content=\"533\" \/>\n\t<meta property=\"og:image:type\" content=\"image\/jpeg\" \/>\n<meta name=\"twitter:card\" content=\"summary_large_image\" \/>\n<!-- \/ Yoast SEO plugin. -->","yoast_head_json":{"title":"Aktywno\u015bci na umocnienie wi\u0119zi z Twoim psem | Bozita Polska","description":"Aktywuj swojego psa. Kurs to dobry spos\u00f3b umocnienia Waszej wi\u0119zi, a jednocze\u015bnie troch\u0119 ruchu i zabawy. Tu znajdziesz rady!","robots":{"index":"index","follow":"follow","max-snippet":"max-snippet:-1","max-image-preview":"max-image-preview:large","max-video-preview":"max-video-preview:-1"},"canonical":"https:\/\/bozita.com\/pl\/zycie-z-psem\/aktywnosc-fizyczna\/zachec-psa-do-aktywnosci-aby-poprawic-wspolne-relacje\/","og_locale":"pl_PL","og_type":"article","og_title":"Aktywno\u015bci na umocnienie wi\u0119zi z Twoim psem | Bozita Polska","og_description":"Aktywuj swojego psa. Kurs to dobry spos\u00f3b umocnienia Waszej wi\u0119zi, a jednocze\u015bnie troch\u0119 ruchu i zabawy. Tu znajdziesz rady!","og_url":"https:\/\/bozita.com\/pl\/zycie-z-psem\/aktywnosc-fizyczna\/zachec-psa-do-aktywnosci-aby-poprawic-wspolne-relacje\/","og_site_name":"Bozita Polska","article_modified_time":"2022-09-29T07:10:08+00:00","og_image":[{"width":800,"height":533,"url":"https:\/\/bozita.com\/pl\/wp-content\/uploads\/sites\/9\/2021\/06\/bozita-smakgaranti-hundmat-kattmat.jpeg","type":"image\/jpeg"}],"twitter_card":"summary_large_image","schema":{"@context":"https:\/\/schema.org","@graph":[{"@type":"WebPage","@id":"https:\/\/bozita.com\/pl\/zycie-z-psem\/aktywnosc-fizyczna\/zachec-psa-do-aktywnosci-aby-poprawic-wspolne-relacje\/","url":"https:\/\/bozita.com\/pl\/zycie-z-psem\/aktywnosc-fizyczna\/zachec-psa-do-aktywnosci-aby-poprawic-wspolne-relacje\/","name":"Aktywno\u015bci na umocnienie wi\u0119zi z Twoim psem | Bozita Polska","isPartOf":{"@id":"https:\/\/bozita.com\/pl\/#website"},"datePublished":"2021-08-11T17:32:16+00:00","dateModified":"2022-09-29T07:10:08+00:00","description":"Aktywuj swojego psa. Kurs to dobry spos\u00f3b umocnienia Waszej wi\u0119zi, a jednocze\u015bnie troch\u0119 ruchu i zabawy. Tu znajdziesz rady!","breadcrumb":{"@id":"https:\/\/bozita.com\/pl\/zycie-z-psem\/aktywnosc-fizyczna\/zachec-psa-do-aktywnosci-aby-poprawic-wspolne-relacje\/#breadcrumb"},"inLanguage":"pl-PL","potentialAction":[{"@type":"ReadAction","target":["https:\/\/bozita.com\/pl\/zycie-z-psem\/aktywnosc-fizyczna\/zachec-psa-do-aktywnosci-aby-poprawic-wspolne-relacje\/"]}]},{"@type":"BreadcrumbList","@id":"https:\/\/bozita.com\/pl\/zycie-z-psem\/aktywnosc-fizyczna\/zachec-psa-do-aktywnosci-aby-poprawic-wspolne-relacje\/#breadcrumb","itemListElement":[{"@type":"ListItem","position":1,"name":"Home","item":"https:\/\/bozita.com\/pl\/"},{"@type":"ListItem","position":2,"name":"\u017bycie z psem","item":"https:\/\/bozita.com\/pl\/zycie-z-psem\/"},{"@type":"ListItem","position":3,"name":"Aktywno\u015b\u0107 fizyczna","item":"https:\/\/bozita.com\/pl\/zycie-z-psem\/aktywnosc-fizyczna\/"},{"@type":"ListItem","position":4,"name":"Aktywno\u015bci na umocnienie wi\u0119zi z Twoim psem"}]},{"@type":"WebSite","@id":"https:\/\/bozita.com\/pl\/#website","url":"https:\/\/bozita.com\/pl\/","name":"Bozita Polska","description":"","potentialAction":[{"@type":"SearchAction","target":{"@type":"EntryPoint","urlTemplate":"https:\/\/bozita.com\/pl\/?s={search_term_string}"},"query-input":"required name=search_term_string"}],"inLanguage":"pl-PL"}]}},"_links":{"self":[{"href":"https:\/\/bozita.com\/pl\/wp-json\/wp\/v2\/pages\/6803"}],"collection":[{"href":"https:\/\/bozita.com\/pl\/wp-json\/wp\/v2\/pages"}],"about":[{"href":"https:\/\/bozita.com\/pl\/wp-json\/wp\/v2\/types\/page"}],"author":[{"embeddable":true,"href":"https:\/\/bozita.com\/pl\/wp-json\/wp\/v2\/users\/1"}],"replies":[{"embeddable":true,"href":"https:\/\/bozita.com\/pl\/wp-json\/wp\/v2\/comments?post=6803"}],"version-history":[{"count":10,"href":"https:\/\/bozita.com\/pl\/wp-json\/wp\/v2\/pages\/6803\/revisions"}],"predecessor-version":[{"id":9527,"href":"https:\/\/bozita.com\/pl\/wp-json\/wp\/v2\/pages\/6803\/revisions\/9527"}],"up":[{"embeddable":true,"href":"https:\/\/bozita.com\/pl\/wp-json\/wp\/v2\/pages\/6869"}],"wp:featuredmedia":[{"embeddable":true,"href":"https:\/\/bozita.com\/pl\/wp-json\/wp\/v2\/media\/6804"}],"wp:attachment":[{"href":"https:\/\/bozita.com\/pl\/wp-json\/wp\/v2\/media?parent=6803"}],"curies":[{"name":"wp","href":"https:\/\/api.w.org\/{rel}","templated":true}]}}