{"id":6805,"date":"2021-08-11T17:32:05","date_gmt":"2021-08-11T17:32:05","guid":{"rendered":"https:\/\/bozita.com\/pl\/zycie-z-psem\/rozwoj-psa\/"},"modified":"2022-09-29T07:11:27","modified_gmt":"2022-09-29T07:11:27","slug":"rozwoj-psa","status":"publish","type":"page","link":"https:\/\/bozita.com\/pl\/zycie-z-psem\/rozwoj-psa\/","title":{"rendered":"Rozw\u00f3j psa"},"content":{"rendered":"\n\t\t<section class=\"small-hero-with-image\">\n\t\t\t\t\t\t\t<img decoding=\"async\" class=\"background-image\" src=\"https:\/\/bozita.com\/pl\/wp-content\/uploads\/sites\/9\/2021\/08\/bozita-hundens-utveckling-3-2.jpg\" alt=\"\">\n\t\t\t\t\t\t\t<div class=\"overlay-v1 overlay-bg\">\n\t\t\t\t<div class=\"container\">\n\t\t\t\t\t<div class=\"row\">\n\t\t\t\t\t\t<div class=\"col-md-6 col-lg-5\">\n\t\t\t\t\t\t\t<h5>Wiedza<\/h5><h1>ROZW\u00d3J PSA<\/h1><p><p>Rozw\u00f3j psa jest ekscytuj\u0105cy do \u015bledzenia. To naprawd\u0119 interesuj\u0105ce, aby dowiedzie\u0107 si\u0119, przez jakie etapy przechodzi pies, gdy dorasta, i czego si\u0119 spodziewa\u0107 podczas ka\u017cdego z nich.<\/p>\n<\/p>\t\t\t\t\t\t<\/div>\n\t\t\t\t\t<\/div>\n\t\t\t\t<\/div>\n\t\t\t<\/div>\n\t\t<\/section>\n\t\t\n\n\t<div class=\"text-box-warp\">\n\t\t<div class=\"container\">\n\t\t\t<div class=\"text-content\">\n\t\t\t\t<h2><a href=\"https:\/\/bozita.com\/pl\/\/zycie-z-psem\/rozwoj-psa\/socjalizacja-psa-jak-gdzie-i-kiedy\/\">Socjalizacja psa \u2013 jak, gdzie i kiedy<\/a><\/h2>\n<p>Na wczesnym etapie rozwoju szczeniaki s\u0105 wyj\u0105tkowo podatne na bod\u017ace spo\u0142eczne, dzi\u0119ki czemu jest to idealny okres na przyzwyczajenie ich do \u015brodowiska. Szkolenie psa na tym etapie stwarza podstawy dla jego zdrowego rozwoju i harmonijnego funkcjonowania w r\u00f3\u017cnych warunkach oraz w towarzystwie r\u00f3\u017cnych os\u00f3b. Sporz\u0105dzili\u015bmy praktyczn\u0105 \u201elist\u0119 kontroln\u0105\u201d ze zjawiskami, do kt\u00f3rych dobrze jest przyzwyczaja\u0107 szczeniaka podczas szkolenia.<\/p>\n<h2><a href=\"https:\/\/bozita.com\/pl\/zycie-z-psem\/rozwoj-psa\/zostawianie-psa-samego-w-domu-jak-przyzwyczaic-do-tego-czworonoga\/\">Zostawianie psa samego w domu &#8211; jak przyzwyczai\u0107 do tego czworonoga?<\/a><\/h2>\n<p>Psy to zwierz\u0119ta stadne, wi\u0119c mo\u017ce zdarzy\u0107 si\u0119, \u017ce Tw\u00f3j pies b\u0119dzie potrzebowa\u0142 troch\u0119 czasu zanim nauczy si\u0119 zostawa\u0107 sam w domu. Nasza rada to zostawianie psa samego w domu, gdy jest jeszcze szczeniakiem i stopniowe zwi\u0119kszanie poziomu trudno\u015bci w taki spos\u00f3b, kt\u00f3ry odpowiada Twojemu ulubie\u0144cowi. W ten spos\u00f3b unikniesz takich zachowa\u0144, jak \u017cucie i gryzienie r\u00f3\u017cnych przedmiot\u00f3w przez psa, gdy zostawiasz go samego w domu.<\/p>\n<h2><a href=\"https:\/\/bozita.com\/pl\/\/zycie-z-psem\/rozwoj-psa\/nagly-strach-psa\/\">Czy tw\u00f3j pies nagle reaguje strachem w codziennych sytuacjach? By\u0107 mo\u017ce wkroczy\u0142 w okres l\u0119kliwo\u015bci<\/a><\/h2>\n<p>Je\u015bli Tw\u00f3j szczeniak w wieku oko\u0142o 5 miesi\u0119cy nagle zaczyna ba\u0107 si\u0119 rzeczy, kt\u00f3re wcze\u015bniej zupe\u0142nie mu nie przeszkadza\u0142y, mo\u017ce by\u0107 to spowodowane wkroczeniem przez niego w okres l\u0119kliwo\u015bci. Pojawia si\u0119 on wraz ze zbli\u017caj\u0105cym si\u0119 okresem dojrzewania i osi\u0105gania dojrza\u0142o\u015bci p\u0142ciowej, cho\u0107 trwa nieco kr\u00f3cej. Odpowiednia wiedza pozwoli Ci przeprowadzi\u0107 swojego pupila przez ten trudny etap i nauczy\u0107 go w\u0142a\u015bciwego zachowania w przysz\u0142o\u015bci.<\/p>\n<h2><a href=\"https:\/\/bozita.com\/pl\/zycie-z-psem\/rozwoj-psa\/jak-poradzic-sobie-z-nastoletnim-buntem-u-psa\/\">Jak poradzi\u0107 sobie z nastoletnim buntem u psa<\/a><\/h2>\n<p>S\u0142odki szczeniak dorasta i nagle zamienia si\u0119 w niesfornego nastolatka, kt\u00f3ry nie chce Ci\u0119 s\u0142ucha\u0107. W rozwi\u0105zaniu problem\u00f3w z psem, kt\u00f3ry wkroczy\u0142 w tak zwany okres buntu, pomo\u017ce Ci \u015bwiadomo\u015b\u0107, \u017ce Tw\u00f3j pupil nie osi\u0105gn\u0105\u0142 jeszcze dojrza\u0142o\u015bci. Konieczne jest, aby dalej budowa\u0107 istniej\u0105c\u0105 relacj\u0119 ze zwierz\u0119ciem.<\/p>\n<h2><a href=\"https:\/\/bozita.com\/pl\/zycie-z-psem\/rozwoj-psa\/rozwoj-psa-od-okresu-szczeniecego-do-doroslosci\/\">Rozw\u00f3j psa od okresu szczeni\u0119cego do doros\u0142o\u015bci<\/a><\/h2>\n<p>Szczeniaki rodz\u0105 si\u0119 raczej bezradne, lecz szybko osi\u0105gaj\u0105 samodzielno\u015b\u0107 i rozwijaj\u0105 w\u0142asny, zupe\u0142nie niepowtarzalny charakter. To osza\u0142amiaj\u0105ca podr\u00f3\u017c, podczas kt\u00f3rej pies przechodzi przez wiele etap\u00f3w. \u015awiadomo\u015b\u0107 poszczeg\u00f3lnych etap\u00f3w rozwoju psa u\u0142atwi Ci zrozumienie jego zachowania i jego szkolenie.<\/p>\n\t\t\t<\/div>\n\t\t<\/div>\n\t<\/div>\n\n\n<section class=\"block product-promos\">\n\t<div class=\"container\">\n\t\t<div class=\"row align-items-center\">\n\t\t\t<div class=\"col-md-5\">\n\t\t\t\t<div class=\"prdt__promos-heading\">\n\t\t\t\t\t<h3>\n\t\t\t\t\t\tDobra karma przez ca\u0142e \u017cycie\t\t\t\t\t<\/h3>\n\t\t\t\t\t\t\t\t\t<\/div>\n\t\t\t<\/div>\n\t\t\t<div class=\"col-md-7\">\n\t\t\t\t\t\t\t\t\t<div class=\"owl-carousel owl-theme product-promo-carousel\">\n\t\t\t\t\t\t\t\t\t\t\t\t\t<a href=\"https:\/\/bozita.com\/pl\/karma-dla-ps\u00f3w\/bozita-bez-dodatku-zboz-mother-and-puppy-elk\/\">\n\t\t\t\t\t\t\t\t<div class=\"blk__prdt-item\">\n\t\t\t\t\t\t\t\t\t<figure>\n\t\t\t\t\t\t\t\t\t\t<img loading=\"lazy\" decoding=\"async\" width=\"400\" height=\"400\" src=\"https:\/\/bozita.com\/pl\/wp-content\/uploads\/sites\/9\/2021\/08\/40423-bozita-grain-free-mother-puppy-elk.png\" class=\"attachment-post-thumbnail size-post-thumbnail wp-post-image\" alt=\"Prywatne: BOZITA BEZ DODATKU ZB\u00d3\u017b MOTHER &amp; PUPPY ELK\" srcset=\"https:\/\/bozita.com\/pl\/wp-content\/uploads\/sites\/9\/2021\/08\/40423-bozita-grain-free-mother-puppy-elk.png 400w, https:\/\/bozita.com\/pl\/wp-content\/uploads\/sites\/9\/2021\/08\/40423-bozita-grain-free-mother-puppy-elk-300x300.png 300w, https:\/\/bozita.com\/pl\/wp-content\/uploads\/sites\/9\/2021\/08\/40423-bozita-grain-free-mother-puppy-elk-150x150.png 150w\" sizes=\"(max-width: 400px) 100vw, 400px\" \/>\t\t\t\t\t\t\t\t\t\t\t\t\t\t\t\t\t\t\t<\/figure>\n\t\t\t\t\t\t\t\t\t<h4 class=\"carousel-title\"><\/h4>\n\t\t\t\t\t\t\t\t\t<span class=\"carousel-category\">Prywatne: BOZITA BEZ DODATKU ZB\u00d3\u017b MOTHER &amp; PUPPY ELK<\/span>\n\t\t\t\t\t\t\t\t\t  \n\t\t\t\t\t\t\t\t\t<ul class=\"category-list\">\n\t\t\t\t\t\t\t\t\t\t\t\t\t\t\t\t\t\t\t\t\t\t\t<li class=\"svg-image\">\n\t\t\t\t\t\t\t\t\t\t\t\t\t\t<img decoding=\"async\" src=\"https:\/\/bozita.com\/pl\/wp-content\/uploads\/sites\/9\/2021\/06\/icon-grain-free.svg\" \/>\n\t\t\t\t\t\t\t\t\t\t\t\t\t<\/li>\n\t\t\t\t\t\t\t\t\t\t\t\t\t\t\t\t\t\t\t\t\t\t\t\t\t\t\t\t\t\t\t\t\t\t\t\t<li class=\"svg-image\">\n\t\t\t\t\t\t\t\t\t\t\t\t\t\t<img decoding=\"async\" src=\"https:\/\/bozita.com\/pl\/wp-content\/uploads\/sites\/9\/2021\/06\/icon-flavour-chicken.svg\" \/>\n\t\t\t\t\t\t\t\t\t\t\t\t\t<\/li>\n\t\t\t\t\t\t\t\t\t\t\t\t\t\t\t\t\t\t\t\t\t\t\t\t\t\t<li class=\"svg-image\">\n\t\t\t\t\t\t\t\t\t\t\t\t\t\t<img decoding=\"async\" src=\"https:\/\/bozita.com\/pl\/wp-content\/uploads\/sites\/9\/2021\/06\/icon-flavour-elk.svg\" \/>\n\t\t\t\t\t\t\t\t\t\t\t\t\t<\/li>\n\t\t\t\t\t\t\t\t\t\t\t\t\t\t\t\t\t\t\t\t\t\t<\/ul>       \n\n\t\t\t\t\t\t\t\t<\/div>\n\t\t\t\t\t\t\t<\/a>\n\t\t\t\t\t\t\t\t\t\t\t\t\t\t\t\t\t\t\t\t<a href=\"https:\/\/bozita.com\/pl\/karma-dla-ps\u00f3w\/bozita-bez-dodatku-zboz-lamb\/\">\n\t\t\t\t\t\t\t\t<div class=\"blk__prdt-item\">\n\t\t\t\t\t\t\t\t\t<figure>\n\t\t\t\t\t\t\t\t\t\t<img loading=\"lazy\" decoding=\"async\" width=\"400\" height=\"400\" src=\"https:\/\/bozita.com\/pl\/wp-content\/uploads\/sites\/9\/2021\/08\/40612-bozita-grain-free-lamb.png\" class=\"attachment-post-thumbnail size-post-thumbnail wp-post-image\" alt=\"Prywatne: Bozita BEZ DODATKU ZB\u00d3\u017b LAMB\" srcset=\"https:\/\/bozita.com\/pl\/wp-content\/uploads\/sites\/9\/2021\/08\/40612-bozita-grain-free-lamb.png 400w, https:\/\/bozita.com\/pl\/wp-content\/uploads\/sites\/9\/2021\/08\/40612-bozita-grain-free-lamb-300x300.png 300w, https:\/\/bozita.com\/pl\/wp-content\/uploads\/sites\/9\/2021\/08\/40612-bozita-grain-free-lamb-150x150.png 150w\" sizes=\"(max-width: 400px) 100vw, 400px\" \/>\t\t\t\t\t\t\t\t\t\t\t\t\t\t\t\t\t\t\t<\/figure>\n\t\t\t\t\t\t\t\t\t<h4 class=\"carousel-title\"><\/h4>\n\t\t\t\t\t\t\t\t\t<span class=\"carousel-category\">Prywatne: Bozita BEZ DODATKU ZB\u00d3\u017b LAMB<\/span>\n\t\t\t\t\t\t\t\t\t  \n\t\t\t\t\t\t\t\t\t<ul class=\"category-list\">\n\t\t\t\t\t\t\t\t\t\t\t\t\t\t\t\t\t\t\t\t\t\t\t<li class=\"svg-image\">\n\t\t\t\t\t\t\t\t\t\t\t\t\t\t<img decoding=\"async\" src=\"https:\/\/bozita.com\/pl\/wp-content\/uploads\/sites\/9\/2021\/06\/icon-grain-free.svg\" \/>\n\t\t\t\t\t\t\t\t\t\t\t\t\t<\/li>\n\t\t\t\t\t\t\t\t\t\t\t\t\t\t\t\t\t\t\t\t\t\t\t\t\t\t\t\t\t\t\t\t\t\t\t\t<li class=\"svg-image\">\n\t\t\t\t\t\t\t\t\t\t\t\t\t\t<img decoding=\"async\" src=\"https:\/\/bozita.com\/pl\/wp-content\/uploads\/sites\/9\/2021\/06\/icon-flavour-lamb.svg\" \/>\n\t\t\t\t\t\t\t\t\t\t\t\t\t<\/li>\n\t\t\t\t\t\t\t\t\t\t\t\t\t\t\t\t\t\t\t\t\t\t<\/ul>       \n\n\t\t\t\t\t\t\t\t<\/div>\n\t\t\t\t\t\t\t<\/a>\n\t\t\t\t\t\t\t\t\t\t\t\t\t\t\t\t\t\t<\/div>\n\t\t\t\t\t\t\t<\/div>\n\t\t<\/div>\n\t<\/div>\n<\/section>\n<script>\njQuery(document).ready(function($) {\n\tjQuery('.product-promo-carousel').owlCarousel({\n\tloop: true,\n\tmargin: 10,\n\tresponsiveClass: true,\n\tresponsive: {\n\t\t0: {\n\t\titems: 1,\n\t\tnav: true\n\t\t},\n\t\t600: {\n\t\titems: 1,\n\t\tnav: true\n\t\t},\n\t\t1000: {\n\t\titems: 2,\n\t\tnav: true,\n\t\t}\n\t}\n\t})\n\tjQuery(\".owl-prev\").html('<span><<\/span>');\n\tjQuery(\".owl-next\").html('<span>><\/span>');\n\n\tvar slider = jQuery('.promo-slider-list');\n\tslider.owlCarousel();\n\tjQuery('.nextbtn-a').click(function() {\n\tslider.trigger('next.owl.carousel');\n\t})\n\t\/\/ Go to the previous item\n\tjQuery('.prebtn-a').click(function() {\n\tslider.trigger('prev.owl.carousel', [300]);\n\t})\n});\n<\/script>\n\n\n\n\t<section class=\"block explore-other-topics\">\n\t<div class=\"container\">\n\t\t<h2>Zapoznaj si\u0119 z innymi tematami<\/h2>\n\t\t<div class=\"row\">\n\t\t\t\t\t\t\t\t<div class=\"col-md-6 col-lg-3\">\n\t\t\t\t\t\t\t\t\t\t\t\t\t<h6>\u017bywienie i dieta<\/h6>\n\t\t\t\t\t\t\t\t\t\t\t\t\t<div class=\"card \">\n\t\t\t\t\t\t\t<img loading=\"lazy\" decoding=\"async\" width=\"800\" height=\"537\" src=\"https:\/\/bozita.com\/pl\/wp-content\/uploads\/sites\/9\/2021\/06\/bozita-nutrition-kost.jpg\" class=\"attachment-post-thumbnail size-post-thumbnail wp-post-image\" alt=\"\u017bycie z psem\" srcset=\"https:\/\/bozita.com\/pl\/wp-content\/uploads\/sites\/9\/2021\/06\/bozita-nutrition-kost.jpg 800w, https:\/\/bozita.com\/pl\/wp-content\/uploads\/sites\/9\/2021\/06\/bozita-nutrition-kost-300x201.jpg 300w, https:\/\/bozita.com\/pl\/wp-content\/uploads\/sites\/9\/2021\/06\/bozita-nutrition-kost-768x516.jpg 768w\" sizes=\"(max-width: 800px) 100vw, 800px\" \/>\n\t\t\t\t\t\t\t\t\t\t\t\t\t\t<div class=\"card-body\">\n\t\t\t\t\t\t\t\t\n\t\t\t\t\t\t\t\t\t\t\t\t\t\t\t\t\t<ul>\n\t\t\t\t\t\t\t\t\t\t\t\t\t\t\t\t\t\t\t\t\t<li><a href=\"https:\/\/bozita.com\/pl\/karma-dla-psow\/zywienie-i-dieta\/co-i-ile-powienien-jesc-pies\/\">Co jedz\u0105 psy? Ile powinien je\u015b\u0107 pies?<\/a><\/li>\n\t\t\t\t\t\t\t\t\t\t\t\t\t\t\t\t\t\t\t\t\t\t<li><a href=\"https:\/\/bozita.com\/pl\/karma-dla-psow\/zywienie-i-dieta\/czego-nie-moga-jesc-psy\/\">Czego nie mog\u0105 je\u015b\u0107 psy \u2013 niebezpieczne produkty<\/a><\/li>\n\t\t\t\t\t\t\t\t\t\t\t\t\t\t\t\t\t\t\t\t\t\t<li><a href=\"https:\/\/bozita.com\/pl\/karma-dla-psow\/zywienie-i-dieta\/pozbawiona-zboz-karma-dla-psa-wszystko-co-musisz-wiedziec\/\">Pozbawiona zb\u00f3\u017c karma dla psa<\/a><\/li>\n\t\t\t\t\t\t\t\t\t\t\t\t\t\t\t\t\t\t\t\t<\/ul>\n\t\t\t\t\t\t\t\t\t\t\t\t\t\t\t\t<a target=\"\" href=\"https:\/\/bozita.com\/pl\/karma-dla-psow\/zywienie-i-dieta\/\" class=\"btn btn-primary\">Wi\u0119cej artyku\u0142\u00f3w<\/a>\n\t\t\t\t\t\t\t<\/div>\n\t\t\t\t\t\t<\/div>\n\t\t\t\t\t<\/div>\n\t\t\t\t\t\t\t\t\t\t<div class=\"col-md-6 col-lg-3\">\n\t\t\t\t\t\t\t\t\t\t\t\t\t<h6>Zdrowie psa<\/h6>\n\t\t\t\t\t\t\t\t\t\t\t\t\t<div class=\"card \">\n\t\t\t\t\t\t\t<img loading=\"lazy\" decoding=\"async\" width=\"800\" height=\"533\" src=\"https:\/\/bozita.com\/pl\/wp-content\/uploads\/sites\/9\/2021\/06\/bozita-avmaska-hundvalp-hund.jpg\" class=\"attachment-post-thumbnail size-post-thumbnail wp-post-image\" alt=\"Zdrowie psa\" srcset=\"https:\/\/bozita.com\/pl\/wp-content\/uploads\/sites\/9\/2021\/06\/bozita-avmaska-hundvalp-hund.jpg 800w, https:\/\/bozita.com\/pl\/wp-content\/uploads\/sites\/9\/2021\/06\/bozita-avmaska-hundvalp-hund-300x200.jpg 300w, https:\/\/bozita.com\/pl\/wp-content\/uploads\/sites\/9\/2021\/06\/bozita-avmaska-hundvalp-hund-768x512.jpg 768w\" sizes=\"(max-width: 800px) 100vw, 800px\" \/>\n\t\t\t\t\t\t\t\t\t\t\t\t\t\t<div class=\"card-body\">\n\t\t\t\t\t\t\t\t\n\t\t\t\t\t\t\t\t\t\t\t\t\t\t\t\t\t<ul>\n\t\t\t\t\t\t\t\t\t\t\t\t\t\t\t\t\t\t\t\t\t<li><a href=\"https:\/\/bozita.com\/pl\/zycie-z-psem\/zdrowie-psa\/szczepienie-psa\/\">Szczepienia ps\u00f3w i szczeni\u0105t<\/a><\/li>\n\t\t\t\t\t\t\t\t\t\t\t\t\t\t\t\t\t\t\t\t\t\t<li><a href=\"https:\/\/bozita.com\/pl\/zycie-z-psem\/zdrowie-psa\/higiena-jamy-ustnej-i-szczotkowanie-zebow-psa\/\">Szczotkowanie z\u0119b\u00f3w | Psie z\u0119by i ich higiena<\/a><\/li>\n\t\t\t\t\t\t\t\t\t\t\t\t\t\t\t\t\t\t\t\t\t\t<li><a href=\"https:\/\/bozita.com\/pl\/zycie-z-psem\/zdrowie-psa\/uwazaj-na-zatrucia-grzybami-w-lasach\/\">Uwa\u017caj na zatrucia grzybami<\/a><\/li>\n\t\t\t\t\t\t\t\t\t\t\t\t\t\t\t\t\t\t\t\t<\/ul>\n\t\t\t\t\t\t\t\t\t\t\t\t\t\t\t\t<a target=\"\" href=\"https:\/\/bozita.com\/pl\/zycie-z-psem\/zdrowie-psa\/\" class=\"btn btn-primary\">Wi\u0119cej artyku\u0142\u00f3w<\/a>\n\t\t\t\t\t\t\t<\/div>\n\t\t\t\t\t\t<\/div>\n\t\t\t\t\t<\/div>\n\t\t\t\t\t\t\t\t\t\t<div class=\"col-md-6 col-lg-3\">\n\t\t\t\t\t\t\t\t\t\t\t\t\t<h6>Aktywno\u015b\u0107 fizyczna<\/h6>\n\t\t\t\t\t\t\t\t\t\t\t\t\t<div class=\"card \">\n\t\t\t\t\t\t\t<img loading=\"lazy\" decoding=\"async\" width=\"800\" height=\"531\" src=\"https:\/\/bozita.com\/pl\/wp-content\/uploads\/sites\/9\/2021\/06\/bozita-aktivera-hund.jpg\" class=\"attachment-post-thumbnail size-post-thumbnail wp-post-image\" alt=\"Aktywno\u015b\u0107 fizyczna\" srcset=\"https:\/\/bozita.com\/pl\/wp-content\/uploads\/sites\/9\/2021\/06\/bozita-aktivera-hund.jpg 800w, https:\/\/bozita.com\/pl\/wp-content\/uploads\/sites\/9\/2021\/06\/bozita-aktivera-hund-300x199.jpg 300w, https:\/\/bozita.com\/pl\/wp-content\/uploads\/sites\/9\/2021\/06\/bozita-aktivera-hund-768x510.jpg 768w\" sizes=\"(max-width: 800px) 100vw, 800px\" \/>\n\t\t\t\t\t\t\t\t\t\t\t\t\t\t<div class=\"card-body\">\n\t\t\t\t\t\t\t\t\n\t\t\t\t\t\t\t\t\t\t\t\t\t\t\t\t\t<ul>\n\t\t\t\t\t\t\t\t\t\t\t\t\t\t\t\t\t\t\t\t\t<li><a href=\"https:\/\/bozita.com\/pl\/zycie-z-psem\/aktywnosc-fizyczna\/zachec-psa-do-aktywnosci-aby-poprawic-wspolne-relacje\/\">Aktywno\u015bci na umocnienie wi\u0119zi z Twoim psem<\/a><\/li>\n\t\t\t\t\t\t\t\t\t\t\t\t\t\t\t\t\t\t\t\t\t\t<li><a href=\"https:\/\/bozita.com\/pl\/zycie-z-psem\/aktywnosc-fizyczna\/szkolenie-rownowagi-z-astrid\/\">Szkolenie r\u00f3wnowagi z Astrid<\/a><\/li>\n\t\t\t\t\t\t\t\t\t\t\t\t\t\t\t\t\t\t\t\t<\/ul>\n\t\t\t\t\t\t\t\t\t\t\t\t\t\t\t\t<a target=\"\" href=\"https:\/\/bozita.com\/pl\/zycie-z-psem\/aktywnosc-fizyczna\/\" class=\"btn btn-primary\">Wi\u0119cej artyku\u0142\u00f3w<\/a>\n\t\t\t\t\t\t\t<\/div>\n\t\t\t\t\t\t<\/div>\n\t\t\t\t\t<\/div>\n\t\t\t\t\t\t\t\t\t\t<div class=\"col-md-6 col-lg-3\">\n\t\t\t\t\t\t\t\t\t\t\t\t\t<h6>Przygotowywanie si\u0119 do kupna psa<\/h6>\n\t\t\t\t\t\t\t\t\t\t\t\t\t<div class=\"card \">\n\t\t\t\t\t\t\t<img loading=\"lazy\" decoding=\"async\" width=\"800\" height=\"532\" src=\"https:\/\/bozita.com\/pl\/wp-content\/uploads\/sites\/9\/2021\/06\/bozita-kopa-hund.jpg\" class=\"attachment-post-thumbnail size-post-thumbnail wp-post-image\" alt=\"\u017bycie z psem\" srcset=\"https:\/\/bozita.com\/pl\/wp-content\/uploads\/sites\/9\/2021\/06\/bozita-kopa-hund.jpg 800w, https:\/\/bozita.com\/pl\/wp-content\/uploads\/sites\/9\/2021\/06\/bozita-kopa-hund-300x200.jpg 300w, https:\/\/bozita.com\/pl\/wp-content\/uploads\/sites\/9\/2021\/06\/bozita-kopa-hund-768x511.jpg 768w\" sizes=\"(max-width: 800px) 100vw, 800px\" \/>\n\t\t\t\t\t\t\t\t\t\t\t\t\t\t<div class=\"card-body\">\n\t\t\t\t\t\t\t\t\n\t\t\t\t\t\t\t\t\t\t\t\t\t\t\t\t<a target=\"\" href=\"https:\/\/bozita.com\/pl\/zycie-z-psem\/buying-a-dog\/\" class=\"btn btn-primary\">Wi\u0119cej artyku\u0142\u00f3w<\/a>\n\t\t\t\t\t\t\t<\/div>\n\t\t\t\t\t\t<\/div>\n\t\t\t\t\t<\/div>\n\t\t\t\t\t\t\t<\/div>\n\t<\/div>\n<\/section>\n","protected":false},"excerpt":{"rendered":"","protected":false},"author":4,"featured_media":6807,"parent":6781,"menu_order":0,"comment_status":"closed","ping_status":"closed","template":"guternberg.php","meta":{"footnotes":""},"acf":[],"yoast_head":"<!-- This site is optimized with the Yoast SEO plugin v21.3 - https:\/\/yoast.com\/wordpress\/plugins\/seo\/ -->\n<title>Rozw\u00f3j psa | Bozita Polska<\/title>\n<meta name=\"description\" content=\"To naprawd\u0119 interesuj\u0105ce, aby dowiedzie\u0107 si\u0119, przez jakie etapy przechodzi pies, gdy dorasta, i czego si\u0119 spodziewa\u0107 podczas ka\u017cdego z nich.\" \/>\n<meta name=\"robots\" content=\"index, follow, max-snippet:-1, max-image-preview:large, max-video-preview:-1\" \/>\n<link rel=\"canonical\" href=\"https:\/\/bozita.com\/pl\/zycie-z-psem\/rozwoj-psa\/\" \/>\n<meta property=\"og:locale\" content=\"pl_PL\" \/>\n<meta property=\"og:type\" content=\"article\" \/>\n<meta property=\"og:title\" content=\"Rozw\u00f3j psa | Bozita Polska\" \/>\n<meta property=\"og:description\" content=\"To naprawd\u0119 interesuj\u0105ce, aby dowiedzie\u0107 si\u0119, przez jakie etapy przechodzi pies, gdy dorasta, i czego si\u0119 spodziewa\u0107 podczas ka\u017cdego z nich.\" \/>\n<meta property=\"og:url\" content=\"https:\/\/bozita.com\/pl\/zycie-z-psem\/rozwoj-psa\/\" \/>\n<meta property=\"og:site_name\" content=\"Bozita Polska\" \/>\n<meta property=\"article:modified_time\" content=\"2022-09-29T07:11:27+00:00\" \/>\n<meta property=\"og:image\" content=\"https:\/\/bozita.com\/pl\/wp-content\/uploads\/sites\/9\/2021\/06\/bozita-hundens-utveckling.jpg\" \/>\n\t<meta property=\"og:image:width\" content=\"800\" \/>\n\t<meta property=\"og:image:height\" content=\"536\" \/>\n\t<meta property=\"og:image:type\" content=\"image\/jpeg\" \/>\n<meta name=\"twitter:card\" content=\"summary_large_image\" \/>\n<!-- \/ Yoast SEO plugin. -->","yoast_head_json":{"title":"Rozw\u00f3j psa | Bozita Polska","description":"To naprawd\u0119 interesuj\u0105ce, aby dowiedzie\u0107 si\u0119, przez jakie etapy przechodzi pies, gdy dorasta, i czego si\u0119 spodziewa\u0107 podczas ka\u017cdego z nich.","robots":{"index":"index","follow":"follow","max-snippet":"max-snippet:-1","max-image-preview":"max-image-preview:large","max-video-preview":"max-video-preview:-1"},"canonical":"https:\/\/bozita.com\/pl\/zycie-z-psem\/rozwoj-psa\/","og_locale":"pl_PL","og_type":"article","og_title":"Rozw\u00f3j psa | Bozita Polska","og_description":"To naprawd\u0119 interesuj\u0105ce, aby dowiedzie\u0107 si\u0119, przez jakie etapy przechodzi pies, gdy dorasta, i czego si\u0119 spodziewa\u0107 podczas ka\u017cdego z nich.","og_url":"https:\/\/bozita.com\/pl\/zycie-z-psem\/rozwoj-psa\/","og_site_name":"Bozita Polska","article_modified_time":"2022-09-29T07:11:27+00:00","og_image":[{"width":800,"height":536,"url":"https:\/\/bozita.com\/pl\/wp-content\/uploads\/sites\/9\/2021\/06\/bozita-hundens-utveckling.jpg","type":"image\/jpeg"}],"twitter_card":"summary_large_image","schema":{"@context":"https:\/\/schema.org","@graph":[{"@type":"WebPage","@id":"https:\/\/bozita.com\/pl\/zycie-z-psem\/rozwoj-psa\/","url":"https:\/\/bozita.com\/pl\/zycie-z-psem\/rozwoj-psa\/","name":"Rozw\u00f3j psa | Bozita Polska","isPartOf":{"@id":"https:\/\/bozita.com\/pl\/#website"},"datePublished":"2021-08-11T17:32:05+00:00","dateModified":"2022-09-29T07:11:27+00:00","description":"To naprawd\u0119 interesuj\u0105ce, aby dowiedzie\u0107 si\u0119, przez jakie etapy przechodzi pies, gdy dorasta, i czego si\u0119 spodziewa\u0107 podczas ka\u017cdego z nich.","breadcrumb":{"@id":"https:\/\/bozita.com\/pl\/zycie-z-psem\/rozwoj-psa\/#breadcrumb"},"inLanguage":"pl-PL","potentialAction":[{"@type":"ReadAction","target":["https:\/\/bozita.com\/pl\/zycie-z-psem\/rozwoj-psa\/"]}]},{"@type":"BreadcrumbList","@id":"https:\/\/bozita.com\/pl\/zycie-z-psem\/rozwoj-psa\/#breadcrumb","itemListElement":[{"@type":"ListItem","position":1,"name":"Home","item":"https:\/\/bozita.com\/pl\/"},{"@type":"ListItem","position":2,"name":"\u017bycie z psem","item":"https:\/\/bozita.com\/pl\/zycie-z-psem\/"},{"@type":"ListItem","position":3,"name":"Rozw\u00f3j psa"}]},{"@type":"WebSite","@id":"https:\/\/bozita.com\/pl\/#website","url":"https:\/\/bozita.com\/pl\/","name":"Bozita Polska","description":"","potentialAction":[{"@type":"SearchAction","target":{"@type":"EntryPoint","urlTemplate":"https:\/\/bozita.com\/pl\/?s={search_term_string}"},"query-input":"required name=search_term_string"}],"inLanguage":"pl-PL"}]}},"_links":{"self":[{"href":"https:\/\/bozita.com\/pl\/wp-json\/wp\/v2\/pages\/6805"}],"collection":[{"href":"https:\/\/bozita.com\/pl\/wp-json\/wp\/v2\/pages"}],"about":[{"href":"https:\/\/bozita.com\/pl\/wp-json\/wp\/v2\/types\/page"}],"author":[{"embeddable":true,"href":"https:\/\/bozita.com\/pl\/wp-json\/wp\/v2\/users\/4"}],"replies":[{"embeddable":true,"href":"https:\/\/bozita.com\/pl\/wp-json\/wp\/v2\/comments?post=6805"}],"version-history":[{"count":3,"href":"https:\/\/bozita.com\/pl\/wp-json\/wp\/v2\/pages\/6805\/revisions"}],"predecessor-version":[{"id":9528,"href":"https:\/\/bozita.com\/pl\/wp-json\/wp\/v2\/pages\/6805\/revisions\/9528"}],"up":[{"embeddable":true,"href":"https:\/\/bozita.com\/pl\/wp-json\/wp\/v2\/pages\/6781"}],"wp:featuredmedia":[{"embeddable":true,"href":"https:\/\/bozita.com\/pl\/wp-json\/wp\/v2\/media\/6807"}],"wp:attachment":[{"href":"https:\/\/bozita.com\/pl\/wp-json\/wp\/v2\/media?parent=6805"}],"curies":[{"name":"wp","href":"https:\/\/api.w.org\/{rel}","templated":true}]}}