{"id":6808,"date":"2021-08-11T17:31:48","date_gmt":"2021-08-11T17:31:48","guid":{"rendered":"https:\/\/bozita.com\/pl\/zycie-z-psem\/zdrowie-psa\/"},"modified":"2022-09-29T07:14:39","modified_gmt":"2022-09-29T07:14:39","slug":"zdrowie-psa","status":"publish","type":"page","link":"https:\/\/bozita.com\/pl\/zycie-z-psem\/zdrowie-psa\/","title":{"rendered":"Zdrowie psa"},"content":{"rendered":"\n\t\t<section class=\"small-hero-with-image\">\n\t\t\t\t\t\t\t<img decoding=\"async\" class=\"background-image\" src=\"https:\/\/bozita.com\/pl\/wp-content\/uploads\/sites\/9\/2021\/08\/bozita-avmaska-hundvalp-hund-3-2.jpg\" alt=\"\">\n\t\t\t\t\t\t\t<div class=\"overlay-v1 overlay-bg\">\n\t\t\t\t<div class=\"container\">\n\t\t\t\t\t<div class=\"row\">\n\t\t\t\t\t\t<div class=\"col-md-6 col-lg-5\">\n\t\t\t\t\t\t\t<h5>Wiedza<\/h5><h1>ZDROWIE PSA<\/h1><p><p>Jako w\u0142a\u015bciciel psa, zdrowie i dobre samopoczucie Twojego pupila jest bardzo wa\u017cne, aby m\u00f3g\u0142 prowadzi\u0107 d\u0142ugie, aktywne i pe\u0142ne \u017cycie. Dbaj o zdrowie swojego psa, \u015bledz\u0105c szczepienia, odrobaczanie i opiek\u0119 dentystyczn\u0105.<\/p>\n<\/p>\t\t\t\t\t\t<\/div>\n\t\t\t\t\t<\/div>\n\t\t\t\t<\/div>\n\t\t\t<\/div>\n\t\t<\/section>\n\t\t\n\n\t<div class=\"text-box-warp\">\n\t\t<div class=\"container\">\n\t\t\t<div class=\"text-content\">\n\t\t\t\t<h2><a href=\"https:\/\/bozita.com\/pl\/zycie-z-psem\/zdrowie-psa\/higiena-jamy-ustnej-i-szczotkowanie-zebow-psa\/\">Higiena jamy ustnej i szczotkowanie z\u0119b\u00f3w psa<\/a><\/h2>\n<p>Z\u0119by sta\u0142e psa rosn\u0105 oko\u0142o 4 miesi\u0105ca jego \u017cycia i b\u0119d\u0105 s\u0142u\u017cy\u0142y mu przez ca\u0142e \u017cycie. Najlepsz\u0105 metod\u0105 utrzymania dobrej higieny jamy ustnej czworonoga jest codzienne szczotkowanie z\u0119b\u00f3w psa i regularne kontrole uz\u0119bienia. Problemy z z\u0119bami s\u0105 cz\u0119sto ci\u0119\u017ckie do zauwa\u017cenia, poniewa\u017c symptomy bywaj\u0105 niewidoczne.<\/p>\n<h2><a href=\"https:\/\/bozita.com\/pl\/zycie-z-psem\/zdrowie-psa\/odrobaczanie-szczeniakow-i-doroslych-psow\/\">Odrobaczanie szczeniak\u00f3w i doros\u0142ych ps\u00f3w<\/a><\/h2>\n<p>To, czy (i\u00a0kiedy) musisz odrobaczy\u0107 swojego psa zale\u017cy od jego wieku, stylu \u017cycia i\u00a0ewentualnych objaw\u00f3w zarobaczenia. Karmi\u0105ce suki i\u00a0szczeniaki powinny by\u0107 na przyk\u0142ad regularnie odrobaczane, podczas gdy zaprzestano dawnej praktyki odrobaczania doros\u0142ych ps\u00f3w \u201ena wszelki wypadek\u201d. Mo\u017ce ona bowiem skutkowa\u0107 nabyciem odporno\u015bci na \u015brodek i\u00a0brakiem jego skuteczno\u015bci. W\u00a0przypadku podejrzenia zarobaczenia pobiera si\u0119 zamiast tego pr\u00f3bki, aby upewni\u0107 si\u0119, \u017ce wybrana zosta\u0142a odpowiednia metoda leczenia. Je\u015bli masz w\u00a0planach zagraniczn\u0105 podr\u00f3\u017c z\u00a0psem, sprawd\u017a przepisy dotycz\u0105ce zar\u00f3wno wjazdu do kraju docelowego, jak i\u00a0powrotu do Polski.<\/p>\n<h2><a href=\"https:\/\/bozita.com\/pl\/zycie-z-psem\/zdrowie-psa\/szczepienie-psa\/\">Szczepienie psa<\/a><\/h2>\n<p>Szczepienie psa pozwala unikn\u0105\u0107 niepotrzebnego cierpienia oraz przenoszenia chor\u00f3b. Szczeni\u0119ta s\u0105 zwykle szczepione na podstawowe choroby w hodowli, ale p\u00f3\u017aniej odpowiedzialno\u015b\u0107 za ich szczepienia przechodzi na nowego w\u0142a\u015bciciela. Dla ps\u00f3w wystawowych i bior\u0105cych udzia\u0142 w zawodach istniej\u0105 oddzielne regu\u0142y dotycz\u0105ce szczepie\u0144. R\u00f3wnie\u017c przed wyjazdem za granic\u0119 z psem musisz upewni\u0107 si\u0119, \u017ce posiada on wszystkie wymagane szczepienia.<\/p>\n<h2><a href=\"https:\/\/bozita.com\/pl\/zycie-z-psem\/zdrowie-psa\/uwazaj-na-zatrucia-grzybami-w-lasach\/\">Uwa\u017caj na zatrucia grzybami<\/a><\/h2>\n<p>Wed\u0142ug szwedzkiego towarzystwa ubezpieczeniowego zwierz\u0105t Agria ka\u017cdego roku co najmniej 50 ps\u00f3w jest dotkni\u0119tych zatruciem grzybami. Objawy s\u0105 zazwyczaj \u0142agodne i kr\u00f3tkotrwa\u0142e, ale w niekt\u00f3rych przypadkach zatrucie mo\u017ce spowodowa\u0107 \u015bmier\u0107.<\/p>\n\t\t\t<\/div>\n\t\t<\/div>\n\t<\/div>\n\n\n<section class=\"block product-promos\">\n\t<div class=\"container\">\n\t\t<div class=\"row align-items-center\">\n\t\t\t<div class=\"col-md-5\">\n\t\t\t\t<div class=\"prdt__promos-heading\">\n\t\t\t\t\t<h3>\n\t\t\t\t\t\tDobra karma przez ca\u0142e \u017cycie\t\t\t\t\t<\/h3>\n\t\t\t\t\t\t\t\t\t<\/div>\n\t\t\t<\/div>\n\t\t\t<div class=\"col-md-7\">\n\t\t\t\t\t\t\t\t\t<div class=\"owl-carousel owl-theme product-promo-carousel\">\n\t\t\t\t\t\t\t\t\t\t\t\t\t<a href=\"https:\/\/bozita.com\/pl\/karma-dla-ps\u00f3w\/bozita-bez-dodatku-zboz-mother-and-puppy-elk\/\">\n\t\t\t\t\t\t\t\t<div class=\"blk__prdt-item\">\n\t\t\t\t\t\t\t\t\t<figure>\n\t\t\t\t\t\t\t\t\t\t<img loading=\"lazy\" decoding=\"async\" width=\"400\" height=\"400\" src=\"https:\/\/bozita.com\/pl\/wp-content\/uploads\/sites\/9\/2021\/08\/40423-bozita-grain-free-mother-puppy-elk.png\" class=\"attachment-post-thumbnail size-post-thumbnail wp-post-image\" alt=\"Prywatne: BOZITA BEZ DODATKU ZB\u00d3\u017b MOTHER &amp; PUPPY ELK\" srcset=\"https:\/\/bozita.com\/pl\/wp-content\/uploads\/sites\/9\/2021\/08\/40423-bozita-grain-free-mother-puppy-elk.png 400w, https:\/\/bozita.com\/pl\/wp-content\/uploads\/sites\/9\/2021\/08\/40423-bozita-grain-free-mother-puppy-elk-300x300.png 300w, https:\/\/bozita.com\/pl\/wp-content\/uploads\/sites\/9\/2021\/08\/40423-bozita-grain-free-mother-puppy-elk-150x150.png 150w\" sizes=\"(max-width: 400px) 100vw, 400px\" \/>\t\t\t\t\t\t\t\t\t\t\t\t\t\t\t\t\t\t\t<\/figure>\n\t\t\t\t\t\t\t\t\t<h4 class=\"carousel-title\"><\/h4>\n\t\t\t\t\t\t\t\t\t<span class=\"carousel-category\">Prywatne: BOZITA BEZ DODATKU ZB\u00d3\u017b MOTHER &amp; PUPPY ELK<\/span>\n\t\t\t\t\t\t\t\t\t  \n\t\t\t\t\t\t\t\t\t<ul class=\"category-list\">\n\t\t\t\t\t\t\t\t\t\t\t\t\t\t\t\t\t\t\t\t\t\t\t<li class=\"svg-image\">\n\t\t\t\t\t\t\t\t\t\t\t\t\t\t<img decoding=\"async\" src=\"https:\/\/bozita.com\/pl\/wp-content\/uploads\/sites\/9\/2021\/06\/icon-grain-free.svg\" \/>\n\t\t\t\t\t\t\t\t\t\t\t\t\t<\/li>\n\t\t\t\t\t\t\t\t\t\t\t\t\t\t\t\t\t\t\t\t\t\t\t\t\t\t\t\t\t\t\t\t\t\t\t\t<li class=\"svg-image\">\n\t\t\t\t\t\t\t\t\t\t\t\t\t\t<img decoding=\"async\" src=\"https:\/\/bozita.com\/pl\/wp-content\/uploads\/sites\/9\/2021\/06\/icon-flavour-chicken.svg\" \/>\n\t\t\t\t\t\t\t\t\t\t\t\t\t<\/li>\n\t\t\t\t\t\t\t\t\t\t\t\t\t\t\t\t\t\t\t\t\t\t\t\t\t\t<li class=\"svg-image\">\n\t\t\t\t\t\t\t\t\t\t\t\t\t\t<img decoding=\"async\" src=\"https:\/\/bozita.com\/pl\/wp-content\/uploads\/sites\/9\/2021\/06\/icon-flavour-elk.svg\" \/>\n\t\t\t\t\t\t\t\t\t\t\t\t\t<\/li>\n\t\t\t\t\t\t\t\t\t\t\t\t\t\t\t\t\t\t\t\t\t\t<\/ul>       \n\n\t\t\t\t\t\t\t\t<\/div>\n\t\t\t\t\t\t\t<\/a>\n\t\t\t\t\t\t\t\t\t\t\t\t\t\t\t\t\t\t\t\t<a href=\"https:\/\/bozita.com\/pl\/karma-dla-ps\u00f3w\/bozita-bez-dodatku-zboz-lamb\/\">\n\t\t\t\t\t\t\t\t<div class=\"blk__prdt-item\">\n\t\t\t\t\t\t\t\t\t<figure>\n\t\t\t\t\t\t\t\t\t\t<img loading=\"lazy\" decoding=\"async\" width=\"400\" height=\"400\" src=\"https:\/\/bozita.com\/pl\/wp-content\/uploads\/sites\/9\/2021\/08\/40612-bozita-grain-free-lamb.png\" class=\"attachment-post-thumbnail size-post-thumbnail wp-post-image\" alt=\"Prywatne: Bozita BEZ DODATKU ZB\u00d3\u017b LAMB\" srcset=\"https:\/\/bozita.com\/pl\/wp-content\/uploads\/sites\/9\/2021\/08\/40612-bozita-grain-free-lamb.png 400w, https:\/\/bozita.com\/pl\/wp-content\/uploads\/sites\/9\/2021\/08\/40612-bozita-grain-free-lamb-300x300.png 300w, https:\/\/bozita.com\/pl\/wp-content\/uploads\/sites\/9\/2021\/08\/40612-bozita-grain-free-lamb-150x150.png 150w\" sizes=\"(max-width: 400px) 100vw, 400px\" \/>\t\t\t\t\t\t\t\t\t\t\t\t\t\t\t\t\t\t\t<\/figure>\n\t\t\t\t\t\t\t\t\t<h4 class=\"carousel-title\"><\/h4>\n\t\t\t\t\t\t\t\t\t<span class=\"carousel-category\">Prywatne: Bozita BEZ DODATKU ZB\u00d3\u017b LAMB<\/span>\n\t\t\t\t\t\t\t\t\t  \n\t\t\t\t\t\t\t\t\t<ul class=\"category-list\">\n\t\t\t\t\t\t\t\t\t\t\t\t\t\t\t\t\t\t\t\t\t\t\t<li class=\"svg-image\">\n\t\t\t\t\t\t\t\t\t\t\t\t\t\t<img decoding=\"async\" src=\"https:\/\/bozita.com\/pl\/wp-content\/uploads\/sites\/9\/2021\/06\/icon-grain-free.svg\" \/>\n\t\t\t\t\t\t\t\t\t\t\t\t\t<\/li>\n\t\t\t\t\t\t\t\t\t\t\t\t\t\t\t\t\t\t\t\t\t\t\t\t\t\t\t\t\t\t\t\t\t\t\t\t<li class=\"svg-image\">\n\t\t\t\t\t\t\t\t\t\t\t\t\t\t<img decoding=\"async\" src=\"https:\/\/bozita.com\/pl\/wp-content\/uploads\/sites\/9\/2021\/06\/icon-flavour-lamb.svg\" \/>\n\t\t\t\t\t\t\t\t\t\t\t\t\t<\/li>\n\t\t\t\t\t\t\t\t\t\t\t\t\t\t\t\t\t\t\t\t\t\t<\/ul>       \n\n\t\t\t\t\t\t\t\t<\/div>\n\t\t\t\t\t\t\t<\/a>\n\t\t\t\t\t\t\t\t\t\t\t\t\t\t\t\t\t\t<\/div>\n\t\t\t\t\t\t\t<\/div>\n\t\t<\/div>\n\t<\/div>\n<\/section>\n<script>\njQuery(document).ready(function($) {\n\tjQuery('.product-promo-carousel').owlCarousel({\n\tloop: true,\n\tmargin: 10,\n\tresponsiveClass: true,\n\tresponsive: {\n\t\t0: {\n\t\titems: 1,\n\t\tnav: true\n\t\t},\n\t\t600: {\n\t\titems: 1,\n\t\tnav: true\n\t\t},\n\t\t1000: {\n\t\titems: 2,\n\t\tnav: true,\n\t\t}\n\t}\n\t})\n\tjQuery(\".owl-prev\").html('<span><<\/span>');\n\tjQuery(\".owl-next\").html('<span>><\/span>');\n\n\tvar slider = jQuery('.promo-slider-list');\n\tslider.owlCarousel();\n\tjQuery('.nextbtn-a').click(function() {\n\tslider.trigger('next.owl.carousel');\n\t})\n\t\/\/ Go to the previous item\n\tjQuery('.prebtn-a').click(function() {\n\tslider.trigger('prev.owl.carousel', [300]);\n\t})\n});\n<\/script>\n\n\n\n\t<section class=\"block explore-other-topics\">\n\t<div class=\"container\">\n\t\t<h2>Zapoznaj si\u0119 z innymi tematami<\/h2>\n\t\t<div class=\"row\">\n\t\t\t\t\t\t\t\t<div class=\"col-md-6 col-lg-3\">\n\t\t\t\t\t\t\t\t\t\t\t\t\t<h6>\u017bywienie i dieta<\/h6>\n\t\t\t\t\t\t\t\t\t\t\t\t\t<div class=\"card \">\n\t\t\t\t\t\t\t<img loading=\"lazy\" decoding=\"async\" width=\"800\" height=\"537\" src=\"https:\/\/bozita.com\/pl\/wp-content\/uploads\/sites\/9\/2021\/06\/bozita-nutrition-kost.jpg\" class=\"attachment-post-thumbnail size-post-thumbnail wp-post-image\" alt=\"\u017bycie z psem\" srcset=\"https:\/\/bozita.com\/pl\/wp-content\/uploads\/sites\/9\/2021\/06\/bozita-nutrition-kost.jpg 800w, https:\/\/bozita.com\/pl\/wp-content\/uploads\/sites\/9\/2021\/06\/bozita-nutrition-kost-300x201.jpg 300w, https:\/\/bozita.com\/pl\/wp-content\/uploads\/sites\/9\/2021\/06\/bozita-nutrition-kost-768x516.jpg 768w\" sizes=\"(max-width: 800px) 100vw, 800px\" \/>\n\t\t\t\t\t\t\t\t\t\t\t\t\t\t<div class=\"card-body\">\n\t\t\t\t\t\t\t\t\n\t\t\t\t\t\t\t\t\t\t\t\t\t\t\t\t\t<ul>\n\t\t\t\t\t\t\t\t\t\t\t\t\t\t\t\t\t\t\t\t\t<li><a href=\"https:\/\/bozita.com\/pl\/karma-dla-psow\/zywienie-i-dieta\/co-i-ile-powienien-jesc-pies\/\">Co jedz\u0105 psy? Ile powinien je\u015b\u0107 pies?<\/a><\/li>\n\t\t\t\t\t\t\t\t\t\t\t\t\t\t\t\t\t\t\t\t\t\t<li><a href=\"https:\/\/bozita.com\/pl\/karma-dla-psow\/zywienie-i-dieta\/czego-nie-moga-jesc-psy\/\">Czego nie mog\u0105 je\u015b\u0107 psy \u2013 niebezpieczne produkty<\/a><\/li>\n\t\t\t\t\t\t\t\t\t\t\t\t\t\t\t\t\t\t\t\t\t\t<li><a href=\"https:\/\/bozita.com\/pl\/karma-dla-psow\/zywienie-i-dieta\/pozbawiona-zboz-karma-dla-psa-wszystko-co-musisz-wiedziec\/\">Pozbawiona zb\u00f3\u017c karma dla psa<\/a><\/li>\n\t\t\t\t\t\t\t\t\t\t\t\t\t\t\t\t\t\t\t\t<\/ul>\n\t\t\t\t\t\t\t\t\t\t\t\t\t\t\t\t<a target=\"\" href=\"https:\/\/bozita.com\/pl\/karma-dla-psow\/zywienie-i-dieta\/\" class=\"btn btn-primary\">Wi\u0119cej artyku\u0142\u00f3w<\/a>\n\t\t\t\t\t\t\t<\/div>\n\t\t\t\t\t\t<\/div>\n\t\t\t\t\t<\/div>\n\t\t\t\t\t\t\t\t\t\t<div class=\"col-md-6 col-lg-3\">\n\t\t\t\t\t\t\t\t\t\t\t\t\t<h6>Aktywno\u015b\u0107 fizyczna<\/h6>\n\t\t\t\t\t\t\t\t\t\t\t\t\t<div class=\"card \">\n\t\t\t\t\t\t\t<img loading=\"lazy\" decoding=\"async\" width=\"800\" height=\"531\" src=\"https:\/\/bozita.com\/pl\/wp-content\/uploads\/sites\/9\/2021\/06\/bozita-aktivera-hund.jpg\" class=\"attachment-post-thumbnail size-post-thumbnail wp-post-image\" alt=\"Aktywno\u015b\u0107 fizyczna\" srcset=\"https:\/\/bozita.com\/pl\/wp-content\/uploads\/sites\/9\/2021\/06\/bozita-aktivera-hund.jpg 800w, https:\/\/bozita.com\/pl\/wp-content\/uploads\/sites\/9\/2021\/06\/bozita-aktivera-hund-300x199.jpg 300w, https:\/\/bozita.com\/pl\/wp-content\/uploads\/sites\/9\/2021\/06\/bozita-aktivera-hund-768x510.jpg 768w\" sizes=\"(max-width: 800px) 100vw, 800px\" \/>\n\t\t\t\t\t\t\t\t\t\t\t\t\t\t<div class=\"card-body\">\n\t\t\t\t\t\t\t\t\n\t\t\t\t\t\t\t\t\t\t\t\t\t\t\t\t\t<ul>\n\t\t\t\t\t\t\t\t\t\t\t\t\t\t\t\t\t\t\t\t\t<li><a href=\"https:\/\/bozita.com\/pl\/zycie-z-psem\/aktywnosc-fizyczna\/zachec-psa-do-aktywnosci-aby-poprawic-wspolne-relacje\/\">Aktywno\u015bci na umocnienie wi\u0119zi z Twoim psem<\/a><\/li>\n\t\t\t\t\t\t\t\t\t\t\t\t\t\t\t\t\t\t\t\t\t\t<li><a href=\"https:\/\/bozita.com\/pl\/zycie-z-psem\/aktywnosc-fizyczna\/szkolenie-rownowagi-z-astrid\/\">Szkolenie r\u00f3wnowagi z Astrid<\/a><\/li>\n\t\t\t\t\t\t\t\t\t\t\t\t\t\t\t\t\t\t\t\t<\/ul>\n\t\t\t\t\t\t\t\t\t\t\t\t\t\t\t\t<a target=\"\" href=\"https:\/\/bozita.com\/pl\/zycie-z-psem\/aktywnosc-fizyczna\/\" class=\"btn btn-primary\">Wi\u0119cej artyku\u0142\u00f3w<\/a>\n\t\t\t\t\t\t\t<\/div>\n\t\t\t\t\t\t<\/div>\n\t\t\t\t\t<\/div>\n\t\t\t\t\t\t\t\t\t\t<div class=\"col-md-6 col-lg-3\">\n\t\t\t\t\t\t\t\t\t\t\t\t\t<h6>Rozw\u00f3j psa<\/h6>\n\t\t\t\t\t\t\t\t\t\t\t\t\t<div class=\"card \">\n\t\t\t\t\t\t\t<img loading=\"lazy\" decoding=\"async\" width=\"800\" height=\"536\" src=\"https:\/\/bozita.com\/pl\/wp-content\/uploads\/sites\/9\/2021\/06\/bozita-hundens-utveckling.jpg\" class=\"attachment-post-thumbnail size-post-thumbnail wp-post-image\" alt=\"Rozw\u00f3j psa\" srcset=\"https:\/\/bozita.com\/pl\/wp-content\/uploads\/sites\/9\/2021\/06\/bozita-hundens-utveckling.jpg 800w, https:\/\/bozita.com\/pl\/wp-content\/uploads\/sites\/9\/2021\/06\/bozita-hundens-utveckling-300x201.jpg 300w, https:\/\/bozita.com\/pl\/wp-content\/uploads\/sites\/9\/2021\/06\/bozita-hundens-utveckling-768x515.jpg 768w\" sizes=\"(max-width: 800px) 100vw, 800px\" \/>\n\t\t\t\t\t\t\t\t\t\t\t\t\t\t<div class=\"card-body\">\n\t\t\t\t\t\t\t\t\n\t\t\t\t\t\t\t\t\t\t\t\t\t\t\t\t\t<ul>\n\t\t\t\t\t\t\t\t\t\t\t\t\t\t\t\t\t\t\t\t\t<li><a href=\"https:\/\/bozita.com\/pl\/zycie-z-psem\/rozwoj-psa\/rozwoj-psa-od-okresu-szczeniecego-do-doroslosci\/\">Rozw\u00f3j psa od okresu szczeni\u0119cego do doros\u0142o\u015bci<\/a><\/li>\n\t\t\t\t\t\t\t\t\t\t\t\t\t\t\t\t\t\t\t\t\t\t<li><a href=\"https:\/\/bozita.com\/pl\/zycie-z-psem\/rozwoj-psa\/nagly-strach-psa\/\">Czy tw\u00f3j pies nagle reaguje strachem?<\/a><\/li>\n\t\t\t\t\t\t\t\t\t\t\t\t\t\t\t\t\t\t\t\t\t\t<li><a href=\"https:\/\/bozita.com\/pl\/zycie-z-psem\/rozwoj-psa\/zostawianie-psa-samego-w-domu-jak-przyzwyczaic-do-tego-czworonoga\/\">Trening samotno\u015bci &#8211; zostawianie psa samego w domu<\/a><\/li>\n\t\t\t\t\t\t\t\t\t\t\t\t\t\t\t\t\t\t\t\t<\/ul>\n\t\t\t\t\t\t\t\t\t\t\t\t\t\t\t\t<a target=\"\" href=\"https:\/\/bozita.com\/pl\/zycie-z-psem\/rozwoj-psa\/\" class=\"btn btn-primary\">Wi\u0119cej artyku\u0142\u00f3w<\/a>\n\t\t\t\t\t\t\t<\/div>\n\t\t\t\t\t\t<\/div>\n\t\t\t\t\t<\/div>\n\t\t\t\t\t\t\t\t\t\t<div class=\"col-md-6 col-lg-3\">\n\t\t\t\t\t\t\t\t\t\t\t\t\t<h6>Przygotowywanie si\u0119 do kupna psa<\/h6>\n\t\t\t\t\t\t\t\t\t\t\t\t\t<div class=\"card \">\n\t\t\t\t\t\t\t<img loading=\"lazy\" decoding=\"async\" width=\"800\" height=\"532\" src=\"https:\/\/bozita.com\/pl\/wp-content\/uploads\/sites\/9\/2021\/06\/bozita-kopa-hund.jpg\" class=\"attachment-post-thumbnail size-post-thumbnail wp-post-image\" alt=\"\u017bycie z psem\" srcset=\"https:\/\/bozita.com\/pl\/wp-content\/uploads\/sites\/9\/2021\/06\/bozita-kopa-hund.jpg 800w, https:\/\/bozita.com\/pl\/wp-content\/uploads\/sites\/9\/2021\/06\/bozita-kopa-hund-300x200.jpg 300w, https:\/\/bozita.com\/pl\/wp-content\/uploads\/sites\/9\/2021\/06\/bozita-kopa-hund-768x511.jpg 768w\" sizes=\"(max-width: 800px) 100vw, 800px\" \/>\n\t\t\t\t\t\t\t\t\t\t\t\t\t\t<div class=\"card-body\">\n\t\t\t\t\t\t\t\t\n\t\t\t\t\t\t\t\t\t\t\t\t\t\t\t\t<a target=\"\" href=\"https:\/\/bozita.com\/pl\/zycie-z-psem\/buying-a-dog\/\" class=\"btn btn-primary\">Wi\u0119cej artyku\u0142\u00f3w<\/a>\n\t\t\t\t\t\t\t<\/div>\n\t\t\t\t\t\t<\/div>\n\t\t\t\t\t<\/div>\n\t\t\t\t\t\t\t<\/div>\n\t<\/div>\n<\/section>\n","protected":false},"excerpt":{"rendered":"","protected":false},"author":4,"featured_media":6810,"parent":6781,"menu_order":0,"comment_status":"closed","ping_status":"closed","template":"guternberg.php","meta":{"footnotes":""},"acf":[],"yoast_head":"<!-- This site is optimized with the Yoast SEO plugin v21.3 - https:\/\/yoast.com\/wordpress\/plugins\/seo\/ -->\n<title>Zdrowie psa | Bozita Polska<\/title>\n<meta name=\"description\" content=\"Jako w\u0142a\u015bciciel psa, zdrowie i dobre samopoczucie Twojego pupila jest bardzo wa\u017cne, aby m\u00f3g\u0142 prowadzi\u0107 d\u0142ugie, aktywne i pe\u0142ne \u017cycie.\" \/>\n<meta name=\"robots\" content=\"index, follow, max-snippet:-1, max-image-preview:large, max-video-preview:-1\" \/>\n<link rel=\"canonical\" href=\"https:\/\/bozita.com\/pl\/zycie-z-psem\/zdrowie-psa\/\" \/>\n<meta property=\"og:locale\" content=\"pl_PL\" \/>\n<meta property=\"og:type\" content=\"article\" \/>\n<meta property=\"og:title\" content=\"Zdrowie psa | Bozita Polska\" \/>\n<meta property=\"og:description\" content=\"Jako w\u0142a\u015bciciel psa, zdrowie i dobre samopoczucie Twojego pupila jest bardzo wa\u017cne, aby m\u00f3g\u0142 prowadzi\u0107 d\u0142ugie, aktywne i pe\u0142ne \u017cycie.\" \/>\n<meta property=\"og:url\" content=\"https:\/\/bozita.com\/pl\/zycie-z-psem\/zdrowie-psa\/\" \/>\n<meta property=\"og:site_name\" content=\"Bozita Polska\" \/>\n<meta property=\"article:modified_time\" content=\"2022-09-29T07:14:39+00:00\" \/>\n<meta property=\"og:image\" content=\"https:\/\/bozita.com\/pl\/wp-content\/uploads\/sites\/9\/2021\/06\/bozita-avmaska-hundvalp-hund.jpg\" \/>\n\t<meta property=\"og:image:width\" content=\"800\" \/>\n\t<meta property=\"og:image:height\" content=\"533\" \/>\n\t<meta property=\"og:image:type\" content=\"image\/jpeg\" \/>\n<meta name=\"twitter:card\" content=\"summary_large_image\" \/>\n<!-- \/ Yoast SEO plugin. -->","yoast_head_json":{"title":"Zdrowie psa | Bozita Polska","description":"Jako w\u0142a\u015bciciel psa, zdrowie i dobre samopoczucie Twojego pupila jest bardzo wa\u017cne, aby m\u00f3g\u0142 prowadzi\u0107 d\u0142ugie, aktywne i pe\u0142ne \u017cycie.","robots":{"index":"index","follow":"follow","max-snippet":"max-snippet:-1","max-image-preview":"max-image-preview:large","max-video-preview":"max-video-preview:-1"},"canonical":"https:\/\/bozita.com\/pl\/zycie-z-psem\/zdrowie-psa\/","og_locale":"pl_PL","og_type":"article","og_title":"Zdrowie psa | Bozita Polska","og_description":"Jako w\u0142a\u015bciciel psa, zdrowie i dobre samopoczucie Twojego pupila jest bardzo wa\u017cne, aby m\u00f3g\u0142 prowadzi\u0107 d\u0142ugie, aktywne i pe\u0142ne \u017cycie.","og_url":"https:\/\/bozita.com\/pl\/zycie-z-psem\/zdrowie-psa\/","og_site_name":"Bozita Polska","article_modified_time":"2022-09-29T07:14:39+00:00","og_image":[{"width":800,"height":533,"url":"https:\/\/bozita.com\/pl\/wp-content\/uploads\/sites\/9\/2021\/06\/bozita-avmaska-hundvalp-hund.jpg","type":"image\/jpeg"}],"twitter_card":"summary_large_image","schema":{"@context":"https:\/\/schema.org","@graph":[{"@type":"WebPage","@id":"https:\/\/bozita.com\/pl\/zycie-z-psem\/zdrowie-psa\/","url":"https:\/\/bozita.com\/pl\/zycie-z-psem\/zdrowie-psa\/","name":"Zdrowie psa | Bozita Polska","isPartOf":{"@id":"https:\/\/bozita.com\/pl\/#website"},"datePublished":"2021-08-11T17:31:48+00:00","dateModified":"2022-09-29T07:14:39+00:00","description":"Jako w\u0142a\u015bciciel psa, zdrowie i dobre samopoczucie Twojego pupila jest bardzo wa\u017cne, aby m\u00f3g\u0142 prowadzi\u0107 d\u0142ugie, aktywne i pe\u0142ne \u017cycie.","breadcrumb":{"@id":"https:\/\/bozita.com\/pl\/zycie-z-psem\/zdrowie-psa\/#breadcrumb"},"inLanguage":"pl-PL","potentialAction":[{"@type":"ReadAction","target":["https:\/\/bozita.com\/pl\/zycie-z-psem\/zdrowie-psa\/"]}]},{"@type":"BreadcrumbList","@id":"https:\/\/bozita.com\/pl\/zycie-z-psem\/zdrowie-psa\/#breadcrumb","itemListElement":[{"@type":"ListItem","position":1,"name":"Home","item":"https:\/\/bozita.com\/pl\/"},{"@type":"ListItem","position":2,"name":"\u017bycie z psem","item":"https:\/\/bozita.com\/pl\/zycie-z-psem\/"},{"@type":"ListItem","position":3,"name":"Zdrowie psa"}]},{"@type":"WebSite","@id":"https:\/\/bozita.com\/pl\/#website","url":"https:\/\/bozita.com\/pl\/","name":"Bozita Polska","description":"","potentialAction":[{"@type":"SearchAction","target":{"@type":"EntryPoint","urlTemplate":"https:\/\/bozita.com\/pl\/?s={search_term_string}"},"query-input":"required name=search_term_string"}],"inLanguage":"pl-PL"}]}},"_links":{"self":[{"href":"https:\/\/bozita.com\/pl\/wp-json\/wp\/v2\/pages\/6808"}],"collection":[{"href":"https:\/\/bozita.com\/pl\/wp-json\/wp\/v2\/pages"}],"about":[{"href":"https:\/\/bozita.com\/pl\/wp-json\/wp\/v2\/types\/page"}],"author":[{"embeddable":true,"href":"https:\/\/bozita.com\/pl\/wp-json\/wp\/v2\/users\/4"}],"replies":[{"embeddable":true,"href":"https:\/\/bozita.com\/pl\/wp-json\/wp\/v2\/comments?post=6808"}],"version-history":[{"count":11,"href":"https:\/\/bozita.com\/pl\/wp-json\/wp\/v2\/pages\/6808\/revisions"}],"predecessor-version":[{"id":9534,"href":"https:\/\/bozita.com\/pl\/wp-json\/wp\/v2\/pages\/6808\/revisions\/9534"}],"up":[{"embeddable":true,"href":"https:\/\/bozita.com\/pl\/wp-json\/wp\/v2\/pages\/6781"}],"wp:featuredmedia":[{"embeddable":true,"href":"https:\/\/bozita.com\/pl\/wp-json\/wp\/v2\/media\/6810"}],"wp:attachment":[{"href":"https:\/\/bozita.com\/pl\/wp-json\/wp\/v2\/media?parent=6808"}],"curies":[{"name":"wp","href":"https:\/\/api.w.org\/{rel}","templated":true}]}}