{"id":6814,"date":"2021-08-11T17:31:12","date_gmt":"2021-08-11T17:31:12","guid":{"rendered":"https:\/\/bozita.com\/pl\/zycie-z-kotem\/zdrowie-kota\/"},"modified":"2022-09-29T07:04:05","modified_gmt":"2022-09-29T07:04:05","slug":"zdrowie-kota","status":"publish","type":"page","link":"https:\/\/bozita.com\/pl\/zycie-z-kotem\/zdrowie-kota\/","title":{"rendered":"Zdrowie kota i jego piel\u0119gnacja"},"content":{"rendered":"\n\t\t<section class=\"small-hero-with-image\">\n\t\t\t\t\t\t\t<img decoding=\"async\" class=\"background-image\" src=\"https:\/\/bozita.com\/pl\/wp-content\/uploads\/sites\/9\/2021\/08\/bozita-katt-halsa-3-2.jpg\" alt=\"\">\n\t\t\t\t\t\t\t<div class=\"overlay-v1 overlay-bg\">\n\t\t\t\t<div class=\"container\">\n\t\t\t\t\t<div class=\"row\">\n\t\t\t\t\t\t<div class=\"col-md-6 col-lg-5\">\n\t\t\t\t\t\t\t<h5>Wiedza<\/h5><h1>Zdrowie kota<\/h1><p><p>Ka\u017cdy w\u0142a\u015bciciel kota pragnie jak najlepiej zadba\u0107 o zdrowie swojego zwierzaka. Cho\u0107 kotyr\u00f3\u017cni\u0105 si\u0119 mi\u0119dzy sob\u0105 pod wieloma wzgl\u0119dami, ka\u017cdy z nich potrzebuje mi\u0142o\u015bci i odpowiedniej piel\u0119gnacji.<\/p>\n<\/p>\t\t\t\t\t\t<\/div>\n\t\t\t\t\t<\/div>\n\t\t\t\t<\/div>\n\t\t\t<\/div>\n\t\t<\/section>\n\t\t\n\n\t<div class=\"text-box-warp\">\n\t\t<div class=\"container\">\n\t\t\t<div class=\"text-content\">\n\t\t\t\t<p>Najwa\u017cniejsze sprawy, o jakie musisz zadba\u0107 jako w\u0142a\u015bciciel, to szczepienia, kastracja b\u0105d\u017a sterylizacja oraz w\u0142a\u015bciwa dieta kota. W ten spos\u00f3b zapewnisz mu najwi\u0119ksze szanse na d\u0142ugie i aktywne \u017cycie.<\/p>\n<h2><a href=\"https:\/\/bozita.com\/pl\/zycie-z-kotem\/zdrowie-kota\/bezpieczne-swieta-dla-kota\/\">Bezpieczne \u015bwi\u0119ta dla kota<\/a><\/h2>\n<p>\u015awi\u0119ta Bo\u017cego Narodzenia ju\u017c tu\u017c tu\u017c i chocia\u017c jest to czas pe\u0142en domowego ciep\u0142a i rado\u015bci, dekoracji i \u015bwiate\u0142, wi\u0105\u017ce si\u0119 to r\u00f3wnie\u017c z wieloma zagro\u017ceniami dla Twojego kota. Zebrali\u015bmy niekt\u00f3re z najcz\u0119stszych zagro\u017ce\u0144 zwi\u0105zanych z Bo\u017cym Narodzeniem i mo\u017cliwych rozwi\u0105za\u0144 &#8211; wszystko po to, aby upewni\u0107 si\u0119, \u017ce masz najlepsze warunki do przytulnego \u015bwi\u0105tecznego wypoczynku z kotem. Bozita \u017cyczy wszystkim Weso\u0142ych \u015awi\u0105t!<\/p>\n<h2><a href=\"https:\/\/bozita.com\/pl\/zycie-z-kotem\/zdrowie-kota\/ile-powinien-wazyc-kot\/\">Czy tw\u00f3j kot ma odpowiedni\u0105 tkank\u0119 t\u0142uszczow\u0105? Przewodnik Bozita mo\u017ce ci pom\u00f3c.<\/a><\/h2>\n<p>Bardzo wa\u017cne jest, aby tw\u00f3j kot dla dobrego samopoczucia mia\u0142 odpowiedni\u0105 tkank\u0119 t\u0142uszczow\u0105. Przewodnik Bozita pomo\u017ce w okre\u015bleniu, czy Tw\u00f3j kot ma idealn\u0105 tkank\u0119 t\u0142uszczow\u0105 do aktywnego \u017cycia i dobrego zdrowia.<\/p>\n<h2><a href=\"https:\/\/bozita.com\/pl\/zycie-z-kotem\/zdrowie-kota\/co-robic-gdy-kot-wypluwa-kulki-siersci\/\">Co robi\u0107, gdy kot wypluwa kulki sier\u015bci?<\/a><\/h2>\n<p>Gdy kot si\u0119 myje, lu\u017ana sier\u015b\u0107 dostaje si\u0119 do \u017co\u0142\u0105dka, w kt\u00f3rym formuj\u0105 si\u0119 kulki. Kot usi\u0142uje wtedy zwr\u00f3ci\u0107 po\u0142kni\u0119t\u0105 sier\u015b\u0107. Je\u015bli mu si\u0119 to nie uda, k\u0142aczki musz\u0105 przedosta\u0107 si\u0119 przez ca\u0142y uk\u0142ad pokarmowy. Stosuj\u0105c odpowiedni\u0105 piel\u0119gnacj\u0119 i diet\u0119 bogat\u0105 w b\u0142onnik, zmniejszysz ryzyko wyst\u0105pienia ewentualnych problem\u00f3w spowodowanych przez kulki sier\u015bci.<\/p>\n<h2><a href=\"https:\/\/bozita.com\/pl\/zycie-z-kotem\/zdrowie-kota\/odrobaczanie-kota-wszystko-co-musisz-wiedziec\/\">Odrobaczanie kota \u2013 wszystko, co musisz wiedzie\u0107<\/a><\/h2>\n<p>Cz\u0119stotliwo\u015b\u0107 odrobaczania kota powinna zale\u017ce\u0107 od jego wieku i od tego, czy jest to kot domowy czy wychodz\u0105cy. Zaleca si\u0119, aby odrobaczanie kota przeprowadza\u0107 tylko, je\u015bli wykazuje on objawy obecno\u015bci paso\u017cyt\u00f3w. Najcz\u0119\u015bciej pojawiaj\u0105ce si\u0119 u kot\u00f3w paso\u017cyty to glisty i tasiemce.<\/p>\n<h2><a href=\"https:\/\/bozita.com\/pl\/zycie-z-kotem\/zdrowie-kota\/obcinanie-pazurow-u-kota-jak-czesto-nalezy-to-robic\/\">Obcinanie pazur\u00f3w u kota \u2013 jak cz\u0119sto nale\u017cy to robi\u0107?<\/a><\/h2>\n<p>Obcinanie pazur\u00f3w u kota wymaga odwagi, szczeg\u00f3lnie na pocz\u0105tku, kiedy kot jeszcze si\u0119 do tego nie przyzwyczai\u0142. To, jak cz\u0119sto trzeba obcina\u0107 pazury zale\u017cy od stylu \u017cycia kota. Kot domowy b\u0119dzie potrzebowa\u0142 dok\u0142adniejszej piel\u0119gnacji ni\u017c kot wychodz\u0105cy, kt\u00f3ry \u015bciera pazury w naturalny spos\u00f3b, gdy przebywa na dworze.<\/p>\n<h2><a href=\"https:\/\/bozita.com\/pl\/zycie-z-kotem\/zdrowie-kota\/kastracja-kota-dlaczego-jest-tak-istotna\/\">Kastracja kota \u2013 dlaczego jest tak istotna?<\/a><\/h2>\n<p>W\u0142a\u015bciciele kot\u00f3w \u017cyj\u0105cych na wolno\u015bci maj\u0105 obowi\u0105zek zapobiec ich nieplanowanemu, niechcianemu lub nadmiernemu rozmna\u017caniu si\u0119. Niekontrolowane rozmna\u017canie si\u0119 kot\u00f3w mo\u017cna kontrolowa\u0107 za pomoc\u0105 kastracji, sterylizacji lub innych metod. Je\u017celi nie zamierzasz prowadzi\u0107 hodowli, kastracja kota mo\u017ce przynie\u015b\u0107 wiele korzy\u015bci \u2013 zar\u00f3wno w przypadku kocur\u00f3w, jak i kotek.<\/p>\n<h2><a href=\"https:\/\/bozita.com\/pl\/zycie-z-kotem\/zdrowie-kota\/obcinanie-pazurow-u-kota-jak-czesto-nalezy-to-robic\/\">Szczepienie kota<\/a><\/h2>\n<p>Szczepienie jest wa\u017cne zar\u00f3wno dla dobra Twojego zwierzaka, jak i innych kot\u00f3w. Szczepi\u0105c kota zmniejszasz ryzyko rozprzestrzenienia si\u0119 pospolitych chor\u00f3b takich jak panleukopenia czy kocia grypa.<\/p>\n\t\t\t<\/div>\n\t\t<\/div>\n\t<\/div>\n\n\n\n\t<section class=\"block explore-other-topics\">\n\t<div class=\"container\">\n\t\t<h2>Zapoznaj si\u0119 z innymi tematami<\/h2>\n\t\t<div class=\"row\">\n\t\t\t\t\t\t\t\t<div class=\"col-md-6 col-lg-3\">\n\t\t\t\t\t\t\t\t\t\t\t\t\t<h6>\u017bywienie kota i Dieta dla kota<\/h6>\n\t\t\t\t\t\t\t\t\t\t\t\t\t<div class=\"card \">\n\t\t\t\t\t\t\t<img loading=\"lazy\" decoding=\"async\" width=\"800\" height=\"533\" src=\"https:\/\/bozita.com\/pl\/wp-content\/uploads\/sites\/9\/2021\/06\/bozita-nutrition-kost-katt.jpg\" class=\"attachment-post-thumbnail size-post-thumbnail wp-post-image\" alt=\"\u017bywienie kota i Dieta dla kota\" srcset=\"https:\/\/bozita.com\/pl\/wp-content\/uploads\/sites\/9\/2021\/06\/bozita-nutrition-kost-katt.jpg 800w, https:\/\/bozita.com\/pl\/wp-content\/uploads\/sites\/9\/2021\/06\/bozita-nutrition-kost-katt-300x200.jpg 300w, https:\/\/bozita.com\/pl\/wp-content\/uploads\/sites\/9\/2021\/06\/bozita-nutrition-kost-katt-768x512.jpg 768w\" sizes=\"(max-width: 800px) 100vw, 800px\" \/>\n\t\t\t\t\t\t\t\t\t\t\t\t\t\t<div class=\"card-body\">\n\t\t\t\t\t\t\t\t\n\t\t\t\t\t\t\t\t\t\t\t\t\t\t\t\t\t<ul>\n\t\t\t\t\t\t\t\t\t\t\t\t\t\t\t\t\t\t\t\t\t<li><a href=\"https:\/\/bozita.com\/pl\/karma-dla-kotow\/zywienie-i-dieta\/co-robic-gdy-kot-nie-chce-jesc-lub-pic\/\">Co robi\u0107, gdy kot nie chce je\u015b\u0107 lub pi\u0107?<\/a><\/li>\n\t\t\t\t\t\t\t\t\t\t\t\t\t\t\t\t\t\t\t\t\t\t<li><a href=\"https:\/\/bozita.com\/pl\/karma-dla-kotow\/zywienie-i-dieta\/co-jedza-koty-i-czym-karmic-kota\/\">Co jedz\u0105 koty i ile karmy powinny otrzymywa\u0107?<\/a><\/li>\n\t\t\t\t\t\t\t\t\t\t\t\t\t\t\t\t\t\t\t\t\t\t<li><a href=\"https:\/\/bozita.com\/pl\/karma-dla-kotow\/zywienie-i-dieta\/zmiana-karmy-u-kota-jak-ja-przeprowadzic\/\">Zmiana karmy u kota &#8211; jak j\u0105 przeprowadzi\u0107?<\/a><\/li>\n\t\t\t\t\t\t\t\t\t\t\t\t\t\t\t\t\t\t\t\t<\/ul>\n\t\t\t\t\t\t\t\t\t\t\t\t\t\t\t\t<a target=\"\" href=\"https:\/\/bozita.com\/pl\/karma-dla-kotow\/zywienie-i-dieta\/\" class=\"btn btn-primary\">Wi\u0119cej artyku\u0142\u00f3w<\/a>\n\t\t\t\t\t\t\t<\/div>\n\t\t\t\t\t\t<\/div>\n\t\t\t\t\t<\/div>\n\t\t\t\t\t\t\t\t\t\t<div class=\"col-md-6 col-lg-3\">\n\t\t\t\t\t\t\t\t\t\t\t\t\t<h6>Zabawy dla kota<\/h6>\n\t\t\t\t\t\t\t\t\t\t\t\t\t<div class=\"card \">\n\t\t\t\t\t\t\t<img loading=\"lazy\" decoding=\"async\" width=\"1600\" height=\"578\" src=\"https:\/\/bozita.com\/pl\/wp-content\/uploads\/sites\/9\/2021\/06\/bozita-aktivera-katt.jpg\" class=\"attachment-post-thumbnail size-post-thumbnail wp-post-image\" alt=\"Kupno kota i \u017cycie z nim. Porady dla pocz\u0105tkuj\u0105cych\" srcset=\"https:\/\/bozita.com\/pl\/wp-content\/uploads\/sites\/9\/2021\/06\/bozita-aktivera-katt.jpg 1600w, https:\/\/bozita.com\/pl\/wp-content\/uploads\/sites\/9\/2021\/06\/bozita-aktivera-katt-300x108.jpg 300w, https:\/\/bozita.com\/pl\/wp-content\/uploads\/sites\/9\/2021\/06\/bozita-aktivera-katt-1024x370.jpg 1024w, https:\/\/bozita.com\/pl\/wp-content\/uploads\/sites\/9\/2021\/06\/bozita-aktivera-katt-768x277.jpg 768w, https:\/\/bozita.com\/pl\/wp-content\/uploads\/sites\/9\/2021\/06\/bozita-aktivera-katt-1536x555.jpg 1536w\" sizes=\"(max-width: 1600px) 100vw, 1600px\" \/>\n\t\t\t\t\t\t\t\t\t\t\t\t\t\t<div class=\"card-body\">\n\t\t\t\t\t\t\t\t\n\t\t\t\t\t\t\t\t\t\t\t\t\t\t\t\t\t<ul>\n\t\t\t\t\t\t\t\t\t\t\t\t\t\t\t\t\t\t\t\t\t<li><a href=\"https:\/\/bozita.com\/pl\/zycie-z-kotem\/zabawy-dla-kota\/zabawy-dla-kota\/\">Zabawy dla kota idealnym sposobem jego aktywizacji<\/a><\/li>\n\t\t\t\t\t\t\t\t\t\t\t\t\t\t\t\t\t\t\t\t<\/ul>\n\t\t\t\t\t\t\t\t\t\t\t\t\t\t\t\t<a target=\"\" href=\"https:\/\/bozita.com\/pl\/zycie-z-kotem\/zabawy-dla-kota\/\" class=\"btn btn-primary\">Wi\u0119cej artyku\u0142\u00f3w<\/a>\n\t\t\t\t\t\t\t<\/div>\n\t\t\t\t\t\t<\/div>\n\t\t\t\t\t<\/div>\n\t\t\t\t\t\t\t\t\t\t<div class=\"col-md-6 col-lg-3\">\n\t\t\t\t\t\t\t\t\t\t\t\t\t<h6>Poznaj etapy rozwoju kota i zosta\u0144 dobrym opiekunem<\/h6>\n\t\t\t\t\t\t\t\t\t\t\t\t\t<div class=\"card \">\n\t\t\t\t\t\t\t<img loading=\"lazy\" decoding=\"async\" width=\"1600\" height=\"578\" src=\"https:\/\/bozita.com\/pl\/wp-content\/uploads\/sites\/9\/2021\/06\/bozita-katt-utveckling-2.jpg\" class=\"attachment-post-thumbnail size-post-thumbnail wp-post-image\" alt=\"Poznaj etapy rozwoju kota i zosta\u0144 dobrym opiekunem\" srcset=\"https:\/\/bozita.com\/pl\/wp-content\/uploads\/sites\/9\/2021\/06\/bozita-katt-utveckling-2.jpg 1600w, https:\/\/bozita.com\/pl\/wp-content\/uploads\/sites\/9\/2021\/06\/bozita-katt-utveckling-2-300x108.jpg 300w, https:\/\/bozita.com\/pl\/wp-content\/uploads\/sites\/9\/2021\/06\/bozita-katt-utveckling-2-1024x370.jpg 1024w, https:\/\/bozita.com\/pl\/wp-content\/uploads\/sites\/9\/2021\/06\/bozita-katt-utveckling-2-768x277.jpg 768w, https:\/\/bozita.com\/pl\/wp-content\/uploads\/sites\/9\/2021\/06\/bozita-katt-utveckling-2-1536x555.jpg 1536w\" sizes=\"(max-width: 1600px) 100vw, 1600px\" \/>\n\t\t\t\t\t\t\t\t\t\t\t\t\t\t<div class=\"card-body\">\n\t\t\t\t\t\t\t\t\n\t\t\t\t\t\t\t\t\t\t\t\t\t\t\t\t\t<ul>\n\t\t\t\t\t\t\t\t\t\t\t\t\t\t\t\t\t\t\t\t\t<li><a href=\"https:\/\/bozita.com\/pl\/zycie-z-kotem\/rozwoj-kotow\/kocieta-rozwoj-i-socjalizacja\/\">Rozw\u00f3j koci\u0105t &#8211; pierwsze chwile kota w domu<\/a><\/li>\n\t\t\t\t\t\t\t\t\t\t\t\t\t\t\t\t\t\t\t\t\t\t<li><a href=\"https:\/\/bozita.com\/pl\/zycie-z-kotem\/rozwoj-kotow\/koty-i-sen-ile-snu-potrzebuje-kot\/\">Koty i sen &#8211; ile snu potrzebuje kot?<\/a><\/li>\n\t\t\t\t\t\t\t\t\t\t\t\t\t\t\t\t\t\t\t\t\t\t<li><a href=\"https:\/\/bozita.com\/pl\/zycie-z-kotem\/rozwoj-kotow\/jak-zapoznac-kota-z-psem-w-trzech-prostych-krokach\/\">Zapoznanie kota z psem &#8211; poradnik<\/a><\/li>\n\t\t\t\t\t\t\t\t\t\t\t\t\t\t\t\t\t\t\t\t<\/ul>\n\t\t\t\t\t\t\t\t\t\t\t\t\t\t\t\t<a target=\"\" href=\"https:\/\/bozita.com\/pl\/zycie-z-kotem\/rozwoj-kotow\/\" class=\"btn btn-primary\">Wi\u0119cej artyku\u0142\u00f3w<\/a>\n\t\t\t\t\t\t\t<\/div>\n\t\t\t\t\t\t<\/div>\n\t\t\t\t\t<\/div>\n\t\t\t\t\t\t\t\t\t\t<div class=\"col-md-6 col-lg-3\">\n\t\t\t\t\t\t\t\t\t\t\t\t\t<h6>Adopcja lub kupno kota &#8211; co wzi\u0105\u0107 pod uwag\u0119<\/h6>\n\t\t\t\t\t\t\t\t\t\t\t\t\t<div class=\"card \">\n\t\t\t\t\t\t\t<img loading=\"lazy\" decoding=\"async\" width=\"600\" height=\"401\" src=\"https:\/\/bozita.com\/pl\/wp-content\/uploads\/sites\/9\/2021\/08\/Bozita_Kitten_lax_optimized-new.png\" class=\"attachment-post-thumbnail size-post-thumbnail wp-post-image\" alt=\"Adopcja lub kupno kota &#8211; co wzi\u0105\u0107 pod uwag\u0119\" srcset=\"https:\/\/bozita.com\/pl\/wp-content\/uploads\/sites\/9\/2021\/08\/Bozita_Kitten_lax_optimized-new.png 600w, https:\/\/bozita.com\/pl\/wp-content\/uploads\/sites\/9\/2021\/08\/Bozita_Kitten_lax_optimized-new-300x201.png 300w\" sizes=\"(max-width: 600px) 100vw, 600px\" \/>\n\t\t\t\t\t\t\t\t\t\t\t\t\t\t<div class=\"card-body\">\n\t\t\t\t\t\t\t\t\n\t\t\t\t\t\t\t\t\t\t\t\t\t\t\t\t\t<ul>\n\t\t\t\t\t\t\t\t\t\t\t\t\t\t\t\t\t\t\t\t\t<li><a href=\"https:\/\/bozita.com\/pl\/zycie-z-kotem\/kupno-kota\/czipowanie-kota-i-rejestracja-czipa\/\">Czipowanie kota i rejestracja czipa<\/a><\/li>\n\t\t\t\t\t\t\t\t\t\t\t\t\t\t\t\t\t\t\t\t\t\t<li><a href=\"https:\/\/bozita.com\/pl\/zycie-z-kotem\/kupno-kota\/na-jak-dlugo-mozna-zostawic-kota-samego-w-domu\/\">Na jak d\u0142ugo mo\u017cna zostawi\u0107 kota samego w domu?<\/a><\/li>\n\t\t\t\t\t\t\t\t\t\t\t\t\t\t\t\t\t\t\t\t\t\t<li><a href=\"https:\/\/bozita.com\/pl\/zycie-z-kotem\/kupno-kota\/kot-wychodzacy-kiedy-mozna-zaczac-wypuszczanie-kota-na-dwor\/\">Kot wychodz\u0105cy, naucz kota wychodzi\u0107 z domu<\/a><\/li>\n\t\t\t\t\t\t\t\t\t\t\t\t\t\t\t\t\t\t\t\t<\/ul>\n\t\t\t\t\t\t\t\t\t\t\t\t\t\t\t\t<a target=\"\" href=\"https:\/\/bozita.com\/pl\/zycie-z-kotem\/kupno-kota\/\" class=\"btn btn-primary\">Wi\u0119cej artyku\u0142\u00f3w<\/a>\n\t\t\t\t\t\t\t<\/div>\n\t\t\t\t\t\t<\/div>\n\t\t\t\t\t<\/div>\n\t\t\t\t\t\t\t<\/div>\n\t<\/div>\n<\/section>\n","protected":false},"excerpt":{"rendered":"","protected":false},"author":4,"featured_media":6816,"parent":6728,"menu_order":0,"comment_status":"closed","ping_status":"closed","template":"guternberg.php","meta":{"footnotes":""},"acf":[],"yoast_head":"<!-- This site is optimized with the Yoast SEO plugin v21.3 - https:\/\/yoast.com\/wordpress\/plugins\/seo\/ -->\n<title>Zdrowie kota i jego piel\u0119gnacja | Bozita Polska<\/title>\n<meta name=\"description\" content=\"Poradnik dotycz\u0105cy opieki nad kotem i zdrowia kota: szczepienia, kastracja i sterylizacja, prawid\u0142owa waga, piel\u0119gnacja sier\u015bci i bezpiecze\u0144stwo.\" \/>\n<meta name=\"robots\" content=\"index, follow, max-snippet:-1, max-image-preview:large, max-video-preview:-1\" \/>\n<link rel=\"canonical\" href=\"https:\/\/bozita.com\/pl\/zycie-z-kotem\/zdrowie-kota\/\" \/>\n<meta property=\"og:locale\" content=\"pl_PL\" \/>\n<meta property=\"og:type\" content=\"article\" \/>\n<meta property=\"og:title\" content=\"Zdrowie kota i jego piel\u0119gnacja | Bozita Polska\" \/>\n<meta property=\"og:description\" content=\"Poradnik dotycz\u0105cy opieki nad kotem i zdrowia kota: szczepienia, kastracja i sterylizacja, prawid\u0142owa waga, piel\u0119gnacja sier\u015bci i bezpiecze\u0144stwo.\" \/>\n<meta property=\"og:url\" content=\"https:\/\/bozita.com\/pl\/zycie-z-kotem\/zdrowie-kota\/\" \/>\n<meta property=\"og:site_name\" content=\"Bozita Polska\" \/>\n<meta property=\"article:modified_time\" content=\"2022-09-29T07:04:05+00:00\" \/>\n<meta property=\"og:image\" content=\"https:\/\/bozita.com\/pl\/wp-content\/uploads\/sites\/9\/2021\/06\/bozita-katt-halsa.jpg\" \/>\n\t<meta property=\"og:image:width\" content=\"800\" \/>\n\t<meta property=\"og:image:height\" content=\"533\" \/>\n\t<meta property=\"og:image:type\" content=\"image\/jpeg\" \/>\n<meta name=\"twitter:card\" content=\"summary_large_image\" \/>\n<!-- \/ Yoast SEO plugin. -->","yoast_head_json":{"title":"Zdrowie kota i jego piel\u0119gnacja | Bozita Polska","description":"Poradnik dotycz\u0105cy opieki nad kotem i zdrowia kota: szczepienia, kastracja i sterylizacja, prawid\u0142owa waga, piel\u0119gnacja sier\u015bci i bezpiecze\u0144stwo.","robots":{"index":"index","follow":"follow","max-snippet":"max-snippet:-1","max-image-preview":"max-image-preview:large","max-video-preview":"max-video-preview:-1"},"canonical":"https:\/\/bozita.com\/pl\/zycie-z-kotem\/zdrowie-kota\/","og_locale":"pl_PL","og_type":"article","og_title":"Zdrowie kota i jego piel\u0119gnacja | Bozita Polska","og_description":"Poradnik dotycz\u0105cy opieki nad kotem i zdrowia kota: szczepienia, kastracja i sterylizacja, prawid\u0142owa waga, piel\u0119gnacja sier\u015bci i bezpiecze\u0144stwo.","og_url":"https:\/\/bozita.com\/pl\/zycie-z-kotem\/zdrowie-kota\/","og_site_name":"Bozita Polska","article_modified_time":"2022-09-29T07:04:05+00:00","og_image":[{"width":800,"height":533,"url":"https:\/\/bozita.com\/pl\/wp-content\/uploads\/sites\/9\/2021\/06\/bozita-katt-halsa.jpg","type":"image\/jpeg"}],"twitter_card":"summary_large_image","schema":{"@context":"https:\/\/schema.org","@graph":[{"@type":"WebPage","@id":"https:\/\/bozita.com\/pl\/zycie-z-kotem\/zdrowie-kota\/","url":"https:\/\/bozita.com\/pl\/zycie-z-kotem\/zdrowie-kota\/","name":"Zdrowie kota i jego piel\u0119gnacja | Bozita Polska","isPartOf":{"@id":"https:\/\/bozita.com\/pl\/#website"},"datePublished":"2021-08-11T17:31:12+00:00","dateModified":"2022-09-29T07:04:05+00:00","description":"Poradnik dotycz\u0105cy opieki nad kotem i zdrowia kota: szczepienia, kastracja i sterylizacja, prawid\u0142owa waga, piel\u0119gnacja sier\u015bci i bezpiecze\u0144stwo.","breadcrumb":{"@id":"https:\/\/bozita.com\/pl\/zycie-z-kotem\/zdrowie-kota\/#breadcrumb"},"inLanguage":"pl-PL","potentialAction":[{"@type":"ReadAction","target":["https:\/\/bozita.com\/pl\/zycie-z-kotem\/zdrowie-kota\/"]}]},{"@type":"BreadcrumbList","@id":"https:\/\/bozita.com\/pl\/zycie-z-kotem\/zdrowie-kota\/#breadcrumb","itemListElement":[{"@type":"ListItem","position":1,"name":"Home","item":"https:\/\/bozita.com\/pl\/"},{"@type":"ListItem","position":2,"name":"Kupno kota i \u017cycie z nim. Porady dla pocz\u0105tkuj\u0105cych","item":"https:\/\/bozita.com\/pl\/zycie-z-kotem\/"},{"@type":"ListItem","position":3,"name":"Zdrowie kota i jego piel\u0119gnacja"}]},{"@type":"WebSite","@id":"https:\/\/bozita.com\/pl\/#website","url":"https:\/\/bozita.com\/pl\/","name":"Bozita Polska","description":"","potentialAction":[{"@type":"SearchAction","target":{"@type":"EntryPoint","urlTemplate":"https:\/\/bozita.com\/pl\/?s={search_term_string}"},"query-input":"required name=search_term_string"}],"inLanguage":"pl-PL"}]}},"_links":{"self":[{"href":"https:\/\/bozita.com\/pl\/wp-json\/wp\/v2\/pages\/6814"}],"collection":[{"href":"https:\/\/bozita.com\/pl\/wp-json\/wp\/v2\/pages"}],"about":[{"href":"https:\/\/bozita.com\/pl\/wp-json\/wp\/v2\/types\/page"}],"author":[{"embeddable":true,"href":"https:\/\/bozita.com\/pl\/wp-json\/wp\/v2\/users\/4"}],"replies":[{"embeddable":true,"href":"https:\/\/bozita.com\/pl\/wp-json\/wp\/v2\/comments?post=6814"}],"version-history":[{"count":11,"href":"https:\/\/bozita.com\/pl\/wp-json\/wp\/v2\/pages\/6814\/revisions"}],"predecessor-version":[{"id":9515,"href":"https:\/\/bozita.com\/pl\/wp-json\/wp\/v2\/pages\/6814\/revisions\/9515"}],"up":[{"embeddable":true,"href":"https:\/\/bozita.com\/pl\/wp-json\/wp\/v2\/pages\/6728"}],"wp:featuredmedia":[{"embeddable":true,"href":"https:\/\/bozita.com\/pl\/wp-json\/wp\/v2\/media\/6816"}],"wp:attachment":[{"href":"https:\/\/bozita.com\/pl\/wp-json\/wp\/v2\/media?parent=6814"}],"curies":[{"name":"wp","href":"https:\/\/api.w.org\/{rel}","templated":true}]}}