{"id":6820,"date":"2021-08-10T13:11:47","date_gmt":"2021-08-10T13:11:47","guid":{"rendered":"https:\/\/bozita.com\/pl\/karma-dla-kotow\/zywienie-i-dieta\/co-jedza-koty-i-czym-karmic-kota\/"},"modified":"2022-09-29T05:55:03","modified_gmt":"2022-09-29T05:55:03","slug":"co-jedza-koty-i-czym-karmic-kota","status":"publish","type":"page","link":"https:\/\/bozita.com\/pl\/karma-dla-kotow\/zywienie-i-dieta\/co-jedza-koty-i-czym-karmic-kota\/","title":{"rendered":"Co jedz\u0105 koty i ile karmy powinny otrzymywa\u0107?"},"content":{"rendered":"\t\t<section class=\"small-hero\">\n\t\t\t<div class=\"container\">\n\t\t\t\t<h1 class=\"small-hero-title\">CO JEDZ\u0104 KOTY I CZYM KARMI\u0106 KOTA?<\/h1>\t\t\t<\/div>\n\t\t\t<\/div>\n\t\t<\/section>\n\t\n\n\t<div class=\"text-box-warp\">\n\t\t<div class=\"container\">\n\t\t\t<div class=\"text-content\">\n\t\t\t\t<p><strong>Koty s\u0105 \u015bcis\u0142ymi mi\u0119so\u017cercami i potrzebuj\u0105 du\u017cej ilo\u015bci zwierz\u0119cego bia\u0142ka i t\u0142uszczu w diecie, aby czu\u0107 si\u0119 dobrze. Nie znaczy to jednak, \u017ce musz\u0105 je\u015b\u0107 tylko mi\u0119so. Skrobia jest dobrym uzupe\u0142niaj\u0105cym \u017ar\u00f3d\u0142em kalorii oraz umo\u017cliwia bia\u0142ku budow\u0119 i napraw\u0119 tkanek.<\/strong><\/p>\n<h2>CO JEDZ\u0104 KOTY &#8211; BIA\u0141KO I T\u0141USZCZ<\/h2>\n<p>Koty potrzebuj\u0105 du\u017co bia\u0142ka o odpowiedniej zawarto\u015bci aminokwas\u00f3w, a niska jako\u015b\u0107 po\u017cywienia mo\u017ce by\u0107 dla nich naprawd\u0119 niebezpieczna. Jeden posi\u0142ek bez argininy mo\u017ce, w najgorszym wypadku, by\u0107 \u015bmiertelny, a niedob\u00f3r tauryny mo\u017ce prowadzi\u0107 do powa\u017cnych skutk\u00f3w np. chor\u00f3b serca i \u015blepoty. Poniewa\u017c du\u017ce ilo\u015bci argininy i tauryny znajduj\u0105 si\u0119 w produktach pochodzenia zwierz\u0119cego, to w\u0142a\u015bnie je powinny je\u015b\u0107 koty, a karmienie kota diet\u0105 wegetaria\u0144sk\u0105 nie jest dla nich dobre.<\/p>\n<p>Koty potrzebuj\u0105 tak\u017ce t\u0142uszczu, kt\u00f3ry nie tylko dostarcza im odpowiednie ilo\u015bci kalorii i energii, ale tak\u017ce zapewnia trzy najwa\u017cniejsze kwasy t\u0142uszczowe. Kwas arachidonowy znajduje si\u0119 jedynie w produktach pochodzenia zwierz\u0119cego, s\u0105 one wi\u0119c konieczne w diecie kota. Kwasy Omega 3 i kwas DHA nie s\u0105 konieczne dla \u017cycia kota, ale mog\u0105 mie\u0107 korzystny wp\u0142yw zdrowotny i przyczynia\u0107 si\u0119 do odpowiedniego rozwoju m\u00f3zgu zwierz\u0119cia. Kwasy Omega 3 i DHA powinny si\u0119 zawsze znajdowa\u0107 w karmie dla koci\u0105t.<\/p>\n<h2>CO JEDZ\u0104 KOTY &#8211; SKROBIA<\/h2>\n<p>To, \u017ce kot potrzebuje mi\u0119sa nie znaczy, \u017ce ma je\u015b\u0107 tylko mi\u0119so. Koty potrafi\u0105 przetrawi\u0107 obecne w po\u017cywieniu w\u0119glowodany np. skrobi\u0119, kt\u00f3ra jest \u015bwietnym \u017ar\u00f3d\u0142em kalorii. Skrobia jako alternatywne \u017ar\u00f3d\u0142o energii pozwala bia\u0142ku budowa\u0107 i naprawia\u0107 tkanki organizmu.<\/p>\n<h2>WAGA DOBRZE ZBILANSOWANEJ KARMY<\/h2>\n<p>Dobra kocia karma powinna by\u0107 stworzona w taki spos\u00f3b, aby zapewnia\u0107 kotu dobre samopoczucie oraz gwarantowa\u0107 mu d\u0142ugie i zdrowe \u017cycie.\u00a0<a href=\"https:\/\/bozita.com\/pl\/karma-dla-kotow\/\">Karma dla kot\u00f3w marki Bozita<\/a>\u00a0zawiera wysok\u0105 ilo\u015b\u0107 bia\u0142ka zwierz\u0119cego z dodatkiem odpowiednich \u017ar\u00f3de\u0142 skrobi takich, jak kukurydza, ziemniaki i ry\u017c. Sprawia r\u00f3wnie\u017c, \u017ce karma jest nie tylko dobra dla Twojego kota, a zarazem smaczna i \u0142atwa do przetrawienia.<\/p>\n<h2>CZYM KARMI\u0106 KOTA? JAKICH WITAMIN I MINERA\u0141\u00d3W POTRZEBUJE KOT?<\/h2>\n<p>Koty, tak jak i ludzie, potrzebuj\u0105 odpowiednich witamin i minera\u0142\u00f3w, aby funkcjonowa\u0107 w prawid\u0142owy spos\u00f3b. Du\u017c\u0105 r\u00f3\u017cnic\u0105 jest jednak to, \u017ce koty potrafi\u0105 samodzielnie produkowa\u0107 witamin\u0119 C, wi\u0119c nie potrzeba dodawa\u0107 jej do ich posi\u0142k\u00f3w. Z kolei surowe produkty dostarczaj\u0105 kotom odpowiednich witamin i minera\u0142\u00f3w. Karma marki Bozita zawiera tak\u017ce specjalnie wyselekcjonowane sk\u0142adniki od\u017cywcze, aby zaspokoi\u0107 wszystkie potrzeby kota.<\/p>\n<h2>ILE POWINIEN JE\u015a\u0106 KOT?<\/h2>\n<p>To, ile jedzenia potrzebuje kot zale\u017cy m.in. od jego wielko\u015bci, rasy i fazy rozwoju. Wysterylizowany kot o niskim poziomie aktywno\u015bci lub kot domowy b\u0119dzie mia\u0142 znacznie ni\u017csze zapotrzebowanie na energi\u0119 ni\u017c niesterylizowany lub aktywny kot wychodz\u0105cy. Ilo\u015b\u0107 karmy zale\u017cy te\u017c od jej warto\u015bci kalorycznej. Karma sucha jest zazwyczaj wysokokaloryczna, wi\u0119c nale\u017cy podawa\u0107 jej niewiele, podczas gdy karmy mokrej mo\u017cna da\u0107 kotu wi\u0119cej.<\/p>\n<h2>JAK CZ\u0118STO POWINIEN JE\u015a\u0106 KOT?<\/h2>\n<p>Najbardziej naturalne dla kota jest jedzenie cz\u0119sto i ma\u0142o, ale nie wszyscy w\u0142a\u015bciciele mog\u0105 podawa\u0107 kotu pokarm w taki w\u0142a\u015bnie spos\u00f3b. W takim przypadku powinno si\u0119 karmi\u0107 kota co najmniej dwa razy dziennie, o wyznaczonych godzinach. Je\u015bli jednak chcesz stosowa\u0107 si\u0119 do metody \u201ecz\u0119sto i ma\u0142o\u201d mo\u017cesz kupi\u0107 specjalny automatyczny dozownik karmy, kt\u00f3ry zapewni kotu po\u017cywienie w niewielkich ilo\u015bciach, kilka razy w ci\u0105gu dnia.<\/p>\n<h2>CO JEDZ\u0104 KOTY &#8211; PORADY BOZITY<\/h2>\n<ul>\n<li>Podawaj karm\u0119 dopasowan\u0105 do potrzeb kota. Unikaj diety wegetaria\u0144skiej.<\/li>\n<li>Nie podawaj kotu jedzenia dla innych zwierz\u0105t domowych. Jedzenie dla kota powinno by\u0107 dopasowane do jego zapotrzebowania na sk\u0142adniki od\u017cywcze.<\/li>\n<li>Utrzymuj miski na karm\u0119 oraz miejsce jej podawania w czysto\u015bci i usuwaj mokr\u0105 karm\u0119 nie zjedzon\u0105 przez kota.<\/li>\n<li>Upewnij si\u0119, \u017ce kot posiada zawsze dost\u0119p do \u015bwie\u017cej wody. Mo\u017cesz podawa\u0107 mu\u00a0<a href=\"https:\/\/bozita.com\/pl\/karma-dla-kotow\/mokra-karma-dla-kota\/\">mokr\u0105<\/a>\u00a0karm\u0119 jako dodatek do\u00a0<a href=\"https:\/\/bozita.com\/pl\/karma-dla-kotow\/sucha-karma-dla-kota\/\">suchej<\/a>.<\/li>\n<li>Utrzymuj zdrow\u0105 wag\u0119 kota, aby nie doprowadzi\u0107 do chor\u00f3b zwi\u0105zanych z nadwag\u0105 i oty\u0142o\u015bci\u0105.\u00a0&lt;ahref=&#8221;https:\/\/bozita.com\/pl\/zycie-z-kotem\/zdrowie-kota\/ile-powinien-wazyc-kot\/&#8221;&gt;Zasi\u0119gnij pomocy w poradniku Bozity na temat tkanki t\u0142uszczowej u kota<\/li>\n<li>Pami\u0119taj o tym, \u017ce sterylizowany kot mo\u017ce \u0142atwo przybra\u0107 na wadze. Wybierz dla niego karm\u0119 odpowiedni\u0105 dla kot\u00f3w po zabiegu sterylizacji.<\/li>\n<li>Nie podawaj kotu mleka ani \u015bmietany nieprzystosowanej dla kot\u00f3w. Doros\u0142e koty nie toleruj\u0105 laktozy.<\/li>\n<\/ul>\n<p><strong>Wi\u0119cej informacji<\/strong><\/p>\n<ul>\n<li><a title=\"Zmiana karmy u kota \u2013 jak j\u0105 przeprowadzi\u0107\" href=\"https:\/\/bozita.com\/pl\/karma-dla-kotow\/zywienie-i-dieta\/zmiana-karmy-u-kota-jak-ja-przeprowadzic\/\">Przej\u015bcie do karmy dla doros\u0142ych kot\u00f3w- Zr\u00f3b to tak<\/a><\/li>\n<li><a href=\"https:\/\/bozita.com\/pl\/karma-dla-kotow\/zywienie-i-dieta\/co-robic-gdy-kot-nie-chce-jesc-lub-pic\/\">Co zrobi\u0107, kiedy kot nie je i nie pije<\/a><\/li>\n<li><a href=\"https:\/\/bozita.com\/pl\/karma-dla-kotow\/zywienie-i-dieta\/karmienie-kociaka-jaka-karma-jest-odpowiednia\/\">Karmienie kociaka &#8211; jaka karma jest dobra?<\/a><\/li>\n<li><a href=\"https:\/\/bozita.com\/pl\/karma-dla-kotow\/\">Jedzenie dla kot\u00f3w Bozita: karma mokra i sucha<\/a><\/li>\n<\/ul>\n\t\t\t<\/div>\n\t\t<\/div>\n\t<\/div>\n\n\n\n\t<section class=\"block related-articles\">\n\t\t<div class=\"container\">\n\t\t\t<h2>Artyku\u0142y powi\u0105zane<\/h2>\n\t\t\t<div class=\"row justify-content-center\">\n\t\t\t\t\t\t\t\t\t\t<div class=\"col-sm-6 col-md-6 col-lg-3\">\n\t\t\t\t\t\t\t\t\t\t\t\t\t\t<div class=\"card \">\n\t\t\t\t\t\t\t\t\t\t\t\t\t\t\t\t\t<img decoding=\"async\"  src=\"https:\/\/bozita.com\/pl\/wp-content\/uploads\/sites\/9\/2021\/08\/bozita-katt-ater-inte-dricker-inte-krasen-dalig-aptit.jpg\" alt=\"\">\n\t\t\t\t\t\t\t\t\t\t\t\t\t\t\t\t\t<!-- <img decoding=\"async\" src=\"\n\t\t\t\t\t\t\t\t\t\t\t\t\t\t\t\t\t\t\t\t\" alt=\"\n\t\t\t\t\t\t\t\t\t\t\t\t\t\t\t\t\t\t\t\t\t\t\t\t\t\t\t\"> -->\n\t\t\t\t\t\t\t\t<div class=\"card-body\">\n\t\t\t\t\t\t\t\t\t\t\t\t\t\t\t\t\t\t\t<h6>Co robi\u0107, gdy kot nie chce je\u015b\u0107 lub pi\u0107?<\/h6>\n\t\t\t\t\t\t\t\t\t\t\t\t\t\t\t\t\t\t\t<a href=\"https:\/\/bozita.com\/pl\/karma-dla-kotow\/zywienie-i-dieta\/co-robic-gdy-kot-nie-chce-jesc-lub-pic\/\"> Czytaj wi\u0119cej &nbsp; ><\/a>\n\t\t\t\t\t\t\t\t<\/div>\n\t\t\t\t\t\t\t<\/div>\n\t\t\t\t\t\t<\/div>\n\n\t\t\t\t\t\t\t\t\t\t\t<div class=\"col-sm-6 col-md-6 col-lg-3\">\n\t\t\t\t\t\t\t\t\t\t\t\t\t\t<div class=\"card \">\n\t\t\t\t\t\t\t\t\t\t\t\t\t\t\t\t\t<img decoding=\"async\"  src=\"https:\/\/bozita.com\/pl\/wp-content\/uploads\/sites\/9\/2021\/08\/bozita-palsvard-fibrer-motverkar-harbollar.jpg\" alt=\"\">\n\t\t\t\t\t\t\t\t\t\t\t\t\t\t\t\t\t<!-- <img decoding=\"async\" src=\"\n\t\t\t\t\t\t\t\t\t\t\t\t\t\t\t\t\t\t\t\t\" alt=\"\n\t\t\t\t\t\t\t\t\t\t\t\t\t\t\t\t\t\t\t\t\t\t\t\t\t\t\t\"> -->\n\t\t\t\t\t\t\t\t<div class=\"card-body\">\n\t\t\t\t\t\t\t\t\t\t\t\t\t\t\t\t\t\t\t<h6>Co robi\u0107, gdy kot wypluwa kulki sier\u015bci?<\/h6>\n\t\t\t\t\t\t\t\t\t\t\t\t\t\t\t\t\t\t\t<a href=\"https:\/\/bozita.com\/pl\/zycie-z-kotem\/zdrowie-kota\/co-robic-gdy-kot-wypluwa-kulki-siersci\/\"> Czytaj wi\u0119cej &nbsp; ><\/a>\n\t\t\t\t\t\t\t\t<\/div>\n\t\t\t\t\t\t\t<\/div>\n\t\t\t\t\t\t<\/div>\n\n\t\t\t\t\t\t\t\t\t\t\t<div class=\"col-sm-6 col-md-6 col-lg-3\">\n\t\t\t\t\t\t\t\t\t\t\t\t\t\t<div class=\"card \">\n\t\t\t\t\t\t\t\t\t\t\t\t\t\t\t\t\t<img decoding=\"async\"  src=\"https:\/\/bozita.com\/pl\/wp-content\/uploads\/sites\/9\/2021\/08\/bozita-katt-ratt-hull-guide.jpeg\" alt=\"\">\n\t\t\t\t\t\t\t\t\t\t\t\t\t\t\t\t\t<!-- <img decoding=\"async\" src=\"\n\t\t\t\t\t\t\t\t\t\t\t\t\t\t\t\t\t\t\t\t\" alt=\"\n\t\t\t\t\t\t\t\t\t\t\t\t\t\t\t\t\t\t\t\t\t\t\t\t\t\t\t\"> -->\n\t\t\t\t\t\t\t\t<div class=\"card-body\">\n\t\t\t\t\t\t\t\t\t\t\t\t\t\t\t\t\t\t\t<h6>Ile powinien wa\u017cy\u0107 kot?<\/h6>\n\t\t\t\t\t\t\t\t\t\t\t\t\t\t\t\t\t\t\t<a href=\"https:\/\/bozita.com\/pl\/zycie-z-kotem\/zdrowie-kota\/ile-powinien-wazyc-kot\/\"> Czytaj wi\u0119cej &nbsp; ><\/a>\n\t\t\t\t\t\t\t\t<\/div>\n\t\t\t\t\t\t\t<\/div>\n\t\t\t\t\t\t<\/div>\n\n\t\t\t\t\t\t\t\t\t\t\t\t<\/div>\n\t\t<\/div>\n\t<\/section>\n","protected":false},"excerpt":{"rendered":"","protected":false},"author":1,"featured_media":6821,"parent":6774,"menu_order":0,"comment_status":"closed","ping_status":"closed","template":"guternberg.php","meta":{"footnotes":""},"acf":[],"yoast_head":"<!-- This site is optimized with the Yoast SEO plugin v21.3 - https:\/\/yoast.com\/wordpress\/plugins\/seo\/ -->\n<title>Co jedz\u0105 koty i ile karmy powinny otrzymywa\u0107? | Bozita Polska<\/title>\n<meta name=\"description\" content=\"Co jedz\u0105 koty i czym karmi\u0107 kota? Zbilansowana dieta jest wa\u017cna dla d\u0142ugiego i zdrowego \u017cycia. Oto rady Bozity dotycz\u0105ce tego, co powinny je\u015b\u0107 koty.\" \/>\n<meta name=\"robots\" content=\"index, follow, max-snippet:-1, max-image-preview:large, max-video-preview:-1\" \/>\n<link rel=\"canonical\" href=\"https:\/\/bozita.com\/pl\/karma-dla-kotow\/zywienie-i-dieta\/co-jedza-koty-i-czym-karmic-kota\/\" \/>\n<meta property=\"og:locale\" content=\"pl_PL\" \/>\n<meta property=\"og:type\" content=\"article\" \/>\n<meta property=\"og:title\" content=\"Co jedz\u0105 koty i ile karmy powinny otrzymywa\u0107? | Bozita Polska\" \/>\n<meta property=\"og:description\" content=\"Co jedz\u0105 koty i czym karmi\u0107 kota? Zbilansowana dieta jest wa\u017cna dla d\u0142ugiego i zdrowego \u017cycia. Oto rady Bozity dotycz\u0105ce tego, co powinny je\u015b\u0107 koty.\" \/>\n<meta property=\"og:url\" content=\"https:\/\/bozita.com\/pl\/karma-dla-kotow\/zywienie-i-dieta\/co-jedza-koty-i-czym-karmic-kota\/\" \/>\n<meta property=\"og:site_name\" content=\"Bozita Polska\" \/>\n<meta property=\"article:modified_time\" content=\"2022-09-29T05:55:03+00:00\" \/>\n<meta property=\"og:image\" content=\"https:\/\/bozita.com\/pl\/wp-content\/uploads\/sites\/9\/2021\/08\/bozita-katter-ar-kottatare.jpg\" \/>\n\t<meta property=\"og:image:width\" content=\"800\" \/>\n\t<meta property=\"og:image:height\" content=\"533\" \/>\n\t<meta property=\"og:image:type\" content=\"image\/jpeg\" \/>\n<meta name=\"twitter:card\" content=\"summary_large_image\" \/>\n<!-- \/ Yoast SEO plugin. -->","yoast_head_json":{"title":"Co jedz\u0105 koty i ile karmy powinny otrzymywa\u0107? | Bozita Polska","description":"Co jedz\u0105 koty i czym karmi\u0107 kota? Zbilansowana dieta jest wa\u017cna dla d\u0142ugiego i zdrowego \u017cycia. Oto rady Bozity dotycz\u0105ce tego, co powinny je\u015b\u0107 koty.","robots":{"index":"index","follow":"follow","max-snippet":"max-snippet:-1","max-image-preview":"max-image-preview:large","max-video-preview":"max-video-preview:-1"},"canonical":"https:\/\/bozita.com\/pl\/karma-dla-kotow\/zywienie-i-dieta\/co-jedza-koty-i-czym-karmic-kota\/","og_locale":"pl_PL","og_type":"article","og_title":"Co jedz\u0105 koty i ile karmy powinny otrzymywa\u0107? | Bozita Polska","og_description":"Co jedz\u0105 koty i czym karmi\u0107 kota? Zbilansowana dieta jest wa\u017cna dla d\u0142ugiego i zdrowego \u017cycia. Oto rady Bozity dotycz\u0105ce tego, co powinny je\u015b\u0107 koty.","og_url":"https:\/\/bozita.com\/pl\/karma-dla-kotow\/zywienie-i-dieta\/co-jedza-koty-i-czym-karmic-kota\/","og_site_name":"Bozita Polska","article_modified_time":"2022-09-29T05:55:03+00:00","og_image":[{"width":800,"height":533,"url":"https:\/\/bozita.com\/pl\/wp-content\/uploads\/sites\/9\/2021\/08\/bozita-katter-ar-kottatare.jpg","type":"image\/jpeg"}],"twitter_card":"summary_large_image","schema":{"@context":"https:\/\/schema.org","@graph":[{"@type":"WebPage","@id":"https:\/\/bozita.com\/pl\/karma-dla-kotow\/zywienie-i-dieta\/co-jedza-koty-i-czym-karmic-kota\/","url":"https:\/\/bozita.com\/pl\/karma-dla-kotow\/zywienie-i-dieta\/co-jedza-koty-i-czym-karmic-kota\/","name":"Co jedz\u0105 koty i ile karmy powinny otrzymywa\u0107? | Bozita Polska","isPartOf":{"@id":"https:\/\/bozita.com\/pl\/#website"},"datePublished":"2021-08-10T13:11:47+00:00","dateModified":"2022-09-29T05:55:03+00:00","description":"Co jedz\u0105 koty i czym karmi\u0107 kota? Zbilansowana dieta jest wa\u017cna dla d\u0142ugiego i zdrowego \u017cycia. Oto rady Bozity dotycz\u0105ce tego, co powinny je\u015b\u0107 koty.","breadcrumb":{"@id":"https:\/\/bozita.com\/pl\/karma-dla-kotow\/zywienie-i-dieta\/co-jedza-koty-i-czym-karmic-kota\/#breadcrumb"},"inLanguage":"pl-PL","potentialAction":[{"@type":"ReadAction","target":["https:\/\/bozita.com\/pl\/karma-dla-kotow\/zywienie-i-dieta\/co-jedza-koty-i-czym-karmic-kota\/"]}]},{"@type":"BreadcrumbList","@id":"https:\/\/bozita.com\/pl\/karma-dla-kotow\/zywienie-i-dieta\/co-jedza-koty-i-czym-karmic-kota\/#breadcrumb","itemListElement":[{"@type":"ListItem","position":1,"name":"Home","item":"https:\/\/bozita.com\/pl\/"},{"@type":"ListItem","position":2,"name":"Karma dla kota od Bozita &#8211; naturalne \u017cywienie kota","item":"https:\/\/bozita.com\/pl\/karma-dla-kotow\/"},{"@type":"ListItem","position":3,"name":"\u017bywienie kota i Dieta dla kota","item":"https:\/\/bozita.com\/pl\/karma-dla-kotow\/zywienie-i-dieta\/"},{"@type":"ListItem","position":4,"name":"Co jedz\u0105 koty i ile karmy powinny otrzymywa\u0107?"}]},{"@type":"WebSite","@id":"https:\/\/bozita.com\/pl\/#website","url":"https:\/\/bozita.com\/pl\/","name":"Bozita Polska","description":"","potentialAction":[{"@type":"SearchAction","target":{"@type":"EntryPoint","urlTemplate":"https:\/\/bozita.com\/pl\/?s={search_term_string}"},"query-input":"required name=search_term_string"}],"inLanguage":"pl-PL"}]}},"_links":{"self":[{"href":"https:\/\/bozita.com\/pl\/wp-json\/wp\/v2\/pages\/6820"}],"collection":[{"href":"https:\/\/bozita.com\/pl\/wp-json\/wp\/v2\/pages"}],"about":[{"href":"https:\/\/bozita.com\/pl\/wp-json\/wp\/v2\/types\/page"}],"author":[{"embeddable":true,"href":"https:\/\/bozita.com\/pl\/wp-json\/wp\/v2\/users\/1"}],"replies":[{"embeddable":true,"href":"https:\/\/bozita.com\/pl\/wp-json\/wp\/v2\/comments?post=6820"}],"version-history":[{"count":14,"href":"https:\/\/bozita.com\/pl\/wp-json\/wp\/v2\/pages\/6820\/revisions"}],"predecessor-version":[{"id":9470,"href":"https:\/\/bozita.com\/pl\/wp-json\/wp\/v2\/pages\/6820\/revisions\/9470"}],"up":[{"embeddable":true,"href":"https:\/\/bozita.com\/pl\/wp-json\/wp\/v2\/pages\/6774"}],"wp:featuredmedia":[{"embeddable":true,"href":"https:\/\/bozita.com\/pl\/wp-json\/wp\/v2\/media\/6821"}],"wp:attachment":[{"href":"https:\/\/bozita.com\/pl\/wp-json\/wp\/v2\/media?parent=6820"}],"curies":[{"name":"wp","href":"https:\/\/api.w.org\/{rel}","templated":true}]}}