{"id":6822,"date":"2021-08-10T13:11:41","date_gmt":"2021-08-10T13:11:41","guid":{"rendered":"https:\/\/bozita.com\/pl\/naturalne-skladniki-oraz-szwedzka-jakosc\/ekologiczne-opakowanie\/"},"modified":"2023-08-11T08:57:27","modified_gmt":"2023-08-11T08:57:27","slug":"ekologiczne-opakowanie","status":"publish","type":"page","link":"https:\/\/bozita.com\/pl\/nasza-karma-dla-psow-i-kotow\/ekologiczne-opakowanie\/","title":{"rendered":"Tetra Recart\u00ae \u2013 mokra karma w przyjaznym dla klimatu opakowaniu"},"content":{"rendered":"\n<section class=\"block video\">\n\t<img decoding=\"async\" id=\"videoImg\" src=\"https:\/\/bozita.com\/pl\/wp-content\/uploads\/sites\/9\/2021\/09\/tetra-polska.png\" alt=\"\">\t\n\t<div class=\"overlay\">\n\t\t<div class=\"container\">\n\t\t\t<div class=\"row\">\n\t\t\t\t<div class=\"col-md-7 col-lg-6\">\n\t\t\t\t\t<h4>Climate smart<\/h4>\n\t\t\t\t\t<h1>TETRA RECART\u00ae \u2013 MOKRA KARMA W PRZYJAZNYM DLA KLIMATU OPAKOWANIU<\/h1>\n\t\t\t\t\t\t\t\t\t\t<!-- <a class=\"btn btn-default\" href=\"#\"><i class=\"fas fa-play\"><\/i> WATCH THE VIDEO<\/a> -->\n\t\t\t\t\t<button type=\"button\" class=\"btn btn-default video-btn\" data-toggle=\"modal\" data-src=\"https:\/\/bozita.com\/pl\/wp-content\/uploads\/sites\/9\/2021\/09\/tetra-recart-campaign-2020-pl.mp4\"  data-target=\"#myModal\">\n\t\t\t\t\t\t<i class=\"fas fa-play\"><\/i> Obejrzyj wideo\t\t\t\t\t<\/button>\n\n\t\t\t\t\t<div class=\"modal fade\" id=\"myModal\" tabindex=\"-1\" role=\"dialog\" aria-labelledby=\"exampleModalLabel\" aria-hidden=\"true\">\n\t\t\t\t\t\t<div class=\"modal-dialog modal-dialog-centered\" role=\"document\">\n\t\t\t\t\t\t\t<div class=\"modal-content\">\n\t\t\t\t\t\t\t\t<div class=\"modal-body\">\n\t\t\t\t\t\t\t\t\t<button type=\"button\" class=\"close\" data-dismiss=\"modal\" aria-label=\"Close\">\n\t\t\t\t\t\t\t\t\t\t<span aria-hidden=\"true\">Close X<\/span>\n\t\t\t\t\t\t\t\t\t<\/button>\n\t\t\t\t\t\t\t\t\t<!-- 16:9 aspect ratio -->\n\t\t\t\t\t\t\t\t\t<div class=\"embed-responsive embed-responsive-16by9\">\n\t\t\t\t\t\t\t\t\t\t<iframe class=\"embed-responsive-item\" src=\"\" id=\"video\" allowscriptaccess=\"always\" allow=\"autoplay\"><\/iframe>\n\t\t\t\t\t\t\t\t\t<\/div>\n\t\t\t\t\t\t\t\t<\/div>\n\t\t\t\t\t\t\t<\/div>\n\t\t\t\t\t\t<\/div>\n\t\t\t\t\t<\/div>\n\t\t\t\t<\/div>\n\t\t\t<\/div>\n\n\t\t<\/div>\n\t<\/div>\n<\/section>\n<script>\n\tvar videoImg    = 1;   \n\tvar videoSource = 'https:\/\/bozita.com\/pl\/wp-content\/uploads\/sites\/9\/2021\/09\/tetra-recart-campaign-2020-pl.mp4'; \n<\/script>\n\n\n\t<div class=\"text-box-warp\">\n\t\t<div class=\"container\">\n\t\t\t<div class=\"text-content\">\n\t\t\t\t<div class=\"article__introduction\">\n<p><strong>Wybierz to, co najlepsze dla kota, psa i klimatu. Naturalne mokre karmy Bozita w wygodnych kartonikach Tetra Recart\u00ae. Tetra Recart\u00ae jest alternatywnym dla puszek, wygodnym oraz przyjaznym dla \u015brodowiska opakowaniem, kt\u00f3re jest \u0142atwe do otwierania i ponownego zamykania, co umo\u017cliwia porcjowanie posi\u0142k\u00f3w przy jednoczesnym zachowaniu \u015bwie\u017co\u015bci.<\/strong><\/p>\n<\/div>\n<div class=\"article__body\">\n<ul>\n<li>Wysokiej jako\u015bci szwedzka karma dla ps\u00f3w i kot\u00f3w w wygodnym opakowaniu<\/li>\n<li>Przyjazna dla \u015brodowiska oraz dla zwierz\u0105t<\/li>\n<li>Utrzymuje zar\u00f3wno jedzenie, jak i lod\u00f3wk\u0119 w \u015bwie\u017co\u015bci<\/li>\n<li>Opakowanie mo\u017cna \u0142atwo otworzy\u0107 i zamkn\u0105\u0107 w celu p\u00f3\u017aniejszego u\u017cycia<\/li>\n<\/ul>\n<p>Karma w otwartym opakowaniu Tetra Recart<sup>\u00ae<\/sup> nadaje si\u0119 do spo\u017cycia przez co najmniej dwa dni, je\u015bli jest przechowywana w lod\u00f3wce. Puste opakowanie mo\u017cna \u0142atwo wyp\u0142uka\u0107, z\u0142o\u017cy\u0107, wykorzysta\u0107 ponownie jako pojemnik.<\/p>\n<h2>OPAKOWANIA TETRA RECART<sup>\u00ae<\/sup>\u00a0Z ETYKIET\u0104 FSC<sup>\u00ae<\/sup><\/h2>\n<p>Tetra Recart<sup>\u00ae<\/sup>\u00a0to dobry wyb\u00f3r dla \u015brodowiska. Oznaczenie FSC<sup>\u00ae<\/sup>\u00a0(Forest Stewardship Council<sup>\u00ae<\/sup>) gwarantuje, \u017ce w lesie wycina si\u0119 tylko tyle drzew, ile mo\u017ce w nim ponownie wyrosn\u0105\u0107, zwierz\u0119ta i ro\u015bliny s\u0105 odpowiednio chronione, a pracownikom zapewnia si\u0119 bezpieczne warunki pracy oraz godziwe wynagrodzenie. Etykieta FSC<sup>\u00ae<\/sup>\u00a0oznacza, \u017ce producent traktuje ochron\u0119 \u015brodowiska powa\u017cnie, wi\u0119c zakup produkt\u00f3w z takim oznaczeniem stanowi ekologiczny wyb\u00f3r. Misj\u0105 Tetra Park jest zwi\u0119kszenie ilo\u015bci opakowa\u0144 z certyfikatem FSC<sup>\u00ae<\/sup>\u00a0na rynku.<\/p>\n<h2>POWODY DLA KT\u00d3RYCH WARTO SI\u0118GN\u0104\u0106 PO TETRA RECART<sup>\u00ae<\/sup><\/h2>\n<ol>\n<li><strong>\u015arodowiskowa ocena cyklu \u017cycia produktu<\/strong> (LCA) mierzona w poziomie emisji CO2 \u2013 pokazuje, \u017ce Tetra Recart\u00ae ma wyra\u017an\u0105 przewag\u0119 nad tradycyjnymi opakowaniami takimi jak puszka czy szklany s\u0142oik.<\/li>\n<li><strong>Sprawdzeni dostawcy<\/strong> \u2013 Certyfikat FSC\u00ae (Forestry Stewardship Council) to gwarancja, \u017ce surowce u\u017cyte do produkcji opakowania pochodz\u0105 z odpowiedzialnie zarz\u0105dzanych las\u00f3w i innych kontrolowanych \u017ar\u00f3de\u0142.<\/li>\n<li><strong>Mniej pojazd\u00f3w ci\u0119\u017carowych na drogach<\/strong> \u2013 opakowania Tetra Recart\u00ae, dzi\u0119ki prostok\u0105tnemu kszta\u0142towi i niewielkiej wadze, s\u0105 efektywnie pakowane i transportowane.<\/li>\n<li><strong>Opakowania wielokrotnego u\u017cytku<\/strong> \u2013\u00a0 Kartonik Tetra Recart\u00ae na karm\u0119 dla zwierz\u0105t domowych jest odpowiedzialny \u015brodowiskowo i pochodzi z odnawialnych \u017ar\u00f3de\u0142.<\/li>\n<\/ol>\n<p>*Ocena cyklu \u017cycia (LCA) opakowania \u017cywno\u015bci, pomi\u0119dzy 2014 i 2021r.<br \/>\n*Kalkulator CO2 w opakowaniach kartonowych uznany przez organizacj\u0119 Carbon Trust.<\/p>\n<\/div>\n<p>&nbsp;<\/p>\n\t\t\t<\/div>\n\t\t<\/div>\n\t<\/div>\n\n\n\t<section class=\"block section-promos\">\n\t\t<div class=\"container\">\n\t\t\t<div class=\"row\">\n\t\t\t\t\t\t\t\t\t\t<div class=\"col-md-6\">\n\t\t\t\t\t\t\t<div class=\"card\">\n\t\t\t\t\t\t\t\t\t\t\t\t\t\t\t\t\t<img decoding=\"async\" class=\"card-img-top\" src=\"https:\/\/bozita.com\/pl\/wp-content\/uploads\/sites\/9\/2021\/06\/bozita-cat-food.jpg\" alt=\"\">\n\t\t\t\t\t\t\t\t\t\t\t\t\t\t\t\t<div class=\"card-body\">\n\t\t\t\t\t\t\t\t\t<h5 class=\"card-title\">ZDROWY I SZCZ\u0118SLIWY KOT<\/h5>\n\t\t\t\t\t\t\t\t\t<p class=\"card-text\">WSZYSTKO, CZEGO POTRZEBUJE TW\u00d3J KOT, ABY BY\u0106 ZDROWYM I SZCZ\u0118\u015aLIWYM<\/p>\n\t\t\t\t\t\t\t\t\t\t\t\t\t\t\t\t\t\t\t<a target=\"\" href=\"https:\/\/bozita.com\/pl\/karma-dla-kotow\/\" class=\"btn btn-white\">POZNAJ PE\u0141NY ASORTYMENT<\/a>\n\t\t\t\t\t\t\t\t\t\t\t\t\t\t\t\t\t\t<\/div>\n\t\t\t\t\t\t\t<\/div>\n\t\t\t\t\t\t<\/div>\n\t\t\t\t\t\t\t\t\t\t\t\t<div class=\"col-md-6\">\n\t\t\t\t\t\t\t<div class=\"card\">\n\t\t\t\t\t\t\t\t\t\t\t\t\t\t\t\t\t<img decoding=\"async\" class=\"card-img-top\" src=\"https:\/\/bozita.com\/pl\/wp-content\/uploads\/sites\/9\/2021\/06\/bozita-hundfoder.jpg\" alt=\"\">\n\t\t\t\t\t\t\t\t\t\t\t\t\t\t\t\t<div class=\"card-body\">\n\t\t\t\t\t\t\t\t\t<h5 class=\"card-title\">KARMA DLA PS\u00d3W<\/h5>\n\t\t\t\t\t\t\t\t\t<p class=\"card-text\">WSZYSTKO, CZEGO POTRZEBUJE TW\u00d3J PIES, ABY BY\u0106 ZDROWYM I SZCZ\u0118\u015aLIWYM<\/p>\n\t\t\t\t\t\t\t\t\t\t\t\t\t\t\t\t\t\t\t<a target=\"\" href=\"https:\/\/bozita.com\/pl\/karma-dla-psow\/\" class=\"btn btn-white\">POZNAJ PE\u0141NY ASORTYMENT<\/a>\n\t\t\t\t\t\t\t\t\t\t\t\t\t\t\t\t\t\t<\/div>\n\t\t\t\t\t\t\t<\/div>\n\t\t\t\t\t\t<\/div>\n\t\t\t\t\t\t\t\t\t<\/div>\n\t\t<\/div>\n\t<\/section>\n\n\n<section class=\"block product-promos\">\n\t<div class=\"container\">\n\t\t<div class=\"row align-items-center\">\n\t\t\t<div class=\"col-md-5\">\n\t\t\t\t<div class=\"prdt__promos-heading\">\n\t\t\t\t\t<h3>\n\t\t\t\t\t\tSZWEDZKA KARMA DLA KOT\u00d3W W PRZYJAZNYM OPAKOWANIU\t\t\t\t\t<\/h3>\n\t\t\t\t\t\t\t\t\t<\/div>\n\t\t\t<\/div>\n\t\t\t<div class=\"col-md-7\">\n\t\t\t\t\t\t\t\t\t<div class=\"owl-carousel owl-theme product-promo-carousel\">\n\t\t\t\t\t\t\t\t\t\t\t\t\t<a href=\"https:\/\/bozita.com\/pl\/karma-dla-ps\u00f3w\/bozita-kawalki-w-galaretce-z-kurczakiem\/\">\n\t\t\t\t\t\t\t\t<div class=\"blk__prdt-item\">\n\t\t\t\t\t\t\t\t\t<figure>\n\t\t\t\t\t\t\t\t\t\t<img loading=\"lazy\" decoding=\"async\" width=\"800\" height=\"800\" src=\"https:\/\/bozita.com\/pl\/wp-content\/uploads\/sites\/9\/2021\/08\/Bozita_Chicken_370g_Tetra_Collabra.jpg\" class=\"attachment-post-thumbnail size-post-thumbnail wp-post-image\" alt=\"Bozita Kawa\u0142ki w galaretce z kurczakiem\" srcset=\"https:\/\/bozita.com\/pl\/wp-content\/uploads\/sites\/9\/2021\/08\/Bozita_Chicken_370g_Tetra_Collabra.jpg 800w, https:\/\/bozita.com\/pl\/wp-content\/uploads\/sites\/9\/2021\/08\/Bozita_Chicken_370g_Tetra_Collabra-300x300.jpg 300w, https:\/\/bozita.com\/pl\/wp-content\/uploads\/sites\/9\/2021\/08\/Bozita_Chicken_370g_Tetra_Collabra-150x150.jpg 150w, https:\/\/bozita.com\/pl\/wp-content\/uploads\/sites\/9\/2021\/08\/Bozita_Chicken_370g_Tetra_Collabra-768x768.jpg 768w\" sizes=\"(max-width: 800px) 100vw, 800px\" \/>\t\t\t\t\t\t\t\t\t\t\t\t\t\t\t\t\t\t\t<\/figure>\n\t\t\t\t\t\t\t\t\t<h4 class=\"carousel-title\"><\/h4>\n\t\t\t\t\t\t\t\t\t<span class=\"carousel-category\">Bozita Kawa\u0142ki w galaretce z kurczakiem<\/span>\n\t\t\t\t\t\t\t\t\t  \n\t\t\t\t\t\t\t\t\t<ul class=\"category-list\">\n\t\t\t\t\t\t\t\t\t\t\t\t\t\t\t\t\t\t\t\t\t\t\t<li class=\"svg-image\">\n\t\t\t\t\t\t\t\t\t\t\t\t\t\t<img decoding=\"async\" src=\"https:\/\/bozita.com\/pl\/wp-content\/uploads\/sites\/9\/2021\/06\/icon-wheat-free.svg\" \/>\n\t\t\t\t\t\t\t\t\t\t\t\t\t<\/li>\n\t\t\t\t\t\t\t\t\t\t\t\t\t\t\t\t\t\t\t\t\t\t\t\t\t\t<li class=\"svg-image\">\n\t\t\t\t\t\t\t\t\t\t\t\t\t\t<img decoding=\"async\" src=\"https:\/\/bozita.com\/pl\/wp-content\/uploads\/sites\/9\/2021\/06\/icon-grain-free.svg\" \/>\n\t\t\t\t\t\t\t\t\t\t\t\t\t<\/li>\n\t\t\t\t\t\t\t\t\t\t\t\t\t\t\t\t\t\t\t\t\t\t\t\t\t\t\t\t\t\t\t\t\t\t\t\t<li class=\"svg-image\">\n\t\t\t\t\t\t\t\t\t\t\t\t\t\t<img decoding=\"async\" src=\"https:\/\/bozita.com\/pl\/wp-content\/uploads\/sites\/9\/2021\/06\/icon-flavour-chicken.svg\" \/>\n\t\t\t\t\t\t\t\t\t\t\t\t\t<\/li>\n\t\t\t\t\t\t\t\t\t\t\t\t\t\t\t\t\t\t\t\t\t\t<\/ul>       \n\n\t\t\t\t\t\t\t\t<\/div>\n\t\t\t\t\t\t\t<\/a>\n\t\t\t\t\t\t\t\t\t\t\t\t\t\t\t\t\t\t\t\t<a href=\"https:\/\/bozita.com\/pl\/karma-dla-kotow\/bozita-kawalki-w-galaretce-z-krolikiem\/\">\n\t\t\t\t\t\t\t\t<div class=\"blk__prdt-item\">\n\t\t\t\t\t\t\t\t\t<figure>\n\t\t\t\t\t\t\t\t\t\t<img loading=\"lazy\" decoding=\"async\" width=\"600\" height=\"600\" src=\"https:\/\/bozita.com\/pl\/wp-content\/uploads\/sites\/9\/2021\/08\/bozita-chunks-in-jelly-with-rabbit-370-g-tetra.jpg\" class=\"attachment-post-thumbnail size-post-thumbnail wp-post-image\" alt=\"KITTEN KAWA\u0141KI W SOSIE Z EXTRA KURCZAKIEM\" srcset=\"https:\/\/bozita.com\/pl\/wp-content\/uploads\/sites\/9\/2021\/08\/bozita-chunks-in-jelly-with-rabbit-370-g-tetra.jpg 600w, https:\/\/bozita.com\/pl\/wp-content\/uploads\/sites\/9\/2021\/08\/bozita-chunks-in-jelly-with-rabbit-370-g-tetra-300x300.jpg 300w, https:\/\/bozita.com\/pl\/wp-content\/uploads\/sites\/9\/2021\/08\/bozita-chunks-in-jelly-with-rabbit-370-g-tetra-150x150.jpg 150w\" sizes=\"(max-width: 600px) 100vw, 600px\" \/>\t\t\t\t\t\t\t\t\t\t\t\t\t\t\t\t\t\t\t<\/figure>\n\t\t\t\t\t\t\t\t\t<h4 class=\"carousel-title\"><\/h4>\n\t\t\t\t\t\t\t\t\t<span class=\"carousel-category\">KR\u00d3LIK W GALARETCE<\/span>\n\t\t\t\t\t\t\t\t\t  \n\t\t\t\t\t\t\t\t\t<ul class=\"category-list\">\n\t\t\t\t\t\t\t\t\t\t\t\t\t\t\t\t\t\t\t\t\t\t\t<li class=\"svg-image\">\n\t\t\t\t\t\t\t\t\t\t\t\t\t\t<img decoding=\"async\" src=\"https:\/\/bozita.com\/pl\/wp-content\/uploads\/sites\/9\/2021\/06\/icon-grain-free.svg\" \/>\n\t\t\t\t\t\t\t\t\t\t\t\t\t<\/li>\n\t\t\t\t\t\t\t\t\t\t\t\t\t\t\t\t\t\t\t\t\t\t\t\t\t\t\t\t\t\t\t\t\t\t\t\t<li class=\"svg-image\">\n\t\t\t\t\t\t\t\t\t\t\t\t\t\t<img decoding=\"async\" src=\"https:\/\/bozita.com\/pl\/wp-content\/uploads\/sites\/9\/2021\/06\/icon-flavour-rabbit.svg\" \/>\n\t\t\t\t\t\t\t\t\t\t\t\t\t<\/li>\n\t\t\t\t\t\t\t\t\t\t\t\t\t\t\t\t\t\t\t\t\t\t<\/ul>       \n\n\t\t\t\t\t\t\t\t<\/div>\n\t\t\t\t\t\t\t<\/a>\n\t\t\t\t\t\t\t\t\t\t\t\t\t\t\t\t\t\t<\/div>\n\t\t\t\t\t\t\t<\/div>\n\t\t<\/div>\n\t<\/div>\n<\/section>\n<script>\njQuery(document).ready(function($) {\n\tjQuery('.product-promo-carousel').owlCarousel({\n\tloop: true,\n\tmargin: 10,\n\tresponsiveClass: true,\n\tresponsive: {\n\t\t0: {\n\t\titems: 1,\n\t\tnav: true\n\t\t},\n\t\t600: {\n\t\titems: 1,\n\t\tnav: true\n\t\t},\n\t\t1000: {\n\t\titems: 2,\n\t\tnav: true,\n\t\t}\n\t}\n\t})\n\tjQuery(\".owl-prev\").html('<span><<\/span>');\n\tjQuery(\".owl-next\").html('<span>><\/span>');\n\n\tvar slider = jQuery('.promo-slider-list');\n\tslider.owlCarousel();\n\tjQuery('.nextbtn-a').click(function() {\n\tslider.trigger('next.owl.carousel');\n\t})\n\t\/\/ Go to the previous item\n\tjQuery('.prebtn-a').click(function() {\n\tslider.trigger('prev.owl.carousel', [300]);\n\t})\n});\n<\/script>\n","protected":false},"excerpt":{"rendered":"","protected":false},"author":1,"featured_media":6824,"parent":6755,"menu_order":0,"comment_status":"closed","ping_status":"closed","template":"guternberg.php","meta":{"footnotes":""},"acf":[],"yoast_head":"<!-- This site is optimized with the Yoast SEO plugin v21.3 - https:\/\/yoast.com\/wordpress\/plugins\/seo\/ -->\n<title>Tetra Recart\u00ae \u2013 mokra karma w przyjaznym dla klimatu opakowaniu | Bozita Polska<\/title>\n<meta name=\"description\" content=\"Wybierz to, co najlepsze dla kota, psa i klimatu. Naturalne mokre karmy Bozita w wygodnych kartonikach Tetra Recart\u00ae.\" \/>\n<meta name=\"robots\" content=\"index, follow, max-snippet:-1, max-image-preview:large, max-video-preview:-1\" \/>\n<link rel=\"canonical\" href=\"https:\/\/bozita.com\/pl\/nasza-karma-dla-psow-i-kotow\/ekologiczne-opakowanie\/\" \/>\n<meta property=\"og:locale\" content=\"pl_PL\" \/>\n<meta property=\"og:type\" content=\"article\" \/>\n<meta property=\"og:title\" content=\"Tetra Recart\u00ae \u2013 mokra karma w przyjaznym dla klimatu opakowaniu | Bozita Polska\" \/>\n<meta property=\"og:description\" content=\"Wybierz to, co najlepsze dla kota, psa i klimatu. Naturalne mokre karmy Bozita w wygodnych kartonikach Tetra Recart\u00ae.\" \/>\n<meta property=\"og:url\" content=\"https:\/\/bozita.com\/pl\/nasza-karma-dla-psow-i-kotow\/ekologiczne-opakowanie\/\" \/>\n<meta property=\"og:site_name\" content=\"Bozita Polska\" \/>\n<meta property=\"article:modified_time\" content=\"2023-08-11T08:57:27+00:00\" \/>\n<meta property=\"og:image\" content=\"https:\/\/bozita.com\/pl\/wp-content\/uploads\/sites\/9\/2021\/08\/tetra-recart-klimatsmart-forpackning-vatfoder.jpg\" \/>\n\t<meta property=\"og:image:width\" content=\"1076\" \/>\n\t<meta property=\"og:image:height\" content=\"527\" \/>\n\t<meta property=\"og:image:type\" content=\"image\/jpeg\" \/>\n<meta name=\"twitter:card\" content=\"summary_large_image\" \/>\n<!-- \/ Yoast SEO plugin. -->","yoast_head_json":{"title":"Tetra Recart\u00ae \u2013 mokra karma w przyjaznym dla klimatu opakowaniu | Bozita Polska","description":"Wybierz to, co najlepsze dla kota, psa i klimatu. Naturalne mokre karmy Bozita w wygodnych kartonikach Tetra Recart\u00ae.","robots":{"index":"index","follow":"follow","max-snippet":"max-snippet:-1","max-image-preview":"max-image-preview:large","max-video-preview":"max-video-preview:-1"},"canonical":"https:\/\/bozita.com\/pl\/nasza-karma-dla-psow-i-kotow\/ekologiczne-opakowanie\/","og_locale":"pl_PL","og_type":"article","og_title":"Tetra Recart\u00ae \u2013 mokra karma w przyjaznym dla klimatu opakowaniu | Bozita Polska","og_description":"Wybierz to, co najlepsze dla kota, psa i klimatu. Naturalne mokre karmy Bozita w wygodnych kartonikach Tetra Recart\u00ae.","og_url":"https:\/\/bozita.com\/pl\/nasza-karma-dla-psow-i-kotow\/ekologiczne-opakowanie\/","og_site_name":"Bozita Polska","article_modified_time":"2023-08-11T08:57:27+00:00","og_image":[{"width":1076,"height":527,"url":"https:\/\/bozita.com\/pl\/wp-content\/uploads\/sites\/9\/2021\/08\/tetra-recart-klimatsmart-forpackning-vatfoder.jpg","type":"image\/jpeg"}],"twitter_card":"summary_large_image","schema":{"@context":"https:\/\/schema.org","@graph":[{"@type":"WebPage","@id":"https:\/\/bozita.com\/pl\/nasza-karma-dla-psow-i-kotow\/ekologiczne-opakowanie\/","url":"https:\/\/bozita.com\/pl\/nasza-karma-dla-psow-i-kotow\/ekologiczne-opakowanie\/","name":"Tetra Recart\u00ae \u2013 mokra karma w przyjaznym dla klimatu opakowaniu | Bozita Polska","isPartOf":{"@id":"https:\/\/bozita.com\/pl\/#website"},"datePublished":"2021-08-10T13:11:41+00:00","dateModified":"2023-08-11T08:57:27+00:00","description":"Wybierz to, co najlepsze dla kota, psa i klimatu. Naturalne mokre karmy Bozita w wygodnych kartonikach Tetra Recart\u00ae.","breadcrumb":{"@id":"https:\/\/bozita.com\/pl\/nasza-karma-dla-psow-i-kotow\/ekologiczne-opakowanie\/#breadcrumb"},"inLanguage":"pl-PL","potentialAction":[{"@type":"ReadAction","target":["https:\/\/bozita.com\/pl\/nasza-karma-dla-psow-i-kotow\/ekologiczne-opakowanie\/"]}]},{"@type":"BreadcrumbList","@id":"https:\/\/bozita.com\/pl\/nasza-karma-dla-psow-i-kotow\/ekologiczne-opakowanie\/#breadcrumb","itemListElement":[{"@type":"ListItem","position":1,"name":"Home","item":"https:\/\/bozita.com\/pl\/"},{"@type":"ListItem","position":2,"name":"Naturalne sk\u0142adniki oraz szwedzka jako\u015b\u0107","item":"https:\/\/bozita.com\/pl\/nasza-karma-dla-psow-i-kotow\/"},{"@type":"ListItem","position":3,"name":"Tetra Recart\u00ae \u2013 mokra karma w przyjaznym dla klimatu opakowaniu"}]},{"@type":"WebSite","@id":"https:\/\/bozita.com\/pl\/#website","url":"https:\/\/bozita.com\/pl\/","name":"Bozita Polska","description":"","potentialAction":[{"@type":"SearchAction","target":{"@type":"EntryPoint","urlTemplate":"https:\/\/bozita.com\/pl\/?s={search_term_string}"},"query-input":"required name=search_term_string"}],"inLanguage":"pl-PL"}]}},"_links":{"self":[{"href":"https:\/\/bozita.com\/pl\/wp-json\/wp\/v2\/pages\/6822"}],"collection":[{"href":"https:\/\/bozita.com\/pl\/wp-json\/wp\/v2\/pages"}],"about":[{"href":"https:\/\/bozita.com\/pl\/wp-json\/wp\/v2\/types\/page"}],"author":[{"embeddable":true,"href":"https:\/\/bozita.com\/pl\/wp-json\/wp\/v2\/users\/1"}],"replies":[{"embeddable":true,"href":"https:\/\/bozita.com\/pl\/wp-json\/wp\/v2\/comments?post=6822"}],"version-history":[{"count":22,"href":"https:\/\/bozita.com\/pl\/wp-json\/wp\/v2\/pages\/6822\/revisions"}],"predecessor-version":[{"id":10140,"href":"https:\/\/bozita.com\/pl\/wp-json\/wp\/v2\/pages\/6822\/revisions\/10140"}],"up":[{"embeddable":true,"href":"https:\/\/bozita.com\/pl\/wp-json\/wp\/v2\/pages\/6755"}],"wp:featuredmedia":[{"embeddable":true,"href":"https:\/\/bozita.com\/pl\/wp-json\/wp\/v2\/media\/6824"}],"wp:attachment":[{"href":"https:\/\/bozita.com\/pl\/wp-json\/wp\/v2\/media?parent=6822"}],"curies":[{"name":"wp","href":"https:\/\/api.w.org\/{rel}","templated":true}]}}