{"id":6828,"date":"2021-08-10T13:10:35","date_gmt":"2021-08-10T13:10:35","guid":{"rendered":"https:\/\/bozita.com\/pl\/naturalne-skladniki-oraz-szwedzka-jakosc\/o-nas\/"},"modified":"2025-04-03T07:43:30","modified_gmt":"2025-04-03T07:43:30","slug":"o-nas","status":"publish","type":"page","link":"https:\/\/bozita.com\/pl\/nasza-karma-dla-psow-i-kotow\/o-nas\/","title":{"rendered":"O nas"},"content":{"rendered":"\n\t\t<section class=\"small-hero-with-image\">\n\t\t\t\t\t\t\t<img decoding=\"async\" class=\"background-image\" src=\"https:\/\/bozita.com\/pl\/wp-content\/uploads\/sites\/9\/2021\/08\/bozita-om-oss-2.jpg\" alt=\"\">\n\t\t\t\t\t\t\t<div class=\"overlay-v1 overlay-bg\">\n\t\t\t\t<div class=\"container\">\n\t\t\t\t\t<div class=\"row\">\n\t\t\t\t\t\t<div class=\"col-md-6 col-lg-5\">\n\t\t\t\t\t\t\t<h5>Dlaczego Bozita<\/h5><h1>O Nas<\/h1><p><p>Jeste\u015bmy niewielk\u0105 firm\u0105 z miasta V\u00e5rg\u00e5rda, kt\u00f3ra produkuje karm\u0119 dla kot\u00f3w i ps\u00f3w od 1903 roku. Nasze produkty wytwarzane s\u0105 w prosty i naturalny spos\u00f3b!<\/p>\n<\/p>\t\t\t\t\t\t<\/div>\n\t\t\t\t\t<\/div>\n\t\t\t\t<\/div>\n\t\t\t<\/div>\n\t\t<\/section>\n\t\t\n\n\t<div class=\"text-box-warp\">\n\t\t<div class=\"container\">\n\t\t\t<div class=\"text-content\">\n\t\t\t\t<p><strong>Do produkcji karmy dla ps\u00f3w i kot\u00f3w u\u017cywamy jedynie najlepszej jako\u015bci produkt\u00f3w bez sztucznych dodatk\u00f3w!<\/strong><\/p>\n<p>Pewnego dnia, w po\u0142owie XIX wieku, m\u0142ody energiczny mieszkaniec Gothenburga \u2013 Aaron Heyman wysiad\u0142 z poci\u0105gu w V\u00e5rg\u00e5rda. Na \u017cyznych r\u00f3wninach V\u00e4sterg\u00f6tland wykorzysta\u0142 wiedz\u0119, kt\u00f3r\u0105 zdoby\u0142 w Szkocji do stworzenia specjalnie parowanej owsianki, aby zagospodarowa\u0107 odpady, a nast\u0119pnie, w roku 1903 przedstawi\u0142 nasz\u0105 pierwsz\u0105 karm\u0119 dla ps\u00f3w \u201eV\u00e5rg\u00e5rda Dog Flour\u201d. Dzisiaj Partner in Pet Food Nordics AB jest najwi\u0119kszym producentem karmy dla zwierz\u0105t domowych w Szwecji i szczyci si\u0119 ponad stuletnimi tradycjami wytwarzania karmy. Firma zatrudnia oko\u0142o 160 pracownik\u00f3w i generuje roczny obr\u00f3t na poziomie 520 milion\u00f3w koron szwedzkich.<\/p>\n\t\t\t<\/div>\n\t\t<\/div>\n\t<\/div>\n\n\n\t<section class=\"block section-promos\">\n\t\t<div class=\"container\">\n\t\t\t<div class=\"row\">\n\t\t\t\t\t\t\t\t\t\t<div class=\"col-md-6 col-lg-4 condensed_V2\">\n\t\t\t\t\t\t\t<div class=\"card\">\n\t\t\t\t\t\t\t\t\t\t\t\t\t\t\t\t\t<img decoding=\"async\" class=\"card-img-top\" src=\"https:\/\/bozita.com\/pl\/wp-content\/uploads\/sites\/9\/2021\/06\/bozita-hallbarhet.jpeg\" alt=\"\">\n\t\t\t\t\t\t\t\t\t\t\t\t\t\t\t\t<div class=\"card-body\">\n\t\t\t\t\t\t\t\t\t<h5 class=\"card-title\">ZR\u00d3WNOWA\u017bONY ROZW\u00d3J<\/h5>\n\t\t\t\t\t\t\t\t\t<p class=\"card-text\">Naszym celem jest produkcja najlepszej karmy dla ps\u00f3w i kot\u00f3w, z naciskiem na zr\u00f3wnowa\u017cony rozw\u00f3j, \u015brodowisko i nasz\u0105 wsp\u00f3ln\u0105 przysz\u0142o\u015b\u0107.<\/p>\n\t\t\t\t\t\t\t\t\t\t\t\t\t\t\t\t\t\t\t<a target=\"\" href=\"https:\/\/bozita.com\/pl\/naturalne-skladniki-oraz-szwedzka-jakosc\/zrownowazony-dla-zwierzat-i-natury\/\" class=\"btn btn-white\">ZR\u00d3WNOWA\u017bONY ROZW\u00d3J<\/a>\n\t\t\t\t\t\t\t\t\t\t\t\t\t\t\t\t\t\t<\/div>\n\t\t\t\t\t\t\t<\/div>\n\t\t\t\t\t\t<\/div>\n\t\t\t\t\t\t\t\t\t\t\t\t<div class=\"col-md-6 col-lg-4 condensed_V2\">\n\t\t\t\t\t\t\t<div class=\"card\">\n\t\t\t\t\t\t\t\t\t\t\t\t\t\t\t\t\t<img decoding=\"async\" class=\"card-img-top\" src=\"https:\/\/bozita.com\/pl\/wp-content\/uploads\/sites\/9\/2021\/06\/bozita-smakgaranti-hundmat-kattmat.jpeg\" alt=\"\">\n\t\t\t\t\t\t\t\t\t\t\t\t\t\t\t\t<div class=\"card-body\">\n\t\t\t\t\t\t\t\t\t<h5 class=\"card-title\">Gwarancja smaku<\/h5>\n\t\t\t\t\t\t\t\t\t<p class=\"card-text\">Dzi\u0119ki naszej gwarancji smaku mo\u017cesz uzyska\u0107 zwrot pieni\u0119dzy!<\/p>\n\t\t\t\t\t\t\t\t\t\t\t\t\t\t\t\t\t\t\t<a target=\"\" href=\"https:\/\/bozita.com\/pl\/gwarancja-smaku\/\" class=\"btn btn-white\">Gwarancja smaku<\/a>\n\t\t\t\t\t\t\t\t\t\t\t\t\t\t\t\t\t\t<\/div>\n\t\t\t\t\t\t\t<\/div>\n\t\t\t\t\t\t<\/div>\n\t\t\t\t\t\t\t\t\t\t\t\t<div class=\"col-md-6 col-lg-4 condensed_V2\">\n\t\t\t\t\t\t\t<div class=\"card\">\n\t\t\t\t\t\t\t\t\t\t\t\t\t\t\t\t\t<img decoding=\"async\" class=\"card-img-top\" src=\"https:\/\/bozita.com\/pl\/wp-content\/uploads\/sites\/9\/2021\/06\/bozita-miljovanlig-forpackning-tetra-recart.jpeg\" alt=\"\">\n\t\t\t\t\t\t\t\t\t\t\t\t\t\t\t\t<div class=\"card-body\">\n\t\t\t\t\t\t\t\t\t<h5 class=\"card-title\">Ekologiczne opakowanie<\/h5>\n\t\t\t\t\t\t\t\t\t<p class=\"card-text\">Niekt\u00f3re nasze mokre karmy s\u0105 pakowane w kartoniki Tetra Recart \u2013 przyjazne dla klimatu opakowania, kt\u00f3re mo\u017cna \u0142atwo otworzy\u0107 i ponownie zamkn\u0105\u0107, a tak\u017ce wydajnie zapakowa\u0107, zmniejszaj\u0105c potrzeby zwi\u0105zane z transportem. Materia\u0142, z kt\u00f3rego wykonany jest nasz Tetra Recart\u00ae posiada oznaczenie FSC.<\/p>\n\t\t\t\t\t\t\t\t\t\t\t\t\t\t\t\t\t\t\t<a target=\"\" href=\"https:\/\/bozita.com\/pl\/naturalne-skladniki-oraz-szwedzka-jakosc\/ekologiczne-opakowanie\/\" class=\"btn btn-white\">Ekologiczne opakowanie<\/a>\n\t\t\t\t\t\t\t\t\t\t\t\t\t\t\t\t\t\t<\/div>\n\t\t\t\t\t\t\t<\/div>\n\t\t\t\t\t\t<\/div>\n\t\t\t\t\t\t\t\t\t<\/div>\n\t\t<\/div>\n\t<\/section>\n","protected":false},"excerpt":{"rendered":"","protected":false},"author":1,"featured_media":6829,"parent":6755,"menu_order":0,"comment_status":"closed","ping_status":"closed","template":"guternberg.php","meta":{"footnotes":""},"acf":[],"yoast_head":"<!-- This site is optimized with the Yoast SEO plugin v21.3 - https:\/\/yoast.com\/wordpress\/plugins\/seo\/ -->\n<title>O nas | Bozita Polska<\/title>\n<meta name=\"description\" content=\"Jeste\u015bmy niewielk\u0105 firm\u0105 z miasta V\u00e5rg\u00e5rda, kt\u00f3ra produkuje karm\u0119 dla kot\u00f3w i ps\u00f3w od 1903 roku. Nasze produkty wytwarzane s\u0105 w prosty i naturalny spos\u00f3b!\" \/>\n<meta name=\"robots\" content=\"index, follow, max-snippet:-1, max-image-preview:large, max-video-preview:-1\" \/>\n<link rel=\"canonical\" href=\"https:\/\/bozita.com\/pl\/nasza-karma-dla-psow-i-kotow\/o-nas\/\" \/>\n<meta property=\"og:locale\" content=\"pl_PL\" \/>\n<meta property=\"og:type\" content=\"article\" \/>\n<meta property=\"og:title\" content=\"O nas | Bozita Polska\" \/>\n<meta property=\"og:description\" content=\"Jeste\u015bmy niewielk\u0105 firm\u0105 z miasta V\u00e5rg\u00e5rda, kt\u00f3ra produkuje karm\u0119 dla kot\u00f3w i ps\u00f3w od 1903 roku. Nasze produkty wytwarzane s\u0105 w prosty i naturalny spos\u00f3b!\" \/>\n<meta property=\"og:url\" content=\"https:\/\/bozita.com\/pl\/nasza-karma-dla-psow-i-kotow\/o-nas\/\" \/>\n<meta property=\"og:site_name\" content=\"Bozita Polska\" \/>\n<meta property=\"article:modified_time\" content=\"2025-04-03T07:43:30+00:00\" \/>\n<meta property=\"og:image\" content=\"https:\/\/bozita.com\/pl\/wp-content\/uploads\/sites\/9\/2021\/06\/bozita-om-oss.jpg\" \/>\n\t<meta property=\"og:image:width\" content=\"1600\" \/>\n\t<meta property=\"og:image:height\" content=\"578\" \/>\n\t<meta property=\"og:image:type\" content=\"image\/jpeg\" \/>\n<meta name=\"twitter:card\" content=\"summary_large_image\" \/>\n<!-- \/ Yoast SEO plugin. -->","yoast_head_json":{"title":"O nas | Bozita Polska","description":"Jeste\u015bmy niewielk\u0105 firm\u0105 z miasta V\u00e5rg\u00e5rda, kt\u00f3ra produkuje karm\u0119 dla kot\u00f3w i ps\u00f3w od 1903 roku. Nasze produkty wytwarzane s\u0105 w prosty i naturalny spos\u00f3b!","robots":{"index":"index","follow":"follow","max-snippet":"max-snippet:-1","max-image-preview":"max-image-preview:large","max-video-preview":"max-video-preview:-1"},"canonical":"https:\/\/bozita.com\/pl\/nasza-karma-dla-psow-i-kotow\/o-nas\/","og_locale":"pl_PL","og_type":"article","og_title":"O nas | Bozita Polska","og_description":"Jeste\u015bmy niewielk\u0105 firm\u0105 z miasta V\u00e5rg\u00e5rda, kt\u00f3ra produkuje karm\u0119 dla kot\u00f3w i ps\u00f3w od 1903 roku. Nasze produkty wytwarzane s\u0105 w prosty i naturalny spos\u00f3b!","og_url":"https:\/\/bozita.com\/pl\/nasza-karma-dla-psow-i-kotow\/o-nas\/","og_site_name":"Bozita Polska","article_modified_time":"2025-04-03T07:43:30+00:00","og_image":[{"width":1600,"height":578,"url":"https:\/\/bozita.com\/pl\/wp-content\/uploads\/sites\/9\/2021\/06\/bozita-om-oss.jpg","type":"image\/jpeg"}],"twitter_card":"summary_large_image","schema":{"@context":"https:\/\/schema.org","@graph":[{"@type":"WebPage","@id":"https:\/\/bozita.com\/pl\/nasza-karma-dla-psow-i-kotow\/o-nas\/","url":"https:\/\/bozita.com\/pl\/nasza-karma-dla-psow-i-kotow\/o-nas\/","name":"O nas | Bozita Polska","isPartOf":{"@id":"https:\/\/bozita.com\/pl\/#website"},"datePublished":"2021-08-10T13:10:35+00:00","dateModified":"2025-04-03T07:43:30+00:00","description":"Jeste\u015bmy niewielk\u0105 firm\u0105 z miasta V\u00e5rg\u00e5rda, kt\u00f3ra produkuje karm\u0119 dla kot\u00f3w i ps\u00f3w od 1903 roku. Nasze produkty wytwarzane s\u0105 w prosty i naturalny spos\u00f3b!","breadcrumb":{"@id":"https:\/\/bozita.com\/pl\/nasza-karma-dla-psow-i-kotow\/o-nas\/#breadcrumb"},"inLanguage":"pl-PL","potentialAction":[{"@type":"ReadAction","target":["https:\/\/bozita.com\/pl\/nasza-karma-dla-psow-i-kotow\/o-nas\/"]}]},{"@type":"BreadcrumbList","@id":"https:\/\/bozita.com\/pl\/nasza-karma-dla-psow-i-kotow\/o-nas\/#breadcrumb","itemListElement":[{"@type":"ListItem","position":1,"name":"Home","item":"https:\/\/bozita.com\/pl\/"},{"@type":"ListItem","position":2,"name":"Naturalne sk\u0142adniki oraz szwedzka jako\u015b\u0107","item":"https:\/\/bozita.com\/pl\/nasza-karma-dla-psow-i-kotow\/"},{"@type":"ListItem","position":3,"name":"O nas"}]},{"@type":"WebSite","@id":"https:\/\/bozita.com\/pl\/#website","url":"https:\/\/bozita.com\/pl\/","name":"Bozita Polska","description":"","potentialAction":[{"@type":"SearchAction","target":{"@type":"EntryPoint","urlTemplate":"https:\/\/bozita.com\/pl\/?s={search_term_string}"},"query-input":"required name=search_term_string"}],"inLanguage":"pl-PL"}]}},"_links":{"self":[{"href":"https:\/\/bozita.com\/pl\/wp-json\/wp\/v2\/pages\/6828"}],"collection":[{"href":"https:\/\/bozita.com\/pl\/wp-json\/wp\/v2\/pages"}],"about":[{"href":"https:\/\/bozita.com\/pl\/wp-json\/wp\/v2\/types\/page"}],"author":[{"embeddable":true,"href":"https:\/\/bozita.com\/pl\/wp-json\/wp\/v2\/users\/1"}],"replies":[{"embeddable":true,"href":"https:\/\/bozita.com\/pl\/wp-json\/wp\/v2\/comments?post=6828"}],"version-history":[{"count":23,"href":"https:\/\/bozita.com\/pl\/wp-json\/wp\/v2\/pages\/6828\/revisions"}],"predecessor-version":[{"id":11585,"href":"https:\/\/bozita.com\/pl\/wp-json\/wp\/v2\/pages\/6828\/revisions\/11585"}],"up":[{"embeddable":true,"href":"https:\/\/bozita.com\/pl\/wp-json\/wp\/v2\/pages\/6755"}],"wp:featuredmedia":[{"embeddable":true,"href":"https:\/\/bozita.com\/pl\/wp-json\/wp\/v2\/media\/6829"}],"wp:attachment":[{"href":"https:\/\/bozita.com\/pl\/wp-json\/wp\/v2\/media?parent=6828"}],"curies":[{"name":"wp","href":"https:\/\/api.w.org\/{rel}","templated":true}]}}