{"id":6830,"date":"2021-08-10T13:09:34","date_gmt":"2021-08-10T13:09:34","guid":{"rendered":"https:\/\/bozita.com\/pl\/zycie-z-kotem\/kupno-kota\/when-can-you-let-a-kitten-outside-for-the-first-time\/"},"modified":"2022-09-29T06:52:54","modified_gmt":"2022-09-29T06:52:54","slug":"kot-wychodzacy-kiedy-mozna-zaczac-wypuszczanie-kota-na-dwor","status":"publish","type":"page","link":"https:\/\/bozita.com\/pl\/zycie-z-kotem\/kupno-kota\/kot-wychodzacy-kiedy-mozna-zaczac-wypuszczanie-kota-na-dwor\/","title":{"rendered":"Kot wychodz\u0105cy, naucz kota wychodzi\u0107 z domu"},"content":{"rendered":"\t\t<section class=\"small-hero\">\n\t\t\t<div class=\"container\">\n\t\t\t\t<h1 class=\"small-hero-title\">KOT WYCHODZ\u0104CY &#8211; KIEDY MO\u017bNA ZACZ\u0104\u0106 WYPUSZCZANIE KOTA NA DW\u00d3R?<\/h1>\t\t\t<\/div>\n\t\t\t<\/div>\n\t\t<\/section>\n\t\n\n\t<div class=\"text-box-warp\">\n\t\t<div class=\"container\">\n\t\t\t<div class=\"text-content\">\n\t\t\t\t<div class=\"article__introduction\">\n<p><strong>Je\u015bli Tw\u00f3j kot ma by\u0107 kotem wychodz\u0105cym wa\u017cne jest, aby nie wypuszcza\u0107 go samego z domu zanim nie doro\u015bnie. Najpierw nale\u017cy upewni\u0107 si\u0119, czy otoczenie zewn\u0119trzne jest bezpieczne dla kota. Wypuszczanie kota na dw\u00f3r powinien poprzedzi\u0107 trening, kt\u00f3ry najlepiej rozpocz\u0105\u0107 od ma\u0142ego.<\/strong><\/p>\n<\/div>\n<div class=\"article__body\">\n<h2>KOT WYCHODZ\u0104CY &#8211; NIE WYPUSZCZAJ GO NA ZEWN\u0104TRZ ZANIM NIE ZOSTANIE ZACZIPOWANY, ZASZCZEPIONY I WYSTERYLIZOWANY<\/h2>\n<p>Kot wychodz\u0105cy powinien zosta\u0107 zaczipowany i wysterylizowany zanim wypu\u015bcisz go samego z domu. W wi\u0119kszo\u015bci przypadk\u00f3w oznacza to, \u017ce b\u0119dzie gotowy na samodzielne wyj\u015bcie oko\u0142o 6 miesi\u0105ca \u017cycia.<\/p>\n<p>Dzi\u0119ki zaczipowaniu kota oraz rejestracji czipa zwi\u0119kszasz szans\u0119 na odnalezienie kota, je\u015bli oddali si\u0119 od domu lub zgubi. Czip sprawi te\u017c, \u017ce zostaniesz powiadomiony w razie wypadku.<\/p>\n<p>Szczepienie eliminuj\u0105 ryzyko zapadni\u0119cia na cz\u0119ste choroby. Wi\u0119kszo\u015b\u0107 kot\u00f3w posiada pe\u0142en zestaw szczepie\u0144 do 3 miesi\u0105ca \u017cycia.<\/p>\n<p><strong>Wi\u0119cej informacji<\/strong><\/p>\n<ul>\n<li><a title=\"Czipowanie kota i rejestracja czipa\" href=\"https:\/\/bozita.com\/pl\/zycie-z-kotem\/kupno-kota\/czipowanie-kota-i-rejestracja-czipa\/\" data-udi=\"umb:\/\/document\/5ff684e9f33142d68b8ee13372c89e5e\">Czipowanie kota i rejestracja czipa<\/a><\/li>\n<li><a title=\"Szczepienie kota\" href=\"https:\/\/bozita.com\/pl\/zycie-z-kotem\/zdrowie-kota\/szczepienie-kota\/\" data-udi=\"umb:\/\/document\/59b7e27977074c9e861a23bacc8b063f\">Zaszczep kota, aby ochroni\u0107 go przed cz\u0119stymi chorobami<\/a><\/li>\n<\/ul>\n<p>Je\u015bli nie masz zamiaru rozmna\u017ca\u0107 kota powiniene\u015b go wysterylizowa\u0107, szczeg\u00f3lnie je\u015bli planujesz, \u017ce b\u0119dzie to kot wychodz\u0105cy. Na \u015bwiecie \u017cyje mn\u00f3stwo bezdomnych, a nawet niesterylizowanych kot\u00f3w, kt\u00f3rych liczba ro\u015bnie przez brak odpowiedniej kontroli nad ich rozmna\u017caniem si\u0119. Zaleca si\u0119 wysterylizowanie kota w wieku 6 miesi\u0119cy, czyli tu\u017c po osi\u0105gni\u0119ciu przez niego dojrza\u0142o\u015bci p\u0142ciowej.<\/p>\n<p><strong>Wi\u0119cej informacji<\/strong><\/p>\n<ul>\n<li><a title=\"Kastracja kota \u2013 dlaczego jest tak istotna\" href=\"https:\/\/bozita.com\/pl\/zycie-z-kotem\/zdrowie-kota\/kastracja-kota-dlaczego-jest-tak-istotna\/\" data-udi=\"umb:\/\/document\/3efe374200ef41a89de41940a84bf080\">Zalety sterylizacji kota<\/a><\/li>\n<\/ul>\n<h2>KOT WYCHODZ\u0104CY &#8211; CZY M\u00d3J KOT JEST GOTOWY DO WYJ\u015aCIA NA DW\u00d3R?<\/h2>\n<p>Je\u015bli nawet Tw\u00f3j kot zosta\u0142 zaczipowany, zaszczepiony i wysterylizowany nie musi oznacza\u0107 to, \u017ce jest gotowy na wyj\u015bcie poza dom. Mo\u017ce nie przyszed\u0142 jeszcze czas na wypuszczenie go na dw\u00f3r. Niekt\u00f3re koty mog\u0105 przestraszy\u0107 si\u0119 niespodziewanych d\u017awi\u0119k\u00f3w i potrzebowa\u0107 wi\u0119cej czasu zanim b\u0119d\u0105 gotowe opu\u015bci\u0107 dom. Wiele z nich zdobywa si\u0119 na odwag\u0119 dopiero po uko\u0144czeniu 1 roku \u017cycia.<\/p>\n<h2>KOT WYCHODZ\u0104CY &#8211; NAUCZ KOTA PRZEBYWANIA NA DWORZE KROK PO KROKU<\/h2>\n<p>\u015awiat zewn\u0119trzny jest pe\u0142en nowych wra\u017ce\u0144. Je\u015bli zdecydujesz si\u0119 na wypuszczania kota na dw\u00f3r zbyt gwa\u0142townie mo\u017ce zdarzy\u0107 si\u0119, \u017ce przestraszy si\u0119 nowych wra\u017ce\u0144 i do\u015bwiadcze\u0144 i wbiegnie z powrotem do \u015brodka. Dlatego pozwalaj kotu przyzwyczai\u0107 si\u0119 do wychodzenia krok po kroku.<\/p>\n<p>Pozw\u00f3l kotu obw\u0105cha\u0107 trawnik w okolicy domu albo przejd\u017acie si\u0119 na smyczy wok\u00f3\u0142 parkingu, \u017ceby przyzwyczai\u0107 kota do przebywania poza domem.<\/p>\n<p>Kiedy kot przyzwyczai si\u0119 do trawnika lub parkingu i poczuje si\u0119 dobrze przebywaj\u0105c na dworze, mo\u017cesz pozwoli\u0107 mu pochodzi\u0107 bez smyczy na wi\u0119kszym terenie. Nagradzaj go czym\u015b smacznym, kiedy b\u0119dzie wraca\u0142 do Ciebie, \u017ceby nauczy\u0107 go wracania do domu.<\/p>\n<p>Je\u015bli karmisz kota o tej samej porze ka\u017cdego dnia, dobrym pomys\u0142em jest wypuszczanie kota na dw\u00f3r tu\u017c przed posi\u0142kiem, \u017ceby wraca\u0142 do domu sam, kiedy zg\u0142odnieje.<\/p>\n<p><strong>Wi\u0119cej informacji<\/strong><\/p>\n<ul>\n<li><a title=\"Jak powinno wygl\u0105da\u0107 tresowanie kota lub kociaka\" href=\"https:\/\/bozita.com\/pl\/zycie-z-kotem\/rozwoj-kotow\/jak-powinno-wygladac-tresowanie-kota-lub-kociaka\/\" data-udi=\"umb:\/\/document\/69828aa94ba944888923e8d03a410921\">Jak powinno wygl\u0105da\u0107 tresowanie kota lub kociaka?<\/a><\/li>\n<\/ul>\n<\/div>\n\t\t\t<\/div>\n\t\t<\/div>\n\t<\/div>\n\n\n\n\t<section class=\"block related-articles\">\n\t\t<div class=\"container\">\n\t\t\t<h2>Powi\u0105zane artyku\u0142y<\/h2>\n\t\t\t<div class=\"row justify-content-center\">\n\t\t\t\t\t\t\t<\/div>\n\t\t<\/div>\n\t<\/section>\n","protected":false},"excerpt":{"rendered":"","protected":false},"author":1,"featured_media":6698,"parent":6716,"menu_order":0,"comment_status":"closed","ping_status":"closed","template":"guternberg.php","meta":{"footnotes":""},"acf":[],"yoast_head":"<!-- This site is optimized with the Yoast SEO plugin v21.3 - https:\/\/yoast.com\/wordpress\/plugins\/seo\/ -->\n<title>Kot wychodz\u0105cy, naucz kota wychodzi\u0107 z domu | Bozita Polska<\/title>\n<meta name=\"description\" content=\"Wypuszczanie kota na dw\u00f3r wymaga przygotowania. Kot wychodz\u0105cy musi by\u0107 oznaczony, zaszczepiony i wysterylizowany. Powoli przyzwyczaj kota do wychodzenia.\" \/>\n<meta name=\"robots\" content=\"index, follow, max-snippet:-1, max-image-preview:large, max-video-preview:-1\" \/>\n<link rel=\"canonical\" href=\"https:\/\/bozita.com\/pl\/zycie-z-kotem\/kupno-kota\/kot-wychodzacy-kiedy-mozna-zaczac-wypuszczanie-kota-na-dwor\/\" \/>\n<meta property=\"og:locale\" content=\"pl_PL\" \/>\n<meta property=\"og:type\" content=\"article\" \/>\n<meta property=\"og:title\" content=\"Kot wychodz\u0105cy, naucz kota wychodzi\u0107 z domu | Bozita Polska\" \/>\n<meta property=\"og:description\" content=\"Wypuszczanie kota na dw\u00f3r wymaga przygotowania. Kot wychodz\u0105cy musi by\u0107 oznaczony, zaszczepiony i wysterylizowany. Powoli przyzwyczaj kota do wychodzenia.\" \/>\n<meta property=\"og:url\" content=\"https:\/\/bozita.com\/pl\/zycie-z-kotem\/kupno-kota\/kot-wychodzacy-kiedy-mozna-zaczac-wypuszczanie-kota-na-dwor\/\" \/>\n<meta property=\"og:site_name\" content=\"Bozita Polska\" \/>\n<meta property=\"article:modified_time\" content=\"2022-09-29T06:52:54+00:00\" \/>\n<meta property=\"og:image\" content=\"https:\/\/bozita.com\/pl\/wp-content\/uploads\/sites\/9\/2021\/08\/bozita_swedish-natural-quality.jpg\" \/>\n\t<meta property=\"og:image:width\" content=\"800\" \/>\n\t<meta property=\"og:image:height\" content=\"533\" \/>\n\t<meta property=\"og:image:type\" content=\"image\/jpeg\" \/>\n<meta name=\"twitter:card\" content=\"summary_large_image\" \/>\n<!-- \/ Yoast SEO plugin. -->","yoast_head_json":{"title":"Kot wychodz\u0105cy, naucz kota wychodzi\u0107 z domu | Bozita Polska","description":"Wypuszczanie kota na dw\u00f3r wymaga przygotowania. Kot wychodz\u0105cy musi by\u0107 oznaczony, zaszczepiony i wysterylizowany. Powoli przyzwyczaj kota do wychodzenia.","robots":{"index":"index","follow":"follow","max-snippet":"max-snippet:-1","max-image-preview":"max-image-preview:large","max-video-preview":"max-video-preview:-1"},"canonical":"https:\/\/bozita.com\/pl\/zycie-z-kotem\/kupno-kota\/kot-wychodzacy-kiedy-mozna-zaczac-wypuszczanie-kota-na-dwor\/","og_locale":"pl_PL","og_type":"article","og_title":"Kot wychodz\u0105cy, naucz kota wychodzi\u0107 z domu | Bozita Polska","og_description":"Wypuszczanie kota na dw\u00f3r wymaga przygotowania. Kot wychodz\u0105cy musi by\u0107 oznaczony, zaszczepiony i wysterylizowany. Powoli przyzwyczaj kota do wychodzenia.","og_url":"https:\/\/bozita.com\/pl\/zycie-z-kotem\/kupno-kota\/kot-wychodzacy-kiedy-mozna-zaczac-wypuszczanie-kota-na-dwor\/","og_site_name":"Bozita Polska","article_modified_time":"2022-09-29T06:52:54+00:00","og_image":[{"width":800,"height":533,"url":"https:\/\/bozita.com\/pl\/wp-content\/uploads\/sites\/9\/2021\/08\/bozita_swedish-natural-quality.jpg","type":"image\/jpeg"}],"twitter_card":"summary_large_image","schema":{"@context":"https:\/\/schema.org","@graph":[{"@type":"WebPage","@id":"https:\/\/bozita.com\/pl\/zycie-z-kotem\/kupno-kota\/kot-wychodzacy-kiedy-mozna-zaczac-wypuszczanie-kota-na-dwor\/","url":"https:\/\/bozita.com\/pl\/zycie-z-kotem\/kupno-kota\/kot-wychodzacy-kiedy-mozna-zaczac-wypuszczanie-kota-na-dwor\/","name":"Kot wychodz\u0105cy, naucz kota wychodzi\u0107 z domu | Bozita Polska","isPartOf":{"@id":"https:\/\/bozita.com\/pl\/#website"},"datePublished":"2021-08-10T13:09:34+00:00","dateModified":"2022-09-29T06:52:54+00:00","description":"Wypuszczanie kota na dw\u00f3r wymaga przygotowania. Kot wychodz\u0105cy musi by\u0107 oznaczony, zaszczepiony i wysterylizowany. Powoli przyzwyczaj kota do wychodzenia.","breadcrumb":{"@id":"https:\/\/bozita.com\/pl\/zycie-z-kotem\/kupno-kota\/kot-wychodzacy-kiedy-mozna-zaczac-wypuszczanie-kota-na-dwor\/#breadcrumb"},"inLanguage":"pl-PL","potentialAction":[{"@type":"ReadAction","target":["https:\/\/bozita.com\/pl\/zycie-z-kotem\/kupno-kota\/kot-wychodzacy-kiedy-mozna-zaczac-wypuszczanie-kota-na-dwor\/"]}]},{"@type":"BreadcrumbList","@id":"https:\/\/bozita.com\/pl\/zycie-z-kotem\/kupno-kota\/kot-wychodzacy-kiedy-mozna-zaczac-wypuszczanie-kota-na-dwor\/#breadcrumb","itemListElement":[{"@type":"ListItem","position":1,"name":"Home","item":"https:\/\/bozita.com\/pl\/"},{"@type":"ListItem","position":2,"name":"Kupno kota i \u017cycie z nim. Porady dla pocz\u0105tkuj\u0105cych","item":"https:\/\/bozita.com\/pl\/zycie-z-kotem\/"},{"@type":"ListItem","position":3,"name":"Adopcja lub kupno kota &#8211; co wzi\u0105\u0107 pod uwag\u0119","item":"https:\/\/bozita.com\/pl\/zycie-z-kotem\/kupno-kota\/"},{"@type":"ListItem","position":4,"name":"Kot wychodz\u0105cy, naucz kota wychodzi\u0107 z domu"}]},{"@type":"WebSite","@id":"https:\/\/bozita.com\/pl\/#website","url":"https:\/\/bozita.com\/pl\/","name":"Bozita Polska","description":"","potentialAction":[{"@type":"SearchAction","target":{"@type":"EntryPoint","urlTemplate":"https:\/\/bozita.com\/pl\/?s={search_term_string}"},"query-input":"required name=search_term_string"}],"inLanguage":"pl-PL"}]}},"_links":{"self":[{"href":"https:\/\/bozita.com\/pl\/wp-json\/wp\/v2\/pages\/6830"}],"collection":[{"href":"https:\/\/bozita.com\/pl\/wp-json\/wp\/v2\/pages"}],"about":[{"href":"https:\/\/bozita.com\/pl\/wp-json\/wp\/v2\/types\/page"}],"author":[{"embeddable":true,"href":"https:\/\/bozita.com\/pl\/wp-json\/wp\/v2\/users\/1"}],"replies":[{"embeddable":true,"href":"https:\/\/bozita.com\/pl\/wp-json\/wp\/v2\/comments?post=6830"}],"version-history":[{"count":4,"href":"https:\/\/bozita.com\/pl\/wp-json\/wp\/v2\/pages\/6830\/revisions"}],"predecessor-version":[{"id":9497,"href":"https:\/\/bozita.com\/pl\/wp-json\/wp\/v2\/pages\/6830\/revisions\/9497"}],"up":[{"embeddable":true,"href":"https:\/\/bozita.com\/pl\/wp-json\/wp\/v2\/pages\/6716"}],"wp:featuredmedia":[{"embeddable":true,"href":"https:\/\/bozita.com\/pl\/wp-json\/wp\/v2\/media\/6698"}],"wp:attachment":[{"href":"https:\/\/bozita.com\/pl\/wp-json\/wp\/v2\/media?parent=6830"}],"curies":[{"name":"wp","href":"https:\/\/api.w.org\/{rel}","templated":true}]}}