{"id":6831,"date":"2021-08-10T13:09:27","date_gmt":"2021-08-10T13:09:27","guid":{"rendered":"https:\/\/bozita.com\/pl\/zycie-z-kotem\/kupno-kota\/powitanie-kota-w-domu\/"},"modified":"2022-09-29T06:54:15","modified_gmt":"2022-09-29T06:54:15","slug":"powitanie-kota-w-domu","status":"publish","type":"page","link":"https:\/\/bozita.com\/pl\/zycie-z-kotem\/kupno-kota\/powitanie-kota-w-domu\/","title":{"rendered":"Jak wprowadzi\u0107 nowego kota do domu?"},"content":{"rendered":"\t\t<section class=\"small-hero\">\n\t\t\t<div class=\"container\">\n\t\t\t\t<h1 class=\"small-hero-title\">POWITANIE KOTA W DOMU<\/h1>\t\t\t<\/div>\n\t\t\t<\/div>\n\t\t<\/section>\n\t\n\n\t<div class=\"text-box-warp\">\n\t\t<div class=\"container\">\n\t\t\t<div class=\"text-content\">\n\t\t\t\t<p><strong>Przed przygarni\u0119ciem do domu m\u0142odego lub doros\u0142ego kota, warto jest przemy\u015ble\u0107 par\u0119 kwestii. Obowi\u0105zkiem w\u0142a\u015bciciela jest posiadanie niezb\u0119dnej wiedzy na temat naturalnych zachowa\u0144 i potrzeb swojego nowego podopiecznego. Aby u\u0142atwi\u0107 Ci to zadanie, sporz\u0105dzili\u015bmy dwie listy kontrolne, z kt\u00f3rych mo\u017cesz skorzysta\u0107. Pierwsza z nich pomo\u017ce Ci przygotowa\u0107 dom na powitanie kota, a\u00a0z drugiej dowiesz si\u0119, jak najlepiej powita\u0107 nowego lokatora, aby od razu poczu\u0142 si\u0119 jak u siebie w domu.<\/strong><\/p>\n<p>Przeprowadzka do nowego domu to dla kota wielka zmiana. Zadaniem w\u0142a\u015bciciela jest stworzenie dla kota odpowiednich warunk\u00f3w, w kt\u00f3rych poczuje si\u0119 swojsko i bezpiecznie.<\/p>\n<p>Spr\u00f3buj zminimalizowa\u0107 ilo\u015b\u0107 zmian, jakich kot musi do\u015bwiadczy\u0107 podczas samej przeprowadzki. Aby zmniejszy\u0107 niepok\u00f3j zwierz\u0119cia, we\u017a pod uwag\u0119 jego wcze\u015bniejsze \u015brodowisko oraz codzienn\u0105 rutyn\u0119 i z pocz\u0105tku na\u015bladuj je. Zastan\u00f3w si\u0119, do czego kot by\u0142 przyzwyczajony w dzieci\u0144stwie? Mieszka\u0142 w domu z mo\u017cliwo\u015bci\u0105 wychodzenia na dw\u00f3r, czy przebywa\u0142 wy\u0142\u0105cznie w zamkni\u0119tym mieszkaniu? Dzi\u0119ki temu lepiej przewidzisz, jak kot zareaguje na nowe otoczenie.<\/p>\n<h2>JAK WPROWADZI\u0106 NOWEGO KOTA DO DOMU &#8211;\u00a0LISTA KONTROLNA<\/h2>\n<ol>\n<li><strong>Czy posiadasz w domu wszystkie niezb\u0119dne przedmioty?<\/strong><br \/>\nWprowadzanie do domu nowych przedmiot\u00f3w mo\u017ce zestresowa\u0107 kota, przede wszystkim w miejscu, kt\u00f3re jest dla niego zupe\u0142nie nowe i nieznane. Dlatego najlepiej b\u0119dzie przygotowa\u0107 wszystko przed przeprowadzk\u0105 zwierz\u0119cia. Upewnij si\u0119, \u017ce w domu znajduj\u0105 si\u0119 kuwety, miski na jedzenie i wod\u0119 oraz inne niezb\u0119dne przedmioty. Poczucie bezpiecze\u0144stwa zapewni kotu r\u00f3wnie\u017c dobrze znana karma lub \u017cwirek w kuwecie czy codzienna rutyna piel\u0119gnacyjna, do kt\u00f3rej jest przyzwyczajony.<a title=\"Zmiana karmy u kota \u2013 jak j\u0105 przeprowadzi\u0107\" href=\"https:\/\/djur.jordbruksverket.se\/amnesomraden\/djur\/olikaslagsdjur\/hundarochkatter\/skotselavhundochkatt\/saskoterdudinkatt.4.207049b811dd8a513dc80001987.html\">Zmiana karmy u m\u0142odego kota \u2013 co nale\u017cy wzi\u0105\u0107 pod uwag\u0119?<\/a><\/li>\n<li><strong>Czy masz u siebie rzeczy kota z poprzedniego domu?<\/strong><br \/>\nTw\u00f3j kot poczuje si\u0119 bezpiecznie, je\u015bli rozprzestrzenisz w domu jego w\u0142asn\u0105 wo\u0144. Zabierz na przyk\u0142ad kocyk, poduszk\u0119 lub zabawk\u0119 kota ze starego mieszkania i potrzyj nimi strategiczne miejsca, w kt\u00f3rych zwierz\u0119 znaczy terytorium \u2013 rogi mebli, k\u0105ty, przej\u015bcia czy drzwiczki dla kota. Najlepiej b\u0119dzie, je\u015bli wykorzystasz tak\u017ce przedmioty kota z poprzedniego domu, takie jak jego kuweta, miski czy ulubiona kryj\u00f3wka. Je\u015bli nie masz takiej mo\u017cliwo\u015bci, spr\u00f3buj chocia\u017c zebra\u0107 stare zapachy i oznaczy\u0107 nimi nowe rzeczy kota.Wa\u017cne, aby stworzy\u0107 dla kota w domu mo\u017cliwo\u015bci wspinaczki, a nawet tor, kt\u00f3rym b\u0119dzie m\u00f3g\u0142 porusza\u0107 si\u0119 nad poziomem pod\u0142ogi. Zalecamy na pocz\u0105tku zdj\u0105\u0107 drobne przedmioty z parapet\u00f3w i p\u00f3\u0142ek na ksi\u0105\u017cki \u2013 zw\u0142aszcza w przypadku koci\u0105t i m\u0142odszych kot\u00f3w, kt\u00f3re cz\u0119sto bawi\u0105 si\u0119 na wysoko\u015bci.<\/li>\n<li><strong>Czy mieszkanie zosta\u0142o odpowiednio zabezpieczone, aby zmniejszy\u0107 ryzyko wypadk\u00f3w i obra\u017ce\u0144?<\/strong><br \/>\nWynie\u015b z domu truj\u0105ce ro\u015bliny i drobne przedmioty, aby wyeliminowa\u0107 ewentualne zagro\u017cenia. Zadbaj o to, zanim powitasz kota w domu. We\u017a tak\u017ce pod uwag\u0119 miejsca, w kt\u00f3re kot mo\u017ce uda\u0107 si\u0119 z czystej ciekawo\u015bci lub ze strachu, a nast\u0119pnie w ich utkn\u0105\u0107 \u2013 takie jak pralka.<\/li>\n<\/ol>\n<p>&nbsp;<\/p>\n<h2>JAK NAJLEPIEJ POWITA\u0106 KOTA?<\/h2>\n<ol>\n<li><strong>Zaplanuj powitanie i pierwsze chwile kota w nowym domu<\/strong><br \/>\nDobrze, aby pierwszy etap powitania przeprowadzi\u0107 w ograniczonej cz\u0119\u015bci domu, na przyk\u0142ad w jednym pokoju. Wybierz jedno pomieszczenie, kt\u00f3re zapewni kotu najwi\u0119ksze poczucie bezpiecze\u0144stwa i stw\u00f3rz w nim baz\u0119, w kt\u00f3rej kot b\u0119dzie m\u00f3g\u0142 zaszy\u0107 si\u0119 tak\u017ce w przysz\u0142o\u015bci podczas odkrywania reszty domu. Zapewnij mu nieograniczony dost\u0119p do wszystkich niezb\u0119dnych rzeczy takich jak kuweta, w\u0142asna kryj\u00f3wka, mi\u0119kkie legowisko, jedzenie i woda, zabawki, a tak\u017ce mo\u017cliwo\u015b\u0107 interakcji z lud\u017ami.Niech kot pozostanie w swoim pokoju przez kilka dni, a\u017c do czasu, gdy wyda si\u0119 spokojny. Pozw\u00f3l, aby pozostali cz\u0142onkowie rodziny zapoznawali si\u0119 z nim stopniowo, nie zmuszaj\u0105c go przy tym do interakcji.<\/p>\n<p>Gdy kot przyzwyczai si\u0119 do swojego otoczenia i pozna reszt\u0119 rodziny, mo\u017cesz pokaza\u0107 mu reszt\u0119 domu, a nast\u0119pnie na sta\u0142e umie\u015bci\u0107 kuwety i miski w wybranych miejscach.<\/li>\n<li><strong>Mo\u017cliwo\u015b\u0107 odpoczynku, aktywno\u015bci fizycznej i zabawy<\/strong><br \/>\nWprowadzaj\u0105c kota do nowego domu, nale\u017cy zapewni\u0107 mu mo\u017cliwo\u015b\u0107 odpoczynku, ruchu i zabawy. Zwierz\u0119 powinno mie\u0107 r\u00f3wnie\u017c miejsce, w kt\u00f3rym mo\u017ce si\u0119 zaszy\u0107 i odpocz\u0105\u0107 z dala od zgie\u0142ku.<a href=\"https:\/\/bozita.com\/pl\/zycie-z-kotem\/zabawy-dla-kota\/\">Dowiedz si\u0119, jak zach\u0119ci\u0107 kota do aktywno\u015bci<\/a><\/p>\n<p>Podczas zabawy zawsze zachowuj dystans, na przyk\u0142ad rzucaj\u0105c zabawk\u0119. Nigdy nie baw si\u0119 z kotem u\u017cywaj\u0105c swoich r\u0105k lub n\u00f3g \u2013 zachowanie to mo\u017ce utrwali\u0107 si\u0119 u doros\u0142ego kota i by\u0107 interpretowane jako oznaka agresji.<\/li>\n<li><strong>Spraw, aby kot Ci\u0119 s\u0142ucha\u0142 i czu\u0142 si\u0119 bezpiecznie<br \/>\n<\/strong>Zacznij trenowa\u0107 przywo\u0142ywanie kota bezpo\u015brednio po jego przeprowadzce do nowego domu. Mamy na my\u015bli przyzwyczajanie kota do d\u017awi\u0119ku swojego imienia i reagowanie na nie. Wystarczy, \u017ce wypowiesz je na g\u0142os, a nast\u0119pnie pocz\u0119stujesz kota przysmakiem. Kontynuuj \u0107wiczenie do czasu, gdy kot zacznie reagowa\u0107 na wezwanie i szuka\u0107 nagrody.Stopniowo zwi\u0119kszaj odleg\u0142o\u015b\u0107 i nagradzaj jedynie w\u0142a\u015bciwe zachowanie.<\/li>\n<\/ol>\n<p>Przeprowadzka do nowego domu wi\u0105\u017ce si\u0119 u kota ze stresem i niepokojem, niezale\u017cnie od tego, jak bardzo przy\u0142o\u017cysz si\u0119 do przygotowa\u0144. Mo\u017ce oznacza\u0107 to, \u017ce przez wi\u0119ksz\u0105 cz\u0119\u015b\u0107 czasu kot pozostanie w ukryciu. Pami\u0119taj, \u017ce jest to powszechna kocia strategia, kt\u00f3ra ma na celu odzyskanie kontroli nad sytuacj\u0105.<\/p>\n\t\t\t<\/div>\n\t\t<\/div>\n\t<\/div>\n\n\n\n\t<section class=\"block related-articles\">\n\t\t<div class=\"container\">\n\t\t\t<h2>Artyku\u0142y powi\u0105zane<\/h2>\n\t\t\t<div class=\"row justify-content-center\">\n\t\t\t\t\t\t\t\t\t\t<div class=\"col-sm-6 col-md-6 col-lg-3\">\n\t\t\t\t\t\t\t\t\t\t\t\t\t\t<div class=\"card \">\n\t\t\t\t\t\t\t\t\t\t\t\t\t\t\t\t\t<img decoding=\"async\"  src=\"https:\/\/bozita.com\/pl\/wp-content\/uploads\/sites\/9\/2021\/08\/bozita-katt-rumsren-ga-pa-ladan.jpg\" alt=\"\">\n\t\t\t\t\t\t\t\t\t\t\t\t\t\t\t\t\t<!-- <img decoding=\"async\" src=\"\n\t\t\t\t\t\t\t\t\t\t\t\t\t\t\t\t\t\t\t\t\" alt=\"\n\t\t\t\t\t\t\t\t\t\t\t\t\t\t\t\t\t\t\t\t\t\t\t\t\t\t\t\"> -->\n\t\t\t\t\t\t\t\t<div class=\"card-body\">\n\t\t\t\t\t\t\t\t\t\t\t\t\t\t\t\t\t\t\t<h6>Jak nauczy\u0107 kota czysto\u015bci? Korzystanie z kuwety<\/h6>\n\t\t\t\t\t\t\t\t\t\t\t\t\t\t\t\t\t\t\t<a href=\"https:\/\/bozita.com\/pl\/zycie-z-kotem\/kupno-kota\/jak-nauczyc-kota-czystosci\/\">Czytaj wi\u0119cej &nbsp; ><\/a>\n\t\t\t\t\t\t\t\t<\/div>\n\t\t\t\t\t\t\t<\/div>\n\t\t\t\t\t\t<\/div>\n\n\t\t\t\t\t\t\t\t\t\t\t<div class=\"col-sm-6 col-md-6 col-lg-3\">\n\t\t\t\t\t\t\t\t\t\t\t\t\t\t<div class=\"card \">\n\t\t\t\t\t\t\t\t\t\t\t\t\t\t\t\t\t<img decoding=\"async\"  src=\"https:\/\/bozita.com\/pl\/wp-content\/uploads\/sites\/9\/2021\/08\/bozita-lamna-katt-ensam.jpg\" alt=\"\">\n\t\t\t\t\t\t\t\t\t\t\t\t\t\t\t\t\t<!-- <img decoding=\"async\" src=\"\n\t\t\t\t\t\t\t\t\t\t\t\t\t\t\t\t\t\t\t\t\" alt=\"\n\t\t\t\t\t\t\t\t\t\t\t\t\t\t\t\t\t\t\t\t\t\t\t\t\t\t\t\"> -->\n\t\t\t\t\t\t\t\t<div class=\"card-body\">\n\t\t\t\t\t\t\t\t\t\t\t\t\t\t\t\t\t\t\t<h6>Na jak d\u0142ugo mo\u017cna zostawi\u0107 kota samego w domu?<\/h6>\n\t\t\t\t\t\t\t\t\t\t\t\t\t\t\t\t\t\t\t<a href=\"https:\/\/bozita.com\/pl\/zycie-z-kotem\/kupno-kota\/na-jak-dlugo-mozna-zostawic-kota-samego-w-domu\/\">Czytaj wi\u0119cej &nbsp; ><\/a>\n\t\t\t\t\t\t\t\t<\/div>\n\t\t\t\t\t\t\t<\/div>\n\t\t\t\t\t\t<\/div>\n\n\t\t\t\t\t\t\t\t\t\t\t<div class=\"col-sm-6 col-md-6 col-lg-3\">\n\t\t\t\t\t\t\t\t\t\t\t\t\t\t<div class=\"card \">\n\t\t\t\t\t\t\t\t\t\t\t\t\t\t\t\t\t<img decoding=\"async\"  src=\"https:\/\/bozita.com\/pl\/wp-content\/uploads\/sites\/9\/2021\/08\/bozita_swedish-natural-quality.jpg\" alt=\"\">\n\t\t\t\t\t\t\t\t\t\t\t\t\t\t\t\t\t<!-- <img decoding=\"async\" src=\"\n\t\t\t\t\t\t\t\t\t\t\t\t\t\t\t\t\t\t\t\t\" alt=\"\n\t\t\t\t\t\t\t\t\t\t\t\t\t\t\t\t\t\t\t\t\t\t\t\t\t\t\t\"> -->\n\t\t\t\t\t\t\t\t<div class=\"card-body\">\n\t\t\t\t\t\t\t\t\t\t\t\t\t\t\t\t\t\t\t<h6>Kot wychodz\u0105cy, naucz kota wychodzi\u0107 z domu<\/h6>\n\t\t\t\t\t\t\t\t\t\t\t\t\t\t\t\t\t\t\t<a href=\"https:\/\/bozita.com\/pl\/zycie-z-kotem\/kupno-kota\/kot-wychodzacy-kiedy-mozna-zaczac-wypuszczanie-kota-na-dwor\/\">Czytaj wi\u0119cej &nbsp; ><\/a>\n\t\t\t\t\t\t\t\t<\/div>\n\t\t\t\t\t\t\t<\/div>\n\t\t\t\t\t\t<\/div>\n\n\t\t\t\t\t\t\t\t\t\t\t\t<\/div>\n\t\t<\/div>\n\t<\/section>\n","protected":false},"excerpt":{"rendered":"","protected":false},"author":1,"featured_media":6832,"parent":6716,"menu_order":0,"comment_status":"closed","ping_status":"closed","template":"guternberg.php","meta":{"footnotes":""},"acf":[],"yoast_head":"<!-- This site is optimized with the Yoast SEO plugin v21.3 - https:\/\/yoast.com\/wordpress\/plugins\/seo\/ -->\n<title>Jak wprowadzi\u0107 nowego kota do domu? | Bozita Polska<\/title>\n<meta name=\"description\" content=\"Dowiedz si\u0119, jak skutecznie wprowadzi\u0107 nowego kota do domu. Nasza lista kontrolna pomo\u017ce Ci unikn\u0105\u0107 niepotrzebnego stresu.\" \/>\n<meta name=\"robots\" content=\"index, follow, max-snippet:-1, max-image-preview:large, max-video-preview:-1\" \/>\n<link rel=\"canonical\" href=\"https:\/\/bozita.com\/pl\/zycie-z-kotem\/kupno-kota\/powitanie-kota-w-domu\/\" \/>\n<meta property=\"og:locale\" content=\"pl_PL\" \/>\n<meta property=\"og:type\" content=\"article\" \/>\n<meta property=\"og:title\" content=\"Jak wprowadzi\u0107 nowego kota do domu? | Bozita Polska\" \/>\n<meta property=\"og:description\" content=\"Dowiedz si\u0119, jak skutecznie wprowadzi\u0107 nowego kota do domu. Nasza lista kontrolna pomo\u017ce Ci unikn\u0105\u0107 niepotrzebnego stresu.\" \/>\n<meta property=\"og:url\" content=\"https:\/\/bozita.com\/pl\/zycie-z-kotem\/kupno-kota\/powitanie-kota-w-domu\/\" \/>\n<meta property=\"og:site_name\" content=\"Bozita Polska\" \/>\n<meta property=\"article:modified_time\" content=\"2022-09-29T06:54:15+00:00\" \/>\n<meta property=\"og:image\" content=\"https:\/\/bozita.com\/pl\/wp-content\/uploads\/sites\/9\/2021\/08\/bozita-introducera-katt-till-nytt-hem.jpg\" \/>\n\t<meta property=\"og:image:width\" content=\"800\" \/>\n\t<meta property=\"og:image:height\" content=\"533\" \/>\n\t<meta property=\"og:image:type\" content=\"image\/jpeg\" \/>\n<meta name=\"twitter:card\" content=\"summary_large_image\" \/>\n<!-- \/ Yoast SEO plugin. -->","yoast_head_json":{"title":"Jak wprowadzi\u0107 nowego kota do domu? | Bozita Polska","description":"Dowiedz si\u0119, jak skutecznie wprowadzi\u0107 nowego kota do domu. Nasza lista kontrolna pomo\u017ce Ci unikn\u0105\u0107 niepotrzebnego stresu.","robots":{"index":"index","follow":"follow","max-snippet":"max-snippet:-1","max-image-preview":"max-image-preview:large","max-video-preview":"max-video-preview:-1"},"canonical":"https:\/\/bozita.com\/pl\/zycie-z-kotem\/kupno-kota\/powitanie-kota-w-domu\/","og_locale":"pl_PL","og_type":"article","og_title":"Jak wprowadzi\u0107 nowego kota do domu? | Bozita Polska","og_description":"Dowiedz si\u0119, jak skutecznie wprowadzi\u0107 nowego kota do domu. Nasza lista kontrolna pomo\u017ce Ci unikn\u0105\u0107 niepotrzebnego stresu.","og_url":"https:\/\/bozita.com\/pl\/zycie-z-kotem\/kupno-kota\/powitanie-kota-w-domu\/","og_site_name":"Bozita Polska","article_modified_time":"2022-09-29T06:54:15+00:00","og_image":[{"width":800,"height":533,"url":"https:\/\/bozita.com\/pl\/wp-content\/uploads\/sites\/9\/2021\/08\/bozita-introducera-katt-till-nytt-hem.jpg","type":"image\/jpeg"}],"twitter_card":"summary_large_image","schema":{"@context":"https:\/\/schema.org","@graph":[{"@type":"WebPage","@id":"https:\/\/bozita.com\/pl\/zycie-z-kotem\/kupno-kota\/powitanie-kota-w-domu\/","url":"https:\/\/bozita.com\/pl\/zycie-z-kotem\/kupno-kota\/powitanie-kota-w-domu\/","name":"Jak wprowadzi\u0107 nowego kota do domu? | Bozita Polska","isPartOf":{"@id":"https:\/\/bozita.com\/pl\/#website"},"datePublished":"2021-08-10T13:09:27+00:00","dateModified":"2022-09-29T06:54:15+00:00","description":"Dowiedz si\u0119, jak skutecznie wprowadzi\u0107 nowego kota do domu. Nasza lista kontrolna pomo\u017ce Ci unikn\u0105\u0107 niepotrzebnego stresu.","breadcrumb":{"@id":"https:\/\/bozita.com\/pl\/zycie-z-kotem\/kupno-kota\/powitanie-kota-w-domu\/#breadcrumb"},"inLanguage":"pl-PL","potentialAction":[{"@type":"ReadAction","target":["https:\/\/bozita.com\/pl\/zycie-z-kotem\/kupno-kota\/powitanie-kota-w-domu\/"]}]},{"@type":"BreadcrumbList","@id":"https:\/\/bozita.com\/pl\/zycie-z-kotem\/kupno-kota\/powitanie-kota-w-domu\/#breadcrumb","itemListElement":[{"@type":"ListItem","position":1,"name":"Home","item":"https:\/\/bozita.com\/pl\/"},{"@type":"ListItem","position":2,"name":"Kupno kota i \u017cycie z nim. Porady dla pocz\u0105tkuj\u0105cych","item":"https:\/\/bozita.com\/pl\/zycie-z-kotem\/"},{"@type":"ListItem","position":3,"name":"Adopcja lub kupno kota &#8211; co wzi\u0105\u0107 pod uwag\u0119","item":"https:\/\/bozita.com\/pl\/zycie-z-kotem\/kupno-kota\/"},{"@type":"ListItem","position":4,"name":"Jak wprowadzi\u0107 nowego kota do domu?"}]},{"@type":"WebSite","@id":"https:\/\/bozita.com\/pl\/#website","url":"https:\/\/bozita.com\/pl\/","name":"Bozita Polska","description":"","potentialAction":[{"@type":"SearchAction","target":{"@type":"EntryPoint","urlTemplate":"https:\/\/bozita.com\/pl\/?s={search_term_string}"},"query-input":"required name=search_term_string"}],"inLanguage":"pl-PL"}]}},"_links":{"self":[{"href":"https:\/\/bozita.com\/pl\/wp-json\/wp\/v2\/pages\/6831"}],"collection":[{"href":"https:\/\/bozita.com\/pl\/wp-json\/wp\/v2\/pages"}],"about":[{"href":"https:\/\/bozita.com\/pl\/wp-json\/wp\/v2\/types\/page"}],"author":[{"embeddable":true,"href":"https:\/\/bozita.com\/pl\/wp-json\/wp\/v2\/users\/1"}],"replies":[{"embeddable":true,"href":"https:\/\/bozita.com\/pl\/wp-json\/wp\/v2\/comments?post=6831"}],"version-history":[{"count":9,"href":"https:\/\/bozita.com\/pl\/wp-json\/wp\/v2\/pages\/6831\/revisions"}],"predecessor-version":[{"id":9499,"href":"https:\/\/bozita.com\/pl\/wp-json\/wp\/v2\/pages\/6831\/revisions\/9499"}],"up":[{"embeddable":true,"href":"https:\/\/bozita.com\/pl\/wp-json\/wp\/v2\/pages\/6716"}],"wp:featuredmedia":[{"embeddable":true,"href":"https:\/\/bozita.com\/pl\/wp-json\/wp\/v2\/media\/6832"}],"wp:attachment":[{"href":"https:\/\/bozita.com\/pl\/wp-json\/wp\/v2\/media?parent=6831"}],"curies":[{"name":"wp","href":"https:\/\/api.w.org\/{rel}","templated":true}]}}