{"id":6833,"date":"2021-08-10T13:09:20","date_gmt":"2021-08-10T13:09:20","guid":{"rendered":"https:\/\/bozita.com\/pl\/zycie-z-kotem\/kupno-kota\/jak-nauczyc-kota-czystosci\/"},"modified":"2022-09-29T06:52:23","modified_gmt":"2022-09-29T06:52:23","slug":"jak-nauczyc-kota-czystosci","status":"publish","type":"page","link":"https:\/\/bozita.com\/pl\/zycie-z-kotem\/kupno-kota\/jak-nauczyc-kota-czystosci\/","title":{"rendered":"Jak nauczy\u0107 kota czysto\u015bci? Korzystanie z kuwety"},"content":{"rendered":"\t\t<section class=\"small-hero\">\n\t\t\t<div class=\"container\">\n\t\t\t\t<h1 class=\"small-hero-title\">JAK NAUCZY\u0106 KOTA CZYSTO\u015aCI?<\/h1>\t\t\t<\/div>\n\t\t\t<\/div>\n\t\t<\/section>\n\t\n\n\t<div class=\"text-box-warp\">\n\t\t<div class=\"container\">\n\t\t\t<div class=\"text-content\">\n\t\t\t\t<p><strong>Koty s\u0105 znane z czysto\u015bci, wi\u0119c wpojenie kotu lub kociakowi, jak korzysta\u0107 z\u00a0kuwety jest zwykle dosy\u0107 \u0142atwe. Istnieje jednak kilka rzeczy, kt\u00f3re warto wzi\u0105\u0107 pod uwag\u0119 podczas treningu czysto\u015bci, nauki korzystania z kuwety lub za\u0142atwiania si\u0119 we w\u0142a\u015bciwym miejscu w nowym domu.<\/strong><\/p>\n<h2>NAUKA KORZYSTANIA Z KUWETY<\/h2>\n<p>Korzystanie z kuwety nie jest dla kot\u00f3w tak naturalne, jak za\u0142atwianie si\u0119 na zewn\u0105trz. Dlatego \u2013 jak wiele innych spraw \u2013 wymaga szkolenia.<\/p>\n<p>W\u0142a\u015bciciele cz\u0119sto nie musz\u0105 sami uczy\u0107 kociak\u00f3w korzystania z kuwety. M\u0142ode z hodowli prawdopodobnie naby\u0142y ju\u017c t\u0119 umiej\u0119tno\u015b\u0107, cho\u0107 z pocz\u0105tku mog\u0105 mie\u0107 trudno\u015bci ze znalezieniem w\u0142a\u015bciwego miejsca w nowym domu. \u015amia\u0142o podnie\u015b kociaka i pozw\u00f3l, aby samodzielnie odkry\u0142 okolic\u0119 kuwety. Najlepiej zrobi\u0107 to po jedzeniu, poniewa\u017c to w\u0142a\u015bnie wtedy koty najcz\u0119\u015bciej za\u0142atwiaj\u0105 swoje potrzeby.<\/p>\n<p>Je\u015bli kociak przyst\u0105pi do siusiania w niew\u0142a\u015bciwym miejscu, podnie\u015b go, zachowuj\u0105c ostro\u017cno\u015b\u0107, a nast\u0119pnie umie\u015b\u0107 go w\u00a0kuwecie.<\/p>\n<p>Podczas treningu czysto\u015bci wa\u017cne jest, aby zachowa\u0107 cierpliwo\u015b\u0107. Chwal kociaka po skorzystaniu z kuwety i nie przeszkadzaj mu w trakcie za\u0142atwiania potrzeby fizjologicznej \u2013 mo\u017ce wtedy\u00a0odczuwa\u0107\u00a0dyskomfort.<\/p>\n<h2>W\u0141A\u015aCIWE MIEJSCE DLA KUWETY<\/h2>\n<p>Aby nauczy\u0107 kota korzystania z kuwety, musisz umie\u015bci\u0107 j\u0105 tak, aby zwierz\u0119 nie musia\u0142o jej szuka\u0107, a jednocze\u015bnie nie czu\u0142o si\u0119 obserwowane podczas za\u0142atwiania swoich potrzeb. Kot chce mie\u0107 spok\u00f3j, gdy jest w toalecie.<\/p>\n<p>Umie\u015b\u0107 kuwet\u0119 i miski na jedzenie oraz wod\u0119 w innych pokojach. Nikt nie chce za\u0142atwia\u0107 si\u0119 w\u00a0tym samym pokoju, w kt\u00f3rym je \u2013 dotyczy to tak\u017ce kota.<\/p>\n<h2>CO ROBI\u0106, GDY KOT NIE CHCE KORZYSTA\u0106 Z KUWETY?<\/h2>\n<p>Je\u015bli Tw\u00f3j kot nagle odm\u00f3wi korzystania z kuwety i zacznie za\u0142atwia\u0107 si\u0119 w z\u0142ym miejscu, by\u0107 mo\u017ce istnieje ku temu wa\u017cny pow\u00f3d.<\/p>\n<ul>\n<li><strong>Zachowaj czysto\u015b\u0107!<\/strong>\u00a0\u2013 Jednym z najwa\u017cniejszych powod\u00f3w, dla kt\u00f3rych kot mo\u017ce odm\u00f3wi\u0107 korzystania z kuwety, jest brak czysto\u015bci. Brudna kuweta mo\u017ce wi\u0119c dzia\u0142a\u0107 odstraszaj\u0105co. Usuwaj odchody oraz mocz codziennie i cz\u0119sto wymieniaj \u017cwirek. Podczas wymiany dok\u0142adnie czy\u015b\u0107 kuwet\u0119 za pomoc\u0105 p\u0142ynu do mycia naczy\u0144 lub innego delikatnego \u015brodka czyszcz\u0105cego.<\/li>\n<li><strong>Co najmniej jedna kuweta na kota, a najlepiej wi\u0119cej<\/strong>\u00a0\u2013 Upewnij si\u0119, \u017ce ka\u017cdy kot w\u00a0domu ma dla siebie co najmniej jedn\u0105 kuwet\u0119, a najlepiej wi\u0119cej. Je\u015bli masz tylko jednego kota, dwie kuwety r\u00f3wnie\u017c mog\u0105 okaza\u0107 si\u0119 dobrym pomys\u0142em.<\/li>\n<li><strong>Wystarczaj\u0105ca ilo\u015b\u0107 \u017cwirku<\/strong>\u00a0\u2013 W kuwecie musi znajdowa\u0107 si\u0119 wystarczaj\u0105ca ilo\u015b\u0107 \u017cwirku \u2013 najlepiej 8-10 cm g\u0142\u0119boko\u015bci, aby kot m\u00f3g\u0142 wygodnie kopa\u0107.<\/li>\n<li><strong>Zmie\u0144 rodzaj \u017cwirku<\/strong>\u00a0\u2013 Wypr\u00f3buj inny typ \u017cwirku. Czynniki takie jak zapach lub wielko\u015b\u0107 ziaren mog\u0105 odgrywa\u0107 tu decyduj\u0105c\u0105 rol\u0119.<\/li>\n<li><strong>Zmie\u0144 rodzaj kuwety<\/strong>\u00a0\u2013 Spr\u00f3buj wymieni\u0107 ca\u0142\u0105 kuwet\u0119. Zbyt ma\u0142a kuweta ogranicza swobod\u0119 ruch\u00f3w kota, co mo\u017ce go zniech\u0119ci\u0107.<\/li>\n<li><strong>Du\u017ce zmiany<\/strong>\u00a0\u2013 Zastan\u00f3w si\u0119, czy w \u017cyciu kota lub w domu nast\u0105pi\u0142a ostatnio jaka\u015b zmiana, kt\u00f3ra mog\u0142aby stanowi\u0107 dla niego pow\u00f3d do za\u0142atwiania si\u0119 w innym miejscu.<\/li>\n<\/ul>\n\t\t\t<\/div>\n\t\t<\/div>\n\t<\/div>\n\n\n\n\t<section class=\"block related-articles\">\n\t\t<div class=\"container\">\n\t\t\t<h2>Artyku\u0142y powi\u0105zane<\/h2>\n\t\t\t<div class=\"row justify-content-center\">\n\t\t\t\t\t\t\t\t\t\t<div class=\"col-sm-6 col-md-6 col-lg-3\">\n\t\t\t\t\t\t\t\t\t\t\t\t\t\t<div class=\"card \">\n\t\t\t\t\t\t\t\t\t\t\t\t\t\t\t\t\t<img decoding=\"async\"  src=\"https:\/\/bozita.com\/pl\/wp-content\/uploads\/sites\/9\/2021\/08\/bozita-introducera-katt-till-nytt-hem.jpg\" alt=\"\">\n\t\t\t\t\t\t\t\t\t\t\t\t\t\t\t\t\t<!-- <img decoding=\"async\" src=\"\n\t\t\t\t\t\t\t\t\t\t\t\t\t\t\t\t\t\t\t\t\" alt=\"\n\t\t\t\t\t\t\t\t\t\t\t\t\t\t\t\t\t\t\t\t\t\t\t\t\t\t\t\"> -->\n\t\t\t\t\t\t\t\t<div class=\"card-body\">\n\t\t\t\t\t\t\t\t\t\t\t\t\t\t\t\t\t\t\t<h6>Jak wprowadzi\u0107 nowego kota do domu?<\/h6>\n\t\t\t\t\t\t\t\t\t\t\t\t\t\t\t\t\t\t\t<a href=\"https:\/\/bozita.com\/pl\/zycie-z-kotem\/kupno-kota\/powitanie-kota-w-domu\/\">Czytaj wi\u0119cej &nbsp; ><\/a>\n\t\t\t\t\t\t\t\t<\/div>\n\t\t\t\t\t\t\t<\/div>\n\t\t\t\t\t\t<\/div>\n\n\t\t\t\t\t\t\t\t\t\t\t<div class=\"col-sm-6 col-md-6 col-lg-3\">\n\t\t\t\t\t\t\t\t\t\t\t\t\t\t<div class=\"card \">\n\t\t\t\t\t\t\t\t\t\t\t\t\t\t\t\t\t<img decoding=\"async\"  src=\"https:\/\/bozita.com\/pl\/wp-content\/uploads\/sites\/9\/2021\/08\/bozita-lamna-katt-ensam.jpg\" alt=\"\">\n\t\t\t\t\t\t\t\t\t\t\t\t\t\t\t\t\t<!-- <img decoding=\"async\" src=\"\n\t\t\t\t\t\t\t\t\t\t\t\t\t\t\t\t\t\t\t\t\" alt=\"\n\t\t\t\t\t\t\t\t\t\t\t\t\t\t\t\t\t\t\t\t\t\t\t\t\t\t\t\"> -->\n\t\t\t\t\t\t\t\t<div class=\"card-body\">\n\t\t\t\t\t\t\t\t\t\t\t\t\t\t\t\t\t\t\t<h6>Na jak d\u0142ugo mo\u017cna zostawi\u0107 kota samego w domu?<\/h6>\n\t\t\t\t\t\t\t\t\t\t\t\t\t\t\t\t\t\t\t<a href=\"https:\/\/bozita.com\/pl\/zycie-z-kotem\/kupno-kota\/na-jak-dlugo-mozna-zostawic-kota-samego-w-domu\/\">Czytaj wi\u0119cej &nbsp; ><\/a>\n\t\t\t\t\t\t\t\t<\/div>\n\t\t\t\t\t\t\t<\/div>\n\t\t\t\t\t\t<\/div>\n\n\t\t\t\t\t\t\t\t\t\t\t<div class=\"col-sm-6 col-md-6 col-lg-3\">\n\t\t\t\t\t\t\t\t\t\t\t\t\t\t<div class=\"card \">\n\t\t\t\t\t\t\t\t\t\t\t\t\t\t\t\t\t<img decoding=\"async\"  src=\"https:\/\/bozita.com\/pl\/wp-content\/uploads\/sites\/9\/2021\/08\/bozita-kattens-kroppssprak.jpg\" alt=\"\">\n\t\t\t\t\t\t\t\t\t\t\t\t\t\t\t\t\t<!-- <img decoding=\"async\" src=\"\n\t\t\t\t\t\t\t\t\t\t\t\t\t\t\t\t\t\t\t\t\" alt=\"\n\t\t\t\t\t\t\t\t\t\t\t\t\t\t\t\t\t\t\t\t\t\t\t\t\t\t\t\"> -->\n\t\t\t\t\t\t\t\t<div class=\"card-body\">\n\t\t\t\t\t\t\t\t\t\t\t\t\t\t\t\t\t\t\t<h6>Naucz si\u0119 interpretowa\u0107 koci j\u0119zyk i zachowanie<\/h6>\n\t\t\t\t\t\t\t\t\t\t\t\t\t\t\t\t\t\t\t<a href=\"https:\/\/bozita.com\/pl\/zycie-z-kotem\/rozwoj-kotow\/zachowanie-kota-i-koci-jezyk\/\">Czytaj wi\u0119cej &nbsp; ><\/a>\n\t\t\t\t\t\t\t\t<\/div>\n\t\t\t\t\t\t\t<\/div>\n\t\t\t\t\t\t<\/div>\n\n\t\t\t\t\t\t\t\t\t\t\t\t<\/div>\n\t\t<\/div>\n\t<\/section>\n","protected":false},"excerpt":{"rendered":"","protected":false},"author":1,"featured_media":6834,"parent":6716,"menu_order":0,"comment_status":"closed","ping_status":"closed","template":"guternberg.php","meta":{"footnotes":""},"acf":[],"yoast_head":"<!-- This site is optimized with the Yoast SEO plugin v21.3 - https:\/\/yoast.com\/wordpress\/plugins\/seo\/ -->\n<title>Jak nauczy\u0107 kota czysto\u015bci? Korzystanie z kuwety | Bozita Polska<\/title>\n<meta name=\"description\" content=\"Koty i koci\u0119ta musz\u0105 koniecznie nauczy\u0107 si\u0119 czysto\u015bci. Z poradnika Bozita dowiesz si\u0119 co zrobi\u0107, aby nauka korzystania z kuwety zako\u0144czy\u0142a si\u0119 sukcesem.\" \/>\n<meta name=\"robots\" content=\"index, follow, max-snippet:-1, max-image-preview:large, max-video-preview:-1\" \/>\n<link rel=\"canonical\" href=\"https:\/\/bozita.com\/pl\/zycie-z-kotem\/kupno-kota\/jak-nauczyc-kota-czystosci\/\" \/>\n<meta property=\"og:locale\" content=\"pl_PL\" \/>\n<meta property=\"og:type\" content=\"article\" \/>\n<meta property=\"og:title\" content=\"Jak nauczy\u0107 kota czysto\u015bci? Korzystanie z kuwety | Bozita Polska\" \/>\n<meta property=\"og:description\" content=\"Koty i koci\u0119ta musz\u0105 koniecznie nauczy\u0107 si\u0119 czysto\u015bci. Z poradnika Bozita dowiesz si\u0119 co zrobi\u0107, aby nauka korzystania z kuwety zako\u0144czy\u0142a si\u0119 sukcesem.\" \/>\n<meta property=\"og:url\" content=\"https:\/\/bozita.com\/pl\/zycie-z-kotem\/kupno-kota\/jak-nauczyc-kota-czystosci\/\" \/>\n<meta property=\"og:site_name\" content=\"Bozita Polska\" \/>\n<meta property=\"article:modified_time\" content=\"2022-09-29T06:52:23+00:00\" \/>\n<meta property=\"og:image\" content=\"https:\/\/bozita.com\/pl\/wp-content\/uploads\/sites\/9\/2021\/08\/bozita-katt-rumsren-ga-pa-ladan.jpg\" \/>\n\t<meta property=\"og:image:width\" content=\"800\" \/>\n\t<meta property=\"og:image:height\" content=\"533\" \/>\n\t<meta property=\"og:image:type\" content=\"image\/jpeg\" \/>\n<meta name=\"twitter:card\" content=\"summary_large_image\" \/>\n<!-- \/ Yoast SEO plugin. -->","yoast_head_json":{"title":"Jak nauczy\u0107 kota czysto\u015bci? Korzystanie z kuwety | Bozita Polska","description":"Koty i koci\u0119ta musz\u0105 koniecznie nauczy\u0107 si\u0119 czysto\u015bci. Z poradnika Bozita dowiesz si\u0119 co zrobi\u0107, aby nauka korzystania z kuwety zako\u0144czy\u0142a si\u0119 sukcesem.","robots":{"index":"index","follow":"follow","max-snippet":"max-snippet:-1","max-image-preview":"max-image-preview:large","max-video-preview":"max-video-preview:-1"},"canonical":"https:\/\/bozita.com\/pl\/zycie-z-kotem\/kupno-kota\/jak-nauczyc-kota-czystosci\/","og_locale":"pl_PL","og_type":"article","og_title":"Jak nauczy\u0107 kota czysto\u015bci? Korzystanie z kuwety | Bozita Polska","og_description":"Koty i koci\u0119ta musz\u0105 koniecznie nauczy\u0107 si\u0119 czysto\u015bci. Z poradnika Bozita dowiesz si\u0119 co zrobi\u0107, aby nauka korzystania z kuwety zako\u0144czy\u0142a si\u0119 sukcesem.","og_url":"https:\/\/bozita.com\/pl\/zycie-z-kotem\/kupno-kota\/jak-nauczyc-kota-czystosci\/","og_site_name":"Bozita Polska","article_modified_time":"2022-09-29T06:52:23+00:00","og_image":[{"width":800,"height":533,"url":"https:\/\/bozita.com\/pl\/wp-content\/uploads\/sites\/9\/2021\/08\/bozita-katt-rumsren-ga-pa-ladan.jpg","type":"image\/jpeg"}],"twitter_card":"summary_large_image","schema":{"@context":"https:\/\/schema.org","@graph":[{"@type":"WebPage","@id":"https:\/\/bozita.com\/pl\/zycie-z-kotem\/kupno-kota\/jak-nauczyc-kota-czystosci\/","url":"https:\/\/bozita.com\/pl\/zycie-z-kotem\/kupno-kota\/jak-nauczyc-kota-czystosci\/","name":"Jak nauczy\u0107 kota czysto\u015bci? Korzystanie z kuwety | Bozita Polska","isPartOf":{"@id":"https:\/\/bozita.com\/pl\/#website"},"datePublished":"2021-08-10T13:09:20+00:00","dateModified":"2022-09-29T06:52:23+00:00","description":"Koty i koci\u0119ta musz\u0105 koniecznie nauczy\u0107 si\u0119 czysto\u015bci. Z poradnika Bozita dowiesz si\u0119 co zrobi\u0107, aby nauka korzystania z kuwety zako\u0144czy\u0142a si\u0119 sukcesem.","breadcrumb":{"@id":"https:\/\/bozita.com\/pl\/zycie-z-kotem\/kupno-kota\/jak-nauczyc-kota-czystosci\/#breadcrumb"},"inLanguage":"pl-PL","potentialAction":[{"@type":"ReadAction","target":["https:\/\/bozita.com\/pl\/zycie-z-kotem\/kupno-kota\/jak-nauczyc-kota-czystosci\/"]}]},{"@type":"BreadcrumbList","@id":"https:\/\/bozita.com\/pl\/zycie-z-kotem\/kupno-kota\/jak-nauczyc-kota-czystosci\/#breadcrumb","itemListElement":[{"@type":"ListItem","position":1,"name":"Home","item":"https:\/\/bozita.com\/pl\/"},{"@type":"ListItem","position":2,"name":"Kupno kota i \u017cycie z nim. Porady dla pocz\u0105tkuj\u0105cych","item":"https:\/\/bozita.com\/pl\/zycie-z-kotem\/"},{"@type":"ListItem","position":3,"name":"Adopcja lub kupno kota &#8211; co wzi\u0105\u0107 pod uwag\u0119","item":"https:\/\/bozita.com\/pl\/zycie-z-kotem\/kupno-kota\/"},{"@type":"ListItem","position":4,"name":"Jak nauczy\u0107 kota czysto\u015bci? Korzystanie z kuwety"}]},{"@type":"WebSite","@id":"https:\/\/bozita.com\/pl\/#website","url":"https:\/\/bozita.com\/pl\/","name":"Bozita Polska","description":"","potentialAction":[{"@type":"SearchAction","target":{"@type":"EntryPoint","urlTemplate":"https:\/\/bozita.com\/pl\/?s={search_term_string}"},"query-input":"required name=search_term_string"}],"inLanguage":"pl-PL"}]}},"_links":{"self":[{"href":"https:\/\/bozita.com\/pl\/wp-json\/wp\/v2\/pages\/6833"}],"collection":[{"href":"https:\/\/bozita.com\/pl\/wp-json\/wp\/v2\/pages"}],"about":[{"href":"https:\/\/bozita.com\/pl\/wp-json\/wp\/v2\/types\/page"}],"author":[{"embeddable":true,"href":"https:\/\/bozita.com\/pl\/wp-json\/wp\/v2\/users\/1"}],"replies":[{"embeddable":true,"href":"https:\/\/bozita.com\/pl\/wp-json\/wp\/v2\/comments?post=6833"}],"version-history":[{"count":7,"href":"https:\/\/bozita.com\/pl\/wp-json\/wp\/v2\/pages\/6833\/revisions"}],"predecessor-version":[{"id":9496,"href":"https:\/\/bozita.com\/pl\/wp-json\/wp\/v2\/pages\/6833\/revisions\/9496"}],"up":[{"embeddable":true,"href":"https:\/\/bozita.com\/pl\/wp-json\/wp\/v2\/pages\/6716"}],"wp:featuredmedia":[{"embeddable":true,"href":"https:\/\/bozita.com\/pl\/wp-json\/wp\/v2\/media\/6834"}],"wp:attachment":[{"href":"https:\/\/bozita.com\/pl\/wp-json\/wp\/v2\/media?parent=6833"}],"curies":[{"name":"wp","href":"https:\/\/api.w.org\/{rel}","templated":true}]}}