{"id":6835,"date":"2021-08-10T13:09:14","date_gmt":"2021-08-10T13:09:14","guid":{"rendered":"https:\/\/bozita.com\/pl\/karma-dla-kotow\/zywienie-i-dieta\/how-to-change-your-cats-food\/"},"modified":"2022-09-29T05:57:39","modified_gmt":"2022-09-29T05:57:39","slug":"zmiana-karmy-u-kota-jak-ja-przeprowadzic","status":"publish","type":"page","link":"https:\/\/bozita.com\/pl\/karma-dla-kotow\/zywienie-i-dieta\/zmiana-karmy-u-kota-jak-ja-przeprowadzic\/","title":{"rendered":"Zmiana karmy u kota &#8211; jak j\u0105 przeprowadzi\u0107?"},"content":{"rendered":"\t\t<section class=\"small-hero\">\n\t\t\t<div class=\"container\">\n\t\t\t\t<h5>Knowledge<\/h5><h1 class=\"small-hero-title\">ZMIANA KARMY U KOTA \u2013 JAK J\u0104 PRZEPROWADZI\u0106?<\/h1><p><p>Istnieje wiele powod\u00f3w, dla kt\u00f3rych mo\u017cesz zastanawia\u0107 si\u0119 nad przestawieniem kota na now\u0105 karm\u0119. By\u0107 mo\u017ce wkracza on w nowy etap \u017cycia lub zosta\u0142 w\u0142a\u015bnie wykastrowany. <\/p>\n<\/p>\t\t\t<\/div>\n\t\t\t<\/div>\n\t\t<\/section>\n\t\n\n\t<div class=\"text-box-warp\">\n\t\t<div class=\"container\">\n\t\t\t<div class=\"text-content\">\n\t\t\t\t<p><strong>A mo\u017ce niedawno zdiagnozowano u niego dolegliwo\u015b\u0107, kt\u00f3ra wymaga innej diety? Bez wzgl\u0119du na pow\u00f3d wa\u017cne, aby przeprowadzi\u0107 zmian\u0119 karmy w odpowiedni spos\u00f3b. Poni\u017cej znajdziesz wskaz\u00f3wki od naszej ekspertki, \u00c5sy L\u00f6fstrand, specjalistki w zakresie \u017cywienia i zwierz\u0105t domowych.<\/strong><\/p>\n<h2>STOPNIOWO PRZESTAWIAJ KOTA NA NOW\u0104 KARM\u0118<\/h2>\n<p>Zmiana karmy u kota powinna przebiega\u0107 stopniowo, aby \u017co\u0142\u0105dek kota i znajduj\u0105ce si\u0119 w\u00a0nim kultury bakterii mia\u0142y czas na dopasowanie si\u0119 do nowego po\u017cywienia. Zbyt szybka zmiana karmy u kota mo\u017ce prowadzi\u0107 do problem\u00f3w z uk\u0142adem pokarmowym takich jak biegunka, wymioty czy zaparcia. To, jak szybko mo\u017cna przestawi\u0107 kota na now\u0105 karm\u0119, zale\u017cy od jego wra\u017cliwo\u015bci. Nasze og\u00f3lne zalecenie: zmiana karmy powinna potrwa\u0107 od dw\u00f3ch do czterech tygodni.<\/p>\n<p>Zacznij od podania kotu porcji z\u0142o\u017conej z maksymalnie 1\/4 nowej karmy i co najmniej 3\/4 starej karmy. Stopniowo zwi\u0119kszaj ilo\u015b\u0107 nowej karmy w mieszance, przez co najmniej dwa tygodnie. Je\u015bli podczas pierwszych dni zauwa\u017cysz, \u017ce kot wymiotuje lub jego odchody wygl\u0105daj\u0105 inaczej, oznacza to, \u017ce zmiana najprawdopodobniej przebiega zbyt szybko. Zacznij od dodawania mniejszej ilo\u015bci nowej karmy i ewentualnie pozw\u00f3l, aby zmiana potrwa\u0142a nieco d\u0142u\u017cej ni\u017c cztery tygodnie.<\/p>\n<ul>\n<li><a title=\"Karma dla kot\u00f3w\" href=\"https:\/\/bozita.com\/pl\/karma-dla-kotow\/\">Poznaj rodzaje suchej i mokrej karmy dla kot\u00f3w Bozita<\/a><\/li>\n<\/ul>\n<h2>UNIKAJ PODAWANIA KOTU PRZYSMAK\u00d3W PODCZAS ZMIANY KARMY<\/h2>\n<p>Najlepiej b\u0119dzie, je\u015bli na czas zmiany karmy wyeliminujesz z jad\u0142ospisu swojego kota smako\u0142yki. Dzi\u0119ki temu jego \u017co\u0142\u0105dek nieco si\u0119 uspokoi, a Tobie b\u0119dzie \u0142atwiej kontrolowa\u0107 jego diet\u0119.<\/p>\n<h2>ZMIANA KARMY U M\u0141ODEGO KOTA<\/h2>\n<p>Kupuj\u0105c kota u hodowcy, prawdopodobnie otrzymasz od niego instrukcje dotycz\u0105ce karmienia. Je\u017celi jednak chcesz wprowadzi\u0107 zmiany w diecie kota, wa\u017cne, aby przestawia\u0107 go na nowe po\u017cywienie powoli i przesta\u0107, je\u015bli zaobserwujesz u zwierz\u0119cia problemy z \u017co\u0142\u0105dkiem lub inne, niepo\u017c\u0105dane reakcje. Ustal z hodowc\u0105, jak\u0105 karm\u0119 powinien przyjmowa\u0107 kociak i stosuj si\u0119 do otrzymanych zalece\u0144 \u2013 przeprowadzka stanowi dla niego wystarczaj\u0105ce wyzwanie. Mo\u017cesz przyst\u0105pi\u0107 do przestawiania kota na now\u0105 karm\u0119 po oko\u0142o miesi\u0105cu, gdy zwierz\u0119 zaaklimatyzuje si\u0119 ju\u017c w nowym otoczeniu.<\/p>\n<p>Wed\u0142ug og\u00f3lnych zalece\u0144, zmiana karmy powinna zaj\u0105\u0107 co najmniej dwa tygodnie, a najlepiej cztery. Je\u015bli koci\u0119 odm\u00f3wi po\u017cywienia, nie czekaj, a\u017c samo zacznie je\u015b\u0107, poniewa\u017c mo\u017ce to nigdy nie nast\u0105pi\u0107. Zamiast tego podaj mu porcj\u0119 starej karmy i spr\u00f3buj ponownie p\u00f3\u017aniej lub przetestuj inny smak nowej karmy.<\/p>\n<h2>PLAN ZMIANY KARMY U M\u0141ODEGO KOTA<\/h2>\n<ul>\n<li>Dni 1-3: 20% nowej karmy i 80% starej karmy<\/li>\n<li>Dni 4-7: 40% nowej karmy i 60% starej karmy<\/li>\n<li>Dni 8-10: 60% nowej karmy i 40% starej karmy<\/li>\n<li>Dni 11-14: 80% nowej karmy i 20% starej karmy<\/li>\n<li>Od 15. dnia: 100% nowej karmy w misce<\/li>\n<\/ul>\n<p>Karmy odpowiednie dla koci\u0105t:<\/p>\n<ul>\n<li>Sucha karma:\u00a0<a href=\"https:\/\/bozita.com\/pl\/karma-dla-kot\u00f3w\/kitten-bez-dodatku-zboz-kurczak\/\">Bozita Kitten z kurczakiem, bez dodatku zb\u00f3\u017c<\/a><\/li>\n<li>Mokra karma:\u00a0<a title=\"Bozita Kitten, kawa\u0142ki w galaretce\" href=\"https:\/\/www.bozita.pl\/karma-dla-kot%C3%B3w\/feline-function\/karma-mokra-kitten\">Bozita Kitten, kawa\u0142ki w galaretce<\/a><\/li>\n<\/ul>\n\t\t\t<\/div>\n\t\t<\/div>\n\t<\/div>\n\n\n\n\t<section class=\"block related-articles\">\n\t\t<div class=\"container\">\n\t\t\t<h2>Artyku\u0142y powi\u0105zane<\/h2>\n\t\t\t<div class=\"row justify-content-center\">\n\t\t\t\t\t\t\t<\/div>\n\t\t<\/div>\n\t<\/section>\n","protected":false},"excerpt":{"rendered":"","protected":false},"author":1,"featured_media":6836,"parent":6774,"menu_order":0,"comment_status":"closed","ping_status":"closed","template":"guternberg.php","meta":{"footnotes":""},"acf":[],"yoast_head":"<!-- This site is optimized with the Yoast SEO plugin v21.3 - https:\/\/yoast.com\/wordpress\/plugins\/seo\/ -->\n<title>Zmiana karmy u kota - jak j\u0105 przeprowadzi\u0107? | Bozita Polska<\/title>\n<meta name=\"description\" content=\"Je\u015bli chcesz przestawi\u0107 swojego kota na now\u0105 karm\u0119, daj mu troch\u0119 czasu. Zbyt szybka zmiana karmy u kota mo\u017ce prowadzi\u0107 do biegunki, wymiot\u00f3w lub zapar\u0107..\" \/>\n<meta name=\"robots\" content=\"index, follow, max-snippet:-1, max-image-preview:large, max-video-preview:-1\" \/>\n<link rel=\"canonical\" href=\"https:\/\/bozita.com\/pl\/karma-dla-kotow\/zywienie-i-dieta\/zmiana-karmy-u-kota-jak-ja-przeprowadzic\/\" \/>\n<meta property=\"og:locale\" content=\"pl_PL\" \/>\n<meta property=\"og:type\" content=\"article\" \/>\n<meta property=\"og:title\" content=\"Zmiana karmy u kota - jak j\u0105 przeprowadzi\u0107? | Bozita Polska\" \/>\n<meta property=\"og:description\" content=\"Je\u015bli chcesz przestawi\u0107 swojego kota na now\u0105 karm\u0119, daj mu troch\u0119 czasu. Zbyt szybka zmiana karmy u kota mo\u017ce prowadzi\u0107 do biegunki, wymiot\u00f3w lub zapar\u0107..\" \/>\n<meta property=\"og:url\" content=\"https:\/\/bozita.com\/pl\/karma-dla-kotow\/zywienie-i-dieta\/zmiana-karmy-u-kota-jak-ja-przeprowadzic\/\" \/>\n<meta property=\"og:site_name\" content=\"Bozita Polska\" \/>\n<meta property=\"article:modified_time\" content=\"2022-09-29T05:57:39+00:00\" \/>\n<meta property=\"og:image\" content=\"https:\/\/bozita.com\/pl\/wp-content\/uploads\/sites\/9\/2021\/08\/bozita-byta-foder-vuxen-katt.jpg\" \/>\n\t<meta property=\"og:image:width\" content=\"800\" \/>\n\t<meta property=\"og:image:height\" content=\"532\" \/>\n\t<meta property=\"og:image:type\" content=\"image\/jpeg\" \/>\n<meta name=\"twitter:card\" content=\"summary_large_image\" \/>\n<!-- \/ Yoast SEO plugin. -->","yoast_head_json":{"title":"Zmiana karmy u kota - jak j\u0105 przeprowadzi\u0107? | Bozita Polska","description":"Je\u015bli chcesz przestawi\u0107 swojego kota na now\u0105 karm\u0119, daj mu troch\u0119 czasu. Zbyt szybka zmiana karmy u kota mo\u017ce prowadzi\u0107 do biegunki, wymiot\u00f3w lub zapar\u0107..","robots":{"index":"index","follow":"follow","max-snippet":"max-snippet:-1","max-image-preview":"max-image-preview:large","max-video-preview":"max-video-preview:-1"},"canonical":"https:\/\/bozita.com\/pl\/karma-dla-kotow\/zywienie-i-dieta\/zmiana-karmy-u-kota-jak-ja-przeprowadzic\/","og_locale":"pl_PL","og_type":"article","og_title":"Zmiana karmy u kota - jak j\u0105 przeprowadzi\u0107? | Bozita Polska","og_description":"Je\u015bli chcesz przestawi\u0107 swojego kota na now\u0105 karm\u0119, daj mu troch\u0119 czasu. Zbyt szybka zmiana karmy u kota mo\u017ce prowadzi\u0107 do biegunki, wymiot\u00f3w lub zapar\u0107..","og_url":"https:\/\/bozita.com\/pl\/karma-dla-kotow\/zywienie-i-dieta\/zmiana-karmy-u-kota-jak-ja-przeprowadzic\/","og_site_name":"Bozita Polska","article_modified_time":"2022-09-29T05:57:39+00:00","og_image":[{"width":800,"height":532,"url":"https:\/\/bozita.com\/pl\/wp-content\/uploads\/sites\/9\/2021\/08\/bozita-byta-foder-vuxen-katt.jpg","type":"image\/jpeg"}],"twitter_card":"summary_large_image","schema":{"@context":"https:\/\/schema.org","@graph":[{"@type":"WebPage","@id":"https:\/\/bozita.com\/pl\/karma-dla-kotow\/zywienie-i-dieta\/zmiana-karmy-u-kota-jak-ja-przeprowadzic\/","url":"https:\/\/bozita.com\/pl\/karma-dla-kotow\/zywienie-i-dieta\/zmiana-karmy-u-kota-jak-ja-przeprowadzic\/","name":"Zmiana karmy u kota - jak j\u0105 przeprowadzi\u0107? | Bozita Polska","isPartOf":{"@id":"https:\/\/bozita.com\/pl\/#website"},"datePublished":"2021-08-10T13:09:14+00:00","dateModified":"2022-09-29T05:57:39+00:00","description":"Je\u015bli chcesz przestawi\u0107 swojego kota na now\u0105 karm\u0119, daj mu troch\u0119 czasu. Zbyt szybka zmiana karmy u kota mo\u017ce prowadzi\u0107 do biegunki, wymiot\u00f3w lub zapar\u0107..","breadcrumb":{"@id":"https:\/\/bozita.com\/pl\/karma-dla-kotow\/zywienie-i-dieta\/zmiana-karmy-u-kota-jak-ja-przeprowadzic\/#breadcrumb"},"inLanguage":"pl-PL","potentialAction":[{"@type":"ReadAction","target":["https:\/\/bozita.com\/pl\/karma-dla-kotow\/zywienie-i-dieta\/zmiana-karmy-u-kota-jak-ja-przeprowadzic\/"]}]},{"@type":"BreadcrumbList","@id":"https:\/\/bozita.com\/pl\/karma-dla-kotow\/zywienie-i-dieta\/zmiana-karmy-u-kota-jak-ja-przeprowadzic\/#breadcrumb","itemListElement":[{"@type":"ListItem","position":1,"name":"Home","item":"https:\/\/bozita.com\/pl\/"},{"@type":"ListItem","position":2,"name":"Karma dla kota od Bozita &#8211; naturalne \u017cywienie kota","item":"https:\/\/bozita.com\/pl\/karma-dla-kotow\/"},{"@type":"ListItem","position":3,"name":"\u017bywienie kota i Dieta dla kota","item":"https:\/\/bozita.com\/pl\/karma-dla-kotow\/zywienie-i-dieta\/"},{"@type":"ListItem","position":4,"name":"Zmiana karmy u kota &#8211; jak j\u0105 przeprowadzi\u0107?"}]},{"@type":"WebSite","@id":"https:\/\/bozita.com\/pl\/#website","url":"https:\/\/bozita.com\/pl\/","name":"Bozita Polska","description":"","potentialAction":[{"@type":"SearchAction","target":{"@type":"EntryPoint","urlTemplate":"https:\/\/bozita.com\/pl\/?s={search_term_string}"},"query-input":"required name=search_term_string"}],"inLanguage":"pl-PL"}]}},"_links":{"self":[{"href":"https:\/\/bozita.com\/pl\/wp-json\/wp\/v2\/pages\/6835"}],"collection":[{"href":"https:\/\/bozita.com\/pl\/wp-json\/wp\/v2\/pages"}],"about":[{"href":"https:\/\/bozita.com\/pl\/wp-json\/wp\/v2\/types\/page"}],"author":[{"embeddable":true,"href":"https:\/\/bozita.com\/pl\/wp-json\/wp\/v2\/users\/1"}],"replies":[{"embeddable":true,"href":"https:\/\/bozita.com\/pl\/wp-json\/wp\/v2\/comments?post=6835"}],"version-history":[{"count":10,"href":"https:\/\/bozita.com\/pl\/wp-json\/wp\/v2\/pages\/6835\/revisions"}],"predecessor-version":[{"id":9474,"href":"https:\/\/bozita.com\/pl\/wp-json\/wp\/v2\/pages\/6835\/revisions\/9474"}],"up":[{"embeddable":true,"href":"https:\/\/bozita.com\/pl\/wp-json\/wp\/v2\/pages\/6774"}],"wp:featuredmedia":[{"embeddable":true,"href":"https:\/\/bozita.com\/pl\/wp-json\/wp\/v2\/media\/6836"}],"wp:attachment":[{"href":"https:\/\/bozita.com\/pl\/wp-json\/wp\/v2\/media?parent=6835"}],"curies":[{"name":"wp","href":"https:\/\/api.w.org\/{rel}","templated":true}]}}