{"id":6838,"date":"2021-08-10T13:08:19","date_gmt":"2021-08-10T13:08:19","guid":{"rendered":"https:\/\/bozita.com\/pl\/karma-dla-kotow\/zywienie-i-dieta\/karmienie-kociaka-jaka-karma-jest-odpowiednia\/"},"modified":"2022-09-29T05:56:44","modified_gmt":"2022-09-29T05:56:44","slug":"karmienie-kociaka-jaka-karma-jest-odpowiednia","status":"publish","type":"page","link":"https:\/\/bozita.com\/pl\/karma-dla-kotow\/zywienie-i-dieta\/karmienie-kociaka-jaka-karma-jest-odpowiednia\/","title":{"rendered":"Karmienie kociaka &#8211; jaka karma jest dobra?"},"content":{"rendered":"\t\t<section class=\"small-hero\">\n\t\t\t<div class=\"container\">\n\t\t\t\t<h1 class=\"small-hero-title\">KARMIENIE KOCIAKA \u2013 JAKA KARMA JEST ODPOWIEDNIA?<\/h1>\t\t\t<\/div>\n\t\t\t<\/div>\n\t\t<\/section>\n\t\n\n\t<div class=\"text-box-warp\">\n\t\t<div class=\"container\">\n\t\t\t<div class=\"text-content\">\n\t\t\t\t<p><strong>Prawid\u0142owe karmienie kociaka ma ogromne znaczenie dla jego zdrowia i w\u0142a\u015bciwego rozwoju, a rosn\u0105ce kociaki maj\u0105 zdecydowanie wi\u0119ksze zapotrzebowanie na energi\u0119 ni\u017c doros\u0142e koty. Dlatego wa\u017cne jest, aby karma dla kociaka zaspokaja\u0142a jego potrzeby. W\u00f3wczas masz pewno\u015b\u0107, \u017ce otrzymuje on wszystkie niezb\u0119dne sk\u0142adniki od\u017cywcze w odpowiedniej ilo\u015bci.<\/strong><\/p>\n<p>Karma dla kociaka powinna by\u0107 bogata w kalorie i bia\u0142ko, aby zapewni\u0107 mu optymaln\u0105 mo\u017cliwo\u015b\u0107 dorastania, a zr\u00f3wnowa\u017cona zawarto\u015b\u0107 minera\u0142\u00f3w w karmie pozwoli na odpowiedni rozw\u00f3j szkieletu.<\/p>\n<p>Upewnij si\u0119 te\u017c, \u017ce Tw\u00f3j kociak ma zawsze dost\u0119p do \u015bwie\u017cej i czystej wody, najlepiej w kilku r\u00f3\u017cnych miejscach. Nie podawaj mu jednak mleka; mo\u017ce ono wywo\u0142a\u0107 problemy z trawieniem.<\/p>\n<h2>JAK\u0104 KARMA DLA KOCIAKA JEST NAJLEPSZA &#8211; SUCHA CZY MOKRA?<\/h2>\n<p>Najwa\u017cniejsze jest, \u017ceby\u015b podawa\u0142 kociakowi karm\u0119 dopasowan\u0105 do jego wieku i stopnia aktywno\u015bci. Zar\u00f3wno mokra, jak i sucha karma dla kociaka ma swoje zalety, ale to Ty i Tw\u00f3j kociak zdecydujecie o tym, kt\u00f3r\u0105 b\u0119dzie dostawa\u0142. Mo\u017ce to by\u0107 r\u00f3wnie\u017c po\u0142\u0105czenie ich obu.<\/p>\n<p>Zalet\u0105 suchej karmy jest to, \u017ce mo\u017cesz nasypa\u0107 j\u0105, a kociak sam zdecyduje, kiedy ma ochot\u0119 na jedzenie. Dzi\u0119ki temu je si\u0119 w najbardziej naturalny spos\u00f3b &#8211; kilka razy dziennie, w niewielkich ilo\u015bciach. Jednak nie wszystkie koci\u0119ta potrafi\u0105 same regulowa\u0107 ilo\u015b\u0107 spo\u017cywanego jedzenia, wi\u0119c to Ty musisz poda\u0107 je swojemu pupilowi w porcjach kilka razy dziennie.<\/p>\n<p>Plusem mokrej karmy jest to, \u017ce spe\u0142nia te\u017c zapotrzebowanie kota na p\u0142yny. Mo\u017ce te\u017c by\u0107 dobrym rozwi\u0105zaniem dla \u017car\u0142ocznych koci\u0105t. Potrzebuj\u0105 one du\u017co energii i kalorii, ale nie mog\u0105 rosn\u0105\u0107 zbyt szybko, a mokra karma jest dzi\u0119ki temu dobrym wyborem. Zapewni kociakowi uczucie syto\u015bci bez zawy\u017conej ilo\u015bci kalorii.<\/p>\n<h2>KARMIENIE KOCIAKA &#8211; JAK DU\u017bO POWINIEN JE\u015a\u0106 KOCIAK?<\/h2>\n<p>Ilo\u015b\u0107 spo\u017cywanego jedzenia powinna zale\u017ce\u0107 od rozmiaru kota. Skorzystaj z instrukcji widocznych na opakowaniu karmy dla koci\u0105t, kt\u00f3ra wyja\u015bnia jak powinno wygl\u0105da\u0107 karmienie kociaka.<\/p>\n<p>Wa\u017cne jest jednak, aby nie pozwoli\u0107 na zbyt szybki wzrost kociaka. Normalny przebieg rozwoju zak\u0142ada, \u017ce kociak osi\u0105gnie swoj\u0105 doros\u0142\u0105 wag\u0119 mi\u0119dzy 8, a 12 miesi\u0105cem \u017cycia. Je\u015bli zauwa\u017cysz, \u017ce jego waga zwi\u0119ksza si\u0119 zbyt szybko, mo\u017cesz zmniejszy\u0107 ilo\u015b\u0107 podawanej codziennie karmy.<\/p>\n<h2>KARMIENIE KOCIAKA &#8211; JAK CZ\u0118STO POWINIEN JE\u015a\u0106 KOCIAK?<\/h2>\n<p>Wa\u017cne jest, aby pami\u0119ta\u0107 o tym, \u017ce wysokokaloryczna karma (np. karma dla koci\u0105t) szybko zapewni uczucie nasycenia, a pomimo tego, \u017ce kociaki maj\u0105 du\u017cy apetyt, maj\u0105 te\u017c ma\u0142e \u017co\u0142\u0105dki. Podawaj kociakowi niewielkie ilo\u015bci jedzenia co najmniej 4 razy w ci\u0105gu dnia, dzi\u0119ki czemu upewnisz si\u0119, \u017ce spo\u017cywa on odpowiedni\u0105 ilo\u015b\u0107 karmy ka\u017cdego dnia.<\/p>\n<ul>\n<li><a title=\"Bozita Kitten\" href=\"https:\/\/bozita.com\/pl\/karma-dla-kot\u00f3w\/kitten-bez-dodatku-zboz-kurczak\/\">Zam\u00f3w darmow\u0105 pr\u00f3bk\u0119 karmy dla koci\u0105t Bozita<\/a><\/li>\n<\/ul>\n<p><strong>Wi\u0119cej informacji:<\/strong><\/p>\n<ul>\n<li><a title=\"Co jedz\u0105 koty i czym karmi\u0107 kota?\" href=\"https:\/\/bozita.com\/pl\/karma-dla-kotow\/zywienie-i-dieta\/co-jedza-koty-i-czym-karmic-kota\/\">Co i jak powinien je\u015b\u0107 starszy kot?<\/a><\/li>\n<li><a title=\"Zmiana karmy u kota \u2013 jak j\u0105 przeprowadzi\u0107\" href=\"https:\/\/bozita.com\/pl\/karma-dla-kotow\/zywienie-i-dieta\/zmiana-karmy-u-kota-jak-ja-przeprowadzic\/\">Przej\u015bcie do karmy dla doros\u0142ych kot\u00f3w &#8211; Zr\u00f3b to tak<\/a><\/li>\n<li><a title=\"Co robi\u0107, gdy kot nie chce je\u015b\u0107 lub pi\u0107\" href=\"https:\/\/bozita.com\/pl\/karma-dla-kotow\/zywienie-i-dieta\/co-robic-gdy-kot-nie-chce-jesc-lub-pic\/\">Co zrobi\u0107, kiedy kot nie je i nie pije<\/a><\/li>\n<\/ul>\n\t\t\t<\/div>\n\t\t<\/div>\n\t<\/div>\n\n\n\n\t<section class=\"block related-articles\">\n\t\t<div class=\"container\">\n\t\t\t<h2>Artyku\u0142y powi\u0105zane<\/h2>\n\t\t\t<div class=\"row justify-content-center\">\n\t\t\t\t\t\t\t\t\t\t<div class=\"col-sm-6 col-md-6 col-lg-3\">\n\t\t\t\t\t\t\t\t\t\t\t\t\t\t<div class=\"card \">\n\t\t\t\t\t\t\t\t\t\t\t\t\t\t\t\t\t<img decoding=\"async\"  src=\"https:\/\/bozita.com\/pl\/wp-content\/uploads\/sites\/9\/2021\/08\/bozita-byta-foder-vuxen-katt.jpg\" alt=\"\">\n\t\t\t\t\t\t\t\t\t\t\t\t\t\t\t\t\t<!-- <img decoding=\"async\" src=\"\n\t\t\t\t\t\t\t\t\t\t\t\t\t\t\t\t\t\t\t\t\" alt=\"\n\t\t\t\t\t\t\t\t\t\t\t\t\t\t\t\t\t\t\t\t\t\t\t\t\t\t\t\"> -->\n\t\t\t\t\t\t\t\t<div class=\"card-body\">\n\t\t\t\t\t\t\t\t\t\t\t\t\t\t\t\t\t\t\t<h6>Zmiana karmy u kota &#8211; jak j\u0105 przeprowadzi\u0107?<\/h6>\n\t\t\t\t\t\t\t\t\t\t\t\t\t\t\t\t\t\t\t<a href=\"https:\/\/bozita.com\/pl\/karma-dla-kotow\/zywienie-i-dieta\/zmiana-karmy-u-kota-jak-ja-przeprowadzic\/\">Czytaj wi\u0119cej &nbsp; ><\/a>\n\t\t\t\t\t\t\t\t<\/div>\n\t\t\t\t\t\t\t<\/div>\n\t\t\t\t\t\t<\/div>\n\n\t\t\t\t\t\t\t\t\t\t\t<div class=\"col-sm-6 col-md-6 col-lg-3\">\n\t\t\t\t\t\t\t\t\t\t\t\t\t\t<div class=\"card \">\n\t\t\t\t\t\t\t\t\t\t\t\t\t\t\t\t\t<img decoding=\"async\"  src=\"https:\/\/bozita.com\/pl\/wp-content\/uploads\/sites\/9\/2021\/08\/bozita-katt-ater-inte-dricker-inte-krasen-dalig-aptit.jpg\" alt=\"\">\n\t\t\t\t\t\t\t\t\t\t\t\t\t\t\t\t\t<!-- <img decoding=\"async\" src=\"\n\t\t\t\t\t\t\t\t\t\t\t\t\t\t\t\t\t\t\t\t\" alt=\"\n\t\t\t\t\t\t\t\t\t\t\t\t\t\t\t\t\t\t\t\t\t\t\t\t\t\t\t\"> -->\n\t\t\t\t\t\t\t\t<div class=\"card-body\">\n\t\t\t\t\t\t\t\t\t\t\t\t\t\t\t\t\t\t\t<h6>Co robi\u0107, gdy kot nie chce je\u015b\u0107 lub pi\u0107?<\/h6>\n\t\t\t\t\t\t\t\t\t\t\t\t\t\t\t\t\t\t\t<a href=\"https:\/\/bozita.com\/pl\/karma-dla-kotow\/zywienie-i-dieta\/co-robic-gdy-kot-nie-chce-jesc-lub-pic\/\">Czytaj wi\u0119cej &nbsp; ><\/a>\n\t\t\t\t\t\t\t\t<\/div>\n\t\t\t\t\t\t\t<\/div>\n\t\t\t\t\t\t<\/div>\n\n\t\t\t\t\t\t\t\t\t\t\t<div class=\"col-sm-6 col-md-6 col-lg-3\">\n\t\t\t\t\t\t\t\t\t\t\t\t\t\t<div class=\"card \">\n\t\t\t\t\t\t\t\t\t\t\t\t\t\t\t\t\t<img decoding=\"async\"  src=\"https:\/\/bozita.com\/pl\/wp-content\/uploads\/sites\/9\/2021\/08\/bozita-katter-ar-kottatare.jpg\" alt=\"\">\n\t\t\t\t\t\t\t\t\t\t\t\t\t\t\t\t\t<!-- <img decoding=\"async\" src=\"\n\t\t\t\t\t\t\t\t\t\t\t\t\t\t\t\t\t\t\t\t\" alt=\"\n\t\t\t\t\t\t\t\t\t\t\t\t\t\t\t\t\t\t\t\t\t\t\t\t\t\t\t\"> -->\n\t\t\t\t\t\t\t\t<div class=\"card-body\">\n\t\t\t\t\t\t\t\t\t\t\t\t\t\t\t\t\t\t\t<h6>Co jedz\u0105 koty i ile karmy powinny otrzymywa\u0107?<\/h6>\n\t\t\t\t\t\t\t\t\t\t\t\t\t\t\t\t\t\t\t<a href=\"https:\/\/bozita.com\/pl\/karma-dla-kotow\/zywienie-i-dieta\/co-jedza-koty-i-czym-karmic-kota\/\">Czytaj wi\u0119cej &nbsp; ><\/a>\n\t\t\t\t\t\t\t\t<\/div>\n\t\t\t\t\t\t\t<\/div>\n\t\t\t\t\t\t<\/div>\n\n\t\t\t\t\t\t\t\t\t\t\t\t<\/div>\n\t\t<\/div>\n\t<\/section>\n","protected":false},"excerpt":{"rendered":"","protected":false},"author":1,"featured_media":6698,"parent":6774,"menu_order":0,"comment_status":"closed","ping_status":"closed","template":"guternberg.php","meta":{"footnotes":""},"acf":[],"yoast_head":"<!-- This site is optimized with the Yoast SEO plugin v21.3 - https:\/\/yoast.com\/wordpress\/plugins\/seo\/ -->\n<title>Karmienie kociaka - jaka karma jest dobra? | Bozita Polska<\/title>\n<meta name=\"description\" content=\"Karmienie kociaka - co nale\u017cy wiedzie\u0107? Bozita podpowie Ci jaka karma dla kociaka b\u0119dzie dla niego najlepsza i jak cz\u0119sto nale\u017cy go ni\u0105 karmi\u0107.\" \/>\n<meta name=\"robots\" content=\"index, follow, max-snippet:-1, max-image-preview:large, max-video-preview:-1\" \/>\n<link rel=\"canonical\" href=\"https:\/\/bozita.com\/pl\/karma-dla-kotow\/zywienie-i-dieta\/karmienie-kociaka-jaka-karma-jest-odpowiednia\/\" \/>\n<meta property=\"og:locale\" content=\"pl_PL\" \/>\n<meta property=\"og:type\" content=\"article\" \/>\n<meta property=\"og:title\" content=\"Karmienie kociaka - jaka karma jest dobra? | Bozita Polska\" \/>\n<meta property=\"og:description\" content=\"Karmienie kociaka - co nale\u017cy wiedzie\u0107? Bozita podpowie Ci jaka karma dla kociaka b\u0119dzie dla niego najlepsza i jak cz\u0119sto nale\u017cy go ni\u0105 karmi\u0107.\" \/>\n<meta property=\"og:url\" content=\"https:\/\/bozita.com\/pl\/karma-dla-kotow\/zywienie-i-dieta\/karmienie-kociaka-jaka-karma-jest-odpowiednia\/\" \/>\n<meta property=\"og:site_name\" content=\"Bozita Polska\" \/>\n<meta property=\"article:modified_time\" content=\"2022-09-29T05:56:44+00:00\" \/>\n<meta property=\"og:image\" content=\"https:\/\/bozita.com\/pl\/wp-content\/uploads\/sites\/9\/2021\/08\/bozita_swedish-natural-quality.jpg\" \/>\n\t<meta property=\"og:image:width\" content=\"800\" \/>\n\t<meta property=\"og:image:height\" content=\"533\" \/>\n\t<meta property=\"og:image:type\" content=\"image\/jpeg\" \/>\n<meta name=\"twitter:card\" content=\"summary_large_image\" \/>\n<!-- \/ Yoast SEO plugin. -->","yoast_head_json":{"title":"Karmienie kociaka - jaka karma jest dobra? | Bozita Polska","description":"Karmienie kociaka - co nale\u017cy wiedzie\u0107? Bozita podpowie Ci jaka karma dla kociaka b\u0119dzie dla niego najlepsza i jak cz\u0119sto nale\u017cy go ni\u0105 karmi\u0107.","robots":{"index":"index","follow":"follow","max-snippet":"max-snippet:-1","max-image-preview":"max-image-preview:large","max-video-preview":"max-video-preview:-1"},"canonical":"https:\/\/bozita.com\/pl\/karma-dla-kotow\/zywienie-i-dieta\/karmienie-kociaka-jaka-karma-jest-odpowiednia\/","og_locale":"pl_PL","og_type":"article","og_title":"Karmienie kociaka - jaka karma jest dobra? | Bozita Polska","og_description":"Karmienie kociaka - co nale\u017cy wiedzie\u0107? Bozita podpowie Ci jaka karma dla kociaka b\u0119dzie dla niego najlepsza i jak cz\u0119sto nale\u017cy go ni\u0105 karmi\u0107.","og_url":"https:\/\/bozita.com\/pl\/karma-dla-kotow\/zywienie-i-dieta\/karmienie-kociaka-jaka-karma-jest-odpowiednia\/","og_site_name":"Bozita Polska","article_modified_time":"2022-09-29T05:56:44+00:00","og_image":[{"width":800,"height":533,"url":"https:\/\/bozita.com\/pl\/wp-content\/uploads\/sites\/9\/2021\/08\/bozita_swedish-natural-quality.jpg","type":"image\/jpeg"}],"twitter_card":"summary_large_image","schema":{"@context":"https:\/\/schema.org","@graph":[{"@type":"WebPage","@id":"https:\/\/bozita.com\/pl\/karma-dla-kotow\/zywienie-i-dieta\/karmienie-kociaka-jaka-karma-jest-odpowiednia\/","url":"https:\/\/bozita.com\/pl\/karma-dla-kotow\/zywienie-i-dieta\/karmienie-kociaka-jaka-karma-jest-odpowiednia\/","name":"Karmienie kociaka - jaka karma jest dobra? | Bozita Polska","isPartOf":{"@id":"https:\/\/bozita.com\/pl\/#website"},"datePublished":"2021-08-10T13:08:19+00:00","dateModified":"2022-09-29T05:56:44+00:00","description":"Karmienie kociaka - co nale\u017cy wiedzie\u0107? Bozita podpowie Ci jaka karma dla kociaka b\u0119dzie dla niego najlepsza i jak cz\u0119sto nale\u017cy go ni\u0105 karmi\u0107.","breadcrumb":{"@id":"https:\/\/bozita.com\/pl\/karma-dla-kotow\/zywienie-i-dieta\/karmienie-kociaka-jaka-karma-jest-odpowiednia\/#breadcrumb"},"inLanguage":"pl-PL","potentialAction":[{"@type":"ReadAction","target":["https:\/\/bozita.com\/pl\/karma-dla-kotow\/zywienie-i-dieta\/karmienie-kociaka-jaka-karma-jest-odpowiednia\/"]}]},{"@type":"BreadcrumbList","@id":"https:\/\/bozita.com\/pl\/karma-dla-kotow\/zywienie-i-dieta\/karmienie-kociaka-jaka-karma-jest-odpowiednia\/#breadcrumb","itemListElement":[{"@type":"ListItem","position":1,"name":"Home","item":"https:\/\/bozita.com\/pl\/"},{"@type":"ListItem","position":2,"name":"Karma dla kota od Bozita &#8211; naturalne \u017cywienie kota","item":"https:\/\/bozita.com\/pl\/karma-dla-kotow\/"},{"@type":"ListItem","position":3,"name":"\u017bywienie kota i Dieta dla kota","item":"https:\/\/bozita.com\/pl\/karma-dla-kotow\/zywienie-i-dieta\/"},{"@type":"ListItem","position":4,"name":"Karmienie kociaka &#8211; jaka karma jest dobra?"}]},{"@type":"WebSite","@id":"https:\/\/bozita.com\/pl\/#website","url":"https:\/\/bozita.com\/pl\/","name":"Bozita Polska","description":"","potentialAction":[{"@type":"SearchAction","target":{"@type":"EntryPoint","urlTemplate":"https:\/\/bozita.com\/pl\/?s={search_term_string}"},"query-input":"required name=search_term_string"}],"inLanguage":"pl-PL"}]}},"_links":{"self":[{"href":"https:\/\/bozita.com\/pl\/wp-json\/wp\/v2\/pages\/6838"}],"collection":[{"href":"https:\/\/bozita.com\/pl\/wp-json\/wp\/v2\/pages"}],"about":[{"href":"https:\/\/bozita.com\/pl\/wp-json\/wp\/v2\/types\/page"}],"author":[{"embeddable":true,"href":"https:\/\/bozita.com\/pl\/wp-json\/wp\/v2\/users\/1"}],"replies":[{"embeddable":true,"href":"https:\/\/bozita.com\/pl\/wp-json\/wp\/v2\/comments?post=6838"}],"version-history":[{"count":11,"href":"https:\/\/bozita.com\/pl\/wp-json\/wp\/v2\/pages\/6838\/revisions"}],"predecessor-version":[{"id":9473,"href":"https:\/\/bozita.com\/pl\/wp-json\/wp\/v2\/pages\/6838\/revisions\/9473"}],"up":[{"embeddable":true,"href":"https:\/\/bozita.com\/pl\/wp-json\/wp\/v2\/pages\/6774"}],"wp:featuredmedia":[{"embeddable":true,"href":"https:\/\/bozita.com\/pl\/wp-json\/wp\/v2\/media\/6698"}],"wp:attachment":[{"href":"https:\/\/bozita.com\/pl\/wp-json\/wp\/v2\/media?parent=6838"}],"curies":[{"name":"wp","href":"https:\/\/api.w.org\/{rel}","templated":true}]}}