{"id":6839,"date":"2021-08-10T13:08:10","date_gmt":"2021-08-10T13:08:10","guid":{"rendered":"https:\/\/bozita.com\/pl\/?page_id=6839"},"modified":"2022-12-20T06:19:44","modified_gmt":"2022-12-20T06:19:44","slug":"znajdz-sklep","status":"publish","type":"page","link":"https:\/\/bozita.com\/pl\/znajdz-sklep\/","title":{"rendered":"Znajd\u017a sklep"},"content":{"rendered":"","protected":false},"excerpt":{"rendered":"","protected":false},"author":4,"featured_media":6698,"parent":0,"menu_order":0,"comment_status":"closed","ping_status":"closed","template":"template-locations.php","meta":{"footnotes":""},"acf":[],"yoast_head":"<!-- This site is optimized with the Yoast SEO plugin v21.3 - https:\/\/yoast.com\/wordpress\/plugins\/seo\/ -->\n<title>Znajd\u017a sklep | Bozita Polska<\/title>\n<meta name=\"description\" content=\"W Bozita starannie wybieramy sklepy, aby zapewni\u0107 Pa\u0144stwu jak najlepsz\u0105 obs\u0142ug\u0119 przy zakupie naszych karm.\" \/>\n<meta name=\"robots\" content=\"index, follow, max-snippet:-1, max-image-preview:large, max-video-preview:-1\" \/>\n<link rel=\"canonical\" href=\"https:\/\/bozita.com\/pl\/znajdz-sklep\/\" \/>\n<meta property=\"og:locale\" content=\"pl_PL\" \/>\n<meta property=\"og:type\" content=\"article\" \/>\n<meta property=\"og:title\" content=\"Znajd\u017a sklep | Bozita Polska\" \/>\n<meta property=\"og:description\" content=\"W Bozita starannie wybieramy sklepy, aby zapewni\u0107 Pa\u0144stwu jak najlepsz\u0105 obs\u0142ug\u0119 przy zakupie naszych karm.\" \/>\n<meta property=\"og:url\" content=\"https:\/\/bozita.com\/pl\/znajdz-sklep\/\" \/>\n<meta property=\"og:site_name\" content=\"Bozita Polska\" \/>\n<meta property=\"article:modified_time\" content=\"2022-12-20T06:19:44+00:00\" \/>\n<meta property=\"og:image\" content=\"https:\/\/bozita.com\/pl\/wp-content\/uploads\/sites\/9\/2021\/08\/bozita_swedish-natural-quality.jpg\" \/>\n\t<meta property=\"og:image:width\" content=\"800\" \/>\n\t<meta property=\"og:image:height\" content=\"533\" \/>\n\t<meta property=\"og:image:type\" content=\"image\/jpeg\" \/>\n<meta name=\"twitter:card\" content=\"summary_large_image\" \/>\n<!-- \/ Yoast SEO plugin. -->","yoast_head_json":{"title":"Znajd\u017a sklep | Bozita Polska","description":"W Bozita starannie wybieramy sklepy, aby zapewni\u0107 Pa\u0144stwu jak najlepsz\u0105 obs\u0142ug\u0119 przy zakupie naszych karm.","robots":{"index":"index","follow":"follow","max-snippet":"max-snippet:-1","max-image-preview":"max-image-preview:large","max-video-preview":"max-video-preview:-1"},"canonical":"https:\/\/bozita.com\/pl\/znajdz-sklep\/","og_locale":"pl_PL","og_type":"article","og_title":"Znajd\u017a sklep | Bozita Polska","og_description":"W Bozita starannie wybieramy sklepy, aby zapewni\u0107 Pa\u0144stwu jak najlepsz\u0105 obs\u0142ug\u0119 przy zakupie naszych karm.","og_url":"https:\/\/bozita.com\/pl\/znajdz-sklep\/","og_site_name":"Bozita Polska","article_modified_time":"2022-12-20T06:19:44+00:00","og_image":[{"width":800,"height":533,"url":"https:\/\/bozita.com\/pl\/wp-content\/uploads\/sites\/9\/2021\/08\/bozita_swedish-natural-quality.jpg","type":"image\/jpeg"}],"twitter_card":"summary_large_image","schema":{"@context":"https:\/\/schema.org","@graph":[{"@type":"WebPage","@id":"https:\/\/bozita.com\/pl\/znajdz-sklep\/","url":"https:\/\/bozita.com\/pl\/znajdz-sklep\/","name":"Znajd\u017a sklep | Bozita Polska","isPartOf":{"@id":"https:\/\/bozita.com\/pl\/#website"},"datePublished":"2021-08-10T13:08:10+00:00","dateModified":"2022-12-20T06:19:44+00:00","description":"W Bozita starannie wybieramy sklepy, aby zapewni\u0107 Pa\u0144stwu jak najlepsz\u0105 obs\u0142ug\u0119 przy zakupie naszych karm.","breadcrumb":{"@id":"https:\/\/bozita.com\/pl\/znajdz-sklep\/#breadcrumb"},"inLanguage":"pl-PL","potentialAction":[{"@type":"ReadAction","target":["https:\/\/bozita.com\/pl\/znajdz-sklep\/"]}]},{"@type":"BreadcrumbList","@id":"https:\/\/bozita.com\/pl\/znajdz-sklep\/#breadcrumb","itemListElement":[{"@type":"ListItem","position":1,"name":"Home","item":"https:\/\/bozita.com\/pl\/"},{"@type":"ListItem","position":2,"name":"Znajd\u017a sklep"}]},{"@type":"WebSite","@id":"https:\/\/bozita.com\/pl\/#website","url":"https:\/\/bozita.com\/pl\/","name":"Bozita Polska","description":"","potentialAction":[{"@type":"SearchAction","target":{"@type":"EntryPoint","urlTemplate":"https:\/\/bozita.com\/pl\/?s={search_term_string}"},"query-input":"required name=search_term_string"}],"inLanguage":"pl-PL"}]}},"_links":{"self":[{"href":"https:\/\/bozita.com\/pl\/wp-json\/wp\/v2\/pages\/6839"}],"collection":[{"href":"https:\/\/bozita.com\/pl\/wp-json\/wp\/v2\/pages"}],"about":[{"href":"https:\/\/bozita.com\/pl\/wp-json\/wp\/v2\/types\/page"}],"author":[{"embeddable":true,"href":"https:\/\/bozita.com\/pl\/wp-json\/wp\/v2\/users\/4"}],"replies":[{"embeddable":true,"href":"https:\/\/bozita.com\/pl\/wp-json\/wp\/v2\/comments?post=6839"}],"version-history":[{"count":4,"href":"https:\/\/bozita.com\/pl\/wp-json\/wp\/v2\/pages\/6839\/revisions"}],"predecessor-version":[{"id":9706,"href":"https:\/\/bozita.com\/pl\/wp-json\/wp\/v2\/pages\/6839\/revisions\/9706"}],"wp:featuredmedia":[{"embeddable":true,"href":"https:\/\/bozita.com\/pl\/wp-json\/wp\/v2\/media\/6698"}],"wp:attachment":[{"href":"https:\/\/bozita.com\/pl\/wp-json\/wp\/v2\/media?parent=6839"}],"curies":[{"name":"wp","href":"https:\/\/api.w.org\/{rel}","templated":true}]}}