{"id":6840,"date":"2021-08-10T13:07:59","date_gmt":"2021-08-10T13:07:59","guid":{"rendered":"https:\/\/bozita.com\/pl\/zycie-z-kotem\/zdrowie-kota\/co-robic-gdy-kot-wypluwa-kulki-siersci\/"},"modified":"2022-09-29T07:04:57","modified_gmt":"2022-09-29T07:04:57","slug":"co-robic-gdy-kot-wypluwa-kulki-siersci","status":"publish","type":"page","link":"https:\/\/bozita.com\/pl\/zycie-z-kotem\/zdrowie-kota\/co-robic-gdy-kot-wypluwa-kulki-siersci\/","title":{"rendered":"Co robi\u0107, gdy kot wypluwa kulki sier\u015bci?"},"content":{"rendered":"\t\t<section class=\"small-hero\">\n\t\t\t<div class=\"container\">\n\t\t\t\t<h1 class=\"small-hero-title\">CO ROBI\u0106, GDY KOT WYPLUWA KULKI SIER\u015aCI?<\/h1>\t\t\t<\/div>\n\t\t\t<\/div>\n\t\t<\/section>\n\t\n\n\t<div class=\"text-box-warp\">\n\t\t<div class=\"container\">\n\t\t\t<div class=\"text-content\">\n\t\t\t\t<p><strong>Gdy kot si\u0119 myje, lu\u017ana sier\u015b\u0107 dostaje si\u0119 do \u017co\u0142\u0105dka, w\u00a0kt\u00f3rym formuj\u0105 si\u0119 kulki. Kot usi\u0142uje wtedy zwr\u00f3ci\u0107 po\u0142kni\u0119t\u0105 sier\u015b\u0107. Je\u015bli mu si\u0119 to nie uda, k\u0142aczki musz\u0105 przedosta\u0107 si\u0119 przez ca\u0142y uk\u0142ad pokarmowy. Stosuj\u0105c odpowiedni\u0105 piel\u0119gnacj\u0119 i\u00a0diet\u0119 bogat\u0105 w b\u0142onnik, zmniejszysz ryzyko wyst\u0105pienia ewentualnych problem\u00f3w spowodowanych przez kulki sier\u015bci.<\/strong><\/p>\n<h2>K\u0141ACZKI U KOTA MOG\u0104 POWODOWA\u0106 PROBLEMY Z\u00a0TRAWIENIEM<\/h2>\n<p>Koty s\u0142yn\u0105 z czysto\u015bci i po\u015bwi\u0119caj\u0105 kilka godzin dziennie na piel\u0119gnacj\u0119 sier\u015bci. Niestety, wylizywanie futra powoduje, \u017ce lu\u017ana sier\u015b\u0107 dostaje si\u0119 do \u017co\u0142\u0105dka, w kt\u00f3rym formuj\u0105 si\u0119 kulki. Poniewa\u017c k\u0142aczki nie rozk\u0142adaj\u0105 si\u0119 w przewodzie pokarmowym, ich obecno\u015b\u0107 mo\u017ce powodowa\u0107 problemy takie jak utrata apetytu, wymioty, biegunka b\u0105d\u017a zatwardzenie.<\/p>\n<h2>ZBAWIENNY WP\u0141YW B\u0141ONNIKA<\/h2>\n<p>W celu u\u0142atwienia tego procesu, karmy dla kot\u00f3w uzupe\u0142niane s\u0105 o dodatek b\u0142onnika. W\u0142\u00f3kna u\u0142atwiaj\u0105 podr\u00f3\u017c kulek sier\u015bci przez uk\u0142ad pokarmowy, zmniejszaj\u0105 ryzyko powik\u0142a\u0144 i dodatkowo ograniczaj\u0105 wypluwanie k\u0142aczk\u00f3w. Prawid\u0142owe dzia\u0142anie jelit jest niezwykle wa\u017cne, dlatego zach\u0119caj kota do ruchu i upewnij si\u0119, \u017ce wypija du\u017ce ilo\u015bci p\u0142yn\u00f3w.<\/p>\n<ul>\n<li><a href=\"https:\/\/bozita.com\/pl\/karma-dla-kotow\/\">Karmy Bozita zawieraj\u0105 wszystko, czego Tw\u00f3j kot potrzebuje do \u017cycia w zdrowiu<\/a><\/li>\n<li><a href=\"https:\/\/bozita.com\/pl\/karma-dla-kotow\/zywienie-i-dieta\/co-robic-gdy-kot-nie-chce-jesc-lub-pic\/\">Co robi\u0107, gdy kot nie chce je\u015b\u0107 lub pi\u0107? Wskaz\u00f3wki i porady<\/a><\/li>\n<\/ul>\n<h2>POM\u00d3\u017b KOTU W PIEL\u0118GNACJI SIER\u015aCI<\/h2>\n<p>Pom\u00f3\u017c swojemu kotu w piel\u0119gnacji sier\u015bci, aby zmniejszy\u0107 ryzyko wyst\u0105pienia problem\u00f3w spowodowanych przez k\u0142aczki. Cz\u0119sto czesz go za pomoc\u0105 szczotki do wyczesywania podszerstka oraz zwyczajnej szczotki, aby zmniejszy\u0107 ilo\u015b\u0107 lu\u017anej sier\u015bci, kt\u00f3ra mo\u017ce wyl\u0105dowa\u0107 w \u017co\u0142\u0105dku podczas codziennej piel\u0119gnacji.<\/p>\n<ul>\n<li><a href=\"https:\/\/bozita.com\/pl\/zycie-z-kotem\/zdrowie-kota\/\">Wskaz\u00f3wki i porady dla w\u0142a\u015bcicieli kot\u00f3w<\/a><\/li>\n<\/ul>\n\t\t\t<\/div>\n\t\t<\/div>\n\t<\/div>\n\n\n\n\t<section class=\"block related-articles\">\n\t\t<div class=\"container\">\n\t\t\t<h2>Artyku\u0142y powi\u0105zane<\/h2>\n\t\t\t<div class=\"row justify-content-center\">\n\t\t\t\t\t\t\t\t\t\t<div class=\"col-sm-6 col-md-6 col-lg-3\">\n\t\t\t\t\t\t\t\t\t\t\t\t\t\t<div class=\"card \">\n\t\t\t\t\t\t\t\t\t\t\t\t\t\t\t\t\t<img decoding=\"async\"  src=\"https:\/\/bozita.com\/pl\/wp-content\/uploads\/sites\/9\/2021\/08\/bozita-vaccinera-katt.jpg\" alt=\"\">\n\t\t\t\t\t\t\t\t\t\t\t\t\t\t\t\t\t<!-- <img decoding=\"async\" src=\"\n\t\t\t\t\t\t\t\t\t\t\t\t\t\t\t\t\t\t\t\t\" alt=\"\n\t\t\t\t\t\t\t\t\t\t\t\t\t\t\t\t\t\t\t\t\t\t\t\t\t\t\t\"> -->\n\t\t\t\t\t\t\t\t<div class=\"card-body\">\n\t\t\t\t\t\t\t\t\t\t\t\t\t\t\t\t\t\t\t<h6>Kiedy i jak cz\u0119sto przeprowadza\u0107 szczepienie kota?<\/h6>\n\t\t\t\t\t\t\t\t\t\t\t\t\t\t\t\t\t\t\t<a href=\"https:\/\/bozita.com\/pl\/zycie-z-kotem\/zdrowie-kota\/szczepienie-kota\/\">Read more &nbsp; ><\/a>\n\t\t\t\t\t\t\t\t<\/div>\n\t\t\t\t\t\t\t<\/div>\n\t\t\t\t\t\t<\/div>\n\n\t\t\t\t\t\t\t\t\t\t\t<div class=\"col-sm-6 col-md-6 col-lg-3\">\n\t\t\t\t\t\t\t\t\t\t\t\t\t\t<div class=\"card \">\n\t\t\t\t\t\t\t\t\t\t\t\t\t\t\t\t\t<img decoding=\"async\"  src=\"https:\/\/bozita.com\/pl\/wp-content\/uploads\/sites\/9\/2021\/08\/bozita-katter-ar-kottatare.jpg\" alt=\"\">\n\t\t\t\t\t\t\t\t\t\t\t\t\t\t\t\t\t<!-- <img decoding=\"async\" src=\"\n\t\t\t\t\t\t\t\t\t\t\t\t\t\t\t\t\t\t\t\t\" alt=\"\n\t\t\t\t\t\t\t\t\t\t\t\t\t\t\t\t\t\t\t\t\t\t\t\t\t\t\t\"> -->\n\t\t\t\t\t\t\t\t<div class=\"card-body\">\n\t\t\t\t\t\t\t\t\t\t\t\t\t\t\t\t\t\t\t<h6>Co jedz\u0105 koty i ile karmy powinny otrzymywa\u0107?<\/h6>\n\t\t\t\t\t\t\t\t\t\t\t\t\t\t\t\t\t\t\t<a href=\"https:\/\/bozita.com\/pl\/karma-dla-kotow\/zywienie-i-dieta\/co-jedza-koty-i-czym-karmic-kota\/\">Read more &nbsp; ><\/a>\n\t\t\t\t\t\t\t\t<\/div>\n\t\t\t\t\t\t\t<\/div>\n\t\t\t\t\t\t<\/div>\n\n\t\t\t\t\t\t\t\t\t\t\t<div class=\"col-sm-6 col-md-6 col-lg-3\">\n\t\t\t\t\t\t\t\t\t\t\t\t\t\t<div class=\"card \">\n\t\t\t\t\t\t\t\t\t\t\t\t\t\t\t\t\t<img decoding=\"async\"  src=\"https:\/\/bozita.com\/pl\/wp-content\/uploads\/sites\/9\/2021\/08\/bozita-katt-ratt-hull-guide.jpeg\" alt=\"\">\n\t\t\t\t\t\t\t\t\t\t\t\t\t\t\t\t\t<!-- <img decoding=\"async\" src=\"\n\t\t\t\t\t\t\t\t\t\t\t\t\t\t\t\t\t\t\t\t\" alt=\"\n\t\t\t\t\t\t\t\t\t\t\t\t\t\t\t\t\t\t\t\t\t\t\t\t\t\t\t\"> -->\n\t\t\t\t\t\t\t\t<div class=\"card-body\">\n\t\t\t\t\t\t\t\t\t\t\t\t\t\t\t\t\t\t\t<h6>Ile powinien wa\u017cy\u0107 kot?<\/h6>\n\t\t\t\t\t\t\t\t\t\t\t\t\t\t\t\t\t\t\t<a href=\"https:\/\/bozita.com\/pl\/zycie-z-kotem\/zdrowie-kota\/ile-powinien-wazyc-kot\/\">Read more &nbsp; ><\/a>\n\t\t\t\t\t\t\t\t<\/div>\n\t\t\t\t\t\t\t<\/div>\n\t\t\t\t\t\t<\/div>\n\n\t\t\t\t\t\t\t\t\t\t\t\t<\/div>\n\t\t<\/div>\n\t<\/section>\n","protected":false},"excerpt":{"rendered":"","protected":false},"author":1,"featured_media":6841,"parent":6814,"menu_order":0,"comment_status":"closed","ping_status":"closed","template":"guternberg.php","meta":{"footnotes":""},"acf":[],"yoast_head":"<!-- This site is optimized with the Yoast SEO plugin v21.3 - https:\/\/yoast.com\/wordpress\/plugins\/seo\/ -->\n<title>Co robi\u0107, gdy kot wypluwa kulki sier\u015bci? | Bozita Polska<\/title>\n<meta name=\"description\" content=\"K\u0142aczki u kota mog\u0105 powodowa\u0107 problemy z trawieniem. Aby im zapobiec, postaw na karm\u0119 o wysokiej zawarto\u015bci b\u0142onnika i odpowiedni\u0105 piel\u0119gnacj\u0119 sier\u015bci.\" \/>\n<meta name=\"robots\" content=\"index, follow, max-snippet:-1, max-image-preview:large, max-video-preview:-1\" \/>\n<link rel=\"canonical\" href=\"https:\/\/bozita.com\/pl\/zycie-z-kotem\/zdrowie-kota\/co-robic-gdy-kot-wypluwa-kulki-siersci\/\" \/>\n<meta property=\"og:locale\" content=\"pl_PL\" \/>\n<meta property=\"og:type\" content=\"article\" \/>\n<meta property=\"og:title\" content=\"Co robi\u0107, gdy kot wypluwa kulki sier\u015bci? | Bozita Polska\" \/>\n<meta property=\"og:description\" content=\"K\u0142aczki u kota mog\u0105 powodowa\u0107 problemy z trawieniem. Aby im zapobiec, postaw na karm\u0119 o wysokiej zawarto\u015bci b\u0142onnika i odpowiedni\u0105 piel\u0119gnacj\u0119 sier\u015bci.\" \/>\n<meta property=\"og:url\" content=\"https:\/\/bozita.com\/pl\/zycie-z-kotem\/zdrowie-kota\/co-robic-gdy-kot-wypluwa-kulki-siersci\/\" \/>\n<meta property=\"og:site_name\" content=\"Bozita Polska\" \/>\n<meta property=\"article:modified_time\" content=\"2022-09-29T07:04:57+00:00\" \/>\n<meta property=\"og:image\" content=\"https:\/\/bozita.com\/pl\/wp-content\/uploads\/sites\/9\/2021\/08\/bozita-palsvard-fibrer-motverkar-harbollar.jpg\" \/>\n\t<meta property=\"og:image:width\" content=\"800\" \/>\n\t<meta property=\"og:image:height\" content=\"533\" \/>\n\t<meta property=\"og:image:type\" content=\"image\/jpeg\" \/>\n<meta name=\"twitter:card\" content=\"summary_large_image\" \/>\n<!-- \/ Yoast SEO plugin. -->","yoast_head_json":{"title":"Co robi\u0107, gdy kot wypluwa kulki sier\u015bci? | Bozita Polska","description":"K\u0142aczki u kota mog\u0105 powodowa\u0107 problemy z trawieniem. Aby im zapobiec, postaw na karm\u0119 o wysokiej zawarto\u015bci b\u0142onnika i odpowiedni\u0105 piel\u0119gnacj\u0119 sier\u015bci.","robots":{"index":"index","follow":"follow","max-snippet":"max-snippet:-1","max-image-preview":"max-image-preview:large","max-video-preview":"max-video-preview:-1"},"canonical":"https:\/\/bozita.com\/pl\/zycie-z-kotem\/zdrowie-kota\/co-robic-gdy-kot-wypluwa-kulki-siersci\/","og_locale":"pl_PL","og_type":"article","og_title":"Co robi\u0107, gdy kot wypluwa kulki sier\u015bci? | Bozita Polska","og_description":"K\u0142aczki u kota mog\u0105 powodowa\u0107 problemy z trawieniem. Aby im zapobiec, postaw na karm\u0119 o wysokiej zawarto\u015bci b\u0142onnika i odpowiedni\u0105 piel\u0119gnacj\u0119 sier\u015bci.","og_url":"https:\/\/bozita.com\/pl\/zycie-z-kotem\/zdrowie-kota\/co-robic-gdy-kot-wypluwa-kulki-siersci\/","og_site_name":"Bozita Polska","article_modified_time":"2022-09-29T07:04:57+00:00","og_image":[{"width":800,"height":533,"url":"https:\/\/bozita.com\/pl\/wp-content\/uploads\/sites\/9\/2021\/08\/bozita-palsvard-fibrer-motverkar-harbollar.jpg","type":"image\/jpeg"}],"twitter_card":"summary_large_image","schema":{"@context":"https:\/\/schema.org","@graph":[{"@type":"WebPage","@id":"https:\/\/bozita.com\/pl\/zycie-z-kotem\/zdrowie-kota\/co-robic-gdy-kot-wypluwa-kulki-siersci\/","url":"https:\/\/bozita.com\/pl\/zycie-z-kotem\/zdrowie-kota\/co-robic-gdy-kot-wypluwa-kulki-siersci\/","name":"Co robi\u0107, gdy kot wypluwa kulki sier\u015bci? | Bozita Polska","isPartOf":{"@id":"https:\/\/bozita.com\/pl\/#website"},"datePublished":"2021-08-10T13:07:59+00:00","dateModified":"2022-09-29T07:04:57+00:00","description":"K\u0142aczki u kota mog\u0105 powodowa\u0107 problemy z trawieniem. Aby im zapobiec, postaw na karm\u0119 o wysokiej zawarto\u015bci b\u0142onnika i odpowiedni\u0105 piel\u0119gnacj\u0119 sier\u015bci.","breadcrumb":{"@id":"https:\/\/bozita.com\/pl\/zycie-z-kotem\/zdrowie-kota\/co-robic-gdy-kot-wypluwa-kulki-siersci\/#breadcrumb"},"inLanguage":"pl-PL","potentialAction":[{"@type":"ReadAction","target":["https:\/\/bozita.com\/pl\/zycie-z-kotem\/zdrowie-kota\/co-robic-gdy-kot-wypluwa-kulki-siersci\/"]}]},{"@type":"BreadcrumbList","@id":"https:\/\/bozita.com\/pl\/zycie-z-kotem\/zdrowie-kota\/co-robic-gdy-kot-wypluwa-kulki-siersci\/#breadcrumb","itemListElement":[{"@type":"ListItem","position":1,"name":"Home","item":"https:\/\/bozita.com\/pl\/"},{"@type":"ListItem","position":2,"name":"Kupno kota i \u017cycie z nim. Porady dla pocz\u0105tkuj\u0105cych","item":"https:\/\/bozita.com\/pl\/zycie-z-kotem\/"},{"@type":"ListItem","position":3,"name":"Zdrowie kota i jego piel\u0119gnacja","item":"https:\/\/bozita.com\/pl\/zycie-z-kotem\/zdrowie-kota\/"},{"@type":"ListItem","position":4,"name":"Co robi\u0107, gdy kot wypluwa kulki sier\u015bci?"}]},{"@type":"WebSite","@id":"https:\/\/bozita.com\/pl\/#website","url":"https:\/\/bozita.com\/pl\/","name":"Bozita Polska","description":"","potentialAction":[{"@type":"SearchAction","target":{"@type":"EntryPoint","urlTemplate":"https:\/\/bozita.com\/pl\/?s={search_term_string}"},"query-input":"required name=search_term_string"}],"inLanguage":"pl-PL"}]}},"_links":{"self":[{"href":"https:\/\/bozita.com\/pl\/wp-json\/wp\/v2\/pages\/6840"}],"collection":[{"href":"https:\/\/bozita.com\/pl\/wp-json\/wp\/v2\/pages"}],"about":[{"href":"https:\/\/bozita.com\/pl\/wp-json\/wp\/v2\/types\/page"}],"author":[{"embeddable":true,"href":"https:\/\/bozita.com\/pl\/wp-json\/wp\/v2\/users\/1"}],"replies":[{"embeddable":true,"href":"https:\/\/bozita.com\/pl\/wp-json\/wp\/v2\/comments?post=6840"}],"version-history":[{"count":7,"href":"https:\/\/bozita.com\/pl\/wp-json\/wp\/v2\/pages\/6840\/revisions"}],"predecessor-version":[{"id":9517,"href":"https:\/\/bozita.com\/pl\/wp-json\/wp\/v2\/pages\/6840\/revisions\/9517"}],"up":[{"embeddable":true,"href":"https:\/\/bozita.com\/pl\/wp-json\/wp\/v2\/pages\/6814"}],"wp:featuredmedia":[{"embeddable":true,"href":"https:\/\/bozita.com\/pl\/wp-json\/wp\/v2\/media\/6841"}],"wp:attachment":[{"href":"https:\/\/bozita.com\/pl\/wp-json\/wp\/v2\/media?parent=6840"}],"curies":[{"name":"wp","href":"https:\/\/api.w.org\/{rel}","templated":true}]}}