{"id":6844,"date":"2021-08-10T13:07:32","date_gmt":"2021-08-10T13:07:32","guid":{"rendered":"https:\/\/bozita.com\/pl\/polityka-cookies\/"},"modified":"2022-11-28T10:46:06","modified_gmt":"2022-11-28T10:46:06","slug":"cookiepolicy","status":"publish","type":"page","link":"https:\/\/bozita.com\/pl\/cookiepolicy\/","title":{"rendered":"Polityka Cookies"},"content":{"rendered":"\t\t<section class=\"small-hero\">\n\t\t\t<div class=\"container\">\n\t\t\t\t<h5>Bozita<\/h5><h1 class=\"small-hero-title\">Polityka Cookies<\/h1>\t\t\t<\/div>\n\t\t\t<\/div>\n\t\t<\/section>\n\t\n\n\t<div class=\"text-box-warp\">\n\t\t<div class=\"container\">\n\t\t\t<div class=\"text-content\">\n\t\t\t\t<p>Zgodnie z\u00a0rozporz\u0105dzeniem w\u00a0sprawie u\u017cycia \u015brodk\u00f3w komunikacji elektronicznej, kt\u00f3re\u00a0wesz\u0142o w\u00a0\u017cycie dnia 25\u00a0lipca 2003\u00a0roku ka\u017cdy u\u017cytkownik witryny, w kt\u00f3rej stosowane s\u0105\u00a0pliki cookie, musi otrzyma\u0107 informacj\u0119 o\u00a0tym, \u017ce witryna stosuje pliki cookie, w\u00a0jakim\u00a0celu oraz jak mo\u017cna ich unikn\u0105\u0107.<\/p>\n<h2>CZY W\u00a0WITRYNIE BOZITA.SE S\u0104 U\u017bYWANE PLIKI<br \/>\nCOOKIE?<\/h2>\n<p>W\u00a0tej witrynie trwa\u0142e pliki cookie s\u0105 u\u017cywane do cel\u00f3w statystycznych.<\/p>\n<h2>DO CZEGO U\u017bYWANE S\u0104 PLIKI COOKIE?<\/h2>\n<p>Cookie to ma\u0142y plik tekstowy zapisywany w\u00a0komputerze u\u017cytkownika, kt\u00f3ry zawierapewne informacje. Pliki cookie s\u0105 u\u017cywane z\u00a0powod\u00f3w czysto technicznych do\u00a0usprawnienia korzystania z\u00a0witryny, np. do logowania, nawigacji lub obs\u0142ugi formularzy.\u00a0Istniej\u0105 dwa rodzaje plik\u00f3w cookie, jeden rodzaj jest zapisywany w\u00a0komputerze\u00a0u\u017cytkownika na sta\u0142e, natomiast drugi jedynie tymczasowo w\u00a0momencie korzystania\u00a0z\u00a0witryny.<\/p>\n<h2>INFORMACJE O NASZYCH PLIKACH COOKIES<\/h2>\n<p>U\u017cywamy nast\u0119puj\u0105cych plik\u00f3w cookie w nast\u0119puj\u0105cych celach:<br \/>\n<script id=\"CookieDeclaration\" src=\"https:\/\/consent.cookiebot.com\/78b85fce-4155-426b-b5ba-ca8fd119b8e1\/cd.js\" type=\"text\/javascript\" async><\/script><\/p>\n<h2>JAK MO\u017bNA UNIKN\u0104\u0106 PLIK\u00d3W COOKIE?<\/h2>\n<p>Je\u015bli u\u017cytkownik nie \u017cyczy sobie, aby pliki cookie by\u0142y zapisywane w\u00a0jego komputerze,\u00a0mo\u017ce je wy\u0142\u0105czy\u0107 w\u00a0ustawieniach przegl\u0105darki (patrz instrukcja do przegl\u0105darki, gdy\u017c\u00a0spos\u00f3b wy\u0142\u0105czania zale\u017cy od u\u017cywanej przegl\u0105darki). Jednak oznacza to, \u017ce\u00a0funkcjonalno\u015b\u0107 przegl\u0105darki zostanie ograniczona.<\/p>\n<h2>RODO<\/h2>\n<p>Przekazane nam dane przetwarzamy zgodnie z\u00a0RODO. Wi\u0119cej informacji na temat\u00a0przetwarzania danych znajduje si\u0119 w\u00a0naszej\u00a0polityce prywatno\u015bci. Przekazywane nam\u00a0przez u\u017cytkownik\u00f3w dane s\u0105 wykorzystywane jedynie w\u00a0ramach firmy Doggy.<\/p>\n\t\t\t<\/div>\n\t\t<\/div>\n\t<\/div>\n","protected":false},"excerpt":{"rendered":"","protected":false},"author":4,"featured_media":6832,"parent":0,"menu_order":0,"comment_status":"closed","ping_status":"closed","template":"guternberg.php","meta":{"footnotes":""},"acf":[],"yoast_head":"<!-- This site is optimized with the Yoast SEO plugin v21.3 - https:\/\/yoast.com\/wordpress\/plugins\/seo\/ -->\n<title>Polityka Cookies | Bozita Polska<\/title>\n<meta name=\"description\" content=\"Ka\u017cdy u\u017cytkownik witryny, w kt\u00f3rej stosowane s\u0105 pliki cookie, musi otrzyma\u0107 informacj\u0119 o tym, \u017ce witryna stosuje pliki cookie, w jakim celu oraz jak mo\u017cna ich unikn\u0105\u0107.\" \/>\n<meta name=\"robots\" content=\"index, follow, max-snippet:-1, max-image-preview:large, max-video-preview:-1\" \/>\n<link rel=\"canonical\" href=\"https:\/\/bozita.com\/pl\/cookiepolicy\/\" \/>\n<meta property=\"og:locale\" content=\"pl_PL\" \/>\n<meta property=\"og:type\" content=\"article\" \/>\n<meta property=\"og:title\" content=\"Polityka Cookies | Bozita Polska\" \/>\n<meta property=\"og:description\" content=\"Ka\u017cdy u\u017cytkownik witryny, w kt\u00f3rej stosowane s\u0105 pliki cookie, musi otrzyma\u0107 informacj\u0119 o tym, \u017ce witryna stosuje pliki cookie, w jakim celu oraz jak mo\u017cna ich unikn\u0105\u0107.\" \/>\n<meta property=\"og:url\" content=\"https:\/\/bozita.com\/pl\/cookiepolicy\/\" \/>\n<meta property=\"og:site_name\" content=\"Bozita Polska\" \/>\n<meta property=\"article:modified_time\" content=\"2022-11-28T10:46:06+00:00\" \/>\n<meta property=\"og:image\" content=\"https:\/\/bozita.com\/pl\/wp-content\/uploads\/sites\/9\/2021\/08\/bozita-introducera-katt-till-nytt-hem.jpg\" \/>\n\t<meta property=\"og:image:width\" content=\"800\" \/>\n\t<meta property=\"og:image:height\" content=\"533\" \/>\n\t<meta property=\"og:image:type\" content=\"image\/jpeg\" \/>\n<meta name=\"twitter:card\" content=\"summary_large_image\" \/>\n<!-- \/ Yoast SEO plugin. -->","yoast_head_json":{"title":"Polityka Cookies | Bozita Polska","description":"Ka\u017cdy u\u017cytkownik witryny, w kt\u00f3rej stosowane s\u0105 pliki cookie, musi otrzyma\u0107 informacj\u0119 o tym, \u017ce witryna stosuje pliki cookie, w jakim celu oraz jak mo\u017cna ich unikn\u0105\u0107.","robots":{"index":"index","follow":"follow","max-snippet":"max-snippet:-1","max-image-preview":"max-image-preview:large","max-video-preview":"max-video-preview:-1"},"canonical":"https:\/\/bozita.com\/pl\/cookiepolicy\/","og_locale":"pl_PL","og_type":"article","og_title":"Polityka Cookies | Bozita Polska","og_description":"Ka\u017cdy u\u017cytkownik witryny, w kt\u00f3rej stosowane s\u0105 pliki cookie, musi otrzyma\u0107 informacj\u0119 o tym, \u017ce witryna stosuje pliki cookie, w jakim celu oraz jak mo\u017cna ich unikn\u0105\u0107.","og_url":"https:\/\/bozita.com\/pl\/cookiepolicy\/","og_site_name":"Bozita Polska","article_modified_time":"2022-11-28T10:46:06+00:00","og_image":[{"width":800,"height":533,"url":"https:\/\/bozita.com\/pl\/wp-content\/uploads\/sites\/9\/2021\/08\/bozita-introducera-katt-till-nytt-hem.jpg","type":"image\/jpeg"}],"twitter_card":"summary_large_image","schema":{"@context":"https:\/\/schema.org","@graph":[{"@type":"WebPage","@id":"https:\/\/bozita.com\/pl\/cookiepolicy\/","url":"https:\/\/bozita.com\/pl\/cookiepolicy\/","name":"Polityka Cookies | Bozita Polska","isPartOf":{"@id":"https:\/\/bozita.com\/pl\/#website"},"datePublished":"2021-08-10T13:07:32+00:00","dateModified":"2022-11-28T10:46:06+00:00","description":"Ka\u017cdy u\u017cytkownik witryny, w kt\u00f3rej stosowane s\u0105 pliki cookie, musi otrzyma\u0107 informacj\u0119 o tym, \u017ce witryna stosuje pliki cookie, w jakim celu oraz jak mo\u017cna ich unikn\u0105\u0107.","breadcrumb":{"@id":"https:\/\/bozita.com\/pl\/cookiepolicy\/#breadcrumb"},"inLanguage":"pl-PL","potentialAction":[{"@type":"ReadAction","target":["https:\/\/bozita.com\/pl\/cookiepolicy\/"]}]},{"@type":"BreadcrumbList","@id":"https:\/\/bozita.com\/pl\/cookiepolicy\/#breadcrumb","itemListElement":[{"@type":"ListItem","position":1,"name":"Home","item":"https:\/\/bozita.com\/pl\/"},{"@type":"ListItem","position":2,"name":"Polityka Cookies"}]},{"@type":"WebSite","@id":"https:\/\/bozita.com\/pl\/#website","url":"https:\/\/bozita.com\/pl\/","name":"Bozita Polska","description":"","potentialAction":[{"@type":"SearchAction","target":{"@type":"EntryPoint","urlTemplate":"https:\/\/bozita.com\/pl\/?s={search_term_string}"},"query-input":"required name=search_term_string"}],"inLanguage":"pl-PL"}]}},"_links":{"self":[{"href":"https:\/\/bozita.com\/pl\/wp-json\/wp\/v2\/pages\/6844"}],"collection":[{"href":"https:\/\/bozita.com\/pl\/wp-json\/wp\/v2\/pages"}],"about":[{"href":"https:\/\/bozita.com\/pl\/wp-json\/wp\/v2\/types\/page"}],"author":[{"embeddable":true,"href":"https:\/\/bozita.com\/pl\/wp-json\/wp\/v2\/users\/4"}],"replies":[{"embeddable":true,"href":"https:\/\/bozita.com\/pl\/wp-json\/wp\/v2\/comments?post=6844"}],"version-history":[{"count":5,"href":"https:\/\/bozita.com\/pl\/wp-json\/wp\/v2\/pages\/6844\/revisions"}],"predecessor-version":[{"id":9704,"href":"https:\/\/bozita.com\/pl\/wp-json\/wp\/v2\/pages\/6844\/revisions\/9704"}],"wp:featuredmedia":[{"embeddable":true,"href":"https:\/\/bozita.com\/pl\/wp-json\/wp\/v2\/media\/6832"}],"wp:attachment":[{"href":"https:\/\/bozita.com\/pl\/wp-json\/wp\/v2\/media?parent=6844"}],"curies":[{"name":"wp","href":"https:\/\/api.w.org\/{rel}","templated":true}]}}