{"id":6852,"date":"2021-08-06T13:58:37","date_gmt":"2021-08-06T13:58:37","guid":{"rendered":"https:\/\/bozita.com\/pl\/szkolenie-rownowagi-z-astrid\/"},"modified":"2022-09-29T07:09:08","modified_gmt":"2022-09-29T07:09:08","slug":"szkolenie-rownowagi-z-astrid","status":"publish","type":"page","link":"https:\/\/bozita.com\/pl\/zycie-z-psem\/aktywnosc-fizyczna\/szkolenie-rownowagi-z-astrid\/","title":{"rendered":"Szkolenie r\u00f3wnowagi z Astrid"},"content":{"rendered":"\t\t<section class=\"small-hero\">\n\t\t\t<div class=\"container\">\n\t\t\t\t<h5>Knowledge<\/h5><h1 class=\"small-hero-title\">SZKOLENIE R\u00d3WNOWAGI Z ASTRID<\/h1><p><p><strong>Astrid to \u015bredniej rasy pudel, mieszka z Cecili\u0105, kt\u00f3ra pracuje w Bozita. Cecilia od pocz\u0105tku zauwa\u017cy\u0142a, \u017ce jest co\u015b nie tak z tylnymi \u0142apami Astrid.<\/strong><\/p>\n<\/p>\t\t\t<\/div>\n\t\t\t<\/div>\n\t\t<\/section>\n\t\n\n\t<div class=\"text-box-warp\">\n\t\t<div class=\"container\">\n\t\t\t<div class=\"text-content\">\n\t\t\t\t<p>Astrid mia\u0142a problemy podczas skok\u00f3w,\u00a0oraz wstawania z pozycji w siadzie. U weterynarza stwierdzono podwichni\u0119cie rzepki, co oznacza przemieszczenie si\u0119 rzepki poza kraw\u0119d\u017a ko\u015bci udowej. W wielu przypadkach\u00a0wystarcza wzmocnienie mi\u0119\u015bni wok\u00f3\u0142 stawu kolanowego. Jednak w przypadku Astrid trzeba by\u0142o dokona\u0107 operacji. Oczywi\u015bcie jedno kolano na raz, a potem d\u0142uga rekonwalescencja pod kontrol\u0105 rehabilitant\u00f3w i ortopedy.<\/p>\n<p>Rehabilitycja by\u0142a prowadzona poprzez trening r\u00f3wnowagi i koordynacji ruchowej, tak aby zapewni\u0107 wzmocnienie wszystkich mi\u0119\u015bni wok\u00f3\u0142 stawu kolanowego. Trzeba by\u0142o zach\u0119ca\u0107 Astrid do wychodzenia na spacery, aby u\u017cywa\u0142a obu tylnych \u0142ap, gdy\u017c naturalnie mia\u0142a tendencje do oszcz\u0119dzania chorej \u0142apy. Sporo spacerowano z Astrid w wodzie,\u00a0aby\u00a0<span>skr\u00f3ci\u0107 czas rehabilitacji.<\/span>\u00a0Wychodzono\u00a0z ni\u0105 na spacery do lasu i na polany, aby wymusi\u0107 u niej podnoszenie \u0142ap. Rehabilitacja trwa\u0142a d\u0142ugo, wymaga\u0142a zach\u0119ty i nagradzania.<\/p>\n<p>Dzi\u015b Astrid porusza si\u0119 bez wi\u0119kszych problem\u00f3w, spaceruje\u00a0nawet po p\u0142ycie balansowej, oczywi\u015bcie trwa\u0142o to jaki\u015b czas zanim dosz\u0142a do pe\u0142nej sprawno\u015bci ruchowej. Ma\u0142ymi kroczkami przez nagradzanie psa za post\u0119py w pokonywaniu trudno\u015bci\u00a0oraz zach\u0119ta do \u0107wicze\u0144 to klucz do sukcesu. Dzi\u015b Astrid ma 6 lat i jest bardzo ruchliwym psem, uwielbia biega\u0107 po lesie i nie ma problemu ze stawami kolanowymi. Oczywi\u015bcie nasza kole\u017canka czujnym okiem obserwuje swojego pupila.<\/p>\n\t\t\t<\/div>\n\t\t<\/div>\n\t<\/div>\n\n\n<section class=\"block full-section-promo\">\n\t<div class=\"container\">\n\t\t<div class=\"mb-3 row align-items-center \n\t\t\t\t\">\n\t\t\t<div class=\"col-md-6\">\n\t\t\t\t\t\t\t\t\t<img decoding=\"async\" src=\"https:\/\/bozita.com\/pl\/wp-content\/uploads\/sites\/9\/2021\/08\/bozita-balanstraning-med-astrid.jpg\" alt=\"\">\n\t\t\t\t\t\n\t\t\t<\/div>\n\t\t\t<div class=\"col-md-6\">\n\t\t\t\t\t\t\t<\/div>\n\t\t<\/div>\n\n\n\t<\/div>\n<\/section>\n\n\n\n\t<section class=\"block related-articles\">\n\t\t<div class=\"container\">\n\t\t\t<h2>Artyku\u0142y powi\u0105zane<\/h2>\n\t\t\t<div class=\"row justify-content-center\">\n\t\t\t\t\t\t\t<\/div>\n\t\t<\/div>\n\t<\/section>\n","protected":false},"excerpt":{"rendered":"","protected":false},"author":1,"featured_media":6698,"parent":6869,"menu_order":0,"comment_status":"closed","ping_status":"closed","template":"guternberg.php","meta":{"footnotes":""},"acf":[],"yoast_head":"<!-- This site is optimized with the Yoast SEO plugin v21.3 - https:\/\/yoast.com\/wordpress\/plugins\/seo\/ -->\n<title>Szkolenie r\u00f3wnowagi z Astrid | Bozita Polska<\/title>\n<meta name=\"description\" content=\"Astrid to \u015bredniej rasy pudel, mieszka z Cecili\u0105, kt\u00f3ra pracuje w Bozita. Cecilia od pocz\u0105tku zauwa\u017cy\u0142a, \u017ce jest co\u015b nie tak z tylnymi \u0142apami Astrid.\" \/>\n<meta name=\"robots\" content=\"index, follow, max-snippet:-1, max-image-preview:large, max-video-preview:-1\" \/>\n<link rel=\"canonical\" href=\"https:\/\/bozita.com\/pl\/zycie-z-psem\/aktywnosc-fizyczna\/szkolenie-rownowagi-z-astrid\/\" \/>\n<meta property=\"og:locale\" content=\"pl_PL\" \/>\n<meta property=\"og:type\" content=\"article\" \/>\n<meta property=\"og:title\" content=\"Szkolenie r\u00f3wnowagi z Astrid | Bozita Polska\" \/>\n<meta property=\"og:description\" content=\"Astrid to \u015bredniej rasy pudel, mieszka z Cecili\u0105, kt\u00f3ra pracuje w Bozita. Cecilia od pocz\u0105tku zauwa\u017cy\u0142a, \u017ce jest co\u015b nie tak z tylnymi \u0142apami Astrid.\" \/>\n<meta property=\"og:url\" content=\"https:\/\/bozita.com\/pl\/zycie-z-psem\/aktywnosc-fizyczna\/szkolenie-rownowagi-z-astrid\/\" \/>\n<meta property=\"og:site_name\" content=\"Bozita Polska\" \/>\n<meta property=\"article:modified_time\" content=\"2022-09-29T07:09:08+00:00\" \/>\n<meta property=\"og:image\" content=\"https:\/\/bozita.com\/pl\/wp-content\/uploads\/sites\/9\/2021\/08\/bozita_swedish-natural-quality.jpg\" \/>\n\t<meta property=\"og:image:width\" content=\"800\" \/>\n\t<meta property=\"og:image:height\" content=\"533\" \/>\n\t<meta property=\"og:image:type\" content=\"image\/jpeg\" \/>\n<meta name=\"twitter:card\" content=\"summary_large_image\" \/>\n<!-- \/ Yoast SEO plugin. -->","yoast_head_json":{"title":"Szkolenie r\u00f3wnowagi z Astrid | Bozita Polska","description":"Astrid to \u015bredniej rasy pudel, mieszka z Cecili\u0105, kt\u00f3ra pracuje w Bozita. Cecilia od pocz\u0105tku zauwa\u017cy\u0142a, \u017ce jest co\u015b nie tak z tylnymi \u0142apami Astrid.","robots":{"index":"index","follow":"follow","max-snippet":"max-snippet:-1","max-image-preview":"max-image-preview:large","max-video-preview":"max-video-preview:-1"},"canonical":"https:\/\/bozita.com\/pl\/zycie-z-psem\/aktywnosc-fizyczna\/szkolenie-rownowagi-z-astrid\/","og_locale":"pl_PL","og_type":"article","og_title":"Szkolenie r\u00f3wnowagi z Astrid | Bozita Polska","og_description":"Astrid to \u015bredniej rasy pudel, mieszka z Cecili\u0105, kt\u00f3ra pracuje w Bozita. Cecilia od pocz\u0105tku zauwa\u017cy\u0142a, \u017ce jest co\u015b nie tak z tylnymi \u0142apami Astrid.","og_url":"https:\/\/bozita.com\/pl\/zycie-z-psem\/aktywnosc-fizyczna\/szkolenie-rownowagi-z-astrid\/","og_site_name":"Bozita Polska","article_modified_time":"2022-09-29T07:09:08+00:00","og_image":[{"width":800,"height":533,"url":"https:\/\/bozita.com\/pl\/wp-content\/uploads\/sites\/9\/2021\/08\/bozita_swedish-natural-quality.jpg","type":"image\/jpeg"}],"twitter_card":"summary_large_image","schema":{"@context":"https:\/\/schema.org","@graph":[{"@type":"WebPage","@id":"https:\/\/bozita.com\/pl\/zycie-z-psem\/aktywnosc-fizyczna\/szkolenie-rownowagi-z-astrid\/","url":"https:\/\/bozita.com\/pl\/zycie-z-psem\/aktywnosc-fizyczna\/szkolenie-rownowagi-z-astrid\/","name":"Szkolenie r\u00f3wnowagi z Astrid | Bozita Polska","isPartOf":{"@id":"https:\/\/bozita.com\/pl\/#website"},"datePublished":"2021-08-06T13:58:37+00:00","dateModified":"2022-09-29T07:09:08+00:00","description":"Astrid to \u015bredniej rasy pudel, mieszka z Cecili\u0105, kt\u00f3ra pracuje w Bozita. Cecilia od pocz\u0105tku zauwa\u017cy\u0142a, \u017ce jest co\u015b nie tak z tylnymi \u0142apami Astrid.","breadcrumb":{"@id":"https:\/\/bozita.com\/pl\/zycie-z-psem\/aktywnosc-fizyczna\/szkolenie-rownowagi-z-astrid\/#breadcrumb"},"inLanguage":"pl-PL","potentialAction":[{"@type":"ReadAction","target":["https:\/\/bozita.com\/pl\/zycie-z-psem\/aktywnosc-fizyczna\/szkolenie-rownowagi-z-astrid\/"]}]},{"@type":"BreadcrumbList","@id":"https:\/\/bozita.com\/pl\/zycie-z-psem\/aktywnosc-fizyczna\/szkolenie-rownowagi-z-astrid\/#breadcrumb","itemListElement":[{"@type":"ListItem","position":1,"name":"Home","item":"https:\/\/bozita.com\/pl\/"},{"@type":"ListItem","position":2,"name":"\u017bycie z psem","item":"https:\/\/bozita.com\/pl\/zycie-z-psem\/"},{"@type":"ListItem","position":3,"name":"Aktywno\u015b\u0107 fizyczna","item":"https:\/\/bozita.com\/pl\/zycie-z-psem\/aktywnosc-fizyczna\/"},{"@type":"ListItem","position":4,"name":"Szkolenie r\u00f3wnowagi z Astrid"}]},{"@type":"WebSite","@id":"https:\/\/bozita.com\/pl\/#website","url":"https:\/\/bozita.com\/pl\/","name":"Bozita Polska","description":"","potentialAction":[{"@type":"SearchAction","target":{"@type":"EntryPoint","urlTemplate":"https:\/\/bozita.com\/pl\/?s={search_term_string}"},"query-input":"required name=search_term_string"}],"inLanguage":"pl-PL"}]}},"_links":{"self":[{"href":"https:\/\/bozita.com\/pl\/wp-json\/wp\/v2\/pages\/6852"}],"collection":[{"href":"https:\/\/bozita.com\/pl\/wp-json\/wp\/v2\/pages"}],"about":[{"href":"https:\/\/bozita.com\/pl\/wp-json\/wp\/v2\/types\/page"}],"author":[{"embeddable":true,"href":"https:\/\/bozita.com\/pl\/wp-json\/wp\/v2\/users\/1"}],"replies":[{"embeddable":true,"href":"https:\/\/bozita.com\/pl\/wp-json\/wp\/v2\/comments?post=6852"}],"version-history":[{"count":5,"href":"https:\/\/bozita.com\/pl\/wp-json\/wp\/v2\/pages\/6852\/revisions"}],"predecessor-version":[{"id":9525,"href":"https:\/\/bozita.com\/pl\/wp-json\/wp\/v2\/pages\/6852\/revisions\/9525"}],"up":[{"embeddable":true,"href":"https:\/\/bozita.com\/pl\/wp-json\/wp\/v2\/pages\/6869"}],"wp:featuredmedia":[{"embeddable":true,"href":"https:\/\/bozita.com\/pl\/wp-json\/wp\/v2\/media\/6698"}],"wp:attachment":[{"href":"https:\/\/bozita.com\/pl\/wp-json\/wp\/v2\/media?parent=6852"}],"curies":[{"name":"wp","href":"https:\/\/api.w.org\/{rel}","templated":true}]}}