{"id":6856,"date":"2021-08-06T13:58:36","date_gmt":"2021-08-06T13:58:36","guid":{"rendered":"https:\/\/bozita.com\/pl\/zycie-z-kotem\/zdrowie-kota\/odrobaczanie-kota-wszystko-co-musisz-wiedziec\/"},"modified":"2022-09-29T07:06:52","modified_gmt":"2022-09-29T07:06:52","slug":"odrobaczanie-kota-wszystko-co-musisz-wiedziec","status":"publish","type":"page","link":"https:\/\/bozita.com\/pl\/zycie-z-kotem\/zdrowie-kota\/odrobaczanie-kota-wszystko-co-musisz-wiedziec\/","title":{"rendered":"Odrobaczanie kota &#8211; wszystko, co musisz wiedzie\u0107"},"content":{"rendered":"\t\t<section class=\"small-hero\">\n\t\t\t<div class=\"container\">\n\t\t\t\t<h5>Knowledge<\/h5><h1 class=\"small-hero-title\">ODROBACZANIE KOTA \u2013 WSZYSTKO, CO MUSISZ WIEDZIE\u0106<\/h1><p><p>Cz\u0119stotliwo\u015b\u0107 odrobaczania kota powinna zale\u017ce\u0107 od jego wieku i od tego, czy jest to kot domowy czy wychodz\u0105cy. Zaleca si\u0119, aby odrobaczanie kota przeprowadza\u0107 tylko, je\u015bli wykazuje on objawy obecno\u015bci paso\u017cyt\u00f3w. Najcz\u0119\u015bciej pojawiaj\u0105ce si\u0119 u kot\u00f3w paso\u017cyty to glisty i tasiemce.<\/p>\n<\/p>\t\t\t<\/div>\n\t\t\t<\/div>\n\t\t<\/section>\n\t\n\n\t<div class=\"text-box-warp\">\n\t\t<div class=\"container\">\n\t\t\t<div class=\"text-content\">\n\t\t\t\t<h2>ODROBACZANIE KOTA &#8211; JAK CZ\u0118STO NALE\u017bY JE PRZEPROWADZA\u0106?<\/h2>\n<p>Doros\u0142e koty wychodz\u0105ce powinny by\u0107 odrobaczane cz\u0119\u015bciej ni\u017c koty domowe, poniewa\u017c poluj\u0105 na myszy i inne ma\u0142e zwierz\u0119ta, kt\u00f3re mog\u0105 przenosi\u0107 paso\u017cyty. Koty domowe nie potrzebuj\u0105 by\u0107 odrobaczane tak cz\u0119sto, poniewa\u017c nie poluj\u0105 i nie jedz\u0105 ma\u0142ych zwierz\u0105t, chocia\u017c istnieje ryzyko, \u017ce zara\u017c\u0105 si\u0119 od innych kot\u00f3w przez kontakt w pobli\u017cu kuwety.<\/p>\n<p>Zaleca si\u0119, aby odrobaczanie kota przeprowadza\u0107 tylko wtedy, kiedy podejrzewamy, \u017ce jest nosicielem paso\u017cyt\u00f3w i nie odrobacza\u0107 go \u201edla bezpiecze\u0144stwa\u201d. Zbyt cz\u0119ste odrobaczanie kota mo\u017ce prowadzi\u0107 do tego, \u017ce jego organizm uodporni si\u0119 na \u015brodki odrobaczaj\u0105ce, co mo\u017ce p\u00f3\u017aniej prowadzi\u0107 do problem\u00f3w przy potrzebie odrobaczenia. Je\u015bli nie jeste\u015b pewny, czy powiniene\u015b odrobaczy\u0107 kota, skontaktuj si\u0119 z weterynarzem w celu przeprowadzenia badania zwierz\u0119cia oraz badania ka\u0142u.<\/p>\n<h2>KIEDY NALE\u017bY PRZEPROWADZI\u0106 ODROBACZANIE KOCIAKA?<\/h2>\n<p>Kociaki padaj\u0105 cz\u0119sto ofiar\u0105 glisty, kt\u00f3r\u0105 otrzymuj\u0105 od matki przy karmieniu. Dlatego odrobaczanie kociaka nale\u017cy przeprowadza\u0107 cz\u0119\u015bciej ni\u017c odrobaczanie doros\u0142ego kota.<\/p>\n<p>Pierwsze odrobaczanie kociaka powinno mie\u0107 miejsce przed trzecim tygodniem jego \u017cycia. Je\u015bli kupujesz kota od hodowcy i przywozisz do domu w wieku 12 tygodni, zosta\u0142 on prawdopodobnie odrobaczony w hodowli. Je\u015bli nie by\u0142, powiniene\u015b odrobaczy\u0107 go kilkukrotnie zanim osi\u0105gnie wiek 3 miesi\u0119cy. Dok\u0142adna cz\u0119stotliwo\u015b\u0107 zale\u017cy od wybranych \u015brodk\u00f3w odrobaczaj\u0105cych. Zasi\u0119gnij rady weterynarza, je\u015bli nie jeste\u015b pewny, jak cz\u0119sto odrobacza\u0107 kota.<\/p>\n<h2>OBJAWY PASO\u017bYT\u00d3W U KOTA<\/h2>\n<p>Koty mog\u0105 przenosi\u0107 paso\u017cyty i nie mie\u0107 \u017cadnych zewn\u0119trznych objaw\u00f3w, ale najcz\u0119\u015bciej zauwa\u017cysz ich obecno\u015b\u0107 w odchodach lub wymiotach kota. Kot mo\u017ce te\u017c wydawa\u0107 si\u0119 wychudzony, mie\u0107 gorszy stan sier\u015bci, cz\u0119sto wymiotowa\u0107 lub mie\u0107 biegunk\u0119.<\/p>\n<h2>W TEN SPOS\u00d3B UPEWNISZ SI\u0118, \u017bE TW\u00d3J KOT NIE ZARAZI SI\u0118 ANI NIE PRZENIESIE PASO\u017bYT\u00d3W<\/h2>\n<p>Kot mo\u017ce zarazi\u0107 si\u0119 paso\u017cytami na r\u00f3\u017cne sposoby.<\/p>\n<p>Zar\u00f3wno glisty, jak i tasiemce mog\u0105 przej\u015b\u0107 na kota z mniejszych zwierz\u0105t takich, jak myszy, szczury i ptaki. Je\u015bli masz w domu kilka kot\u00f3w istnieje ryzyko, \u017ce niewidoczne jaja paso\u017cyt\u00f3w przenios\u0105 si\u0119 np. przez kuwet\u0119 albo wsp\u00f3lne koce i legowiska. Koty i psy mog\u0105 te\u017c zarazi\u0107 si\u0119 od siebie.<\/p>\n<p>Bardzo wa\u017cne jest regularne i uwa\u017cne sprz\u0105tanie kuwety, je\u015bli podejrzewasz paso\u017cyty u swojego kota. Wypierz te\u017c jego zabawki, koce i inne rzeczy, kt\u00f3rych zwierzak cz\u0119sto u\u017cywa.<\/p>\n<h2>TAK WYGL\u0104DAJ\u0104 GLISTY I TASIEMCE U KOTA<\/h2>\n<p>Glisty s\u0105 najcz\u0119\u015bciej wyst\u0119puj\u0105cym typem kocich paso\u017cyt\u00f3w; wyst\u0119puj\u0105 one u 5-15% kot\u00f3w wychodz\u0105cych. Istniej\u0105 r\u00f3\u017cne kolory glist, ale wi\u0119kszo\u015b\u0107 z nich jest bia\u0142o-\u017c\u00f3\u0142te i osi\u0105ga d\u0142ugo\u015b\u0107 kilku centymetr\u00f3w.<\/p>\n<p>Tasiemce s\u0105 d\u0142ugie, p\u0142askie i bia\u0142e. Wiele z nich przypomina ziarenka ry\u017cu i osi\u0105ga d\u0142ugo\u015b\u0107 oko\u0142o centymetra. Tasiemce nie s\u0105 przenoszone w odchodach kota, ale jedynie przez kontakt ze zwierz\u0119tami, na kt\u00f3re poluj\u0105; wyst\u0119puj\u0105 wi\u0119c cz\u0119\u015bciej u kot\u00f3w wychodz\u0105cych.<\/p>\n<\/div>\n<\/div>\n<\/div>\n\t\t\t<\/div>\n\t\t<\/div>\n\t<\/div>\n\n\n\n\t<section class=\"block related-articles\">\n\t\t<div class=\"container\">\n\t\t\t<h2>Artyku\u0142y powi\u0105zane<\/h2>\n\t\t\t<div class=\"row justify-content-center\">\n\t\t\t\t\t\t\t\t\t\t<div class=\"col-sm-6 col-md-6 col-lg-3\">\n\t\t\t\t\t\t\t\t\t\t\t\t\t\t<div class=\"card \">\n\t\t\t\t\t\t\t\t\t\t\t\t\t\t\t\t\t<img decoding=\"async\"  src=\"https:\/\/bozita.com\/pl\/wp-content\/uploads\/sites\/9\/2021\/08\/bozita_swedish-natural-quality.jpg\" alt=\"\">\n\t\t\t\t\t\t\t\t\t\t\t\t\t\t\t\t\t<!-- <img decoding=\"async\" src=\"\n\t\t\t\t\t\t\t\t\t\t\t\t\t\t\t\t\t\t\t\t\" alt=\"\n\t\t\t\t\t\t\t\t\t\t\t\t\t\t\t\t\t\t\t\t\t\t\t\t\t\t\t\"> -->\n\t\t\t\t\t\t\t\t<div class=\"card-body\">\n\t\t\t\t\t\t\t\t\t\t\t\t\t\t\t\t\t\t\t<h6>Kot wychodz\u0105cy, naucz kota wychodzi\u0107 z domu<\/h6>\n\t\t\t\t\t\t\t\t\t\t\t\t\t\t\t\t\t\t\t<a href=\"https:\/\/bozita.com\/pl\/zycie-z-kotem\/kupno-kota\/kot-wychodzacy-kiedy-mozna-zaczac-wypuszczanie-kota-na-dwor\/\">Czytaj wi\u0119cej &nbsp; ><\/a>\n\t\t\t\t\t\t\t\t<\/div>\n\t\t\t\t\t\t\t<\/div>\n\t\t\t\t\t\t<\/div>\n\n\t\t\t\t\t\t\t\t\t\t\t<div class=\"col-sm-6 col-md-6 col-lg-3\">\n\t\t\t\t\t\t\t\t\t\t\t\t\t\t<div class=\"card \">\n\t\t\t\t\t\t\t\t\t\t\t\t\t\t\t\t\t<img decoding=\"async\"  src=\"https:\/\/bozita.com\/pl\/wp-content\/uploads\/sites\/9\/2021\/08\/bozita-vaccinera-katt.jpg\" alt=\"\">\n\t\t\t\t\t\t\t\t\t\t\t\t\t\t\t\t\t<!-- <img decoding=\"async\" src=\"\n\t\t\t\t\t\t\t\t\t\t\t\t\t\t\t\t\t\t\t\t\" alt=\"\n\t\t\t\t\t\t\t\t\t\t\t\t\t\t\t\t\t\t\t\t\t\t\t\t\t\t\t\"> -->\n\t\t\t\t\t\t\t\t<div class=\"card-body\">\n\t\t\t\t\t\t\t\t\t\t\t\t\t\t\t\t\t\t\t<h6>Kiedy i jak cz\u0119sto przeprowadza\u0107 szczepienie kota?<\/h6>\n\t\t\t\t\t\t\t\t\t\t\t\t\t\t\t\t\t\t\t<a href=\"https:\/\/bozita.com\/pl\/zycie-z-kotem\/zdrowie-kota\/szczepienie-kota\/\">Czytaj wi\u0119cej &nbsp; ><\/a>\n\t\t\t\t\t\t\t\t<\/div>\n\t\t\t\t\t\t\t<\/div>\n\t\t\t\t\t\t<\/div>\n\n\t\t\t\t\t\t\t\t\t\t\t<div class=\"col-sm-6 col-md-6 col-lg-3\">\n\t\t\t\t\t\t\t\t\t\t\t\t\t\t<div class=\"card \">\n\t\t\t\t\t\t\t\t\t\t\t\t\t\t\t\t\t<img decoding=\"async\"  src=\"https:\/\/bozita.com\/pl\/wp-content\/uploads\/sites\/9\/2021\/08\/bozita_swedish-natural-quality.jpg\" alt=\"\">\n\t\t\t\t\t\t\t\t\t\t\t\t\t\t\t\t\t<!-- <img decoding=\"async\" src=\"\n\t\t\t\t\t\t\t\t\t\t\t\t\t\t\t\t\t\t\t\t\" alt=\"\n\t\t\t\t\t\t\t\t\t\t\t\t\t\t\t\t\t\t\t\t\t\t\t\t\t\t\t\"> -->\n\t\t\t\t\t\t\t\t<div class=\"card-body\">\n\t\t\t\t\t\t\t\t\t\t\t\t\t\t\t\t\t\t\t<h6>Czipowanie kota i rejestracja czipa<\/h6>\n\t\t\t\t\t\t\t\t\t\t\t\t\t\t\t\t\t\t\t<a href=\"https:\/\/bozita.com\/pl\/zycie-z-kotem\/kupno-kota\/czipowanie-kota-i-rejestracja-czipa\/\">Czytaj wi\u0119cej &nbsp; ><\/a>\n\t\t\t\t\t\t\t\t<\/div>\n\t\t\t\t\t\t\t<\/div>\n\t\t\t\t\t\t<\/div>\n\n\t\t\t\t\t\t\t\t\t\t\t\t<\/div>\n\t\t<\/div>\n\t<\/section>\n","protected":false},"excerpt":{"rendered":"","protected":false},"author":1,"featured_media":6698,"parent":6814,"menu_order":0,"comment_status":"closed","ping_status":"closed","template":"guternberg.php","meta":{"footnotes":""},"acf":[],"yoast_head":"<!-- This site is optimized with the Yoast SEO plugin v21.3 - https:\/\/yoast.com\/wordpress\/plugins\/seo\/ -->\n<title>Odrobaczanie kota - wszystko, co musisz wiedzie\u0107 | Bozita Polska<\/title>\n<meta name=\"description\" content=\"Jak cz\u0119sto odrobacza\u0107 kota lub kociaka? Odrobaczanie kota domowego i wychodz\u0105cego, objawy obecno\u015bci paso\u017cyt\u00f3w u kota, jak wygl\u0105da glista i tasiemiec.\" \/>\n<meta name=\"robots\" content=\"index, follow, max-snippet:-1, max-image-preview:large, max-video-preview:-1\" \/>\n<link rel=\"canonical\" href=\"https:\/\/bozita.com\/pl\/zycie-z-kotem\/zdrowie-kota\/odrobaczanie-kota-wszystko-co-musisz-wiedziec\/\" \/>\n<meta property=\"og:locale\" content=\"pl_PL\" \/>\n<meta property=\"og:type\" content=\"article\" \/>\n<meta property=\"og:title\" content=\"Odrobaczanie kota - wszystko, co musisz wiedzie\u0107 | Bozita Polska\" \/>\n<meta property=\"og:description\" content=\"Jak cz\u0119sto odrobacza\u0107 kota lub kociaka? Odrobaczanie kota domowego i wychodz\u0105cego, objawy obecno\u015bci paso\u017cyt\u00f3w u kota, jak wygl\u0105da glista i tasiemiec.\" \/>\n<meta property=\"og:url\" content=\"https:\/\/bozita.com\/pl\/zycie-z-kotem\/zdrowie-kota\/odrobaczanie-kota-wszystko-co-musisz-wiedziec\/\" \/>\n<meta property=\"og:site_name\" content=\"Bozita Polska\" \/>\n<meta property=\"article:modified_time\" content=\"2022-09-29T07:06:52+00:00\" \/>\n<meta property=\"og:image\" content=\"https:\/\/bozita.com\/pl\/wp-content\/uploads\/sites\/9\/2021\/08\/bozita_swedish-natural-quality.jpg\" \/>\n\t<meta property=\"og:image:width\" content=\"800\" \/>\n\t<meta property=\"og:image:height\" content=\"533\" \/>\n\t<meta property=\"og:image:type\" content=\"image\/jpeg\" \/>\n<meta name=\"twitter:card\" content=\"summary_large_image\" \/>\n<!-- \/ Yoast SEO plugin. -->","yoast_head_json":{"title":"Odrobaczanie kota - wszystko, co musisz wiedzie\u0107 | Bozita Polska","description":"Jak cz\u0119sto odrobacza\u0107 kota lub kociaka? Odrobaczanie kota domowego i wychodz\u0105cego, objawy obecno\u015bci paso\u017cyt\u00f3w u kota, jak wygl\u0105da glista i tasiemiec.","robots":{"index":"index","follow":"follow","max-snippet":"max-snippet:-1","max-image-preview":"max-image-preview:large","max-video-preview":"max-video-preview:-1"},"canonical":"https:\/\/bozita.com\/pl\/zycie-z-kotem\/zdrowie-kota\/odrobaczanie-kota-wszystko-co-musisz-wiedziec\/","og_locale":"pl_PL","og_type":"article","og_title":"Odrobaczanie kota - wszystko, co musisz wiedzie\u0107 | Bozita Polska","og_description":"Jak cz\u0119sto odrobacza\u0107 kota lub kociaka? Odrobaczanie kota domowego i wychodz\u0105cego, objawy obecno\u015bci paso\u017cyt\u00f3w u kota, jak wygl\u0105da glista i tasiemiec.","og_url":"https:\/\/bozita.com\/pl\/zycie-z-kotem\/zdrowie-kota\/odrobaczanie-kota-wszystko-co-musisz-wiedziec\/","og_site_name":"Bozita Polska","article_modified_time":"2022-09-29T07:06:52+00:00","og_image":[{"width":800,"height":533,"url":"https:\/\/bozita.com\/pl\/wp-content\/uploads\/sites\/9\/2021\/08\/bozita_swedish-natural-quality.jpg","type":"image\/jpeg"}],"twitter_card":"summary_large_image","schema":{"@context":"https:\/\/schema.org","@graph":[{"@type":"WebPage","@id":"https:\/\/bozita.com\/pl\/zycie-z-kotem\/zdrowie-kota\/odrobaczanie-kota-wszystko-co-musisz-wiedziec\/","url":"https:\/\/bozita.com\/pl\/zycie-z-kotem\/zdrowie-kota\/odrobaczanie-kota-wszystko-co-musisz-wiedziec\/","name":"Odrobaczanie kota - wszystko, co musisz wiedzie\u0107 | Bozita Polska","isPartOf":{"@id":"https:\/\/bozita.com\/pl\/#website"},"datePublished":"2021-08-06T13:58:36+00:00","dateModified":"2022-09-29T07:06:52+00:00","description":"Jak cz\u0119sto odrobacza\u0107 kota lub kociaka? Odrobaczanie kota domowego i wychodz\u0105cego, objawy obecno\u015bci paso\u017cyt\u00f3w u kota, jak wygl\u0105da glista i tasiemiec.","breadcrumb":{"@id":"https:\/\/bozita.com\/pl\/zycie-z-kotem\/zdrowie-kota\/odrobaczanie-kota-wszystko-co-musisz-wiedziec\/#breadcrumb"},"inLanguage":"pl-PL","potentialAction":[{"@type":"ReadAction","target":["https:\/\/bozita.com\/pl\/zycie-z-kotem\/zdrowie-kota\/odrobaczanie-kota-wszystko-co-musisz-wiedziec\/"]}]},{"@type":"BreadcrumbList","@id":"https:\/\/bozita.com\/pl\/zycie-z-kotem\/zdrowie-kota\/odrobaczanie-kota-wszystko-co-musisz-wiedziec\/#breadcrumb","itemListElement":[{"@type":"ListItem","position":1,"name":"Home","item":"https:\/\/bozita.com\/pl\/"},{"@type":"ListItem","position":2,"name":"Kupno kota i \u017cycie z nim. Porady dla pocz\u0105tkuj\u0105cych","item":"https:\/\/bozita.com\/pl\/zycie-z-kotem\/"},{"@type":"ListItem","position":3,"name":"Zdrowie kota i jego piel\u0119gnacja","item":"https:\/\/bozita.com\/pl\/zycie-z-kotem\/zdrowie-kota\/"},{"@type":"ListItem","position":4,"name":"Odrobaczanie kota &#8211; wszystko, co musisz wiedzie\u0107"}]},{"@type":"WebSite","@id":"https:\/\/bozita.com\/pl\/#website","url":"https:\/\/bozita.com\/pl\/","name":"Bozita Polska","description":"","potentialAction":[{"@type":"SearchAction","target":{"@type":"EntryPoint","urlTemplate":"https:\/\/bozita.com\/pl\/?s={search_term_string}"},"query-input":"required name=search_term_string"}],"inLanguage":"pl-PL"}]}},"_links":{"self":[{"href":"https:\/\/bozita.com\/pl\/wp-json\/wp\/v2\/pages\/6856"}],"collection":[{"href":"https:\/\/bozita.com\/pl\/wp-json\/wp\/v2\/pages"}],"about":[{"href":"https:\/\/bozita.com\/pl\/wp-json\/wp\/v2\/types\/page"}],"author":[{"embeddable":true,"href":"https:\/\/bozita.com\/pl\/wp-json\/wp\/v2\/users\/1"}],"replies":[{"embeddable":true,"href":"https:\/\/bozita.com\/pl\/wp-json\/wp\/v2\/comments?post=6856"}],"version-history":[{"count":7,"href":"https:\/\/bozita.com\/pl\/wp-json\/wp\/v2\/pages\/6856\/revisions"}],"predecessor-version":[{"id":9521,"href":"https:\/\/bozita.com\/pl\/wp-json\/wp\/v2\/pages\/6856\/revisions\/9521"}],"up":[{"embeddable":true,"href":"https:\/\/bozita.com\/pl\/wp-json\/wp\/v2\/pages\/6814"}],"wp:featuredmedia":[{"embeddable":true,"href":"https:\/\/bozita.com\/pl\/wp-json\/wp\/v2\/media\/6698"}],"wp:attachment":[{"href":"https:\/\/bozita.com\/pl\/wp-json\/wp\/v2\/media?parent=6856"}],"curies":[{"name":"wp","href":"https:\/\/api.w.org\/{rel}","templated":true}]}}