{"id":6857,"date":"2021-08-06T13:58:36","date_gmt":"2021-08-06T13:58:36","guid":{"rendered":"https:\/\/bozita.com\/pl\/zycie-z-psem\/zdrowie-psa\/odrobaczanie-szczeniakow-i-doroslych-psow\/"},"modified":"2022-09-29T07:15:38","modified_gmt":"2022-09-29T07:15:38","slug":"odrobaczanie-szczeniakow-i-doroslych-psow","status":"publish","type":"page","link":"https:\/\/bozita.com\/pl\/zycie-z-psem\/zdrowie-psa\/odrobaczanie-szczeniakow-i-doroslych-psow\/","title":{"rendered":"Odrobaczanie szczeniak\u00f3w i doros\u0142ych ps\u00f3w"},"content":{"rendered":"\t\t<section class=\"small-hero\">\n\t\t\t<div class=\"container\">\n\t\t\t\t<h5>Knowledge<\/h5><h1 class=\"small-hero-title\">ODROBACZANIE SZCZENIAK\u00d3W I DOROS\u0141YCH PS\u00d3W<\/h1><p><p>To, czy (i\u00a0kiedy) musisz odrobaczy\u0107 swojego psa zale\u017cy od jego wieku, stylu \u017cycia i\u00a0ewentualnych objaw\u00f3w zarobaczenia.<\/p>\n<\/p>\t\t\t<\/div>\n\t\t\t<\/div>\n\t\t<\/section>\n\t\n\n\t<div class=\"text-box-warp\">\n\t\t<div class=\"container\">\n\t\t\t<div class=\"text-content\">\n\t\t\t\t<div class=\"article__introduction\">\n<p><strong>Karmi\u0105ce suki i\u00a0szczeniaki powinny by\u0107 na przyk\u0142ad regularnie odrobaczane, podczas gdy zaprzestano dawnej praktyki odrobaczania doros\u0142ych ps\u00f3w \u201ena wszelki wypadek\u201d. Mo\u017ce ona bowiem skutkowa\u0107 nabyciem odporno\u015bci na \u015brodek i\u00a0brakiem jego skuteczno\u015bci. W\u00a0przypadku podejrzenia zarobaczenia pobiera si\u0119 zamiast tego pr\u00f3bki, aby upewni\u0107 si\u0119, \u017ce wybrana zosta\u0142a odpowiednia metoda leczenia. Je\u015bli masz w\u00a0planach zagraniczn\u0105 podr\u00f3\u017c z\u00a0psem, sprawd\u017a przepisy dotycz\u0105ce zar\u00f3wno wjazdu do kraju docelowego, jak i\u00a0powrotu do Polski.<\/strong><\/p>\n<\/div>\n<div class=\"article__body\">\n<h2>ODROBACZANIE KARMI\u0104CEJ SUKI I\u00a0SZCZENI\u0104T<\/h2>\n<p>Wi\u0119kszo\u015b\u0107 szczeniak\u00f3w, u\u00a0kt\u00f3rych wyst\u0119puje tasiemiec, zara\u017ca si\u0119 nim ju\u017c w\u00a0\u0142onie matki lub podczas karmienia. Dlatego zar\u00f3wno suk\u0119, jak i\u00a0szczeniaki wymagaj\u0105 regularnego odrobaczania. Pozw\u00f3l, aby weterynarz doradzi\u0142 Ci w\u00a0sprawie odpowiedniego preparatu dla karmi\u0105cych suk oraz szczeni\u0105t i\u00a0post\u0119puj zgodnie z\u00a0przepisanym planem odrobaczania.<\/p>\n<p>Je\u015bli szczeniak pojawi\u0142 si\u0119 u Ciebie dopiero niedawno, hodowca powinien by\u0107 w stanie poda\u0107 Ci nazw\u0119 odpowiedniego dla psa preparatu i planu odrobaczania i poinformowa\u0107 Ci\u0119, czy pies otrzyma\u0142 ju\u017c wszystkie przewidziane dawki, czy mo\u017ce musisz samodzielnie zako\u0144czy\u0107 kuracj\u0119.<\/p>\n<h2>ODROBACZANIE DOROS\u0141EGO PSA<\/h2>\n<p>Rutynowe odrobaczanie doros\u0142ych ps\u00f3w by\u0142o kiedy\u015b powszechne. Zalecenia te jednak uleg\u0142y zmianie i dzi\u015b zaleca si\u0119 odrobaczanie jedynie w szczeg\u00f3lnych przypadkach, je\u015bli wykonane zosta\u0142y odpowiednie badania i stwierdzono obecno\u015b\u0107 robak\u00f3w w organizmie psa. W przeciwnym razie istnieje ryzyko nabycia odporno\u015bci. Odrobaczanie jest wa\u017cn\u0105 czynno\u015bci\u0105 i najlepiej harmonogram tej czynno\u015bci ustali\u0107 z weterynarzem, kt\u00f3ry opiekuje si\u0119 Twoim czworonogiem.<\/p>\n<p>W\u00a0razie podejrzenia zarobaczenia u\u00a0psa na rynku dost\u0119pne s\u0105 r\u00f3\u017cnego rodzaju zestawy do pobierania niezb\u0119dnych pr\u00f3bek. Pr\u00f3bk\u0119 ka\u0142u wysy\u0142a si\u0119 do laboratorium, gdzie poddaje si\u0119 j\u0105 analizie potwierdzaj\u0105cej ewentualn\u0105 obecno\u015b\u0107 i\u00a0rodzaj robak\u00f3w u\u00a0psa. Aby zmniejszy\u0107 ryzyko nabycia odporno\u015bci przez paso\u017cyty, podaj psu preparat zwalczaj\u0105cy wy\u0142\u0105cznie ten rodzaj robak\u00f3w, jaki u\u00a0niego wykryto.<\/p>\n<h2>PREPARATY DO ODROBACZANIA PSA<\/h2>\n<p>Wyb\u00f3r preparatu zale\u017cy, jak ju\u017c wspomnieli\u015bmy, od rodzaju paso\u017cyt\u00f3w, z\u00a0jakimi boryka si\u0119 Tw\u00f3j pupil. Skorzystaj z\u00a0porady weterynarza, kt\u00f3ry wska\u017ce Ci odpowiedni preparat. Zwa\u017c psa, zanim kupisz lek, aby upewni\u0107 si\u0119, \u017ce podajesz mu odpowiedni\u0105 dawk\u0119.<\/p>\n<p>Pami\u0119taj, \u017ce mo\u017ce min\u0105\u0107 troch\u0119 czasu, zanim robaki zupe\u0142nie znikn\u0105 z\u00a0odchod\u00f3w psa, poniewa\u017c le\u017c\u0105 martwe w\u00a0jelitach.<\/p>\n<h2>OBJAWY ZAROBACZENIA U\u00a0PSA<\/h2>\n<p>Nie zawsze da si\u0119 dostrzec robaki go\u0142ym okiem. Pies mo\u017ce wydali\u0107 glist\u0119 psi\u0105 podczas wymiot\u00f3w, a\u00a0tasiemiec jest czasem widoczny w\u00a0okolicy odbytu. Zwr\u00f3\u0107 wi\u0119c uwag\u0119 na psie wymiociny i\u00a0odchody.<\/p>\n<p>Do innych objaw\u00f3w zarobaczenia u\u00a0psa nale\u017c\u0105:<\/p>\n<ul>\n<li>biegunka;<\/li>\n<li>wychudzenie;<\/li>\n<li>matowa sier\u015b\u0107;<\/li>\n<li>wymioty;<\/li>\n<li>kaszel;<\/li>\n<li>og\u00f3lne pogorszenie stanu zdrowia.<\/li>\n<\/ul>\n<h2>JAK PIES MO\u017bE ZARAZI\u0106 SI\u0118 ROBAKAMI I JAK DU\u017bE JEST ZAGRO\u017bENIE<\/h2>\n<p>Szczeniaki mog\u0105 zarazi\u0107 si\u0119 robakami ju\u017c w\u00a0\u0142onie matki, a\u00a0tak\u017ce poprzez jej mleko w\u00a0pierwszych miesi\u0105cach \u017cycia. Dlatego nale\u017cy w\u00a0tym okresie regularnie odrobacza\u0107 zar\u00f3wno suk\u0119, jak i\u00a0szczeniaki.<\/p>\n<p>Doros\u0142e psy zwykle zara\u017caj\u0105 si\u0119 robakami przez po\u017cywienie, je\u015bli zjedz\u0105 na przyk\u0142ad zara\u017conego gryzonia, lub przez kontakt z\u00a0przedmiotem, na\u00a0kt\u00f3rym znajduj\u0105 si\u0119 jajeczka robak\u00f3w. Udomowiony pies \u017cyj\u0105cy w mie\u015bcie, kt\u00f3ry nie ma kontaktu z\u00a0dzikimi zwierz\u0119tami, rzadko walczy wi\u0119c z\u00a0robakami. Psy my\u015bliwskie, hodowlane, pracuj\u0105ce oraz podr\u00f3\u017cuj\u0105ce s\u0105 najcz\u0119\u015bciej nara\u017cone na wi\u0119ksze ryzyko zarobaczenia. Psy, kt\u00f3re biegaj\u0105 wolno i, by\u0107 mo\u017ce, zjadaj\u0105 ma\u0142e gryzonie, surowe mi\u0119so b\u0105d\u017a wn\u0119trzno\u015bci dzikich zwierz\u0105t, r\u00f3wnie\u017c mog\u0105 zarazi\u0107 si\u0119 robakami.<\/p>\n<h2>ODROBACZANIE PSA PRZED WYJAZDEM ZA GRANIC\u0118<\/h2>\n<p>Odrobaczenie psa u\u00a0weterynarza nale\u017cy do powszechnych wymaga\u0144, jakie musz\u0105 zosta\u0107 spe\u0142nione, aby pies m\u00f3g\u0142 wjecha\u0107 do obcego kraju. Na stronie G\u0142\u00f3wnego Inspektoratu Weterynarii znajdziesz informacje dotycz\u0105ce podr\u00f3\u017cy z\u00a0psem na terenie UE oraz poza jej obszarem. Pami\u0119taj jednak, aby sprawdzi\u0107 dok\u0142adnie jakie zasady obowi\u0105zuj\u0105 w\u00a0kraju docelowym. \u015awiadomo\u015b\u0107 tych regu\u0142 jest niezwykle wa\u017cna, aby unikn\u0105\u0107 problem\u00f3w na granicy podczas wyjazdu i\u00a0podr\u00f3\u017cy powrotnej.<\/p>\n<p>Podr\u00f3\u017c do niekt\u00f3rych kraj\u00f3w Europy wymaga odrobaczenia psa przeciwko tasiemcowi lisiemu. Kuracj\u0119 nale\u017cy przeprowadzi\u0107 u\u00a0weterynarza i\u00a0udokumentowa\u0107 w\u00a0paszporcie europejskim psa. Skontaktuj si\u0119 z\u00a0weterynarzem ze znacznym wyprzedzeniem.<\/p>\n<h2>GLISTA PSIA, TASIEMIEC I\u00a0TASIEMIEC KAR\u0141OWATY U\u00a0PS\u00d3W<\/h2>\n<p>Do najpowszechniejszych rodzaj\u00f3w robaka, jakimi mo\u017ce zarazi\u0107 si\u0119 Tw\u00f3j pies, nale\u017c\u0105 glista psia i\u00a0tasiemiec. S\u0105 one stosunkowo niegro\u017ane, je\u015bli natychmiast zastosuje si\u0119 odpowiedni\u0105 kuracj\u0119.<\/p>\n<p>Tasiemiec kar\u0142owaty stanowi wi\u0119ksze zagro\u017cenie dla ps\u00f3w, lecz, na szcz\u0119\u015bcie, wyst\u0119puje w\u00a0Polsce jedynie sporadycznie.<\/p>\n<h3>GLISTA PSIA<\/h3>\n<p>Glista psia wyst\u0119puje przede wszystkim u\u00a0szczeniak\u00f3w i\u00a0m\u0142odych ps\u00f3w. Jest \u017c\u00f3\u0142ta i\u00a0ma oko\u0142o 6\u201318 cm d\u0142ugo\u015bci, co sprawia, \u017ce \u0142atwo j\u0105 rozpozna\u0107 w\u00a0odchodach lub wymiocinach psa. Wi\u0119ksza ilo\u015b\u0107 robak\u00f3w mo\u017ce obci\u0105\u017cy\u0107 organizm m\u0142odego zwierz\u0119cia.<\/p>\n<p>Larwy glisty psiej rosn\u0105 w\u00a0jelicie, przenosz\u0105 si\u0119 do p\u0142uc i\u00a0powoduj\u0105 kaszel. Zjawisko to nie wyst\u0119puje u\u00a0doros\u0142ych ps\u00f3w. U\u00a0dojrza\u0142ych ps\u00f3w glista psia zostaje w\u00a0jelicie. Larwy robak\u00f3w mog\u0105 przenie\u015b\u0107 si\u0119 natomiast do innych organ\u00f3w, w\u00a0kt\u00f3rych si\u0119 zagnie\u017cd\u017caj\u0105 i\u00a0pozostaj\u0105 w\u00a0fazie spoczynku. U\u00a0ci\u0119\u017carnych suk larwy ponownie budz\u0105 si\u0119 do \u017cycia i\u00a0przenosz\u0105 si\u0119 na szczeniaki ju\u017c w\u00a0okresie prenatalnym lub poprzez mleko matki.<\/p>\n<p>Glista psia jest stosunkowo \u0142atwa do wyeliminowania. Kuracja nie gwarantuje jednak d\u0142ugotrwa\u0142ej odporno\u015bci i\u00a0pies mo\u017ce si\u0119 ponownie zarazi\u0107.<\/p>\n<h3>TASIEMIEC U\u00a0PSA<\/h3>\n<p>Je\u015bli pies zarazi si\u0119 tasiemcem, kapsu\u0142ki z\u00a0jajkami paso\u017cyta s\u0105 widocznie w\u00a0jego odchodach, w\u00a0okolicy odbytu lub u\u00a0nasady ogona. Przypominaj\u0105 one ziarenka ry\u017cu.<\/p>\n<p>Psy mog\u0105 zarazi\u0107 si\u0119 tasiemcem przez tak zwanego \u017cywiciela po\u015bredniego. Oznacza to, \u017ce pies musi zje\u015b\u0107 inne, zara\u017cone zwierz\u0119, na przyk\u0142ad ma\u0142ego gryzonia lub pch\u0142y, aby si\u0119 zarazi\u0107. Poniewa\u017c infekcja zawsze przenoszona jest przez \u017cywiciela po\u015bredniego, doros\u0142e psy s\u0105 nara\u017cone w\u00a0wi\u0119kszym stopniu ni\u017c szczeniaki. Najbardziej nara\u017cone s\u0105 jednak psy my\u015bliwskie, kt\u00f3re jedz\u0105 surowe mi\u0119so lub wn\u0119trzno\u015bci, lub psy zara\u017cone pch\u0142ami.<\/p>\n<p>Prawid\u0142owe odrobaczenie eliminuje zwykle wszelkie powa\u017cne objawy infekcji.<\/p>\n<h3>TASIEMIEC KAR\u0141OWATY U\u00a0PSA<\/h3>\n<p>Tasiemiec kar\u0142owaty nale\u017cy do gro\u017aniejszych robak\u00f3w i\u00a0mo\u017ce uszkodzi\u0107 w\u0105trob\u0119, p\u0142uca lub inny organ psa. Na szcz\u0119\u015bcie wyst\u0119puje on w\u00a0Polsce jedynie sporadycznie. Najcz\u0119\u015bciej pojawia si\u0119 w\u00a0pa\u0144stwach, w\u00a0kt\u00f3rych psy wykorzystywane s\u0105 w\u00a0gospodarstwach rolnych.<\/p>\n<p>Tasiemiec kar\u0142owaty paso\u017cytuje zar\u00f3wno na g\u0142\u00f3wnym \u017cywicielu (w\u00a0przypadku dojrza\u0142ych tasiemc\u00f3w), jak i\u00a0na \u017cywicielu po\u015brednim (w\u00a0przypadku larw) i\u00a0jest przenoszony w\u00a0ten sam spos\u00f3b co zwyk\u0142y tasiemiec.<\/p>\n<p>Psy mog\u0105 zarazi\u0107 si\u0119 tak\u017ce specjalnym rodzajem tasiemca, kt\u00f3ry wyst\u0119puje u\u00a0lis\u00f3w. Infekcja tym gatunkiem tasiemca ma powa\u017cniejsze skutki. Uwa\u017caj wi\u0119c na lisie odchody.<\/p>\n<p>Zwykle zaleca si\u0119 odrobaczenie psa, je\u015bli w okolicy wyst\u0119puje tasiemiec kar\u0142owaty, jednak skonsultuj si\u0119 z weterynarzem, zanim rozpoczniesz kuracj\u0119.<\/p>\n<\/div>\n\t\t\t<\/div>\n\t\t<\/div>\n\t<\/div>\n\n\n\n\t<section class=\"block related-articles\">\n\t\t<div class=\"container\">\n\t\t\t<h2>Artyku\u0142y powi\u0105zane<\/h2>\n\t\t\t<div class=\"row justify-content-center\">\n\t\t\t\t\t\t\t\t\t\t<div class=\"col-sm-6 col-md-6 col-lg-3\">\n\t\t\t\t\t\t\t\t\t\t\t\t\t\t<div class=\"card \">\n\t\t\t\t\t\t\t\t\t\t\t\t\t\t\t\t\t<img decoding=\"async\"  src=\"https:\/\/bozita.com\/pl\/wp-content\/uploads\/sites\/9\/2021\/08\/bozita-hund-vaccinera.jpeg\" alt=\"\">\n\t\t\t\t\t\t\t\t\t\t\t\t\t\t\t\t\t<!-- <img decoding=\"async\" src=\"\n\t\t\t\t\t\t\t\t\t\t\t\t\t\t\t\t\t\t\t\t\" alt=\"\n\t\t\t\t\t\t\t\t\t\t\t\t\t\t\t\t\t\t\t\t\t\t\t\t\t\t\t\"> -->\n\t\t\t\t\t\t\t\t<div class=\"card-body\">\n\t\t\t\t\t\t\t\t\t\t\t\t\t\t\t\t\t\t\t<h6>Szczepienia ps\u00f3w i szczeni\u0105t<\/h6>\n\t\t\t\t\t\t\t\t\t\t\t\t\t\t\t\t\t\t\t<a href=\"https:\/\/bozita.com\/pl\/zycie-z-psem\/zdrowie-psa\/szczepienie-psa\/\">Czytaj wi\u0119cej &nbsp; ><\/a>\n\t\t\t\t\t\t\t\t<\/div>\n\t\t\t\t\t\t\t<\/div>\n\t\t\t\t\t\t<\/div>\n\n\t\t\t\t\t\t\t\t\t\t\t<div class=\"col-sm-6 col-md-6 col-lg-3\">\n\t\t\t\t\t\t\t\t\t\t\t\t\t\t<div class=\"card \">\n\t\t\t\t\t\t\t\t\t\t\t\t\t\t\t\t\t<img decoding=\"async\"  src=\"https:\/\/bozita.com\/pl\/wp-content\/uploads\/sites\/9\/2021\/08\/bozita-hund-borsta-tander-hygien.jpeg\" alt=\"\">\n\t\t\t\t\t\t\t\t\t\t\t\t\t\t\t\t\t<!-- <img decoding=\"async\" src=\"\n\t\t\t\t\t\t\t\t\t\t\t\t\t\t\t\t\t\t\t\t\" alt=\"\n\t\t\t\t\t\t\t\t\t\t\t\t\t\t\t\t\t\t\t\t\t\t\t\t\t\t\t\"> -->\n\t\t\t\t\t\t\t\t<div class=\"card-body\">\n\t\t\t\t\t\t\t\t\t\t\t\t\t\t\t\t\t\t\t<h6>Szczotkowanie z\u0119b\u00f3w | Psie z\u0119by i ich higiena<\/h6>\n\t\t\t\t\t\t\t\t\t\t\t\t\t\t\t\t\t\t\t<a href=\"https:\/\/bozita.com\/pl\/zycie-z-psem\/zdrowie-psa\/higiena-jamy-ustnej-i-szczotkowanie-zebow-psa\/\">Czytaj wi\u0119cej &nbsp; ><\/a>\n\t\t\t\t\t\t\t\t<\/div>\n\t\t\t\t\t\t\t<\/div>\n\t\t\t\t\t\t<\/div>\n\n\t\t\t\t\t\t\t\t\t\t\t\t<\/div>\n\t\t<\/div>\n\t<\/section>\n","protected":false},"excerpt":{"rendered":"","protected":false},"author":1,"featured_media":6810,"parent":6808,"menu_order":0,"comment_status":"closed","ping_status":"closed","template":"guternberg.php","meta":{"footnotes":""},"acf":[],"yoast_head":"<!-- This site is optimized with the Yoast SEO plugin v21.3 - https:\/\/yoast.com\/wordpress\/plugins\/seo\/ -->\n<title>Odrobaczanie szczeniak\u00f3w i doros\u0142ych ps\u00f3w | Bozita Polska<\/title>\n<meta name=\"description\" content=\"To, czy (i\u00a0kiedy) musisz odrobaczy\u0107 swojego psa zale\u017cy od jego wieku, stylu \u017cycia i\u00a0ewentualnych objaw\u00f3w zarobaczenia.\" \/>\n<meta name=\"robots\" content=\"index, follow, max-snippet:-1, max-image-preview:large, max-video-preview:-1\" \/>\n<link rel=\"canonical\" href=\"https:\/\/bozita.com\/pl\/zycie-z-psem\/zdrowie-psa\/odrobaczanie-szczeniakow-i-doroslych-psow\/\" \/>\n<meta property=\"og:locale\" content=\"pl_PL\" \/>\n<meta property=\"og:type\" content=\"article\" \/>\n<meta property=\"og:title\" content=\"Odrobaczanie szczeniak\u00f3w i doros\u0142ych ps\u00f3w | Bozita Polska\" \/>\n<meta property=\"og:description\" content=\"To, czy (i\u00a0kiedy) musisz odrobaczy\u0107 swojego psa zale\u017cy od jego wieku, stylu \u017cycia i\u00a0ewentualnych objaw\u00f3w zarobaczenia.\" \/>\n<meta property=\"og:url\" content=\"https:\/\/bozita.com\/pl\/zycie-z-psem\/zdrowie-psa\/odrobaczanie-szczeniakow-i-doroslych-psow\/\" \/>\n<meta property=\"og:site_name\" content=\"Bozita Polska\" \/>\n<meta property=\"article:modified_time\" content=\"2022-09-29T07:15:38+00:00\" \/>\n<meta property=\"og:image\" content=\"https:\/\/bozita.com\/pl\/wp-content\/uploads\/sites\/9\/2021\/06\/bozita-avmaska-hundvalp-hund.jpg\" \/>\n\t<meta property=\"og:image:width\" content=\"800\" \/>\n\t<meta property=\"og:image:height\" content=\"533\" \/>\n\t<meta property=\"og:image:type\" content=\"image\/jpeg\" \/>\n<meta name=\"twitter:card\" content=\"summary_large_image\" \/>\n<!-- \/ Yoast SEO plugin. -->","yoast_head_json":{"title":"Odrobaczanie szczeniak\u00f3w i doros\u0142ych ps\u00f3w | Bozita Polska","description":"To, czy (i\u00a0kiedy) musisz odrobaczy\u0107 swojego psa zale\u017cy od jego wieku, stylu \u017cycia i\u00a0ewentualnych objaw\u00f3w zarobaczenia.","robots":{"index":"index","follow":"follow","max-snippet":"max-snippet:-1","max-image-preview":"max-image-preview:large","max-video-preview":"max-video-preview:-1"},"canonical":"https:\/\/bozita.com\/pl\/zycie-z-psem\/zdrowie-psa\/odrobaczanie-szczeniakow-i-doroslych-psow\/","og_locale":"pl_PL","og_type":"article","og_title":"Odrobaczanie szczeniak\u00f3w i doros\u0142ych ps\u00f3w | Bozita Polska","og_description":"To, czy (i\u00a0kiedy) musisz odrobaczy\u0107 swojego psa zale\u017cy od jego wieku, stylu \u017cycia i\u00a0ewentualnych objaw\u00f3w zarobaczenia.","og_url":"https:\/\/bozita.com\/pl\/zycie-z-psem\/zdrowie-psa\/odrobaczanie-szczeniakow-i-doroslych-psow\/","og_site_name":"Bozita Polska","article_modified_time":"2022-09-29T07:15:38+00:00","og_image":[{"width":800,"height":533,"url":"https:\/\/bozita.com\/pl\/wp-content\/uploads\/sites\/9\/2021\/06\/bozita-avmaska-hundvalp-hund.jpg","type":"image\/jpeg"}],"twitter_card":"summary_large_image","schema":{"@context":"https:\/\/schema.org","@graph":[{"@type":"WebPage","@id":"https:\/\/bozita.com\/pl\/zycie-z-psem\/zdrowie-psa\/odrobaczanie-szczeniakow-i-doroslych-psow\/","url":"https:\/\/bozita.com\/pl\/zycie-z-psem\/zdrowie-psa\/odrobaczanie-szczeniakow-i-doroslych-psow\/","name":"Odrobaczanie szczeniak\u00f3w i doros\u0142ych ps\u00f3w | Bozita Polska","isPartOf":{"@id":"https:\/\/bozita.com\/pl\/#website"},"datePublished":"2021-08-06T13:58:36+00:00","dateModified":"2022-09-29T07:15:38+00:00","description":"To, czy (i\u00a0kiedy) musisz odrobaczy\u0107 swojego psa zale\u017cy od jego wieku, stylu \u017cycia i\u00a0ewentualnych objaw\u00f3w zarobaczenia.","breadcrumb":{"@id":"https:\/\/bozita.com\/pl\/zycie-z-psem\/zdrowie-psa\/odrobaczanie-szczeniakow-i-doroslych-psow\/#breadcrumb"},"inLanguage":"pl-PL","potentialAction":[{"@type":"ReadAction","target":["https:\/\/bozita.com\/pl\/zycie-z-psem\/zdrowie-psa\/odrobaczanie-szczeniakow-i-doroslych-psow\/"]}]},{"@type":"BreadcrumbList","@id":"https:\/\/bozita.com\/pl\/zycie-z-psem\/zdrowie-psa\/odrobaczanie-szczeniakow-i-doroslych-psow\/#breadcrumb","itemListElement":[{"@type":"ListItem","position":1,"name":"Home","item":"https:\/\/bozita.com\/pl\/"},{"@type":"ListItem","position":2,"name":"\u017bycie z psem","item":"https:\/\/bozita.com\/pl\/zycie-z-psem\/"},{"@type":"ListItem","position":3,"name":"Zdrowie psa","item":"https:\/\/bozita.com\/pl\/zycie-z-psem\/zdrowie-psa\/"},{"@type":"ListItem","position":4,"name":"Odrobaczanie szczeniak\u00f3w i doros\u0142ych ps\u00f3w"}]},{"@type":"WebSite","@id":"https:\/\/bozita.com\/pl\/#website","url":"https:\/\/bozita.com\/pl\/","name":"Bozita Polska","description":"","potentialAction":[{"@type":"SearchAction","target":{"@type":"EntryPoint","urlTemplate":"https:\/\/bozita.com\/pl\/?s={search_term_string}"},"query-input":"required name=search_term_string"}],"inLanguage":"pl-PL"}]}},"_links":{"self":[{"href":"https:\/\/bozita.com\/pl\/wp-json\/wp\/v2\/pages\/6857"}],"collection":[{"href":"https:\/\/bozita.com\/pl\/wp-json\/wp\/v2\/pages"}],"about":[{"href":"https:\/\/bozita.com\/pl\/wp-json\/wp\/v2\/types\/page"}],"author":[{"embeddable":true,"href":"https:\/\/bozita.com\/pl\/wp-json\/wp\/v2\/users\/1"}],"replies":[{"embeddable":true,"href":"https:\/\/bozita.com\/pl\/wp-json\/wp\/v2\/comments?post=6857"}],"version-history":[{"count":7,"href":"https:\/\/bozita.com\/pl\/wp-json\/wp\/v2\/pages\/6857\/revisions"}],"predecessor-version":[{"id":9536,"href":"https:\/\/bozita.com\/pl\/wp-json\/wp\/v2\/pages\/6857\/revisions\/9536"}],"up":[{"embeddable":true,"href":"https:\/\/bozita.com\/pl\/wp-json\/wp\/v2\/pages\/6808"}],"wp:featuredmedia":[{"embeddable":true,"href":"https:\/\/bozita.com\/pl\/wp-json\/wp\/v2\/media\/6810"}],"wp:attachment":[{"href":"https:\/\/bozita.com\/pl\/wp-json\/wp\/v2\/media?parent=6857"}],"curies":[{"name":"wp","href":"https:\/\/api.w.org\/{rel}","templated":true}]}}