{"id":6858,"date":"2021-08-06T13:58:35","date_gmt":"2021-08-06T13:58:35","guid":{"rendered":"https:\/\/bozita.com\/pl\/zycie-z-kotem\/zabawy-dla-kota\/"},"modified":"2022-09-29T07:03:08","modified_gmt":"2022-09-29T07:03:08","slug":"zabawy-dla-kota","status":"publish","type":"page","link":"https:\/\/bozita.com\/pl\/zycie-z-kotem\/zabawy-dla-kota\/","title":{"rendered":"Zabawy dla kota"},"content":{"rendered":"\n\t\t<section class=\"small-hero-with-image\">\n\t\t\t\t\t\t\t<img decoding=\"async\" class=\"background-image\" src=\"https:\/\/bozita.com\/pl\/wp-content\/uploads\/sites\/9\/2021\/06\/bozita-aktivera-katt.jpg\" alt=\"\">\n\t\t\t\t\t\t\t<div class=\"overlay-v1 overlay-bg\">\n\t\t\t\t<div class=\"container\">\n\t\t\t\t\t<div class=\"row\">\n\t\t\t\t\t\t<div class=\"col-md-6 col-lg-5\">\n\t\t\t\t\t\t\t<h5>Knowledge<\/h5><h1>ZABAWY DLA KOTA<\/h1>\t\t\t\t\t\t<\/div>\n\t\t\t\t\t<\/div>\n\t\t\t\t<\/div>\n\t\t\t<\/div>\n\t\t<\/section>\n\t\t\n\n\t<div class=\"text-box-warp\">\n\t\t<div class=\"container\">\n\t\t\t<div class=\"text-content\">\n\t\t\t\t<h2><a href=\"https:\/\/bozita.com\/pl\/zycie-z-kotem\/zabawy-dla-kota\/zabawy-dla-kota\/\">Zabawy dla kota<\/a><\/h2>\n<p>Kot jest drapie\u017cnikiem z instynktem \u0142owieckim, kt\u00f3ry nale\u017cy zaspokoi\u0107 stymuluj\u0105c zar\u00f3wno jego fizyczn\u0105, jak i umys\u0142ow\u0105 aktywno\u015b\u0107. Kot, kt\u00f3remu nie zapewni si\u0119 wystarczaj\u0105cej ilo\u015bci bod\u017ac\u00f3w, cz\u0119sto reaguje stresem, co mo\u017ce objawia\u0107 si\u0119 niewyt\u0142umaczalnym miauczeniem, przesadnym myciem sier\u015bci czy za\u0142atwianiem si\u0119 poza kuwet\u0105. Aktywizacja kota ma ogromne znaczenie, zw\u0142aszcza w przypadku zwierz\u0105t \u017cyj\u0105cych w domu. W\u00a0wi\u0119kszo\u015bci przypadk\u00f3w nie mog\u0105 one samodzielnie zaspokoi\u0107 swojego instynktu \u0142owieckiego i potrzebuj\u0105 w tym celu pomocy opiekun\u00f3w.<\/p>\n\t\t\t<\/div>\n\t\t<\/div>\n\t<\/div>\n","protected":false},"excerpt":{"rendered":"","protected":false},"author":1,"featured_media":6859,"parent":6728,"menu_order":0,"comment_status":"closed","ping_status":"closed","template":"guternberg.php","meta":{"footnotes":""},"acf":[],"yoast_head":"<!-- This site is optimized with the Yoast SEO plugin v21.3 - https:\/\/yoast.com\/wordpress\/plugins\/seo\/ -->\n<title>Zabawy dla kota | Bozita Polska<\/title>\n<meta name=\"description\" content=\"Kot jest drapie\u017cnikiem z instynktem \u0142owieckim, kt\u00f3ry nale\u017cy zaspokoi\u0107 stymuluj\u0105c zar\u00f3wno jego fizyczn\u0105, jak i umys\u0142ow\u0105 aktywno\u015b\u0107.\" \/>\n<meta name=\"robots\" content=\"index, follow, max-snippet:-1, max-image-preview:large, max-video-preview:-1\" \/>\n<link rel=\"canonical\" href=\"https:\/\/bozita.com\/pl\/zycie-z-kotem\/zabawy-dla-kota\/\" \/>\n<meta property=\"og:locale\" content=\"pl_PL\" \/>\n<meta property=\"og:type\" content=\"article\" \/>\n<meta property=\"og:title\" content=\"Zabawy dla kota | Bozita Polska\" \/>\n<meta property=\"og:description\" content=\"Kot jest drapie\u017cnikiem z instynktem \u0142owieckim, kt\u00f3ry nale\u017cy zaspokoi\u0107 stymuluj\u0105c zar\u00f3wno jego fizyczn\u0105, jak i umys\u0142ow\u0105 aktywno\u015b\u0107.\" \/>\n<meta property=\"og:url\" content=\"https:\/\/bozita.com\/pl\/zycie-z-kotem\/zabawy-dla-kota\/\" \/>\n<meta property=\"og:site_name\" content=\"Bozita Polska\" \/>\n<meta property=\"article:modified_time\" content=\"2022-09-29T07:03:08+00:00\" \/>\n<meta property=\"og:image\" content=\"https:\/\/bozita.com\/pl\/wp-content\/uploads\/sites\/9\/2021\/06\/bozita-aktivera-katt.jpg\" \/>\n\t<meta property=\"og:image:width\" content=\"1600\" \/>\n\t<meta property=\"og:image:height\" content=\"578\" \/>\n\t<meta property=\"og:image:type\" content=\"image\/jpeg\" \/>\n<meta name=\"twitter:card\" content=\"summary_large_image\" \/>\n<!-- \/ Yoast SEO plugin. -->","yoast_head_json":{"title":"Zabawy dla kota | Bozita Polska","description":"Kot jest drapie\u017cnikiem z instynktem \u0142owieckim, kt\u00f3ry nale\u017cy zaspokoi\u0107 stymuluj\u0105c zar\u00f3wno jego fizyczn\u0105, jak i umys\u0142ow\u0105 aktywno\u015b\u0107.","robots":{"index":"index","follow":"follow","max-snippet":"max-snippet:-1","max-image-preview":"max-image-preview:large","max-video-preview":"max-video-preview:-1"},"canonical":"https:\/\/bozita.com\/pl\/zycie-z-kotem\/zabawy-dla-kota\/","og_locale":"pl_PL","og_type":"article","og_title":"Zabawy dla kota | Bozita Polska","og_description":"Kot jest drapie\u017cnikiem z instynktem \u0142owieckim, kt\u00f3ry nale\u017cy zaspokoi\u0107 stymuluj\u0105c zar\u00f3wno jego fizyczn\u0105, jak i umys\u0142ow\u0105 aktywno\u015b\u0107.","og_url":"https:\/\/bozita.com\/pl\/zycie-z-kotem\/zabawy-dla-kota\/","og_site_name":"Bozita Polska","article_modified_time":"2022-09-29T07:03:08+00:00","og_image":[{"width":1600,"height":578,"url":"https:\/\/bozita.com\/pl\/wp-content\/uploads\/sites\/9\/2021\/06\/bozita-aktivera-katt.jpg","type":"image\/jpeg"}],"twitter_card":"summary_large_image","schema":{"@context":"https:\/\/schema.org","@graph":[{"@type":"WebPage","@id":"https:\/\/bozita.com\/pl\/zycie-z-kotem\/zabawy-dla-kota\/","url":"https:\/\/bozita.com\/pl\/zycie-z-kotem\/zabawy-dla-kota\/","name":"Zabawy dla kota | Bozita Polska","isPartOf":{"@id":"https:\/\/bozita.com\/pl\/#website"},"datePublished":"2021-08-06T13:58:35+00:00","dateModified":"2022-09-29T07:03:08+00:00","description":"Kot jest drapie\u017cnikiem z instynktem \u0142owieckim, kt\u00f3ry nale\u017cy zaspokoi\u0107 stymuluj\u0105c zar\u00f3wno jego fizyczn\u0105, jak i umys\u0142ow\u0105 aktywno\u015b\u0107.","breadcrumb":{"@id":"https:\/\/bozita.com\/pl\/zycie-z-kotem\/zabawy-dla-kota\/#breadcrumb"},"inLanguage":"pl-PL","potentialAction":[{"@type":"ReadAction","target":["https:\/\/bozita.com\/pl\/zycie-z-kotem\/zabawy-dla-kota\/"]}]},{"@type":"BreadcrumbList","@id":"https:\/\/bozita.com\/pl\/zycie-z-kotem\/zabawy-dla-kota\/#breadcrumb","itemListElement":[{"@type":"ListItem","position":1,"name":"Home","item":"https:\/\/bozita.com\/pl\/"},{"@type":"ListItem","position":2,"name":"Kupno kota i \u017cycie z nim. Porady dla pocz\u0105tkuj\u0105cych","item":"https:\/\/bozita.com\/pl\/zycie-z-kotem\/"},{"@type":"ListItem","position":3,"name":"Zabawy dla kota"}]},{"@type":"WebSite","@id":"https:\/\/bozita.com\/pl\/#website","url":"https:\/\/bozita.com\/pl\/","name":"Bozita Polska","description":"","potentialAction":[{"@type":"SearchAction","target":{"@type":"EntryPoint","urlTemplate":"https:\/\/bozita.com\/pl\/?s={search_term_string}"},"query-input":"required name=search_term_string"}],"inLanguage":"pl-PL"}]}},"_links":{"self":[{"href":"https:\/\/bozita.com\/pl\/wp-json\/wp\/v2\/pages\/6858"}],"collection":[{"href":"https:\/\/bozita.com\/pl\/wp-json\/wp\/v2\/pages"}],"about":[{"href":"https:\/\/bozita.com\/pl\/wp-json\/wp\/v2\/types\/page"}],"author":[{"embeddable":true,"href":"https:\/\/bozita.com\/pl\/wp-json\/wp\/v2\/users\/1"}],"replies":[{"embeddable":true,"href":"https:\/\/bozita.com\/pl\/wp-json\/wp\/v2\/comments?post=6858"}],"version-history":[{"count":3,"href":"https:\/\/bozita.com\/pl\/wp-json\/wp\/v2\/pages\/6858\/revisions"}],"predecessor-version":[{"id":9513,"href":"https:\/\/bozita.com\/pl\/wp-json\/wp\/v2\/pages\/6858\/revisions\/9513"}],"up":[{"embeddable":true,"href":"https:\/\/bozita.com\/pl\/wp-json\/wp\/v2\/pages\/6728"}],"wp:featuredmedia":[{"embeddable":true,"href":"https:\/\/bozita.com\/pl\/wp-json\/wp\/v2\/media\/6859"}],"wp:attachment":[{"href":"https:\/\/bozita.com\/pl\/wp-json\/wp\/v2\/media?parent=6858"}],"curies":[{"name":"wp","href":"https:\/\/api.w.org\/{rel}","templated":true}]}}