{"id":6860,"date":"2021-08-06T13:58:35","date_gmt":"2021-08-06T13:58:35","guid":{"rendered":"https:\/\/bozita.com\/pl\/zycie-z-kotem\/zdrowie-kota\/kastracja-kota-dlaczego-jest-tak-istotna\/"},"modified":"2022-09-29T07:05:50","modified_gmt":"2022-09-29T07:05:50","slug":"kastracja-kota-dlaczego-jest-tak-istotna","status":"publish","type":"page","link":"https:\/\/bozita.com\/pl\/zycie-z-kotem\/zdrowie-kota\/kastracja-kota-dlaczego-jest-tak-istotna\/","title":{"rendered":"Kastracja kota &#8211; dlaczego jest tak istotna?"},"content":{"rendered":"\t\t<section class=\"small-hero\">\n\t\t\t<div class=\"container\">\n\t\t\t\t<h5>Knowledge<\/h5><h1 class=\"small-hero-title\">KASTRACJA KOTA \u2013 DLACZEGO JEST TAK ISTOTNA?<\/h1><p><p>W\u0142a\u015bciciele kot\u00f3w \u017cyj\u0105cych na wolno\u015bci maj\u0105 obowi\u0105zek zapobiec ich nieplanowanemu, niechcianemu lub nadmiernemu rozmna\u017caniu si\u0119. Niekontrolowane rozmna\u017canie si\u0119 kot\u00f3w mo\u017cna kontrolowa\u0107 za pomoc\u0105 kastracji, sterylizacji lub innych metod. Je\u017celi nie zamierzasz prowadzi\u0107 hodowli, kastracja kota mo\u017ce przynie\u015b\u0107 wiele korzy\u015bci \u2013 zar\u00f3wno w\u00a0przypadku kocur\u00f3w, jak i kotek.<\/p>\n<\/p>\t\t\t<\/div>\n\t\t\t<\/div>\n\t\t<\/section>\n\t\n\n\t<div class=\"text-box-warp\">\n\t\t<div class=\"container\">\n\t\t\t<div class=\"text-content\">\n\t\t\t\t<p>Artyku\u0142 oparty na rozmowie z kocim ekspertem w Bozita, Elin Hirsch, doktorem etologii i\u00a0specjalistk\u0105 od zachowania kot\u00f3w.<\/p>\n<h2>KIEDY MO\u017bNA WYKASTROWA\u0106 KOTA LUB WYSTERYLIZOWA\u0106 KOTK\u0118?<\/h2>\n<p>Nie powinno si\u0119 kastrowa\u0107 kota, kt\u00f3ry nie uko\u0144czy\u0142 jeszcze czwartego miesi\u0105ca \u017cycia. Koty osi\u0105gaj\u0105 dojrza\u0142o\u015b\u0107 p\u0142ciow\u0105 oko\u0142o sz\u00f3stego miesi\u0105ca \u017cycia i to w\u0142a\u015bnie w tym momencie weterynarze zalecaj\u0105 przeprowadzenie kastracji lub sterylizacji.<\/p>\n<h2>KASTRACJA KOTA &#8211; KORZY\u015aCI ZDROWOTNE I ZACHOWANIE<\/h2>\n<p>Kastracja pomo\u017ce Ci unikn\u0105\u0107 niechcianego kociego potomstwa, pomaga ograniczy\u0107 ilo\u015b\u0107 bezdomnych kot\u00f3w, a dodatkowo niesie ze sob\u0105 wiele korzy\u015bci zdrowotnych.<\/p>\n<p>Ponadto kastracja kocura lub sterylizacja kotki pozytywnie wp\u0142ywa na zachowanie zwierz\u0119cia, na przyk\u0142ad zmniejszaj\u0105c ryzyko znaczenia przez niego terenu za pomoc\u0105 moczu. Wykastrowane kocury \u017cyj\u0105ce na zewn\u0105trz oddalaj\u0105 si\u0119 na mniejsze odleg\u0142o\u015bci od domu i\u00a0w\u00a0mniejszym stopniu zadaj\u0105 si\u0119 z obcymi kotami, wi\u0119c rzadziej zara\u017caj\u0105 si\u0119 chorobami oraz\u00a0odnosz\u0105 mniej obra\u017ce\u0144 w wyniku b\u00f3jek. Wysterylizowana kotka nie przechodzi rui i nie odczuwa zwi\u0105zanej z ni\u0105 frustracji, a Ty unikasz nieprzespanych nocy, gdy\u017c kotki w rui potrafi\u0105 narobi\u0107 sporo ha\u0142asu.<\/p>\n<p>Wykastrowane kocury okazuj\u0105 zwykle wi\u0119cej czu\u0142o\u015bci swoim w\u0142a\u015bcicielom, wi\u0119c kastracja kota ma pozytywny wp\u0142yw nie tylko na samo zwierz\u0119, lecz r\u00f3wnie\u017c na jego relacj\u0119 z opiekunem.<\/p>\n<h2>RYZYKO NADWAGI RO\u015aNIE<\/h2>\n<p>Decyduj\u0105c si\u0119 na kastracj\u0119 kota lub sterylizacj\u0119 kotki nale\u017cy wzi\u0105\u0107 pod uwag\u0119 fakt, \u017ce zabieg ten wp\u0142ywa na metabolizm zwierz\u0119cia. Koty zwi\u0119kszaj\u0105 wtedy swoje dzienne spo\u017cycie karmy, cz\u0119sto wykazuj\u0105c przy tym zmniejszon\u0105 aktywno\u015b\u0107 ruchow\u0105. Z tego powodu zwi\u0119ksza si\u0119 ryzyko nadwagi. Zalecamy zmian\u0119 po\u017cywienia na karm\u0119 dostosowan\u0105 specjalnie do potrzeb wykastrowanych kocur\u00f3w lub wysterylizowanych kotek \u2013 na przyk\u0142ad tak\u0105 jak\u00a0<a href=\"https:\/\/bozita.com\/pl\/karma-dla-kot\u00f3w\/bozita-indoor-sterilised-bez-zboz-renifer\/\">Bozita indoor &amp; sterilised z reniferem, bez dodatku zb\u00f3\u017c<\/a>\u00a0\u2013 i\u00a0sta\u0142\u0105 kontrol\u0119 masy kota.\u00a0<a href=\"https:\/\/bozita.com\/pl\/zycie-z-kotem\/zdrowie-kota\/ile-powinien-wazyc-kot\/\">Skorzystaj z naszej tabeli masy cia\u0142a kota<\/a><\/p>\n<h2>KASTRACJA KOTA KROK PO KROKU<\/h2>\n<p>Kastracja, sterylizacja lub kastracja chemiczna \u2013 istnieje wiele r\u00f3\u017cnych metod, aby zapobiec rozmna\u017caniu si\u0119 kot\u00f3w. Wa\u017cne, aby b\u0119d\u0105c w\u0142a\u015bcicielem kota, wiedzie\u0107, na czym polegaj\u0105 te zabiegi i jak najlepiej zaj\u0105\u0107 si\u0119 swoim podopiecznym przed oraz po operacji.<\/p>\n<p>Aby Tw\u00f3j kot nie zwymiotowa\u0142 podczas znieczulenia, nie powinien nic je\u015b\u0107 od p\u00f3\u0142nocy w\u00a0dniu przed zabiegiem. Rano w dniu operacji mo\u017ce jednak spokojnie napi\u0107 si\u0119 wody. Trzymaj kota w\u00a0domu, aby mie\u0107 nad nim ca\u0142kowit\u0105 kontrol\u0119.<\/p>\n<h2>STERYLIZACJA KOTKI<\/h2>\n<p>Sterylizacja kotki odbywa si\u0119 poprzez operacj\u0119 wykonywan\u0105 pod znieczuleniem. To rutynowa procedura, kt\u00f3r\u0105 weterynarze wykonuj\u0105 na co dzie\u0144. Kotk\u0119 cz\u0119sto przywozi si\u0119 do gabinetu rano, a\u00a0nast\u0119pnie odbiera po po\u0142udniu. Przed operacj\u0105 weterynarz zawsze upewnia si\u0119, czy stan zwierz\u0119cia na pewno pozwala na przeprowadzenie zabiegu.<\/p>\n<p>Zar\u00f3wno przed, jak i po operacji, weterynarz poda kotce dawk\u0119 leku przeciwb\u00f3lowego. Ponadto przed zabiegiem zgoli futro na brzuchu zwierz\u0119cia i dok\u0142adnie oczy\u015bci operowany obszar. Zabieg polega na wyci\u0119ciu jajowod\u00f3w, jajnik\u00f3w oraz macicy, a nast\u0119pnie zaszyciu brzucha.<\/p>\n<p>Gdy kotka obudzi si\u0119 po zabiegu, weterynarz po raz ostatni obejrzy ran\u0119 operacyjn\u0105, zanim pozwoli jej wr\u00f3ci\u0107 do domu.<\/p>\n<h2>KASTRACJA KOCURA<\/h2>\n<p>Kastracja kocura jest nieco mniej inwazyjnym zabiegiem ni\u017c sterylizacja kocicy. Rutynowa procedura przed zabiegiem u weterynarza jest taka sama i weterynarz najpierw ogl\u0105da kota, zanim u\u015bpi go do operacji. Nast\u0119pnie goli i sterylizuje obszar wok\u00f3\u0142 j\u0105der. Podczas operacji otwiera si\u0119 moszn\u0119 kocura, przecina nasieniowody i usuwa j\u0105dra za pomoc\u0105 dw\u00f3ch niewielkich naci\u0119\u0107. Po zabiegu nie zaszywa si\u0119 rany, lecz pozwala si\u0119, aby moszna zagoi\u0142a si\u0119 sama.<\/p>\n<p>Weterynarz podaje kotu leki przeciwb\u00f3lowe zar\u00f3wno przed, jak i po zabiegu tak, jak w przypadku kotki, po raz ostatni ogl\u0105da ran\u0119, zanim odda zwierz\u0119 w\u0142a\u015bcicielowi.<\/p>\n<h2>ZAOPIEKUJ SI\u0118 SWOIM KOTEM PO ZABIEGU<\/h2>\n<p>Po powrocie do domu pozw\u00f3l, aby kot ca\u0142kowicie doszed\u0142 do siebie w cichym i\u00a0zacienionym pokoju. Podaj mu jedzenie i wod\u0119 \u2013 z pocz\u0105tku w niewielkich porcjach \u2013 gdy zacznie si\u0119 przebudza\u0107 i\u00a0odzyska r\u00f3wnowag\u0119.<\/p>\n<p>W ci\u0105gu nast\u0119pnych dni kot powinien otrzymywa\u0107 leki przeciwb\u00f3lowe, oczywi\u015bcie po konsultacji z weterynarzem.<\/p>\n<p>Je\u015bli zauwa\u017cysz, \u017ce Tw\u00f3j kot li\u017ce ran\u0119, koniecznie za\u0142\u00f3\u017c mu ko\u0142nierz. W razie wyst\u0105pienia problemu z ran\u0105, skontaktuj si\u0119 z weterynarzem. Sk\u00f3ra powinna zagoi\u0107 si\u0119 w przeci\u0105gu 10\u201312 dni, a ewentualne szwy zwykle rozpuszczaj\u0105 si\u0119 same. Je\u015bli masz jakiekolwiek w\u0105tpliwo\u015bci, skonsultuj si\u0119 z\u00a0weterynarzem.<\/p>\n\t\t\t<\/div>\n\t\t<\/div>\n\t<\/div>\n\n\n<section class=\"block product-promos\">\n\t<div class=\"container\">\n\t\t<div class=\"row align-items-center\">\n\t\t\t<div class=\"col-md-5\">\n\t\t\t\t<div class=\"prdt__promos-heading\">\n\t\t\t\t\t<h3>\n\t\t\t\t\t\tSpecjalna karma dla kot\u00f3w wykastrowanych\t\t\t\t\t<\/h3>\n\t\t\t\t\t\t\t\t\t<\/div>\n\t\t\t<\/div>\n\t\t\t<div class=\"col-md-7\">\n\t\t\t\t\t\t\t<\/div>\n\t\t<\/div>\n\t<\/div>\n<\/section>\n<script>\njQuery(document).ready(function($) {\n\tjQuery('.product-promo-carousel').owlCarousel({\n\tloop: true,\n\tmargin: 10,\n\tresponsiveClass: true,\n\tresponsive: {\n\t\t0: {\n\t\titems: 1,\n\t\tnav: true\n\t\t},\n\t\t600: {\n\t\titems: 1,\n\t\tnav: true\n\t\t},\n\t\t1000: {\n\t\titems: 1,\n\t\tnav: true,\n\t\t}\n\t}\n\t})\n\tjQuery(\".owl-prev\").html('<span><<\/span>');\n\tjQuery(\".owl-next\").html('<span>><\/span>');\n\n\tvar slider = jQuery('.promo-slider-list');\n\tslider.owlCarousel();\n\tjQuery('.nextbtn-a').click(function() {\n\tslider.trigger('next.owl.carousel');\n\t})\n\t\/\/ Go to the previous item\n\tjQuery('.prebtn-a').click(function() {\n\tslider.trigger('prev.owl.carousel', [300]);\n\t})\n});\n<\/script>\n\n\n\n\t<section class=\"block related-articles\">\n\t\t<div class=\"container\">\n\t\t\t<h2>Artyku\u0142y powi\u0105zane<\/h2>\n\t\t\t<div class=\"row justify-content-center\">\n\t\t\t\t\t\t\t\t\t\t<div class=\"col-sm-6 col-md-6 col-lg-3\">\n\t\t\t\t\t\t\t\t\t\t\t\t\t\t<div class=\"card \">\n\t\t\t\t\t\t\t\t\t\t\t\t\t\t\t\t\t<img decoding=\"async\"  src=\"https:\/\/bozita.com\/pl\/wp-content\/uploads\/sites\/9\/2021\/08\/bozita-katt-ratt-hull-guide.jpeg\" alt=\"\">\n\t\t\t\t\t\t\t\t\t\t\t\t\t\t\t\t\t<!-- <img decoding=\"async\" src=\"\n\t\t\t\t\t\t\t\t\t\t\t\t\t\t\t\t\t\t\t\t\" alt=\"\n\t\t\t\t\t\t\t\t\t\t\t\t\t\t\t\t\t\t\t\t\t\t\t\t\t\t\t\"> -->\n\t\t\t\t\t\t\t\t<div class=\"card-body\">\n\t\t\t\t\t\t\t\t\t\t\t\t\t\t\t\t\t\t\t<h6>Ile powinien wa\u017cy\u0107 kot?<\/h6>\n\t\t\t\t\t\t\t\t\t\t\t\t\t\t\t\t\t\t\t<a href=\"https:\/\/bozita.com\/pl\/zycie-z-kotem\/zdrowie-kota\/ile-powinien-wazyc-kot\/\">Czytaj wi\u0119cej &nbsp; ><\/a>\n\t\t\t\t\t\t\t\t<\/div>\n\t\t\t\t\t\t\t<\/div>\n\t\t\t\t\t\t<\/div>\n\n\t\t\t\t\t\t\t\t\t\t\t<div class=\"col-sm-6 col-md-6 col-lg-3\">\n\t\t\t\t\t\t\t\t\t\t\t\t\t\t<div class=\"card \">\n\t\t\t\t\t\t\t\t\t\t\t\t\t\t\t\t\t<img decoding=\"async\"  src=\"https:\/\/bozita.com\/pl\/wp-content\/uploads\/sites\/9\/2021\/08\/bozita-palsvard-fibrer-motverkar-harbollar.jpg\" alt=\"\">\n\t\t\t\t\t\t\t\t\t\t\t\t\t\t\t\t\t<!-- <img decoding=\"async\" src=\"\n\t\t\t\t\t\t\t\t\t\t\t\t\t\t\t\t\t\t\t\t\" alt=\"\n\t\t\t\t\t\t\t\t\t\t\t\t\t\t\t\t\t\t\t\t\t\t\t\t\t\t\t\"> -->\n\t\t\t\t\t\t\t\t<div class=\"card-body\">\n\t\t\t\t\t\t\t\t\t\t\t\t\t\t\t\t\t\t\t<h6>Co robi\u0107, gdy kot wypluwa kulki sier\u015bci?<\/h6>\n\t\t\t\t\t\t\t\t\t\t\t\t\t\t\t\t\t\t\t<a href=\"https:\/\/bozita.com\/pl\/zycie-z-kotem\/zdrowie-kota\/co-robic-gdy-kot-wypluwa-kulki-siersci\/\">Czytaj wi\u0119cej &nbsp; ><\/a>\n\t\t\t\t\t\t\t\t<\/div>\n\t\t\t\t\t\t\t<\/div>\n\t\t\t\t\t\t<\/div>\n\n\t\t\t\t\t\t\t\t\t\t\t<div class=\"col-sm-6 col-md-6 col-lg-3\">\n\t\t\t\t\t\t\t\t\t\t\t\t\t\t<div class=\"card \">\n\t\t\t\t\t\t\t\t\t\t\t\t\t\t\t\t\t<img decoding=\"async\"  src=\"https:\/\/bozita.com\/pl\/wp-content\/uploads\/sites\/9\/2021\/08\/bozita_swedish-natural-quality.jpg\" alt=\"\">\n\t\t\t\t\t\t\t\t\t\t\t\t\t\t\t\t\t<!-- <img decoding=\"async\" src=\"\n\t\t\t\t\t\t\t\t\t\t\t\t\t\t\t\t\t\t\t\t\" alt=\"\n\t\t\t\t\t\t\t\t\t\t\t\t\t\t\t\t\t\t\t\t\t\t\t\t\t\t\t\"> -->\n\t\t\t\t\t\t\t\t<div class=\"card-body\">\n\t\t\t\t\t\t\t\t\t\t\t\t\t\t\t\t\t\t\t<h6>Czipowanie kota i rejestracja czipa<\/h6>\n\t\t\t\t\t\t\t\t\t\t\t\t\t\t\t\t\t\t\t<a href=\"https:\/\/bozita.com\/pl\/zycie-z-kotem\/kupno-kota\/czipowanie-kota-i-rejestracja-czipa\/\">Czytaj wi\u0119cej &nbsp; ><\/a>\n\t\t\t\t\t\t\t\t<\/div>\n\t\t\t\t\t\t\t<\/div>\n\t\t\t\t\t\t<\/div>\n\n\t\t\t\t\t\t\t\t\t\t\t\t<\/div>\n\t\t<\/div>\n\t<\/section>\n","protected":false},"excerpt":{"rendered":"","protected":false},"author":1,"featured_media":6861,"parent":6814,"menu_order":0,"comment_status":"closed","ping_status":"closed","template":"guternberg.php","meta":{"footnotes":""},"acf":[],"yoast_head":"<!-- This site is optimized with the Yoast SEO plugin v21.3 - https:\/\/yoast.com\/wordpress\/plugins\/seo\/ -->\n<title>Kastracja kota - dlaczego jest tak istotna? | Bozita Polska<\/title>\n<meta name=\"description\" content=\"Kastracja kota i sterylizacja kotki. Dlaczego warto wykastrowa\u0107 kota i jak si\u0119 do tego zabra\u0107? Porady i wskaz\u00f3wki.\" \/>\n<meta name=\"robots\" content=\"index, follow, max-snippet:-1, max-image-preview:large, max-video-preview:-1\" \/>\n<link rel=\"canonical\" href=\"https:\/\/bozita.com\/pl\/zycie-z-kotem\/zdrowie-kota\/kastracja-kota-dlaczego-jest-tak-istotna\/\" \/>\n<meta property=\"og:locale\" content=\"pl_PL\" \/>\n<meta property=\"og:type\" content=\"article\" \/>\n<meta property=\"og:title\" content=\"Kastracja kota - dlaczego jest tak istotna? | Bozita Polska\" \/>\n<meta property=\"og:description\" content=\"Kastracja kota i sterylizacja kotki. Dlaczego warto wykastrowa\u0107 kota i jak si\u0119 do tego zabra\u0107? Porady i wskaz\u00f3wki.\" \/>\n<meta property=\"og:url\" content=\"https:\/\/bozita.com\/pl\/zycie-z-kotem\/zdrowie-kota\/kastracja-kota-dlaczego-jest-tak-istotna\/\" \/>\n<meta property=\"og:site_name\" content=\"Bozita Polska\" \/>\n<meta property=\"article:modified_time\" content=\"2022-09-29T07:05:50+00:00\" \/>\n<meta property=\"og:image\" content=\"https:\/\/bozita.com\/pl\/wp-content\/uploads\/sites\/9\/2021\/08\/bozita-kastrera-katt.jpeg\" \/>\n\t<meta property=\"og:image:width\" content=\"800\" \/>\n\t<meta property=\"og:image:height\" content=\"533\" \/>\n\t<meta property=\"og:image:type\" content=\"image\/jpeg\" \/>\n<meta name=\"twitter:card\" content=\"summary_large_image\" \/>\n<!-- \/ Yoast SEO plugin. -->","yoast_head_json":{"title":"Kastracja kota - dlaczego jest tak istotna? | Bozita Polska","description":"Kastracja kota i sterylizacja kotki. Dlaczego warto wykastrowa\u0107 kota i jak si\u0119 do tego zabra\u0107? Porady i wskaz\u00f3wki.","robots":{"index":"index","follow":"follow","max-snippet":"max-snippet:-1","max-image-preview":"max-image-preview:large","max-video-preview":"max-video-preview:-1"},"canonical":"https:\/\/bozita.com\/pl\/zycie-z-kotem\/zdrowie-kota\/kastracja-kota-dlaczego-jest-tak-istotna\/","og_locale":"pl_PL","og_type":"article","og_title":"Kastracja kota - dlaczego jest tak istotna? | Bozita Polska","og_description":"Kastracja kota i sterylizacja kotki. Dlaczego warto wykastrowa\u0107 kota i jak si\u0119 do tego zabra\u0107? Porady i wskaz\u00f3wki.","og_url":"https:\/\/bozita.com\/pl\/zycie-z-kotem\/zdrowie-kota\/kastracja-kota-dlaczego-jest-tak-istotna\/","og_site_name":"Bozita Polska","article_modified_time":"2022-09-29T07:05:50+00:00","og_image":[{"width":800,"height":533,"url":"https:\/\/bozita.com\/pl\/wp-content\/uploads\/sites\/9\/2021\/08\/bozita-kastrera-katt.jpeg","type":"image\/jpeg"}],"twitter_card":"summary_large_image","schema":{"@context":"https:\/\/schema.org","@graph":[{"@type":"WebPage","@id":"https:\/\/bozita.com\/pl\/zycie-z-kotem\/zdrowie-kota\/kastracja-kota-dlaczego-jest-tak-istotna\/","url":"https:\/\/bozita.com\/pl\/zycie-z-kotem\/zdrowie-kota\/kastracja-kota-dlaczego-jest-tak-istotna\/","name":"Kastracja kota - dlaczego jest tak istotna? | Bozita Polska","isPartOf":{"@id":"https:\/\/bozita.com\/pl\/#website"},"datePublished":"2021-08-06T13:58:35+00:00","dateModified":"2022-09-29T07:05:50+00:00","description":"Kastracja kota i sterylizacja kotki. Dlaczego warto wykastrowa\u0107 kota i jak si\u0119 do tego zabra\u0107? Porady i wskaz\u00f3wki.","breadcrumb":{"@id":"https:\/\/bozita.com\/pl\/zycie-z-kotem\/zdrowie-kota\/kastracja-kota-dlaczego-jest-tak-istotna\/#breadcrumb"},"inLanguage":"pl-PL","potentialAction":[{"@type":"ReadAction","target":["https:\/\/bozita.com\/pl\/zycie-z-kotem\/zdrowie-kota\/kastracja-kota-dlaczego-jest-tak-istotna\/"]}]},{"@type":"BreadcrumbList","@id":"https:\/\/bozita.com\/pl\/zycie-z-kotem\/zdrowie-kota\/kastracja-kota-dlaczego-jest-tak-istotna\/#breadcrumb","itemListElement":[{"@type":"ListItem","position":1,"name":"Home","item":"https:\/\/bozita.com\/pl\/"},{"@type":"ListItem","position":2,"name":"Kupno kota i \u017cycie z nim. Porady dla pocz\u0105tkuj\u0105cych","item":"https:\/\/bozita.com\/pl\/zycie-z-kotem\/"},{"@type":"ListItem","position":3,"name":"Zdrowie kota i jego piel\u0119gnacja","item":"https:\/\/bozita.com\/pl\/zycie-z-kotem\/zdrowie-kota\/"},{"@type":"ListItem","position":4,"name":"Kastracja kota &#8211; dlaczego jest tak istotna?"}]},{"@type":"WebSite","@id":"https:\/\/bozita.com\/pl\/#website","url":"https:\/\/bozita.com\/pl\/","name":"Bozita Polska","description":"","potentialAction":[{"@type":"SearchAction","target":{"@type":"EntryPoint","urlTemplate":"https:\/\/bozita.com\/pl\/?s={search_term_string}"},"query-input":"required name=search_term_string"}],"inLanguage":"pl-PL"}]}},"_links":{"self":[{"href":"https:\/\/bozita.com\/pl\/wp-json\/wp\/v2\/pages\/6860"}],"collection":[{"href":"https:\/\/bozita.com\/pl\/wp-json\/wp\/v2\/pages"}],"about":[{"href":"https:\/\/bozita.com\/pl\/wp-json\/wp\/v2\/types\/page"}],"author":[{"embeddable":true,"href":"https:\/\/bozita.com\/pl\/wp-json\/wp\/v2\/users\/1"}],"replies":[{"embeddable":true,"href":"https:\/\/bozita.com\/pl\/wp-json\/wp\/v2\/comments?post=6860"}],"version-history":[{"count":13,"href":"https:\/\/bozita.com\/pl\/wp-json\/wp\/v2\/pages\/6860\/revisions"}],"predecessor-version":[{"id":9519,"href":"https:\/\/bozita.com\/pl\/wp-json\/wp\/v2\/pages\/6860\/revisions\/9519"}],"up":[{"embeddable":true,"href":"https:\/\/bozita.com\/pl\/wp-json\/wp\/v2\/pages\/6814"}],"wp:featuredmedia":[{"embeddable":true,"href":"https:\/\/bozita.com\/pl\/wp-json\/wp\/v2\/media\/6861"}],"wp:attachment":[{"href":"https:\/\/bozita.com\/pl\/wp-json\/wp\/v2\/media?parent=6860"}],"curies":[{"name":"wp","href":"https:\/\/api.w.org\/{rel}","templated":true}]}}