{"id":6862,"date":"2021-08-06T13:58:35","date_gmt":"2021-08-06T13:58:35","guid":{"rendered":"https:\/\/bozita.com\/pl\/naturalne-skladniki-oraz-szwedzka-jakosc\/ambasadorzy\/"},"modified":"2024-02-27T14:10:25","modified_gmt":"2024-02-27T14:10:25","slug":"ambasadorzy","status":"publish","type":"page","link":"https:\/\/bozita.com\/pl\/nasza-karma-dla-psow-i-kotow\/ambasadorzy\/","title":{"rendered":"Poznaj ambasador\u00f3w Bozity"},"content":{"rendered":"\t\t<section class=\"small-hero\">\n\t\t\t<div class=\"container\">\n\t\t\t\t<h1 class=\"small-hero-title\">POZNAJ AMBASADOR\u00d3W BOZITY<\/h1>\t\t\t<\/div>\n\t\t\t<\/div>\n\t\t<\/section>\n\t\n\n\t<div class=\"text-box-warp\">\n\t\t<div class=\"container\">\n\t\t\t<div class=\"text-content\">\n\t\t\t\t<p>Ambasadorzy Bozity s\u0105 ekspertami w swoich dziedzinach i nieustannie pracuj\u0105 z nami nad ulepszaniem jako\u015bci i wytrzyma\u0142o\u015bci naszych produkt\u00f3w. Dzi\u0119ki swojemu zaanga\u017cowaniu i wielu sportowym sukcesom, wiedz\u0105, co jest potrzebne do osi\u0105gni\u0119cia najlepszych wynik\u00f3w. Wygrana nie zale\u017cy przecie\u017c tylko od szcz\u0119\u015bliwego zrz\u0105dzenia losu!<\/p>\n\t\t\t<\/div>\n\t\t<\/div>\n\t<\/div>\n\n\n<section class=\"block ambassadeur-wrap\">\n\t<div class=\"container\">\n\t\t<div class=\"row\">\n\t\t\t\t\t\t\t\t<div class=\"col-md-6\">\n\t\t\t\t\t\t<div class=\"card\">\n\t\t\t\t\t\t\t\t\t\t\t\t\t\t<img decoding=\"async\" class=\"card-img-top\" src=\"https:\/\/bozita.com\/pl\/wp-content\/uploads\/sites\/9\/2021\/09\/bozita-jonna-korbal-ambassador.jpg\" alt=\"\">\n\t\t\t\t\t\t\t\t\t\t\t\t\t\t<div class=\"card-body\">\n\t\t\t\t\t\t\t\t<h5 class=\"card-title\">JOANNA KORBAL &#8211; ZAWODNICZKA DOGFRISBEE, AGILITY, INSTRUKTOR SZKOLENIA PS\u00d3W <\/h5>\n\t\t\t\t\t\t\t\t<p class=\"more\">Asi psy zajadaj\u0105 si\u0119 Bozita Dog Grain Free oraz mokr\u0105 karm\u0105 Bozita.\r\n\r\nAsia, bo tak chce aby si\u0119 do niej zawraca\u0107, jest instruktorem szkolenia ps\u00f3w, zoopsychologiem, behawioryst\u0105, czynnym zawodnikiem i instruktorem dogfrisbee oraz agility, zawodnikiem nosework, s\u0119dzi\u0105 dogfrisbee.\r\n\r\nSwoj\u0105 przygod\u0119 z dogfrisbee rozpocz\u0119\u0142a w 2009 roku i jest jedn\u0105 z czo\u0142owych zawodniczek w Polsce i Europie. Wraz ze swoimi psami ma na swoim koncie wiele sukces\u00f3w. Do najwa\u017cniejszych sukces\u00f3w sportowych nale\u017c\u0105: \r\n\u2022\tMistrzyni Europy 2016 i 2022 we freestyle&#8217;u, \r\n\u2022\tWicemistrzyni Europy 2022 w Quadruped Woman, \r\n\u2022\tII-Wicemistrzyni Europy 2017 w Super Pro Toss&#038;Fetch, \r\n\u2022\tII-Wicemistrzyni Europy 2018 i 2019 we freestyle&#8217;u, \r\n\u2022\tMistrzyni Polski 2018, 2019 we freestyle&#8217;u \r\n\u2022\tWicemistrzyni Polski 2018 i 2022 we freestyle&#8217;u, \r\n\u2022\tII-Wicemistrzyni Polski 2019, 2020 i 2021 we freestyle&#8217;u, \r\n\u2022\tMistrzyni Polski 2020 w Super Pro Toss&#038;Fetch, \r\n\u2022\tII-Wicemistrzyni Polski 2018 w Super Pro Toss&#038;Fetch, \r\n\u2022\tMistrzyni Czech 2022 we freestyle&#8217;u, \r\n\u2022\tMistrzyni Czech 2022 w Quadruped Woman, \r\n\u2022\tWicemistrzyni Czech 2021 we freestyle&#8217;u, \r\n\u2022\tII-Wicemistrzyni Czech 2021 w Quadruped Woman,  \r\n\u2022\tdwukrotna zdobywczyni tytu\u0142u &#8222;Sportowca Roku&#8221; w latach 2016 i 2017, \r\n\u2022\tsze\u015bciokrotna zdobywczyni tytu\u0142u &#8222;Lataj\u0105cego Psa&#8221; roku 2016, 2017, 2018, 2019, 2021 i 2022. \r\n\r\nAsia jest r\u00f3wnie\u017c za\u0142o\u017cycielk\u0105 szko\u0142y dla ps\u00f3w oraz klubu sportowego &#8222;Dragons&#8221; w Poznaniu.\r\n\r\nOpr\u00f3cz wszystkich tytu\u0142\u00f3w zdobytych w sporcie du\u017c\u0105 satysfakcje Asi daje mo\u017cliwo\u015b\u0107 uczenia innych, jak lepiej zrozumie\u0107 swojego psa i fakt, \u017ce wiele os\u00f3b docenia prowadzone przez ni\u0105 szkolenia.<br\/>\r\n<br\/>\r\n<a href=\"https:\/\/www.linkedin.com\/in\/joanna-korbal-1749571a2\/\">LinkedIn<\/a><\/p>\n\t\t\t\t\t\t\t\t\t\t\t\t\t\t\t\t\t<h5 class=\"social-icon-headline\">OBSERWUJ ASI\u0118 KORBAL W MEDIACH SPO\u0141ECZNO\u015aCIOWYCH<\/h5>\n\t\t\t\t\t\t\t\t\t\t\t\t\t\t\t\t\t\t\t\t\t\t\t\t\t\t<ul>\n\t\t\t\t\t\t\t\t\t\t\t\t\t\t\t\t\t\t\t\t\t<li><a href=\"https:\/\/www.facebook.com\/joanna.korbal\" target=\"_blank\"><i class=\"fab fa-facebook\"><\/i><\/a><\/li>\n\t\t\t\t\t\t\t\t\t\t\t\t\t\t\t\t\t\t\t\t\t\t\t\t\t\t\t\t\t\t\t\t<li><a href=\"https:\/\/www.instagram.com\/joanna.korbal\/?hl=en\" target=\"_blank\"><i class=\"fab fa-instagram\"><\/i><\/a><\/li>\n\t\t\t\t\t\t\t\t\t\t\t\t\t\t\t\t\t\t\t\t\t\t\t\t\t\t\t\t\t\t\t\t<li><a href=\"https:\/\/www.youtube.com\/user\/asia135792\/featured\" target=\"_blank\"><i class=\"fab fa-youtube\"><\/i><\/a><\/li>\n\t\t\t\t\t\t\t\t\t\t\t\t\t\t\t\t\t\t\t\t\t\t\t\t\t\t\t\t\t\t\t\t<li><a href=\"http:\/\/joannakorbal.weebly.com\/\" target=\"_blank\"><i class=\"fas fa-globe\"><\/i><\/a><\/li>\n\t\t\t\t\t\t\t\t\t\t\t\t\t\t\t\t\t\t\t\t\t\t\t\t\t\t\t\t\t<\/ul>\n\t\t\t\t\t\t\t\t\t\n\t\t\t\t\t\t\t<\/div>\n\t\t\t\t\t\t<\/div>\n\t\t\t\t\t<\/div>\n\t\t\t\t\t\t\t\t\t\t<div class=\"col-md-6\">\n\t\t\t\t\t\t<div class=\"card\">\n\t\t\t\t\t\t\t\t\t\t\t\t\t\t<img decoding=\"async\" class=\"card-img-top\" src=\"https:\/\/bozita.com\/pl\/wp-content\/uploads\/sites\/9\/2023\/10\/DSC_2501-scaled.jpg\" alt=\"\">\n\t\t\t\t\t\t\t\t\t\t\t\t\t\t<div class=\"card-body\">\n\t\t\t\t\t\t\t\t<h5 class=\"card-title\">JULITA \u0141UBIANKA &#8211; CZO\u0141OWA POLSKA ZAWODNICZKA SPORTU PSICH ZAPRZ\u0118G\u00d3W <\/h5>\n\t\t\t\t\t\t\t\t<p class=\"more\">Julita wraz ze swoimi psami Dzyndzlem, Nugatem, Frugiem i m\u0142odym Muffinem trenuje sporty psich zaprz\u0119g\u00f3w \u2013 g\u0142\u00f3wnie dyscypliny indywidualne takie jak canicross (bieg z psem) oraz scooterjoring (jazda na hulajnodze z 1 lub 2 psami). Nale\u017cy do kadry Polskiego Zwi\u0105zku Sportu Psich Zaprz\u0119g\u00f3w oraz posiada klas\u0119 Mistrzowsk\u0105 Mi\u0119dzynarodow\u0105. Swoj\u0105 przygod\u0119 z zaprz\u0119gami Julita zacz\u0119\u0142a w 2016 roku i od tej pory jest czo\u0142ow\u0105 zawodniczk\u0105 w Polsce, Europie oraz na \u015awiecie. Jej psy to nie tylko partnerzy w sporcie, ale tak\u017ce cz\u0142onkowie rodziny. \r\nNajwa\u017cniejsze osi\u0105gni\u0119cia Julity to:\r\n&#8211; Mistrzyni Europy 2022 IFSS w klasie Scooter z jednym psem (DSW1), Leipa, Niemcy\r\n&#8211; 4ta zawodniczka Mistrzostw \u015awiata ICF 2022 w Klasie Scooter z 1 psem (DSW1), Pledran, Francja\r\n&#8211; Mistrzyni Europy ICF 2019 w canicrossie (DCW), Chevetogne, Belgia\r\n&#8211; II Vice-Mistrzyni \u015awiata IFSS 2019 w canicrossie (DCW), Nybro, Szwecja\r\n&#8211; 2016-2022 \u2013 Mistrzyni Polski w canicrossie (DCW)\r\n&#8211; 2021,2022 \u2013 Mistrzyni Polski w klasie scooter z 1 psem (DS1)\r\n<\/p>\n\t\t\t\t\t\t\t\t\t\t\t\t\t\t\t\t\t<h5 class=\"social-icon-headline\">OBSERWUJ JULIT\u0118 \u0141UBIANK\u0118 W MEDIACH SPO\u0141ECZNO\u015aCIOWYCH<\/h5>\n\t\t\t\t\t\t\t\t\t\t\t\t\t\t\t\t\t\t\t\t\t\t\t\t\t\t<ul>\n\t\t\t\t\t\t\t\t\t\t\t\t\t\t\t\t\t\t\t\t\t<li><a href=\"https:\/\/www.facebook.com\/profile.php?id=100063379260329&#038;sk=about\" target=\"_blank\"><i class=\"fab fa-facebook\"><\/i><\/a><\/li>\n\t\t\t\t\t\t\t\t\t\t\t\t\t\t\t\t\t\t\t\t\t\t\t\t\t\t\t\t\t\t\t\t<li><a href=\"https:\/\/www.instagram.com\/julita_lubianka_racing_team?igshid\" target=\"_blank\"><i class=\"fab fa-instagram\"><\/i><\/a><\/li>\n\t\t\t\t\t\t\t\t\t\t\t\t\t\t\t\t\t\t\t\t\t\t\t\t\t\t\t\t\t\t\t\t\t\t\t\t\t\t\t\t\t\t\t\t\t\t\t\t\t\t<\/ul>\n\t\t\t\t\t\t\t\t\t\n\t\t\t\t\t\t\t<\/div>\n\t\t\t\t\t\t<\/div>\n\t\t\t\t\t<\/div>\n\t\t\t\t\t\t\t\t\t\t<div class=\"col-md-6\">\n\t\t\t\t\t\t<div class=\"card\">\n\t\t\t\t\t\t\t\t\t\t\t\t\t\t<img decoding=\"async\" class=\"card-img-top\" src=\"https:\/\/bozita.com\/pl\/wp-content\/uploads\/sites\/9\/2021\/08\/bozita-emelie-wickstrom-ambassador.jpeg\" alt=\"\">\n\t\t\t\t\t\t\t\t\t\t\t\t\t\t<div class=\"card-body\">\n\t\t\t\t\t\t\t\t<h5 class=\"card-title\">EMELIE WICKSTR\u00d6M BIERZE UDZIA\u0141 W KONKURSACH POS\u0141USZE\u0143STWA PSA ZE SWOIMI BORDER COLLIE<\/h5>\n\t\t\t\t\t\t\t\t<p class=\"more\">Psy Emelie jedz\u0105 karmy Bozita Robur Sensitive Single Protein Salmon &#038; Rice i Bozita Robur Active Performance.\r\n\r\nEmilie Wickstr\u00f6m i jej psy border collie, Ki (ur. 2011) i Sol (ur. 2018) bior\u0105 udzia\u0142 w konkursach pos\u0142usze\u0144stwa psa. Ich dotychczasowe sukcesy to trzecie miejsce w konkurencji dru\u017cynowej i dwunaste w indywidualnej na Mistrzostwach \u015bwiata w 2016 roku oraz pi\u0105te miejsce w konkurencji indywidualnej na Mistrzostwach kraj\u00f3w nordyckich w 2015 roku.\r\n\r\nWyb\u00f3r pos\u0142usze\u0144stwa psa jako sportu nie by\u0142 czym\u015b oczywistym. Emelie i Ki pr\u00f3bowali najpierw swoich si\u0142 w zaganianiu, ratownictwie, agility i tropieniu, aby ostatecznie znale\u017a\u0107 co\u015b dla siebie w dyscyplinie pos\u0142usze\u0144stwa psa. Satysfakcja p\u0142yn\u0105ca z tego sportu pcha Emelie do przodu.<\/p>\n\t\t\t\t\t\t\t\t\t\t\t\t\t\t\t\t\t<h5 class=\"social-icon-headline\">OBSERWUJ EMELIE WICKSTR\u00d6M W MEDIACH SPO\u0141ECZNO\u015aCIOWYCH<\/h5>\n\t\t\t\t\t\t\t\t\t\t\t\t\t\t\t\t\t\t\t\t\t\t\t\t\t\t<ul>\n\t\t\t\t\t\t\t\t\t\t\t\t\t\t\t\t\t\t\t\t\t\t\t\t\t\t\t\t\t\t\t<li><a href=\"https:\/\/www.instagram.com\/emelie_niloki\/?hl=en\" target=\"_blank\"><i class=\"fab fa-instagram\"><\/i><\/a><\/li>\n\t\t\t\t\t\t\t\t\t\t\t\t\t\t\t\t\t\t\t\t\t\t\t\t\t\t\t\t\t\t\t\t<li><a href=\"https:\/\/www.youtube.com\/channel\/UCk31yvbuW5Qo8TdWWiEw3Rw\/videos\" target=\"_blank\"><i class=\"fab fa-youtube\"><\/i><\/a><\/li>\n\t\t\t\t\t\t\t\t\t\t\t\t\t\t\t\t\t\t\t\t\t\t\t\t\t\t\t\t\t\t\t\t\t\t\t\t\t\t\t\t<\/ul>\n\t\t\t\t\t\t\t\t\t\n\t\t\t\t\t\t\t<\/div>\n\t\t\t\t\t\t<\/div>\n\t\t\t\t\t<\/div>\n\t\t\t\t\t\t\t\t\t\t<div class=\"col-md-6\">\n\t\t\t\t\t\t<div class=\"card\">\n\t\t\t\t\t\t\t\t\t\t\t\t\t\t<img decoding=\"async\" class=\"card-img-top\" src=\"https:\/\/bozita.com\/pl\/wp-content\/uploads\/sites\/9\/2021\/08\/bozita-ambassador-ida-lindgren.jpeg\" alt=\"\">\n\t\t\t\t\t\t\t\t\t\t\t\t\t\t<div class=\"card-body\">\n\t\t\t\t\t\t\t\t<h5 class=\"card-title\">IDA LINDGREN &#8211; CZ\u0141OWIEK RENESANSU, MI\u0141O\u015aNICZKA RALLY-O<\/h5>\n\t\t\t\t\t\t\t\t<p class=\"more\">Psy Idy jedz\u0105 karmy Bozita Robur Active Performance i Bozita Robur Sensitive Grain Free Chicken.\r\n\r\nIda jest prawdziwym cz\u0142owiekiem renesansu. Opr\u00f3cz zajmowania si\u0119 Rally-O, prowadzi te\u017c hodowl\u0119 Ziridas Kennel pod Helsinborgiem w Szwecji, gdzie hoduje psy rasy springer spaniel angielski. Organizuje te\u017c szkolenia tresury ps\u00f3w i kursy dla treser\u00f3w w psim centrum Vi2 Hundcenter. W swoim wydawnictwie HUNDra Procent wyda\u0142a te\u017c kilka ksi\u0105\u017cek o psach. Co wi\u0119cej pracowa\u0142a r\u00f3wnie\u017c na psich p\u0142ywalniach, prowadzi\u0142a psie przedszkole, hotel dla ps\u00f3w oraz psi zak\u0142ad groomerski.\r\n\r\nSerce Idy bije dla dyscypliny sportowej Rally-O, kt\u00f3rej rozw\u00f3j obserwowa\u0142a od samego pocz\u0105tku. Jest jedn\u0105 z czo\u0142owych szwedzkich jurorek w tym sporcie. Opr\u00f3cz tego bierze te\u017c udzia\u0142 w konkursach Rally-O ze swoimi psami i ma na swoim koncie kilka wygranych.<\/p>\n\t\t\t\t\t\t\t\t\t\t\t\t\t\t\t\t\t<h5 class=\"social-icon-headline\">OBSERWUJ IDA LINDGREN W MEDIACH SPO\u0141ECZNO\u015aCIOWYCH<\/h5>\n\t\t\t\t\t\t\t\t\t\t\t\t\t\t\t\t\t\t\t\t\t\t\t\t\t\t<ul>\n\t\t\t\t\t\t\t\t\t\t\t\t\t\t\t\t\t\t\t\t\t<li><a href=\"https:\/\/www.facebook.com\/vi2hundcenter\" target=\"_blank\"><i class=\"fab fa-facebook\"><\/i><\/a><\/li>\n\t\t\t\t\t\t\t\t\t\t\t\t\t\t\t\t\t\t\t\t\t\t\t\t\t\t\t\t\t\t\t\t\t\t\t\t\t\t\t\t\t\t\t\t\t\t\t\t\t\t\t\t<li><a href=\"http:\/\/zirida.se\/\" target=\"_blank\"><i class=\"fas fa-globe\"><\/i><\/a><\/li>\n\t\t\t\t\t\t\t\t\t\t\t\t\t\t\t\t\t\t\t\t\t\t\t\t\t\t\t\t\t<\/ul>\n\t\t\t\t\t\t\t\t\t\n\t\t\t\t\t\t\t<\/div>\n\t\t\t\t\t\t<\/div>\n\t\t\t\t\t<\/div>\n\t\t\t\t\t\t\t\t\t\t<div class=\"col-md-6\">\n\t\t\t\t\t\t<div class=\"card\">\n\t\t\t\t\t\t\t\t\t\t\t\t\t\t<img decoding=\"async\" class=\"card-img-top\" src=\"https:\/\/bozita.com\/pl\/wp-content\/uploads\/sites\/9\/2021\/08\/bozita-ingrid-tomas-olofsson-ambassadors.jpeg\" alt=\"\">\n\t\t\t\t\t\t\t\t\t\t\t\t\t\t<div class=\"card-body\">\n\t\t\t\t\t\t\t\t<h5 class=\"card-title\">INGRID I TOMAS OLOFSSONOWIE ZAJMUJ\u0104 SI\u0118 HODOWL\u0104 RAS MA\u0141Y WY\u017bE\u0141 MUNSTERLANDZKI ORAZ WY\u017bE\u0141 NIEMIECKI<\/h5>\n\t\t\t\t\t\t\t\t<p class=\"more\">Psy Ingrid i Tomasa jedz\u0105 karmy Bozita Robur Adult Maintenance, Bozita Robur Active Performance oraz Bozita Robur Sensitive Grain Free Reindeer.\r\n\r\nIngrid i Tomas prowadz\u0105 hodowl\u0119 Hed\u00e4ngens kennel niedaleko Tidaholm w Szwecji i hoduj\u0105 w niej wy\u017c\u0142y oraz ma\u0142e munsterlandery. Ich psy s\u0142u\u017c\u0105 p\u00f3\u017aniej jako wszechstronne czworonogi, z naciskiem na umiej\u0119tno\u015b\u0107 polowania i nauk\u0119 pos\u0142usze\u0144stwa. Celem Ingrid i Tomasa jest hodowla zdrowych, rasowych ps\u00f3w z silnymi instynktami \u0142owieckimi.\r\n\r\nOd 2000 roku, gdy w hodowli pojawi\u0142y si\u0119 pierwsze reproduktory, urodzi\u0142o si\u0119 wiele miot\u00f3w zar\u00f3wno wy\u017c\u0142\u00f3w jak i ma\u0142ych m\u00fcsterlander\u00f3w. Ingrid i Tomas zatrzymali nawet dla siebie kilka szczeni\u0105t.<\/p>\n\t\t\t\t\t\t\t\t\t\t\t\t\t\t\t\t\t<h5 class=\"social-icon-headline\">OBSERWUJ INGRID OCH TOMAS OLOFSSON W MEDIACH SPO\u0141ECZNO\u015aCIOWYCH<\/h5>\n\t\t\t\t\t\t\t\t\t\t\t\t\t\t\t\t\t\t\t\t\t\t\t\t\t\t<ul>\n\t\t\t\t\t\t\t\t\t\t\t\t\t\t\t\t\t\t\t\t\t\t\t\t\t\t\t\t\t\t\t\t\t\t\t\t\t\t\t\t\t\t\t\t\t\t\t\t\t\t\t<li><a href=\"https:\/\/hedangens.se\/?page_id=170\" target=\"_blank\"><i class=\"fas fa-globe\"><\/i><\/a><\/li>\n\t\t\t\t\t\t\t\t\t\t\t\t\t\t\t\t\t\t\t\t\t\t\t\t\t\t\t\t\t<\/ul>\n\t\t\t\t\t\t\t\t\t\n\t\t\t\t\t\t\t<\/div>\n\t\t\t\t\t\t<\/div>\n\t\t\t\t\t<\/div>\n\t\t\t\t\t\t\t<\/div>\n\t<\/div>\n<\/section>\n","protected":false},"excerpt":{"rendered":"","protected":false},"author":4,"featured_media":0,"parent":6755,"menu_order":0,"comment_status":"closed","ping_status":"closed","template":"guternberg.php","meta":{"footnotes":""},"acf":[],"yoast_head":"<!-- This site is optimized with the Yoast SEO plugin v21.3 - https:\/\/yoast.com\/wordpress\/plugins\/seo\/ -->\n<title>Poznaj ambasador\u00f3w Bozity | Bozita Polska<\/title>\n<meta name=\"description\" content=\"Ambasadorzy Bozity s\u0105 ekspertami w swoich dziedzinach. Dzi\u0119ki \u015bcis\u0142ej wsp\u00f3\u0142pracy z nimi mo\u017cemy wci\u0105\u017c polepsza\u0107 jako\u015b\u0107 naszych karm dla ps\u00f3w i kot\u00f3w.\" \/>\n<meta name=\"robots\" content=\"index, follow, max-snippet:-1, max-image-preview:large, max-video-preview:-1\" \/>\n<link rel=\"canonical\" href=\"https:\/\/bozita.com\/pl\/nasza-karma-dla-psow-i-kotow\/ambasadorzy\/\" \/>\n<meta property=\"og:locale\" content=\"pl_PL\" \/>\n<meta property=\"og:type\" content=\"article\" \/>\n<meta property=\"og:title\" content=\"Poznaj ambasador\u00f3w Bozity | Bozita Polska\" \/>\n<meta property=\"og:description\" content=\"Ambasadorzy Bozity s\u0105 ekspertami w swoich dziedzinach. Dzi\u0119ki \u015bcis\u0142ej wsp\u00f3\u0142pracy z nimi mo\u017cemy wci\u0105\u017c polepsza\u0107 jako\u015b\u0107 naszych karm dla ps\u00f3w i kot\u00f3w.\" \/>\n<meta property=\"og:url\" content=\"https:\/\/bozita.com\/pl\/nasza-karma-dla-psow-i-kotow\/ambasadorzy\/\" \/>\n<meta property=\"og:site_name\" content=\"Bozita Polska\" \/>\n<meta property=\"article:modified_time\" content=\"2024-02-27T14:10:25+00:00\" \/>\n<meta property=\"og:image\" content=\"https:\/\/bozita.com\/pl\/wp-content\/uploads\/sites\/9\/2021\/08\/bozita-petter-karlsson-vinner-finnmarkslopet-2018.jpeg\" \/>\n\t<meta property=\"og:image:width\" content=\"800\" \/>\n\t<meta property=\"og:image:height\" content=\"533\" \/>\n\t<meta property=\"og:image:type\" content=\"image\/jpeg\" \/>\n<meta name=\"twitter:card\" content=\"summary_large_image\" \/>\n<!-- \/ Yoast SEO plugin. -->","yoast_head_json":{"title":"Poznaj ambasador\u00f3w Bozity | Bozita Polska","description":"Ambasadorzy Bozity s\u0105 ekspertami w swoich dziedzinach. Dzi\u0119ki \u015bcis\u0142ej wsp\u00f3\u0142pracy z nimi mo\u017cemy wci\u0105\u017c polepsza\u0107 jako\u015b\u0107 naszych karm dla ps\u00f3w i kot\u00f3w.","robots":{"index":"index","follow":"follow","max-snippet":"max-snippet:-1","max-image-preview":"max-image-preview:large","max-video-preview":"max-video-preview:-1"},"canonical":"https:\/\/bozita.com\/pl\/nasza-karma-dla-psow-i-kotow\/ambasadorzy\/","og_locale":"pl_PL","og_type":"article","og_title":"Poznaj ambasador\u00f3w Bozity | Bozita Polska","og_description":"Ambasadorzy Bozity s\u0105 ekspertami w swoich dziedzinach. Dzi\u0119ki \u015bcis\u0142ej wsp\u00f3\u0142pracy z nimi mo\u017cemy wci\u0105\u017c polepsza\u0107 jako\u015b\u0107 naszych karm dla ps\u00f3w i kot\u00f3w.","og_url":"https:\/\/bozita.com\/pl\/nasza-karma-dla-psow-i-kotow\/ambasadorzy\/","og_site_name":"Bozita Polska","article_modified_time":"2024-02-27T14:10:25+00:00","og_image":[{"width":800,"height":533,"url":"https:\/\/bozita.com\/pl\/wp-content\/uploads\/sites\/9\/2021\/08\/bozita-petter-karlsson-vinner-finnmarkslopet-2018.jpeg","type":"image\/jpeg"}],"twitter_card":"summary_large_image","schema":{"@context":"https:\/\/schema.org","@graph":[{"@type":"WebPage","@id":"https:\/\/bozita.com\/pl\/nasza-karma-dla-psow-i-kotow\/ambasadorzy\/","url":"https:\/\/bozita.com\/pl\/nasza-karma-dla-psow-i-kotow\/ambasadorzy\/","name":"Poznaj ambasador\u00f3w Bozity | Bozita Polska","isPartOf":{"@id":"https:\/\/bozita.com\/pl\/#website"},"datePublished":"2021-08-06T13:58:35+00:00","dateModified":"2024-02-27T14:10:25+00:00","description":"Ambasadorzy Bozity s\u0105 ekspertami w swoich dziedzinach. Dzi\u0119ki \u015bcis\u0142ej wsp\u00f3\u0142pracy z nimi mo\u017cemy wci\u0105\u017c polepsza\u0107 jako\u015b\u0107 naszych karm dla ps\u00f3w i kot\u00f3w.","breadcrumb":{"@id":"https:\/\/bozita.com\/pl\/nasza-karma-dla-psow-i-kotow\/ambasadorzy\/#breadcrumb"},"inLanguage":"pl-PL","potentialAction":[{"@type":"ReadAction","target":["https:\/\/bozita.com\/pl\/nasza-karma-dla-psow-i-kotow\/ambasadorzy\/"]}]},{"@type":"BreadcrumbList","@id":"https:\/\/bozita.com\/pl\/nasza-karma-dla-psow-i-kotow\/ambasadorzy\/#breadcrumb","itemListElement":[{"@type":"ListItem","position":1,"name":"Home","item":"https:\/\/bozita.com\/pl\/"},{"@type":"ListItem","position":2,"name":"Naturalne sk\u0142adniki oraz szwedzka jako\u015b\u0107","item":"https:\/\/bozita.com\/pl\/nasza-karma-dla-psow-i-kotow\/"},{"@type":"ListItem","position":3,"name":"Poznaj ambasador\u00f3w Bozity"}]},{"@type":"WebSite","@id":"https:\/\/bozita.com\/pl\/#website","url":"https:\/\/bozita.com\/pl\/","name":"Bozita Polska","description":"","potentialAction":[{"@type":"SearchAction","target":{"@type":"EntryPoint","urlTemplate":"https:\/\/bozita.com\/pl\/?s={search_term_string}"},"query-input":"required name=search_term_string"}],"inLanguage":"pl-PL"}]}},"_links":{"self":[{"href":"https:\/\/bozita.com\/pl\/wp-json\/wp\/v2\/pages\/6862"}],"collection":[{"href":"https:\/\/bozita.com\/pl\/wp-json\/wp\/v2\/pages"}],"about":[{"href":"https:\/\/bozita.com\/pl\/wp-json\/wp\/v2\/types\/page"}],"author":[{"embeddable":true,"href":"https:\/\/bozita.com\/pl\/wp-json\/wp\/v2\/users\/4"}],"replies":[{"embeddable":true,"href":"https:\/\/bozita.com\/pl\/wp-json\/wp\/v2\/comments?post=6862"}],"version-history":[{"count":25,"href":"https:\/\/bozita.com\/pl\/wp-json\/wp\/v2\/pages\/6862\/revisions"}],"predecessor-version":[{"id":10374,"href":"https:\/\/bozita.com\/pl\/wp-json\/wp\/v2\/pages\/6862\/revisions\/10374"}],"up":[{"embeddable":true,"href":"https:\/\/bozita.com\/pl\/wp-json\/wp\/v2\/pages\/6755"}],"wp:attachment":[{"href":"https:\/\/bozita.com\/pl\/wp-json\/wp\/v2\/media?parent=6862"}],"curies":[{"name":"wp","href":"https:\/\/api.w.org\/{rel}","templated":true}]}}